{"id":265517,"date":"2026-02-19T15:18:18","date_gmt":"2026-02-19T14:18:18","guid":{"rendered":"https:\/\/www.csj-emballages.com\/produit\/rundes-aluminium-ramekin-100-ml-100-stueck\/"},"modified":"2026-04-01T17:49:47","modified_gmt":"2026-04-01T15:49:47","slug":"rundes-aluminium-ramekin-100-ml-100-stueck","status":"publish","type":"product","link":"https:\/\/www.csj-emballages.com\/de\/produit\/rundes-aluminium-ramekin-100-ml-100-stueck\/","title":{"rendered":"Alu-Ramequin rund 84 ml, 100 St\u00fcck"},"content":{"rendered":"<h2>Aluminium-Ramequin<\/h2>\n<hr>\n<h3>Entdecken Sie unser Alu-Ramequin rund 84 ml, 100 St\u00fcck<\/h3>\n<p><!--more--><\/p>\n<p data-start=\"168\" data-end=\"469\">Das <strong>Alu-Ramequin rund 84 ml<\/strong> ist eine praktische und vielseitige L\u00f6sung f\u00fcr das Backen, die Zubereitung und Pr\u00e4sentation von Einzelportionen. Dank seines kompakten Formats eignet es sich perfekt f\u00fcr <strong>Saucen, Cremes, Flans, Souffl\u00e9s, Beilagen oder kleine herzhafte und s\u00fc\u00dfe Zubereitungen<\/strong>. <\/p>\n<p data-start=\"471\" data-end=\"735\">Hergestellt aus <strong>Aluminium<\/strong>, ist es hitzebest\u00e4ndig und sorgt dank hervorragender W\u00e4rmeleitung f\u00fcr ein gleichm\u00e4\u00dfiges Garen. Es ist <strong>ofengeeignet und h\u00e4lt auch K\u00e4lte stand<\/strong>, was es ideal f\u00fcr Zubereitungen macht, die im K\u00fchlschrank aufbewahrt werden m\u00fcssen. <\/p>\n<p data-start=\"737\" data-end=\"922\">Seine <strong>stabile Struktur<\/strong> sorgt f\u00fcr sicheren Halt bei Handhabung und Transport. Leicht und praktisch erm\u00f6glicht es einen schnellen Service in Gastronomie, Catering oder To-go-Verkauf. <\/p>\n<p data-start=\"924\" data-end=\"1090\">Verpackt in <strong>100er-Einheiten<\/strong>, erf\u00fcllt dieses <strong>F\u00f6rmchen<\/strong> perfekt die Anforderungen von Profis, die eine zuverl\u00e4ssige, wirtschaftliche und einfach zu handhabende Verpackung suchen.<\/p>\n<p data-start=\"1023\" data-end=\"1253\"><!--more--><\/p>\n<h4 data-start=\"1023\" data-end=\"1253\">Vorteile :<\/h4>\n<ul>\n<li data-start=\"1129\" data-end=\"1183\"><strong>Fassungsverm\u00f6gen 84 ml<\/strong>, angepasst an Einzelportionen.<\/li>\n<li data-start=\"1186\" data-end=\"1220\"><strong>Aluminium<\/strong>, hitzebest\u00e4ndig.<\/li>\n<li data-start=\"1223\" data-end=\"1241\">Gleichm\u00e4\u00dfiges Garen.<\/li>\n<li data-start=\"1319\" data-end=\"1374\">Ideal f\u00fcr Saucen, Flans, Desserts oder Beilagen.<\/li>\n<li data-start=\"1377\" data-end=\"1416\">Professionelle Verpackungseinheit zu <strong>100<\/strong>.<\/li>\n<\/ul>\n<p>&nbsp;<\/p>\n<p><!--more--><\/p>\n<h4>Weitere Informationen :<\/h4>\n<ul>\n<li><strong>Verpackung<\/strong>: Packung mit 100 St\u00fcck<\/li>\n<li><strong>Au\u00dfendurchmesser<\/strong>: 81 mm<\/li>\n<li><strong>Oberer Durchmesser<\/strong>: 70 mm<\/li>\n<li><strong>Unterer Durchmesser<\/strong>: 64 mm<\/li>\n<li><strong>H\u00f6he<\/strong>: 26 mm<\/li>\n<li><strong>Volumen<\/strong>: 84 ml<\/li>\n<li><strong>Farbe<\/strong>: Silber<\/li>\n<li><strong>Material<\/strong>: Aluminium<\/li>\n<\/ul>\n<p>&nbsp;<\/p>\n<p><!--more--><\/p>\n<p>Dieser 84-ml-Aluminium-Souffl\u00e9-F\u00f6rmchen ist auch in 251 ml erh\u00e4ltlich: <span style=\"color: #d12727;\"><a style=\"color: #d12727;\" href=\"https:\/\/www.csj-emballages.com\/pt-pt\/produit\/100-recipientes-redondos-de-aluminio-descartaveis-de-251-ml\/\">RA251<\/a><\/span><\/p>\n<p>&nbsp;<\/p>\n<p><!--more--><\/p>\n<p><a href=\"https:\/\/www.csj-emballages.com\/de\/categorie-produit\/lebensmittelverpackungen\/metzgerei-und-feinkostgeschaft\/schalen-dosen-und-glaser\/aluminiumschalen-schalen-formen-tabletts-becher-auflaufformen-tortenschalen\/palmenwedel\/\">Entdecken Sie unser weiteres Sortiment an Alu-Ramequins<\/a><\/p>\n","protected":false},"excerpt":{"rendered":"<p>Aluminium-Ramequin Entdecken Sie unser Alu-Ramequin rund 84 ml, 100 St\u00fcck<\/p>\n","protected":false},"featured_media":265471,"template":"","meta":{"_acf_changed":false},"product_brand":[],"product_cat":[1137,1170,2277,1997,3229],"product_tag":[],"class_list":{"0":"post-265517","1":"product","2":"type-product","3":"status-publish","4":"has-post-thumbnail","6":"product_cat-lebensmittelverpackungen","7":"product_cat-metzgerei-und-feinkostgeschaft","8":"product_cat-schalen-dosen-und-glaser","9":"product_cat-aluminiumschalen-schalen-formen-tabletts-becher-auflaufformen-tortenschalen","10":"product_cat-palmenwedel","12":"first","13":"instock","14":"taxable","15":"shipping-taxable","16":"purchasable","17":"product-type-simple"},"acf":[],"yoast_head":"<!-- This site is optimized with the Yoast SEO Premium plugin v26.6 (Yoast SEO v26.6) - https:\/\/yoast.com\/wordpress\/plugins\/seo\/ -->\n<title>Alu-Ramequin Rund 84 ml, 100 St\u00fcck<\/title>\n<meta name=\"description\" content=\"Alu-Ramequin rund 84 ml, 100 St\u00fcck. Ideal f\u00fcr Einzelportionen, Backen und ansprechende Pr\u00e4sentation in Gastronomie und Catering.\" \/>\n<meta name=\"robots\" content=\"index, follow, max-snippet:-1, max-image-preview:large, max-video-preview:-1\" \/>\n<link rel=\"canonical\" href=\"https:\/\/www.csj-emballages.com\/de\/produit\/rundes-aluminium-ramekin-100-ml-100-stueck\/\" \/>\n<meta property=\"og:locale\" content=\"de_DE\" \/>\n<meta property=\"og:type\" content=\"article\" \/>\n<meta property=\"og:title\" content=\"Alu-Ramequin rund 84 ml, 100 St\u00fcck\" \/>\n<meta property=\"og:description\" content=\"Alu-Ramequin rund 84 ml, 100 St\u00fcck. Ideal f\u00fcr Einzelportionen, Backen und ansprechende Pr\u00e4sentation in Gastronomie und Catering.\" \/>\n<meta property=\"og:url\" content=\"https:\/\/www.csj-emballages.com\/de\/produit\/rundes-aluminium-ramekin-100-ml-100-stueck\/\" \/>\n<meta property=\"og:site_name\" content=\"CSJ Emballages\" \/>\n<meta property=\"article:publisher\" content=\"https:\/\/www.facebook.com\/csjemballages\" \/>\n<meta property=\"article:modified_time\" content=\"2026-04-01T15:49:47+00:00\" \/>\n<meta property=\"og:image\" content=\"https:\/\/www.csj-emballages.com\/wp-content\/uploads\/2026\/02\/RA100.webp\" \/>\n\t<meta property=\"og:image:width\" content=\"800\" \/>\n\t<meta property=\"og:image:height\" content=\"800\" \/>\n\t<meta property=\"og:image:type\" content=\"image\/webp\" \/>\n<meta name=\"twitter:card\" content=\"summary_large_image\" \/>\n<meta name=\"twitter:label1\" content=\"Gesch\u00e4tzte Lesezeit\" \/>\n\t<meta name=\"twitter:data1\" content=\"1\u00a0Minute\" \/>\n<script type=\"application\/ld+json\" class=\"yoast-schema-graph\">{\"@context\":\"https:\/\/schema.org\",\"@graph\":[{\"@type\":\"WebPage\",\"@id\":\"https:\/\/www.csj-emballages.com\/de\/produit\/rundes-aluminium-ramekin-100-ml-100-stueck\/\",\"url\":\"https:\/\/www.csj-emballages.com\/de\/produit\/rundes-aluminium-ramekin-100-ml-100-stueck\/\",\"name\":\"Alu-Ramequin Rund 84 ml, 100 St\u00fcck\",\"isPartOf\":{\"@id\":\"https:\/\/www.csj-emballages.com\/de\/#website\"},\"primaryImageOfPage\":{\"@id\":\"https:\/\/www.csj-emballages.com\/de\/produit\/rundes-aluminium-ramekin-100-ml-100-stueck\/#primaryimage\"},\"image\":{\"@id\":\"https:\/\/www.csj-emballages.com\/de\/produit\/rundes-aluminium-ramekin-100-ml-100-stueck\/#primaryimage\"},\"thumbnailUrl\":\"https:\/\/www.csj-emballages.com\/wp-content\/uploads\/2026\/02\/RA100.webp\",\"datePublished\":\"2026-02-19T14:18:18+00:00\",\"dateModified\":\"2026-04-01T15:49:47+00:00\",\"description\":\"Alu-Ramequin rund 84 ml, 100 St\u00fcck. Ideal f\u00fcr Einzelportionen, Backen und ansprechende Pr\u00e4sentation in Gastronomie und Catering.\",\"breadcrumb\":{\"@id\":\"https:\/\/www.csj-emballages.com\/de\/produit\/rundes-aluminium-ramekin-100-ml-100-stueck\/#breadcrumb\"},\"inLanguage\":\"de\",\"potentialAction\":[{\"@type\":\"ReadAction\",\"target\":[\"https:\/\/www.csj-emballages.com\/de\/produit\/rundes-aluminium-ramekin-100-ml-100-stueck\/\"]}]},{\"@type\":\"ImageObject\",\"inLanguage\":\"de\",\"@id\":\"https:\/\/www.csj-emballages.com\/de\/produit\/rundes-aluminium-ramekin-100-ml-100-stueck\/#primaryimage\",\"url\":\"https:\/\/www.csj-emballages.com\/wp-content\/uploads\/2026\/02\/RA100.webp\",\"contentUrl\":\"https:\/\/www.csj-emballages.com\/wp-content\/uploads\/2026\/02\/RA100.webp\",\"width\":800,\"height\":800,\"caption\":\"Ramequin aluminium\"},{\"@type\":\"BreadcrumbList\",\"@id\":\"https:\/\/www.csj-emballages.com\/de\/produit\/rundes-aluminium-ramekin-100-ml-100-stueck\/#breadcrumb\",\"itemListElement\":[{\"@type\":\"ListItem\",\"position\":1,\"name\":\"Accueil\",\"item\":\"https:\/\/www.csj-emballages.com\/de\/universum-lebensmittelverpackungen\/\"},{\"@type\":\"ListItem\",\"position\":2,\"name\":\"Shop\",\"item\":\"https:\/\/www.csj-emballages.com\/shop\/\"},{\"@type\":\"ListItem\",\"position\":3,\"name\":\"Alu-Ramequin rund 84 ml, 100 St\u00fcck\"}]},{\"@type\":\"WebSite\",\"@id\":\"https:\/\/www.csj-emballages.com\/de\/#website\",\"url\":\"https:\/\/www.csj-emballages.com\/de\/\",\"name\":\"CSJ Emballages\",\"description\":\"\",\"publisher\":{\"@id\":\"https:\/\/www.csj-emballages.com\/de\/#organization\"},\"potentialAction\":[{\"@type\":\"SearchAction\",\"target\":{\"@type\":\"EntryPoint\",\"urlTemplate\":\"https:\/\/www.csj-emballages.com\/de\/?s={search_term_string}\"},\"query-input\":{\"@type\":\"PropertyValueSpecification\",\"valueRequired\":true,\"valueName\":\"search_term_string\"}}],\"inLanguage\":\"de\"},{\"@type\":\"Organization\",\"@id\":\"https:\/\/www.csj-emballages.com\/de\/#Organization\/\",\"name\":\"CSJ Emballages\",\"url\":\"https:\/\/www.csj-emballages.com\/de\/\",\"logo\":{\"@type\":\"ImageObject\",\"inLanguage\":\"de\",\"@id\":\"https:\/\/www.csj-emballages.com\/de\/#\/schema\/logo\/image\/\",\"url\":\"https:\/\/www.csj-emballages.com\/wp-content\/uploads\/2023\/10\/logo_csj.webp\",\"contentUrl\":\"https:\/\/www.csj-emballages.com\/wp-content\/uploads\/2023\/10\/logo_csj.webp\",\"width\":250,\"height\":95,\"caption\":\"CSJ Emballages\"},\"image\":{\"@id\":\"https:\/\/www.csj-emballages.com\/de\/#\/schema\/logo\/image\/\"},\"sameAs\":[\"https:\/\/www.facebook.com\/csjemballages\"],\"address\":{\"@type\":\"PostalAddress\",\"streetAddress\":\"ZI La Lechere\",\"addressLocality\":\"Patornay\",\"postalCode\":\"39130\",\"addressCountry\":\"FR\"},\"contactPoint\":[{\"@type\":\"ContactPoint\",\"contactType\":\"Service client\",\"telephone\":\"0384254272\",\"email\":\"contact@csj-emballages.com\"}]}]}<\/script>\n<!-- \/ Yoast SEO Premium plugin. -->","yoast_head_json":{"title":"Alu-Ramequin Rund 84 ml, 100 St\u00fcck","description":"Alu-Ramequin rund 84 ml, 100 St\u00fcck. Ideal f\u00fcr Einzelportionen, Backen und ansprechende Pr\u00e4sentation in Gastronomie und Catering.","robots":{"index":"index","follow":"follow","max-snippet":"max-snippet:-1","max-image-preview":"max-image-preview:large","max-video-preview":"max-video-preview:-1"},"canonical":"https:\/\/www.csj-emballages.com\/de\/produit\/rundes-aluminium-ramekin-100-ml-100-stueck\/","og_locale":"de_DE","og_type":"article","og_title":"Alu-Ramequin rund 84 ml, 100 St\u00fcck","og_description":"Alu-Ramequin rund 84 ml, 100 St\u00fcck. Ideal f\u00fcr Einzelportionen, Backen und ansprechende Pr\u00e4sentation in Gastronomie und Catering.","og_url":"https:\/\/www.csj-emballages.com\/de\/produit\/rundes-aluminium-ramekin-100-ml-100-stueck\/","og_site_name":"CSJ Emballages","article_publisher":"https:\/\/www.facebook.com\/csjemballages","article_modified_time":"2026-04-01T15:49:47+00:00","og_image":[{"width":800,"height":800,"url":"https:\/\/www.csj-emballages.com\/wp-content\/uploads\/2026\/02\/RA100.webp","type":"image\/webp"}],"twitter_card":"summary_large_image","twitter_misc":{"Gesch\u00e4tzte Lesezeit":"1\u00a0Minute"},"schema":{"@context":"https:\/\/schema.org","@graph":[{"@type":"WebPage","@id":"https:\/\/www.csj-emballages.com\/de\/produit\/rundes-aluminium-ramekin-100-ml-100-stueck\/","url":"https:\/\/www.csj-emballages.com\/de\/produit\/rundes-aluminium-ramekin-100-ml-100-stueck\/","name":"Alu-Ramequin Rund 84 ml, 100 St\u00fcck","isPartOf":{"@id":"https:\/\/www.csj-emballages.com\/de\/#website"},"primaryImageOfPage":{"@id":"https:\/\/www.csj-emballages.com\/de\/produit\/rundes-aluminium-ramekin-100-ml-100-stueck\/#primaryimage"},"image":{"@id":"https:\/\/www.csj-emballages.com\/de\/produit\/rundes-aluminium-ramekin-100-ml-100-stueck\/#primaryimage"},"thumbnailUrl":"https:\/\/www.csj-emballages.com\/wp-content\/uploads\/2026\/02\/RA100.webp","datePublished":"2026-02-19T14:18:18+00:00","dateModified":"2026-04-01T15:49:47+00:00","description":"Alu-Ramequin rund 84 ml, 100 St\u00fcck. Ideal f\u00fcr Einzelportionen, Backen und ansprechende Pr\u00e4sentation in Gastronomie und Catering.","breadcrumb":{"@id":"https:\/\/www.csj-emballages.com\/de\/produit\/rundes-aluminium-ramekin-100-ml-100-stueck\/#breadcrumb"},"inLanguage":"de","potentialAction":[{"@type":"ReadAction","target":["https:\/\/www.csj-emballages.com\/de\/produit\/rundes-aluminium-ramekin-100-ml-100-stueck\/"]}]},{"@type":"ImageObject","inLanguage":"de","@id":"https:\/\/www.csj-emballages.com\/de\/produit\/rundes-aluminium-ramekin-100-ml-100-stueck\/#primaryimage","url":"https:\/\/www.csj-emballages.com\/wp-content\/uploads\/2026\/02\/RA100.webp","contentUrl":"https:\/\/www.csj-emballages.com\/wp-content\/uploads\/2026\/02\/RA100.webp","width":800,"height":800,"caption":"Ramequin aluminium"},{"@type":"BreadcrumbList","@id":"https:\/\/www.csj-emballages.com\/de\/produit\/rundes-aluminium-ramekin-100-ml-100-stueck\/#breadcrumb","itemListElement":[{"@type":"ListItem","position":1,"name":"Accueil","item":"https:\/\/www.csj-emballages.com\/de\/universum-lebensmittelverpackungen\/"},{"@type":"ListItem","position":2,"name":"Shop","item":"https:\/\/www.csj-emballages.com\/shop\/"},{"@type":"ListItem","position":3,"name":"Alu-Ramequin rund 84 ml, 100 St\u00fcck"}]},{"@type":"WebSite","@id":"https:\/\/www.csj-emballages.com\/de\/#website","url":"https:\/\/www.csj-emballages.com\/de\/","name":"CSJ Emballages","description":"","publisher":{"@id":"https:\/\/www.csj-emballages.com\/de\/#organization"},"potentialAction":[{"@type":"SearchAction","target":{"@type":"EntryPoint","urlTemplate":"https:\/\/www.csj-emballages.com\/de\/?s={search_term_string}"},"query-input":{"@type":"PropertyValueSpecification","valueRequired":true,"valueName":"search_term_string"}}],"inLanguage":"de"},{"@type":"Organization","@id":"https:\/\/www.csj-emballages.com\/de\/#Organization\/","name":"CSJ Emballages","url":"https:\/\/www.csj-emballages.com\/de\/","logo":{"@type":"ImageObject","inLanguage":"de","@id":"https:\/\/www.csj-emballages.com\/de\/#\/schema\/logo\/image\/","url":"https:\/\/www.csj-emballages.com\/wp-content\/uploads\/2023\/10\/logo_csj.webp","contentUrl":"https:\/\/www.csj-emballages.com\/wp-content\/uploads\/2023\/10\/logo_csj.webp","width":250,"height":95,"caption":"CSJ Emballages"},"image":{"@id":"https:\/\/www.csj-emballages.com\/de\/#\/schema\/logo\/image\/"},"sameAs":["https:\/\/www.facebook.com\/csjemballages"],"address":{"@type":"PostalAddress","streetAddress":"ZI La Lechere","addressLocality":"Patornay","postalCode":"39130","addressCountry":"FR"},"contactPoint":[{"@type":"ContactPoint","contactType":"Service client","telephone":"0384254272","email":"contact@csj-emballages.com"}]}]}},"df_price":10.72,"df_sale_price":"","df_regular_price":10.72,"df_image_link":"https:\/\/www.csj-emballages.com\/wp-content\/uploads\/2026\/02\/RA100-300x300.webp","tiered_pricing_type":"fixed","tiered_pricing_fixed_rules":[],"tiered_pricing_percentage_rules":[],"tiered_pricing_minimum":1,"tiered_pricing_roles_data":[],"_links":{"self":[{"href":"https:\/\/www.csj-emballages.com\/de\/wp-json\/wp\/v2\/product\/265517","targetHints":{"allow":["GET"]}}],"collection":[{"href":"https:\/\/www.csj-emballages.com\/de\/wp-json\/wp\/v2\/product"}],"about":[{"href":"https:\/\/www.csj-emballages.com\/de\/wp-json\/wp\/v2\/types\/product"}],"wp:featuredmedia":[{"embeddable":true,"href":"https:\/\/www.csj-emballages.com\/de\/wp-json\/wp\/v2\/media\/265471"}],"wp:attachment":[{"href":"https:\/\/www.csj-emballages.com\/de\/wp-json\/wp\/v2\/media?parent=265517"}],"wp:term":[{"taxonomy":"product_brand","embeddable":true,"href":"https:\/\/www.csj-emballages.com\/de\/wp-json\/wp\/v2\/product_brand?post=265517"},{"taxonomy":"product_cat","embeddable":true,"href":"https:\/\/www.csj-emballages.com\/de\/wp-json\/wp\/v2\/product_cat?post=265517"},{"taxonomy":"product_tag","embeddable":true,"href":"https:\/\/www.csj-emballages.com\/de\/wp-json\/wp\/v2\/product_tag?post=265517"}],"curies":[{"name":"wp","href":"https:\/\/api.w.org\/{rel}","templated":true}]}}