{"id":265426,"date":"2025-12-15T14:18:40","date_gmt":"2025-12-15T13:18:40","guid":{"rendered":"https:\/\/www.csj-emballages.com\/produit\/smart-schmutzfangmatte-40-x-60-cm\/"},"modified":"2026-03-12T16:46:37","modified_gmt":"2026-03-12T15:46:37","slug":"smart-schmutzfangmatte-40-x-60-cm","status":"publish","type":"product","link":"https:\/\/www.csj-emballages.com\/de\/produit\/smart-schmutzfangmatte-40-x-60-cm\/","title":{"rendered":"SMART Schmutzfangmatte 40 x 60 cm"},"content":{"rendered":"<h2>Matte<\/h2>\n<hr>\n<h3>Entdecken Sie unsere SMART Schmutzfangmatte 40 x 60 cm<\/h3>\n<p><!--more--><\/p>\n<p data-start=\"166\" data-end=\"452\">Die <strong>SMART Schmutzfangmatte 40 x 60 cm<\/strong> sch\u00fctzt Ihre B\u00f6den effektiv vor Staub, Feuchtigkeit und allt\u00e4glichem Schmutz. Hergestellt aus <strong>hochdichter Polypropylenfaser<\/strong>, f\u00e4ngt sie Partikel bereits bei den ersten Schritten auf und begrenzt deren Verteilung in Ihren Gesch\u00e4ftsr\u00e4umen. <\/p>\n<p data-start=\"454\" data-end=\"747\">Dank ihrer widerstandsf\u00e4higen Struktur eignet sie sich perfekt f\u00fcr stark frequentierte Bereiche wie Eing\u00e4nge von Gesch\u00e4ften, B\u00fcros, Werkst\u00e4tten, Lagern oder Empfangsbereichen. Ihre <strong>PVC-Unterseite<\/strong> sorgt f\u00fcr hervorragende Bodenhaftung und reduziert die Rutschgefahr, selbst auf glatten Oberfl\u00e4chen. <\/p>\n<p data-start=\"749\" data-end=\"1035\">Kompakt und einfach zu platzieren, eignet sich das <strong>Format 40 x 60 cm<\/strong> f\u00fcr Nebeneing\u00e4nge oder Bereiche, die einen gezielten Schutz erfordern. Die <strong>SMART Matte<\/strong> bietet somit eine einfache, effektive und dauerhafte L\u00f6sung, um die Sauberkeit Ihrer R\u00e4umlichkeiten zu erhalten und gleichzeitig den Gehkomfort zu verbessern. <\/p>\n<p data-start=\"1037\" data-end=\"1158\">\n<p data-start=\"1023\" data-end=\"1253\"><!--more--><\/p>\n<h4 data-start=\"1023\" data-end=\"1253\">Vorteile :<\/h4>\n<ul>\n<li data-start=\"1197\" data-end=\"1235\">Hochdichte Polypropylenfaser.<\/li>\n<li data-start=\"1238\" data-end=\"1284\">H\u00e4lt Staub und Schmutz effektiv zur\u00fcck.<\/li>\n<li data-start=\"1287\" data-end=\"1321\">Geeignet f\u00fcr mittleren Verkehr.<\/li>\n<li data-start=\"1324\" data-end=\"1381\"><strong>Rutschfeste PVC-Unterseite<\/strong> f\u00fcr hervorragende Stabilit\u00e4t.<\/li>\n<li data-start=\"1384\" data-end=\"1411\">Kompaktes Format <strong>40 x 60 cm<\/strong>.<\/li>\n<li data-start=\"1414\" data-end=\"1466\">Ideal f\u00fcr Eing\u00e4nge, B\u00fcros, Gesch\u00e4fte und Werkst\u00e4tten.<\/li>\n<\/ul>\n<p>&nbsp;<\/p>\n<p><!--more--><\/p>\n<h4>Weitere Informationen :<\/h4>\n<ul>\n<li><strong>Verpackung<\/strong>: Einzeln<\/li>\n<li><strong>Ma\u00dfe<\/strong>: 40 x 60 cm<\/li>\n<li><strong>Farbe<\/strong>: Schwarz \/ Grau<\/li>\n<li><strong>Material<\/strong>: Polypropylen-Velours \/ PVC-Unterseite<\/li>\n<\/ul>\n<p>&nbsp;<\/p>\n<p><!--more--><\/p>\n<p><a href=\"https:\/\/www.csj-emballages.com\/de\/categorie-produit\/hygiene-und-pflege\/zubehor\/\">Sehen Sie sich den Rest unseres Sortiments an Hygieneartikeln an.<\/a><\/p>\n","protected":false},"excerpt":{"rendered":"<p>Matte Entdecken Sie unsere SMART Schmutzfangmatte 40 x 60 cm<\/p>\n","protected":false},"featured_media":265375,"template":"","meta":{"_acf_changed":false},"product_brand":[],"product_cat":[1218,1736],"product_tag":[],"class_list":{"0":"post-265426","1":"product","2":"type-product","3":"status-publish","4":"has-post-thumbnail","6":"product_cat-hygiene-und-pflege","7":"product_cat-zubehor","9":"first","10":"instock","11":"taxable","12":"shipping-taxable","13":"purchasable","14":"product-type-simple"},"acf":[],"yoast_head":"<!-- This site is optimized with the Yoast SEO Premium plugin v26.6 (Yoast SEO v26.6) - https:\/\/yoast.com\/wordpress\/plugins\/seo\/ -->\n<title>SMART Schmutzfangmatte 40 x 60 cm<\/title>\n<meta name=\"description\" content=\"SMART Schmutzfangmatte 40 x 60 cm aus hochdichtem Polypropylen mit rutschfester PVC-Unterseite. Ideal f\u00fcr gewerbliche Eingangsbereiche.\" \/>\n<meta name=\"robots\" content=\"index, follow, max-snippet:-1, max-image-preview:large, max-video-preview:-1\" \/>\n<link rel=\"canonical\" href=\"https:\/\/www.csj-emballages.com\/de\/produit\/smart-schmutzfangmatte-40-x-60-cm\/\" \/>\n<meta property=\"og:locale\" content=\"de_DE\" \/>\n<meta property=\"og:type\" content=\"article\" \/>\n<meta property=\"og:title\" content=\"SMART Schmutzfangmatte 40 x 60 cm\" \/>\n<meta property=\"og:description\" content=\"SMART Schmutzfangmatte 40 x 60 cm aus hochdichtem Polypropylen mit rutschfester PVC-Unterseite. Ideal f\u00fcr gewerbliche Eingangsbereiche.\" \/>\n<meta property=\"og:url\" content=\"https:\/\/www.csj-emballages.com\/de\/produit\/smart-schmutzfangmatte-40-x-60-cm\/\" \/>\n<meta property=\"og:site_name\" content=\"CSJ Emballages\" \/>\n<meta property=\"article:publisher\" content=\"https:\/\/www.facebook.com\/csjemballages\" \/>\n<meta property=\"article:modified_time\" content=\"2026-03-12T15:46:37+00:00\" \/>\n<meta property=\"og:image\" content=\"https:\/\/www.csj-emballages.com\/wp-content\/uploads\/2025\/12\/130224.webp\" \/>\n\t<meta property=\"og:image:width\" content=\"800\" \/>\n\t<meta property=\"og:image:height\" content=\"800\" \/>\n\t<meta property=\"og:image:type\" content=\"image\/webp\" \/>\n<meta name=\"twitter:card\" content=\"summary_large_image\" \/>\n<meta name=\"twitter:label1\" content=\"Gesch\u00e4tzte Lesezeit\" \/>\n\t<meta name=\"twitter:data1\" content=\"1\u00a0Minute\" \/>\n<script type=\"application\/ld+json\" class=\"yoast-schema-graph\">{\"@context\":\"https:\/\/schema.org\",\"@graph\":[{\"@type\":\"WebPage\",\"@id\":\"https:\/\/www.csj-emballages.com\/de\/produit\/smart-schmutzfangmatte-40-x-60-cm\/\",\"url\":\"https:\/\/www.csj-emballages.com\/de\/produit\/smart-schmutzfangmatte-40-x-60-cm\/\",\"name\":\"SMART Schmutzfangmatte 40 x 60 cm\",\"isPartOf\":{\"@id\":\"https:\/\/www.csj-emballages.com\/de\/#website\"},\"primaryImageOfPage\":{\"@id\":\"https:\/\/www.csj-emballages.com\/de\/produit\/smart-schmutzfangmatte-40-x-60-cm\/#primaryimage\"},\"image\":{\"@id\":\"https:\/\/www.csj-emballages.com\/de\/produit\/smart-schmutzfangmatte-40-x-60-cm\/#primaryimage\"},\"thumbnailUrl\":\"https:\/\/www.csj-emballages.com\/wp-content\/uploads\/2025\/12\/130224.webp\",\"datePublished\":\"2025-12-15T13:18:40+00:00\",\"dateModified\":\"2026-03-12T15:46:37+00:00\",\"description\":\"SMART Schmutzfangmatte 40 x 60 cm aus hochdichtem Polypropylen mit rutschfester PVC-Unterseite. Ideal f\u00fcr gewerbliche Eingangsbereiche.\",\"breadcrumb\":{\"@id\":\"https:\/\/www.csj-emballages.com\/de\/produit\/smart-schmutzfangmatte-40-x-60-cm\/#breadcrumb\"},\"inLanguage\":\"de\",\"potentialAction\":[{\"@type\":\"ReadAction\",\"target\":[\"https:\/\/www.csj-emballages.com\/de\/produit\/smart-schmutzfangmatte-40-x-60-cm\/\"]}]},{\"@type\":\"ImageObject\",\"inLanguage\":\"de\",\"@id\":\"https:\/\/www.csj-emballages.com\/de\/produit\/smart-schmutzfangmatte-40-x-60-cm\/#primaryimage\",\"url\":\"https:\/\/www.csj-emballages.com\/wp-content\/uploads\/2025\/12\/130224.webp\",\"contentUrl\":\"https:\/\/www.csj-emballages.com\/wp-content\/uploads\/2025\/12\/130224.webp\",\"width\":800,\"height\":800,\"caption\":\"tapis\"},{\"@type\":\"BreadcrumbList\",\"@id\":\"https:\/\/www.csj-emballages.com\/de\/produit\/smart-schmutzfangmatte-40-x-60-cm\/#breadcrumb\",\"itemListElement\":[{\"@type\":\"ListItem\",\"position\":1,\"name\":\"Accueil\",\"item\":\"https:\/\/www.csj-emballages.com\/de\/universum-lebensmittelverpackungen\/\"},{\"@type\":\"ListItem\",\"position\":2,\"name\":\"Shop\",\"item\":\"https:\/\/www.csj-emballages.com\/shop\/\"},{\"@type\":\"ListItem\",\"position\":3,\"name\":\"SMART Schmutzfangmatte 40 x 60 cm\"}]},{\"@type\":\"WebSite\",\"@id\":\"https:\/\/www.csj-emballages.com\/de\/#website\",\"url\":\"https:\/\/www.csj-emballages.com\/de\/\",\"name\":\"CSJ Emballages\",\"description\":\"\",\"publisher\":{\"@id\":\"https:\/\/www.csj-emballages.com\/de\/#organization\"},\"potentialAction\":[{\"@type\":\"SearchAction\",\"target\":{\"@type\":\"EntryPoint\",\"urlTemplate\":\"https:\/\/www.csj-emballages.com\/de\/?s={search_term_string}\"},\"query-input\":{\"@type\":\"PropertyValueSpecification\",\"valueRequired\":true,\"valueName\":\"search_term_string\"}}],\"inLanguage\":\"de\"},{\"@type\":\"Organization\",\"@id\":\"https:\/\/www.csj-emballages.com\/de\/#Organization\/\",\"name\":\"CSJ Emballages\",\"url\":\"https:\/\/www.csj-emballages.com\/de\/\",\"logo\":{\"@type\":\"ImageObject\",\"inLanguage\":\"de\",\"@id\":\"https:\/\/www.csj-emballages.com\/de\/#\/schema\/logo\/image\/\",\"url\":\"https:\/\/www.csj-emballages.com\/wp-content\/uploads\/2023\/10\/logo_csj.webp\",\"contentUrl\":\"https:\/\/www.csj-emballages.com\/wp-content\/uploads\/2023\/10\/logo_csj.webp\",\"width\":250,\"height\":95,\"caption\":\"CSJ Emballages\"},\"image\":{\"@id\":\"https:\/\/www.csj-emballages.com\/de\/#\/schema\/logo\/image\/\"},\"sameAs\":[\"https:\/\/www.facebook.com\/csjemballages\"],\"address\":{\"@type\":\"PostalAddress\",\"streetAddress\":\"ZI La Lechere\",\"addressLocality\":\"Patornay\",\"postalCode\":\"39130\",\"addressCountry\":\"FR\"},\"contactPoint\":[{\"@type\":\"ContactPoint\",\"contactType\":\"Service client\",\"telephone\":\"0384254272\",\"email\":\"contact@csj-emballages.com\"}]}]}<\/script>\n<!-- \/ Yoast SEO Premium plugin. -->","yoast_head_json":{"title":"SMART Schmutzfangmatte 40 x 60 cm","description":"SMART Schmutzfangmatte 40 x 60 cm aus hochdichtem Polypropylen mit rutschfester PVC-Unterseite. Ideal f\u00fcr gewerbliche Eingangsbereiche.","robots":{"index":"index","follow":"follow","max-snippet":"max-snippet:-1","max-image-preview":"max-image-preview:large","max-video-preview":"max-video-preview:-1"},"canonical":"https:\/\/www.csj-emballages.com\/de\/produit\/smart-schmutzfangmatte-40-x-60-cm\/","og_locale":"de_DE","og_type":"article","og_title":"SMART Schmutzfangmatte 40 x 60 cm","og_description":"SMART Schmutzfangmatte 40 x 60 cm aus hochdichtem Polypropylen mit rutschfester PVC-Unterseite. Ideal f\u00fcr gewerbliche Eingangsbereiche.","og_url":"https:\/\/www.csj-emballages.com\/de\/produit\/smart-schmutzfangmatte-40-x-60-cm\/","og_site_name":"CSJ Emballages","article_publisher":"https:\/\/www.facebook.com\/csjemballages","article_modified_time":"2026-03-12T15:46:37+00:00","og_image":[{"width":800,"height":800,"url":"https:\/\/www.csj-emballages.com\/wp-content\/uploads\/2025\/12\/130224.webp","type":"image\/webp"}],"twitter_card":"summary_large_image","twitter_misc":{"Gesch\u00e4tzte Lesezeit":"1\u00a0Minute"},"schema":{"@context":"https:\/\/schema.org","@graph":[{"@type":"WebPage","@id":"https:\/\/www.csj-emballages.com\/de\/produit\/smart-schmutzfangmatte-40-x-60-cm\/","url":"https:\/\/www.csj-emballages.com\/de\/produit\/smart-schmutzfangmatte-40-x-60-cm\/","name":"SMART Schmutzfangmatte 40 x 60 cm","isPartOf":{"@id":"https:\/\/www.csj-emballages.com\/de\/#website"},"primaryImageOfPage":{"@id":"https:\/\/www.csj-emballages.com\/de\/produit\/smart-schmutzfangmatte-40-x-60-cm\/#primaryimage"},"image":{"@id":"https:\/\/www.csj-emballages.com\/de\/produit\/smart-schmutzfangmatte-40-x-60-cm\/#primaryimage"},"thumbnailUrl":"https:\/\/www.csj-emballages.com\/wp-content\/uploads\/2025\/12\/130224.webp","datePublished":"2025-12-15T13:18:40+00:00","dateModified":"2026-03-12T15:46:37+00:00","description":"SMART Schmutzfangmatte 40 x 60 cm aus hochdichtem Polypropylen mit rutschfester PVC-Unterseite. Ideal f\u00fcr gewerbliche Eingangsbereiche.","breadcrumb":{"@id":"https:\/\/www.csj-emballages.com\/de\/produit\/smart-schmutzfangmatte-40-x-60-cm\/#breadcrumb"},"inLanguage":"de","potentialAction":[{"@type":"ReadAction","target":["https:\/\/www.csj-emballages.com\/de\/produit\/smart-schmutzfangmatte-40-x-60-cm\/"]}]},{"@type":"ImageObject","inLanguage":"de","@id":"https:\/\/www.csj-emballages.com\/de\/produit\/smart-schmutzfangmatte-40-x-60-cm\/#primaryimage","url":"https:\/\/www.csj-emballages.com\/wp-content\/uploads\/2025\/12\/130224.webp","contentUrl":"https:\/\/www.csj-emballages.com\/wp-content\/uploads\/2025\/12\/130224.webp","width":800,"height":800,"caption":"tapis"},{"@type":"BreadcrumbList","@id":"https:\/\/www.csj-emballages.com\/de\/produit\/smart-schmutzfangmatte-40-x-60-cm\/#breadcrumb","itemListElement":[{"@type":"ListItem","position":1,"name":"Accueil","item":"https:\/\/www.csj-emballages.com\/de\/universum-lebensmittelverpackungen\/"},{"@type":"ListItem","position":2,"name":"Shop","item":"https:\/\/www.csj-emballages.com\/shop\/"},{"@type":"ListItem","position":3,"name":"SMART Schmutzfangmatte 40 x 60 cm"}]},{"@type":"WebSite","@id":"https:\/\/www.csj-emballages.com\/de\/#website","url":"https:\/\/www.csj-emballages.com\/de\/","name":"CSJ Emballages","description":"","publisher":{"@id":"https:\/\/www.csj-emballages.com\/de\/#organization"},"potentialAction":[{"@type":"SearchAction","target":{"@type":"EntryPoint","urlTemplate":"https:\/\/www.csj-emballages.com\/de\/?s={search_term_string}"},"query-input":{"@type":"PropertyValueSpecification","valueRequired":true,"valueName":"search_term_string"}}],"inLanguage":"de"},{"@type":"Organization","@id":"https:\/\/www.csj-emballages.com\/de\/#Organization\/","name":"CSJ Emballages","url":"https:\/\/www.csj-emballages.com\/de\/","logo":{"@type":"ImageObject","inLanguage":"de","@id":"https:\/\/www.csj-emballages.com\/de\/#\/schema\/logo\/image\/","url":"https:\/\/www.csj-emballages.com\/wp-content\/uploads\/2023\/10\/logo_csj.webp","contentUrl":"https:\/\/www.csj-emballages.com\/wp-content\/uploads\/2023\/10\/logo_csj.webp","width":250,"height":95,"caption":"CSJ Emballages"},"image":{"@id":"https:\/\/www.csj-emballages.com\/de\/#\/schema\/logo\/image\/"},"sameAs":["https:\/\/www.facebook.com\/csjemballages"],"address":{"@type":"PostalAddress","streetAddress":"ZI La Lechere","addressLocality":"Patornay","postalCode":"39130","addressCountry":"FR"},"contactPoint":[{"@type":"ContactPoint","contactType":"Service client","telephone":"0384254272","email":"contact@csj-emballages.com"}]}]}},"df_price":7.4,"df_sale_price":"","df_regular_price":7.4,"df_image_link":"https:\/\/www.csj-emballages.com\/wp-content\/uploads\/2025\/12\/130224-300x300.webp","tiered_pricing_type":"fixed","tiered_pricing_fixed_rules":[],"tiered_pricing_percentage_rules":[],"tiered_pricing_minimum":1,"tiered_pricing_roles_data":[],"_links":{"self":[{"href":"https:\/\/www.csj-emballages.com\/de\/wp-json\/wp\/v2\/product\/265426","targetHints":{"allow":["GET"]}}],"collection":[{"href":"https:\/\/www.csj-emballages.com\/de\/wp-json\/wp\/v2\/product"}],"about":[{"href":"https:\/\/www.csj-emballages.com\/de\/wp-json\/wp\/v2\/types\/product"}],"wp:featuredmedia":[{"embeddable":true,"href":"https:\/\/www.csj-emballages.com\/de\/wp-json\/wp\/v2\/media\/265375"}],"wp:attachment":[{"href":"https:\/\/www.csj-emballages.com\/de\/wp-json\/wp\/v2\/media?parent=265426"}],"wp:term":[{"taxonomy":"product_brand","embeddable":true,"href":"https:\/\/www.csj-emballages.com\/de\/wp-json\/wp\/v2\/product_brand?post=265426"},{"taxonomy":"product_cat","embeddable":true,"href":"https:\/\/www.csj-emballages.com\/de\/wp-json\/wp\/v2\/product_cat?post=265426"},{"taxonomy":"product_tag","embeddable":true,"href":"https:\/\/www.csj-emballages.com\/de\/wp-json\/wp\/v2\/product_tag?post=265426"}],"curies":[{"name":"wp","href":"https:\/\/api.w.org\/{rel}","templated":true}]}}