{"id":265073,"date":"2025-09-24T09:18:32","date_gmt":"2025-09-24T07:18:32","guid":{"rendered":"https:\/\/www.csj-emballages.com\/produit\/vakuumbeutel-glatt-zur-aufbewahrung-25-x-70-cm-90-%c2%b5-100-stueck\/"},"modified":"2026-04-01T17:51:34","modified_gmt":"2026-04-01T15:51:34","slug":"vakuumbeutel-glatt-zur-aufbewahrung-25-x-70-cm-90-%c2%b5-100-stueck","status":"publish","type":"product","link":"https:\/\/www.csj-emballages.com\/de\/produit\/vakuumbeutel-glatt-zur-aufbewahrung-25-x-70-cm-90-%c2%b5-100-stueck\/","title":{"rendered":"Vakuumbeutel glatt zur Aufbewahrung 25 x 70 cm 90 \u00b5, 100 St\u00fcck"},"content":{"rendered":"<div class=\"elementor-element elementor-element-6621759 e-no-lazyload e-flex e-con-boxed e-con e-parent e-lazyloaded\" data-id=\"6621759\" data-element_type=\"container\">\n<div class=\"e-con-inner\">\n<div class=\"elementor-element elementor-element-4756e65 e-con-full e-flex e-con e-child\" data-id=\"4756e65\" data-element_type=\"container\">\n<div class=\"elementor-element elementor-element-a25940d elementor-widget elementor-widget-woocommerce-product-data-tabs\" data-id=\"a25940d\" data-element_type=\"widget\" data-widget_type=\"woocommerce-product-data-tabs.default\">\n<div class=\"elementor-widget-container\">\n<div class=\"woocommerce-tabs wc-tabs-wrapper\">\n<div id=\"tab-description\" class=\"woocommerce-Tabs-panel woocommerce-Tabs-panel--description panel entry-content wc-tab\" role=\"tabpanel\" aria-labelledby=\"tab-title-description\">\n<div class=\"flex flex-grow flex-col max-w-full\">\n<div class=\"min-h-[20px] text-message flex flex-col items-start whitespace-pre-wrap break-words [.text-message+&amp;]:mt-5 juice:w-full juice:items-end overflow-x-auto gap-2\" dir=\"auto\" data-message-author-role=\"assistant\" data-message-id=\"2034782e-88f9-44ef-b4dc-07dd7bf0115f\">\n<div class=\"flex w-full flex-col gap-1 juice:empty:hidden juice:first:pt-[3px]\">\n<div class=\"markdown prose w-full break-words dark:prose-invert light\">\n<div>\n<div>\n<h2><strong>Vakuumbeutel<br \/>\n<\/strong><\/h2>\n<div>\n<div>\n<div>\n<div>\n<div>\n<div>\n<div>\n<div>\n<div>\n<div>\n<hr>\n<h3>Beschreibung unseres glatten Vakuumbeutels zur Aufbewahrung 25 x 70 cm 90 \u00b5, 100 St\u00fcck<\/h3>\n<p><!--more--><\/p>\n<p data-start=\"195\" data-end=\"515\">Die <strong>glatten Vakuumbeutel zur Aufbewahrung 25 x 70 cm in 90 Mikron<\/strong> sind speziell daf\u00fcr entwickelt, die Frische von Lebensmitteln dauerhaft zu bewahren. Zun\u00e4chst sind sie robust und zuverl\u00e4ssig und verl\u00e4ngern die Haltbarkeit, w\u00e4hrend sie die Produkte wirksam vor Luft, Feuchtigkeit und \u00e4u\u00dferen Verunreinigungen sch\u00fctzen. <\/p>\n<p data-start=\"517\" data-end=\"858\">Dank ihrer <strong>gro\u00dfz\u00fcgigen Ma\u00dfe 25 x 70 cm<\/strong> eignen sie sich perfekt f\u00fcr lange oder volumin\u00f6se St\u00fccke: <strong>ganze Fische, gro\u00dfe Fleischst\u00fccke, Wurstwaren, K\u00e4se oder Lebensmittelzubereitungen<\/strong> in gr\u00f6\u00dferen Portionen. Ihre <strong>St\u00e4rke von 90 \u00b5<\/strong> sorgt f\u00fcr eine hervorragende Widerstandsf\u00e4higkeit gegen Durchstiche und bei der Handhabung. <\/p>\n<p data-start=\"860\" data-end=\"1102\">Ebenso sind diese <strong>Beutel<\/strong> in glatter Ausf\u00fchrung f\u00fcr Kammer-Vakuummaschinen geeignet, wie sie in Metzgerei, Wurstwarenherstellung, Gastronomie und im Lebensmittelhandwerk eingesetzt werden. Sie gew\u00e4hrleisten eine stabile Schwei\u00dfnaht und einen luftdichten Verschluss f\u00fcr optimale Aufbewahrung. <\/p>\n<p data-start=\"1104\" data-end=\"1357\">Transparent erm\u00f6glichen sie eine perfekte Sicht auf das Produkt und erleichtern Lagerung und Identifikation im K\u00fchlraum oder Gefrierschrank. Au\u00dferdem sind sie als Set mit <strong>100 St\u00fcck<\/strong> verpackt und bieten eine wirtschaftliche, leistungsstarke Profi-L\u00f6sung. <\/p>\n<p data-start=\"1104\" data-end=\"1357\">\n<\/div>\n<\/div>\n<\/div>\n<\/div>\n<\/div>\n<\/div>\n<\/div>\n<\/div>\n<\/div>\n<\/div>\n<p><!--more--><\/p>\n<p><strong>Vorteile :<\/strong><\/p>\n<ul>\n<li data-start=\"1396\" data-end=\"1446\">Langes Format <strong>25 x 70 cm<\/strong>, geeignet f\u00fcr gro\u00dfe St\u00fccke.<\/li>\n<li data-start=\"1449\" data-end=\"1497\"><strong>Dank seiner St\u00e4rke von 90 Mikron<\/strong> ist er sehr widerstandsf\u00e4hig.<\/li>\n<li data-start=\"1594\" data-end=\"1624\">Zuverl\u00e4ssige, luftdichte Schwei\u00dfnaht.<\/li>\n<li data-start=\"1672\" data-end=\"1724\">Ideal f\u00fcr Metzgerei, Fischhandel und Gastronomie.<\/li>\n<li data-start=\"1727\" data-end=\"1766\">Professionelle Verpackungseinheit zu <strong>100<\/strong>.<\/li>\n<\/ul>\n<\/div>\n<div><\/div>\n<\/div>\n<p><!--more--><\/p>\n<div>\n<div>\n<div>\n<h4>Weitere Informationen :<\/h4>\n<ul>\n<li><strong>Verpackung<\/strong>: Packung mit 100 St\u00fcck<\/li>\n<li><strong>Ma\u00dfe<\/strong>: 25 x 70 cm<\/li>\n<li><strong>Hei\u00dfsiegelbar<\/strong>: Ja<\/li>\n<li><strong>Schrumpfbar<\/strong>: Nein<\/li>\n<li><strong>Art<\/strong>: Glatt<\/li>\n<li><strong>Widerstand<\/strong>: 90 Mikron<\/li>\n<li><strong>Schwei\u00dfen<\/strong>: 3 Seiten<\/li>\n<li><strong>Betriebstemperatur<\/strong>: -50\u00b0C \/ +70\u00b0C<\/li>\n<\/ul>\n<\/div>\n<\/div>\n<div>\n<div>\n<p>&nbsp;<\/p>\n<\/div>\n<p><!--more--><\/p>\n<p>Dieses Produkt ist in mehreren Gr\u00f6\u00dfen erh\u00e4ltlich: <span style=\"color: #d12727;\"><a style=\"color: #d12727;\" href=\"https:\/\/www.csj-emballages.com\/de\/produit\/100-vakuumbeutel-zur-aufbewahrung-glatt-15-x-20-cm-90-%c2%b5\/\">15 x 20 cm<\/a><\/span> \/ <span style=\"color: #d12727;\"><a style=\"color: #d12727;\" href=\"https:\/\/www.csj-emballages.com\/de\/produit\/100-vakuumbeutel-zur-aufbewahrung-glatt-17-x-25-cm-90-%c2%b5\/\">17 x 25 cm<\/a><\/span> \/ <span style=\"color: #d12727;\"><a style=\"color: #d12727;\" href=\"https:\/\/www.csj-emballages.com\/de\/produit\/100-glatte-vakuumbeutel-zur-aufbewahrung-15-x-27-cm-90-%c2%b5\/\">15 x 27 cm<\/a><\/span> \/ <span style=\"color: #d12727;\"><a style=\"color: #d12727;\" href=\"https:\/\/www.csj-emballages.com\/de\/produit\/100-vakuumbeutel-zur-aufbewahrung-glatt-15-x-30-cm-90-%c2%b5\/\">15 x 30 cm<\/a><\/span> \/ <span style=\"color: #d12727;\"><a style=\"color: #d12727;\" href=\"https:\/\/www.csj-emballages.com\/de\/produit\/100-vakuumbeutel-zur-aufbewahrung-glatt-20-x-20-cm-90-%c2%b5\/\">20 x 20 cm<\/a><\/span> \/ <span style=\"color: #d12727;\"><a style=\"color: #d12727;\" href=\"https:\/\/www.csj-emballages.com\/de\/produit\/100-vakuumbeutel-zur-aufbewahrung-glatt-20-x-25-cm-90-%c2%b5\/\">20 x 25 cm<\/a><\/span> \/        <span style=\"color: #d12727;\"><a style=\"color: #d12727;\" href=\"https:\/\/www.csj-emballages.com\/de\/produit\/100-vakuumbeutel-zur-aufbewahrung-glatt-25-x-25-cm-90-%c2%b5\/\">25 x 25 cm<\/a><span style=\"color: #000000;\">\/<\/span><a style=\"color: #d12727;\" href=\"https:\/\/www.csj-emballages.com\/es\/produit\/100-bolsas-de-vacio-lisas-30-x-50-cm-90-%c2%b5\/\">30 x 50 cm<\/a><\/span><\/p>\n<\/div>\n<\/div>\n<div>\n<div>\n<div>\n<p>&nbsp;<\/p>\n<p><!--more--><\/p>\n<p><a href=\"\/?product_cat=sacs-sous-vide-lisses-90-\u03bcm\">Sehen Sie sich den Rest unseres Sortiments an glatten Vakuumbeuteln an<\/a><\/p>\n<\/div>\n<\/div>\n<\/div>\n<\/div>\n<\/div>\n<\/div>\n<\/div>\n<\/div>\n<\/div>\n<\/div>\n<\/div>\n<\/div>\n<\/div>\n<\/div>\n<div class=\"elementor-element elementor-element-2fb7445 e-no-lazyload e-flex e-con-boxed e-con e-parent e-lazyloaded\" data-id=\"2fb7445\" data-element_type=\"container\">\n<div class=\"e-con-inner\">\n<div class=\"elementor-element elementor-element-60494d9 elementor-widget elementor-widget-heading\" data-id=\"60494d9\" data-element_type=\"widget\" data-widget_type=\"heading.default\">\n<div class=\"elementor-widget-container\"><\/div>\n<\/div>\n<\/div>\n<\/div>\n","protected":false},"excerpt":{"rendered":"<p>Vakuumbeutel Beschreibung unseres glatten Vakuumbeutels zur Aufbewahrung 25 x 70 cm 90 \u00b5, 100 St\u00fcck<\/p>\n","protected":false},"featured_media":227337,"template":"","meta":{"_acf_changed":false},"product_brand":[],"product_cat":[1137,1170,3962,1235,1236,1237],"product_tag":[],"class_list":{"0":"post-265073","1":"product","2":"type-product","3":"status-publish","4":"has-post-thumbnail","6":"product_cat-lebensmittelverpackungen","7":"product_cat-metzgerei-und-feinkostgeschaft","8":"product_cat-sacke-und-beutel","9":"product_cat-vakuumbeutel","10":"product_cat-glatte-vakuumbeutel","11":"product_cat-glatte-vakuumbeutel-90-m","13":"first","14":"instock","15":"taxable","16":"shipping-taxable","17":"purchasable","18":"product-type-simple"},"acf":[],"yoast_head":"<!-- This site is optimized with the Yoast SEO Premium plugin v26.6 (Yoast SEO v26.6) - https:\/\/yoast.com\/wordpress\/plugins\/seo\/ -->\n<title>VAKUUMBEUTEL GLATT ZUR AUFBEWAHRUNG 25 x 70 cm 90 \u00b5, 100 ST\u00dcCK<\/title>\n<meta name=\"description\" content=\"Glatter Vakuumbeutel 25 x 70 cm 90 \u00b5, 100 St\u00fcck. Robust und ideal f\u00fcr die Langzeitaufbewahrung gro\u00dfer Lebensmittelst\u00fccke.\" \/>\n<meta name=\"robots\" content=\"index, follow, max-snippet:-1, max-image-preview:large, max-video-preview:-1\" \/>\n<link rel=\"canonical\" href=\"https:\/\/www.csj-emballages.com\/de\/produit\/vakuumbeutel-glatt-zur-aufbewahrung-25-x-70-cm-90-%c2%b5-100-stueck\/\" \/>\n<meta property=\"og:locale\" content=\"de_DE\" \/>\n<meta property=\"og:type\" content=\"article\" \/>\n<meta property=\"og:title\" content=\"Vakuumbeutel glatt zur Aufbewahrung 25 x 70 cm 90 \u00b5, 100 St\u00fcck\" \/>\n<meta property=\"og:description\" content=\"Glatter Vakuumbeutel 25 x 70 cm 90 \u00b5, 100 St\u00fcck. Robust und ideal f\u00fcr die Langzeitaufbewahrung gro\u00dfer Lebensmittelst\u00fccke.\" \/>\n<meta property=\"og:url\" content=\"https:\/\/www.csj-emballages.com\/de\/produit\/vakuumbeutel-glatt-zur-aufbewahrung-25-x-70-cm-90-%c2%b5-100-stueck\/\" \/>\n<meta property=\"og:site_name\" content=\"CSJ Emballages\" \/>\n<meta property=\"article:publisher\" content=\"https:\/\/www.facebook.com\/csjemballages\" \/>\n<meta property=\"article:modified_time\" content=\"2026-04-01T15:51:34+00:00\" \/>\n<meta property=\"og:image\" content=\"https:\/\/www.csj-emballages.com\/wp-content\/uploads\/2024\/03\/sac-cuisson-sous-vide-800x800-viande-2.webp\" \/>\n\t<meta property=\"og:image:width\" content=\"800\" \/>\n\t<meta property=\"og:image:height\" content=\"800\" \/>\n\t<meta property=\"og:image:type\" content=\"image\/jpeg\" \/>\n<meta name=\"twitter:card\" content=\"summary_large_image\" \/>\n<meta name=\"twitter:label1\" content=\"Gesch\u00e4tzte Lesezeit\" \/>\n\t<meta name=\"twitter:data1\" content=\"1\u00a0Minute\" \/>\n<script type=\"application\/ld+json\" class=\"yoast-schema-graph\">{\"@context\":\"https:\/\/schema.org\",\"@graph\":[{\"@type\":\"WebPage\",\"@id\":\"https:\/\/www.csj-emballages.com\/de\/produit\/vakuumbeutel-glatt-zur-aufbewahrung-25-x-70-cm-90-%c2%b5-100-stueck\/\",\"url\":\"https:\/\/www.csj-emballages.com\/de\/produit\/vakuumbeutel-glatt-zur-aufbewahrung-25-x-70-cm-90-%c2%b5-100-stueck\/\",\"name\":\"VAKUUMBEUTEL GLATT ZUR AUFBEWAHRUNG 25 x 70 cm 90 \u00b5, 100 ST\u00dcCK\",\"isPartOf\":{\"@id\":\"https:\/\/www.csj-emballages.com\/de\/#website\"},\"primaryImageOfPage\":{\"@id\":\"https:\/\/www.csj-emballages.com\/de\/produit\/vakuumbeutel-glatt-zur-aufbewahrung-25-x-70-cm-90-%c2%b5-100-stueck\/#primaryimage\"},\"image\":{\"@id\":\"https:\/\/www.csj-emballages.com\/de\/produit\/vakuumbeutel-glatt-zur-aufbewahrung-25-x-70-cm-90-%c2%b5-100-stueck\/#primaryimage\"},\"thumbnailUrl\":\"https:\/\/www.csj-emballages.com\/wp-content\/uploads\/2024\/03\/sac-cuisson-sous-vide-800x800-viande-2.webp\",\"datePublished\":\"2025-09-24T07:18:32+00:00\",\"dateModified\":\"2026-04-01T15:51:34+00:00\",\"description\":\"Glatter Vakuumbeutel 25 x 70 cm 90 \u00b5, 100 St\u00fcck. Robust und ideal f\u00fcr die Langzeitaufbewahrung gro\u00dfer Lebensmittelst\u00fccke.\",\"breadcrumb\":{\"@id\":\"https:\/\/www.csj-emballages.com\/de\/produit\/vakuumbeutel-glatt-zur-aufbewahrung-25-x-70-cm-90-%c2%b5-100-stueck\/#breadcrumb\"},\"inLanguage\":\"de\",\"potentialAction\":[{\"@type\":\"ReadAction\",\"target\":[\"https:\/\/www.csj-emballages.com\/de\/produit\/vakuumbeutel-glatt-zur-aufbewahrung-25-x-70-cm-90-%c2%b5-100-stueck\/\"]}]},{\"@type\":\"ImageObject\",\"inLanguage\":\"de\",\"@id\":\"https:\/\/www.csj-emballages.com\/de\/produit\/vakuumbeutel-glatt-zur-aufbewahrung-25-x-70-cm-90-%c2%b5-100-stueck\/#primaryimage\",\"url\":\"https:\/\/www.csj-emballages.com\/wp-content\/uploads\/2024\/03\/sac-cuisson-sous-vide-800x800-viande-2.webp\",\"contentUrl\":\"https:\/\/www.csj-emballages.com\/wp-content\/uploads\/2024\/03\/sac-cuisson-sous-vide-800x800-viande-2.webp\",\"width\":800,\"height\":800,\"caption\":\"sac sous vide\"},{\"@type\":\"BreadcrumbList\",\"@id\":\"https:\/\/www.csj-emballages.com\/de\/produit\/vakuumbeutel-glatt-zur-aufbewahrung-25-x-70-cm-90-%c2%b5-100-stueck\/#breadcrumb\",\"itemListElement\":[{\"@type\":\"ListItem\",\"position\":1,\"name\":\"Accueil\",\"item\":\"https:\/\/www.csj-emballages.com\/de\/universum-lebensmittelverpackungen\/\"},{\"@type\":\"ListItem\",\"position\":2,\"name\":\"Shop\",\"item\":\"https:\/\/www.csj-emballages.com\/shop\/\"},{\"@type\":\"ListItem\",\"position\":3,\"name\":\"Vakuumbeutel glatt zur Aufbewahrung 25 x 70 cm 90 \u00b5, 100 St\u00fcck\"}]},{\"@type\":\"WebSite\",\"@id\":\"https:\/\/www.csj-emballages.com\/de\/#website\",\"url\":\"https:\/\/www.csj-emballages.com\/de\/\",\"name\":\"CSJ Emballages\",\"description\":\"\",\"publisher\":{\"@id\":\"https:\/\/www.csj-emballages.com\/de\/#organization\"},\"potentialAction\":[{\"@type\":\"SearchAction\",\"target\":{\"@type\":\"EntryPoint\",\"urlTemplate\":\"https:\/\/www.csj-emballages.com\/de\/?s={search_term_string}\"},\"query-input\":{\"@type\":\"PropertyValueSpecification\",\"valueRequired\":true,\"valueName\":\"search_term_string\"}}],\"inLanguage\":\"de\"},{\"@type\":\"Organization\",\"@id\":\"https:\/\/www.csj-emballages.com\/de\/#Organization\/\",\"name\":\"CSJ Emballages\",\"url\":\"https:\/\/www.csj-emballages.com\/de\/\",\"logo\":{\"@type\":\"ImageObject\",\"inLanguage\":\"de\",\"@id\":\"https:\/\/www.csj-emballages.com\/de\/#\/schema\/logo\/image\/\",\"url\":\"https:\/\/www.csj-emballages.com\/wp-content\/uploads\/2023\/10\/logo_csj.webp\",\"contentUrl\":\"https:\/\/www.csj-emballages.com\/wp-content\/uploads\/2023\/10\/logo_csj.webp\",\"width\":250,\"height\":95,\"caption\":\"CSJ Emballages\"},\"image\":{\"@id\":\"https:\/\/www.csj-emballages.com\/de\/#\/schema\/logo\/image\/\"},\"sameAs\":[\"https:\/\/www.facebook.com\/csjemballages\"],\"address\":{\"@type\":\"PostalAddress\",\"streetAddress\":\"ZI La Lechere\",\"addressLocality\":\"Patornay\",\"postalCode\":\"39130\",\"addressCountry\":\"FR\"},\"contactPoint\":[{\"@type\":\"ContactPoint\",\"contactType\":\"Service client\",\"telephone\":\"0384254272\",\"email\":\"contact@csj-emballages.com\"}]}]}<\/script>\n<!-- \/ Yoast SEO Premium plugin. -->","yoast_head_json":{"title":"VAKUUMBEUTEL GLATT ZUR AUFBEWAHRUNG 25 x 70 cm 90 \u00b5, 100 ST\u00dcCK","description":"Glatter Vakuumbeutel 25 x 70 cm 90 \u00b5, 100 St\u00fcck. Robust und ideal f\u00fcr die Langzeitaufbewahrung gro\u00dfer Lebensmittelst\u00fccke.","robots":{"index":"index","follow":"follow","max-snippet":"max-snippet:-1","max-image-preview":"max-image-preview:large","max-video-preview":"max-video-preview:-1"},"canonical":"https:\/\/www.csj-emballages.com\/de\/produit\/vakuumbeutel-glatt-zur-aufbewahrung-25-x-70-cm-90-%c2%b5-100-stueck\/","og_locale":"de_DE","og_type":"article","og_title":"Vakuumbeutel glatt zur Aufbewahrung 25 x 70 cm 90 \u00b5, 100 St\u00fcck","og_description":"Glatter Vakuumbeutel 25 x 70 cm 90 \u00b5, 100 St\u00fcck. Robust und ideal f\u00fcr die Langzeitaufbewahrung gro\u00dfer Lebensmittelst\u00fccke.","og_url":"https:\/\/www.csj-emballages.com\/de\/produit\/vakuumbeutel-glatt-zur-aufbewahrung-25-x-70-cm-90-%c2%b5-100-stueck\/","og_site_name":"CSJ Emballages","article_publisher":"https:\/\/www.facebook.com\/csjemballages","article_modified_time":"2026-04-01T15:51:34+00:00","og_image":[{"width":800,"height":800,"url":"https:\/\/www.csj-emballages.com\/wp-content\/uploads\/2024\/03\/sac-cuisson-sous-vide-800x800-viande-2.webp","type":"image\/jpeg"}],"twitter_card":"summary_large_image","twitter_misc":{"Gesch\u00e4tzte Lesezeit":"1\u00a0Minute"},"schema":{"@context":"https:\/\/schema.org","@graph":[{"@type":"WebPage","@id":"https:\/\/www.csj-emballages.com\/de\/produit\/vakuumbeutel-glatt-zur-aufbewahrung-25-x-70-cm-90-%c2%b5-100-stueck\/","url":"https:\/\/www.csj-emballages.com\/de\/produit\/vakuumbeutel-glatt-zur-aufbewahrung-25-x-70-cm-90-%c2%b5-100-stueck\/","name":"VAKUUMBEUTEL GLATT ZUR AUFBEWAHRUNG 25 x 70 cm 90 \u00b5, 100 ST\u00dcCK","isPartOf":{"@id":"https:\/\/www.csj-emballages.com\/de\/#website"},"primaryImageOfPage":{"@id":"https:\/\/www.csj-emballages.com\/de\/produit\/vakuumbeutel-glatt-zur-aufbewahrung-25-x-70-cm-90-%c2%b5-100-stueck\/#primaryimage"},"image":{"@id":"https:\/\/www.csj-emballages.com\/de\/produit\/vakuumbeutel-glatt-zur-aufbewahrung-25-x-70-cm-90-%c2%b5-100-stueck\/#primaryimage"},"thumbnailUrl":"https:\/\/www.csj-emballages.com\/wp-content\/uploads\/2024\/03\/sac-cuisson-sous-vide-800x800-viande-2.webp","datePublished":"2025-09-24T07:18:32+00:00","dateModified":"2026-04-01T15:51:34+00:00","description":"Glatter Vakuumbeutel 25 x 70 cm 90 \u00b5, 100 St\u00fcck. Robust und ideal f\u00fcr die Langzeitaufbewahrung gro\u00dfer Lebensmittelst\u00fccke.","breadcrumb":{"@id":"https:\/\/www.csj-emballages.com\/de\/produit\/vakuumbeutel-glatt-zur-aufbewahrung-25-x-70-cm-90-%c2%b5-100-stueck\/#breadcrumb"},"inLanguage":"de","potentialAction":[{"@type":"ReadAction","target":["https:\/\/www.csj-emballages.com\/de\/produit\/vakuumbeutel-glatt-zur-aufbewahrung-25-x-70-cm-90-%c2%b5-100-stueck\/"]}]},{"@type":"ImageObject","inLanguage":"de","@id":"https:\/\/www.csj-emballages.com\/de\/produit\/vakuumbeutel-glatt-zur-aufbewahrung-25-x-70-cm-90-%c2%b5-100-stueck\/#primaryimage","url":"https:\/\/www.csj-emballages.com\/wp-content\/uploads\/2024\/03\/sac-cuisson-sous-vide-800x800-viande-2.webp","contentUrl":"https:\/\/www.csj-emballages.com\/wp-content\/uploads\/2024\/03\/sac-cuisson-sous-vide-800x800-viande-2.webp","width":800,"height":800,"caption":"sac sous vide"},{"@type":"BreadcrumbList","@id":"https:\/\/www.csj-emballages.com\/de\/produit\/vakuumbeutel-glatt-zur-aufbewahrung-25-x-70-cm-90-%c2%b5-100-stueck\/#breadcrumb","itemListElement":[{"@type":"ListItem","position":1,"name":"Accueil","item":"https:\/\/www.csj-emballages.com\/de\/universum-lebensmittelverpackungen\/"},{"@type":"ListItem","position":2,"name":"Shop","item":"https:\/\/www.csj-emballages.com\/shop\/"},{"@type":"ListItem","position":3,"name":"Vakuumbeutel glatt zur Aufbewahrung 25 x 70 cm 90 \u00b5, 100 St\u00fcck"}]},{"@type":"WebSite","@id":"https:\/\/www.csj-emballages.com\/de\/#website","url":"https:\/\/www.csj-emballages.com\/de\/","name":"CSJ Emballages","description":"","publisher":{"@id":"https:\/\/www.csj-emballages.com\/de\/#organization"},"potentialAction":[{"@type":"SearchAction","target":{"@type":"EntryPoint","urlTemplate":"https:\/\/www.csj-emballages.com\/de\/?s={search_term_string}"},"query-input":{"@type":"PropertyValueSpecification","valueRequired":true,"valueName":"search_term_string"}}],"inLanguage":"de"},{"@type":"Organization","@id":"https:\/\/www.csj-emballages.com\/de\/#Organization\/","name":"CSJ Emballages","url":"https:\/\/www.csj-emballages.com\/de\/","logo":{"@type":"ImageObject","inLanguage":"de","@id":"https:\/\/www.csj-emballages.com\/de\/#\/schema\/logo\/image\/","url":"https:\/\/www.csj-emballages.com\/wp-content\/uploads\/2023\/10\/logo_csj.webp","contentUrl":"https:\/\/www.csj-emballages.com\/wp-content\/uploads\/2023\/10\/logo_csj.webp","width":250,"height":95,"caption":"CSJ Emballages"},"image":{"@id":"https:\/\/www.csj-emballages.com\/de\/#\/schema\/logo\/image\/"},"sameAs":["https:\/\/www.facebook.com\/csjemballages"],"address":{"@type":"PostalAddress","streetAddress":"ZI La Lechere","addressLocality":"Patornay","postalCode":"39130","addressCountry":"FR"},"contactPoint":[{"@type":"ContactPoint","contactType":"Service client","telephone":"0384254272","email":"contact@csj-emballages.com"}]}]}},"df_price":18.92,"df_sale_price":"","df_regular_price":18.92,"df_image_link":"https:\/\/www.csj-emballages.com\/wp-content\/uploads\/2024\/03\/sac-cuisson-sous-vide-800x800-viande-2-300x300.webp","tiered_pricing_type":"fixed","tiered_pricing_fixed_rules":[],"tiered_pricing_percentage_rules":[],"tiered_pricing_minimum":1,"tiered_pricing_roles_data":[],"_links":{"self":[{"href":"https:\/\/www.csj-emballages.com\/de\/wp-json\/wp\/v2\/product\/265073","targetHints":{"allow":["GET"]}}],"collection":[{"href":"https:\/\/www.csj-emballages.com\/de\/wp-json\/wp\/v2\/product"}],"about":[{"href":"https:\/\/www.csj-emballages.com\/de\/wp-json\/wp\/v2\/types\/product"}],"wp:featuredmedia":[{"embeddable":true,"href":"https:\/\/www.csj-emballages.com\/de\/wp-json\/wp\/v2\/media\/227337"}],"wp:attachment":[{"href":"https:\/\/www.csj-emballages.com\/de\/wp-json\/wp\/v2\/media?parent=265073"}],"wp:term":[{"taxonomy":"product_brand","embeddable":true,"href":"https:\/\/www.csj-emballages.com\/de\/wp-json\/wp\/v2\/product_brand?post=265073"},{"taxonomy":"product_cat","embeddable":true,"href":"https:\/\/www.csj-emballages.com\/de\/wp-json\/wp\/v2\/product_cat?post=265073"},{"taxonomy":"product_tag","embeddable":true,"href":"https:\/\/www.csj-emballages.com\/de\/wp-json\/wp\/v2\/product_tag?post=265073"}],"curies":[{"name":"wp","href":"https:\/\/api.w.org\/{rel}","templated":true}]}}