{"id":265066,"date":"2026-02-18T12:18:27","date_gmt":"2026-02-18T11:18:27","guid":{"rendered":"https:\/\/www.csj-emballages.com\/produit\/weisse-oekobecher-28-cl-ohne-eichstrich-6er-set\/"},"modified":"2026-03-12T16:24:00","modified_gmt":"2026-03-12T15:24:00","slug":"weisse-oekobecher-28-cl-ohne-eichstrich-6er-set","status":"publish","type":"product","link":"https:\/\/www.csj-emballages.com\/de\/produit\/weisse-oekobecher-28-cl-ohne-eichstrich-6er-set\/","title":{"rendered":"Wei\u00dfe \u00d6kobecher 28 cl ohne Eichstrich 6er-Set"},"content":{"rendered":"<h2>Mehrwegbecher<\/h2>\n<hr>\n<h3>Wei\u00dfer \u00d6kobecher 28 cl ohne Eichstrich 6er-Set<\/h3>\n<p><!--more--><\/p>\n<p data-start=\"70\" data-end=\"420\">Die <strong>wei\u00dfen Ecocup-Becher mit 28 cl<\/strong> sind ein hervorragendes Produkt f\u00fcr Events, Festivals sowie Ausschankst\u00e4nde und Betriebe. Wiederverwendbar und robust ersetzen sie <strong>Einwegbecher<\/strong> bei einmaligen Veranstaltungen oder regelm\u00e4\u00dfiger Nutzung effektiv. <\/p>\n<p data-start=\"422\" data-end=\"727\">Mit ihrem <strong>Fassungsverm\u00f6gen von 28 cl<\/strong> eignen sie sich perfekt f\u00fcr <strong>Kaltgetr\u00e4nke<\/strong> wie <strong>Limonaden, S\u00e4fte, Biere, Cocktails oder aromatisiertes Wasser<\/strong>. Die leicht <strong>wei\u00dfe<\/strong> Ausf\u00fchrung wirkt schlicht und vielseitig \u2013 passend f\u00fcr alle Arten von Veranstaltungen: sportliche, kulturelle, private oder professionelle. <\/p>\n<p data-start=\"729\" data-end=\"1062\">Ebenso bieten diese <strong>Ecocup-Becher<\/strong> <strong>ohne Eichung<\/strong> v\u00f6llige Nutzungsfreiheit und eignen sich besonders f\u00fcr Einrichtungen, die ihre Ausschankmengen selbst verwalten m\u00f6chten. Ihr robustes Material erm\u00f6glicht vielfache Wiederverwendung ohne Risse oder Verformungen und garantiert somit ein ausgezeichnetes Preis-Leistungs-Verh\u00e4ltnis auf lange Sicht. <\/p>\n<p data-start=\"1064\" data-end=\"1324\">Zusammengefasst: Leicht zu reinigen und zu lagern, f\u00fcgen sie sich perfekt in einen <strong>umweltbewussten Ansatz<\/strong> ein, indem sie Abfall reduzieren.<\/p>\n<p data-start=\"1064\" data-end=\"1324\"><!--more--><\/p>\n<h4>Vorteile :<\/h4>\n<ul>\n<li data-start=\"1359\" data-end=\"1392\">Vielseitiges Fassungsverm\u00f6gen von <strong>28 cl<\/strong>.<\/li>\n<li data-start=\"1395\" data-end=\"1422\">Wiederverwendbar und robust.<\/li>\n<li data-start=\"1425\" data-end=\"1457\">Nachhaltige Alternative zu Einweg.<\/li>\n<li data-start=\"1460\" data-end=\"1509\">Schlichte, moderne <strong>wei\u00dfe<\/strong> Ausf\u00fchrung.<\/li>\n<li data-start=\"1512\" data-end=\"1553\">Ohne Eichung f\u00fcr flexible Nutzung.<\/li>\n<li data-start=\"1556\" data-end=\"1602\">Ideal f\u00fcr Veranstaltungen, Festivals und Getr\u00e4nkest\u00e4nde.<\/li>\n<li data-start=\"1605\" data-end=\"1638\">Praktische Verpackung <strong>im 6er-Set<\/strong>.<\/li>\n<\/ul>\n<p>&nbsp;<\/p>\n<p><!--more--><\/p>\n<h4>Weitere Informationen :<\/h4>\n<ul>\n<li><strong>Verpackung: <\/strong>6er-Packung<\/li>\n<li><strong>Volumen: <\/strong>28 cl<\/li>\n<li><strong>Durchmesser unten:<\/strong> 52 mm<\/li>\n<li><strong>Durchmesser oben: <\/strong>70 mm<\/li>\n<li><strong>H\u00f6he<\/strong>: 102 mm<\/li>\n<li><strong>Farbe: <\/strong>Wei\u00df<\/li>\n<li><strong>Material: <\/strong>Polypropylen<\/li>\n<\/ul>\n<p>&nbsp;<\/p>\n<p><!--more--><\/p>\n<p>Diese Becher sind auch transparent erh\u00e4ltlich: <span style=\"color: #d12727;\"><a style=\"color: #d12727;\" href=\"https:\/\/www.csj-emballages.com\/es\/produit\/vaso-ecocup-transparente-28-cl-sin-graduar-pack-de-24\/\">ECO1<\/a><\/span><\/p>\n<p>&nbsp;<\/p>\n<p><!--more--><\/p>\n<p><a href=\"https:\/\/www.csj-emballages.com\/de\/categorie-produit\/lebensmittelverpackungen\/wiederverwendbares-geschirr\/\">Sehen Sie sich den Rest unseres Sortiments an wiederverwendbarem Geschirr an.<\/a><\/p>\n","protected":false},"excerpt":{"rendered":"<p>Mehrwegbecher Wei\u00dfer \u00d6kobecher 28 cl ohne Eichstrich 6er-Set<\/p>\n","protected":false},"featured_media":265053,"template":"","meta":{"_acf_changed":false},"product_brand":[],"product_cat":[1137,1134,1469,1470,6726],"product_tag":[],"class_list":{"0":"post-265066","1":"product","2":"type-product","3":"status-publish","4":"has-post-thumbnail","6":"product_cat-lebensmittelverpackungen","7":"product_cat-restauration-de","8":"product_cat-becher-glaser-eimer-flaschen","9":"product_cat-unzerbrechliche-wiederverwendbare-glaser-becher","10":"product_cat-wiederverwendbares-geschirr","12":"first","13":"instock","14":"taxable","15":"shipping-taxable","16":"purchasable","17":"product-type-simple"},"acf":[],"yoast_head":"<!-- This site is optimized with the Yoast SEO Premium plugin v26.6 (Yoast SEO v26.6) - https:\/\/yoast.com\/wordpress\/plugins\/seo\/ -->\n<title>Wei\u00dfe \u00d6kobecher 28 cl ohne Eichstrich 6er-Set<\/title>\n<meta name=\"description\" content=\"Wei\u00dfer Ecocup-Becher 28 cl, ohne Eichstrich, wiederverwendbar und robust. Ideal f\u00fcr Veranstaltungen, Festivals und Getr\u00e4nkest\u00e4nde. Set mit 6 St\u00fcck.\" \/>\n<meta name=\"robots\" content=\"index, follow, max-snippet:-1, max-image-preview:large, max-video-preview:-1\" \/>\n<link rel=\"canonical\" href=\"https:\/\/www.csj-emballages.com\/de\/produit\/weisse-oekobecher-28-cl-ohne-eichstrich-6er-set\/\" \/>\n<meta property=\"og:locale\" content=\"de_DE\" \/>\n<meta property=\"og:type\" content=\"article\" \/>\n<meta property=\"og:title\" content=\"Wei\u00dfe \u00d6kobecher 28 cl ohne Eichstrich 6er-Set\" \/>\n<meta property=\"og:description\" content=\"Wei\u00dfer Ecocup-Becher 28 cl, ohne Eichstrich, wiederverwendbar und robust. Ideal f\u00fcr Veranstaltungen, Festivals und Getr\u00e4nkest\u00e4nde. Set mit 6 St\u00fcck.\" \/>\n<meta property=\"og:url\" content=\"https:\/\/www.csj-emballages.com\/de\/produit\/weisse-oekobecher-28-cl-ohne-eichstrich-6er-set\/\" \/>\n<meta property=\"og:site_name\" content=\"CSJ Emballages\" \/>\n<meta property=\"article:publisher\" content=\"https:\/\/www.facebook.com\/csjemballages\" \/>\n<meta property=\"article:modified_time\" content=\"2026-03-12T15:24:00+00:00\" \/>\n<meta property=\"og:image\" content=\"https:\/\/www.csj-emballages.com\/wp-content\/uploads\/2026\/02\/ECO2.webp\" \/>\n\t<meta property=\"og:image:width\" content=\"800\" \/>\n\t<meta property=\"og:image:height\" content=\"800\" \/>\n\t<meta property=\"og:image:type\" content=\"image\/webp\" \/>\n<meta name=\"twitter:card\" content=\"summary_large_image\" \/>\n<meta name=\"twitter:label1\" content=\"Gesch\u00e4tzte Lesezeit\" \/>\n\t<meta name=\"twitter:data1\" content=\"1\u00a0Minute\" \/>\n<script type=\"application\/ld+json\" class=\"yoast-schema-graph\">{\"@context\":\"https:\/\/schema.org\",\"@graph\":[{\"@type\":\"WebPage\",\"@id\":\"https:\/\/www.csj-emballages.com\/de\/produit\/weisse-oekobecher-28-cl-ohne-eichstrich-6er-set\/\",\"url\":\"https:\/\/www.csj-emballages.com\/de\/produit\/weisse-oekobecher-28-cl-ohne-eichstrich-6er-set\/\",\"name\":\"Wei\u00dfe \u00d6kobecher 28 cl ohne Eichstrich 6er-Set\",\"isPartOf\":{\"@id\":\"https:\/\/www.csj-emballages.com\/de\/#website\"},\"primaryImageOfPage\":{\"@id\":\"https:\/\/www.csj-emballages.com\/de\/produit\/weisse-oekobecher-28-cl-ohne-eichstrich-6er-set\/#primaryimage\"},\"image\":{\"@id\":\"https:\/\/www.csj-emballages.com\/de\/produit\/weisse-oekobecher-28-cl-ohne-eichstrich-6er-set\/#primaryimage\"},\"thumbnailUrl\":\"https:\/\/www.csj-emballages.com\/wp-content\/uploads\/2026\/02\/ECO2.webp\",\"datePublished\":\"2026-02-18T11:18:27+00:00\",\"dateModified\":\"2026-03-12T15:24:00+00:00\",\"description\":\"Wei\u00dfer Ecocup-Becher 28 cl, ohne Eichstrich, wiederverwendbar und robust. Ideal f\u00fcr Veranstaltungen, Festivals und Getr\u00e4nkest\u00e4nde. Set mit 6 St\u00fcck.\",\"breadcrumb\":{\"@id\":\"https:\/\/www.csj-emballages.com\/de\/produit\/weisse-oekobecher-28-cl-ohne-eichstrich-6er-set\/#breadcrumb\"},\"inLanguage\":\"de\",\"potentialAction\":[{\"@type\":\"ReadAction\",\"target\":[\"https:\/\/www.csj-emballages.com\/de\/produit\/weisse-oekobecher-28-cl-ohne-eichstrich-6er-set\/\"]}]},{\"@type\":\"ImageObject\",\"inLanguage\":\"de\",\"@id\":\"https:\/\/www.csj-emballages.com\/de\/produit\/weisse-oekobecher-28-cl-ohne-eichstrich-6er-set\/#primaryimage\",\"url\":\"https:\/\/www.csj-emballages.com\/wp-content\/uploads\/2026\/02\/ECO2.webp\",\"contentUrl\":\"https:\/\/www.csj-emballages.com\/wp-content\/uploads\/2026\/02\/ECO2.webp\",\"width\":800,\"height\":800,\"caption\":\"Gobelet \u00e9cocup\"},{\"@type\":\"BreadcrumbList\",\"@id\":\"https:\/\/www.csj-emballages.com\/de\/produit\/weisse-oekobecher-28-cl-ohne-eichstrich-6er-set\/#breadcrumb\",\"itemListElement\":[{\"@type\":\"ListItem\",\"position\":1,\"name\":\"Accueil\",\"item\":\"https:\/\/www.csj-emballages.com\/de\/universum-lebensmittelverpackungen\/\"},{\"@type\":\"ListItem\",\"position\":2,\"name\":\"Shop\",\"item\":\"https:\/\/www.csj-emballages.com\/shop\/\"},{\"@type\":\"ListItem\",\"position\":3,\"name\":\"Wei\u00dfe \u00d6kobecher 28 cl ohne Eichstrich 6er-Set\"}]},{\"@type\":\"WebSite\",\"@id\":\"https:\/\/www.csj-emballages.com\/de\/#website\",\"url\":\"https:\/\/www.csj-emballages.com\/de\/\",\"name\":\"CSJ Emballages\",\"description\":\"\",\"publisher\":{\"@id\":\"https:\/\/www.csj-emballages.com\/de\/#organization\"},\"potentialAction\":[{\"@type\":\"SearchAction\",\"target\":{\"@type\":\"EntryPoint\",\"urlTemplate\":\"https:\/\/www.csj-emballages.com\/de\/?s={search_term_string}\"},\"query-input\":{\"@type\":\"PropertyValueSpecification\",\"valueRequired\":true,\"valueName\":\"search_term_string\"}}],\"inLanguage\":\"de\"},{\"@type\":\"Organization\",\"@id\":\"https:\/\/www.csj-emballages.com\/de\/#Organization\/\",\"name\":\"CSJ Emballages\",\"url\":\"https:\/\/www.csj-emballages.com\/de\/\",\"logo\":{\"@type\":\"ImageObject\",\"inLanguage\":\"de\",\"@id\":\"https:\/\/www.csj-emballages.com\/de\/#\/schema\/logo\/image\/\",\"url\":\"https:\/\/www.csj-emballages.com\/wp-content\/uploads\/2023\/10\/logo_csj.webp\",\"contentUrl\":\"https:\/\/www.csj-emballages.com\/wp-content\/uploads\/2023\/10\/logo_csj.webp\",\"width\":250,\"height\":95,\"caption\":\"CSJ Emballages\"},\"image\":{\"@id\":\"https:\/\/www.csj-emballages.com\/de\/#\/schema\/logo\/image\/\"},\"sameAs\":[\"https:\/\/www.facebook.com\/csjemballages\"],\"address\":{\"@type\":\"PostalAddress\",\"streetAddress\":\"ZI La Lechere\",\"addressLocality\":\"Patornay\",\"postalCode\":\"39130\",\"addressCountry\":\"FR\"},\"contactPoint\":[{\"@type\":\"ContactPoint\",\"contactType\":\"Service client\",\"telephone\":\"0384254272\",\"email\":\"contact@csj-emballages.com\"}]}]}<\/script>\n<!-- \/ Yoast SEO Premium plugin. -->","yoast_head_json":{"title":"Wei\u00dfe \u00d6kobecher 28 cl ohne Eichstrich 6er-Set","description":"Wei\u00dfer Ecocup-Becher 28 cl, ohne Eichstrich, wiederverwendbar und robust. Ideal f\u00fcr Veranstaltungen, Festivals und Getr\u00e4nkest\u00e4nde. Set mit 6 St\u00fcck.","robots":{"index":"index","follow":"follow","max-snippet":"max-snippet:-1","max-image-preview":"max-image-preview:large","max-video-preview":"max-video-preview:-1"},"canonical":"https:\/\/www.csj-emballages.com\/de\/produit\/weisse-oekobecher-28-cl-ohne-eichstrich-6er-set\/","og_locale":"de_DE","og_type":"article","og_title":"Wei\u00dfe \u00d6kobecher 28 cl ohne Eichstrich 6er-Set","og_description":"Wei\u00dfer Ecocup-Becher 28 cl, ohne Eichstrich, wiederverwendbar und robust. Ideal f\u00fcr Veranstaltungen, Festivals und Getr\u00e4nkest\u00e4nde. Set mit 6 St\u00fcck.","og_url":"https:\/\/www.csj-emballages.com\/de\/produit\/weisse-oekobecher-28-cl-ohne-eichstrich-6er-set\/","og_site_name":"CSJ Emballages","article_publisher":"https:\/\/www.facebook.com\/csjemballages","article_modified_time":"2026-03-12T15:24:00+00:00","og_image":[{"width":800,"height":800,"url":"https:\/\/www.csj-emballages.com\/wp-content\/uploads\/2026\/02\/ECO2.webp","type":"image\/webp"}],"twitter_card":"summary_large_image","twitter_misc":{"Gesch\u00e4tzte Lesezeit":"1\u00a0Minute"},"schema":{"@context":"https:\/\/schema.org","@graph":[{"@type":"WebPage","@id":"https:\/\/www.csj-emballages.com\/de\/produit\/weisse-oekobecher-28-cl-ohne-eichstrich-6er-set\/","url":"https:\/\/www.csj-emballages.com\/de\/produit\/weisse-oekobecher-28-cl-ohne-eichstrich-6er-set\/","name":"Wei\u00dfe \u00d6kobecher 28 cl ohne Eichstrich 6er-Set","isPartOf":{"@id":"https:\/\/www.csj-emballages.com\/de\/#website"},"primaryImageOfPage":{"@id":"https:\/\/www.csj-emballages.com\/de\/produit\/weisse-oekobecher-28-cl-ohne-eichstrich-6er-set\/#primaryimage"},"image":{"@id":"https:\/\/www.csj-emballages.com\/de\/produit\/weisse-oekobecher-28-cl-ohne-eichstrich-6er-set\/#primaryimage"},"thumbnailUrl":"https:\/\/www.csj-emballages.com\/wp-content\/uploads\/2026\/02\/ECO2.webp","datePublished":"2026-02-18T11:18:27+00:00","dateModified":"2026-03-12T15:24:00+00:00","description":"Wei\u00dfer Ecocup-Becher 28 cl, ohne Eichstrich, wiederverwendbar und robust. Ideal f\u00fcr Veranstaltungen, Festivals und Getr\u00e4nkest\u00e4nde. Set mit 6 St\u00fcck.","breadcrumb":{"@id":"https:\/\/www.csj-emballages.com\/de\/produit\/weisse-oekobecher-28-cl-ohne-eichstrich-6er-set\/#breadcrumb"},"inLanguage":"de","potentialAction":[{"@type":"ReadAction","target":["https:\/\/www.csj-emballages.com\/de\/produit\/weisse-oekobecher-28-cl-ohne-eichstrich-6er-set\/"]}]},{"@type":"ImageObject","inLanguage":"de","@id":"https:\/\/www.csj-emballages.com\/de\/produit\/weisse-oekobecher-28-cl-ohne-eichstrich-6er-set\/#primaryimage","url":"https:\/\/www.csj-emballages.com\/wp-content\/uploads\/2026\/02\/ECO2.webp","contentUrl":"https:\/\/www.csj-emballages.com\/wp-content\/uploads\/2026\/02\/ECO2.webp","width":800,"height":800,"caption":"Gobelet \u00e9cocup"},{"@type":"BreadcrumbList","@id":"https:\/\/www.csj-emballages.com\/de\/produit\/weisse-oekobecher-28-cl-ohne-eichstrich-6er-set\/#breadcrumb","itemListElement":[{"@type":"ListItem","position":1,"name":"Accueil","item":"https:\/\/www.csj-emballages.com\/de\/universum-lebensmittelverpackungen\/"},{"@type":"ListItem","position":2,"name":"Shop","item":"https:\/\/www.csj-emballages.com\/shop\/"},{"@type":"ListItem","position":3,"name":"Wei\u00dfe \u00d6kobecher 28 cl ohne Eichstrich 6er-Set"}]},{"@type":"WebSite","@id":"https:\/\/www.csj-emballages.com\/de\/#website","url":"https:\/\/www.csj-emballages.com\/de\/","name":"CSJ Emballages","description":"","publisher":{"@id":"https:\/\/www.csj-emballages.com\/de\/#organization"},"potentialAction":[{"@type":"SearchAction","target":{"@type":"EntryPoint","urlTemplate":"https:\/\/www.csj-emballages.com\/de\/?s={search_term_string}"},"query-input":{"@type":"PropertyValueSpecification","valueRequired":true,"valueName":"search_term_string"}}],"inLanguage":"de"},{"@type":"Organization","@id":"https:\/\/www.csj-emballages.com\/de\/#Organization\/","name":"CSJ Emballages","url":"https:\/\/www.csj-emballages.com\/de\/","logo":{"@type":"ImageObject","inLanguage":"de","@id":"https:\/\/www.csj-emballages.com\/de\/#\/schema\/logo\/image\/","url":"https:\/\/www.csj-emballages.com\/wp-content\/uploads\/2023\/10\/logo_csj.webp","contentUrl":"https:\/\/www.csj-emballages.com\/wp-content\/uploads\/2023\/10\/logo_csj.webp","width":250,"height":95,"caption":"CSJ Emballages"},"image":{"@id":"https:\/\/www.csj-emballages.com\/de\/#\/schema\/logo\/image\/"},"sameAs":["https:\/\/www.facebook.com\/csjemballages"],"address":{"@type":"PostalAddress","streetAddress":"ZI La Lechere","addressLocality":"Patornay","postalCode":"39130","addressCountry":"FR"},"contactPoint":[{"@type":"ContactPoint","contactType":"Service client","telephone":"0384254272","email":"contact@csj-emballages.com"}]}]}},"df_price":1.66,"df_sale_price":"","df_regular_price":1.66,"df_image_link":"https:\/\/www.csj-emballages.com\/wp-content\/uploads\/2026\/02\/ECO2-300x300.webp","tiered_pricing_type":"fixed","tiered_pricing_fixed_rules":[],"tiered_pricing_percentage_rules":[],"tiered_pricing_minimum":1,"tiered_pricing_roles_data":[],"_links":{"self":[{"href":"https:\/\/www.csj-emballages.com\/de\/wp-json\/wp\/v2\/product\/265066","targetHints":{"allow":["GET"]}}],"collection":[{"href":"https:\/\/www.csj-emballages.com\/de\/wp-json\/wp\/v2\/product"}],"about":[{"href":"https:\/\/www.csj-emballages.com\/de\/wp-json\/wp\/v2\/types\/product"}],"wp:featuredmedia":[{"embeddable":true,"href":"https:\/\/www.csj-emballages.com\/de\/wp-json\/wp\/v2\/media\/265053"}],"wp:attachment":[{"href":"https:\/\/www.csj-emballages.com\/de\/wp-json\/wp\/v2\/media?parent=265066"}],"wp:term":[{"taxonomy":"product_brand","embeddable":true,"href":"https:\/\/www.csj-emballages.com\/de\/wp-json\/wp\/v2\/product_brand?post=265066"},{"taxonomy":"product_cat","embeddable":true,"href":"https:\/\/www.csj-emballages.com\/de\/wp-json\/wp\/v2\/product_cat?post=265066"},{"taxonomy":"product_tag","embeddable":true,"href":"https:\/\/www.csj-emballages.com\/de\/wp-json\/wp\/v2\/product_tag?post=265066"}],"curies":[{"name":"wp","href":"https:\/\/api.w.org\/{rel}","templated":true}]}}