{"id":264972,"date":"2026-01-23T16:18:20","date_gmt":"2026-01-23T15:18:20","guid":{"rendered":"https:\/\/www.csj-emballages.com\/produit\/bagel-box-aus-braunem-karton-12-x-45-x-12-cm-100er-pack\/"},"modified":"2026-04-01T17:49:38","modified_gmt":"2026-04-01T15:49:38","slug":"bagel-box-aus-braunem-karton-12-x-45-x-12-cm-100er-pack","status":"publish","type":"product","link":"https:\/\/www.csj-emballages.com\/de\/produit\/bagel-box-aus-braunem-karton-12-x-45-x-12-cm-100er-pack\/","title":{"rendered":"Bagel-Box aus braunem Karton 12 x 4,5 x 12 cm 100er Pack"},"content":{"rendered":"<h2>Bagel-Box<\/h2>\n<hr>\n<h3>Entdecken Sie unsere Bagel-Box aus braunem Karton 12 x 4,5 x 12 cm im 100er Pack<\/h3>\n<p><!--more--><\/p>\n<p data-start=\"136\" data-end=\"433\">Die <strong>Bagel-Box aus braunem Karton 12 x 4,5 x 12 cm<\/strong> wurde speziell f\u00fcr Profis aus dem Snacking-Bereich, Sandwich-Shops, Coffee Shops und der Schnellgastronomie entwickelt. Sie erm\u00f6glicht es, Ihre <strong>Bagels<\/strong> einfach und effizient zu pr\u00e4sentieren und zu transportieren und dabei ihren appetitlichen Charakter hervorzuheben. <\/p>\n<p data-start=\"435\" data-end=\"791\">Ihr <strong>quadratisches Format<\/strong> ist perfekt auf <strong>Standard-Bagels<\/strong> abgestimmt. Die <strong>H\u00f6he von 4,5<\/strong> <strong>cm<\/strong> bietet guten Halt, selbst bei gro\u00dfz\u00fcgig belegten Varianten: Lachs, Frischk\u00e4se, Rohkost, H\u00e4hnchen, Avocado oder vegetarische Zubereitungen. Die Struktur h\u00e4lt das Produkt an Ort und Stelle, ohne es zu zerdr\u00fccken, wodurch die optische Qualit\u00e4t und der Zusammenhalt der Zutaten erhalten bleiben.  <\/p>\n<p data-start=\"793\" data-end=\"1033\">Hergestellt aus <strong>Wellpappe 220 g\/m\u00b2<\/strong> garantiert diese Box gute Stabilit\u00e4t und eine f\u00fcr den Au\u00dfer-Haus-Verkauf geeignete Festigkeit. Sie h\u00e4lt m\u00e4\u00dfiger Feuchtigkeit kalter Zubereitungen stand und sch\u00fctzt das Produkt w\u00e4hrend des Transports wirksam. <\/p>\n<p data-start=\"1035\" data-end=\"1290\">Ihr <strong>nat\u00fcrlicher Kraft-Farbton<\/strong> verleiht eine authentische und handwerkliche Note, die bei Street-Food-Konzepten und imagebewussten Betrieben sehr gesch\u00e4tzt wird. Einfach in der Handhabung erm\u00f6glicht sie einen schnellen und reibungslosen Service zu Sto\u00dfzeiten. <\/p>\n<p data-start=\"794\" data-end=\"948\"><!--more--><\/p>\n<h4 data-start=\"794\" data-end=\"948\">Vorteile :<\/h4>\n<ul>\n<li data-start=\"1468\" data-end=\"1510\">Abmessungen passend f\u00fcr Standard-Bagels.<\/li>\n<li data-start=\"1513\" data-end=\"1545\">Robuste <strong>Wellpappe 220 g\/m\u00b2<\/strong>.<\/li>\n<li data-start=\"1548\" data-end=\"1587\">Guter Halt bei gro\u00dfz\u00fcgigen F\u00fcllungen.<\/li>\n<li data-start=\"1590\" data-end=\"1623\">Ideal f\u00fcr den Au\u00dfer-Haus-Verkauf.<\/li>\n<li data-start=\"1626\" data-end=\"1668\">Nat\u00fcrliche und trendige Kraft-Optik.<\/li>\n<\/ul>\n<p>&nbsp;<\/p>\n<p><!--more--><\/p>\n<h4>Weitere Informationen :<\/h4>\n<ul>\n<li><strong>Verpackung<\/strong>: Packung mit 100 St\u00fcck<\/li>\n<li><strong>Abmessungen<\/strong>: 12 x 4,5 x 12 cm<\/li>\n<li><strong>Farbe<\/strong>: Braun<\/li>\n<li><strong>Material<\/strong>: Nano-Mikro-Karton<\/li>\n<li><strong>Betriebstemperatur<\/strong>: &#8211; 18\u00baC \/ + 70\u00baC.\n<div class=\"table-info-list__row\"><\/div>\n<\/li>\n<\/ul>\n<p>&nbsp;<\/p>\n<p><!--more--><\/p>\n<p><a href=\"\/?product_cat=pochettes-carton-frites-crepes-tacos-wraps-snack-restauration-emporter\">Sehen Sie sich den Rest unseres Sortiments an Bagel-Boxen an<\/a><\/p>\n","protected":false},"excerpt":{"rendered":"<p>Bagel-Box Entdecken Sie unsere Bagel-Box aus braunem Karton 12 x 4,5 x 12 cm im 100er Pack<\/p>\n","protected":false},"featured_media":264962,"template":"","meta":{"_acf_changed":false},"product_brand":[],"product_cat":[1137,1134,3974,3085],"product_tag":[],"class_list":{"0":"post-264972","1":"product","2":"type-product","3":"status-publish","4":"has-post-thumbnail","6":"product_cat-lebensmittelverpackungen","7":"product_cat-restauration-de","8":"product_cat-dosen-schalen-beutel-konen","9":"product_cat-frittierte-taschen-pfannkuchen-tacos-wraps","11":"first","12":"instock","13":"taxable","14":"shipping-taxable","15":"purchasable","16":"product-type-simple"},"acf":[],"yoast_head":"<!-- This site is optimized with the Yoast SEO Premium plugin v26.6 (Yoast SEO v26.6) - https:\/\/yoast.com\/wordpress\/plugins\/seo\/ -->\n<title>Bagel-Box aus braunem Karton 12 x 4,5 x 12 cm 100er Pack<\/title>\n<meta name=\"description\" content=\"Bagel-Box aus braunem Karton 12 x 4,5 x 12 cm. Robust und praktisch f\u00fcr den Au\u00dfer-Haus-Verkauf. Ideal f\u00fcr Snacking und Schnellgastronomie.\" \/>\n<meta name=\"robots\" content=\"index, follow, max-snippet:-1, max-image-preview:large, max-video-preview:-1\" \/>\n<link rel=\"canonical\" href=\"https:\/\/www.csj-emballages.com\/de\/produit\/bagel-box-aus-braunem-karton-12-x-45-x-12-cm-100er-pack\/\" \/>\n<meta property=\"og:locale\" content=\"de_DE\" \/>\n<meta property=\"og:type\" content=\"article\" \/>\n<meta property=\"og:title\" content=\"Bagel-Box aus braunem Karton 12 x 4,5 x 12 cm 100er Pack\" \/>\n<meta property=\"og:description\" content=\"Bagel-Box aus braunem Karton 12 x 4,5 x 12 cm. Robust und praktisch f\u00fcr den Au\u00dfer-Haus-Verkauf. Ideal f\u00fcr Snacking und Schnellgastronomie.\" \/>\n<meta property=\"og:url\" content=\"https:\/\/www.csj-emballages.com\/de\/produit\/bagel-box-aus-braunem-karton-12-x-45-x-12-cm-100er-pack\/\" \/>\n<meta property=\"og:site_name\" content=\"CSJ Emballages\" \/>\n<meta property=\"article:publisher\" content=\"https:\/\/www.facebook.com\/csjemballages\" \/>\n<meta property=\"article:modified_time\" content=\"2026-04-01T15:49:38+00:00\" \/>\n<meta property=\"og:image\" content=\"https:\/\/www.csj-emballages.com\/wp-content\/uploads\/2026\/01\/POCBAG.webp\" \/>\n\t<meta property=\"og:image:width\" content=\"800\" \/>\n\t<meta property=\"og:image:height\" content=\"800\" \/>\n\t<meta property=\"og:image:type\" content=\"image\/webp\" \/>\n<meta name=\"twitter:card\" content=\"summary_large_image\" \/>\n<meta name=\"twitter:label1\" content=\"Gesch\u00e4tzte Lesezeit\" \/>\n\t<meta name=\"twitter:data1\" content=\"1\u00a0Minute\" \/>\n<script type=\"application\/ld+json\" class=\"yoast-schema-graph\">{\"@context\":\"https:\/\/schema.org\",\"@graph\":[{\"@type\":\"WebPage\",\"@id\":\"https:\/\/www.csj-emballages.com\/de\/produit\/bagel-box-aus-braunem-karton-12-x-45-x-12-cm-100er-pack\/\",\"url\":\"https:\/\/www.csj-emballages.com\/de\/produit\/bagel-box-aus-braunem-karton-12-x-45-x-12-cm-100er-pack\/\",\"name\":\"Bagel-Box aus braunem Karton 12 x 4,5 x 12 cm 100er Pack\",\"isPartOf\":{\"@id\":\"https:\/\/www.csj-emballages.com\/de\/#website\"},\"primaryImageOfPage\":{\"@id\":\"https:\/\/www.csj-emballages.com\/de\/produit\/bagel-box-aus-braunem-karton-12-x-45-x-12-cm-100er-pack\/#primaryimage\"},\"image\":{\"@id\":\"https:\/\/www.csj-emballages.com\/de\/produit\/bagel-box-aus-braunem-karton-12-x-45-x-12-cm-100er-pack\/#primaryimage\"},\"thumbnailUrl\":\"https:\/\/www.csj-emballages.com\/wp-content\/uploads\/2026\/01\/POCBAG.webp\",\"datePublished\":\"2026-01-23T15:18:20+00:00\",\"dateModified\":\"2026-04-01T15:49:38+00:00\",\"description\":\"Bagel-Box aus braunem Karton 12 x 4,5 x 12 cm. Robust und praktisch f\u00fcr den Au\u00dfer-Haus-Verkauf. Ideal f\u00fcr Snacking und Schnellgastronomie.\",\"breadcrumb\":{\"@id\":\"https:\/\/www.csj-emballages.com\/de\/produit\/bagel-box-aus-braunem-karton-12-x-45-x-12-cm-100er-pack\/#breadcrumb\"},\"inLanguage\":\"de\",\"potentialAction\":[{\"@type\":\"ReadAction\",\"target\":[\"https:\/\/www.csj-emballages.com\/de\/produit\/bagel-box-aus-braunem-karton-12-x-45-x-12-cm-100er-pack\/\"]}]},{\"@type\":\"ImageObject\",\"inLanguage\":\"de\",\"@id\":\"https:\/\/www.csj-emballages.com\/de\/produit\/bagel-box-aus-braunem-karton-12-x-45-x-12-cm-100er-pack\/#primaryimage\",\"url\":\"https:\/\/www.csj-emballages.com\/wp-content\/uploads\/2026\/01\/POCBAG.webp\",\"contentUrl\":\"https:\/\/www.csj-emballages.com\/wp-content\/uploads\/2026\/01\/POCBAG.webp\",\"width\":800,\"height\":800,\"caption\":\"Boite \u00e0 bagel\"},{\"@type\":\"BreadcrumbList\",\"@id\":\"https:\/\/www.csj-emballages.com\/de\/produit\/bagel-box-aus-braunem-karton-12-x-45-x-12-cm-100er-pack\/#breadcrumb\",\"itemListElement\":[{\"@type\":\"ListItem\",\"position\":1,\"name\":\"Accueil\",\"item\":\"https:\/\/www.csj-emballages.com\/de\/universum-lebensmittelverpackungen\/\"},{\"@type\":\"ListItem\",\"position\":2,\"name\":\"Shop\",\"item\":\"https:\/\/www.csj-emballages.com\/shop\/\"},{\"@type\":\"ListItem\",\"position\":3,\"name\":\"Bagel-Box aus braunem Karton 12 x 4,5 x 12 cm 100er Pack\"}]},{\"@type\":\"WebSite\",\"@id\":\"https:\/\/www.csj-emballages.com\/de\/#website\",\"url\":\"https:\/\/www.csj-emballages.com\/de\/\",\"name\":\"CSJ Emballages\",\"description\":\"\",\"publisher\":{\"@id\":\"https:\/\/www.csj-emballages.com\/de\/#organization\"},\"potentialAction\":[{\"@type\":\"SearchAction\",\"target\":{\"@type\":\"EntryPoint\",\"urlTemplate\":\"https:\/\/www.csj-emballages.com\/de\/?s={search_term_string}\"},\"query-input\":{\"@type\":\"PropertyValueSpecification\",\"valueRequired\":true,\"valueName\":\"search_term_string\"}}],\"inLanguage\":\"de\"},{\"@type\":\"Organization\",\"@id\":\"https:\/\/www.csj-emballages.com\/de\/#Organization\/\",\"name\":\"CSJ Emballages\",\"url\":\"https:\/\/www.csj-emballages.com\/de\/\",\"logo\":{\"@type\":\"ImageObject\",\"inLanguage\":\"de\",\"@id\":\"https:\/\/www.csj-emballages.com\/de\/#\/schema\/logo\/image\/\",\"url\":\"https:\/\/www.csj-emballages.com\/wp-content\/uploads\/2023\/10\/logo_csj.webp\",\"contentUrl\":\"https:\/\/www.csj-emballages.com\/wp-content\/uploads\/2023\/10\/logo_csj.webp\",\"width\":250,\"height\":95,\"caption\":\"CSJ Emballages\"},\"image\":{\"@id\":\"https:\/\/www.csj-emballages.com\/de\/#\/schema\/logo\/image\/\"},\"sameAs\":[\"https:\/\/www.facebook.com\/csjemballages\"],\"address\":{\"@type\":\"PostalAddress\",\"streetAddress\":\"ZI La Lechere\",\"addressLocality\":\"Patornay\",\"postalCode\":\"39130\",\"addressCountry\":\"FR\"},\"contactPoint\":[{\"@type\":\"ContactPoint\",\"contactType\":\"Service client\",\"telephone\":\"0384254272\",\"email\":\"contact@csj-emballages.com\"}]}]}<\/script>\n<!-- \/ Yoast SEO Premium plugin. -->","yoast_head_json":{"title":"Bagel-Box aus braunem Karton 12 x 4,5 x 12 cm 100er Pack","description":"Bagel-Box aus braunem Karton 12 x 4,5 x 12 cm. Robust und praktisch f\u00fcr den Au\u00dfer-Haus-Verkauf. Ideal f\u00fcr Snacking und Schnellgastronomie.","robots":{"index":"index","follow":"follow","max-snippet":"max-snippet:-1","max-image-preview":"max-image-preview:large","max-video-preview":"max-video-preview:-1"},"canonical":"https:\/\/www.csj-emballages.com\/de\/produit\/bagel-box-aus-braunem-karton-12-x-45-x-12-cm-100er-pack\/","og_locale":"de_DE","og_type":"article","og_title":"Bagel-Box aus braunem Karton 12 x 4,5 x 12 cm 100er Pack","og_description":"Bagel-Box aus braunem Karton 12 x 4,5 x 12 cm. Robust und praktisch f\u00fcr den Au\u00dfer-Haus-Verkauf. Ideal f\u00fcr Snacking und Schnellgastronomie.","og_url":"https:\/\/www.csj-emballages.com\/de\/produit\/bagel-box-aus-braunem-karton-12-x-45-x-12-cm-100er-pack\/","og_site_name":"CSJ Emballages","article_publisher":"https:\/\/www.facebook.com\/csjemballages","article_modified_time":"2026-04-01T15:49:38+00:00","og_image":[{"width":800,"height":800,"url":"https:\/\/www.csj-emballages.com\/wp-content\/uploads\/2026\/01\/POCBAG.webp","type":"image\/webp"}],"twitter_card":"summary_large_image","twitter_misc":{"Gesch\u00e4tzte Lesezeit":"1\u00a0Minute"},"schema":{"@context":"https:\/\/schema.org","@graph":[{"@type":"WebPage","@id":"https:\/\/www.csj-emballages.com\/de\/produit\/bagel-box-aus-braunem-karton-12-x-45-x-12-cm-100er-pack\/","url":"https:\/\/www.csj-emballages.com\/de\/produit\/bagel-box-aus-braunem-karton-12-x-45-x-12-cm-100er-pack\/","name":"Bagel-Box aus braunem Karton 12 x 4,5 x 12 cm 100er Pack","isPartOf":{"@id":"https:\/\/www.csj-emballages.com\/de\/#website"},"primaryImageOfPage":{"@id":"https:\/\/www.csj-emballages.com\/de\/produit\/bagel-box-aus-braunem-karton-12-x-45-x-12-cm-100er-pack\/#primaryimage"},"image":{"@id":"https:\/\/www.csj-emballages.com\/de\/produit\/bagel-box-aus-braunem-karton-12-x-45-x-12-cm-100er-pack\/#primaryimage"},"thumbnailUrl":"https:\/\/www.csj-emballages.com\/wp-content\/uploads\/2026\/01\/POCBAG.webp","datePublished":"2026-01-23T15:18:20+00:00","dateModified":"2026-04-01T15:49:38+00:00","description":"Bagel-Box aus braunem Karton 12 x 4,5 x 12 cm. Robust und praktisch f\u00fcr den Au\u00dfer-Haus-Verkauf. Ideal f\u00fcr Snacking und Schnellgastronomie.","breadcrumb":{"@id":"https:\/\/www.csj-emballages.com\/de\/produit\/bagel-box-aus-braunem-karton-12-x-45-x-12-cm-100er-pack\/#breadcrumb"},"inLanguage":"de","potentialAction":[{"@type":"ReadAction","target":["https:\/\/www.csj-emballages.com\/de\/produit\/bagel-box-aus-braunem-karton-12-x-45-x-12-cm-100er-pack\/"]}]},{"@type":"ImageObject","inLanguage":"de","@id":"https:\/\/www.csj-emballages.com\/de\/produit\/bagel-box-aus-braunem-karton-12-x-45-x-12-cm-100er-pack\/#primaryimage","url":"https:\/\/www.csj-emballages.com\/wp-content\/uploads\/2026\/01\/POCBAG.webp","contentUrl":"https:\/\/www.csj-emballages.com\/wp-content\/uploads\/2026\/01\/POCBAG.webp","width":800,"height":800,"caption":"Boite \u00e0 bagel"},{"@type":"BreadcrumbList","@id":"https:\/\/www.csj-emballages.com\/de\/produit\/bagel-box-aus-braunem-karton-12-x-45-x-12-cm-100er-pack\/#breadcrumb","itemListElement":[{"@type":"ListItem","position":1,"name":"Accueil","item":"https:\/\/www.csj-emballages.com\/de\/universum-lebensmittelverpackungen\/"},{"@type":"ListItem","position":2,"name":"Shop","item":"https:\/\/www.csj-emballages.com\/shop\/"},{"@type":"ListItem","position":3,"name":"Bagel-Box aus braunem Karton 12 x 4,5 x 12 cm 100er Pack"}]},{"@type":"WebSite","@id":"https:\/\/www.csj-emballages.com\/de\/#website","url":"https:\/\/www.csj-emballages.com\/de\/","name":"CSJ Emballages","description":"","publisher":{"@id":"https:\/\/www.csj-emballages.com\/de\/#organization"},"potentialAction":[{"@type":"SearchAction","target":{"@type":"EntryPoint","urlTemplate":"https:\/\/www.csj-emballages.com\/de\/?s={search_term_string}"},"query-input":{"@type":"PropertyValueSpecification","valueRequired":true,"valueName":"search_term_string"}}],"inLanguage":"de"},{"@type":"Organization","@id":"https:\/\/www.csj-emballages.com\/de\/#Organization\/","name":"CSJ Emballages","url":"https:\/\/www.csj-emballages.com\/de\/","logo":{"@type":"ImageObject","inLanguage":"de","@id":"https:\/\/www.csj-emballages.com\/de\/#\/schema\/logo\/image\/","url":"https:\/\/www.csj-emballages.com\/wp-content\/uploads\/2023\/10\/logo_csj.webp","contentUrl":"https:\/\/www.csj-emballages.com\/wp-content\/uploads\/2023\/10\/logo_csj.webp","width":250,"height":95,"caption":"CSJ Emballages"},"image":{"@id":"https:\/\/www.csj-emballages.com\/de\/#\/schema\/logo\/image\/"},"sameAs":["https:\/\/www.facebook.com\/csjemballages"],"address":{"@type":"PostalAddress","streetAddress":"ZI La Lechere","addressLocality":"Patornay","postalCode":"39130","addressCountry":"FR"},"contactPoint":[{"@type":"ContactPoint","contactType":"Service client","telephone":"0384254272","email":"contact@csj-emballages.com"}]}]}},"df_price":10.74,"df_sale_price":"","df_regular_price":10.74,"df_image_link":"https:\/\/www.csj-emballages.com\/wp-content\/uploads\/2026\/01\/POCBAG-300x300.webp","tiered_pricing_type":"fixed","tiered_pricing_fixed_rules":[],"tiered_pricing_percentage_rules":[],"tiered_pricing_minimum":1,"tiered_pricing_roles_data":[],"_links":{"self":[{"href":"https:\/\/www.csj-emballages.com\/de\/wp-json\/wp\/v2\/product\/264972","targetHints":{"allow":["GET"]}}],"collection":[{"href":"https:\/\/www.csj-emballages.com\/de\/wp-json\/wp\/v2\/product"}],"about":[{"href":"https:\/\/www.csj-emballages.com\/de\/wp-json\/wp\/v2\/types\/product"}],"wp:featuredmedia":[{"embeddable":true,"href":"https:\/\/www.csj-emballages.com\/de\/wp-json\/wp\/v2\/media\/264962"}],"wp:attachment":[{"href":"https:\/\/www.csj-emballages.com\/de\/wp-json\/wp\/v2\/media?parent=264972"}],"wp:term":[{"taxonomy":"product_brand","embeddable":true,"href":"https:\/\/www.csj-emballages.com\/de\/wp-json\/wp\/v2\/product_brand?post=264972"},{"taxonomy":"product_cat","embeddable":true,"href":"https:\/\/www.csj-emballages.com\/de\/wp-json\/wp\/v2\/product_cat?post=264972"},{"taxonomy":"product_tag","embeddable":true,"href":"https:\/\/www.csj-emballages.com\/de\/wp-json\/wp\/v2\/product_tag?post=264972"}],"curies":[{"name":"wp","href":"https:\/\/api.w.org\/{rel}","templated":true}]}}