{"id":264901,"date":"2026-02-17T16:18:19","date_gmt":"2026-02-17T15:18:19","guid":{"rendered":"https:\/\/www.csj-emballages.com\/produit\/holzbackform-545-ml-mit-papier-10-stueck\/"},"modified":"2026-04-01T17:45:33","modified_gmt":"2026-04-01T15:45:33","slug":"holzbackform-545-ml-mit-papier-10-stueck","status":"publish","type":"product","link":"https:\/\/www.csj-emballages.com\/de\/produit\/holzbackform-545-ml-mit-papier-10-stueck\/","title":{"rendered":"Holzbackform 545 ml mit Papier, 10 St\u00fcck"},"content":{"rendered":"<h2>Holzbackform<\/h2>\n<hr>\n<h3>Entdecken Sie unsere Holzbackform 545 ml mit Papier, 10 St\u00fcck<\/h3>\n<p><!--more--><\/p>\n<p data-start=\"248\" data-end=\"506\"><strong>Die Holzbackform 545 ml<\/strong> ist die praktische und \u00e4sthetische L\u00f6sung, um Ihre Rezepte mit rustikalem und nat\u00fcrlichem Stil zuzubereiten und zu pr\u00e4sentieren. Mit ihren Ma\u00dfen <strong>\u00d811,8 x 5 cm<\/strong> bietet sie ein ideales Volumen f\u00fcr gro\u00dfz\u00fcgige Einzelportionen. <\/p>\n<p data-start=\"508\" data-end=\"752\">Hergestellt aus <strong>Pappelholz<\/strong>, ist sie mit einer <strong>Innenform aus silikonisiertem Papier<\/strong> ausgestattet, die speziell <strong>f\u00fcrs Backen geeignet<\/strong> ist. Diese Beschichtung verhindert das Anhaften von Speisen und sorgt f\u00fcr ein einfaches, sauberes Entformen \u2013 bei gleichm\u00e4\u00dfigem Backergebnis. <\/p>\n<p data-start=\"754\" data-end=\"1122\">Dieser <strong>Holzbecher<\/strong> ist ofenfest und erm\u00f6glicht <strong>Backen, Erw\u00e4rmen und Servieren<\/strong> direkt im selben Beh\u00e4lter. So vereinfacht er die Organisation in der Backstube, optimiert die Vorbereitungszeit und verbessert die finale Pr\u00e4sentation. Sein Design aus <strong>Naturholz<\/strong> verleiht Ihren Kreationen einen echten Mehrwert und st\u00e4rkt das handwerkliche, authentische Image Ihrer Produkte.  <\/p>\n<p data-start=\"1124\" data-end=\"1460\">Ideal f\u00fcr s\u00fc\u00dfe Rezepte wie <strong>Br\u00f6tchen, Flans, Kuchen und kreative Desserts<\/strong>, eignet er sich ebenso perfekt f\u00fcr herzhafte Zubereitungen wie <strong>Quiches oder Tartelettes<\/strong>. Besonders beliebt in B\u00e4ckerei, Konditorei, Confiserie und Catering: Dieses originelle Format hebt Sie mit einer gepflegten, nachhaltigen Pr\u00e4sentation ab. <\/p>\n<p data-start=\"1462\" data-end=\"1547\">Verpackt als <strong>Set mit 10 St\u00fcck<\/strong> erf\u00fcllt er die Anforderungen anspruchsvoller Profis.<\/p>\n<p data-start=\"1462\" data-end=\"1547\"><!--more--><\/p>\n<h4 data-start=\"1462\" data-end=\"1547\">Vorteile :<\/h4>\n<ul>\n<li data-start=\"1630\" data-end=\"1670\">Nat\u00fcrliches, \u00e4sthetisches <strong>Pappelholz<\/strong>.<\/li>\n<li data-start=\"1673\" data-end=\"1714\">Innenliegendes, antihaftbeschichtetes <strong>silikonisiertes Papier<\/strong>.<\/li>\n<li data-start=\"1717\" data-end=\"1749\">Ofenbackfest.<\/li>\n<li data-start=\"1752\" data-end=\"1804\">Backen, Erw\u00e4rmen und Servieren in derselben Form.<\/li>\n<li data-start=\"1807\" data-end=\"1856\">Aufwertende, rustikale und handwerkliche Pr\u00e4sentation.<\/li>\n<li data-start=\"1859\" data-end=\"1898\">Geeignet f\u00fcr <strong>s\u00fc\u00dfe und herzhafte Rezepte<\/strong>.<\/li>\n<li data-start=\"1901\" data-end=\"1949\">Ideal f\u00fcr B\u00e4cker, Konditoren und Caterer.<\/li>\n<\/ul>\n<p>&nbsp;<\/p>\n<p><!--more--><\/p>\n<h4>Weitere Informationen :<\/h4>\n<ul>\n<li><strong>Verpackung<\/strong>: Packung mit 10 St\u00fcck<\/li>\n<li><strong>Durchmesser<\/strong>: 11,8 cm<\/li>\n<li><strong>H\u00f6he<\/strong>: 5 cm<\/li>\n<li><strong>Volumen<\/strong>: 545 ml<\/li>\n<li><strong>Einsatztemperatur<\/strong>: -18\u00baC \/ +220\u00baC<\/li>\n<li><strong>Material<\/strong>: Holz \/ Papier<\/li>\n<\/ul>\n<p>&nbsp;<\/p>\n<p><!--more--><\/p>\n<p>Diese Holzbackform ist in verschiedenen Gr\u00f6\u00dfen erh\u00e4ltlich: <span style=\"color: #d12727;\"><a style=\"color: #d12727;\" href=\"https:\/\/www.csj-emballages.com\/es\/produit\/molde-de-madera-para-hornear-235-ml-con-papel-pack-de-10\/\">235 ml<\/a><\/span> \/ <span style=\"color: #d12727;\"><a style=\"color: #d12727;\" href=\"https:\/\/www.csj-emballages.com\/es\/produit\/molde-de-madera-para-horno-600-ml-con-papel-pack-de-10\/\">600 ml<\/a><\/span> \/ <span style=\"color: #d12727;\"><a style=\"color: #d12727;\" href=\"https:\/\/www.csj-emballages.com\/es\/produit\/molde-de-madera-para-hornear-700-ml-con-papel-pack-de-10\/\">700 ml<\/a><\/span><\/p>\n<p>&nbsp;<\/p>\n<p><!--more--><\/p>\n<p><a href=\"https:\/\/www.csj-emballages.com\/de\/categorie-produit\/lebensmittelverpackungen\/metzgerei-und-feinkostgeschaft\/schalen-dosen-und-glaser\/holzformen\/\">Entdecken Sie den Rest unseres Sortiments an Holzbackformen<\/a><\/p>\n","protected":false},"excerpt":{"rendered":"<p>Holzbackform Entdecken Sie unsere Holzbackform 545 ml mit Papier, 10 St\u00fcck<\/p>\n","protected":false},"featured_media":264895,"template":"","meta":{"_acf_changed":false},"product_brand":[],"product_cat":[1137,1170,2277,10260,1134,3975,10265],"product_tag":[],"class_list":{"0":"post-264901","1":"product","2":"type-product","3":"status-publish","4":"has-post-thumbnail","6":"product_cat-lebensmittelverpackungen","7":"product_cat-metzgerei-und-feinkostgeschaft","8":"product_cat-schalen-dosen-und-glaser","9":"product_cat-holzformen","10":"product_cat-restauration-de","11":"product_cat-topfe-schalen-becherhalter","14":"first","15":"outofstock","16":"taxable","17":"shipping-taxable","18":"purchasable","19":"product-type-simple"},"acf":[],"yoast_head":"<!-- This site is optimized with the Yoast SEO Premium plugin v26.6 (Yoast SEO v26.6) - https:\/\/yoast.com\/wordpress\/plugins\/seo\/ -->\n<title>Holzbackform 545 ml mit Papier, 10 St\u00fcck<\/title>\n<meta name=\"description\" content=\"Holzbackform 545 ml mit Papier, 10 St\u00fcck. Ideal f\u00fcr Kuchen und Brioches, direkt zum Backen und f\u00fcr eine ansprechende Pr\u00e4sentation.\" \/>\n<meta name=\"robots\" content=\"index, follow, max-snippet:-1, max-image-preview:large, max-video-preview:-1\" \/>\n<link rel=\"canonical\" href=\"https:\/\/www.csj-emballages.com\/de\/produit\/holzbackform-545-ml-mit-papier-10-stueck\/\" \/>\n<meta property=\"og:locale\" content=\"de_DE\" \/>\n<meta property=\"og:type\" content=\"article\" \/>\n<meta property=\"og:title\" content=\"Holzbackform 545 ml mit Papier, 10 St\u00fcck\" \/>\n<meta property=\"og:description\" content=\"Holzbackform 545 ml mit Papier, 10 St\u00fcck. Ideal f\u00fcr Kuchen und Brioches, direkt zum Backen und f\u00fcr eine ansprechende Pr\u00e4sentation.\" \/>\n<meta property=\"og:url\" content=\"https:\/\/www.csj-emballages.com\/de\/produit\/holzbackform-545-ml-mit-papier-10-stueck\/\" \/>\n<meta property=\"og:site_name\" content=\"CSJ Emballages\" \/>\n<meta property=\"article:publisher\" content=\"https:\/\/www.facebook.com\/csjemballages\" \/>\n<meta property=\"article:modified_time\" content=\"2026-04-01T15:45:33+00:00\" \/>\n<meta property=\"og:image\" content=\"https:\/\/www.csj-emballages.com\/wp-content\/uploads\/2026\/02\/28051.webp\" \/>\n\t<meta property=\"og:image:width\" content=\"800\" \/>\n\t<meta property=\"og:image:height\" content=\"800\" \/>\n\t<meta property=\"og:image:type\" content=\"image\/webp\" \/>\n<meta name=\"twitter:card\" content=\"summary_large_image\" \/>\n<meta name=\"twitter:label1\" content=\"Gesch\u00e4tzte Lesezeit\" \/>\n\t<meta name=\"twitter:data1\" content=\"1\u00a0Minute\" \/>\n<script type=\"application\/ld+json\" class=\"yoast-schema-graph\">{\"@context\":\"https:\/\/schema.org\",\"@graph\":[{\"@type\":\"WebPage\",\"@id\":\"https:\/\/www.csj-emballages.com\/de\/produit\/holzbackform-545-ml-mit-papier-10-stueck\/\",\"url\":\"https:\/\/www.csj-emballages.com\/de\/produit\/holzbackform-545-ml-mit-papier-10-stueck\/\",\"name\":\"Holzbackform 545 ml mit Papier, 10 St\u00fcck\",\"isPartOf\":{\"@id\":\"https:\/\/www.csj-emballages.com\/de\/#website\"},\"primaryImageOfPage\":{\"@id\":\"https:\/\/www.csj-emballages.com\/de\/produit\/holzbackform-545-ml-mit-papier-10-stueck\/#primaryimage\"},\"image\":{\"@id\":\"https:\/\/www.csj-emballages.com\/de\/produit\/holzbackform-545-ml-mit-papier-10-stueck\/#primaryimage\"},\"thumbnailUrl\":\"https:\/\/www.csj-emballages.com\/wp-content\/uploads\/2026\/02\/28051.webp\",\"datePublished\":\"2026-02-17T15:18:19+00:00\",\"dateModified\":\"2026-04-01T15:45:33+00:00\",\"description\":\"Holzbackform 545 ml mit Papier, 10 St\u00fcck. Ideal f\u00fcr Kuchen und Brioches, direkt zum Backen und f\u00fcr eine ansprechende Pr\u00e4sentation.\",\"breadcrumb\":{\"@id\":\"https:\/\/www.csj-emballages.com\/de\/produit\/holzbackform-545-ml-mit-papier-10-stueck\/#breadcrumb\"},\"inLanguage\":\"de\",\"potentialAction\":[{\"@type\":\"ReadAction\",\"target\":[\"https:\/\/www.csj-emballages.com\/de\/produit\/holzbackform-545-ml-mit-papier-10-stueck\/\"]}]},{\"@type\":\"ImageObject\",\"inLanguage\":\"de\",\"@id\":\"https:\/\/www.csj-emballages.com\/de\/produit\/holzbackform-545-ml-mit-papier-10-stueck\/#primaryimage\",\"url\":\"https:\/\/www.csj-emballages.com\/wp-content\/uploads\/2026\/02\/28051.webp\",\"contentUrl\":\"https:\/\/www.csj-emballages.com\/wp-content\/uploads\/2026\/02\/28051.webp\",\"width\":800,\"height\":800,\"caption\":\"Moule en bois\"},{\"@type\":\"BreadcrumbList\",\"@id\":\"https:\/\/www.csj-emballages.com\/de\/produit\/holzbackform-545-ml-mit-papier-10-stueck\/#breadcrumb\",\"itemListElement\":[{\"@type\":\"ListItem\",\"position\":1,\"name\":\"Accueil\",\"item\":\"https:\/\/www.csj-emballages.com\/de\/universum-lebensmittelverpackungen\/\"},{\"@type\":\"ListItem\",\"position\":2,\"name\":\"Shop\",\"item\":\"https:\/\/www.csj-emballages.com\/shop\/\"},{\"@type\":\"ListItem\",\"position\":3,\"name\":\"Holzbackform 545 ml mit Papier, 10 St\u00fcck\"}]},{\"@type\":\"WebSite\",\"@id\":\"https:\/\/www.csj-emballages.com\/de\/#website\",\"url\":\"https:\/\/www.csj-emballages.com\/de\/\",\"name\":\"CSJ Emballages\",\"description\":\"\",\"publisher\":{\"@id\":\"https:\/\/www.csj-emballages.com\/de\/#organization\"},\"potentialAction\":[{\"@type\":\"SearchAction\",\"target\":{\"@type\":\"EntryPoint\",\"urlTemplate\":\"https:\/\/www.csj-emballages.com\/de\/?s={search_term_string}\"},\"query-input\":{\"@type\":\"PropertyValueSpecification\",\"valueRequired\":true,\"valueName\":\"search_term_string\"}}],\"inLanguage\":\"de\"},{\"@type\":\"Organization\",\"@id\":\"https:\/\/www.csj-emballages.com\/de\/#Organization\/\",\"name\":\"CSJ Emballages\",\"url\":\"https:\/\/www.csj-emballages.com\/de\/\",\"logo\":{\"@type\":\"ImageObject\",\"inLanguage\":\"de\",\"@id\":\"https:\/\/www.csj-emballages.com\/de\/#\/schema\/logo\/image\/\",\"url\":\"https:\/\/www.csj-emballages.com\/wp-content\/uploads\/2023\/10\/logo_csj.webp\",\"contentUrl\":\"https:\/\/www.csj-emballages.com\/wp-content\/uploads\/2023\/10\/logo_csj.webp\",\"width\":250,\"height\":95,\"caption\":\"CSJ Emballages\"},\"image\":{\"@id\":\"https:\/\/www.csj-emballages.com\/de\/#\/schema\/logo\/image\/\"},\"sameAs\":[\"https:\/\/www.facebook.com\/csjemballages\"],\"address\":{\"@type\":\"PostalAddress\",\"streetAddress\":\"ZI La Lechere\",\"addressLocality\":\"Patornay\",\"postalCode\":\"39130\",\"addressCountry\":\"FR\"},\"contactPoint\":[{\"@type\":\"ContactPoint\",\"contactType\":\"Service client\",\"telephone\":\"0384254272\",\"email\":\"contact@csj-emballages.com\"}]}]}<\/script>\n<!-- \/ Yoast SEO Premium plugin. -->","yoast_head_json":{"title":"Holzbackform 545 ml mit Papier, 10 St\u00fcck","description":"Holzbackform 545 ml mit Papier, 10 St\u00fcck. Ideal f\u00fcr Kuchen und Brioches, direkt zum Backen und f\u00fcr eine ansprechende Pr\u00e4sentation.","robots":{"index":"index","follow":"follow","max-snippet":"max-snippet:-1","max-image-preview":"max-image-preview:large","max-video-preview":"max-video-preview:-1"},"canonical":"https:\/\/www.csj-emballages.com\/de\/produit\/holzbackform-545-ml-mit-papier-10-stueck\/","og_locale":"de_DE","og_type":"article","og_title":"Holzbackform 545 ml mit Papier, 10 St\u00fcck","og_description":"Holzbackform 545 ml mit Papier, 10 St\u00fcck. Ideal f\u00fcr Kuchen und Brioches, direkt zum Backen und f\u00fcr eine ansprechende Pr\u00e4sentation.","og_url":"https:\/\/www.csj-emballages.com\/de\/produit\/holzbackform-545-ml-mit-papier-10-stueck\/","og_site_name":"CSJ Emballages","article_publisher":"https:\/\/www.facebook.com\/csjemballages","article_modified_time":"2026-04-01T15:45:33+00:00","og_image":[{"width":800,"height":800,"url":"https:\/\/www.csj-emballages.com\/wp-content\/uploads\/2026\/02\/28051.webp","type":"image\/webp"}],"twitter_card":"summary_large_image","twitter_misc":{"Gesch\u00e4tzte Lesezeit":"1\u00a0Minute"},"schema":{"@context":"https:\/\/schema.org","@graph":[{"@type":"WebPage","@id":"https:\/\/www.csj-emballages.com\/de\/produit\/holzbackform-545-ml-mit-papier-10-stueck\/","url":"https:\/\/www.csj-emballages.com\/de\/produit\/holzbackform-545-ml-mit-papier-10-stueck\/","name":"Holzbackform 545 ml mit Papier, 10 St\u00fcck","isPartOf":{"@id":"https:\/\/www.csj-emballages.com\/de\/#website"},"primaryImageOfPage":{"@id":"https:\/\/www.csj-emballages.com\/de\/produit\/holzbackform-545-ml-mit-papier-10-stueck\/#primaryimage"},"image":{"@id":"https:\/\/www.csj-emballages.com\/de\/produit\/holzbackform-545-ml-mit-papier-10-stueck\/#primaryimage"},"thumbnailUrl":"https:\/\/www.csj-emballages.com\/wp-content\/uploads\/2026\/02\/28051.webp","datePublished":"2026-02-17T15:18:19+00:00","dateModified":"2026-04-01T15:45:33+00:00","description":"Holzbackform 545 ml mit Papier, 10 St\u00fcck. Ideal f\u00fcr Kuchen und Brioches, direkt zum Backen und f\u00fcr eine ansprechende Pr\u00e4sentation.","breadcrumb":{"@id":"https:\/\/www.csj-emballages.com\/de\/produit\/holzbackform-545-ml-mit-papier-10-stueck\/#breadcrumb"},"inLanguage":"de","potentialAction":[{"@type":"ReadAction","target":["https:\/\/www.csj-emballages.com\/de\/produit\/holzbackform-545-ml-mit-papier-10-stueck\/"]}]},{"@type":"ImageObject","inLanguage":"de","@id":"https:\/\/www.csj-emballages.com\/de\/produit\/holzbackform-545-ml-mit-papier-10-stueck\/#primaryimage","url":"https:\/\/www.csj-emballages.com\/wp-content\/uploads\/2026\/02\/28051.webp","contentUrl":"https:\/\/www.csj-emballages.com\/wp-content\/uploads\/2026\/02\/28051.webp","width":800,"height":800,"caption":"Moule en bois"},{"@type":"BreadcrumbList","@id":"https:\/\/www.csj-emballages.com\/de\/produit\/holzbackform-545-ml-mit-papier-10-stueck\/#breadcrumb","itemListElement":[{"@type":"ListItem","position":1,"name":"Accueil","item":"https:\/\/www.csj-emballages.com\/de\/universum-lebensmittelverpackungen\/"},{"@type":"ListItem","position":2,"name":"Shop","item":"https:\/\/www.csj-emballages.com\/shop\/"},{"@type":"ListItem","position":3,"name":"Holzbackform 545 ml mit Papier, 10 St\u00fcck"}]},{"@type":"WebSite","@id":"https:\/\/www.csj-emballages.com\/de\/#website","url":"https:\/\/www.csj-emballages.com\/de\/","name":"CSJ Emballages","description":"","publisher":{"@id":"https:\/\/www.csj-emballages.com\/de\/#organization"},"potentialAction":[{"@type":"SearchAction","target":{"@type":"EntryPoint","urlTemplate":"https:\/\/www.csj-emballages.com\/de\/?s={search_term_string}"},"query-input":{"@type":"PropertyValueSpecification","valueRequired":true,"valueName":"search_term_string"}}],"inLanguage":"de"},{"@type":"Organization","@id":"https:\/\/www.csj-emballages.com\/de\/#Organization\/","name":"CSJ Emballages","url":"https:\/\/www.csj-emballages.com\/de\/","logo":{"@type":"ImageObject","inLanguage":"de","@id":"https:\/\/www.csj-emballages.com\/de\/#\/schema\/logo\/image\/","url":"https:\/\/www.csj-emballages.com\/wp-content\/uploads\/2023\/10\/logo_csj.webp","contentUrl":"https:\/\/www.csj-emballages.com\/wp-content\/uploads\/2023\/10\/logo_csj.webp","width":250,"height":95,"caption":"CSJ Emballages"},"image":{"@id":"https:\/\/www.csj-emballages.com\/de\/#\/schema\/logo\/image\/"},"sameAs":["https:\/\/www.facebook.com\/csjemballages"],"address":{"@type":"PostalAddress","streetAddress":"ZI La Lechere","addressLocality":"Patornay","postalCode":"39130","addressCountry":"FR"},"contactPoint":[{"@type":"ContactPoint","contactType":"Service client","telephone":"0384254272","email":"contact@csj-emballages.com"}]}]}},"df_price":8.74,"df_sale_price":"","df_regular_price":8.74,"df_image_link":"https:\/\/www.csj-emballages.com\/wp-content\/uploads\/2026\/02\/28051-300x300.webp","tiered_pricing_type":"fixed","tiered_pricing_fixed_rules":[],"tiered_pricing_percentage_rules":[],"tiered_pricing_minimum":1,"tiered_pricing_roles_data":[],"_links":{"self":[{"href":"https:\/\/www.csj-emballages.com\/de\/wp-json\/wp\/v2\/product\/264901","targetHints":{"allow":["GET"]}}],"collection":[{"href":"https:\/\/www.csj-emballages.com\/de\/wp-json\/wp\/v2\/product"}],"about":[{"href":"https:\/\/www.csj-emballages.com\/de\/wp-json\/wp\/v2\/types\/product"}],"wp:featuredmedia":[{"embeddable":true,"href":"https:\/\/www.csj-emballages.com\/de\/wp-json\/wp\/v2\/media\/264895"}],"wp:attachment":[{"href":"https:\/\/www.csj-emballages.com\/de\/wp-json\/wp\/v2\/media?parent=264901"}],"wp:term":[{"taxonomy":"product_brand","embeddable":true,"href":"https:\/\/www.csj-emballages.com\/de\/wp-json\/wp\/v2\/product_brand?post=264901"},{"taxonomy":"product_cat","embeddable":true,"href":"https:\/\/www.csj-emballages.com\/de\/wp-json\/wp\/v2\/product_cat?post=264901"},{"taxonomy":"product_tag","embeddable":true,"href":"https:\/\/www.csj-emballages.com\/de\/wp-json\/wp\/v2\/product_tag?post=264901"}],"curies":[{"name":"wp","href":"https:\/\/api.w.org\/{rel}","templated":true}]}}