{"id":264793,"date":"2026-01-23T17:18:33","date_gmt":"2026-01-23T16:18:33","guid":{"rendered":"https:\/\/www.csj-emballages.com\/produit\/spritzduesen-fuer-tortendekoration-himmelblau-kunststoff-24-stueck\/"},"modified":"2026-03-12T16:08:55","modified_gmt":"2026-03-12T15:08:55","slug":"spritzduesen-fuer-tortendekoration-himmelblau-kunststoff-24-stueck","status":"publish","type":"product","link":"https:\/\/www.csj-emballages.com\/de\/produit\/spritzduesen-fuer-tortendekoration-himmelblau-kunststoff-24-stueck\/","title":{"rendered":"Spritzd\u00fcsen f\u00fcr Tortendekoration, himmelblau, Kunststoff, 24 St\u00fcck"},"content":{"rendered":"<h2>Spritzt\u00fclle<\/h2>\n<hr>\n<h3>Entdecken Sie unsere Spritzd\u00fcsen f\u00fcr Tortendekoration, himmelblau, Kunststoff, 24 St\u00fcck<\/h3>\n<p><!--more--><\/p>\n<p data-start=\"243\" data-end=\"569\">Das <strong>Set mit 24 Spritzd\u00fcsen f\u00fcr Tortendekoration in Himmelblau<\/strong> aus <strong>Kunststoff<\/strong> ist das ideale Werkzeug, um vielf\u00e4ltige und saubere Dekore auf all Ihren s\u00fc\u00dfen und herzhaften Kreationen zu gestalten. Entwickelt f\u00fcr Profis ebenso wie f\u00fcr Backbegeisterte, erm\u00f6glicht dieses <strong>Komplettset<\/strong> ganz einfach eine Vielzahl an Effekten und Texturen. <\/p>\n<p data-start=\"571\" data-end=\"859\">Gefertigt aus robustem, lebensmittelechtem <strong>Kunststoff<\/strong> sorgen diese <strong>Spritzd\u00fcsen<\/strong> f\u00fcr ein pr\u00e4zises und gleichm\u00e4\u00dfiges Aufdressieren. Der <strong>transluzente himmelblaue Farbton<\/strong> erm\u00f6glicht es, die Masse im Spritzbeutel leicht zu sehen \u2013 f\u00fcr ein einfacheres Arbeiten in Backstube oder K\u00fcche. <\/p>\n<p data-start=\"861\" data-end=\"1166\">Das <strong>Etui umfasst 24 verschiedene Formen<\/strong>: <strong>offene und geschlossene Sterne, glatte, geriffelte, Bl\u00fctenbl\u00e4tter oder spezielle Motive<\/strong>. Ideal zum Dekorieren von Cupcakes, Torten, \u00c9clairs, Windbeuteln, Desserts und Keksen, aber auch f\u00fcr herzhafte Zubereitungen wie P\u00fcrees oder Aperitif-Mousses. <\/p>\n<p data-start=\"1168\" data-end=\"1370\">Leicht und einfach zu handhaben eignen sich diese <strong>Spritzd\u00fcsen<\/strong> sowohl f\u00fcr den intensiven Einsatz als auch f\u00fcr die gelegentliche Nutzung. Ein komplettes, vielseitiges Set, um Ihrer Kreativit\u00e4t freien Lauf zu lassen. <\/p>\n<p data-start=\"1168\" data-end=\"1370\"><!--more--><\/p>\n<h4 data-start=\"1168\" data-end=\"1370\">Vorteile :<\/h4>\n<ul>\n<li data-start=\"1408\" data-end=\"1448\">Komplettset mit <strong>24 Dekor-Spritzd\u00fcsen<\/strong>.<\/li>\n<li data-start=\"1451\" data-end=\"1500\">Robuster, lebensmittelechter Kunststoff.<\/li>\n<li data-start=\"1503\" data-end=\"1560\"><strong>Transluzentes Himmelblau<\/strong> f\u00fcr bessere Sicht.<\/li>\n<li data-start=\"1563\" data-end=\"1609\">Gro\u00dfe Formenvielfalt f\u00fcr kreative Dekore.<\/li>\n<li data-start=\"1612\" data-end=\"1641\">Pr\u00e4zises und gleichm\u00e4\u00dfiges Aufdressieren.<\/li>\n<li data-start=\"1692\" data-end=\"1712\">Leicht zu reinigen.<\/li>\n<\/ul>\n<p>&nbsp;<\/p>\n<p><!--more--><\/p>\n<h4>Weitere Informationen :<\/h4>\n<ul>\n<li><strong>Verpackung<\/strong>: Packung mit 24<\/li>\n<li><strong>Farbe<\/strong>: Himmelblau<\/li>\n<li><strong>Material<\/strong>: Kunststoff<\/li>\n<\/ul>\n<p>&nbsp;<\/p>\n<p><!--more--><\/p>\n<p>Dieses Set mit 24 Spritzt\u00fcllen ist auch als 12er-Set erh\u00e4ltlich: <span style=\"color: #d12727;\"><a style=\"color: #d12727;\" href=\"https:\/\/www.csj-emballages.com\/es\/produit\/boquilla-de-reposteria-decorativa-azul-cielo-de-tritan-12-uds\/\">17868<\/a><\/span><\/p>\n<p>&nbsp;<\/p>\n<p><!--more--><\/p>\n<p><a href=\"https:\/\/www.csj-emballages.com\/de\/categorie-produit\/lebensmittelverpackungen\/backerei-und-konditorei\/zubehor-und-ausstattung\/steckschlusseltaschen\/\">Sehen Sie sich den Rest unseres Sortiments an T\u00fcllen \/ Spritzbeuteln an<\/a><\/p>\n","protected":false},"excerpt":{"rendered":"<p>Spritzt\u00fclle Entdecken Sie unsere Spritzd\u00fcsen f\u00fcr Tortendekoration, himmelblau, Kunststoff, 24 St\u00fcck<\/p>\n","protected":false},"featured_media":264785,"template":"","meta":{"_acf_changed":false},"product_brand":[],"product_cat":[1137,1171,3966,3154],"product_tag":[],"class_list":{"0":"post-264793","1":"product","2":"type-product","3":"status-publish","4":"has-post-thumbnail","6":"product_cat-lebensmittelverpackungen","7":"product_cat-backerei-und-konditorei","8":"product_cat-zubehor-und-ausstattung","9":"product_cat-steckschlusseltaschen","11":"first","12":"instock","13":"taxable","14":"shipping-taxable","15":"purchasable","16":"product-type-simple"},"acf":[],"yoast_head":"<!-- This site is optimized with the Yoast SEO Premium plugin v26.6 (Yoast SEO v26.6) - https:\/\/yoast.com\/wordpress\/plugins\/seo\/ -->\n<title>Spritzd\u00fcsen f\u00fcr Tortendekoration, Himmelblau, Kunststoff, 24 St\u00fcck<\/title>\n<meta name=\"description\" content=\"Spritzd\u00fcsen f\u00fcr Tortendekoration, himmelblau, aus Kunststoff, 24 St\u00fcck. Ideal zum pr\u00e4zisen Dekorieren von Torten, Cupcakes und Desserts.\" \/>\n<meta name=\"robots\" content=\"index, follow, max-snippet:-1, max-image-preview:large, max-video-preview:-1\" \/>\n<link rel=\"canonical\" href=\"https:\/\/www.csj-emballages.com\/de\/produit\/spritzduesen-fuer-tortendekoration-himmelblau-kunststoff-24-stueck\/\" \/>\n<meta property=\"og:locale\" content=\"de_DE\" \/>\n<meta property=\"og:type\" content=\"article\" \/>\n<meta property=\"og:title\" content=\"Spritzd\u00fcsen f\u00fcr Tortendekoration, himmelblau, Kunststoff, 24 St\u00fcck\" \/>\n<meta property=\"og:description\" content=\"Spritzd\u00fcsen f\u00fcr Tortendekoration, himmelblau, aus Kunststoff, 24 St\u00fcck. Ideal zum pr\u00e4zisen Dekorieren von Torten, Cupcakes und Desserts.\" \/>\n<meta property=\"og:url\" content=\"https:\/\/www.csj-emballages.com\/de\/produit\/spritzduesen-fuer-tortendekoration-himmelblau-kunststoff-24-stueck\/\" \/>\n<meta property=\"og:site_name\" content=\"CSJ Emballages\" \/>\n<meta property=\"article:publisher\" content=\"https:\/\/www.facebook.com\/csjemballages\" \/>\n<meta property=\"article:modified_time\" content=\"2026-03-12T15:08:55+00:00\" \/>\n<meta property=\"og:image\" content=\"https:\/\/www.csj-emballages.com\/wp-content\/uploads\/2026\/01\/45468.webp\" \/>\n\t<meta property=\"og:image:width\" content=\"800\" \/>\n\t<meta property=\"og:image:height\" content=\"800\" \/>\n\t<meta property=\"og:image:type\" content=\"image\/jpeg\" \/>\n<meta name=\"twitter:card\" content=\"summary_large_image\" \/>\n<meta name=\"twitter:label1\" content=\"Gesch\u00e4tzte Lesezeit\" \/>\n\t<meta name=\"twitter:data1\" content=\"1\u00a0Minute\" \/>\n<script type=\"application\/ld+json\" class=\"yoast-schema-graph\">{\"@context\":\"https:\/\/schema.org\",\"@graph\":[{\"@type\":\"WebPage\",\"@id\":\"https:\/\/www.csj-emballages.com\/de\/produit\/spritzduesen-fuer-tortendekoration-himmelblau-kunststoff-24-stueck\/\",\"url\":\"https:\/\/www.csj-emballages.com\/de\/produit\/spritzduesen-fuer-tortendekoration-himmelblau-kunststoff-24-stueck\/\",\"name\":\"Spritzd\u00fcsen f\u00fcr Tortendekoration, Himmelblau, Kunststoff, 24 St\u00fcck\",\"isPartOf\":{\"@id\":\"https:\/\/www.csj-emballages.com\/de\/#website\"},\"primaryImageOfPage\":{\"@id\":\"https:\/\/www.csj-emballages.com\/de\/produit\/spritzduesen-fuer-tortendekoration-himmelblau-kunststoff-24-stueck\/#primaryimage\"},\"image\":{\"@id\":\"https:\/\/www.csj-emballages.com\/de\/produit\/spritzduesen-fuer-tortendekoration-himmelblau-kunststoff-24-stueck\/#primaryimage\"},\"thumbnailUrl\":\"https:\/\/www.csj-emballages.com\/wp-content\/uploads\/2026\/01\/45468.webp\",\"datePublished\":\"2026-01-23T16:18:33+00:00\",\"dateModified\":\"2026-03-12T15:08:55+00:00\",\"description\":\"Spritzd\u00fcsen f\u00fcr Tortendekoration, himmelblau, aus Kunststoff, 24 St\u00fcck. Ideal zum pr\u00e4zisen Dekorieren von Torten, Cupcakes und Desserts.\",\"breadcrumb\":{\"@id\":\"https:\/\/www.csj-emballages.com\/de\/produit\/spritzduesen-fuer-tortendekoration-himmelblau-kunststoff-24-stueck\/#breadcrumb\"},\"inLanguage\":\"de\",\"potentialAction\":[{\"@type\":\"ReadAction\",\"target\":[\"https:\/\/www.csj-emballages.com\/de\/produit\/spritzduesen-fuer-tortendekoration-himmelblau-kunststoff-24-stueck\/\"]}]},{\"@type\":\"ImageObject\",\"inLanguage\":\"de\",\"@id\":\"https:\/\/www.csj-emballages.com\/de\/produit\/spritzduesen-fuer-tortendekoration-himmelblau-kunststoff-24-stueck\/#primaryimage\",\"url\":\"https:\/\/www.csj-emballages.com\/wp-content\/uploads\/2026\/01\/45468.webp\",\"contentUrl\":\"https:\/\/www.csj-emballages.com\/wp-content\/uploads\/2026\/01\/45468.webp\",\"width\":800,\"height\":800,\"caption\":\"Douille p\u00e2tisserie\"},{\"@type\":\"BreadcrumbList\",\"@id\":\"https:\/\/www.csj-emballages.com\/de\/produit\/spritzduesen-fuer-tortendekoration-himmelblau-kunststoff-24-stueck\/#breadcrumb\",\"itemListElement\":[{\"@type\":\"ListItem\",\"position\":1,\"name\":\"Accueil\",\"item\":\"https:\/\/www.csj-emballages.com\/de\/universum-lebensmittelverpackungen\/\"},{\"@type\":\"ListItem\",\"position\":2,\"name\":\"Shop\",\"item\":\"https:\/\/www.csj-emballages.com\/shop\/\"},{\"@type\":\"ListItem\",\"position\":3,\"name\":\"Spritzd\u00fcsen f\u00fcr Tortendekoration, himmelblau, Kunststoff, 24 St\u00fcck\"}]},{\"@type\":\"WebSite\",\"@id\":\"https:\/\/www.csj-emballages.com\/de\/#website\",\"url\":\"https:\/\/www.csj-emballages.com\/de\/\",\"name\":\"CSJ Emballages\",\"description\":\"\",\"publisher\":{\"@id\":\"https:\/\/www.csj-emballages.com\/de\/#organization\"},\"potentialAction\":[{\"@type\":\"SearchAction\",\"target\":{\"@type\":\"EntryPoint\",\"urlTemplate\":\"https:\/\/www.csj-emballages.com\/de\/?s={search_term_string}\"},\"query-input\":{\"@type\":\"PropertyValueSpecification\",\"valueRequired\":true,\"valueName\":\"search_term_string\"}}],\"inLanguage\":\"de\"},{\"@type\":\"Organization\",\"@id\":\"https:\/\/www.csj-emballages.com\/de\/#Organization\/\",\"name\":\"CSJ Emballages\",\"url\":\"https:\/\/www.csj-emballages.com\/de\/\",\"logo\":{\"@type\":\"ImageObject\",\"inLanguage\":\"de\",\"@id\":\"https:\/\/www.csj-emballages.com\/de\/#\/schema\/logo\/image\/\",\"url\":\"https:\/\/www.csj-emballages.com\/wp-content\/uploads\/2023\/10\/logo_csj.webp\",\"contentUrl\":\"https:\/\/www.csj-emballages.com\/wp-content\/uploads\/2023\/10\/logo_csj.webp\",\"width\":250,\"height\":95,\"caption\":\"CSJ Emballages\"},\"image\":{\"@id\":\"https:\/\/www.csj-emballages.com\/de\/#\/schema\/logo\/image\/\"},\"sameAs\":[\"https:\/\/www.facebook.com\/csjemballages\"],\"address\":{\"@type\":\"PostalAddress\",\"streetAddress\":\"ZI La Lechere\",\"addressLocality\":\"Patornay\",\"postalCode\":\"39130\",\"addressCountry\":\"FR\"},\"contactPoint\":[{\"@type\":\"ContactPoint\",\"contactType\":\"Service client\",\"telephone\":\"0384254272\",\"email\":\"contact@csj-emballages.com\"}]}]}<\/script>\n<!-- \/ Yoast SEO Premium plugin. -->","yoast_head_json":{"title":"Spritzd\u00fcsen f\u00fcr Tortendekoration, Himmelblau, Kunststoff, 24 St\u00fcck","description":"Spritzd\u00fcsen f\u00fcr Tortendekoration, himmelblau, aus Kunststoff, 24 St\u00fcck. Ideal zum pr\u00e4zisen Dekorieren von Torten, Cupcakes und Desserts.","robots":{"index":"index","follow":"follow","max-snippet":"max-snippet:-1","max-image-preview":"max-image-preview:large","max-video-preview":"max-video-preview:-1"},"canonical":"https:\/\/www.csj-emballages.com\/de\/produit\/spritzduesen-fuer-tortendekoration-himmelblau-kunststoff-24-stueck\/","og_locale":"de_DE","og_type":"article","og_title":"Spritzd\u00fcsen f\u00fcr Tortendekoration, himmelblau, Kunststoff, 24 St\u00fcck","og_description":"Spritzd\u00fcsen f\u00fcr Tortendekoration, himmelblau, aus Kunststoff, 24 St\u00fcck. Ideal zum pr\u00e4zisen Dekorieren von Torten, Cupcakes und Desserts.","og_url":"https:\/\/www.csj-emballages.com\/de\/produit\/spritzduesen-fuer-tortendekoration-himmelblau-kunststoff-24-stueck\/","og_site_name":"CSJ Emballages","article_publisher":"https:\/\/www.facebook.com\/csjemballages","article_modified_time":"2026-03-12T15:08:55+00:00","og_image":[{"width":800,"height":800,"url":"https:\/\/www.csj-emballages.com\/wp-content\/uploads\/2026\/01\/45468.webp","type":"image\/jpeg"}],"twitter_card":"summary_large_image","twitter_misc":{"Gesch\u00e4tzte Lesezeit":"1\u00a0Minute"},"schema":{"@context":"https:\/\/schema.org","@graph":[{"@type":"WebPage","@id":"https:\/\/www.csj-emballages.com\/de\/produit\/spritzduesen-fuer-tortendekoration-himmelblau-kunststoff-24-stueck\/","url":"https:\/\/www.csj-emballages.com\/de\/produit\/spritzduesen-fuer-tortendekoration-himmelblau-kunststoff-24-stueck\/","name":"Spritzd\u00fcsen f\u00fcr Tortendekoration, Himmelblau, Kunststoff, 24 St\u00fcck","isPartOf":{"@id":"https:\/\/www.csj-emballages.com\/de\/#website"},"primaryImageOfPage":{"@id":"https:\/\/www.csj-emballages.com\/de\/produit\/spritzduesen-fuer-tortendekoration-himmelblau-kunststoff-24-stueck\/#primaryimage"},"image":{"@id":"https:\/\/www.csj-emballages.com\/de\/produit\/spritzduesen-fuer-tortendekoration-himmelblau-kunststoff-24-stueck\/#primaryimage"},"thumbnailUrl":"https:\/\/www.csj-emballages.com\/wp-content\/uploads\/2026\/01\/45468.webp","datePublished":"2026-01-23T16:18:33+00:00","dateModified":"2026-03-12T15:08:55+00:00","description":"Spritzd\u00fcsen f\u00fcr Tortendekoration, himmelblau, aus Kunststoff, 24 St\u00fcck. Ideal zum pr\u00e4zisen Dekorieren von Torten, Cupcakes und Desserts.","breadcrumb":{"@id":"https:\/\/www.csj-emballages.com\/de\/produit\/spritzduesen-fuer-tortendekoration-himmelblau-kunststoff-24-stueck\/#breadcrumb"},"inLanguage":"de","potentialAction":[{"@type":"ReadAction","target":["https:\/\/www.csj-emballages.com\/de\/produit\/spritzduesen-fuer-tortendekoration-himmelblau-kunststoff-24-stueck\/"]}]},{"@type":"ImageObject","inLanguage":"de","@id":"https:\/\/www.csj-emballages.com\/de\/produit\/spritzduesen-fuer-tortendekoration-himmelblau-kunststoff-24-stueck\/#primaryimage","url":"https:\/\/www.csj-emballages.com\/wp-content\/uploads\/2026\/01\/45468.webp","contentUrl":"https:\/\/www.csj-emballages.com\/wp-content\/uploads\/2026\/01\/45468.webp","width":800,"height":800,"caption":"Douille p\u00e2tisserie"},{"@type":"BreadcrumbList","@id":"https:\/\/www.csj-emballages.com\/de\/produit\/spritzduesen-fuer-tortendekoration-himmelblau-kunststoff-24-stueck\/#breadcrumb","itemListElement":[{"@type":"ListItem","position":1,"name":"Accueil","item":"https:\/\/www.csj-emballages.com\/de\/universum-lebensmittelverpackungen\/"},{"@type":"ListItem","position":2,"name":"Shop","item":"https:\/\/www.csj-emballages.com\/shop\/"},{"@type":"ListItem","position":3,"name":"Spritzd\u00fcsen f\u00fcr Tortendekoration, himmelblau, Kunststoff, 24 St\u00fcck"}]},{"@type":"WebSite","@id":"https:\/\/www.csj-emballages.com\/de\/#website","url":"https:\/\/www.csj-emballages.com\/de\/","name":"CSJ Emballages","description":"","publisher":{"@id":"https:\/\/www.csj-emballages.com\/de\/#organization"},"potentialAction":[{"@type":"SearchAction","target":{"@type":"EntryPoint","urlTemplate":"https:\/\/www.csj-emballages.com\/de\/?s={search_term_string}"},"query-input":{"@type":"PropertyValueSpecification","valueRequired":true,"valueName":"search_term_string"}}],"inLanguage":"de"},{"@type":"Organization","@id":"https:\/\/www.csj-emballages.com\/de\/#Organization\/","name":"CSJ Emballages","url":"https:\/\/www.csj-emballages.com\/de\/","logo":{"@type":"ImageObject","inLanguage":"de","@id":"https:\/\/www.csj-emballages.com\/de\/#\/schema\/logo\/image\/","url":"https:\/\/www.csj-emballages.com\/wp-content\/uploads\/2023\/10\/logo_csj.webp","contentUrl":"https:\/\/www.csj-emballages.com\/wp-content\/uploads\/2023\/10\/logo_csj.webp","width":250,"height":95,"caption":"CSJ Emballages"},"image":{"@id":"https:\/\/www.csj-emballages.com\/de\/#\/schema\/logo\/image\/"},"sameAs":["https:\/\/www.facebook.com\/csjemballages"],"address":{"@type":"PostalAddress","streetAddress":"ZI La Lechere","addressLocality":"Patornay","postalCode":"39130","addressCountry":"FR"},"contactPoint":[{"@type":"ContactPoint","contactType":"Service client","telephone":"0384254272","email":"contact@csj-emballages.com"}]}]}},"df_price":24.73,"df_sale_price":"","df_regular_price":24.73,"df_image_link":"https:\/\/www.csj-emballages.com\/wp-content\/uploads\/2026\/01\/45468-300x300.webp","tiered_pricing_type":"fixed","tiered_pricing_fixed_rules":[],"tiered_pricing_percentage_rules":[],"tiered_pricing_minimum":1,"tiered_pricing_roles_data":[],"_links":{"self":[{"href":"https:\/\/www.csj-emballages.com\/de\/wp-json\/wp\/v2\/product\/264793","targetHints":{"allow":["GET"]}}],"collection":[{"href":"https:\/\/www.csj-emballages.com\/de\/wp-json\/wp\/v2\/product"}],"about":[{"href":"https:\/\/www.csj-emballages.com\/de\/wp-json\/wp\/v2\/types\/product"}],"wp:featuredmedia":[{"embeddable":true,"href":"https:\/\/www.csj-emballages.com\/de\/wp-json\/wp\/v2\/media\/264785"}],"wp:attachment":[{"href":"https:\/\/www.csj-emballages.com\/de\/wp-json\/wp\/v2\/media?parent=264793"}],"wp:term":[{"taxonomy":"product_brand","embeddable":true,"href":"https:\/\/www.csj-emballages.com\/de\/wp-json\/wp\/v2\/product_brand?post=264793"},{"taxonomy":"product_cat","embeddable":true,"href":"https:\/\/www.csj-emballages.com\/de\/wp-json\/wp\/v2\/product_cat?post=264793"},{"taxonomy":"product_tag","embeddable":true,"href":"https:\/\/www.csj-emballages.com\/de\/wp-json\/wp\/v2\/product_tag?post=264793"}],"curies":[{"name":"wp","href":"https:\/\/api.w.org\/{rel}","templated":true}]}}