{"id":264780,"date":"2026-01-23T17:18:16","date_gmt":"2026-01-23T16:18:16","guid":{"rendered":"https:\/\/www.csj-emballages.com\/produit\/12er-set-spritztuellen-zur-dekoration-aus-tritan-himmelblau\/"},"modified":"2026-03-12T16:06:55","modified_gmt":"2026-03-12T15:06:55","slug":"12er-set-spritztuellen-zur-dekoration-aus-tritan-himmelblau","status":"publish","type":"product","link":"https:\/\/www.csj-emballages.com\/de\/produit\/12er-set-spritztuellen-zur-dekoration-aus-tritan-himmelblau\/","title":{"rendered":"Spritzt\u00fcllen-Set Dekoration Himmelblau Kunststoff 12er-Pack"},"content":{"rendered":"<h2>Spritzt\u00fclle<\/h2>\n<hr>\n<h3>Entdecken Sie unser Spritzt\u00fcllen-Set Dekoration Himmelblau Kunststoff 12er-Pack<\/h3>\n<p><!--more--><\/p>\n<p data-start=\"253\" data-end=\"552\">Das <strong>12er-Set Spritzt\u00fcllen<\/strong> <strong>Dekoration Kunststoff Himmelblau<\/strong> ist das ideale Werkzeug f\u00fcr saubere und kreative Verzierungen Ihrer Backwaren. Entwickelt f\u00fcr Profis wie f\u00fcr Backbegeisterte, erm\u00f6glicht dieses <strong>T\u00fcllen-Set<\/strong> ganz einfach verschiedene Formen und Texturen. <\/p>\n<p data-start=\"554\" data-end=\"905\">Diese aus Kunststoff gefertigten <strong>Spritzt\u00fcllen<\/strong> bieten hervorragende Haltbarkeit und hohe Arbeitsgenauigkeit. <strong>Transparent mit himmelblauem Farbton<\/strong> erm\u00f6glichen sie eine einfache Sicht auf die Zubereitung im Inneren des <strong>Spritzbeutels<\/strong>. Ihre Konstruktion garantiert einen gleichm\u00e4\u00dfigen Austritt f\u00fcr saubere und kontrollierte Dekore. <\/p>\n<p data-start=\"907\" data-end=\"1183\">Das <strong>Set enth\u00e4lt 12 verschiedene Formen<\/strong>: <strong>offene oder geschlossene Sterne<\/strong>, <strong>glatt, gezackt oder spezial<\/strong> \u2013 ideal zum Dekorieren von Cupcakes, Kuchen, Eclairs, Windbeuteln, Entremets oder Keksen. Sie eignen sich ebenso f\u00fcr Cremes, Ganaches, Schlagsahne, P\u00fcrees oder herzhafte Zubereitungen. <\/p>\n<p data-start=\"1185\" data-end=\"1424\">Diese einfach zu reinigenden und zu handhabenden <strong>T\u00fcllen<\/strong> eignen sich sowohl f\u00fcr den intensiven Einsatz in der Backstube als auch f\u00fcr den gelegentlichen Gebrauch in der heimischen K\u00fcche. Ein Muss, um all Ihren Kreationen eine professionelle Note zu verleihen. <\/p>\n<p data-start=\"1185\" data-end=\"1424\"><!--more--><\/p>\n<h4 data-start=\"1185\" data-end=\"1424\">Vorteile :<\/h4>\n<ul>\n<li data-start=\"1462\" data-end=\"1502\">Komplettes Set aus <strong>12 Dekort\u00fcllen<\/strong>.<\/li>\n<li data-start=\"1550\" data-end=\"1607\"><strong>Transparentes Himmelblau<\/strong> f\u00fcr bessere Sichtbarkeit.<\/li>\n<li data-start=\"1610\" data-end=\"1647\">Vielf\u00e4ltige Formen f\u00fcr kreative Dekorationen.<\/li>\n<li data-start=\"1650\" data-end=\"1687\">Pr\u00e4zision und Gleichm\u00e4\u00dfigkeit beim Anrichten.<\/li>\n<li data-start=\"1713\" data-end=\"1764\">Geeignet f\u00fcr den professionellen und privaten Gebrauch.<\/li>\n<\/ul>\n<p>&nbsp;<\/p>\n<p><!--more--><\/p>\n<h4>Weitere Informationen :<\/h4>\n<ul>\n<li><strong>Verpackung<\/strong>: Packung mit 12 St\u00fcck<\/li>\n<li><strong>Farbe<\/strong>: Himmelblau<\/li>\n<li><strong>Material<\/strong>: Kunststoff<\/li>\n<\/ul>\n<p>&nbsp;<\/p>\n<p><!--more--><\/p>\n<p>Dieses 12-teilige D\u00fcsenset ist auch als 24-teiliges D\u00fcsenset erh\u00e4ltlich: <span style=\"color: #d12727;\"><a style=\"color: #d12727;\" href=\"https:\/\/www.csj-emballages.com\/es\/produit\/boquilla-de-reposteria-decorativa-azul-cielo-de-plastico-pack-de-24\/\">45468<\/a><\/span><\/p>\n<p>&nbsp;<\/p>\n<p><!--more--><\/p>\n<p><a href=\"https:\/\/www.csj-emballages.com\/de\/categorie-produit\/lebensmittelverpackungen\/backerei-und-konditorei\/zubehor-und-ausstattung\/steckschlusseltaschen\/\">Sehen Sie sich den Rest unseres Sortiments an T\u00fcllen \/ Spritzbeuteln an<\/a><\/p>\n","protected":false},"excerpt":{"rendered":"<p>Spritzt\u00fclle Entdecken Sie unser Spritzt\u00fcllen-Set Dekoration Himmelblau Kunststoff 12er-Pack<\/p>\n","protected":false},"featured_media":264773,"template":"","meta":{"_acf_changed":false},"product_brand":[],"product_cat":[1137,1171,3966,3154],"product_tag":[],"class_list":{"0":"post-264780","1":"product","2":"type-product","3":"status-publish","4":"has-post-thumbnail","6":"product_cat-lebensmittelverpackungen","7":"product_cat-backerei-und-konditorei","8":"product_cat-zubehor-und-ausstattung","9":"product_cat-steckschlusseltaschen","11":"first","12":"instock","13":"taxable","14":"shipping-taxable","15":"purchasable","16":"product-type-simple"},"acf":[],"yoast_head":"<!-- This site is optimized with the Yoast SEO Premium plugin v26.6 (Yoast SEO v26.6) - https:\/\/yoast.com\/wordpress\/plugins\/seo\/ -->\n<title>Spritzt\u00fcllen-Set Dekoration Himmelblau Kunststoff 12er-Pack<\/title>\n<meta name=\"description\" content=\"Set aus 12 Spritzt\u00fcllen aus himmelblauem Kunststoff. Ideal zum pr\u00e4zisen und kreativen Dekorieren von Kuchen, Cupcakes und Torten.\" \/>\n<meta name=\"robots\" content=\"index, follow, max-snippet:-1, max-image-preview:large, max-video-preview:-1\" \/>\n<link rel=\"canonical\" href=\"https:\/\/www.csj-emballages.com\/de\/produit\/12er-set-spritztuellen-zur-dekoration-aus-tritan-himmelblau\/\" \/>\n<meta property=\"og:locale\" content=\"de_DE\" \/>\n<meta property=\"og:type\" content=\"article\" \/>\n<meta property=\"og:title\" content=\"Spritzt\u00fcllen-Set Dekoration Himmelblau Kunststoff 12er-Pack\" \/>\n<meta property=\"og:description\" content=\"Set aus 12 Spritzt\u00fcllen aus himmelblauem Kunststoff. Ideal zum pr\u00e4zisen und kreativen Dekorieren von Kuchen, Cupcakes und Torten.\" \/>\n<meta property=\"og:url\" content=\"https:\/\/www.csj-emballages.com\/de\/produit\/12er-set-spritztuellen-zur-dekoration-aus-tritan-himmelblau\/\" \/>\n<meta property=\"og:site_name\" content=\"CSJ Emballages\" \/>\n<meta property=\"article:publisher\" content=\"https:\/\/www.facebook.com\/csjemballages\" \/>\n<meta property=\"article:modified_time\" content=\"2026-03-12T15:06:55+00:00\" \/>\n<meta property=\"og:image\" content=\"https:\/\/www.csj-emballages.com\/wp-content\/uploads\/2026\/01\/17868.webp\" \/>\n\t<meta property=\"og:image:width\" content=\"800\" \/>\n\t<meta property=\"og:image:height\" content=\"800\" \/>\n\t<meta property=\"og:image:type\" content=\"image\/webp\" \/>\n<meta name=\"twitter:card\" content=\"summary_large_image\" \/>\n<meta name=\"twitter:label1\" content=\"Gesch\u00e4tzte Lesezeit\" \/>\n\t<meta name=\"twitter:data1\" content=\"1\u00a0Minute\" \/>\n<script type=\"application\/ld+json\" class=\"yoast-schema-graph\">{\"@context\":\"https:\/\/schema.org\",\"@graph\":[{\"@type\":\"WebPage\",\"@id\":\"https:\/\/www.csj-emballages.com\/de\/produit\/12er-set-spritztuellen-zur-dekoration-aus-tritan-himmelblau\/\",\"url\":\"https:\/\/www.csj-emballages.com\/de\/produit\/12er-set-spritztuellen-zur-dekoration-aus-tritan-himmelblau\/\",\"name\":\"Spritzt\u00fcllen-Set Dekoration Himmelblau Kunststoff 12er-Pack\",\"isPartOf\":{\"@id\":\"https:\/\/www.csj-emballages.com\/de\/#website\"},\"primaryImageOfPage\":{\"@id\":\"https:\/\/www.csj-emballages.com\/de\/produit\/12er-set-spritztuellen-zur-dekoration-aus-tritan-himmelblau\/#primaryimage\"},\"image\":{\"@id\":\"https:\/\/www.csj-emballages.com\/de\/produit\/12er-set-spritztuellen-zur-dekoration-aus-tritan-himmelblau\/#primaryimage\"},\"thumbnailUrl\":\"https:\/\/www.csj-emballages.com\/wp-content\/uploads\/2026\/01\/17868.webp\",\"datePublished\":\"2026-01-23T16:18:16+00:00\",\"dateModified\":\"2026-03-12T15:06:55+00:00\",\"description\":\"Set aus 12 Spritzt\u00fcllen aus himmelblauem Kunststoff. Ideal zum pr\u00e4zisen und kreativen Dekorieren von Kuchen, Cupcakes und Torten.\",\"breadcrumb\":{\"@id\":\"https:\/\/www.csj-emballages.com\/de\/produit\/12er-set-spritztuellen-zur-dekoration-aus-tritan-himmelblau\/#breadcrumb\"},\"inLanguage\":\"de\",\"potentialAction\":[{\"@type\":\"ReadAction\",\"target\":[\"https:\/\/www.csj-emballages.com\/de\/produit\/12er-set-spritztuellen-zur-dekoration-aus-tritan-himmelblau\/\"]}]},{\"@type\":\"ImageObject\",\"inLanguage\":\"de\",\"@id\":\"https:\/\/www.csj-emballages.com\/de\/produit\/12er-set-spritztuellen-zur-dekoration-aus-tritan-himmelblau\/#primaryimage\",\"url\":\"https:\/\/www.csj-emballages.com\/wp-content\/uploads\/2026\/01\/17868.webp\",\"contentUrl\":\"https:\/\/www.csj-emballages.com\/wp-content\/uploads\/2026\/01\/17868.webp\",\"width\":800,\"height\":800,\"caption\":\"Douille p\u00e2tisserie\"},{\"@type\":\"BreadcrumbList\",\"@id\":\"https:\/\/www.csj-emballages.com\/de\/produit\/12er-set-spritztuellen-zur-dekoration-aus-tritan-himmelblau\/#breadcrumb\",\"itemListElement\":[{\"@type\":\"ListItem\",\"position\":1,\"name\":\"Accueil\",\"item\":\"https:\/\/www.csj-emballages.com\/de\/universum-lebensmittelverpackungen\/\"},{\"@type\":\"ListItem\",\"position\":2,\"name\":\"Shop\",\"item\":\"https:\/\/www.csj-emballages.com\/shop\/\"},{\"@type\":\"ListItem\",\"position\":3,\"name\":\"Spritzt\u00fcllen-Set Dekoration Himmelblau Kunststoff 12er-Pack\"}]},{\"@type\":\"WebSite\",\"@id\":\"https:\/\/www.csj-emballages.com\/de\/#website\",\"url\":\"https:\/\/www.csj-emballages.com\/de\/\",\"name\":\"CSJ Emballages\",\"description\":\"\",\"publisher\":{\"@id\":\"https:\/\/www.csj-emballages.com\/de\/#organization\"},\"potentialAction\":[{\"@type\":\"SearchAction\",\"target\":{\"@type\":\"EntryPoint\",\"urlTemplate\":\"https:\/\/www.csj-emballages.com\/de\/?s={search_term_string}\"},\"query-input\":{\"@type\":\"PropertyValueSpecification\",\"valueRequired\":true,\"valueName\":\"search_term_string\"}}],\"inLanguage\":\"de\"},{\"@type\":\"Organization\",\"@id\":\"https:\/\/www.csj-emballages.com\/de\/#Organization\/\",\"name\":\"CSJ Emballages\",\"url\":\"https:\/\/www.csj-emballages.com\/de\/\",\"logo\":{\"@type\":\"ImageObject\",\"inLanguage\":\"de\",\"@id\":\"https:\/\/www.csj-emballages.com\/de\/#\/schema\/logo\/image\/\",\"url\":\"https:\/\/www.csj-emballages.com\/wp-content\/uploads\/2023\/10\/logo_csj.webp\",\"contentUrl\":\"https:\/\/www.csj-emballages.com\/wp-content\/uploads\/2023\/10\/logo_csj.webp\",\"width\":250,\"height\":95,\"caption\":\"CSJ Emballages\"},\"image\":{\"@id\":\"https:\/\/www.csj-emballages.com\/de\/#\/schema\/logo\/image\/\"},\"sameAs\":[\"https:\/\/www.facebook.com\/csjemballages\"],\"address\":{\"@type\":\"PostalAddress\",\"streetAddress\":\"ZI La Lechere\",\"addressLocality\":\"Patornay\",\"postalCode\":\"39130\",\"addressCountry\":\"FR\"},\"contactPoint\":[{\"@type\":\"ContactPoint\",\"contactType\":\"Service client\",\"telephone\":\"0384254272\",\"email\":\"contact@csj-emballages.com\"}]}]}<\/script>\n<!-- \/ Yoast SEO Premium plugin. -->","yoast_head_json":{"title":"Spritzt\u00fcllen-Set Dekoration Himmelblau Kunststoff 12er-Pack","description":"Set aus 12 Spritzt\u00fcllen aus himmelblauem Kunststoff. Ideal zum pr\u00e4zisen und kreativen Dekorieren von Kuchen, Cupcakes und Torten.","robots":{"index":"index","follow":"follow","max-snippet":"max-snippet:-1","max-image-preview":"max-image-preview:large","max-video-preview":"max-video-preview:-1"},"canonical":"https:\/\/www.csj-emballages.com\/de\/produit\/12er-set-spritztuellen-zur-dekoration-aus-tritan-himmelblau\/","og_locale":"de_DE","og_type":"article","og_title":"Spritzt\u00fcllen-Set Dekoration Himmelblau Kunststoff 12er-Pack","og_description":"Set aus 12 Spritzt\u00fcllen aus himmelblauem Kunststoff. Ideal zum pr\u00e4zisen und kreativen Dekorieren von Kuchen, Cupcakes und Torten.","og_url":"https:\/\/www.csj-emballages.com\/de\/produit\/12er-set-spritztuellen-zur-dekoration-aus-tritan-himmelblau\/","og_site_name":"CSJ Emballages","article_publisher":"https:\/\/www.facebook.com\/csjemballages","article_modified_time":"2026-03-12T15:06:55+00:00","og_image":[{"width":800,"height":800,"url":"https:\/\/www.csj-emballages.com\/wp-content\/uploads\/2026\/01\/17868.webp","type":"image\/webp"}],"twitter_card":"summary_large_image","twitter_misc":{"Gesch\u00e4tzte Lesezeit":"1\u00a0Minute"},"schema":{"@context":"https:\/\/schema.org","@graph":[{"@type":"WebPage","@id":"https:\/\/www.csj-emballages.com\/de\/produit\/12er-set-spritztuellen-zur-dekoration-aus-tritan-himmelblau\/","url":"https:\/\/www.csj-emballages.com\/de\/produit\/12er-set-spritztuellen-zur-dekoration-aus-tritan-himmelblau\/","name":"Spritzt\u00fcllen-Set Dekoration Himmelblau Kunststoff 12er-Pack","isPartOf":{"@id":"https:\/\/www.csj-emballages.com\/de\/#website"},"primaryImageOfPage":{"@id":"https:\/\/www.csj-emballages.com\/de\/produit\/12er-set-spritztuellen-zur-dekoration-aus-tritan-himmelblau\/#primaryimage"},"image":{"@id":"https:\/\/www.csj-emballages.com\/de\/produit\/12er-set-spritztuellen-zur-dekoration-aus-tritan-himmelblau\/#primaryimage"},"thumbnailUrl":"https:\/\/www.csj-emballages.com\/wp-content\/uploads\/2026\/01\/17868.webp","datePublished":"2026-01-23T16:18:16+00:00","dateModified":"2026-03-12T15:06:55+00:00","description":"Set aus 12 Spritzt\u00fcllen aus himmelblauem Kunststoff. Ideal zum pr\u00e4zisen und kreativen Dekorieren von Kuchen, Cupcakes und Torten.","breadcrumb":{"@id":"https:\/\/www.csj-emballages.com\/de\/produit\/12er-set-spritztuellen-zur-dekoration-aus-tritan-himmelblau\/#breadcrumb"},"inLanguage":"de","potentialAction":[{"@type":"ReadAction","target":["https:\/\/www.csj-emballages.com\/de\/produit\/12er-set-spritztuellen-zur-dekoration-aus-tritan-himmelblau\/"]}]},{"@type":"ImageObject","inLanguage":"de","@id":"https:\/\/www.csj-emballages.com\/de\/produit\/12er-set-spritztuellen-zur-dekoration-aus-tritan-himmelblau\/#primaryimage","url":"https:\/\/www.csj-emballages.com\/wp-content\/uploads\/2026\/01\/17868.webp","contentUrl":"https:\/\/www.csj-emballages.com\/wp-content\/uploads\/2026\/01\/17868.webp","width":800,"height":800,"caption":"Douille p\u00e2tisserie"},{"@type":"BreadcrumbList","@id":"https:\/\/www.csj-emballages.com\/de\/produit\/12er-set-spritztuellen-zur-dekoration-aus-tritan-himmelblau\/#breadcrumb","itemListElement":[{"@type":"ListItem","position":1,"name":"Accueil","item":"https:\/\/www.csj-emballages.com\/de\/universum-lebensmittelverpackungen\/"},{"@type":"ListItem","position":2,"name":"Shop","item":"https:\/\/www.csj-emballages.com\/shop\/"},{"@type":"ListItem","position":3,"name":"Spritzt\u00fcllen-Set Dekoration Himmelblau Kunststoff 12er-Pack"}]},{"@type":"WebSite","@id":"https:\/\/www.csj-emballages.com\/de\/#website","url":"https:\/\/www.csj-emballages.com\/de\/","name":"CSJ Emballages","description":"","publisher":{"@id":"https:\/\/www.csj-emballages.com\/de\/#organization"},"potentialAction":[{"@type":"SearchAction","target":{"@type":"EntryPoint","urlTemplate":"https:\/\/www.csj-emballages.com\/de\/?s={search_term_string}"},"query-input":{"@type":"PropertyValueSpecification","valueRequired":true,"valueName":"search_term_string"}}],"inLanguage":"de"},{"@type":"Organization","@id":"https:\/\/www.csj-emballages.com\/de\/#Organization\/","name":"CSJ Emballages","url":"https:\/\/www.csj-emballages.com\/de\/","logo":{"@type":"ImageObject","inLanguage":"de","@id":"https:\/\/www.csj-emballages.com\/de\/#\/schema\/logo\/image\/","url":"https:\/\/www.csj-emballages.com\/wp-content\/uploads\/2023\/10\/logo_csj.webp","contentUrl":"https:\/\/www.csj-emballages.com\/wp-content\/uploads\/2023\/10\/logo_csj.webp","width":250,"height":95,"caption":"CSJ Emballages"},"image":{"@id":"https:\/\/www.csj-emballages.com\/de\/#\/schema\/logo\/image\/"},"sameAs":["https:\/\/www.facebook.com\/csjemballages"],"address":{"@type":"PostalAddress","streetAddress":"ZI La Lechere","addressLocality":"Patornay","postalCode":"39130","addressCountry":"FR"},"contactPoint":[{"@type":"ContactPoint","contactType":"Service client","telephone":"0384254272","email":"contact@csj-emballages.com"}]}]}},"df_price":17.95,"df_sale_price":"","df_regular_price":17.95,"df_image_link":"https:\/\/www.csj-emballages.com\/wp-content\/uploads\/2026\/01\/17868-300x300.webp","tiered_pricing_type":"fixed","tiered_pricing_fixed_rules":[],"tiered_pricing_percentage_rules":[],"tiered_pricing_minimum":1,"tiered_pricing_roles_data":[],"_links":{"self":[{"href":"https:\/\/www.csj-emballages.com\/de\/wp-json\/wp\/v2\/product\/264780","targetHints":{"allow":["GET"]}}],"collection":[{"href":"https:\/\/www.csj-emballages.com\/de\/wp-json\/wp\/v2\/product"}],"about":[{"href":"https:\/\/www.csj-emballages.com\/de\/wp-json\/wp\/v2\/types\/product"}],"wp:featuredmedia":[{"embeddable":true,"href":"https:\/\/www.csj-emballages.com\/de\/wp-json\/wp\/v2\/media\/264773"}],"wp:attachment":[{"href":"https:\/\/www.csj-emballages.com\/de\/wp-json\/wp\/v2\/media?parent=264780"}],"wp:term":[{"taxonomy":"product_brand","embeddable":true,"href":"https:\/\/www.csj-emballages.com\/de\/wp-json\/wp\/v2\/product_brand?post=264780"},{"taxonomy":"product_cat","embeddable":true,"href":"https:\/\/www.csj-emballages.com\/de\/wp-json\/wp\/v2\/product_cat?post=264780"},{"taxonomy":"product_tag","embeddable":true,"href":"https:\/\/www.csj-emballages.com\/de\/wp-json\/wp\/v2\/product_tag?post=264780"}],"curies":[{"name":"wp","href":"https:\/\/api.w.org\/{rel}","templated":true}]}}