{"id":264740,"date":"2026-01-23T17:18:23","date_gmt":"2026-01-23T16:18:23","guid":{"rendered":"https:\/\/www.csj-emballages.com\/produit\/kartonumschlag-mit-oberer-oeffnung-32-x-382-cm-390-g-m%c2%b2-100-stueck\/"},"modified":"2026-04-01T11:49:17","modified_gmt":"2026-04-01T09:49:17","slug":"kartonumschlag-mit-oberer-oeffnung-32-x-382-cm-390-g-m%c2%b2-100-stueck","status":"publish","type":"product","link":"https:\/\/www.csj-emballages.com\/de\/produit\/kartonumschlag-mit-oberer-oeffnung-32-x-382-cm-390-g-m%c2%b2-100-stueck\/","title":{"rendered":"Kartonumschlag mit oberer \u00d6ffnung 32 x 38,2 cm 390 g\/m\u00b2 100 St\u00fcck"},"content":{"rendered":"<h2>Versandtasche aus Karton<\/h2>\n<hr>\n<h3>entdecken Sie unseren Kartonumschlag mit oberer \u00d6ffnung 32 x 38,2 cm 390 g\/m\u00b2 100 St\u00fcck<\/h3>\n<p><!--more--><\/p>\n<p data-start=\"242\" data-end=\"594\"><strong>Der Kartonumschlag mit oberer \u00d6ffnung 32 x 38,2 cm 390 g\/m\u00b2<\/strong> ist speziell f\u00fcr den sicheren Versand von Dokumenten und flachen Produkten in gr\u00f6\u00dferem Format konzipiert. Dank seiner dicken und widerstandsf\u00e4higen <strong>Mikrowell-Pappe<\/strong> bietet er eine hervorragende Steifigkeit und sch\u00fctzt den Inhalt wirksam vor St\u00f6\u00dfen, Knicken und Handhabung w\u00e4hrend des Transports. <\/p>\n<p data-start=\"596\" data-end=\"924\">Mit seinen <strong>gro\u00dfz\u00fcgigen Abmessungen 32 x 38,2 cm<\/strong> ist er ideal f\u00fcr den Versand von <strong>ungefalteten A4-Dokumenten, Ordnern, Katalogen, Brosch\u00fcren, Magazinen, Marketingmaterialien oder flachen Artikeln<\/strong>, die optimalen Halt erfordern. Er erm\u00f6glicht den Versand volumin\u00f6ser Inhalte bei gleichzeitig professioneller Pr\u00e4sentation beim Empfang. <\/p>\n<p data-start=\"926\" data-end=\"1197\">Die <strong>obere \u00d6ffnung<\/strong> erleichtert das schnelle Bef\u00fcllen und ist besonders f\u00fcr die Vorbereitung von Serienbestellungen geeignet. Ebenso gew\u00e4hrleistet der <strong>integrierte Klebestreifen<\/strong> einen sauberen und sicheren Verschluss, ohne zus\u00e4tzliches Klebeband. <\/p>\n<p data-start=\"1199\" data-end=\"1439\">Zusammenfassend ist diese <strong>Pappversandtasche<\/strong>, verpackt zu <strong>100 St\u00fcck<\/strong>, eine wirtschaftliche, robuste und zuverl\u00e4ssige L\u00f6sung f\u00fcr E-Commerce-Unternehmen, Verwaltungen, Druckereien und Profis, die ihre Sendungen effektiv sch\u00fctzen m\u00f6chten.<\/p>\n<p data-start=\"1297\" data-end=\"1544\"><!--more--><\/p>\n<h4 data-start=\"1297\" data-end=\"1544\">Vorteile :<\/h4>\n<ul>\n<li data-start=\"1477\" data-end=\"1512\">Dicke Mikrowellpappe <strong>390 g\/m\u00b2<\/strong>.<\/li>\n<li data-start=\"1515\" data-end=\"1572\">Format<strong> 32 x 38,2 cm<\/strong>, geeignet f\u00fcr ungefaltete A4-Dokumente.<\/li>\n<li data-start=\"1575\" data-end=\"1621\">Verst\u00e4rkter Schutz gegen St\u00f6\u00dfe und Knicke.<\/li>\n<li data-start=\"1658\" data-end=\"1698\">Schneller und sicherer Selbstklebeverschluss.<\/li>\n<li data-start=\"1790\" data-end=\"1837\">Wirtschaftliche Verpackungseinheit von <strong>100 St\u00fcck.<\/strong><\/li>\n<\/ul>\n<p>&nbsp;<\/p>\n<p><!--more--><\/p>\n<h4>Weitere Informationen :<\/h4>\n<ul>\n<li><strong>Verpackung<\/strong>: Karton mit 100 St\u00fcck<\/li>\n<li><strong>Abmessungen<\/strong>: 32 x 38,2 cm<\/li>\n<li><strong>Grammatur<\/strong>: 390 g\/m\u00b2<\/li>\n<li><strong>Farbe<\/strong>: Braun<\/li>\n<li><strong>Material<\/strong>: Mikrowellpappe<\/li>\n<\/ul>\n<p>&nbsp;<\/p>\n<p><!--more--><\/p>\n<p>Dieser gepolsterte Umschlag ist in verschiedenen Gr\u00f6\u00dfen erh\u00e4ltlich: <span style=\"color: #d12727;\"><a style=\"color: #d12727;\" href=\"https:\/\/www.csj-emballages.com\/de\/produit\/versandtasche-aus-karton-oeffnung-schmale-seite-225-x-289-cm-390-g-m%c2%b2-100-stueck\/\">22,5 x 28,9 cm<\/a> <\/span>\/ <span style=\"color: #d12727;\"><a style=\"color: #d12727;\" href=\"https:\/\/www.csj-emballages.com\/de\/produit\/kartonumschlag-mit-oberer-oeffnung-235-x-32-cm-390-g-m2-pro-100\/\">23,5 x 32 cm<\/a> <\/span>\/ <a href=\"https:\/\/www.csj-emballages.com\/de\/produit\/pappversandtasche-oeffnung-oben-275-x-352-cm-390-g-m%c2%b2-100-stueck\/\"><span style=\"color: #d12727;\">27,5 x 35,2 cm<\/span><\/a><\/p>\n<p>&nbsp;<\/p>\n<p><!--more--><\/p>\n<p><a href=\"https:\/\/www.csj-emballages.com\/de\/categorie-produit\/industrielle-verpackungen\/versandtaschen\/\">Sehen Sie sich den Rest unseres Sortiments an Versandtaschen \/ Versandumschl\u00e4gen an<\/a><\/p>\n","protected":false},"excerpt":{"rendered":"<p>Versandtasche aus Karton entdecken Sie unseren Kartonumschlag mit oberer \u00d6ffnung 32 x 38,2 cm 390 g\/m\u00b2 100 St\u00fcck<\/p>\n","protected":false},"featured_media":264717,"template":"","meta":{"_acf_changed":false},"product_brand":[],"product_cat":[1137,8640,1206,1207],"product_tag":[],"class_list":{"0":"post-264740","1":"product","2":"type-product","3":"status-publish","4":"has-post-thumbnail","6":"product_cat-lebensmittelverpackungen","7":"product_cat-gute-tipps","8":"product_cat-industrielle-verpackungen","9":"product_cat-versandtaschen","11":"first","12":"instock","13":"sale","14":"taxable","15":"shipping-taxable","16":"purchasable","17":"product-type-simple"},"acf":[],"yoast_head":"<!-- This site is optimized with the Yoast SEO Premium plugin v26.6 (Yoast SEO v26.6) - https:\/\/yoast.com\/wordpress\/plugins\/seo\/ -->\n<title>Kartonumschlag mit oberer \u00d6ffnung 32 x 38,2 cm 390 g\/m\u00b2<\/title>\n<meta name=\"description\" content=\"Kartonumschlag 32 x 38,2 cm 390 g\/m\u00b2 100 St\u00fcck. Robust und selbstklebend, ideal f\u00fcr A4-Dokumente und sichere Sendungen.\" \/>\n<meta name=\"robots\" content=\"index, follow, max-snippet:-1, max-image-preview:large, max-video-preview:-1\" \/>\n<link rel=\"canonical\" href=\"https:\/\/www.csj-emballages.com\/de\/produit\/kartonumschlag-mit-oberer-oeffnung-32-x-382-cm-390-g-m%c2%b2-100-stueck\/\" \/>\n<meta property=\"og:locale\" content=\"de_DE\" \/>\n<meta property=\"og:type\" content=\"article\" \/>\n<meta property=\"og:title\" content=\"Kartonumschlag mit oberer \u00d6ffnung 32 x 38,2 cm 390 g\/m\u00b2 100 St\u00fcck\" \/>\n<meta property=\"og:description\" content=\"Kartonumschlag 32 x 38,2 cm 390 g\/m\u00b2 100 St\u00fcck. Robust und selbstklebend, ideal f\u00fcr A4-Dokumente und sichere Sendungen.\" \/>\n<meta property=\"og:url\" content=\"https:\/\/www.csj-emballages.com\/de\/produit\/kartonumschlag-mit-oberer-oeffnung-32-x-382-cm-390-g-m%c2%b2-100-stueck\/\" \/>\n<meta property=\"og:site_name\" content=\"CSJ Emballages\" \/>\n<meta property=\"article:publisher\" content=\"https:\/\/www.facebook.com\/csjemballages\" \/>\n<meta property=\"article:modified_time\" content=\"2026-04-01T09:49:17+00:00\" \/>\n<meta property=\"og:image\" content=\"https:\/\/www.csj-emballages.com\/wp-content\/uploads\/2026\/01\/27262.webp\" \/>\n\t<meta property=\"og:image:width\" content=\"800\" \/>\n\t<meta property=\"og:image:height\" content=\"800\" \/>\n\t<meta property=\"og:image:type\" content=\"image\/webp\" \/>\n<meta name=\"twitter:card\" content=\"summary_large_image\" \/>\n<meta name=\"twitter:label1\" content=\"Gesch\u00e4tzte Lesezeit\" \/>\n\t<meta name=\"twitter:data1\" content=\"1\u00a0Minute\" \/>\n<script type=\"application\/ld+json\" class=\"yoast-schema-graph\">{\"@context\":\"https:\/\/schema.org\",\"@graph\":[{\"@type\":\"WebPage\",\"@id\":\"https:\/\/www.csj-emballages.com\/de\/produit\/kartonumschlag-mit-oberer-oeffnung-32-x-382-cm-390-g-m%c2%b2-100-stueck\/\",\"url\":\"https:\/\/www.csj-emballages.com\/de\/produit\/kartonumschlag-mit-oberer-oeffnung-32-x-382-cm-390-g-m%c2%b2-100-stueck\/\",\"name\":\"Kartonumschlag mit oberer \u00d6ffnung 32 x 38,2 cm 390 g\/m\u00b2\",\"isPartOf\":{\"@id\":\"https:\/\/www.csj-emballages.com\/de\/#website\"},\"primaryImageOfPage\":{\"@id\":\"https:\/\/www.csj-emballages.com\/de\/produit\/kartonumschlag-mit-oberer-oeffnung-32-x-382-cm-390-g-m%c2%b2-100-stueck\/#primaryimage\"},\"image\":{\"@id\":\"https:\/\/www.csj-emballages.com\/de\/produit\/kartonumschlag-mit-oberer-oeffnung-32-x-382-cm-390-g-m%c2%b2-100-stueck\/#primaryimage\"},\"thumbnailUrl\":\"https:\/\/www.csj-emballages.com\/wp-content\/uploads\/2026\/01\/27262.webp\",\"datePublished\":\"2026-01-23T16:18:23+00:00\",\"dateModified\":\"2026-04-01T09:49:17+00:00\",\"description\":\"Kartonumschlag 32 x 38,2 cm 390 g\/m\u00b2 100 St\u00fcck. Robust und selbstklebend, ideal f\u00fcr A4-Dokumente und sichere Sendungen.\",\"breadcrumb\":{\"@id\":\"https:\/\/www.csj-emballages.com\/de\/produit\/kartonumschlag-mit-oberer-oeffnung-32-x-382-cm-390-g-m%c2%b2-100-stueck\/#breadcrumb\"},\"inLanguage\":\"de\",\"potentialAction\":[{\"@type\":\"ReadAction\",\"target\":[\"https:\/\/www.csj-emballages.com\/de\/produit\/kartonumschlag-mit-oberer-oeffnung-32-x-382-cm-390-g-m%c2%b2-100-stueck\/\"]}]},{\"@type\":\"ImageObject\",\"inLanguage\":\"de\",\"@id\":\"https:\/\/www.csj-emballages.com\/de\/produit\/kartonumschlag-mit-oberer-oeffnung-32-x-382-cm-390-g-m%c2%b2-100-stueck\/#primaryimage\",\"url\":\"https:\/\/www.csj-emballages.com\/wp-content\/uploads\/2026\/01\/27262.webp\",\"contentUrl\":\"https:\/\/www.csj-emballages.com\/wp-content\/uploads\/2026\/01\/27262.webp\",\"width\":800,\"height\":800,\"caption\":\"Enveloppe carton\"},{\"@type\":\"BreadcrumbList\",\"@id\":\"https:\/\/www.csj-emballages.com\/de\/produit\/kartonumschlag-mit-oberer-oeffnung-32-x-382-cm-390-g-m%c2%b2-100-stueck\/#breadcrumb\",\"itemListElement\":[{\"@type\":\"ListItem\",\"position\":1,\"name\":\"Accueil\",\"item\":\"https:\/\/www.csj-emballages.com\/de\/universum-lebensmittelverpackungen\/\"},{\"@type\":\"ListItem\",\"position\":2,\"name\":\"Shop\",\"item\":\"https:\/\/www.csj-emballages.com\/shop\/\"},{\"@type\":\"ListItem\",\"position\":3,\"name\":\"Kartonumschlag mit oberer \u00d6ffnung 32 x 38,2 cm 390 g\/m\u00b2 100 St\u00fcck\"}]},{\"@type\":\"WebSite\",\"@id\":\"https:\/\/www.csj-emballages.com\/de\/#website\",\"url\":\"https:\/\/www.csj-emballages.com\/de\/\",\"name\":\"CSJ Emballages\",\"description\":\"\",\"publisher\":{\"@id\":\"https:\/\/www.csj-emballages.com\/de\/#organization\"},\"potentialAction\":[{\"@type\":\"SearchAction\",\"target\":{\"@type\":\"EntryPoint\",\"urlTemplate\":\"https:\/\/www.csj-emballages.com\/de\/?s={search_term_string}\"},\"query-input\":{\"@type\":\"PropertyValueSpecification\",\"valueRequired\":true,\"valueName\":\"search_term_string\"}}],\"inLanguage\":\"de\"},{\"@type\":\"Organization\",\"@id\":\"https:\/\/www.csj-emballages.com\/de\/#Organization\/\",\"name\":\"CSJ Emballages\",\"url\":\"https:\/\/www.csj-emballages.com\/de\/\",\"logo\":{\"@type\":\"ImageObject\",\"inLanguage\":\"de\",\"@id\":\"https:\/\/www.csj-emballages.com\/de\/#\/schema\/logo\/image\/\",\"url\":\"https:\/\/www.csj-emballages.com\/wp-content\/uploads\/2023\/10\/logo_csj.webp\",\"contentUrl\":\"https:\/\/www.csj-emballages.com\/wp-content\/uploads\/2023\/10\/logo_csj.webp\",\"width\":250,\"height\":95,\"caption\":\"CSJ Emballages\"},\"image\":{\"@id\":\"https:\/\/www.csj-emballages.com\/de\/#\/schema\/logo\/image\/\"},\"sameAs\":[\"https:\/\/www.facebook.com\/csjemballages\"],\"address\":{\"@type\":\"PostalAddress\",\"streetAddress\":\"ZI La Lechere\",\"addressLocality\":\"Patornay\",\"postalCode\":\"39130\",\"addressCountry\":\"FR\"},\"contactPoint\":[{\"@type\":\"ContactPoint\",\"contactType\":\"Service client\",\"telephone\":\"0384254272\",\"email\":\"contact@csj-emballages.com\"}]}]}<\/script>\n<!-- \/ Yoast SEO Premium plugin. -->","yoast_head_json":{"title":"Kartonumschlag mit oberer \u00d6ffnung 32 x 38,2 cm 390 g\/m\u00b2","description":"Kartonumschlag 32 x 38,2 cm 390 g\/m\u00b2 100 St\u00fcck. Robust und selbstklebend, ideal f\u00fcr A4-Dokumente und sichere Sendungen.","robots":{"index":"index","follow":"follow","max-snippet":"max-snippet:-1","max-image-preview":"max-image-preview:large","max-video-preview":"max-video-preview:-1"},"canonical":"https:\/\/www.csj-emballages.com\/de\/produit\/kartonumschlag-mit-oberer-oeffnung-32-x-382-cm-390-g-m%c2%b2-100-stueck\/","og_locale":"de_DE","og_type":"article","og_title":"Kartonumschlag mit oberer \u00d6ffnung 32 x 38,2 cm 390 g\/m\u00b2 100 St\u00fcck","og_description":"Kartonumschlag 32 x 38,2 cm 390 g\/m\u00b2 100 St\u00fcck. Robust und selbstklebend, ideal f\u00fcr A4-Dokumente und sichere Sendungen.","og_url":"https:\/\/www.csj-emballages.com\/de\/produit\/kartonumschlag-mit-oberer-oeffnung-32-x-382-cm-390-g-m%c2%b2-100-stueck\/","og_site_name":"CSJ Emballages","article_publisher":"https:\/\/www.facebook.com\/csjemballages","article_modified_time":"2026-04-01T09:49:17+00:00","og_image":[{"width":800,"height":800,"url":"https:\/\/www.csj-emballages.com\/wp-content\/uploads\/2026\/01\/27262.webp","type":"image\/webp"}],"twitter_card":"summary_large_image","twitter_misc":{"Gesch\u00e4tzte Lesezeit":"1\u00a0Minute"},"schema":{"@context":"https:\/\/schema.org","@graph":[{"@type":"WebPage","@id":"https:\/\/www.csj-emballages.com\/de\/produit\/kartonumschlag-mit-oberer-oeffnung-32-x-382-cm-390-g-m%c2%b2-100-stueck\/","url":"https:\/\/www.csj-emballages.com\/de\/produit\/kartonumschlag-mit-oberer-oeffnung-32-x-382-cm-390-g-m%c2%b2-100-stueck\/","name":"Kartonumschlag mit oberer \u00d6ffnung 32 x 38,2 cm 390 g\/m\u00b2","isPartOf":{"@id":"https:\/\/www.csj-emballages.com\/de\/#website"},"primaryImageOfPage":{"@id":"https:\/\/www.csj-emballages.com\/de\/produit\/kartonumschlag-mit-oberer-oeffnung-32-x-382-cm-390-g-m%c2%b2-100-stueck\/#primaryimage"},"image":{"@id":"https:\/\/www.csj-emballages.com\/de\/produit\/kartonumschlag-mit-oberer-oeffnung-32-x-382-cm-390-g-m%c2%b2-100-stueck\/#primaryimage"},"thumbnailUrl":"https:\/\/www.csj-emballages.com\/wp-content\/uploads\/2026\/01\/27262.webp","datePublished":"2026-01-23T16:18:23+00:00","dateModified":"2026-04-01T09:49:17+00:00","description":"Kartonumschlag 32 x 38,2 cm 390 g\/m\u00b2 100 St\u00fcck. Robust und selbstklebend, ideal f\u00fcr A4-Dokumente und sichere Sendungen.","breadcrumb":{"@id":"https:\/\/www.csj-emballages.com\/de\/produit\/kartonumschlag-mit-oberer-oeffnung-32-x-382-cm-390-g-m%c2%b2-100-stueck\/#breadcrumb"},"inLanguage":"de","potentialAction":[{"@type":"ReadAction","target":["https:\/\/www.csj-emballages.com\/de\/produit\/kartonumschlag-mit-oberer-oeffnung-32-x-382-cm-390-g-m%c2%b2-100-stueck\/"]}]},{"@type":"ImageObject","inLanguage":"de","@id":"https:\/\/www.csj-emballages.com\/de\/produit\/kartonumschlag-mit-oberer-oeffnung-32-x-382-cm-390-g-m%c2%b2-100-stueck\/#primaryimage","url":"https:\/\/www.csj-emballages.com\/wp-content\/uploads\/2026\/01\/27262.webp","contentUrl":"https:\/\/www.csj-emballages.com\/wp-content\/uploads\/2026\/01\/27262.webp","width":800,"height":800,"caption":"Enveloppe carton"},{"@type":"BreadcrumbList","@id":"https:\/\/www.csj-emballages.com\/de\/produit\/kartonumschlag-mit-oberer-oeffnung-32-x-382-cm-390-g-m%c2%b2-100-stueck\/#breadcrumb","itemListElement":[{"@type":"ListItem","position":1,"name":"Accueil","item":"https:\/\/www.csj-emballages.com\/de\/universum-lebensmittelverpackungen\/"},{"@type":"ListItem","position":2,"name":"Shop","item":"https:\/\/www.csj-emballages.com\/shop\/"},{"@type":"ListItem","position":3,"name":"Kartonumschlag mit oberer \u00d6ffnung 32 x 38,2 cm 390 g\/m\u00b2 100 St\u00fcck"}]},{"@type":"WebSite","@id":"https:\/\/www.csj-emballages.com\/de\/#website","url":"https:\/\/www.csj-emballages.com\/de\/","name":"CSJ Emballages","description":"","publisher":{"@id":"https:\/\/www.csj-emballages.com\/de\/#organization"},"potentialAction":[{"@type":"SearchAction","target":{"@type":"EntryPoint","urlTemplate":"https:\/\/www.csj-emballages.com\/de\/?s={search_term_string}"},"query-input":{"@type":"PropertyValueSpecification","valueRequired":true,"valueName":"search_term_string"}}],"inLanguage":"de"},{"@type":"Organization","@id":"https:\/\/www.csj-emballages.com\/de\/#Organization\/","name":"CSJ Emballages","url":"https:\/\/www.csj-emballages.com\/de\/","logo":{"@type":"ImageObject","inLanguage":"de","@id":"https:\/\/www.csj-emballages.com\/de\/#\/schema\/logo\/image\/","url":"https:\/\/www.csj-emballages.com\/wp-content\/uploads\/2023\/10\/logo_csj.webp","contentUrl":"https:\/\/www.csj-emballages.com\/wp-content\/uploads\/2023\/10\/logo_csj.webp","width":250,"height":95,"caption":"CSJ Emballages"},"image":{"@id":"https:\/\/www.csj-emballages.com\/de\/#\/schema\/logo\/image\/"},"sameAs":["https:\/\/www.facebook.com\/csjemballages"],"address":{"@type":"PostalAddress","streetAddress":"ZI La Lechere","addressLocality":"Patornay","postalCode":"39130","addressCountry":"FR"},"contactPoint":[{"@type":"ContactPoint","contactType":"Service client","telephone":"0384254272","email":"contact@csj-emballages.com"}]}]}},"df_price":61.9,"df_sale_price":61.9,"df_regular_price":68.77,"df_image_link":"https:\/\/www.csj-emballages.com\/wp-content\/uploads\/2026\/01\/27262-300x300.webp","tiered_pricing_type":"fixed","tiered_pricing_fixed_rules":[],"tiered_pricing_percentage_rules":[],"tiered_pricing_minimum":1,"tiered_pricing_roles_data":[],"_links":{"self":[{"href":"https:\/\/www.csj-emballages.com\/de\/wp-json\/wp\/v2\/product\/264740","targetHints":{"allow":["GET"]}}],"collection":[{"href":"https:\/\/www.csj-emballages.com\/de\/wp-json\/wp\/v2\/product"}],"about":[{"href":"https:\/\/www.csj-emballages.com\/de\/wp-json\/wp\/v2\/types\/product"}],"wp:featuredmedia":[{"embeddable":true,"href":"https:\/\/www.csj-emballages.com\/de\/wp-json\/wp\/v2\/media\/264717"}],"wp:attachment":[{"href":"https:\/\/www.csj-emballages.com\/de\/wp-json\/wp\/v2\/media?parent=264740"}],"wp:term":[{"taxonomy":"product_brand","embeddable":true,"href":"https:\/\/www.csj-emballages.com\/de\/wp-json\/wp\/v2\/product_brand?post=264740"},{"taxonomy":"product_cat","embeddable":true,"href":"https:\/\/www.csj-emballages.com\/de\/wp-json\/wp\/v2\/product_cat?post=264740"},{"taxonomy":"product_tag","embeddable":true,"href":"https:\/\/www.csj-emballages.com\/de\/wp-json\/wp\/v2\/product_tag?post=264740"}],"curies":[{"name":"wp","href":"https:\/\/api.w.org\/{rel}","templated":true}]}}