{"id":264727,"date":"2026-01-23T17:18:20","date_gmt":"2026-01-23T16:18:20","guid":{"rendered":"https:\/\/www.csj-emballages.com\/produit\/kartonumschlag-mit-oberer-oeffnung-235-x-32-cm-390-g-m2-pro-100\/"},"modified":"2026-04-03T02:12:17","modified_gmt":"2026-04-03T00:12:17","slug":"kartonumschlag-mit-oberer-oeffnung-235-x-32-cm-390-g-m2-pro-100","status":"publish","type":"product","link":"https:\/\/www.csj-emballages.com\/de\/produit\/kartonumschlag-mit-oberer-oeffnung-235-x-32-cm-390-g-m2-pro-100\/","title":{"rendered":"Kartonumschlag mit oberer \u00d6ffnung 23,5 x 32 cm 390 g\/m2 pro 100"},"content":{"rendered":"<h2>Versandtasche aus Karton<\/h2>\n<hr>\n<h3>Entdecken Sie unseren Kartonumschlag mit oberer \u00d6ffnung 23,5 x 32 cm 390 g\/m2 pro 100<\/h3>\n<p><!--more--><\/p>\n<p data-start=\"275\" data-end=\"679\"><strong>Der Kartonumschlag mit oberer \u00d6ffnung 23,5 x 32 cm 390 g\/m\u00b2<\/strong> ist eine robuste und zuverl\u00e4ssige Verpackungsl\u00f6sung, ideal f\u00fcr den Versand von <strong>dicken Dokumenten, Katalogen, Brosch\u00fcren, kleinen flachen Teilen oder leichten Gegenst\u00e4nden<\/strong>, die einen verst\u00e4rkten Schutz ben\u00f6tigen. Zun\u00e4chst sorgt seine Konstruktion aus <strong>hochdichtem Mikrowellkarton (390 g\/m\u00b2)<\/strong> f\u00fcr hohe Steifigkeit und maximale Widerstandsf\u00e4higkeit \u2013 auch bei wiederholten Sendungen. <\/p>\n<p data-start=\"681\" data-end=\"1015\">Diese Versandtasche wurde speziell f\u00fcr E-Commerce-Profis, Verwaltungsdienste und den Versand empfindlicher G\u00fcter entwickelt und garantiert einen hervorragenden Schutz gegen St\u00f6\u00dfe, Knicke und Handhabung w\u00e4hrend des Transports. <strong>Die \u00d6ffnung an der schmalen Seite<\/strong> erm\u00f6glicht ein schnelles und praktisches Bef\u00fcllen, was die Vorbereitung von Serienversand erleichtert.<\/p>\n<p data-start=\"1017\" data-end=\"1295\">Ebenso sorgt der integrierte <strong>Selbstklebeverschluss<\/strong> f\u00fcr einen sauberen und sicheren Verschluss \u2013 ganz ohne Band oder zus\u00e4tzlichen Klebstoff. Dank des Standardformats <strong>23,5 x 32 cm<\/strong> eignet er sich f\u00fcr <strong>gefaltete A4-Formate<\/strong>, Kataloge und verschiedenste flache Inhalte \u2013 ohne Besch\u00e4digung. <\/p>\n<p data-start=\"1297\" data-end=\"1544\">Zusammenfassend ist sie, verpackt in Einheiten von <strong>100 St\u00fcck<\/strong>, eine wirtschaftliche und effiziente L\u00f6sung f\u00fcr Unternehmen, Beh\u00f6rden oder Privatpersonen, die den Schutz ihrer Sendungen optimieren und gleichzeitig ihre Logistikprozesse vereinfachen m\u00f6chten.<\/p>\n<p data-start=\"1297\" data-end=\"1544\"><!--more--><\/p>\n<h4 data-start=\"1297\" data-end=\"1544\">Vorteile :<\/h4>\n<ul>\n<li data-start=\"1582\" data-end=\"1639\"><strong data-start=\"1582\" data-end=\"1607\">Starker Karton 390 g\/m\u00b2<\/strong> f\u00fcr verst\u00e4rkten Schutz.<\/li>\n<li data-start=\"1642\" data-end=\"1715\"><strong data-start=\"1642\" data-end=\"1667\">Dank des Formats von 22,5 x 28,9 cm<\/strong> ideal f\u00fcr gefaltete A4-Dokumente und flache Gegenst\u00e4nde.<\/li>\n<li data-start=\"1718\" data-end=\"1770\"><strong data-start=\"1718\" data-end=\"1742\">\u00d6ffnung an der schmalen Seite<\/strong> f\u00fcr einfaches Bef\u00fcllen.<\/li>\n<li data-start=\"1773\" data-end=\"1826\"><strong data-start=\"1773\" data-end=\"1804\">Integrierter Selbstklebeverschluss<\/strong>, schnell und sicher.<\/li>\n<li data-start=\"1829\" data-end=\"1882\">Hervorragende Best\u00e4ndigkeit gegen Verformung und St\u00f6\u00dfe.<\/li>\n<li data-start=\"1885\" data-end=\"1954\">Perfekt f\u00fcr E-Commerce, Verwaltungspost und empfindliche Sendungen.<\/li>\n<li data-start=\"1957\" data-end=\"2000\">Verpackt im Set zu <strong data-start=\"1980\" data-end=\"1998\">100 St\u00fcck.<\/strong><\/li>\n<\/ul>\n<p>&nbsp;<\/p>\n<p><!--more--><\/p>\n<h4>Weitere Informationen :<\/h4>\n<ul>\n<li><strong>Verpackung<\/strong>: Karton mit 100 St\u00fcck<\/li>\n<li><strong>Ma\u00dfe<\/strong>: 23,5 x 32 cm<\/li>\n<li><strong>Grammatur<\/strong>: 390 g\/m\u00b2<\/li>\n<li><strong>Farbe<\/strong>: Braun<\/li>\n<li><strong>Material<\/strong>: Mikrowellpappe<\/li>\n<\/ul>\n<p>&nbsp;<\/p>\n<p><!--more--><\/p>\n<p>Dieser gepolsterte Umschlag ist in verschiedenen Gr\u00f6\u00dfen erh\u00e4ltlich: <span style=\"color: #d12727;\"><a style=\"color: #d12727;\" href=\"https:\/\/www.csj-emballages.com\/de\/produit\/versandtasche-aus-karton-oeffnung-schmale-seite-225-x-289-cm-390-g-m%c2%b2-100-stueck\/\">22,5 x 28,9 cm<\/a> <span style=\"color: #000000;\">\/<\/span> <a style=\"color: #d12727;\" href=\"https:\/\/www.csj-emballages.com\/de\/produit\/pappversandtasche-oeffnung-oben-275-x-352-cm-390-g-m%c2%b2-100-stueck\/\">27,5 x 35,2 cm<\/a> <span style=\"color: #000000;\">\/<\/span> <a style=\"color: #d12727;\" href=\"https:\/\/www.csj-emballages.com\/de\/produit\/kartonumschlag-mit-oberer-oeffnung-32-x-382-cm-390-g-m%c2%b2-100-stueck\/\">32 x 38,2 cm<\/a><\/span><\/p>\n<p>&nbsp;<\/p>\n<p><!--more--><\/p>\n<p><a href=\"https:\/\/www.csj-emballages.com\/de\/categorie-produit\/industrielle-verpackungen\/versandtaschen\/\">Entdecken Sie unser restliches Sortiment an Versandtaschen \/ Versandumschl\u00e4gen<\/a><\/p>\n","protected":false},"excerpt":{"rendered":"<p>Versandtasche aus Karton Entdecken Sie unseren Kartonumschlag mit oberer \u00d6ffnung 23,5 x 32 cm 390 g\/m2 pro 100<\/p>\n","protected":false},"featured_media":264717,"template":"","meta":{"_acf_changed":false},"product_brand":[],"product_cat":[1137,8640,1206,1207],"product_tag":[],"class_list":{"0":"post-264727","1":"product","2":"type-product","3":"status-publish","4":"has-post-thumbnail","6":"product_cat-lebensmittelverpackungen","7":"product_cat-gute-tipps","8":"product_cat-industrielle-verpackungen","9":"product_cat-versandtaschen","11":"first","12":"outofstock","13":"sale","14":"taxable","15":"shipping-taxable","16":"purchasable","17":"product-type-simple"},"acf":[],"yoast_head":"<!-- This site is optimized with the Yoast SEO Premium plugin v26.6 (Yoast SEO v26.6) - https:\/\/yoast.com\/wordpress\/plugins\/seo\/ -->\n<title>Kartonumschlag mit oberer \u00d6ffnung 23,5 x 32 cm 390 g\/m2<\/title>\n<meta name=\"description\" content=\"Kartonumschlag 23,5 x 32 cm 390 g\/m\u00b2 pro 100 \u2013 robust und selbstklebend, ideal f\u00fcr den sicheren Versand von Dokumenten und kleinen Teilen.\" \/>\n<meta name=\"robots\" content=\"index, follow, max-snippet:-1, max-image-preview:large, max-video-preview:-1\" \/>\n<link rel=\"canonical\" href=\"https:\/\/www.csj-emballages.com\/de\/produit\/kartonumschlag-mit-oberer-oeffnung-235-x-32-cm-390-g-m2-pro-100\/\" \/>\n<meta property=\"og:locale\" content=\"de_DE\" \/>\n<meta property=\"og:type\" content=\"article\" \/>\n<meta property=\"og:title\" content=\"Kartonumschlag mit oberer \u00d6ffnung 23,5 x 32 cm 390 g\/m2 pro 100\" \/>\n<meta property=\"og:description\" content=\"Kartonumschlag 23,5 x 32 cm 390 g\/m\u00b2 pro 100 \u2013 robust und selbstklebend, ideal f\u00fcr den sicheren Versand von Dokumenten und kleinen Teilen.\" \/>\n<meta property=\"og:url\" content=\"https:\/\/www.csj-emballages.com\/de\/produit\/kartonumschlag-mit-oberer-oeffnung-235-x-32-cm-390-g-m2-pro-100\/\" \/>\n<meta property=\"og:site_name\" content=\"CSJ Emballages\" \/>\n<meta property=\"article:publisher\" content=\"https:\/\/www.facebook.com\/csjemballages\" \/>\n<meta property=\"article:modified_time\" content=\"2026-04-03T00:12:17+00:00\" \/>\n<meta property=\"og:image\" content=\"https:\/\/www.csj-emballages.com\/wp-content\/uploads\/2026\/01\/27262.webp\" \/>\n\t<meta property=\"og:image:width\" content=\"800\" \/>\n\t<meta property=\"og:image:height\" content=\"800\" \/>\n\t<meta property=\"og:image:type\" content=\"image\/webp\" \/>\n<meta name=\"twitter:card\" content=\"summary_large_image\" \/>\n<meta name=\"twitter:label1\" content=\"Gesch\u00e4tzte Lesezeit\" \/>\n\t<meta name=\"twitter:data1\" content=\"2 Minuten\" \/>\n<script type=\"application\/ld+json\" class=\"yoast-schema-graph\">{\"@context\":\"https:\/\/schema.org\",\"@graph\":[{\"@type\":\"WebPage\",\"@id\":\"https:\/\/www.csj-emballages.com\/de\/produit\/kartonumschlag-mit-oberer-oeffnung-235-x-32-cm-390-g-m2-pro-100\/\",\"url\":\"https:\/\/www.csj-emballages.com\/de\/produit\/kartonumschlag-mit-oberer-oeffnung-235-x-32-cm-390-g-m2-pro-100\/\",\"name\":\"Kartonumschlag mit oberer \u00d6ffnung 23,5 x 32 cm 390 g\/m2\",\"isPartOf\":{\"@id\":\"https:\/\/www.csj-emballages.com\/de\/#website\"},\"primaryImageOfPage\":{\"@id\":\"https:\/\/www.csj-emballages.com\/de\/produit\/kartonumschlag-mit-oberer-oeffnung-235-x-32-cm-390-g-m2-pro-100\/#primaryimage\"},\"image\":{\"@id\":\"https:\/\/www.csj-emballages.com\/de\/produit\/kartonumschlag-mit-oberer-oeffnung-235-x-32-cm-390-g-m2-pro-100\/#primaryimage\"},\"thumbnailUrl\":\"https:\/\/www.csj-emballages.com\/wp-content\/uploads\/2026\/01\/27262.webp\",\"datePublished\":\"2026-01-23T16:18:20+00:00\",\"dateModified\":\"2026-04-03T00:12:17+00:00\",\"description\":\"Kartonumschlag 23,5 x 32 cm 390 g\/m\u00b2 pro 100 \u2013 robust und selbstklebend, ideal f\u00fcr den sicheren Versand von Dokumenten und kleinen Teilen.\",\"breadcrumb\":{\"@id\":\"https:\/\/www.csj-emballages.com\/de\/produit\/kartonumschlag-mit-oberer-oeffnung-235-x-32-cm-390-g-m2-pro-100\/#breadcrumb\"},\"inLanguage\":\"de\",\"potentialAction\":[{\"@type\":\"ReadAction\",\"target\":[\"https:\/\/www.csj-emballages.com\/de\/produit\/kartonumschlag-mit-oberer-oeffnung-235-x-32-cm-390-g-m2-pro-100\/\"]}]},{\"@type\":\"ImageObject\",\"inLanguage\":\"de\",\"@id\":\"https:\/\/www.csj-emballages.com\/de\/produit\/kartonumschlag-mit-oberer-oeffnung-235-x-32-cm-390-g-m2-pro-100\/#primaryimage\",\"url\":\"https:\/\/www.csj-emballages.com\/wp-content\/uploads\/2026\/01\/27262.webp\",\"contentUrl\":\"https:\/\/www.csj-emballages.com\/wp-content\/uploads\/2026\/01\/27262.webp\",\"width\":800,\"height\":800,\"caption\":\"Enveloppe carton\"},{\"@type\":\"BreadcrumbList\",\"@id\":\"https:\/\/www.csj-emballages.com\/de\/produit\/kartonumschlag-mit-oberer-oeffnung-235-x-32-cm-390-g-m2-pro-100\/#breadcrumb\",\"itemListElement\":[{\"@type\":\"ListItem\",\"position\":1,\"name\":\"Accueil\",\"item\":\"https:\/\/www.csj-emballages.com\/de\/universum-lebensmittelverpackungen\/\"},{\"@type\":\"ListItem\",\"position\":2,\"name\":\"Shop\",\"item\":\"https:\/\/www.csj-emballages.com\/shop\/\"},{\"@type\":\"ListItem\",\"position\":3,\"name\":\"Kartonumschlag mit oberer \u00d6ffnung 23,5 x 32 cm 390 g\/m2 pro 100\"}]},{\"@type\":\"WebSite\",\"@id\":\"https:\/\/www.csj-emballages.com\/de\/#website\",\"url\":\"https:\/\/www.csj-emballages.com\/de\/\",\"name\":\"CSJ Emballages\",\"description\":\"\",\"publisher\":{\"@id\":\"https:\/\/www.csj-emballages.com\/de\/#organization\"},\"potentialAction\":[{\"@type\":\"SearchAction\",\"target\":{\"@type\":\"EntryPoint\",\"urlTemplate\":\"https:\/\/www.csj-emballages.com\/de\/?s={search_term_string}\"},\"query-input\":{\"@type\":\"PropertyValueSpecification\",\"valueRequired\":true,\"valueName\":\"search_term_string\"}}],\"inLanguage\":\"de\"},{\"@type\":\"Organization\",\"@id\":\"https:\/\/www.csj-emballages.com\/de\/#Organization\/\",\"name\":\"CSJ Emballages\",\"url\":\"https:\/\/www.csj-emballages.com\/de\/\",\"logo\":{\"@type\":\"ImageObject\",\"inLanguage\":\"de\",\"@id\":\"https:\/\/www.csj-emballages.com\/de\/#\/schema\/logo\/image\/\",\"url\":\"https:\/\/www.csj-emballages.com\/wp-content\/uploads\/2023\/10\/logo_csj.webp\",\"contentUrl\":\"https:\/\/www.csj-emballages.com\/wp-content\/uploads\/2023\/10\/logo_csj.webp\",\"width\":250,\"height\":95,\"caption\":\"CSJ Emballages\"},\"image\":{\"@id\":\"https:\/\/www.csj-emballages.com\/de\/#\/schema\/logo\/image\/\"},\"sameAs\":[\"https:\/\/www.facebook.com\/csjemballages\"],\"address\":{\"@type\":\"PostalAddress\",\"streetAddress\":\"ZI La Lechere\",\"addressLocality\":\"Patornay\",\"postalCode\":\"39130\",\"addressCountry\":\"FR\"},\"contactPoint\":[{\"@type\":\"ContactPoint\",\"contactType\":\"Service client\",\"telephone\":\"0384254272\",\"email\":\"contact@csj-emballages.com\"}]}]}<\/script>\n<!-- \/ Yoast SEO Premium plugin. -->","yoast_head_json":{"title":"Kartonumschlag mit oberer \u00d6ffnung 23,5 x 32 cm 390 g\/m2","description":"Kartonumschlag 23,5 x 32 cm 390 g\/m\u00b2 pro 100 \u2013 robust und selbstklebend, ideal f\u00fcr den sicheren Versand von Dokumenten und kleinen Teilen.","robots":{"index":"index","follow":"follow","max-snippet":"max-snippet:-1","max-image-preview":"max-image-preview:large","max-video-preview":"max-video-preview:-1"},"canonical":"https:\/\/www.csj-emballages.com\/de\/produit\/kartonumschlag-mit-oberer-oeffnung-235-x-32-cm-390-g-m2-pro-100\/","og_locale":"de_DE","og_type":"article","og_title":"Kartonumschlag mit oberer \u00d6ffnung 23,5 x 32 cm 390 g\/m2 pro 100","og_description":"Kartonumschlag 23,5 x 32 cm 390 g\/m\u00b2 pro 100 \u2013 robust und selbstklebend, ideal f\u00fcr den sicheren Versand von Dokumenten und kleinen Teilen.","og_url":"https:\/\/www.csj-emballages.com\/de\/produit\/kartonumschlag-mit-oberer-oeffnung-235-x-32-cm-390-g-m2-pro-100\/","og_site_name":"CSJ Emballages","article_publisher":"https:\/\/www.facebook.com\/csjemballages","article_modified_time":"2026-04-03T00:12:17+00:00","og_image":[{"width":800,"height":800,"url":"https:\/\/www.csj-emballages.com\/wp-content\/uploads\/2026\/01\/27262.webp","type":"image\/webp"}],"twitter_card":"summary_large_image","twitter_misc":{"Gesch\u00e4tzte Lesezeit":"2 Minuten"},"schema":{"@context":"https:\/\/schema.org","@graph":[{"@type":"WebPage","@id":"https:\/\/www.csj-emballages.com\/de\/produit\/kartonumschlag-mit-oberer-oeffnung-235-x-32-cm-390-g-m2-pro-100\/","url":"https:\/\/www.csj-emballages.com\/de\/produit\/kartonumschlag-mit-oberer-oeffnung-235-x-32-cm-390-g-m2-pro-100\/","name":"Kartonumschlag mit oberer \u00d6ffnung 23,5 x 32 cm 390 g\/m2","isPartOf":{"@id":"https:\/\/www.csj-emballages.com\/de\/#website"},"primaryImageOfPage":{"@id":"https:\/\/www.csj-emballages.com\/de\/produit\/kartonumschlag-mit-oberer-oeffnung-235-x-32-cm-390-g-m2-pro-100\/#primaryimage"},"image":{"@id":"https:\/\/www.csj-emballages.com\/de\/produit\/kartonumschlag-mit-oberer-oeffnung-235-x-32-cm-390-g-m2-pro-100\/#primaryimage"},"thumbnailUrl":"https:\/\/www.csj-emballages.com\/wp-content\/uploads\/2026\/01\/27262.webp","datePublished":"2026-01-23T16:18:20+00:00","dateModified":"2026-04-03T00:12:17+00:00","description":"Kartonumschlag 23,5 x 32 cm 390 g\/m\u00b2 pro 100 \u2013 robust und selbstklebend, ideal f\u00fcr den sicheren Versand von Dokumenten und kleinen Teilen.","breadcrumb":{"@id":"https:\/\/www.csj-emballages.com\/de\/produit\/kartonumschlag-mit-oberer-oeffnung-235-x-32-cm-390-g-m2-pro-100\/#breadcrumb"},"inLanguage":"de","potentialAction":[{"@type":"ReadAction","target":["https:\/\/www.csj-emballages.com\/de\/produit\/kartonumschlag-mit-oberer-oeffnung-235-x-32-cm-390-g-m2-pro-100\/"]}]},{"@type":"ImageObject","inLanguage":"de","@id":"https:\/\/www.csj-emballages.com\/de\/produit\/kartonumschlag-mit-oberer-oeffnung-235-x-32-cm-390-g-m2-pro-100\/#primaryimage","url":"https:\/\/www.csj-emballages.com\/wp-content\/uploads\/2026\/01\/27262.webp","contentUrl":"https:\/\/www.csj-emballages.com\/wp-content\/uploads\/2026\/01\/27262.webp","width":800,"height":800,"caption":"Enveloppe carton"},{"@type":"BreadcrumbList","@id":"https:\/\/www.csj-emballages.com\/de\/produit\/kartonumschlag-mit-oberer-oeffnung-235-x-32-cm-390-g-m2-pro-100\/#breadcrumb","itemListElement":[{"@type":"ListItem","position":1,"name":"Accueil","item":"https:\/\/www.csj-emballages.com\/de\/universum-lebensmittelverpackungen\/"},{"@type":"ListItem","position":2,"name":"Shop","item":"https:\/\/www.csj-emballages.com\/shop\/"},{"@type":"ListItem","position":3,"name":"Kartonumschlag mit oberer \u00d6ffnung 23,5 x 32 cm 390 g\/m2 pro 100"}]},{"@type":"WebSite","@id":"https:\/\/www.csj-emballages.com\/de\/#website","url":"https:\/\/www.csj-emballages.com\/de\/","name":"CSJ Emballages","description":"","publisher":{"@id":"https:\/\/www.csj-emballages.com\/de\/#organization"},"potentialAction":[{"@type":"SearchAction","target":{"@type":"EntryPoint","urlTemplate":"https:\/\/www.csj-emballages.com\/de\/?s={search_term_string}"},"query-input":{"@type":"PropertyValueSpecification","valueRequired":true,"valueName":"search_term_string"}}],"inLanguage":"de"},{"@type":"Organization","@id":"https:\/\/www.csj-emballages.com\/de\/#Organization\/","name":"CSJ Emballages","url":"https:\/\/www.csj-emballages.com\/de\/","logo":{"@type":"ImageObject","inLanguage":"de","@id":"https:\/\/www.csj-emballages.com\/de\/#\/schema\/logo\/image\/","url":"https:\/\/www.csj-emballages.com\/wp-content\/uploads\/2023\/10\/logo_csj.webp","contentUrl":"https:\/\/www.csj-emballages.com\/wp-content\/uploads\/2023\/10\/logo_csj.webp","width":250,"height":95,"caption":"CSJ Emballages"},"image":{"@id":"https:\/\/www.csj-emballages.com\/de\/#\/schema\/logo\/image\/"},"sameAs":["https:\/\/www.facebook.com\/csjemballages"],"address":{"@type":"PostalAddress","streetAddress":"ZI La Lechere","addressLocality":"Patornay","postalCode":"39130","addressCountry":"FR"},"contactPoint":[{"@type":"ContactPoint","contactType":"Service client","telephone":"0384254272","email":"contact@csj-emballages.com"}]}]}},"df_price":39.48,"df_sale_price":39.48,"df_regular_price":43.87,"df_image_link":"https:\/\/www.csj-emballages.com\/wp-content\/uploads\/2026\/01\/27262-300x300.webp","tiered_pricing_type":"fixed","tiered_pricing_fixed_rules":[],"tiered_pricing_percentage_rules":[],"tiered_pricing_minimum":1,"tiered_pricing_roles_data":[],"_links":{"self":[{"href":"https:\/\/www.csj-emballages.com\/de\/wp-json\/wp\/v2\/product\/264727","targetHints":{"allow":["GET"]}}],"collection":[{"href":"https:\/\/www.csj-emballages.com\/de\/wp-json\/wp\/v2\/product"}],"about":[{"href":"https:\/\/www.csj-emballages.com\/de\/wp-json\/wp\/v2\/types\/product"}],"wp:featuredmedia":[{"embeddable":true,"href":"https:\/\/www.csj-emballages.com\/de\/wp-json\/wp\/v2\/media\/264717"}],"wp:attachment":[{"href":"https:\/\/www.csj-emballages.com\/de\/wp-json\/wp\/v2\/media?parent=264727"}],"wp:term":[{"taxonomy":"product_brand","embeddable":true,"href":"https:\/\/www.csj-emballages.com\/de\/wp-json\/wp\/v2\/product_brand?post=264727"},{"taxonomy":"product_cat","embeddable":true,"href":"https:\/\/www.csj-emballages.com\/de\/wp-json\/wp\/v2\/product_cat?post=264727"},{"taxonomy":"product_tag","embeddable":true,"href":"https:\/\/www.csj-emballages.com\/de\/wp-json\/wp\/v2\/product_tag?post=264727"}],"curies":[{"name":"wp","href":"https:\/\/api.w.org\/{rel}","templated":true}]}}