{"id":264712,"date":"2026-01-23T17:18:31","date_gmt":"2026-01-23T16:18:31","guid":{"rendered":"https:\/\/www.csj-emballages.com\/produit\/gepolsterte-versandtasche-mit-oberer-oeffnung-27-x-36-cm-100-stueck\/"},"modified":"2026-04-01T11:33:43","modified_gmt":"2026-04-01T09:33:43","slug":"gepolsterte-versandtasche-mit-oberer-oeffnung-27-x-36-cm-100-stueck","status":"publish","type":"product","link":"https:\/\/www.csj-emballages.com\/de\/produit\/gepolsterte-versandtasche-mit-oberer-oeffnung-27-x-36-cm-100-stueck\/","title":{"rendered":"Gepolsterte Versandtasche mit oberer \u00d6ffnung 27 x 36 cm, 100 St\u00fcck"},"content":{"rendered":"<h2>Luftpolsterumschlag<\/h2>\n<hr>\n<h3>Entdecken Sie unsere gepolsterte Versandtasche mit oberer \u00d6ffnung 27 x 36 cm, 100 St\u00fcck<\/h3>\n<p><!--more--><\/p>\n<p data-start=\"268\" data-end=\"683\"><strong>Die gepolsterte Versandtasche mit oberer \u00d6ffnung 27 x 36 cm<\/strong> ist eine robuste und sichere Verpackungsl\u00f6sung, speziell entwickelt f\u00fcr den Versand von Dokumenten, zerbrechlichen Gegenst\u00e4nden oder kleinen Paketen im Rahmen von <strong>E-Commerce, Verwaltungssendungen oder empfindlichen Lieferungen<\/strong>. Die <strong>gepolsterte Innenauskleidung<\/strong> bietet wirksamen Schutz vor St\u00f6\u00dfen, Reibung oder Handhabung w\u00e4hrend des Transports. <\/p>\n<p data-start=\"685\" data-end=\"990\">Mit den <strong>gro\u00dfz\u00fcgigen Abmessungen von 27 x 36 cm<\/strong> eignet sie sich perfekt f\u00fcr den Versand von <strong>Zeitschriften, Katalogen, leichter Kleidung, kleinen Elektroger\u00e4ten, Ersatzteilen, B\u00fcchern oder Gesch\u00e4ftsdokumenten<\/strong>. Die <strong>obere \u00d6ffnung<\/strong> erm\u00f6glicht ein schnelles und ergonomisches Bef\u00fcllen der Produkte ohne Aufwand.<\/p>\n<p data-start=\"992\" data-end=\"1303\">Dar\u00fcber hinaus ist dieser <strong>Umschlag<\/strong> mit einem <strong data-start=\"1026\" data-end=\"1061\">selbstklebenden Schutzstreifen<\/strong> ausgestattet, der sich mit einem Handgriff verschlie\u00dfen l\u00e4sst und einen sauberen, sicheren Verschluss ohne zus\u00e4tzliches Material garantiert. Er sch\u00fctzt Ihre Sendungen auch wirksam vor unbeabsichtigtem \u00d6ffnen. <\/p>\n<p data-start=\"1305\" data-end=\"1626\">Hergestellt aus widerstandsf\u00e4higen und langlebigen Materialien, ist dieser <strong>gepolsterte Umschlag<\/strong> f\u00fcr Profis und Privatpersonen konzipiert, die Wert auf die Sicherheit ihrer Sendungen legen.<\/p>\n<p data-start=\"1276\" data-end=\"1579\"><!--more--><\/p>\n<h4 data-start=\"1276\" data-end=\"1579\">Vorteile :<\/h4>\n<ul>\n<li data-start=\"1664\" data-end=\"1742\"><strong data-start=\"1664\" data-end=\"1688\">Verst\u00e4rkter Schutz<\/strong>: Innenpolsterung gegen St\u00f6\u00dfe und Reibung.<\/li>\n<li data-start=\"1745\" data-end=\"1805\"><strong data-start=\"1745\" data-end=\"1764\">Ger\u00e4umiges Format<\/strong> <strong>27 x 36<\/strong> <strong>cm<\/strong>, geeignet f\u00fcr zahlreiche Sendungen.<\/li>\n<li data-start=\"1808\" data-end=\"1881\"><strong data-start=\"1808\" data-end=\"1840\">Selbstklebender Verschlussstreifen<\/strong> f\u00fcr schnelles und sicheres Verschlie\u00dfen.<\/li>\n<li data-start=\"1884\" data-end=\"1928\"><strong data-start=\"1884\" data-end=\"1908\">Obere \u00d6ffnung<\/strong>, einfach zu handhaben.<\/li>\n<li data-start=\"1931\" data-end=\"1965\">Langlebige und widerstandsf\u00e4hige Materialien.<\/li>\n<li data-start=\"1968\" data-end=\"2027\">Ideal f\u00fcr E-Commerce, Dokumente, kleine zerbrechliche Gegenst\u00e4nde.<\/li>\n<li data-start=\"2030\" data-end=\"2088\">Professionelle L\u00f6sung, verpackt in <strong>100 Umschl\u00e4gen<\/strong>.<\/li>\n<\/ul>\n<p>&nbsp;<\/p>\n<p><!--more--><\/p>\n<h4>Weitere Informationen :<\/h4>\n<ul>\n<li><strong>Verpackung<\/strong>: Karton mit 100 St\u00fcck<\/li>\n<li><strong>Abmessungen<\/strong>: 27 x 36 cm<\/li>\n<li><strong>Farbe<\/strong>: Braun<\/li>\n<li><strong>Material<\/strong>: Kraftpapier<\/li>\n<\/ul>\n<p>&nbsp;<\/p>\n<p><!--more--><\/p>\n<p>Diese gepolsterte Versandtasche ist in verschiedenen Gr\u00f6\u00dfen erh\u00e4ltlich: <span style=\"color: #d12727;\"><a style=\"color: #d12727;\" href=\"https:\/\/www.csj-emballages.com\/de\/produit\/luftpolsterumschlag-oeffnung-oben-15-x-215-cm-100-stueck\/\">15 x 21,5 cm<\/a><\/span> \/ <span style=\"color: #d12727;\"><a style=\"color: #d12727;\" href=\"https:\/\/www.csj-emballages.com\/de\/produit\/luftpolstertasche-obere-oeffnung-18-x-265-cm-100-stueck\/\">18 x 26,5 cm<\/a><\/span> \/ <span style=\"color: #d12727;\"><a style=\"color: #d12727;\" href=\"https:\/\/www.csj-emballages.com\/de\/produit\/gepolsterter-umschlag-obere-oeffnung-24-x-34-cm-100-stueck\/\">24 x 34 cm<\/a><\/span><\/p>\n<p>&nbsp;<\/p>\n<p><!--more--><\/p>\n<p><a href=\"https:\/\/www.csj-emballages.com\/de\/categorie-produit\/industrielle-verpackungen\/versandtaschen\/\">Sehen Sie sich den Rest unseres Sortiments an Versandtaschen \/ Versandumschl\u00e4gen an<\/a><\/p>\n<p data-start=\"1276\" data-end=\"1579\">\n","protected":false},"excerpt":{"rendered":"<p>Luftpolsterumschlag Entdecken Sie unsere gepolsterte Versandtasche mit oberer \u00d6ffnung 27 x 36 cm, 100 St\u00fcck<\/p>\n","protected":false},"featured_media":264672,"template":"","meta":{"_acf_changed":false},"product_brand":[],"product_cat":[1137,8640,1206,1207],"product_tag":[],"class_list":{"0":"post-264712","1":"product","2":"type-product","3":"status-publish","4":"has-post-thumbnail","6":"product_cat-lebensmittelverpackungen","7":"product_cat-gute-tipps","8":"product_cat-industrielle-verpackungen","9":"product_cat-versandtaschen","11":"first","12":"instock","13":"sale","14":"taxable","15":"shipping-taxable","16":"purchasable","17":"product-type-simple"},"acf":[],"yoast_head":"<!-- This site is optimized with the Yoast SEO Premium plugin v26.6 (Yoast SEO v26.6) - https:\/\/yoast.com\/wordpress\/plugins\/seo\/ -->\n<title>Gepolsterte Versandtasche mit oberer \u00d6ffnung 27 x 36 cm, 100 St\u00fcck<\/title>\n<meta name=\"description\" content=\"Gepolsterte Versandtasche mit oberer \u00d6ffnung 27 x 36 cm, 100 St\u00fcck \u2013 verst\u00e4rkter Schutz, schneller Haftverschluss, ideal f\u00fcr E-Commerce und sichere Sendungen.\" \/>\n<meta name=\"robots\" content=\"index, follow, max-snippet:-1, max-image-preview:large, max-video-preview:-1\" \/>\n<link rel=\"canonical\" href=\"https:\/\/www.csj-emballages.com\/de\/produit\/gepolsterte-versandtasche-mit-oberer-oeffnung-27-x-36-cm-100-stueck\/\" \/>\n<meta property=\"og:locale\" content=\"de_DE\" \/>\n<meta property=\"og:type\" content=\"article\" \/>\n<meta property=\"og:title\" content=\"Gepolsterte Versandtasche mit oberer \u00d6ffnung 27 x 36 cm, 100 St\u00fcck\" \/>\n<meta property=\"og:description\" content=\"Gepolsterte Versandtasche mit oberer \u00d6ffnung 27 x 36 cm, 100 St\u00fcck \u2013 verst\u00e4rkter Schutz, schneller Haftverschluss, ideal f\u00fcr E-Commerce und sichere Sendungen.\" \/>\n<meta property=\"og:url\" content=\"https:\/\/www.csj-emballages.com\/de\/produit\/gepolsterte-versandtasche-mit-oberer-oeffnung-27-x-36-cm-100-stueck\/\" \/>\n<meta property=\"og:site_name\" content=\"CSJ Emballages\" \/>\n<meta property=\"article:publisher\" content=\"https:\/\/www.facebook.com\/csjemballages\" \/>\n<meta property=\"article:modified_time\" content=\"2026-04-01T09:33:43+00:00\" \/>\n<meta property=\"og:image\" content=\"https:\/\/www.csj-emballages.com\/wp-content\/uploads\/2026\/01\/27507.webp\" \/>\n\t<meta property=\"og:image:width\" content=\"800\" \/>\n\t<meta property=\"og:image:height\" content=\"800\" \/>\n\t<meta property=\"og:image:type\" content=\"image\/webp\" \/>\n<meta name=\"twitter:card\" content=\"summary_large_image\" \/>\n<meta name=\"twitter:label1\" content=\"Gesch\u00e4tzte Lesezeit\" \/>\n\t<meta name=\"twitter:data1\" content=\"1\u00a0Minute\" \/>\n<script type=\"application\/ld+json\" class=\"yoast-schema-graph\">{\"@context\":\"https:\/\/schema.org\",\"@graph\":[{\"@type\":\"WebPage\",\"@id\":\"https:\/\/www.csj-emballages.com\/de\/produit\/gepolsterte-versandtasche-mit-oberer-oeffnung-27-x-36-cm-100-stueck\/\",\"url\":\"https:\/\/www.csj-emballages.com\/de\/produit\/gepolsterte-versandtasche-mit-oberer-oeffnung-27-x-36-cm-100-stueck\/\",\"name\":\"Gepolsterte Versandtasche mit oberer \u00d6ffnung 27 x 36 cm, 100 St\u00fcck\",\"isPartOf\":{\"@id\":\"https:\/\/www.csj-emballages.com\/de\/#website\"},\"primaryImageOfPage\":{\"@id\":\"https:\/\/www.csj-emballages.com\/de\/produit\/gepolsterte-versandtasche-mit-oberer-oeffnung-27-x-36-cm-100-stueck\/#primaryimage\"},\"image\":{\"@id\":\"https:\/\/www.csj-emballages.com\/de\/produit\/gepolsterte-versandtasche-mit-oberer-oeffnung-27-x-36-cm-100-stueck\/#primaryimage\"},\"thumbnailUrl\":\"https:\/\/www.csj-emballages.com\/wp-content\/uploads\/2026\/01\/27507.webp\",\"datePublished\":\"2026-01-23T16:18:31+00:00\",\"dateModified\":\"2026-04-01T09:33:43+00:00\",\"description\":\"Gepolsterte Versandtasche mit oberer \u00d6ffnung 27 x 36 cm, 100 St\u00fcck \u2013 verst\u00e4rkter Schutz, schneller Haftverschluss, ideal f\u00fcr E-Commerce und sichere Sendungen.\",\"breadcrumb\":{\"@id\":\"https:\/\/www.csj-emballages.com\/de\/produit\/gepolsterte-versandtasche-mit-oberer-oeffnung-27-x-36-cm-100-stueck\/#breadcrumb\"},\"inLanguage\":\"de\",\"potentialAction\":[{\"@type\":\"ReadAction\",\"target\":[\"https:\/\/www.csj-emballages.com\/de\/produit\/gepolsterte-versandtasche-mit-oberer-oeffnung-27-x-36-cm-100-stueck\/\"]}]},{\"@type\":\"ImageObject\",\"inLanguage\":\"de\",\"@id\":\"https:\/\/www.csj-emballages.com\/de\/produit\/gepolsterte-versandtasche-mit-oberer-oeffnung-27-x-36-cm-100-stueck\/#primaryimage\",\"url\":\"https:\/\/www.csj-emballages.com\/wp-content\/uploads\/2026\/01\/27507.webp\",\"contentUrl\":\"https:\/\/www.csj-emballages.com\/wp-content\/uploads\/2026\/01\/27507.webp\",\"width\":800,\"height\":800,\"caption\":\"Enveloppe matelass\u00e9e\"},{\"@type\":\"BreadcrumbList\",\"@id\":\"https:\/\/www.csj-emballages.com\/de\/produit\/gepolsterte-versandtasche-mit-oberer-oeffnung-27-x-36-cm-100-stueck\/#breadcrumb\",\"itemListElement\":[{\"@type\":\"ListItem\",\"position\":1,\"name\":\"Accueil\",\"item\":\"https:\/\/www.csj-emballages.com\/de\/universum-lebensmittelverpackungen\/\"},{\"@type\":\"ListItem\",\"position\":2,\"name\":\"Shop\",\"item\":\"https:\/\/www.csj-emballages.com\/shop\/\"},{\"@type\":\"ListItem\",\"position\":3,\"name\":\"Gepolsterte Versandtasche mit oberer \u00d6ffnung 27 x 36 cm, 100 St\u00fcck\"}]},{\"@type\":\"WebSite\",\"@id\":\"https:\/\/www.csj-emballages.com\/de\/#website\",\"url\":\"https:\/\/www.csj-emballages.com\/de\/\",\"name\":\"CSJ Emballages\",\"description\":\"\",\"publisher\":{\"@id\":\"https:\/\/www.csj-emballages.com\/de\/#organization\"},\"potentialAction\":[{\"@type\":\"SearchAction\",\"target\":{\"@type\":\"EntryPoint\",\"urlTemplate\":\"https:\/\/www.csj-emballages.com\/de\/?s={search_term_string}\"},\"query-input\":{\"@type\":\"PropertyValueSpecification\",\"valueRequired\":true,\"valueName\":\"search_term_string\"}}],\"inLanguage\":\"de\"},{\"@type\":\"Organization\",\"@id\":\"https:\/\/www.csj-emballages.com\/de\/#Organization\/\",\"name\":\"CSJ Emballages\",\"url\":\"https:\/\/www.csj-emballages.com\/de\/\",\"logo\":{\"@type\":\"ImageObject\",\"inLanguage\":\"de\",\"@id\":\"https:\/\/www.csj-emballages.com\/de\/#\/schema\/logo\/image\/\",\"url\":\"https:\/\/www.csj-emballages.com\/wp-content\/uploads\/2023\/10\/logo_csj.webp\",\"contentUrl\":\"https:\/\/www.csj-emballages.com\/wp-content\/uploads\/2023\/10\/logo_csj.webp\",\"width\":250,\"height\":95,\"caption\":\"CSJ Emballages\"},\"image\":{\"@id\":\"https:\/\/www.csj-emballages.com\/de\/#\/schema\/logo\/image\/\"},\"sameAs\":[\"https:\/\/www.facebook.com\/csjemballages\"],\"address\":{\"@type\":\"PostalAddress\",\"streetAddress\":\"ZI La Lechere\",\"addressLocality\":\"Patornay\",\"postalCode\":\"39130\",\"addressCountry\":\"FR\"},\"contactPoint\":[{\"@type\":\"ContactPoint\",\"contactType\":\"Service client\",\"telephone\":\"0384254272\",\"email\":\"contact@csj-emballages.com\"}]}]}<\/script>\n<!-- \/ Yoast SEO Premium plugin. -->","yoast_head_json":{"title":"Gepolsterte Versandtasche mit oberer \u00d6ffnung 27 x 36 cm, 100 St\u00fcck","description":"Gepolsterte Versandtasche mit oberer \u00d6ffnung 27 x 36 cm, 100 St\u00fcck \u2013 verst\u00e4rkter Schutz, schneller Haftverschluss, ideal f\u00fcr E-Commerce und sichere Sendungen.","robots":{"index":"index","follow":"follow","max-snippet":"max-snippet:-1","max-image-preview":"max-image-preview:large","max-video-preview":"max-video-preview:-1"},"canonical":"https:\/\/www.csj-emballages.com\/de\/produit\/gepolsterte-versandtasche-mit-oberer-oeffnung-27-x-36-cm-100-stueck\/","og_locale":"de_DE","og_type":"article","og_title":"Gepolsterte Versandtasche mit oberer \u00d6ffnung 27 x 36 cm, 100 St\u00fcck","og_description":"Gepolsterte Versandtasche mit oberer \u00d6ffnung 27 x 36 cm, 100 St\u00fcck \u2013 verst\u00e4rkter Schutz, schneller Haftverschluss, ideal f\u00fcr E-Commerce und sichere Sendungen.","og_url":"https:\/\/www.csj-emballages.com\/de\/produit\/gepolsterte-versandtasche-mit-oberer-oeffnung-27-x-36-cm-100-stueck\/","og_site_name":"CSJ Emballages","article_publisher":"https:\/\/www.facebook.com\/csjemballages","article_modified_time":"2026-04-01T09:33:43+00:00","og_image":[{"width":800,"height":800,"url":"https:\/\/www.csj-emballages.com\/wp-content\/uploads\/2026\/01\/27507.webp","type":"image\/webp"}],"twitter_card":"summary_large_image","twitter_misc":{"Gesch\u00e4tzte Lesezeit":"1\u00a0Minute"},"schema":{"@context":"https:\/\/schema.org","@graph":[{"@type":"WebPage","@id":"https:\/\/www.csj-emballages.com\/de\/produit\/gepolsterte-versandtasche-mit-oberer-oeffnung-27-x-36-cm-100-stueck\/","url":"https:\/\/www.csj-emballages.com\/de\/produit\/gepolsterte-versandtasche-mit-oberer-oeffnung-27-x-36-cm-100-stueck\/","name":"Gepolsterte Versandtasche mit oberer \u00d6ffnung 27 x 36 cm, 100 St\u00fcck","isPartOf":{"@id":"https:\/\/www.csj-emballages.com\/de\/#website"},"primaryImageOfPage":{"@id":"https:\/\/www.csj-emballages.com\/de\/produit\/gepolsterte-versandtasche-mit-oberer-oeffnung-27-x-36-cm-100-stueck\/#primaryimage"},"image":{"@id":"https:\/\/www.csj-emballages.com\/de\/produit\/gepolsterte-versandtasche-mit-oberer-oeffnung-27-x-36-cm-100-stueck\/#primaryimage"},"thumbnailUrl":"https:\/\/www.csj-emballages.com\/wp-content\/uploads\/2026\/01\/27507.webp","datePublished":"2026-01-23T16:18:31+00:00","dateModified":"2026-04-01T09:33:43+00:00","description":"Gepolsterte Versandtasche mit oberer \u00d6ffnung 27 x 36 cm, 100 St\u00fcck \u2013 verst\u00e4rkter Schutz, schneller Haftverschluss, ideal f\u00fcr E-Commerce und sichere Sendungen.","breadcrumb":{"@id":"https:\/\/www.csj-emballages.com\/de\/produit\/gepolsterte-versandtasche-mit-oberer-oeffnung-27-x-36-cm-100-stueck\/#breadcrumb"},"inLanguage":"de","potentialAction":[{"@type":"ReadAction","target":["https:\/\/www.csj-emballages.com\/de\/produit\/gepolsterte-versandtasche-mit-oberer-oeffnung-27-x-36-cm-100-stueck\/"]}]},{"@type":"ImageObject","inLanguage":"de","@id":"https:\/\/www.csj-emballages.com\/de\/produit\/gepolsterte-versandtasche-mit-oberer-oeffnung-27-x-36-cm-100-stueck\/#primaryimage","url":"https:\/\/www.csj-emballages.com\/wp-content\/uploads\/2026\/01\/27507.webp","contentUrl":"https:\/\/www.csj-emballages.com\/wp-content\/uploads\/2026\/01\/27507.webp","width":800,"height":800,"caption":"Enveloppe matelass\u00e9e"},{"@type":"BreadcrumbList","@id":"https:\/\/www.csj-emballages.com\/de\/produit\/gepolsterte-versandtasche-mit-oberer-oeffnung-27-x-36-cm-100-stueck\/#breadcrumb","itemListElement":[{"@type":"ListItem","position":1,"name":"Accueil","item":"https:\/\/www.csj-emballages.com\/de\/universum-lebensmittelverpackungen\/"},{"@type":"ListItem","position":2,"name":"Shop","item":"https:\/\/www.csj-emballages.com\/shop\/"},{"@type":"ListItem","position":3,"name":"Gepolsterte Versandtasche mit oberer \u00d6ffnung 27 x 36 cm, 100 St\u00fcck"}]},{"@type":"WebSite","@id":"https:\/\/www.csj-emballages.com\/de\/#website","url":"https:\/\/www.csj-emballages.com\/de\/","name":"CSJ Emballages","description":"","publisher":{"@id":"https:\/\/www.csj-emballages.com\/de\/#organization"},"potentialAction":[{"@type":"SearchAction","target":{"@type":"EntryPoint","urlTemplate":"https:\/\/www.csj-emballages.com\/de\/?s={search_term_string}"},"query-input":{"@type":"PropertyValueSpecification","valueRequired":true,"valueName":"search_term_string"}}],"inLanguage":"de"},{"@type":"Organization","@id":"https:\/\/www.csj-emballages.com\/de\/#Organization\/","name":"CSJ Emballages","url":"https:\/\/www.csj-emballages.com\/de\/","logo":{"@type":"ImageObject","inLanguage":"de","@id":"https:\/\/www.csj-emballages.com\/de\/#\/schema\/logo\/image\/","url":"https:\/\/www.csj-emballages.com\/wp-content\/uploads\/2023\/10\/logo_csj.webp","contentUrl":"https:\/\/www.csj-emballages.com\/wp-content\/uploads\/2023\/10\/logo_csj.webp","width":250,"height":95,"caption":"CSJ Emballages"},"image":{"@id":"https:\/\/www.csj-emballages.com\/de\/#\/schema\/logo\/image\/"},"sameAs":["https:\/\/www.facebook.com\/csjemballages"],"address":{"@type":"PostalAddress","streetAddress":"ZI La Lechere","addressLocality":"Patornay","postalCode":"39130","addressCountry":"FR"},"contactPoint":[{"@type":"ContactPoint","contactType":"Service client","telephone":"0384254272","email":"contact@csj-emballages.com"}]}]}},"df_price":65.1,"df_sale_price":65.1,"df_regular_price":72.34,"df_image_link":"https:\/\/www.csj-emballages.com\/wp-content\/uploads\/2026\/01\/27507-300x300.webp","tiered_pricing_type":"fixed","tiered_pricing_fixed_rules":[],"tiered_pricing_percentage_rules":[],"tiered_pricing_minimum":1,"tiered_pricing_roles_data":[],"_links":{"self":[{"href":"https:\/\/www.csj-emballages.com\/de\/wp-json\/wp\/v2\/product\/264712","targetHints":{"allow":["GET"]}}],"collection":[{"href":"https:\/\/www.csj-emballages.com\/de\/wp-json\/wp\/v2\/product"}],"about":[{"href":"https:\/\/www.csj-emballages.com\/de\/wp-json\/wp\/v2\/types\/product"}],"wp:featuredmedia":[{"embeddable":true,"href":"https:\/\/www.csj-emballages.com\/de\/wp-json\/wp\/v2\/media\/264672"}],"wp:attachment":[{"href":"https:\/\/www.csj-emballages.com\/de\/wp-json\/wp\/v2\/media?parent=264712"}],"wp:term":[{"taxonomy":"product_brand","embeddable":true,"href":"https:\/\/www.csj-emballages.com\/de\/wp-json\/wp\/v2\/product_brand?post=264712"},{"taxonomy":"product_cat","embeddable":true,"href":"https:\/\/www.csj-emballages.com\/de\/wp-json\/wp\/v2\/product_cat?post=264712"},{"taxonomy":"product_tag","embeddable":true,"href":"https:\/\/www.csj-emballages.com\/de\/wp-json\/wp\/v2\/product_tag?post=264712"}],"curies":[{"name":"wp","href":"https:\/\/api.w.org\/{rel}","templated":true}]}}