{"id":264692,"date":"2026-01-23T17:18:25","date_gmt":"2026-01-23T16:18:25","guid":{"rendered":"https:\/\/www.csj-emballages.com\/produit\/luftpolsterumschlag-oeffnung-oben-15-x-215-cm-100-stueck\/"},"modified":"2026-04-03T02:12:19","modified_gmt":"2026-04-03T00:12:19","slug":"luftpolsterumschlag-oeffnung-oben-15-x-215-cm-100-stueck","status":"publish","type":"product","link":"https:\/\/www.csj-emballages.com\/de\/produit\/luftpolsterumschlag-oeffnung-oben-15-x-215-cm-100-stueck\/","title":{"rendered":"Luftpolsterumschlag, \u00d6ffnung oben, 15 x 21,5 cm, 100 St\u00fcck"},"content":{"rendered":"<h2>Luftpolsterumschlag<\/h2>\n<hr>\n<h3>Entdecken Sie unseren Luftpolsterumschlag mit \u00d6ffnung oben, 15 x 21,5 cm, 100 St\u00fcck<\/h3>\n<p><!--more--><\/p>\n<p data-start=\"290\" data-end=\"689\"><strong>Der Luftpolsterumschlag<\/strong> mit <strong>\u00d6ffnung oben, 15 x 21,5 cm<\/strong>, ist eine robuste und sichere Verpackungsl\u00f6sung, ideal f\u00fcr den Versand kleiner, zerbrechlicher Gegenst\u00e4nde im <strong>E-Commerce, f\u00fcr den Beh\u00f6rdenversand oder Pr\u00e4zisionslieferungen<\/strong>. Dank der <strong>gepolsterten Innenauskleidung<\/strong> sch\u00fctzt er den Inhalt effektiv vor St\u00f6\u00dfen, Reibung oder leichten St\u00fcrzen w\u00e4hrend des Transports. <\/p>\n<p data-start=\"691\" data-end=\"998\">Zudem ist die Gr\u00f6\u00dfe (<strong>15 x 21,5 cm<\/strong>) perfekt f\u00fcr den <strong>Versand von B\u00fcchern, CDs\/DVDs, kleinen elektronischen Ger\u00e4ten, empfindlichem Zubeh\u00f6r, Schmuck oder Dokumenten geeignet, die verst\u00e4rkten Schutz ben\u00f6tigen<\/strong>. Die <strong>\u00d6ffnung oben<\/strong> erm\u00f6glicht zudem eine einfache und schnelle Handhabung, was das Bef\u00fcllen und die Versandvorbereitung erleichtert. <\/p>\n<p data-start=\"1000\" data-end=\"1274\">Dank des <strong>selbstklebenden Haftverschlusses<\/strong> l\u00e4sst sich <strong>der Umschlag<\/strong> mit einem Handgriff verschlie\u00dfen, ohne dass zus\u00e4tzlicher Kleber oder Klebeband ben\u00f6tigt wird. Dies bietet einen zuverl\u00e4ssigen Schutz gegen versehentliches \u00d6ffnen und spart Zeit bei der Kommissionierung. <\/p>\n<p data-start=\"1276\" data-end=\"1579\">Hergestellt aus widerstandsf\u00e4higen und langlebigen Materialien, ist dieser <strong>Luftpolsterumschlag<\/strong> sowohl f\u00fcr Profis als auch f\u00fcr Privatpersonen konzipiert, denen die Sicherheit ihrer Sendungen am Herzen liegt. Im <strong>100er-Pack<\/strong> bietet er eine wirtschaftliche L\u00f6sung f\u00fcr ein optimiertes Verpackungsmanagement. <\/p>\n<p data-start=\"1276\" data-end=\"1579\"><!--more--><\/p>\n<h4 data-start=\"1276\" data-end=\"1579\">Vorteile :<\/h4>\n<ul>\n<li data-start=\"1617\" data-end=\"1680\"><strong data-start=\"1617\" data-end=\"1641\">Verst\u00e4rkter Schutz<\/strong> durch gepolsterte Innenauskleidung.<\/li>\n<li data-start=\"1683\" data-end=\"1727\">Schneller und sicherer <strong data-start=\"1683\" data-end=\"1705\">Haftklebeverschluss<\/strong>.<\/li>\n<li data-start=\"1730\" data-end=\"1794\">Vielseitige Gr\u00f6\u00dfe <strong data-start=\"1749\" data-end=\"1765\">15 x 21,5 cm<\/strong>, ideal f\u00fcr kleine Gegenst\u00e4nde.<\/li>\n<li data-start=\"1797\" data-end=\"1855\">\u00d6ffnung oben f\u00fcr eine leichtere Versandvorbereitung.<\/li>\n<li data-start=\"1858\" data-end=\"1893\"><strong data-start=\"1867\" data-end=\"1891\">Widerstandsf\u00e4higes und langlebiges<\/strong> Material.<\/li>\n<li data-start=\"1896\" data-end=\"1966\">Ideal f\u00fcr E-Commerce, gesch\u00e4ftliche Sendungen und vertrauliche Dokumente.<\/li>\n<\/ul>\n<p>&nbsp;<\/p>\n<p><!--more--><\/p>\n<h4>Weitere Informationen :<\/h4>\n<ul>\n<li><strong>Verpackung<\/strong>: Karton mit 100 St\u00fcck<\/li>\n<li><strong>Ma\u00dfe<\/strong>: 15 x 21,5 cm<\/li>\n<li><strong>Farbe<\/strong>: Braun<\/li>\n<li><strong>Material<\/strong>: Kraftpapier<\/li>\n<\/ul>\n<p>&nbsp;<\/p>\n<p><!--more--><\/p>\n<p>Diese gepolsterte Versandtasche ist in verschiedenen Gr\u00f6\u00dfen erh\u00e4ltlich: <span style=\"color: #d12727;\"><a style=\"color: #d12727;\" href=\"https:\/\/www.csj-emballages.com\/es\/produit\/sobre-acolchado-apertura-superior-18-x-265-cm-por-100\/\">18 x 26,5 cm<\/a><\/span> \/ <span style=\"color: #d12727;\"><a style=\"color: #d12727;\" href=\"https:\/\/www.csj-emballages.com\/es\/produit\/sobre-acolchado-de-apertura-superior-24-x-34-cm-por-100\/\">24 x 34 cm<\/a><\/span> \/ <span style=\"color: #d12727;\"><a style=\"color: #d12727;\" href=\"https:\/\/www.csj-emballages.com\/es\/produit\/sobre-acolchado-apertura-superior-27-x-36-cm-pack-de-100\/\">27 x 36 cm<\/a><\/span><\/p>\n<p>&nbsp;<\/p>\n<p><!--more--><\/p>\n<p><a href=\"https:\/\/www.csj-emballages.com\/de\/categorie-produit\/industrielle-verpackungen\/versandtaschen\/\">Entdecken Sie den Rest unseres Sortiments an Versandtaschen \/ Versandumschl\u00e4gen<\/a><\/p>\n<p data-start=\"1276\" data-end=\"1579\">\n","protected":false},"excerpt":{"rendered":"<p>Luftpolsterumschlag Entdecken Sie unseren Luftpolsterumschlag mit \u00d6ffnung oben, 15 x 21,5 cm, 100 St\u00fcck<\/p>\n","protected":false},"featured_media":264672,"template":"","meta":{"_acf_changed":false},"product_brand":[],"product_cat":[1137,8640,1206,1207],"product_tag":[],"class_list":{"0":"post-264692","1":"product","2":"type-product","3":"status-publish","4":"has-post-thumbnail","6":"product_cat-lebensmittelverpackungen","7":"product_cat-gute-tipps","8":"product_cat-industrielle-verpackungen","9":"product_cat-versandtaschen","11":"first","12":"instock","13":"sale","14":"taxable","15":"shipping-taxable","16":"purchasable","17":"product-type-simple"},"acf":[],"yoast_head":"<!-- This site is optimized with the Yoast SEO Premium plugin v26.6 (Yoast SEO v26.6) - https:\/\/yoast.com\/wordpress\/plugins\/seo\/ -->\n<title>Luftpolsterumschlag, \u00d6ffnung oben, 15 x 21,5 cm, 100 St\u00fcck<\/title>\n<meta name=\"description\" content=\"Luftpolsterumschlag, \u00d6ffnung oben, 15 x 21,5 cm, 100 St\u00fcck \u2013 verst\u00e4rkter Schutz, einfacher Haftklebeverschluss f\u00fcr sicheren Versand.\" \/>\n<meta name=\"robots\" content=\"index, follow, max-snippet:-1, max-image-preview:large, max-video-preview:-1\" \/>\n<link rel=\"canonical\" href=\"https:\/\/www.csj-emballages.com\/de\/produit\/luftpolsterumschlag-oeffnung-oben-15-x-215-cm-100-stueck\/\" \/>\n<meta property=\"og:locale\" content=\"de_DE\" \/>\n<meta property=\"og:type\" content=\"article\" \/>\n<meta property=\"og:title\" content=\"Luftpolsterumschlag, \u00d6ffnung oben, 15 x 21,5 cm, 100 St\u00fcck\" \/>\n<meta property=\"og:description\" content=\"Luftpolsterumschlag, \u00d6ffnung oben, 15 x 21,5 cm, 100 St\u00fcck \u2013 verst\u00e4rkter Schutz, einfacher Haftklebeverschluss f\u00fcr sicheren Versand.\" \/>\n<meta property=\"og:url\" content=\"https:\/\/www.csj-emballages.com\/de\/produit\/luftpolsterumschlag-oeffnung-oben-15-x-215-cm-100-stueck\/\" \/>\n<meta property=\"og:site_name\" content=\"CSJ Emballages\" \/>\n<meta property=\"article:publisher\" content=\"https:\/\/www.facebook.com\/csjemballages\" \/>\n<meta property=\"article:modified_time\" content=\"2026-04-03T00:12:19+00:00\" \/>\n<meta property=\"og:image\" content=\"https:\/\/www.csj-emballages.com\/wp-content\/uploads\/2026\/01\/27507.webp\" \/>\n\t<meta property=\"og:image:width\" content=\"800\" \/>\n\t<meta property=\"og:image:height\" content=\"800\" \/>\n\t<meta property=\"og:image:type\" content=\"image\/webp\" \/>\n<meta name=\"twitter:card\" content=\"summary_large_image\" \/>\n<meta name=\"twitter:label1\" content=\"Gesch\u00e4tzte Lesezeit\" \/>\n\t<meta name=\"twitter:data1\" content=\"1\u00a0Minute\" \/>\n<script type=\"application\/ld+json\" class=\"yoast-schema-graph\">{\"@context\":\"https:\/\/schema.org\",\"@graph\":[{\"@type\":\"WebPage\",\"@id\":\"https:\/\/www.csj-emballages.com\/de\/produit\/luftpolsterumschlag-oeffnung-oben-15-x-215-cm-100-stueck\/\",\"url\":\"https:\/\/www.csj-emballages.com\/de\/produit\/luftpolsterumschlag-oeffnung-oben-15-x-215-cm-100-stueck\/\",\"name\":\"Luftpolsterumschlag, \u00d6ffnung oben, 15 x 21,5 cm, 100 St\u00fcck\",\"isPartOf\":{\"@id\":\"https:\/\/www.csj-emballages.com\/de\/#website\"},\"primaryImageOfPage\":{\"@id\":\"https:\/\/www.csj-emballages.com\/de\/produit\/luftpolsterumschlag-oeffnung-oben-15-x-215-cm-100-stueck\/#primaryimage\"},\"image\":{\"@id\":\"https:\/\/www.csj-emballages.com\/de\/produit\/luftpolsterumschlag-oeffnung-oben-15-x-215-cm-100-stueck\/#primaryimage\"},\"thumbnailUrl\":\"https:\/\/www.csj-emballages.com\/wp-content\/uploads\/2026\/01\/27507.webp\",\"datePublished\":\"2026-01-23T16:18:25+00:00\",\"dateModified\":\"2026-04-03T00:12:19+00:00\",\"description\":\"Luftpolsterumschlag, \u00d6ffnung oben, 15 x 21,5 cm, 100 St\u00fcck \u2013 verst\u00e4rkter Schutz, einfacher Haftklebeverschluss f\u00fcr sicheren Versand.\",\"breadcrumb\":{\"@id\":\"https:\/\/www.csj-emballages.com\/de\/produit\/luftpolsterumschlag-oeffnung-oben-15-x-215-cm-100-stueck\/#breadcrumb\"},\"inLanguage\":\"de\",\"potentialAction\":[{\"@type\":\"ReadAction\",\"target\":[\"https:\/\/www.csj-emballages.com\/de\/produit\/luftpolsterumschlag-oeffnung-oben-15-x-215-cm-100-stueck\/\"]}]},{\"@type\":\"ImageObject\",\"inLanguage\":\"de\",\"@id\":\"https:\/\/www.csj-emballages.com\/de\/produit\/luftpolsterumschlag-oeffnung-oben-15-x-215-cm-100-stueck\/#primaryimage\",\"url\":\"https:\/\/www.csj-emballages.com\/wp-content\/uploads\/2026\/01\/27507.webp\",\"contentUrl\":\"https:\/\/www.csj-emballages.com\/wp-content\/uploads\/2026\/01\/27507.webp\",\"width\":800,\"height\":800,\"caption\":\"Enveloppe matelass\u00e9e\"},{\"@type\":\"BreadcrumbList\",\"@id\":\"https:\/\/www.csj-emballages.com\/de\/produit\/luftpolsterumschlag-oeffnung-oben-15-x-215-cm-100-stueck\/#breadcrumb\",\"itemListElement\":[{\"@type\":\"ListItem\",\"position\":1,\"name\":\"Accueil\",\"item\":\"https:\/\/www.csj-emballages.com\/de\/universum-lebensmittelverpackungen\/\"},{\"@type\":\"ListItem\",\"position\":2,\"name\":\"Shop\",\"item\":\"https:\/\/www.csj-emballages.com\/shop\/\"},{\"@type\":\"ListItem\",\"position\":3,\"name\":\"Luftpolsterumschlag, \u00d6ffnung oben, 15 x 21,5 cm, 100 St\u00fcck\"}]},{\"@type\":\"WebSite\",\"@id\":\"https:\/\/www.csj-emballages.com\/de\/#website\",\"url\":\"https:\/\/www.csj-emballages.com\/de\/\",\"name\":\"CSJ Emballages\",\"description\":\"\",\"publisher\":{\"@id\":\"https:\/\/www.csj-emballages.com\/de\/#organization\"},\"potentialAction\":[{\"@type\":\"SearchAction\",\"target\":{\"@type\":\"EntryPoint\",\"urlTemplate\":\"https:\/\/www.csj-emballages.com\/de\/?s={search_term_string}\"},\"query-input\":{\"@type\":\"PropertyValueSpecification\",\"valueRequired\":true,\"valueName\":\"search_term_string\"}}],\"inLanguage\":\"de\"},{\"@type\":\"Organization\",\"@id\":\"https:\/\/www.csj-emballages.com\/de\/#Organization\/\",\"name\":\"CSJ Emballages\",\"url\":\"https:\/\/www.csj-emballages.com\/de\/\",\"logo\":{\"@type\":\"ImageObject\",\"inLanguage\":\"de\",\"@id\":\"https:\/\/www.csj-emballages.com\/de\/#\/schema\/logo\/image\/\",\"url\":\"https:\/\/www.csj-emballages.com\/wp-content\/uploads\/2023\/10\/logo_csj.webp\",\"contentUrl\":\"https:\/\/www.csj-emballages.com\/wp-content\/uploads\/2023\/10\/logo_csj.webp\",\"width\":250,\"height\":95,\"caption\":\"CSJ Emballages\"},\"image\":{\"@id\":\"https:\/\/www.csj-emballages.com\/de\/#\/schema\/logo\/image\/\"},\"sameAs\":[\"https:\/\/www.facebook.com\/csjemballages\"],\"address\":{\"@type\":\"PostalAddress\",\"streetAddress\":\"ZI La Lechere\",\"addressLocality\":\"Patornay\",\"postalCode\":\"39130\",\"addressCountry\":\"FR\"},\"contactPoint\":[{\"@type\":\"ContactPoint\",\"contactType\":\"Service client\",\"telephone\":\"0384254272\",\"email\":\"contact@csj-emballages.com\"}]}]}<\/script>\n<!-- \/ Yoast SEO Premium plugin. -->","yoast_head_json":{"title":"Luftpolsterumschlag, \u00d6ffnung oben, 15 x 21,5 cm, 100 St\u00fcck","description":"Luftpolsterumschlag, \u00d6ffnung oben, 15 x 21,5 cm, 100 St\u00fcck \u2013 verst\u00e4rkter Schutz, einfacher Haftklebeverschluss f\u00fcr sicheren Versand.","robots":{"index":"index","follow":"follow","max-snippet":"max-snippet:-1","max-image-preview":"max-image-preview:large","max-video-preview":"max-video-preview:-1"},"canonical":"https:\/\/www.csj-emballages.com\/de\/produit\/luftpolsterumschlag-oeffnung-oben-15-x-215-cm-100-stueck\/","og_locale":"de_DE","og_type":"article","og_title":"Luftpolsterumschlag, \u00d6ffnung oben, 15 x 21,5 cm, 100 St\u00fcck","og_description":"Luftpolsterumschlag, \u00d6ffnung oben, 15 x 21,5 cm, 100 St\u00fcck \u2013 verst\u00e4rkter Schutz, einfacher Haftklebeverschluss f\u00fcr sicheren Versand.","og_url":"https:\/\/www.csj-emballages.com\/de\/produit\/luftpolsterumschlag-oeffnung-oben-15-x-215-cm-100-stueck\/","og_site_name":"CSJ Emballages","article_publisher":"https:\/\/www.facebook.com\/csjemballages","article_modified_time":"2026-04-03T00:12:19+00:00","og_image":[{"width":800,"height":800,"url":"https:\/\/www.csj-emballages.com\/wp-content\/uploads\/2026\/01\/27507.webp","type":"image\/webp"}],"twitter_card":"summary_large_image","twitter_misc":{"Gesch\u00e4tzte Lesezeit":"1\u00a0Minute"},"schema":{"@context":"https:\/\/schema.org","@graph":[{"@type":"WebPage","@id":"https:\/\/www.csj-emballages.com\/de\/produit\/luftpolsterumschlag-oeffnung-oben-15-x-215-cm-100-stueck\/","url":"https:\/\/www.csj-emballages.com\/de\/produit\/luftpolsterumschlag-oeffnung-oben-15-x-215-cm-100-stueck\/","name":"Luftpolsterumschlag, \u00d6ffnung oben, 15 x 21,5 cm, 100 St\u00fcck","isPartOf":{"@id":"https:\/\/www.csj-emballages.com\/de\/#website"},"primaryImageOfPage":{"@id":"https:\/\/www.csj-emballages.com\/de\/produit\/luftpolsterumschlag-oeffnung-oben-15-x-215-cm-100-stueck\/#primaryimage"},"image":{"@id":"https:\/\/www.csj-emballages.com\/de\/produit\/luftpolsterumschlag-oeffnung-oben-15-x-215-cm-100-stueck\/#primaryimage"},"thumbnailUrl":"https:\/\/www.csj-emballages.com\/wp-content\/uploads\/2026\/01\/27507.webp","datePublished":"2026-01-23T16:18:25+00:00","dateModified":"2026-04-03T00:12:19+00:00","description":"Luftpolsterumschlag, \u00d6ffnung oben, 15 x 21,5 cm, 100 St\u00fcck \u2013 verst\u00e4rkter Schutz, einfacher Haftklebeverschluss f\u00fcr sicheren Versand.","breadcrumb":{"@id":"https:\/\/www.csj-emballages.com\/de\/produit\/luftpolsterumschlag-oeffnung-oben-15-x-215-cm-100-stueck\/#breadcrumb"},"inLanguage":"de","potentialAction":[{"@type":"ReadAction","target":["https:\/\/www.csj-emballages.com\/de\/produit\/luftpolsterumschlag-oeffnung-oben-15-x-215-cm-100-stueck\/"]}]},{"@type":"ImageObject","inLanguage":"de","@id":"https:\/\/www.csj-emballages.com\/de\/produit\/luftpolsterumschlag-oeffnung-oben-15-x-215-cm-100-stueck\/#primaryimage","url":"https:\/\/www.csj-emballages.com\/wp-content\/uploads\/2026\/01\/27507.webp","contentUrl":"https:\/\/www.csj-emballages.com\/wp-content\/uploads\/2026\/01\/27507.webp","width":800,"height":800,"caption":"Enveloppe matelass\u00e9e"},{"@type":"BreadcrumbList","@id":"https:\/\/www.csj-emballages.com\/de\/produit\/luftpolsterumschlag-oeffnung-oben-15-x-215-cm-100-stueck\/#breadcrumb","itemListElement":[{"@type":"ListItem","position":1,"name":"Accueil","item":"https:\/\/www.csj-emballages.com\/de\/universum-lebensmittelverpackungen\/"},{"@type":"ListItem","position":2,"name":"Shop","item":"https:\/\/www.csj-emballages.com\/shop\/"},{"@type":"ListItem","position":3,"name":"Luftpolsterumschlag, \u00d6ffnung oben, 15 x 21,5 cm, 100 St\u00fcck"}]},{"@type":"WebSite","@id":"https:\/\/www.csj-emballages.com\/de\/#website","url":"https:\/\/www.csj-emballages.com\/de\/","name":"CSJ Emballages","description":"","publisher":{"@id":"https:\/\/www.csj-emballages.com\/de\/#organization"},"potentialAction":[{"@type":"SearchAction","target":{"@type":"EntryPoint","urlTemplate":"https:\/\/www.csj-emballages.com\/de\/?s={search_term_string}"},"query-input":{"@type":"PropertyValueSpecification","valueRequired":true,"valueName":"search_term_string"}}],"inLanguage":"de"},{"@type":"Organization","@id":"https:\/\/www.csj-emballages.com\/de\/#Organization\/","name":"CSJ Emballages","url":"https:\/\/www.csj-emballages.com\/de\/","logo":{"@type":"ImageObject","inLanguage":"de","@id":"https:\/\/www.csj-emballages.com\/de\/#\/schema\/logo\/image\/","url":"https:\/\/www.csj-emballages.com\/wp-content\/uploads\/2023\/10\/logo_csj.webp","contentUrl":"https:\/\/www.csj-emballages.com\/wp-content\/uploads\/2023\/10\/logo_csj.webp","width":250,"height":95,"caption":"CSJ Emballages"},"image":{"@id":"https:\/\/www.csj-emballages.com\/de\/#\/schema\/logo\/image\/"},"sameAs":["https:\/\/www.facebook.com\/csjemballages"],"address":{"@type":"PostalAddress","streetAddress":"ZI La Lechere","addressLocality":"Patornay","postalCode":"39130","addressCountry":"FR"},"contactPoint":[{"@type":"ContactPoint","contactType":"Service client","telephone":"0384254272","email":"contact@csj-emballages.com"}]}]}},"df_price":25.03,"df_sale_price":25.03,"df_regular_price":27.82,"df_image_link":"https:\/\/www.csj-emballages.com\/wp-content\/uploads\/2026\/01\/27507-300x300.webp","tiered_pricing_type":"fixed","tiered_pricing_fixed_rules":[],"tiered_pricing_percentage_rules":[],"tiered_pricing_minimum":1,"tiered_pricing_roles_data":[],"_links":{"self":[{"href":"https:\/\/www.csj-emballages.com\/de\/wp-json\/wp\/v2\/product\/264692","targetHints":{"allow":["GET"]}}],"collection":[{"href":"https:\/\/www.csj-emballages.com\/de\/wp-json\/wp\/v2\/product"}],"about":[{"href":"https:\/\/www.csj-emballages.com\/de\/wp-json\/wp\/v2\/types\/product"}],"wp:featuredmedia":[{"embeddable":true,"href":"https:\/\/www.csj-emballages.com\/de\/wp-json\/wp\/v2\/media\/264672"}],"wp:attachment":[{"href":"https:\/\/www.csj-emballages.com\/de\/wp-json\/wp\/v2\/media?parent=264692"}],"wp:term":[{"taxonomy":"product_brand","embeddable":true,"href":"https:\/\/www.csj-emballages.com\/de\/wp-json\/wp\/v2\/product_brand?post=264692"},{"taxonomy":"product_cat","embeddable":true,"href":"https:\/\/www.csj-emballages.com\/de\/wp-json\/wp\/v2\/product_cat?post=264692"},{"taxonomy":"product_tag","embeddable":true,"href":"https:\/\/www.csj-emballages.com\/de\/wp-json\/wp\/v2\/product_tag?post=264692"}],"curies":[{"name":"wp","href":"https:\/\/api.w.org\/{rel}","templated":true}]}}