{"id":263679,"date":"2026-02-05T11:18:17","date_gmt":"2026-02-05T10:18:17","guid":{"rendered":"https:\/\/www.csj-emballages.com\/produit\/mikrofaser-wischbezug-blau-40-cm-mit-lasche\/"},"modified":"2026-04-29T02:11:14","modified_gmt":"2026-04-29T00:11:14","slug":"mikrofaser-wischbezug-blau-40-cm-mit-lasche","status":"publish","type":"product","link":"https:\/\/www.csj-emballages.com\/de\/produit\/mikrofaser-wischbezug-blau-40-cm-mit-lasche\/","title":{"rendered":"Mikrofaser-Wischbezug, blau, 40 cm, mit Lasche"},"content":{"rendered":"<h2>Mikrofaser-Fransen<\/h2>\n<hr>\n<h3>Entdecken Sie unseren blauen 40 cm Mikrofaser-Wischbezug mit Lasche<\/h3>\n<p><!--more--><\/p>\n<p data-start=\"219\" data-end=\"573\">Der <strong>blaue 40 cm Mikrofaser-Wischbezug mit Lasche<\/strong> wurde speziell f\u00fcr die effiziente und hygienische Bodenreinigung im professionellen Umfeld entwickelt. Dank seiner hochwertigen <strong>Mikrofaser<\/strong>-Zusammensetzung gew\u00e4hrleistet er eine hervorragende Saugf\u00e4higkeit und nimmt Schmutz, Staub und R\u00fcckst\u00e4nde optimal auf, w\u00e4hrend der Einsatz von Chemikalien reduziert wird. <\/p>\n<p data-start=\"575\" data-end=\"887\">Mit einer <strong>Breite von 40 cm<\/strong> erm\u00f6glicht dieser <strong>Wischbezug<\/strong> die schnelle Reinigung gro\u00dfer Fl\u00e4chen, wodurch die Arbeitszeit bei Reinigungsarbeiten optimiert wird. Er ist ideal f\u00fcr <strong>B\u00fcros, Gesch\u00e4fte, Gesundheitseinrichtungen, \u00f6ffentliche Einrichtungen<\/strong> oder stark frequentierte Bereiche, die eine regelm\u00e4\u00dfige und gr\u00fcndliche Pflege erfordern. <\/p>\n<p data-start=\"889\" data-end=\"1162\">Ausgestattet mit <strong>Befestigungslaschen<\/strong> l\u00e4sst sich der <strong>Wischbezug<\/strong> einfach auf einem kompatiblen Halter anbringen und gew\u00e4hrleistet einen sicheren Halt w\u00e4hrend des Gebrauchs. Dieses Befestigungssystem erm\u00f6glicht zudem ein einfaches und schnelles Entfernen, was die Ergonomie und den Komfort f\u00fcr den Benutzer verbessert. <\/p>\n<p data-start=\"1164\" data-end=\"1546\">Die <strong>blaue Farbe<\/strong> erleichtert die Identifizierung des Wischbezugs im Rahmen von Farbcodierungsprotokollen und tr\u00e4gt dazu bei, das Risiko von Kreuzkontaminationen zu vermeiden. Der widerstandsf\u00e4hige und langlebige <strong>Mikrofaser-Wischbezug<\/strong> beh\u00e4lt seine Leistung auch nach zahlreichen Waschzyklen bei, was ihn zu einer wirtschaftlichen und zuverl\u00e4ssigen L\u00f6sung f\u00fcr den intensiven professionellen Einsatz macht. <\/p>\n<p data-start=\"1164\" data-end=\"1546\"><!--more--><\/p>\n<h4 data-start=\"1164\" data-end=\"1546\">Vorteile :<\/h4>\n<ul>\n<li data-start=\"1584\" data-end=\"1641\"><strong>Mikrofaser<\/strong>-Hochleistung f\u00fcr effektive Reinigung.<\/li>\n<li data-start=\"1644\" data-end=\"1698\">Hervorragende Aufnahme von Fl\u00fcssigkeiten und Schmutz.<\/li>\n<li data-start=\"1701\" data-end=\"1754\"><strong>40 cm Breite<\/strong> f\u00fcr schnelle Fl\u00e4chenreinigung.<\/li>\n<li data-start=\"1757\" data-end=\"1803\">Befestigung mit Laschen, einfach und sicher.<\/li>\n<li data-start=\"1806\" data-end=\"1841\"><strong>Kompatibel<\/strong> mit passenden Haltern.<\/li>\n<li data-start=\"1844\" data-end=\"1890\"><strong>Blaue Farbe<\/strong> zur Bereichscodierung.<\/li>\n<li data-start=\"1893\" data-end=\"1952\">Widerstandsf\u00e4hig und waschbar f\u00fcr lange Nutzungsdauer.<\/li>\n<\/ul>\n<p>&nbsp;<\/p>\n<p><!--more--><\/p>\n<h4>Weitere Informationen :<\/h4>\n<ul>\n<li><strong>Verpackung<\/strong>: Einzeln<\/li>\n<li><strong>L\u00e4nge<\/strong>: 40 cm<\/li>\n<li><strong>Farbe<\/strong>: Blau<\/li>\n<\/ul>\n<p>&nbsp;<\/p>\n<p><!--more--><\/p>\n<p>Hier finden Sie unseren Mikrofaser-Wischbezug mit Lasche und Tasche: <span style=\"color: #d12727;\"><a style=\"color: #d12727;\" href=\"https:\/\/www.csj-emballages.com\/es\/produit\/flecos-de-microfibra-azul-de-40-cm-con-bolsillos-y-lengueta-con-agujero\/\">6363<\/a><\/span><\/p>\n<p>&nbsp;<\/p>\n<p><!--more--><\/p>\n<p><a href=\"https:\/\/www.csj-emballages.com\/de\/categorie-produit\/hygiene-und-pflege\/bursten-und-besen\/besen-burste-staubwedel\/speedy-sortiment\/\">Entdecken Sie das restliche Speedy-Sortiment<\/a><\/p>\n<p>&nbsp;<\/p>\n","protected":false},"excerpt":{"rendered":"<p>Mikrofaser-Fransen Entdecken Sie unseren blauen 40 cm Mikrofaser-Wischbezug mit Lasche<\/p>\n","protected":false},"featured_media":221427,"template":"","meta":{"_acf_changed":false},"product_brand":[],"product_cat":[1137,1218,1736,1449,1845,1910,10273],"product_tag":[],"class_list":{"0":"post-263679","1":"product","2":"type-product","3":"status-publish","4":"has-post-thumbnail","6":"product_cat-lebensmittelverpackungen","7":"product_cat-hygiene-und-pflege","8":"product_cat-zubehor","9":"product_cat-bursten-und-besen","10":"product_cat-besen-burste-staubwedel","11":"product_cat-speedy-sortiment","12":"product_cat-lagerbestand","14":"first","15":"outofstock","16":"sale","17":"taxable","18":"shipping-taxable","19":"purchasable","20":"product-type-simple"},"acf":[],"yoast_head":"<!-- This site is optimized with the Yoast SEO Premium plugin v26.6 (Yoast SEO v26.6) - https:\/\/yoast.com\/wordpress\/plugins\/seo\/ -->\n<title>Mikrofaser-Wischbezug, Blau, 40 cm, mit Lasche<\/title>\n<meta name=\"description\" content=\"Mikrofaser-Wischbezug, blau, 40 cm, mit Lasche. Hohe Saugf\u00e4higkeit, einfache Befestigung und ideal f\u00fcr die professionelle Bodenreinigung.\" \/>\n<meta name=\"robots\" content=\"index, follow, max-snippet:-1, max-image-preview:large, max-video-preview:-1\" \/>\n<link rel=\"canonical\" href=\"https:\/\/www.csj-emballages.com\/de\/produit\/mikrofaser-wischbezug-blau-40-cm-mit-lasche\/\" \/>\n<meta property=\"og:locale\" content=\"de_DE\" \/>\n<meta property=\"og:type\" content=\"article\" \/>\n<meta property=\"og:title\" content=\"Mikrofaser-Wischbezug, blau, 40 cm, mit Lasche\" \/>\n<meta property=\"og:description\" content=\"Mikrofaser-Wischbezug, blau, 40 cm, mit Lasche. Hohe Saugf\u00e4higkeit, einfache Befestigung und ideal f\u00fcr die professionelle Bodenreinigung.\" \/>\n<meta property=\"og:url\" content=\"https:\/\/www.csj-emballages.com\/de\/produit\/mikrofaser-wischbezug-blau-40-cm-mit-lasche\/\" \/>\n<meta property=\"og:site_name\" content=\"CSJ Emballages\" \/>\n<meta property=\"article:publisher\" content=\"https:\/\/www.facebook.com\/csjemballages\" \/>\n<meta property=\"article:modified_time\" content=\"2026-04-29T00:11:14+00:00\" \/>\n<meta property=\"og:image\" content=\"https:\/\/www.csj-emballages.com\/wp-content\/uploads\/2024\/03\/6363.webp\" \/>\n\t<meta property=\"og:image:width\" content=\"800\" \/>\n\t<meta property=\"og:image:height\" content=\"800\" \/>\n\t<meta property=\"og:image:type\" content=\"image\/webp\" \/>\n<meta name=\"twitter:card\" content=\"summary_large_image\" \/>\n<meta name=\"twitter:label1\" content=\"Gesch\u00e4tzte Lesezeit\" \/>\n\t<meta name=\"twitter:data1\" content=\"1\u00a0Minute\" \/>\n<script type=\"application\/ld+json\" class=\"yoast-schema-graph\">{\"@context\":\"https:\/\/schema.org\",\"@graph\":[{\"@type\":\"WebPage\",\"@id\":\"https:\/\/www.csj-emballages.com\/de\/produit\/mikrofaser-wischbezug-blau-40-cm-mit-lasche\/\",\"url\":\"https:\/\/www.csj-emballages.com\/de\/produit\/mikrofaser-wischbezug-blau-40-cm-mit-lasche\/\",\"name\":\"Mikrofaser-Wischbezug, Blau, 40 cm, mit Lasche\",\"isPartOf\":{\"@id\":\"https:\/\/www.csj-emballages.com\/de\/#website\"},\"primaryImageOfPage\":{\"@id\":\"https:\/\/www.csj-emballages.com\/de\/produit\/mikrofaser-wischbezug-blau-40-cm-mit-lasche\/#primaryimage\"},\"image\":{\"@id\":\"https:\/\/www.csj-emballages.com\/de\/produit\/mikrofaser-wischbezug-blau-40-cm-mit-lasche\/#primaryimage\"},\"thumbnailUrl\":\"https:\/\/www.csj-emballages.com\/wp-content\/uploads\/2024\/03\/6363.webp\",\"datePublished\":\"2026-02-05T10:18:17+00:00\",\"dateModified\":\"2026-04-29T00:11:14+00:00\",\"description\":\"Mikrofaser-Wischbezug, blau, 40 cm, mit Lasche. Hohe Saugf\u00e4higkeit, einfache Befestigung und ideal f\u00fcr die professionelle Bodenreinigung.\",\"breadcrumb\":{\"@id\":\"https:\/\/www.csj-emballages.com\/de\/produit\/mikrofaser-wischbezug-blau-40-cm-mit-lasche\/#breadcrumb\"},\"inLanguage\":\"de\",\"potentialAction\":[{\"@type\":\"ReadAction\",\"target\":[\"https:\/\/www.csj-emballages.com\/de\/produit\/mikrofaser-wischbezug-blau-40-cm-mit-lasche\/\"]}]},{\"@type\":\"ImageObject\",\"inLanguage\":\"de\",\"@id\":\"https:\/\/www.csj-emballages.com\/de\/produit\/mikrofaser-wischbezug-blau-40-cm-mit-lasche\/#primaryimage\",\"url\":\"https:\/\/www.csj-emballages.com\/wp-content\/uploads\/2024\/03\/6363.webp\",\"contentUrl\":\"https:\/\/www.csj-emballages.com\/wp-content\/uploads\/2024\/03\/6363.webp\",\"width\":800,\"height\":800,\"caption\":\"Frange microfibre\"},{\"@type\":\"BreadcrumbList\",\"@id\":\"https:\/\/www.csj-emballages.com\/de\/produit\/mikrofaser-wischbezug-blau-40-cm-mit-lasche\/#breadcrumb\",\"itemListElement\":[{\"@type\":\"ListItem\",\"position\":1,\"name\":\"Accueil\",\"item\":\"https:\/\/www.csj-emballages.com\/de\/universum-lebensmittelverpackungen\/\"},{\"@type\":\"ListItem\",\"position\":2,\"name\":\"Shop\",\"item\":\"https:\/\/www.csj-emballages.com\/shop\/\"},{\"@type\":\"ListItem\",\"position\":3,\"name\":\"Mikrofaser-Wischbezug, blau, 40 cm, mit Lasche\"}]},{\"@type\":\"WebSite\",\"@id\":\"https:\/\/www.csj-emballages.com\/de\/#website\",\"url\":\"https:\/\/www.csj-emballages.com\/de\/\",\"name\":\"CSJ Emballages\",\"description\":\"\",\"publisher\":{\"@id\":\"https:\/\/www.csj-emballages.com\/de\/#organization\"},\"potentialAction\":[{\"@type\":\"SearchAction\",\"target\":{\"@type\":\"EntryPoint\",\"urlTemplate\":\"https:\/\/www.csj-emballages.com\/de\/?s={search_term_string}\"},\"query-input\":{\"@type\":\"PropertyValueSpecification\",\"valueRequired\":true,\"valueName\":\"search_term_string\"}}],\"inLanguage\":\"de\"},{\"@type\":\"Organization\",\"@id\":\"https:\/\/www.csj-emballages.com\/de\/#Organization\/\",\"name\":\"CSJ Emballages\",\"url\":\"https:\/\/www.csj-emballages.com\/de\/\",\"logo\":{\"@type\":\"ImageObject\",\"inLanguage\":\"de\",\"@id\":\"https:\/\/www.csj-emballages.com\/de\/#\/schema\/logo\/image\/\",\"url\":\"https:\/\/www.csj-emballages.com\/wp-content\/uploads\/2023\/10\/logo_csj.webp\",\"contentUrl\":\"https:\/\/www.csj-emballages.com\/wp-content\/uploads\/2023\/10\/logo_csj.webp\",\"width\":250,\"height\":95,\"caption\":\"CSJ Emballages\"},\"image\":{\"@id\":\"https:\/\/www.csj-emballages.com\/de\/#\/schema\/logo\/image\/\"},\"sameAs\":[\"https:\/\/www.facebook.com\/csjemballages\"],\"address\":{\"@type\":\"PostalAddress\",\"streetAddress\":\"ZI La Lechere\",\"addressLocality\":\"Patornay\",\"postalCode\":\"39130\",\"addressCountry\":\"FR\"},\"contactPoint\":[{\"@type\":\"ContactPoint\",\"contactType\":\"Service client\",\"telephone\":\"0384254272\",\"email\":\"contact@csj-emballages.com\"}]}]}<\/script>\n<!-- \/ Yoast SEO Premium plugin. -->","yoast_head_json":{"title":"Mikrofaser-Wischbezug, Blau, 40 cm, mit Lasche","description":"Mikrofaser-Wischbezug, blau, 40 cm, mit Lasche. Hohe Saugf\u00e4higkeit, einfache Befestigung und ideal f\u00fcr die professionelle Bodenreinigung.","robots":{"index":"index","follow":"follow","max-snippet":"max-snippet:-1","max-image-preview":"max-image-preview:large","max-video-preview":"max-video-preview:-1"},"canonical":"https:\/\/www.csj-emballages.com\/de\/produit\/mikrofaser-wischbezug-blau-40-cm-mit-lasche\/","og_locale":"de_DE","og_type":"article","og_title":"Mikrofaser-Wischbezug, blau, 40 cm, mit Lasche","og_description":"Mikrofaser-Wischbezug, blau, 40 cm, mit Lasche. Hohe Saugf\u00e4higkeit, einfache Befestigung und ideal f\u00fcr die professionelle Bodenreinigung.","og_url":"https:\/\/www.csj-emballages.com\/de\/produit\/mikrofaser-wischbezug-blau-40-cm-mit-lasche\/","og_site_name":"CSJ Emballages","article_publisher":"https:\/\/www.facebook.com\/csjemballages","article_modified_time":"2026-04-29T00:11:14+00:00","og_image":[{"width":800,"height":800,"url":"https:\/\/www.csj-emballages.com\/wp-content\/uploads\/2024\/03\/6363.webp","type":"image\/webp"}],"twitter_card":"summary_large_image","twitter_misc":{"Gesch\u00e4tzte Lesezeit":"1\u00a0Minute"},"schema":{"@context":"https:\/\/schema.org","@graph":[{"@type":"WebPage","@id":"https:\/\/www.csj-emballages.com\/de\/produit\/mikrofaser-wischbezug-blau-40-cm-mit-lasche\/","url":"https:\/\/www.csj-emballages.com\/de\/produit\/mikrofaser-wischbezug-blau-40-cm-mit-lasche\/","name":"Mikrofaser-Wischbezug, Blau, 40 cm, mit Lasche","isPartOf":{"@id":"https:\/\/www.csj-emballages.com\/de\/#website"},"primaryImageOfPage":{"@id":"https:\/\/www.csj-emballages.com\/de\/produit\/mikrofaser-wischbezug-blau-40-cm-mit-lasche\/#primaryimage"},"image":{"@id":"https:\/\/www.csj-emballages.com\/de\/produit\/mikrofaser-wischbezug-blau-40-cm-mit-lasche\/#primaryimage"},"thumbnailUrl":"https:\/\/www.csj-emballages.com\/wp-content\/uploads\/2024\/03\/6363.webp","datePublished":"2026-02-05T10:18:17+00:00","dateModified":"2026-04-29T00:11:14+00:00","description":"Mikrofaser-Wischbezug, blau, 40 cm, mit Lasche. Hohe Saugf\u00e4higkeit, einfache Befestigung und ideal f\u00fcr die professionelle Bodenreinigung.","breadcrumb":{"@id":"https:\/\/www.csj-emballages.com\/de\/produit\/mikrofaser-wischbezug-blau-40-cm-mit-lasche\/#breadcrumb"},"inLanguage":"de","potentialAction":[{"@type":"ReadAction","target":["https:\/\/www.csj-emballages.com\/de\/produit\/mikrofaser-wischbezug-blau-40-cm-mit-lasche\/"]}]},{"@type":"ImageObject","inLanguage":"de","@id":"https:\/\/www.csj-emballages.com\/de\/produit\/mikrofaser-wischbezug-blau-40-cm-mit-lasche\/#primaryimage","url":"https:\/\/www.csj-emballages.com\/wp-content\/uploads\/2024\/03\/6363.webp","contentUrl":"https:\/\/www.csj-emballages.com\/wp-content\/uploads\/2024\/03\/6363.webp","width":800,"height":800,"caption":"Frange microfibre"},{"@type":"BreadcrumbList","@id":"https:\/\/www.csj-emballages.com\/de\/produit\/mikrofaser-wischbezug-blau-40-cm-mit-lasche\/#breadcrumb","itemListElement":[{"@type":"ListItem","position":1,"name":"Accueil","item":"https:\/\/www.csj-emballages.com\/de\/universum-lebensmittelverpackungen\/"},{"@type":"ListItem","position":2,"name":"Shop","item":"https:\/\/www.csj-emballages.com\/shop\/"},{"@type":"ListItem","position":3,"name":"Mikrofaser-Wischbezug, blau, 40 cm, mit Lasche"}]},{"@type":"WebSite","@id":"https:\/\/www.csj-emballages.com\/de\/#website","url":"https:\/\/www.csj-emballages.com\/de\/","name":"CSJ Emballages","description":"","publisher":{"@id":"https:\/\/www.csj-emballages.com\/de\/#organization"},"potentialAction":[{"@type":"SearchAction","target":{"@type":"EntryPoint","urlTemplate":"https:\/\/www.csj-emballages.com\/de\/?s={search_term_string}"},"query-input":{"@type":"PropertyValueSpecification","valueRequired":true,"valueName":"search_term_string"}}],"inLanguage":"de"},{"@type":"Organization","@id":"https:\/\/www.csj-emballages.com\/de\/#Organization\/","name":"CSJ Emballages","url":"https:\/\/www.csj-emballages.com\/de\/","logo":{"@type":"ImageObject","inLanguage":"de","@id":"https:\/\/www.csj-emballages.com\/de\/#\/schema\/logo\/image\/","url":"https:\/\/www.csj-emballages.com\/wp-content\/uploads\/2023\/10\/logo_csj.webp","contentUrl":"https:\/\/www.csj-emballages.com\/wp-content\/uploads\/2023\/10\/logo_csj.webp","width":250,"height":95,"caption":"CSJ Emballages"},"image":{"@id":"https:\/\/www.csj-emballages.com\/de\/#\/schema\/logo\/image\/"},"sameAs":["https:\/\/www.facebook.com\/csjemballages"],"address":{"@type":"PostalAddress","streetAddress":"ZI La Lechere","addressLocality":"Patornay","postalCode":"39130","addressCountry":"FR"},"contactPoint":[{"@type":"ContactPoint","contactType":"Service client","telephone":"0384254272","email":"contact@csj-emballages.com"}]}]}},"df_price":1.7,"df_sale_price":1.7,"df_regular_price":2.12,"df_image_link":"https:\/\/www.csj-emballages.com\/wp-content\/uploads\/2024\/03\/6363-300x300.webp","tiered_pricing_type":"fixed","tiered_pricing_fixed_rules":[],"tiered_pricing_percentage_rules":[],"tiered_pricing_minimum":1,"tiered_pricing_roles_data":[],"_links":{"self":[{"href":"https:\/\/www.csj-emballages.com\/de\/wp-json\/wp\/v2\/product\/263679","targetHints":{"allow":["GET"]}}],"collection":[{"href":"https:\/\/www.csj-emballages.com\/de\/wp-json\/wp\/v2\/product"}],"about":[{"href":"https:\/\/www.csj-emballages.com\/de\/wp-json\/wp\/v2\/types\/product"}],"wp:featuredmedia":[{"embeddable":true,"href":"https:\/\/www.csj-emballages.com\/de\/wp-json\/wp\/v2\/media\/221427"}],"wp:attachment":[{"href":"https:\/\/www.csj-emballages.com\/de\/wp-json\/wp\/v2\/media?parent=263679"}],"wp:term":[{"taxonomy":"product_brand","embeddable":true,"href":"https:\/\/www.csj-emballages.com\/de\/wp-json\/wp\/v2\/product_brand?post=263679"},{"taxonomy":"product_cat","embeddable":true,"href":"https:\/\/www.csj-emballages.com\/de\/wp-json\/wp\/v2\/product_cat?post=263679"},{"taxonomy":"product_tag","embeddable":true,"href":"https:\/\/www.csj-emballages.com\/de\/wp-json\/wp\/v2\/product_tag?post=263679"}],"curies":[{"name":"wp","href":"https:\/\/api.w.org\/{rel}","templated":true}]}}