{"id":263635,"date":"2026-01-30T11:18:15","date_gmt":"2026-01-30T10:18:15","guid":{"rendered":"https:\/\/www.csj-emballages.com\/produit\/pet-kunststoffdeckel-fuer-eisbecher-pga120-50-stueck\/"},"modified":"2026-05-16T02:12:45","modified_gmt":"2026-05-16T00:12:45","slug":"pet-kunststoffdeckel-fuer-eisbecher-pga120-50-stueck","status":"publish","type":"product","link":"https:\/\/www.csj-emballages.com\/de\/produit\/pet-kunststoffdeckel-fuer-eisbecher-pga120-50-stueck\/","title":{"rendered":"PET-Kunststoffdeckel f\u00fcr Eisbecher PGA120, 50 St\u00fcck"},"content":{"rendered":"<h2 data-start=\"255\" data-end=\"576\">PET-Kunststoffdeckel<\/h2>\n<hr>\n<h3 data-start=\"255\" data-end=\"576\">Entdecken Sie unseren PET-Kunststoffdeckel f\u00fcr Eisbecher PGA120, 50 St\u00fcck<\/h3>\n<p data-start=\"255\" data-end=\"576\"><!--more--><\/p>\n<p data-start=\"255\" data-end=\"576\">Der <strong>PET-Kunststoffdeckel f\u00fcr Eisbecher PGA120<\/strong> wurde entwickelt, um einen zuverl\u00e4ssigen und hygienischen Verschluss f\u00fcr <strong>Eisbecher<\/strong>, <strong>Sorbets und kalte Desserts<\/strong> zu gew\u00e4hrleisten. Speziell angepasst an den <strong>Eisbecher <span style=\"color: #d12727;\"><a style=\"color: #d12727;\" href=\"https:\/\/www.csj-emballages.com\/es\/produit\/tarrina-de-helado-de-carton-blanco-120-ml-por-50\/\">PGA120<\/a><\/span><\/strong>, garantiert er perfekte Kompatibilit\u00e4t und sicheren Halt bei Lagerung, Transport oder im Au\u00dfer-Haus-Verkauf. <\/p>\n<p data-start=\"578\" data-end=\"989\">Hergestellt aus lebensmittelechtem, <strong>transparentem PET-Kunststoff<\/strong>, bietet dieser <strong>PET-Deckel<\/strong> eine ausgezeichnete Steifigkeit bei geringem Gewicht. Seine <strong>Transparenz<\/strong> erm\u00f6glicht eine einfache Sicht auf den Inhalt des Bechers, wodurch die Zubereitungen optimal pr\u00e4sentiert werden und der Kunde von der Qualit\u00e4t und Frische des Produkts \u00fcberzeugt wird. Er ist ideal f\u00fcr <strong>Eisdielen, Konditoreien, Caterer, Gastronomen und Fachleute im Au\u00dfer-Haus-Verkauf<\/strong>.  <\/p>\n<p data-start=\"991\" data-end=\"1289\">Das pr\u00e4zise <strong>Stecksystem<\/strong> sorgt f\u00fcr einen effektiven Verschluss, der das Risiko von Leckagen, Versch\u00fctten oder externer Kontamination minimiert. Es tr\u00e4gt auch dazu bei, die Textur und Frische kalter Desserts zu bewahren, insbesondere w\u00e4hrend des Transports oder der Lagerung in K\u00fchlvitrinen. <\/p>\n<p data-start=\"1291\" data-end=\"1620\">Praktisch und einfach zu handhaben, erm\u00f6glicht der <strong>PET-Deckel<\/strong> f\u00fcr <strong>Eisbecher <span style=\"color: #d12727;\"><a style=\"color: #d12727;\" href=\"https:\/\/www.csj-emballages.com\/es\/produit\/tarrina-de-helado-de-carton-blanco-120-ml-por-50\/\">PGA120<\/a><\/span><\/strong> eine Zeitersparnis beim Service und verbessert die Organisation am Verkaufsort. Verpackt in <strong>50er-Einheiten<\/strong>, ist er perfekt auf die Bed\u00fcrfnisse kleiner und mittlerer Unternehmen oder f\u00fcr den gelegentlichen Einsatz w\u00e4hrend saisonaler Spitzenzeiten zugeschnitten. <\/p>\n<p data-start=\"1291\" data-end=\"1620\"><!--more--><\/p>\n<h4 data-start=\"1291\" data-end=\"1620\">Vorteile :<\/h4>\n<ul>\n<li data-start=\"1658\" data-end=\"1710\">Perfekte Kompatibilit\u00e4t mit dem <strong>Eisbecher PGA120<\/strong>.<\/li>\n<li data-start=\"1713\" data-end=\"1756\"><strong>PET-Kunststoff<\/strong>, lebensmittelecht.<\/li>\n<li data-start=\"1759\" data-end=\"1814\"><strong>Transparenz<\/strong> zur Pr\u00e4sentation der Zubereitungen.<\/li>\n<li data-start=\"1817\" data-end=\"1857\">Sicherer und zuverl\u00e4ssiger Verschluss.<\/li>\n<li data-start=\"1860\" data-end=\"1900\">Minimiert Leckagen und Versch\u00fctten.<\/li>\n<li data-start=\"1903\" data-end=\"1940\">Leicht, steif und einfach zu handhaben.<\/li>\n<li data-start=\"1943\" data-end=\"1988\">Geeignet f\u00fcr den Au\u00dfer-Haus-Verkauf und die Lagerung.<\/li>\n<li data-start=\"1991\" data-end=\"2035\">Praktische Verpackung mit <strong>50 Deckeln<\/strong>.<\/li>\n<\/ul>\n<p>&nbsp;<\/p>\n<p><!--more--><\/p>\n<h4>Weitere Informationen :<\/h4>\n<ul>\n<li><strong>Verpackung<\/strong>: Packung mit 50 St\u00fcck<\/li>\n<li><strong>Durchmesser<\/strong>: 76 mm<\/li>\n<li><strong>Farbe<\/strong>: Transparent<\/li>\n<li><strong>Material<\/strong>: Polyethylenterephthalat (PET)<\/li>\n<\/ul>\n<p>&nbsp;<\/p>\n<p><!--more--><\/p>\n<p>Hier finden Sie unseren passenden Eisbecher zu diesem PET-Kunststoffdeckel: <span style=\"color: #d12727;\"><a style=\"color: #d12727;\" href=\"https:\/\/www.csj-emballages.com\/es\/produit\/tarrina-de-helado-de-carton-blanco-120-ml-por-50\/\">PGA120<\/a><\/span><\/p>\n<p>&nbsp;<\/p>\n<p><!--more--><\/p>\n<p><a href=\"https:\/\/www.csj-emballages.com\/de\/categorie-produit\/lebensmittelverpackungen\/restauration-de\/topfe-schalen-becherhalter\/kraft-topfe\/eisbecher\/\">Sehen Sie sich den Rest unseres Sortiments an Eisbechern an<\/a><\/p>\n","protected":false},"excerpt":{"rendered":"<p>PET-Kunststoffdeckel Entdecken Sie unseren PET-Kunststoffdeckel f\u00fcr Eisbecher PGA120, 50 St\u00fcck<\/p>\n","protected":false},"featured_media":263628,"template":"","meta":{"_acf_changed":false},"product_brand":[],"product_cat":[1137,1134,3975,1328,9210],"product_tag":[],"class_list":{"0":"post-263635","1":"product","2":"type-product","3":"status-publish","4":"has-post-thumbnail","6":"product_cat-lebensmittelverpackungen","7":"product_cat-restauration-de","8":"product_cat-topfe-schalen-becherhalter","9":"product_cat-kraft-topfe","10":"product_cat-eisbecher","12":"first","13":"instock","14":"taxable","15":"shipping-taxable","16":"purchasable","17":"product-type-simple"},"acf":[],"yoast_head":"<!-- This site is optimized with the Yoast SEO Premium plugin v26.6 (Yoast SEO v26.6) - https:\/\/yoast.com\/wordpress\/plugins\/seo\/ -->\n<title>PET-Kunststoffdeckel f\u00fcr Eisbecher PGA120, 50 St\u00fcck<\/title>\n<meta name=\"description\" content=\"PET-Kunststoffdeckel f\u00fcr Eisbecher PGA120, 50 St\u00fcck. Sicherer Verschluss, transparent und ideal f\u00fcr Eis und kalte Desserts.\" \/>\n<meta name=\"robots\" content=\"index, follow, max-snippet:-1, max-image-preview:large, max-video-preview:-1\" \/>\n<link rel=\"canonical\" href=\"https:\/\/www.csj-emballages.com\/de\/produit\/pet-kunststoffdeckel-fuer-eisbecher-pga120-50-stueck\/\" \/>\n<meta property=\"og:locale\" content=\"de_DE\" \/>\n<meta property=\"og:type\" content=\"article\" \/>\n<meta property=\"og:title\" content=\"PET-Kunststoffdeckel f\u00fcr Eisbecher PGA120, 50 St\u00fcck\" \/>\n<meta property=\"og:description\" content=\"PET-Kunststoffdeckel f\u00fcr Eisbecher PGA120, 50 St\u00fcck. Sicherer Verschluss, transparent und ideal f\u00fcr Eis und kalte Desserts.\" \/>\n<meta property=\"og:url\" content=\"https:\/\/www.csj-emballages.com\/de\/produit\/pet-kunststoffdeckel-fuer-eisbecher-pga120-50-stueck\/\" \/>\n<meta property=\"og:site_name\" content=\"CSJ Emballages\" \/>\n<meta property=\"article:publisher\" content=\"https:\/\/www.facebook.com\/csjemballages\" \/>\n<meta property=\"article:modified_time\" content=\"2026-05-16T00:12:45+00:00\" \/>\n<meta property=\"og:image\" content=\"https:\/\/www.csj-emballages.com\/wp-content\/uploads\/2026\/01\/COUVPGA120.webp\" \/>\n\t<meta property=\"og:image:width\" content=\"800\" \/>\n\t<meta property=\"og:image:height\" content=\"800\" \/>\n\t<meta property=\"og:image:type\" content=\"image\/webp\" \/>\n<meta name=\"twitter:card\" content=\"summary_large_image\" \/>\n<meta name=\"twitter:label1\" content=\"Gesch\u00e4tzte Lesezeit\" \/>\n\t<meta name=\"twitter:data1\" content=\"1\u00a0Minute\" \/>\n<script type=\"application\/ld+json\" class=\"yoast-schema-graph\">{\"@context\":\"https:\/\/schema.org\",\"@graph\":[{\"@type\":\"WebPage\",\"@id\":\"https:\/\/www.csj-emballages.com\/de\/produit\/pet-kunststoffdeckel-fuer-eisbecher-pga120-50-stueck\/\",\"url\":\"https:\/\/www.csj-emballages.com\/de\/produit\/pet-kunststoffdeckel-fuer-eisbecher-pga120-50-stueck\/\",\"name\":\"PET-Kunststoffdeckel f\u00fcr Eisbecher PGA120, 50 St\u00fcck\",\"isPartOf\":{\"@id\":\"https:\/\/www.csj-emballages.com\/de\/#website\"},\"primaryImageOfPage\":{\"@id\":\"https:\/\/www.csj-emballages.com\/de\/produit\/pet-kunststoffdeckel-fuer-eisbecher-pga120-50-stueck\/#primaryimage\"},\"image\":{\"@id\":\"https:\/\/www.csj-emballages.com\/de\/produit\/pet-kunststoffdeckel-fuer-eisbecher-pga120-50-stueck\/#primaryimage\"},\"thumbnailUrl\":\"https:\/\/www.csj-emballages.com\/wp-content\/uploads\/2026\/01\/COUVPGA120.webp\",\"datePublished\":\"2026-01-30T10:18:15+00:00\",\"dateModified\":\"2026-05-16T00:12:45+00:00\",\"description\":\"PET-Kunststoffdeckel f\u00fcr Eisbecher PGA120, 50 St\u00fcck. Sicherer Verschluss, transparent und ideal f\u00fcr Eis und kalte Desserts.\",\"breadcrumb\":{\"@id\":\"https:\/\/www.csj-emballages.com\/de\/produit\/pet-kunststoffdeckel-fuer-eisbecher-pga120-50-stueck\/#breadcrumb\"},\"inLanguage\":\"de\",\"potentialAction\":[{\"@type\":\"ReadAction\",\"target\":[\"https:\/\/www.csj-emballages.com\/de\/produit\/pet-kunststoffdeckel-fuer-eisbecher-pga120-50-stueck\/\"]}]},{\"@type\":\"ImageObject\",\"inLanguage\":\"de\",\"@id\":\"https:\/\/www.csj-emballages.com\/de\/produit\/pet-kunststoffdeckel-fuer-eisbecher-pga120-50-stueck\/#primaryimage\",\"url\":\"https:\/\/www.csj-emballages.com\/wp-content\/uploads\/2026\/01\/COUVPGA120.webp\",\"contentUrl\":\"https:\/\/www.csj-emballages.com\/wp-content\/uploads\/2026\/01\/COUVPGA120.webp\",\"width\":800,\"height\":800,\"caption\":\"Couvercle plastique PET\"},{\"@type\":\"BreadcrumbList\",\"@id\":\"https:\/\/www.csj-emballages.com\/de\/produit\/pet-kunststoffdeckel-fuer-eisbecher-pga120-50-stueck\/#breadcrumb\",\"itemListElement\":[{\"@type\":\"ListItem\",\"position\":1,\"name\":\"Accueil\",\"item\":\"https:\/\/www.csj-emballages.com\/de\/universum-lebensmittelverpackungen\/\"},{\"@type\":\"ListItem\",\"position\":2,\"name\":\"Shop\",\"item\":\"https:\/\/www.csj-emballages.com\/shop\/\"},{\"@type\":\"ListItem\",\"position\":3,\"name\":\"PET-Kunststoffdeckel f\u00fcr Eisbecher PGA120, 50 St\u00fcck\"}]},{\"@type\":\"WebSite\",\"@id\":\"https:\/\/www.csj-emballages.com\/de\/#website\",\"url\":\"https:\/\/www.csj-emballages.com\/de\/\",\"name\":\"CSJ Emballages\",\"description\":\"\",\"publisher\":{\"@id\":\"https:\/\/www.csj-emballages.com\/de\/#organization\"},\"potentialAction\":[{\"@type\":\"SearchAction\",\"target\":{\"@type\":\"EntryPoint\",\"urlTemplate\":\"https:\/\/www.csj-emballages.com\/de\/?s={search_term_string}\"},\"query-input\":{\"@type\":\"PropertyValueSpecification\",\"valueRequired\":true,\"valueName\":\"search_term_string\"}}],\"inLanguage\":\"de\"},{\"@type\":\"Organization\",\"@id\":\"https:\/\/www.csj-emballages.com\/de\/#Organization\/\",\"name\":\"CSJ Emballages\",\"url\":\"https:\/\/www.csj-emballages.com\/de\/\",\"logo\":{\"@type\":\"ImageObject\",\"inLanguage\":\"de\",\"@id\":\"https:\/\/www.csj-emballages.com\/de\/#\/schema\/logo\/image\/\",\"url\":\"https:\/\/www.csj-emballages.com\/wp-content\/uploads\/2023\/10\/logo_csj.webp\",\"contentUrl\":\"https:\/\/www.csj-emballages.com\/wp-content\/uploads\/2023\/10\/logo_csj.webp\",\"width\":250,\"height\":95,\"caption\":\"CSJ Emballages\"},\"image\":{\"@id\":\"https:\/\/www.csj-emballages.com\/de\/#\/schema\/logo\/image\/\"},\"sameAs\":[\"https:\/\/www.facebook.com\/csjemballages\"],\"address\":{\"@type\":\"PostalAddress\",\"streetAddress\":\"ZI La Lechere\",\"addressLocality\":\"Patornay\",\"postalCode\":\"39130\",\"addressCountry\":\"FR\"},\"contactPoint\":[{\"@type\":\"ContactPoint\",\"contactType\":\"Service client\",\"telephone\":\"0384254272\",\"email\":\"contact@csj-emballages.com\"}]}]}<\/script>\n<!-- \/ Yoast SEO Premium plugin. -->","yoast_head_json":{"title":"PET-Kunststoffdeckel f\u00fcr Eisbecher PGA120, 50 St\u00fcck","description":"PET-Kunststoffdeckel f\u00fcr Eisbecher PGA120, 50 St\u00fcck. Sicherer Verschluss, transparent und ideal f\u00fcr Eis und kalte Desserts.","robots":{"index":"index","follow":"follow","max-snippet":"max-snippet:-1","max-image-preview":"max-image-preview:large","max-video-preview":"max-video-preview:-1"},"canonical":"https:\/\/www.csj-emballages.com\/de\/produit\/pet-kunststoffdeckel-fuer-eisbecher-pga120-50-stueck\/","og_locale":"de_DE","og_type":"article","og_title":"PET-Kunststoffdeckel f\u00fcr Eisbecher PGA120, 50 St\u00fcck","og_description":"PET-Kunststoffdeckel f\u00fcr Eisbecher PGA120, 50 St\u00fcck. Sicherer Verschluss, transparent und ideal f\u00fcr Eis und kalte Desserts.","og_url":"https:\/\/www.csj-emballages.com\/de\/produit\/pet-kunststoffdeckel-fuer-eisbecher-pga120-50-stueck\/","og_site_name":"CSJ Emballages","article_publisher":"https:\/\/www.facebook.com\/csjemballages","article_modified_time":"2026-05-16T00:12:45+00:00","og_image":[{"width":800,"height":800,"url":"https:\/\/www.csj-emballages.com\/wp-content\/uploads\/2026\/01\/COUVPGA120.webp","type":"image\/webp"}],"twitter_card":"summary_large_image","twitter_misc":{"Gesch\u00e4tzte Lesezeit":"1\u00a0Minute"},"schema":{"@context":"https:\/\/schema.org","@graph":[{"@type":"WebPage","@id":"https:\/\/www.csj-emballages.com\/de\/produit\/pet-kunststoffdeckel-fuer-eisbecher-pga120-50-stueck\/","url":"https:\/\/www.csj-emballages.com\/de\/produit\/pet-kunststoffdeckel-fuer-eisbecher-pga120-50-stueck\/","name":"PET-Kunststoffdeckel f\u00fcr Eisbecher PGA120, 50 St\u00fcck","isPartOf":{"@id":"https:\/\/www.csj-emballages.com\/de\/#website"},"primaryImageOfPage":{"@id":"https:\/\/www.csj-emballages.com\/de\/produit\/pet-kunststoffdeckel-fuer-eisbecher-pga120-50-stueck\/#primaryimage"},"image":{"@id":"https:\/\/www.csj-emballages.com\/de\/produit\/pet-kunststoffdeckel-fuer-eisbecher-pga120-50-stueck\/#primaryimage"},"thumbnailUrl":"https:\/\/www.csj-emballages.com\/wp-content\/uploads\/2026\/01\/COUVPGA120.webp","datePublished":"2026-01-30T10:18:15+00:00","dateModified":"2026-05-16T00:12:45+00:00","description":"PET-Kunststoffdeckel f\u00fcr Eisbecher PGA120, 50 St\u00fcck. Sicherer Verschluss, transparent und ideal f\u00fcr Eis und kalte Desserts.","breadcrumb":{"@id":"https:\/\/www.csj-emballages.com\/de\/produit\/pet-kunststoffdeckel-fuer-eisbecher-pga120-50-stueck\/#breadcrumb"},"inLanguage":"de","potentialAction":[{"@type":"ReadAction","target":["https:\/\/www.csj-emballages.com\/de\/produit\/pet-kunststoffdeckel-fuer-eisbecher-pga120-50-stueck\/"]}]},{"@type":"ImageObject","inLanguage":"de","@id":"https:\/\/www.csj-emballages.com\/de\/produit\/pet-kunststoffdeckel-fuer-eisbecher-pga120-50-stueck\/#primaryimage","url":"https:\/\/www.csj-emballages.com\/wp-content\/uploads\/2026\/01\/COUVPGA120.webp","contentUrl":"https:\/\/www.csj-emballages.com\/wp-content\/uploads\/2026\/01\/COUVPGA120.webp","width":800,"height":800,"caption":"Couvercle plastique PET"},{"@type":"BreadcrumbList","@id":"https:\/\/www.csj-emballages.com\/de\/produit\/pet-kunststoffdeckel-fuer-eisbecher-pga120-50-stueck\/#breadcrumb","itemListElement":[{"@type":"ListItem","position":1,"name":"Accueil","item":"https:\/\/www.csj-emballages.com\/de\/universum-lebensmittelverpackungen\/"},{"@type":"ListItem","position":2,"name":"Shop","item":"https:\/\/www.csj-emballages.com\/shop\/"},{"@type":"ListItem","position":3,"name":"PET-Kunststoffdeckel f\u00fcr Eisbecher PGA120, 50 St\u00fcck"}]},{"@type":"WebSite","@id":"https:\/\/www.csj-emballages.com\/de\/#website","url":"https:\/\/www.csj-emballages.com\/de\/","name":"CSJ Emballages","description":"","publisher":{"@id":"https:\/\/www.csj-emballages.com\/de\/#organization"},"potentialAction":[{"@type":"SearchAction","target":{"@type":"EntryPoint","urlTemplate":"https:\/\/www.csj-emballages.com\/de\/?s={search_term_string}"},"query-input":{"@type":"PropertyValueSpecification","valueRequired":true,"valueName":"search_term_string"}}],"inLanguage":"de"},{"@type":"Organization","@id":"https:\/\/www.csj-emballages.com\/de\/#Organization\/","name":"CSJ Emballages","url":"https:\/\/www.csj-emballages.com\/de\/","logo":{"@type":"ImageObject","inLanguage":"de","@id":"https:\/\/www.csj-emballages.com\/de\/#\/schema\/logo\/image\/","url":"https:\/\/www.csj-emballages.com\/wp-content\/uploads\/2023\/10\/logo_csj.webp","contentUrl":"https:\/\/www.csj-emballages.com\/wp-content\/uploads\/2023\/10\/logo_csj.webp","width":250,"height":95,"caption":"CSJ Emballages"},"image":{"@id":"https:\/\/www.csj-emballages.com\/de\/#\/schema\/logo\/image\/"},"sameAs":["https:\/\/www.facebook.com\/csjemballages"],"address":{"@type":"PostalAddress","streetAddress":"ZI La Lechere","addressLocality":"Patornay","postalCode":"39130","addressCountry":"FR"},"contactPoint":[{"@type":"ContactPoint","contactType":"Service client","telephone":"0384254272","email":"contact@csj-emballages.com"}]}]}},"df_price":2.66,"df_sale_price":"","df_regular_price":2.66,"df_image_link":"https:\/\/www.csj-emballages.com\/wp-content\/uploads\/2026\/01\/COUVPGA120-300x300.webp","tiered_pricing_type":"fixed","tiered_pricing_fixed_rules":[],"tiered_pricing_percentage_rules":[],"tiered_pricing_minimum":1,"tiered_pricing_roles_data":[],"_links":{"self":[{"href":"https:\/\/www.csj-emballages.com\/de\/wp-json\/wp\/v2\/product\/263635","targetHints":{"allow":["GET"]}}],"collection":[{"href":"https:\/\/www.csj-emballages.com\/de\/wp-json\/wp\/v2\/product"}],"about":[{"href":"https:\/\/www.csj-emballages.com\/de\/wp-json\/wp\/v2\/types\/product"}],"wp:featuredmedia":[{"embeddable":true,"href":"https:\/\/www.csj-emballages.com\/de\/wp-json\/wp\/v2\/media\/263628"}],"wp:attachment":[{"href":"https:\/\/www.csj-emballages.com\/de\/wp-json\/wp\/v2\/media?parent=263635"}],"wp:term":[{"taxonomy":"product_brand","embeddable":true,"href":"https:\/\/www.csj-emballages.com\/de\/wp-json\/wp\/v2\/product_brand?post=263635"},{"taxonomy":"product_cat","embeddable":true,"href":"https:\/\/www.csj-emballages.com\/de\/wp-json\/wp\/v2\/product_cat?post=263635"},{"taxonomy":"product_tag","embeddable":true,"href":"https:\/\/www.csj-emballages.com\/de\/wp-json\/wp\/v2\/product_tag?post=263635"}],"curies":[{"name":"wp","href":"https:\/\/api.w.org\/{rel}","templated":true}]}}