{"id":263620,"date":"2025-12-15T14:18:36","date_gmt":"2025-12-15T13:18:36","guid":{"rendered":"https:\/\/www.csj-emballages.com\/produit\/magnet-taschenmopphalterung-40-cm\/"},"modified":"2026-03-14T02:14:15","modified_gmt":"2026-03-14T01:14:15","slug":"magnet-taschenmopphalterung-40-cm","status":"publish","type":"product","link":"https:\/\/www.csj-emballages.com\/de\/produit\/magnet-taschenmopphalterung-40-cm\/","title":{"rendered":"Magnet-Taschenmopphalterung 40 cm"},"content":{"rendered":"<h2 data-start=\"234\" data-end=\"697\">Magnet-Taschenmopphalterung<\/h2>\n<hr>\n<h3 data-start=\"234\" data-end=\"697\">Entdecken Sie unsere Magnet-Taschenmopphalterung 40 cm<\/h3>\n<p data-start=\"234\" data-end=\"697\"><!--more--><\/p>\n<p data-start=\"234\" data-end=\"697\">Die <strong>magnetische Taschenmopphalterung 40 cm<\/strong> wurde entwickelt, um die <strong>professionelle Bodenreinigung<\/strong> zu erleichtern und zu optimieren. Dank ihres innovativen <strong>magnetischen Verriegelungssystems<\/strong> l\u00e4sst sich der <strong>Taschenmopp<\/strong> schnell und m\u00fchelos befestigen. Im Gegensatz zu herk\u00f6mmlichen Pedalhalterungen vermeidet dieses System wiederholte Rucke beim Anbringen oder Entfernen des Mopps, was den Bedienkomfort verbessert und die Erm\u00fcdung des Benutzers reduziert.  <\/p>\n<p data-start=\"699\" data-end=\"1109\">Mit einer <strong>Breite von 40 cm<\/strong> ist diese <strong>Halterung<\/strong> perfekt f\u00fcr die Reinigung mittlerer bis gro\u00dfer Fl\u00e4chen geeignet, sei es in <strong>B\u00fcros, Gesch\u00e4ften, Gesundheitseinrichtungen, \u00f6ffentlichen Einrichtungen oder industriellen Umgebungen<\/strong>. Ihr Format bietet einen guten Kompromiss zwischen Wendigkeit und Effizienz, wodurch eine gro\u00dfe Fl\u00e4che abgedeckt werden kann, w\u00e4hrend eine ausgezeichnete Pr\u00e4zision in schwer zug\u00e4nglichen Bereichen erhalten bleibt. <\/p>\n<p data-start=\"1111\" data-end=\"1381\">Die <strong>Halterung<\/strong> ist mit unzerbrechlichen Metallachsen ausgestattet, die eine hohe Robustheit und eine l\u00e4ngere Lebensdauer garantieren, selbst bei intensivem Gebrauch. Dieses solide Design macht sie zu einem zuverl\u00e4ssigen Werkzeug f\u00fcr Profis, die langlebiges und leistungsstarkes Material suchen. <\/p>\n<p data-start=\"1383\" data-end=\"1674\"><strong>Kompatibel mit Taschenmopps<\/strong>, l\u00e4sst sich die <strong>Magnet-Taschenmopphalterung 40 cm<\/strong> leicht in bestehende Reinigungsprotokolle integrieren. Sie tr\u00e4gt zur Steigerung der Produktivit\u00e4t bei, indem sie die Handhabungszeit reduziert und eine stabile und sichere Befestigung des Mopps w\u00e4hrend des gesamten Reinigungsvorgangs gew\u00e4hrleistet. <\/p>\n<p data-start=\"1383\" data-end=\"1674\"><!--more--><\/p>\n<h4 data-start=\"1383\" data-end=\"1674\">Vorteile :<\/h4>\n<ul>\n<li data-start=\"1712\" data-end=\"1759\">Schnelle und m\u00fchelose magnetische Verriegelung.<\/li>\n<li data-start=\"1762\" data-end=\"1808\">Vermeidet Rucke durch Pedalsysteme.<\/li>\n<li data-start=\"1811\" data-end=\"1866\"><strong>40 cm Breite<\/strong>, ideal f\u00fcr mittlere bis gro\u00dfe Fl\u00e4chen.<\/li>\n<li data-start=\"1869\" data-end=\"1903\">Kompatibel mit <strong>Taschenmopps<\/strong>.<\/li>\n<li data-start=\"1906\" data-end=\"1963\">Unzerbrechliche Metallachsen f\u00fcr hohe Langlebigkeit.<\/li>\n<li data-start=\"1966\" data-end=\"2006\">Bedienkomfort und Zeitersparnis.<\/li>\n<li data-start=\"2009\" data-end=\"2052\">Geeignet f\u00fcr intensiven professionellen Einsatz.<\/li>\n<\/ul>\n<p>&nbsp;<\/p>\n<p><!--more--><\/p>\n<h4>Weitere Informationen :<\/h4>\n<ul>\n<li><strong>Verpackung<\/strong>: Einzeln<\/li>\n<li><strong>Ma\u00dfe<\/strong>: 40 x 10 cm<\/li>\n<li><strong>Farbe<\/strong>: Blau \/ Rot<\/li>\n<li><strong>Material<\/strong>: Polypropylen + Metallachsen<\/li>\n<\/ul>\n<p>&nbsp;<\/p>\n<p><!--more--><\/p>\n<p><a href=\"https:\/\/www.csj-emballages.com\/de\/categorie-produit\/hygiene-und-pflege\/bursten-und-besen\/besen-burste-staubwedel\/speedy-sortiment\/\">Sehen Sie sich den Rest unseres Speedy-Sortiments an. <\/a><\/p>\n","protected":false},"excerpt":{"rendered":"<p>Magnet-Taschenmopphalterung Entdecken Sie unsere Magnet-Taschenmopphalterung 40 cm<\/p>\n","protected":false},"featured_media":263613,"template":"","meta":{"_acf_changed":false},"product_brand":[],"product_cat":[1137,1218,1449,1845,1910,10273],"product_tag":[],"class_list":{"0":"post-263620","1":"product","2":"type-product","3":"status-publish","4":"has-post-thumbnail","6":"product_cat-lebensmittelverpackungen","7":"product_cat-hygiene-und-pflege","8":"product_cat-bursten-und-besen","9":"product_cat-besen-burste-staubwedel","10":"product_cat-speedy-sortiment","11":"product_cat-lagerbestand","13":"first","14":"instock","15":"sale","16":"taxable","17":"shipping-taxable","18":"purchasable","19":"product-type-simple"},"acf":[],"yoast_head":"<!-- This site is optimized with the Yoast SEO Premium plugin v26.6 (Yoast SEO v26.6) - https:\/\/yoast.com\/wordpress\/plugins\/seo\/ -->\n<title>Magnet-Taschenmopphalterung 40 cm<\/title>\n<meta name=\"description\" content=\"Magnetische Taschenmopphalterung 40 cm mit unzerbrechlichen Metallachsen. Einfache, komfortable Verriegelung, ideal f\u00fcr die professionelle Reinigung.\" \/>\n<meta name=\"robots\" content=\"index, follow, max-snippet:-1, max-image-preview:large, max-video-preview:-1\" \/>\n<link rel=\"canonical\" href=\"https:\/\/www.csj-emballages.com\/de\/produit\/magnet-taschenmopphalterung-40-cm\/\" \/>\n<meta property=\"og:locale\" content=\"de_DE\" \/>\n<meta property=\"og:type\" content=\"article\" \/>\n<meta property=\"og:title\" content=\"Magnet-Taschenmopphalterung 40 cm\" \/>\n<meta property=\"og:description\" content=\"Magnetische Taschenmopphalterung 40 cm mit unzerbrechlichen Metallachsen. Einfache, komfortable Verriegelung, ideal f\u00fcr die professionelle Reinigung.\" \/>\n<meta property=\"og:url\" content=\"https:\/\/www.csj-emballages.com\/de\/produit\/magnet-taschenmopphalterung-40-cm\/\" \/>\n<meta property=\"og:site_name\" content=\"CSJ Emballages\" \/>\n<meta property=\"article:publisher\" content=\"https:\/\/www.facebook.com\/csjemballages\" \/>\n<meta property=\"article:modified_time\" content=\"2026-03-14T01:14:15+00:00\" \/>\n<meta property=\"og:image\" content=\"https:\/\/www.csj-emballages.com\/wp-content\/uploads\/2025\/12\/MONTMAG40POCH.webp\" \/>\n\t<meta property=\"og:image:width\" content=\"800\" \/>\n\t<meta property=\"og:image:height\" content=\"800\" \/>\n\t<meta property=\"og:image:type\" content=\"image\/webp\" \/>\n<meta name=\"twitter:card\" content=\"summary_large_image\" \/>\n<meta name=\"twitter:label1\" content=\"Gesch\u00e4tzte Lesezeit\" \/>\n\t<meta name=\"twitter:data1\" content=\"1\u00a0Minute\" \/>\n<script type=\"application\/ld+json\" class=\"yoast-schema-graph\">{\"@context\":\"https:\/\/schema.org\",\"@graph\":[{\"@type\":\"WebPage\",\"@id\":\"https:\/\/www.csj-emballages.com\/de\/produit\/magnet-taschenmopphalterung-40-cm\/\",\"url\":\"https:\/\/www.csj-emballages.com\/de\/produit\/magnet-taschenmopphalterung-40-cm\/\",\"name\":\"Magnet-Taschenmopphalterung 40 cm\",\"isPartOf\":{\"@id\":\"https:\/\/www.csj-emballages.com\/de\/#website\"},\"primaryImageOfPage\":{\"@id\":\"https:\/\/www.csj-emballages.com\/de\/produit\/magnet-taschenmopphalterung-40-cm\/#primaryimage\"},\"image\":{\"@id\":\"https:\/\/www.csj-emballages.com\/de\/produit\/magnet-taschenmopphalterung-40-cm\/#primaryimage\"},\"thumbnailUrl\":\"https:\/\/www.csj-emballages.com\/wp-content\/uploads\/2025\/12\/MONTMAG40POCH.webp\",\"datePublished\":\"2025-12-15T13:18:36+00:00\",\"dateModified\":\"2026-03-14T01:14:15+00:00\",\"description\":\"Magnetische Taschenmopphalterung 40 cm mit unzerbrechlichen Metallachsen. Einfache, komfortable Verriegelung, ideal f\u00fcr die professionelle Reinigung.\",\"breadcrumb\":{\"@id\":\"https:\/\/www.csj-emballages.com\/de\/produit\/magnet-taschenmopphalterung-40-cm\/#breadcrumb\"},\"inLanguage\":\"de\",\"potentialAction\":[{\"@type\":\"ReadAction\",\"target\":[\"https:\/\/www.csj-emballages.com\/de\/produit\/magnet-taschenmopphalterung-40-cm\/\"]}]},{\"@type\":\"ImageObject\",\"inLanguage\":\"de\",\"@id\":\"https:\/\/www.csj-emballages.com\/de\/produit\/magnet-taschenmopphalterung-40-cm\/#primaryimage\",\"url\":\"https:\/\/www.csj-emballages.com\/wp-content\/uploads\/2025\/12\/MONTMAG40POCH.webp\",\"contentUrl\":\"https:\/\/www.csj-emballages.com\/wp-content\/uploads\/2025\/12\/MONTMAG40POCH.webp\",\"width\":800,\"height\":800,\"caption\":\"Monture magnet \u00e0 poche\"},{\"@type\":\"BreadcrumbList\",\"@id\":\"https:\/\/www.csj-emballages.com\/de\/produit\/magnet-taschenmopphalterung-40-cm\/#breadcrumb\",\"itemListElement\":[{\"@type\":\"ListItem\",\"position\":1,\"name\":\"Accueil\",\"item\":\"https:\/\/www.csj-emballages.com\/de\/universum-lebensmittelverpackungen\/\"},{\"@type\":\"ListItem\",\"position\":2,\"name\":\"Shop\",\"item\":\"https:\/\/www.csj-emballages.com\/shop\/\"},{\"@type\":\"ListItem\",\"position\":3,\"name\":\"Magnet-Taschenmopphalterung 40 cm\"}]},{\"@type\":\"WebSite\",\"@id\":\"https:\/\/www.csj-emballages.com\/de\/#website\",\"url\":\"https:\/\/www.csj-emballages.com\/de\/\",\"name\":\"CSJ Emballages\",\"description\":\"\",\"publisher\":{\"@id\":\"https:\/\/www.csj-emballages.com\/de\/#organization\"},\"potentialAction\":[{\"@type\":\"SearchAction\",\"target\":{\"@type\":\"EntryPoint\",\"urlTemplate\":\"https:\/\/www.csj-emballages.com\/de\/?s={search_term_string}\"},\"query-input\":{\"@type\":\"PropertyValueSpecification\",\"valueRequired\":true,\"valueName\":\"search_term_string\"}}],\"inLanguage\":\"de\"},{\"@type\":\"Organization\",\"@id\":\"https:\/\/www.csj-emballages.com\/de\/#Organization\/\",\"name\":\"CSJ Emballages\",\"url\":\"https:\/\/www.csj-emballages.com\/de\/\",\"logo\":{\"@type\":\"ImageObject\",\"inLanguage\":\"de\",\"@id\":\"https:\/\/www.csj-emballages.com\/de\/#\/schema\/logo\/image\/\",\"url\":\"https:\/\/www.csj-emballages.com\/wp-content\/uploads\/2023\/10\/logo_csj.webp\",\"contentUrl\":\"https:\/\/www.csj-emballages.com\/wp-content\/uploads\/2023\/10\/logo_csj.webp\",\"width\":250,\"height\":95,\"caption\":\"CSJ Emballages\"},\"image\":{\"@id\":\"https:\/\/www.csj-emballages.com\/de\/#\/schema\/logo\/image\/\"},\"sameAs\":[\"https:\/\/www.facebook.com\/csjemballages\"],\"address\":{\"@type\":\"PostalAddress\",\"streetAddress\":\"ZI La Lechere\",\"addressLocality\":\"Patornay\",\"postalCode\":\"39130\",\"addressCountry\":\"FR\"},\"contactPoint\":[{\"@type\":\"ContactPoint\",\"contactType\":\"Service client\",\"telephone\":\"0384254272\",\"email\":\"contact@csj-emballages.com\"}]}]}<\/script>\n<!-- \/ Yoast SEO Premium plugin. -->","yoast_head_json":{"title":"Magnet-Taschenmopphalterung 40 cm","description":"Magnetische Taschenmopphalterung 40 cm mit unzerbrechlichen Metallachsen. Einfache, komfortable Verriegelung, ideal f\u00fcr die professionelle Reinigung.","robots":{"index":"index","follow":"follow","max-snippet":"max-snippet:-1","max-image-preview":"max-image-preview:large","max-video-preview":"max-video-preview:-1"},"canonical":"https:\/\/www.csj-emballages.com\/de\/produit\/magnet-taschenmopphalterung-40-cm\/","og_locale":"de_DE","og_type":"article","og_title":"Magnet-Taschenmopphalterung 40 cm","og_description":"Magnetische Taschenmopphalterung 40 cm mit unzerbrechlichen Metallachsen. Einfache, komfortable Verriegelung, ideal f\u00fcr die professionelle Reinigung.","og_url":"https:\/\/www.csj-emballages.com\/de\/produit\/magnet-taschenmopphalterung-40-cm\/","og_site_name":"CSJ Emballages","article_publisher":"https:\/\/www.facebook.com\/csjemballages","article_modified_time":"2026-03-14T01:14:15+00:00","og_image":[{"width":800,"height":800,"url":"https:\/\/www.csj-emballages.com\/wp-content\/uploads\/2025\/12\/MONTMAG40POCH.webp","type":"image\/webp"}],"twitter_card":"summary_large_image","twitter_misc":{"Gesch\u00e4tzte Lesezeit":"1\u00a0Minute"},"schema":{"@context":"https:\/\/schema.org","@graph":[{"@type":"WebPage","@id":"https:\/\/www.csj-emballages.com\/de\/produit\/magnet-taschenmopphalterung-40-cm\/","url":"https:\/\/www.csj-emballages.com\/de\/produit\/magnet-taschenmopphalterung-40-cm\/","name":"Magnet-Taschenmopphalterung 40 cm","isPartOf":{"@id":"https:\/\/www.csj-emballages.com\/de\/#website"},"primaryImageOfPage":{"@id":"https:\/\/www.csj-emballages.com\/de\/produit\/magnet-taschenmopphalterung-40-cm\/#primaryimage"},"image":{"@id":"https:\/\/www.csj-emballages.com\/de\/produit\/magnet-taschenmopphalterung-40-cm\/#primaryimage"},"thumbnailUrl":"https:\/\/www.csj-emballages.com\/wp-content\/uploads\/2025\/12\/MONTMAG40POCH.webp","datePublished":"2025-12-15T13:18:36+00:00","dateModified":"2026-03-14T01:14:15+00:00","description":"Magnetische Taschenmopphalterung 40 cm mit unzerbrechlichen Metallachsen. Einfache, komfortable Verriegelung, ideal f\u00fcr die professionelle Reinigung.","breadcrumb":{"@id":"https:\/\/www.csj-emballages.com\/de\/produit\/magnet-taschenmopphalterung-40-cm\/#breadcrumb"},"inLanguage":"de","potentialAction":[{"@type":"ReadAction","target":["https:\/\/www.csj-emballages.com\/de\/produit\/magnet-taschenmopphalterung-40-cm\/"]}]},{"@type":"ImageObject","inLanguage":"de","@id":"https:\/\/www.csj-emballages.com\/de\/produit\/magnet-taschenmopphalterung-40-cm\/#primaryimage","url":"https:\/\/www.csj-emballages.com\/wp-content\/uploads\/2025\/12\/MONTMAG40POCH.webp","contentUrl":"https:\/\/www.csj-emballages.com\/wp-content\/uploads\/2025\/12\/MONTMAG40POCH.webp","width":800,"height":800,"caption":"Monture magnet \u00e0 poche"},{"@type":"BreadcrumbList","@id":"https:\/\/www.csj-emballages.com\/de\/produit\/magnet-taschenmopphalterung-40-cm\/#breadcrumb","itemListElement":[{"@type":"ListItem","position":1,"name":"Accueil","item":"https:\/\/www.csj-emballages.com\/de\/universum-lebensmittelverpackungen\/"},{"@type":"ListItem","position":2,"name":"Shop","item":"https:\/\/www.csj-emballages.com\/shop\/"},{"@type":"ListItem","position":3,"name":"Magnet-Taschenmopphalterung 40 cm"}]},{"@type":"WebSite","@id":"https:\/\/www.csj-emballages.com\/de\/#website","url":"https:\/\/www.csj-emballages.com\/de\/","name":"CSJ Emballages","description":"","publisher":{"@id":"https:\/\/www.csj-emballages.com\/de\/#organization"},"potentialAction":[{"@type":"SearchAction","target":{"@type":"EntryPoint","urlTemplate":"https:\/\/www.csj-emballages.com\/de\/?s={search_term_string}"},"query-input":{"@type":"PropertyValueSpecification","valueRequired":true,"valueName":"search_term_string"}}],"inLanguage":"de"},{"@type":"Organization","@id":"https:\/\/www.csj-emballages.com\/de\/#Organization\/","name":"CSJ Emballages","url":"https:\/\/www.csj-emballages.com\/de\/","logo":{"@type":"ImageObject","inLanguage":"de","@id":"https:\/\/www.csj-emballages.com\/de\/#\/schema\/logo\/image\/","url":"https:\/\/www.csj-emballages.com\/wp-content\/uploads\/2023\/10\/logo_csj.webp","contentUrl":"https:\/\/www.csj-emballages.com\/wp-content\/uploads\/2023\/10\/logo_csj.webp","width":250,"height":95,"caption":"CSJ Emballages"},"image":{"@id":"https:\/\/www.csj-emballages.com\/de\/#\/schema\/logo\/image\/"},"sameAs":["https:\/\/www.facebook.com\/csjemballages"],"address":{"@type":"PostalAddress","streetAddress":"ZI La Lechere","addressLocality":"Patornay","postalCode":"39130","addressCountry":"FR"},"contactPoint":[{"@type":"ContactPoint","contactType":"Service client","telephone":"0384254272","email":"contact@csj-emballages.com"}]}]}},"df_price":8.58,"df_sale_price":8.58,"df_regular_price":10.73,"df_image_link":"https:\/\/www.csj-emballages.com\/wp-content\/uploads\/2025\/12\/MONTMAG40POCH-300x300.webp","tiered_pricing_type":"fixed","tiered_pricing_fixed_rules":[],"tiered_pricing_percentage_rules":[],"tiered_pricing_minimum":1,"tiered_pricing_roles_data":[],"_links":{"self":[{"href":"https:\/\/www.csj-emballages.com\/de\/wp-json\/wp\/v2\/product\/263620","targetHints":{"allow":["GET"]}}],"collection":[{"href":"https:\/\/www.csj-emballages.com\/de\/wp-json\/wp\/v2\/product"}],"about":[{"href":"https:\/\/www.csj-emballages.com\/de\/wp-json\/wp\/v2\/types\/product"}],"wp:featuredmedia":[{"embeddable":true,"href":"https:\/\/www.csj-emballages.com\/de\/wp-json\/wp\/v2\/media\/263613"}],"wp:attachment":[{"href":"https:\/\/www.csj-emballages.com\/de\/wp-json\/wp\/v2\/media?parent=263620"}],"wp:term":[{"taxonomy":"product_brand","embeddable":true,"href":"https:\/\/www.csj-emballages.com\/de\/wp-json\/wp\/v2\/product_brand?post=263620"},{"taxonomy":"product_cat","embeddable":true,"href":"https:\/\/www.csj-emballages.com\/de\/wp-json\/wp\/v2\/product_cat?post=263620"},{"taxonomy":"product_tag","embeddable":true,"href":"https:\/\/www.csj-emballages.com\/de\/wp-json\/wp\/v2\/product_tag?post=263620"}],"curies":[{"name":"wp","href":"https:\/\/api.w.org\/{rel}","templated":true}]}}