{"id":263589,"date":"2026-01-30T14:18:21","date_gmt":"2026-01-30T13:18:21","guid":{"rendered":"https:\/\/www.csj-emballages.com\/produit\/runde-unterlage-mit-lasche-weiss-schwarz-o8-cm-200-stueck\/"},"modified":"2026-05-05T02:18:47","modified_gmt":"2026-05-05T00:18:47","slug":"runde-unterlage-mit-lasche-weiss-schwarz-o8-cm-200-stueck","status":"publish","type":"product","link":"https:\/\/www.csj-emballages.com\/de\/produit\/runde-unterlage-mit-lasche-weiss-schwarz-o8-cm-200-stueck\/","title":{"rendered":"Runde Unterlage mit Lasche, wei\u00df\/schwarz, \u00d88 cm, 200 St\u00fcck"},"content":{"rendered":"<h2 data-start=\"258\" data-end=\"649\">Runde Sohle<\/h2>\n<hr>\n<h3 data-start=\"258\" data-end=\"649\">Entdecken Sie unsere runde Unterlage mit Lasche, wei\u00df\/schwarz, \u00d88 cm, 200 St\u00fcck<\/h3>\n<p data-start=\"258\" data-end=\"649\"><!--more--><\/p>\n<p data-start=\"258\" data-end=\"626\">Die <strong>runde Unterlage mit Lasche, wei\u00df\/schwarz, \u00d8 8 cm<\/strong> ist eine praktische und elegante Pr\u00e4sentationsunterlage, ideal zur ansprechenden Darbietung individueller Speisen. Entwickelt, um den Anforderungen von Gastronomieprofis gerecht zu werden, wird sie besonders von <strong>Caterern, Konditoren, Gastronomen und Eventveranstaltern<\/strong> gesch\u00e4tzt. <\/p>\n<p data-start=\"628\" data-end=\"1066\">Hergestellt aus stabilem <strong>Karton<\/strong> in Lebensmittelqualit\u00e4t, bietet diese <strong>Unterlage mit Lasche<\/strong> hervorragende Stabilit\u00e4t und sicheren Halt f\u00fcr Ihre Kreationen. Ihr <strong>rundes Format von 8 cm<\/strong> <strong>Durchmesser<\/strong> eignet sich perfekt f\u00fcr <strong>individuelle Desserts, Entremets, Geb\u00e4ck, Amuse-Bouches oder Catering-Kreationen<\/strong>. Die <strong>integrierte Lasche<\/strong> erleichtert das Greifen und Servieren, sodass das Produkt ohne direkten Kontakt mit dem Lebensmittel gehandhabt werden kann \u2013 f\u00fcr optimale Hygiene.  <\/p>\n<p data-start=\"1068\" data-end=\"1436\">Erh\u00e4ltlich in <strong>Wei\u00df und Schwarz<\/strong>, erm\u00f6glicht diese <strong>Unterlage<\/strong> vielf\u00e4ltige Pr\u00e4sentationen je nach gew\u00fcnschtem Stil. Die <strong>wei\u00dfe Seite<\/strong> sorgt f\u00fcr eine schlichte und helle Note, w\u00e4hrend die <strong>schwarze Seite<\/strong> ein modernes und elegantes Erscheinungsbild bietet, das die Farben und Texturen der Speisen hervorhebt. Diese <strong>doppelseitige Ausf\u00fchrung<\/strong> passt sich leicht allen kulinarischen Welten und Anl\u00e4ssen an.  <\/p>\n<p data-start=\"1438\" data-end=\"1762\">Praktisch im Alltag: Die <strong>runde Unterlage mit Lasche<\/strong> ist leicht, einfach zu lagern und schnell einsatzbereit. Verpackt in <strong>200er-Einheiten<\/strong>, ist sie perfekt f\u00fcr den regelm\u00e4\u00dfigen oder intensiven professionellen Einsatz geeignet und garantiert eine gepflegte und homogene Pr\u00e4sentation auf Buffets, in Vitrinen oder bei Empf\u00e4ngen. <\/p>\n<p data-start=\"1438\" data-end=\"1762\">\n<p data-start=\"1374\" data-end=\"1717\"><!--more--><\/p>\n<h4 data-start=\"1374\" data-end=\"1717\">Vorteile :<\/h4>\n<ul>\n<li data-start=\"1800\" data-end=\"1854\"><strong>Rundes Format \u00d8 8 cm<\/strong>, ideal f\u00fcr Einzelportionen<\/li>\n<li data-start=\"1857\" data-end=\"1920\"><strong>Integrierte Lasche<\/strong> f\u00fcr einfache und hygienische Handhabung<\/li>\n<li data-start=\"1923\" data-end=\"1966\">Stabiler Karton in Lebensmittelqualit\u00e4t<\/li>\n<li data-start=\"1969\" data-end=\"2028\">Doppelseitig <strong>wei\u00df \/ schwarz<\/strong> f\u00fcr vielf\u00e4ltige Pr\u00e4sentationen<\/li>\n<li data-start=\"2031\" data-end=\"2065\">Gute Stabilit\u00e4t der Speisen<\/li>\n<li data-start=\"2068\" data-end=\"2110\">Elegante und professionelle Pr\u00e4sentation<\/li>\n<li data-start=\"2113\" data-end=\"2158\">Geeignet f\u00fcr Buffets, Vitrinen und Events.<\/li>\n<\/ul>\n<p>&nbsp;<\/p>\n<p><!--more--><\/p>\n<h4>Weitere Informationen :<\/h4>\n<ul>\n<li><strong>Verpackung<\/strong>: Packung mit 200 St\u00fcck<\/li>\n<li><strong>Durchmesser<\/strong>: 8 cm<\/li>\n<li><strong>Farbe<\/strong>: Wei\u00df \/ Schwarz<\/li>\n<li><strong>Form<\/strong>: Rund<\/li>\n<li><strong>Material<\/strong>: Karton<\/li>\n<\/ul>\n<p>&nbsp;<\/p>\n<p><!--more--><\/p>\n<p>Diese Unterlagen sind auch in Gold\/Schwarz erh\u00e4ltlich: <span style=\"color: #d12727;\"><a style=\"color: #d12727;\" href=\"https:\/\/www.csj-emballages.com\/de\/produit\/200-runde-einlegesohlen-gold-schwarz-mit-laschen-o-8-cm\/\">RONF8LANG<\/a><\/span><\/p>\n<p>&nbsp;<\/p>\n<p><!--more--><\/p>\n<p><a href=\"https:\/\/www.csj-emballages.com\/de\/categorie-produit\/lebensmittelverpackungen\/backerei-und-konditorei\/kuchensohlenhalter\/einlegesohlen-mit-laschen\/\">Sehen Sie sich den Rest unseres Sortiments an Zungensohlen an<\/a><\/p>\n","protected":false},"excerpt":{"rendered":"<p>Runde Sohle Entdecken Sie unsere runde Unterlage mit Lasche, wei\u00df\/schwarz, \u00d88 cm, 200 St\u00fcck<\/p>\n","protected":false},"featured_media":263583,"template":"","meta":{"_acf_changed":false},"product_brand":[],"product_cat":[1137,1171,1925,3273],"product_tag":[],"class_list":{"0":"post-263589","1":"product","2":"type-product","3":"status-publish","4":"has-post-thumbnail","6":"product_cat-lebensmittelverpackungen","7":"product_cat-backerei-und-konditorei","8":"product_cat-kuchensohlenhalter","9":"product_cat-einlegesohlen-mit-laschen","11":"first","12":"instock","13":"taxable","14":"shipping-taxable","15":"purchasable","16":"product-type-simple"},"acf":[],"yoast_head":"<!-- This site is optimized with the Yoast SEO Premium plugin v26.6 (Yoast SEO v26.6) - https:\/\/yoast.com\/wordpress\/plugins\/seo\/ -->\n<title>Runde Unterlage mit Lasche, Wei\u00df\/Schwarz, \u00d88 cm, 200 St\u00fcck<\/title>\n<meta name=\"description\" content=\"Runde Unterlage mit Lasche, wei\u00df\/schwarz, \u00d8 8 cm, 200 St\u00fcck. Elegante und praktische Unterlage f\u00fcr Desserts, Catering und professionelle Pr\u00e4sentationen.\" \/>\n<meta name=\"robots\" content=\"index, follow, max-snippet:-1, max-image-preview:large, max-video-preview:-1\" \/>\n<link rel=\"canonical\" href=\"https:\/\/www.csj-emballages.com\/de\/produit\/runde-unterlage-mit-lasche-weiss-schwarz-o8-cm-200-stueck\/\" \/>\n<meta property=\"og:locale\" content=\"de_DE\" \/>\n<meta property=\"og:type\" content=\"article\" \/>\n<meta property=\"og:title\" content=\"Runde Unterlage mit Lasche, wei\u00df\/schwarz, \u00d88 cm, 200 St\u00fcck\" \/>\n<meta property=\"og:description\" content=\"Runde Unterlage mit Lasche, wei\u00df\/schwarz, \u00d8 8 cm, 200 St\u00fcck. Elegante und praktische Unterlage f\u00fcr Desserts, Catering und professionelle Pr\u00e4sentationen.\" \/>\n<meta property=\"og:url\" content=\"https:\/\/www.csj-emballages.com\/de\/produit\/runde-unterlage-mit-lasche-weiss-schwarz-o8-cm-200-stueck\/\" \/>\n<meta property=\"og:site_name\" content=\"CSJ Emballages\" \/>\n<meta property=\"article:publisher\" content=\"https:\/\/www.facebook.com\/csjemballages\" \/>\n<meta property=\"article:modified_time\" content=\"2026-05-05T00:18:47+00:00\" \/>\n<meta property=\"og:image\" content=\"https:\/\/www.csj-emballages.com\/wp-content\/uploads\/2026\/01\/RONF8LANGBL.webp\" \/>\n\t<meta property=\"og:image:width\" content=\"800\" \/>\n\t<meta property=\"og:image:height\" content=\"800\" \/>\n\t<meta property=\"og:image:type\" content=\"image\/webp\" \/>\n<meta name=\"twitter:card\" content=\"summary_large_image\" \/>\n<meta name=\"twitter:label1\" content=\"Gesch\u00e4tzte Lesezeit\" \/>\n\t<meta name=\"twitter:data1\" content=\"2 Minuten\" \/>\n<script type=\"application\/ld+json\" class=\"yoast-schema-graph\">{\"@context\":\"https:\/\/schema.org\",\"@graph\":[{\"@type\":\"WebPage\",\"@id\":\"https:\/\/www.csj-emballages.com\/de\/produit\/runde-unterlage-mit-lasche-weiss-schwarz-o8-cm-200-stueck\/\",\"url\":\"https:\/\/www.csj-emballages.com\/de\/produit\/runde-unterlage-mit-lasche-weiss-schwarz-o8-cm-200-stueck\/\",\"name\":\"Runde Unterlage mit Lasche, Wei\u00df\/Schwarz, \u00d88 cm, 200 St\u00fcck\",\"isPartOf\":{\"@id\":\"https:\/\/www.csj-emballages.com\/de\/#website\"},\"primaryImageOfPage\":{\"@id\":\"https:\/\/www.csj-emballages.com\/de\/produit\/runde-unterlage-mit-lasche-weiss-schwarz-o8-cm-200-stueck\/#primaryimage\"},\"image\":{\"@id\":\"https:\/\/www.csj-emballages.com\/de\/produit\/runde-unterlage-mit-lasche-weiss-schwarz-o8-cm-200-stueck\/#primaryimage\"},\"thumbnailUrl\":\"https:\/\/www.csj-emballages.com\/wp-content\/uploads\/2026\/01\/RONF8LANGBL.webp\",\"datePublished\":\"2026-01-30T13:18:21+00:00\",\"dateModified\":\"2026-05-05T00:18:47+00:00\",\"description\":\"Runde Unterlage mit Lasche, wei\u00df\/schwarz, \u00d8 8 cm, 200 St\u00fcck. Elegante und praktische Unterlage f\u00fcr Desserts, Catering und professionelle Pr\u00e4sentationen.\",\"breadcrumb\":{\"@id\":\"https:\/\/www.csj-emballages.com\/de\/produit\/runde-unterlage-mit-lasche-weiss-schwarz-o8-cm-200-stueck\/#breadcrumb\"},\"inLanguage\":\"de\",\"potentialAction\":[{\"@type\":\"ReadAction\",\"target\":[\"https:\/\/www.csj-emballages.com\/de\/produit\/runde-unterlage-mit-lasche-weiss-schwarz-o8-cm-200-stueck\/\"]}]},{\"@type\":\"ImageObject\",\"inLanguage\":\"de\",\"@id\":\"https:\/\/www.csj-emballages.com\/de\/produit\/runde-unterlage-mit-lasche-weiss-schwarz-o8-cm-200-stueck\/#primaryimage\",\"url\":\"https:\/\/www.csj-emballages.com\/wp-content\/uploads\/2026\/01\/RONF8LANGBL.webp\",\"contentUrl\":\"https:\/\/www.csj-emballages.com\/wp-content\/uploads\/2026\/01\/RONF8LANGBL.webp\",\"width\":800,\"height\":800,\"caption\":\"Semelle ronde\"},{\"@type\":\"BreadcrumbList\",\"@id\":\"https:\/\/www.csj-emballages.com\/de\/produit\/runde-unterlage-mit-lasche-weiss-schwarz-o8-cm-200-stueck\/#breadcrumb\",\"itemListElement\":[{\"@type\":\"ListItem\",\"position\":1,\"name\":\"Accueil\",\"item\":\"https:\/\/www.csj-emballages.com\/de\/universum-lebensmittelverpackungen\/\"},{\"@type\":\"ListItem\",\"position\":2,\"name\":\"Shop\",\"item\":\"https:\/\/www.csj-emballages.com\/shop\/\"},{\"@type\":\"ListItem\",\"position\":3,\"name\":\"Runde Unterlage mit Lasche, wei\u00df\/schwarz, \u00d88 cm, 200 St\u00fcck\"}]},{\"@type\":\"WebSite\",\"@id\":\"https:\/\/www.csj-emballages.com\/de\/#website\",\"url\":\"https:\/\/www.csj-emballages.com\/de\/\",\"name\":\"CSJ Emballages\",\"description\":\"\",\"publisher\":{\"@id\":\"https:\/\/www.csj-emballages.com\/de\/#organization\"},\"potentialAction\":[{\"@type\":\"SearchAction\",\"target\":{\"@type\":\"EntryPoint\",\"urlTemplate\":\"https:\/\/www.csj-emballages.com\/de\/?s={search_term_string}\"},\"query-input\":{\"@type\":\"PropertyValueSpecification\",\"valueRequired\":true,\"valueName\":\"search_term_string\"}}],\"inLanguage\":\"de\"},{\"@type\":\"Organization\",\"@id\":\"https:\/\/www.csj-emballages.com\/de\/#Organization\/\",\"name\":\"CSJ Emballages\",\"url\":\"https:\/\/www.csj-emballages.com\/de\/\",\"logo\":{\"@type\":\"ImageObject\",\"inLanguage\":\"de\",\"@id\":\"https:\/\/www.csj-emballages.com\/de\/#\/schema\/logo\/image\/\",\"url\":\"https:\/\/www.csj-emballages.com\/wp-content\/uploads\/2023\/10\/logo_csj.webp\",\"contentUrl\":\"https:\/\/www.csj-emballages.com\/wp-content\/uploads\/2023\/10\/logo_csj.webp\",\"width\":250,\"height\":95,\"caption\":\"CSJ Emballages\"},\"image\":{\"@id\":\"https:\/\/www.csj-emballages.com\/de\/#\/schema\/logo\/image\/\"},\"sameAs\":[\"https:\/\/www.facebook.com\/csjemballages\"],\"address\":{\"@type\":\"PostalAddress\",\"streetAddress\":\"ZI La Lechere\",\"addressLocality\":\"Patornay\",\"postalCode\":\"39130\",\"addressCountry\":\"FR\"},\"contactPoint\":[{\"@type\":\"ContactPoint\",\"contactType\":\"Service client\",\"telephone\":\"0384254272\",\"email\":\"contact@csj-emballages.com\"}]}]}<\/script>\n<!-- \/ Yoast SEO Premium plugin. -->","yoast_head_json":{"title":"Runde Unterlage mit Lasche, Wei\u00df\/Schwarz, \u00d88 cm, 200 St\u00fcck","description":"Runde Unterlage mit Lasche, wei\u00df\/schwarz, \u00d8 8 cm, 200 St\u00fcck. Elegante und praktische Unterlage f\u00fcr Desserts, Catering und professionelle Pr\u00e4sentationen.","robots":{"index":"index","follow":"follow","max-snippet":"max-snippet:-1","max-image-preview":"max-image-preview:large","max-video-preview":"max-video-preview:-1"},"canonical":"https:\/\/www.csj-emballages.com\/de\/produit\/runde-unterlage-mit-lasche-weiss-schwarz-o8-cm-200-stueck\/","og_locale":"de_DE","og_type":"article","og_title":"Runde Unterlage mit Lasche, wei\u00df\/schwarz, \u00d88 cm, 200 St\u00fcck","og_description":"Runde Unterlage mit Lasche, wei\u00df\/schwarz, \u00d8 8 cm, 200 St\u00fcck. Elegante und praktische Unterlage f\u00fcr Desserts, Catering und professionelle Pr\u00e4sentationen.","og_url":"https:\/\/www.csj-emballages.com\/de\/produit\/runde-unterlage-mit-lasche-weiss-schwarz-o8-cm-200-stueck\/","og_site_name":"CSJ Emballages","article_publisher":"https:\/\/www.facebook.com\/csjemballages","article_modified_time":"2026-05-05T00:18:47+00:00","og_image":[{"width":800,"height":800,"url":"https:\/\/www.csj-emballages.com\/wp-content\/uploads\/2026\/01\/RONF8LANGBL.webp","type":"image\/webp"}],"twitter_card":"summary_large_image","twitter_misc":{"Gesch\u00e4tzte Lesezeit":"2 Minuten"},"schema":{"@context":"https:\/\/schema.org","@graph":[{"@type":"WebPage","@id":"https:\/\/www.csj-emballages.com\/de\/produit\/runde-unterlage-mit-lasche-weiss-schwarz-o8-cm-200-stueck\/","url":"https:\/\/www.csj-emballages.com\/de\/produit\/runde-unterlage-mit-lasche-weiss-schwarz-o8-cm-200-stueck\/","name":"Runde Unterlage mit Lasche, Wei\u00df\/Schwarz, \u00d88 cm, 200 St\u00fcck","isPartOf":{"@id":"https:\/\/www.csj-emballages.com\/de\/#website"},"primaryImageOfPage":{"@id":"https:\/\/www.csj-emballages.com\/de\/produit\/runde-unterlage-mit-lasche-weiss-schwarz-o8-cm-200-stueck\/#primaryimage"},"image":{"@id":"https:\/\/www.csj-emballages.com\/de\/produit\/runde-unterlage-mit-lasche-weiss-schwarz-o8-cm-200-stueck\/#primaryimage"},"thumbnailUrl":"https:\/\/www.csj-emballages.com\/wp-content\/uploads\/2026\/01\/RONF8LANGBL.webp","datePublished":"2026-01-30T13:18:21+00:00","dateModified":"2026-05-05T00:18:47+00:00","description":"Runde Unterlage mit Lasche, wei\u00df\/schwarz, \u00d8 8 cm, 200 St\u00fcck. Elegante und praktische Unterlage f\u00fcr Desserts, Catering und professionelle Pr\u00e4sentationen.","breadcrumb":{"@id":"https:\/\/www.csj-emballages.com\/de\/produit\/runde-unterlage-mit-lasche-weiss-schwarz-o8-cm-200-stueck\/#breadcrumb"},"inLanguage":"de","potentialAction":[{"@type":"ReadAction","target":["https:\/\/www.csj-emballages.com\/de\/produit\/runde-unterlage-mit-lasche-weiss-schwarz-o8-cm-200-stueck\/"]}]},{"@type":"ImageObject","inLanguage":"de","@id":"https:\/\/www.csj-emballages.com\/de\/produit\/runde-unterlage-mit-lasche-weiss-schwarz-o8-cm-200-stueck\/#primaryimage","url":"https:\/\/www.csj-emballages.com\/wp-content\/uploads\/2026\/01\/RONF8LANGBL.webp","contentUrl":"https:\/\/www.csj-emballages.com\/wp-content\/uploads\/2026\/01\/RONF8LANGBL.webp","width":800,"height":800,"caption":"Semelle ronde"},{"@type":"BreadcrumbList","@id":"https:\/\/www.csj-emballages.com\/de\/produit\/runde-unterlage-mit-lasche-weiss-schwarz-o8-cm-200-stueck\/#breadcrumb","itemListElement":[{"@type":"ListItem","position":1,"name":"Accueil","item":"https:\/\/www.csj-emballages.com\/de\/universum-lebensmittelverpackungen\/"},{"@type":"ListItem","position":2,"name":"Shop","item":"https:\/\/www.csj-emballages.com\/shop\/"},{"@type":"ListItem","position":3,"name":"Runde Unterlage mit Lasche, wei\u00df\/schwarz, \u00d88 cm, 200 St\u00fcck"}]},{"@type":"WebSite","@id":"https:\/\/www.csj-emballages.com\/de\/#website","url":"https:\/\/www.csj-emballages.com\/de\/","name":"CSJ Emballages","description":"","publisher":{"@id":"https:\/\/www.csj-emballages.com\/de\/#organization"},"potentialAction":[{"@type":"SearchAction","target":{"@type":"EntryPoint","urlTemplate":"https:\/\/www.csj-emballages.com\/de\/?s={search_term_string}"},"query-input":{"@type":"PropertyValueSpecification","valueRequired":true,"valueName":"search_term_string"}}],"inLanguage":"de"},{"@type":"Organization","@id":"https:\/\/www.csj-emballages.com\/de\/#Organization\/","name":"CSJ Emballages","url":"https:\/\/www.csj-emballages.com\/de\/","logo":{"@type":"ImageObject","inLanguage":"de","@id":"https:\/\/www.csj-emballages.com\/de\/#\/schema\/logo\/image\/","url":"https:\/\/www.csj-emballages.com\/wp-content\/uploads\/2023\/10\/logo_csj.webp","contentUrl":"https:\/\/www.csj-emballages.com\/wp-content\/uploads\/2023\/10\/logo_csj.webp","width":250,"height":95,"caption":"CSJ Emballages"},"image":{"@id":"https:\/\/www.csj-emballages.com\/de\/#\/schema\/logo\/image\/"},"sameAs":["https:\/\/www.facebook.com\/csjemballages"],"address":{"@type":"PostalAddress","streetAddress":"ZI La Lechere","addressLocality":"Patornay","postalCode":"39130","addressCountry":"FR"},"contactPoint":[{"@type":"ContactPoint","contactType":"Service client","telephone":"0384254272","email":"contact@csj-emballages.com"}]}]}},"df_price":10.97,"df_sale_price":"","df_regular_price":10.97,"df_image_link":"https:\/\/www.csj-emballages.com\/wp-content\/uploads\/2026\/01\/RONF8LANGBL-300x300.webp","tiered_pricing_type":"fixed","tiered_pricing_fixed_rules":[],"tiered_pricing_percentage_rules":[],"tiered_pricing_minimum":1,"tiered_pricing_roles_data":[],"_links":{"self":[{"href":"https:\/\/www.csj-emballages.com\/de\/wp-json\/wp\/v2\/product\/263589","targetHints":{"allow":["GET"]}}],"collection":[{"href":"https:\/\/www.csj-emballages.com\/de\/wp-json\/wp\/v2\/product"}],"about":[{"href":"https:\/\/www.csj-emballages.com\/de\/wp-json\/wp\/v2\/types\/product"}],"wp:featuredmedia":[{"embeddable":true,"href":"https:\/\/www.csj-emballages.com\/de\/wp-json\/wp\/v2\/media\/263583"}],"wp:attachment":[{"href":"https:\/\/www.csj-emballages.com\/de\/wp-json\/wp\/v2\/media?parent=263589"}],"wp:term":[{"taxonomy":"product_brand","embeddable":true,"href":"https:\/\/www.csj-emballages.com\/de\/wp-json\/wp\/v2\/product_brand?post=263589"},{"taxonomy":"product_cat","embeddable":true,"href":"https:\/\/www.csj-emballages.com\/de\/wp-json\/wp\/v2\/product_cat?post=263589"},{"taxonomy":"product_tag","embeddable":true,"href":"https:\/\/www.csj-emballages.com\/de\/wp-json\/wp\/v2\/product_tag?post=263589"}],"curies":[{"name":"wp","href":"https:\/\/api.w.org\/{rel}","templated":true}]}}