{"id":263576,"date":"2026-01-30T14:18:19","date_gmt":"2026-01-30T13:18:19","guid":{"rendered":"https:\/\/www.csj-emballages.com\/produit\/quadratische-servierunterlage-mit-lasche-weiss-schwarz-8-x-8-cm-200-stueck\/"},"modified":"2026-04-29T02:17:05","modified_gmt":"2026-04-29T00:17:05","slug":"quadratische-servierunterlage-mit-lasche-weiss-schwarz-8-x-8-cm-200-stueck","status":"publish","type":"product","link":"https:\/\/www.csj-emballages.com\/de\/produit\/quadratische-servierunterlage-mit-lasche-weiss-schwarz-8-x-8-cm-200-stueck\/","title":{"rendered":"Quadratische Servierunterlage mit Lasche, wei\u00df \/ schwarz, 8 x 8 cm, 200 St\u00fcck"},"content":{"rendered":"<h2 data-start=\"258\" data-end=\"649\">Quadratische Servierunterlage<\/h2>\n<hr>\n<h3 data-start=\"258\" data-end=\"649\">Entdecken Sie unsere quadratische Servierunterlage mit Lasche, wei\u00df \/ schwarz, 8 x 8 cm, 200 St\u00fcck<\/h3>\n<p data-start=\"258\" data-end=\"649\"><!--more--><\/p>\n<p data-start=\"258\" data-end=\"649\">Die <strong>quadratische Servierunterlage mit Lasche, wei\u00df \/ schwarz, 8 x 8 cm<\/strong> ist eine elegante und praktische Pr\u00e4sentationsunterlage, die entwickelt wurde, um <strong>individuelle Speisekreationen<\/strong> optimal zur Geltung zu bringen. Sie wird h\u00e4ufig von <strong>Caterern, Konditoren, Gastronomen und Event-Organisatoren<\/strong> verwendet und erm\u00f6glicht die sorgf\u00e4ltige Pr\u00e4sentation von <strong>Amuse-Bouches, Desserts, Verrines oder Catering-Portionen<\/strong>, sowohl in der Auslage als auch am Buffet. <\/p>\n<p data-start=\"651\" data-end=\"991\">Hergestellt aus stabilem <strong>Karton<\/strong> in Lebensmittelqualit\u00e4t, bietet diese <strong>Servierunterlage mit Lasche<\/strong> hervorragende Stabilit\u00e4t f\u00fcr Ihre Kreationen. Ihre <strong>quadratische Form von 8 x 8 cm<\/strong> ist ideal f\u00fcr <strong>Einzelportionen<\/strong>, w\u00e4hrend die integrierte <strong>Lasche<\/strong> das Aufnehmen, Servieren und Bewegen des Produkts ohne direkten Kontakt mit dem Lebensmittel erleichtert. <\/p>\n<p data-start=\"993\" data-end=\"1372\">Erh\u00e4ltlich in den <strong>Farben Wei\u00df<\/strong> und <strong>Schwarz<\/strong>, passt sich diese <strong>Unterlage<\/strong> jedem Pr\u00e4sentationsstil an. Die <strong>wei\u00dfe Seite<\/strong> sorgt f\u00fcr eine schlichte und helle Note, w\u00e4hrend die <strong>schwarze Seite<\/strong> einen moderneren und kontrastreicheren Look bietet, der kulinarische Kreationen hervorhebt. Diese <strong>Doppelseitigkeit<\/strong> erm\u00f6glicht es, <strong>Pr\u00e4sentationen zu variieren<\/strong>, je nach Event-Thema oder visueller Identit\u00e4t des Profis.  <\/p>\n<p data-start=\"1374\" data-end=\"1717\">Praktisch und vielseitig, ist die <strong>quadratische Servierunterlage mit Lasche<\/strong> besonders beliebt f\u00fcr <strong>Events, Cocktails, Empf\u00e4nge und Verk\u00e4ufe in der Auslage<\/strong>. Verpackt in <strong>200er-Einheiten<\/strong>, eignet sie sich perfekt f\u00fcr den regelm\u00e4\u00dfigen oder intensiven professionellen Einsatz und gew\u00e4hrleistet stets eine gepflegte und hygienische Pr\u00e4sentation. <\/p>\n<p data-start=\"1374\" data-end=\"1717\"><!--more--><\/p>\n<h4 data-start=\"1374\" data-end=\"1717\">Vorteile :<\/h4>\n<ul>\n<li data-start=\"1755\" data-end=\"1812\"><strong>Quadratisches Format 8 x 8 cm<\/strong> ideal f\u00fcr <strong>Einzelportionen.<\/strong><\/li>\n<li data-start=\"1815\" data-end=\"1865\"><strong>Integrierte Zunge<\/strong> f\u00fcr einen leichten Griff.<\/li>\n<li data-start=\"1868\" data-end=\"1911\">Stabiler Karton in Lebensmittelqualit\u00e4t.<\/li>\n<li data-start=\"1914\" data-end=\"1970\">Doppelseitig <strong>wei\u00df \/ schwarz<\/strong> f\u00fcr vielf\u00e4ltige Pr\u00e4sentationen.<\/li>\n<li data-start=\"2010\" data-end=\"2052\">Elegante und professionelle Pr\u00e4sentation.<\/li>\n<li data-start=\"2055\" data-end=\"2100\">Geeignet f\u00fcr <strong>Buffets, Auslagen und Events<\/strong>.<\/li>\n<\/ul>\n<p>&nbsp;<\/p>\n<p><!--more--><\/p>\n<h4>Weitere Informationen :<\/h4>\n<ul>\n<li><strong>Verpackung<\/strong>: Packung mit 200 St\u00fcck<\/li>\n<li><strong>Ma\u00dfe<\/strong>: 8 x 8 cm<\/li>\n<li><strong>Farbe<\/strong>: Wei\u00df \/ Schwarz<\/li>\n<li><strong>Form<\/strong>: Quadratisch<\/li>\n<li><strong>Material<\/strong>: Karton<\/li>\n<\/ul>\n<p>&nbsp;<\/p>\n<p><!--more--><\/p>\n<p>Diese Unterlagen sind auch in Gold \/ Schwarz erh\u00e4ltlich: <span style=\"color: #d12727;\"><a style=\"color: #d12727;\" href=\"https:\/\/www.csj-emballages.com\/es\/produit\/suela-cuadrada-con-lengueta-dorada-negra-8-x-8-cm-por-200\/\">RC8LANG<\/a><\/span><\/p>\n<p>&nbsp;<\/p>\n<p><!--more--><\/p>\n<p><a href=\"https:\/\/www.csj-emballages.com\/de\/categorie-produit\/lebensmittelverpackungen\/backerei-und-konditorei\/kuchensohlenhalter\/einlegesohlen-mit-laschen\/\">Sehen Sie sich den Rest unseres Sortiments an Zungensohlen an<\/a><\/p>\n","protected":false},"excerpt":{"rendered":"<p>Quadratische Servierunterlage Entdecken Sie unsere quadratische Servierunterlage mit Lasche, wei\u00df \/ schwarz, 8 x 8 cm, 200 St\u00fcck<\/p>\n","protected":false},"featured_media":263572,"template":"","meta":{"_acf_changed":false},"product_brand":[],"product_cat":[1137,1171,1925,3273],"product_tag":[],"class_list":{"0":"post-263576","1":"product","2":"type-product","3":"status-publish","4":"has-post-thumbnail","6":"product_cat-lebensmittelverpackungen","7":"product_cat-backerei-und-konditorei","8":"product_cat-kuchensohlenhalter","9":"product_cat-einlegesohlen-mit-laschen","11":"first","12":"instock","13":"taxable","14":"shipping-taxable","15":"purchasable","16":"product-type-simple"},"acf":[],"yoast_head":"<!-- This site is optimized with the Yoast SEO Premium plugin v26.6 (Yoast SEO v26.6) - https:\/\/yoast.com\/wordpress\/plugins\/seo\/ -->\n<title>Quadratische Servierunterlage mit Lasche, wei\u00df \/ schwarz, 8 x 8 cm, 200 St\u00fcck<\/title>\n<meta name=\"description\" content=\"Quadratische Servierunterlage mit Lasche, wei\u00df \/ schwarz, 8 x 8 cm, 200 St\u00fcck. Eine elegante und praktische Unterlage f\u00fcr Caterer, Desserts und Event-Pr\u00e4sentationen.\" \/>\n<meta name=\"robots\" content=\"index, follow, max-snippet:-1, max-image-preview:large, max-video-preview:-1\" \/>\n<link rel=\"canonical\" href=\"https:\/\/www.csj-emballages.com\/de\/produit\/quadratische-servierunterlage-mit-lasche-weiss-schwarz-8-x-8-cm-200-stueck\/\" \/>\n<meta property=\"og:locale\" content=\"de_DE\" \/>\n<meta property=\"og:type\" content=\"article\" \/>\n<meta property=\"og:title\" content=\"Quadratische Servierunterlage mit Lasche, wei\u00df \/ schwarz, 8 x 8 cm, 200 St\u00fcck\" \/>\n<meta property=\"og:description\" content=\"Quadratische Servierunterlage mit Lasche, wei\u00df \/ schwarz, 8 x 8 cm, 200 St\u00fcck. Eine elegante und praktische Unterlage f\u00fcr Caterer, Desserts und Event-Pr\u00e4sentationen.\" \/>\n<meta property=\"og:url\" content=\"https:\/\/www.csj-emballages.com\/de\/produit\/quadratische-servierunterlage-mit-lasche-weiss-schwarz-8-x-8-cm-200-stueck\/\" \/>\n<meta property=\"og:site_name\" content=\"CSJ Emballages\" \/>\n<meta property=\"article:publisher\" content=\"https:\/\/www.facebook.com\/csjemballages\" \/>\n<meta property=\"article:modified_time\" content=\"2026-04-29T00:17:05+00:00\" \/>\n<meta property=\"og:image\" content=\"https:\/\/www.csj-emballages.com\/wp-content\/uploads\/2026\/01\/RC8LANGBL.webp\" \/>\n\t<meta property=\"og:image:width\" content=\"800\" \/>\n\t<meta property=\"og:image:height\" content=\"799\" \/>\n\t<meta property=\"og:image:type\" content=\"image\/webp\" \/>\n<meta name=\"twitter:card\" content=\"summary_large_image\" \/>\n<meta name=\"twitter:label1\" content=\"Gesch\u00e4tzte Lesezeit\" \/>\n\t<meta name=\"twitter:data1\" content=\"2 Minuten\" \/>\n<script type=\"application\/ld+json\" class=\"yoast-schema-graph\">{\"@context\":\"https:\/\/schema.org\",\"@graph\":[{\"@type\":\"WebPage\",\"@id\":\"https:\/\/www.csj-emballages.com\/de\/produit\/quadratische-servierunterlage-mit-lasche-weiss-schwarz-8-x-8-cm-200-stueck\/\",\"url\":\"https:\/\/www.csj-emballages.com\/de\/produit\/quadratische-servierunterlage-mit-lasche-weiss-schwarz-8-x-8-cm-200-stueck\/\",\"name\":\"Quadratische Servierunterlage mit Lasche, wei\u00df \/ schwarz, 8 x 8 cm, 200 St\u00fcck\",\"isPartOf\":{\"@id\":\"https:\/\/www.csj-emballages.com\/de\/#website\"},\"primaryImageOfPage\":{\"@id\":\"https:\/\/www.csj-emballages.com\/de\/produit\/quadratische-servierunterlage-mit-lasche-weiss-schwarz-8-x-8-cm-200-stueck\/#primaryimage\"},\"image\":{\"@id\":\"https:\/\/www.csj-emballages.com\/de\/produit\/quadratische-servierunterlage-mit-lasche-weiss-schwarz-8-x-8-cm-200-stueck\/#primaryimage\"},\"thumbnailUrl\":\"https:\/\/www.csj-emballages.com\/wp-content\/uploads\/2026\/01\/RC8LANGBL.webp\",\"datePublished\":\"2026-01-30T13:18:19+00:00\",\"dateModified\":\"2026-04-29T00:17:05+00:00\",\"description\":\"Quadratische Servierunterlage mit Lasche, wei\u00df \/ schwarz, 8 x 8 cm, 200 St\u00fcck. Eine elegante und praktische Unterlage f\u00fcr Caterer, Desserts und Event-Pr\u00e4sentationen.\",\"breadcrumb\":{\"@id\":\"https:\/\/www.csj-emballages.com\/de\/produit\/quadratische-servierunterlage-mit-lasche-weiss-schwarz-8-x-8-cm-200-stueck\/#breadcrumb\"},\"inLanguage\":\"de\",\"potentialAction\":[{\"@type\":\"ReadAction\",\"target\":[\"https:\/\/www.csj-emballages.com\/de\/produit\/quadratische-servierunterlage-mit-lasche-weiss-schwarz-8-x-8-cm-200-stueck\/\"]}]},{\"@type\":\"ImageObject\",\"inLanguage\":\"de\",\"@id\":\"https:\/\/www.csj-emballages.com\/de\/produit\/quadratische-servierunterlage-mit-lasche-weiss-schwarz-8-x-8-cm-200-stueck\/#primaryimage\",\"url\":\"https:\/\/www.csj-emballages.com\/wp-content\/uploads\/2026\/01\/RC8LANGBL.webp\",\"contentUrl\":\"https:\/\/www.csj-emballages.com\/wp-content\/uploads\/2026\/01\/RC8LANGBL.webp\",\"width\":800,\"height\":799,\"caption\":\"Semelle carr\u00e9\"},{\"@type\":\"BreadcrumbList\",\"@id\":\"https:\/\/www.csj-emballages.com\/de\/produit\/quadratische-servierunterlage-mit-lasche-weiss-schwarz-8-x-8-cm-200-stueck\/#breadcrumb\",\"itemListElement\":[{\"@type\":\"ListItem\",\"position\":1,\"name\":\"Accueil\",\"item\":\"https:\/\/www.csj-emballages.com\/de\/universum-lebensmittelverpackungen\/\"},{\"@type\":\"ListItem\",\"position\":2,\"name\":\"Shop\",\"item\":\"https:\/\/www.csj-emballages.com\/shop\/\"},{\"@type\":\"ListItem\",\"position\":3,\"name\":\"Quadratische Servierunterlage mit Lasche, wei\u00df \/ schwarz, 8 x 8 cm, 200 St\u00fcck\"}]},{\"@type\":\"WebSite\",\"@id\":\"https:\/\/www.csj-emballages.com\/de\/#website\",\"url\":\"https:\/\/www.csj-emballages.com\/de\/\",\"name\":\"CSJ Emballages\",\"description\":\"\",\"publisher\":{\"@id\":\"https:\/\/www.csj-emballages.com\/de\/#organization\"},\"potentialAction\":[{\"@type\":\"SearchAction\",\"target\":{\"@type\":\"EntryPoint\",\"urlTemplate\":\"https:\/\/www.csj-emballages.com\/de\/?s={search_term_string}\"},\"query-input\":{\"@type\":\"PropertyValueSpecification\",\"valueRequired\":true,\"valueName\":\"search_term_string\"}}],\"inLanguage\":\"de\"},{\"@type\":\"Organization\",\"@id\":\"https:\/\/www.csj-emballages.com\/de\/#Organization\/\",\"name\":\"CSJ Emballages\",\"url\":\"https:\/\/www.csj-emballages.com\/de\/\",\"logo\":{\"@type\":\"ImageObject\",\"inLanguage\":\"de\",\"@id\":\"https:\/\/www.csj-emballages.com\/de\/#\/schema\/logo\/image\/\",\"url\":\"https:\/\/www.csj-emballages.com\/wp-content\/uploads\/2023\/10\/logo_csj.webp\",\"contentUrl\":\"https:\/\/www.csj-emballages.com\/wp-content\/uploads\/2023\/10\/logo_csj.webp\",\"width\":250,\"height\":95,\"caption\":\"CSJ Emballages\"},\"image\":{\"@id\":\"https:\/\/www.csj-emballages.com\/de\/#\/schema\/logo\/image\/\"},\"sameAs\":[\"https:\/\/www.facebook.com\/csjemballages\"],\"address\":{\"@type\":\"PostalAddress\",\"streetAddress\":\"ZI La Lechere\",\"addressLocality\":\"Patornay\",\"postalCode\":\"39130\",\"addressCountry\":\"FR\"},\"contactPoint\":[{\"@type\":\"ContactPoint\",\"contactType\":\"Service client\",\"telephone\":\"0384254272\",\"email\":\"contact@csj-emballages.com\"}]}]}<\/script>\n<!-- \/ Yoast SEO Premium plugin. -->","yoast_head_json":{"title":"Quadratische Servierunterlage mit Lasche, wei\u00df \/ schwarz, 8 x 8 cm, 200 St\u00fcck","description":"Quadratische Servierunterlage mit Lasche, wei\u00df \/ schwarz, 8 x 8 cm, 200 St\u00fcck. Eine elegante und praktische Unterlage f\u00fcr Caterer, Desserts und Event-Pr\u00e4sentationen.","robots":{"index":"index","follow":"follow","max-snippet":"max-snippet:-1","max-image-preview":"max-image-preview:large","max-video-preview":"max-video-preview:-1"},"canonical":"https:\/\/www.csj-emballages.com\/de\/produit\/quadratische-servierunterlage-mit-lasche-weiss-schwarz-8-x-8-cm-200-stueck\/","og_locale":"de_DE","og_type":"article","og_title":"Quadratische Servierunterlage mit Lasche, wei\u00df \/ schwarz, 8 x 8 cm, 200 St\u00fcck","og_description":"Quadratische Servierunterlage mit Lasche, wei\u00df \/ schwarz, 8 x 8 cm, 200 St\u00fcck. Eine elegante und praktische Unterlage f\u00fcr Caterer, Desserts und Event-Pr\u00e4sentationen.","og_url":"https:\/\/www.csj-emballages.com\/de\/produit\/quadratische-servierunterlage-mit-lasche-weiss-schwarz-8-x-8-cm-200-stueck\/","og_site_name":"CSJ Emballages","article_publisher":"https:\/\/www.facebook.com\/csjemballages","article_modified_time":"2026-04-29T00:17:05+00:00","og_image":[{"width":800,"height":799,"url":"https:\/\/www.csj-emballages.com\/wp-content\/uploads\/2026\/01\/RC8LANGBL.webp","type":"image\/webp"}],"twitter_card":"summary_large_image","twitter_misc":{"Gesch\u00e4tzte Lesezeit":"2 Minuten"},"schema":{"@context":"https:\/\/schema.org","@graph":[{"@type":"WebPage","@id":"https:\/\/www.csj-emballages.com\/de\/produit\/quadratische-servierunterlage-mit-lasche-weiss-schwarz-8-x-8-cm-200-stueck\/","url":"https:\/\/www.csj-emballages.com\/de\/produit\/quadratische-servierunterlage-mit-lasche-weiss-schwarz-8-x-8-cm-200-stueck\/","name":"Quadratische Servierunterlage mit Lasche, wei\u00df \/ schwarz, 8 x 8 cm, 200 St\u00fcck","isPartOf":{"@id":"https:\/\/www.csj-emballages.com\/de\/#website"},"primaryImageOfPage":{"@id":"https:\/\/www.csj-emballages.com\/de\/produit\/quadratische-servierunterlage-mit-lasche-weiss-schwarz-8-x-8-cm-200-stueck\/#primaryimage"},"image":{"@id":"https:\/\/www.csj-emballages.com\/de\/produit\/quadratische-servierunterlage-mit-lasche-weiss-schwarz-8-x-8-cm-200-stueck\/#primaryimage"},"thumbnailUrl":"https:\/\/www.csj-emballages.com\/wp-content\/uploads\/2026\/01\/RC8LANGBL.webp","datePublished":"2026-01-30T13:18:19+00:00","dateModified":"2026-04-29T00:17:05+00:00","description":"Quadratische Servierunterlage mit Lasche, wei\u00df \/ schwarz, 8 x 8 cm, 200 St\u00fcck. Eine elegante und praktische Unterlage f\u00fcr Caterer, Desserts und Event-Pr\u00e4sentationen.","breadcrumb":{"@id":"https:\/\/www.csj-emballages.com\/de\/produit\/quadratische-servierunterlage-mit-lasche-weiss-schwarz-8-x-8-cm-200-stueck\/#breadcrumb"},"inLanguage":"de","potentialAction":[{"@type":"ReadAction","target":["https:\/\/www.csj-emballages.com\/de\/produit\/quadratische-servierunterlage-mit-lasche-weiss-schwarz-8-x-8-cm-200-stueck\/"]}]},{"@type":"ImageObject","inLanguage":"de","@id":"https:\/\/www.csj-emballages.com\/de\/produit\/quadratische-servierunterlage-mit-lasche-weiss-schwarz-8-x-8-cm-200-stueck\/#primaryimage","url":"https:\/\/www.csj-emballages.com\/wp-content\/uploads\/2026\/01\/RC8LANGBL.webp","contentUrl":"https:\/\/www.csj-emballages.com\/wp-content\/uploads\/2026\/01\/RC8LANGBL.webp","width":800,"height":799,"caption":"Semelle carr\u00e9"},{"@type":"BreadcrumbList","@id":"https:\/\/www.csj-emballages.com\/de\/produit\/quadratische-servierunterlage-mit-lasche-weiss-schwarz-8-x-8-cm-200-stueck\/#breadcrumb","itemListElement":[{"@type":"ListItem","position":1,"name":"Accueil","item":"https:\/\/www.csj-emballages.com\/de\/universum-lebensmittelverpackungen\/"},{"@type":"ListItem","position":2,"name":"Shop","item":"https:\/\/www.csj-emballages.com\/shop\/"},{"@type":"ListItem","position":3,"name":"Quadratische Servierunterlage mit Lasche, wei\u00df \/ schwarz, 8 x 8 cm, 200 St\u00fcck"}]},{"@type":"WebSite","@id":"https:\/\/www.csj-emballages.com\/de\/#website","url":"https:\/\/www.csj-emballages.com\/de\/","name":"CSJ Emballages","description":"","publisher":{"@id":"https:\/\/www.csj-emballages.com\/de\/#organization"},"potentialAction":[{"@type":"SearchAction","target":{"@type":"EntryPoint","urlTemplate":"https:\/\/www.csj-emballages.com\/de\/?s={search_term_string}"},"query-input":{"@type":"PropertyValueSpecification","valueRequired":true,"valueName":"search_term_string"}}],"inLanguage":"de"},{"@type":"Organization","@id":"https:\/\/www.csj-emballages.com\/de\/#Organization\/","name":"CSJ Emballages","url":"https:\/\/www.csj-emballages.com\/de\/","logo":{"@type":"ImageObject","inLanguage":"de","@id":"https:\/\/www.csj-emballages.com\/de\/#\/schema\/logo\/image\/","url":"https:\/\/www.csj-emballages.com\/wp-content\/uploads\/2023\/10\/logo_csj.webp","contentUrl":"https:\/\/www.csj-emballages.com\/wp-content\/uploads\/2023\/10\/logo_csj.webp","width":250,"height":95,"caption":"CSJ Emballages"},"image":{"@id":"https:\/\/www.csj-emballages.com\/de\/#\/schema\/logo\/image\/"},"sameAs":["https:\/\/www.facebook.com\/csjemballages"],"address":{"@type":"PostalAddress","streetAddress":"ZI La Lechere","addressLocality":"Patornay","postalCode":"39130","addressCountry":"FR"},"contactPoint":[{"@type":"ContactPoint","contactType":"Service client","telephone":"0384254272","email":"contact@csj-emballages.com"}]}]}},"df_price":10.97,"df_sale_price":"","df_regular_price":10.97,"df_image_link":"https:\/\/www.csj-emballages.com\/wp-content\/uploads\/2026\/01\/RC8LANGBL-300x300.webp","tiered_pricing_type":"fixed","tiered_pricing_fixed_rules":[],"tiered_pricing_percentage_rules":[],"tiered_pricing_minimum":1,"tiered_pricing_roles_data":[],"_links":{"self":[{"href":"https:\/\/www.csj-emballages.com\/de\/wp-json\/wp\/v2\/product\/263576","targetHints":{"allow":["GET"]}}],"collection":[{"href":"https:\/\/www.csj-emballages.com\/de\/wp-json\/wp\/v2\/product"}],"about":[{"href":"https:\/\/www.csj-emballages.com\/de\/wp-json\/wp\/v2\/types\/product"}],"wp:featuredmedia":[{"embeddable":true,"href":"https:\/\/www.csj-emballages.com\/de\/wp-json\/wp\/v2\/media\/263572"}],"wp:attachment":[{"href":"https:\/\/www.csj-emballages.com\/de\/wp-json\/wp\/v2\/media?parent=263576"}],"wp:term":[{"taxonomy":"product_brand","embeddable":true,"href":"https:\/\/www.csj-emballages.com\/de\/wp-json\/wp\/v2\/product_brand?post=263576"},{"taxonomy":"product_cat","embeddable":true,"href":"https:\/\/www.csj-emballages.com\/de\/wp-json\/wp\/v2\/product_cat?post=263576"},{"taxonomy":"product_tag","embeddable":true,"href":"https:\/\/www.csj-emballages.com\/de\/wp-json\/wp\/v2\/product_tag?post=263576"}],"curies":[{"name":"wp","href":"https:\/\/api.w.org\/{rel}","templated":true}]}}