{"id":262904,"date":"2026-01-19T14:18:16","date_gmt":"2026-01-19T13:18:16","guid":{"rendered":"https:\/\/www.csj-emballages.com\/produit\/geriffelte-vakuumierfolienrolle-020-x-6-m-90-%c2%b5-2er-pack\/"},"modified":"2026-04-29T02:18:53","modified_gmt":"2026-04-29T00:18:53","slug":"geriffelte-vakuumierfolienrolle-020-x-6-m-90-%c2%b5-2er-pack","status":"publish","type":"product","link":"https:\/\/www.csj-emballages.com\/de\/produit\/geriffelte-vakuumierfolienrolle-020-x-6-m-90-%c2%b5-2er-pack\/","title":{"rendered":"Geriffelte Vakuumierfolienrolle 0,20 x 6 m, 90 \u00b5, 2er-Pack"},"content":{"rendered":"<h2>Vakuumierfolienrolle<\/h2>\n<hr>\n<h3>Entdecken Sie unsere geriffelte Vakuumierfolienrolle zur Aufbewahrung, 0,20 x 6 m, 90 \u00b5, im 2er-Pack<\/h3>\n<p><!--more--><\/p>\n<p data-start=\"228\" data-end=\"604\">Diese <strong data-start=\"232\" data-end=\"270\">geriffelten Vakuumierfolienrollen<\/strong> sind perfekt f\u00fcr alle, die ihre Lebensmittel l\u00e4nger haltbar machen m\u00f6chten, ohne sich das Leben unn\u00f6tig schwer zu machen. Mit einer Breite von <strong data-start=\"395\" data-end=\"404\">20 cm<\/strong> und einer L\u00e4nge von <strong data-start=\"424\" data-end=\"436\">6 Metern<\/strong> bieten sie echte Freiheit: Sie schneiden genau die Gr\u00f6\u00dfe zu, die Sie ben\u00f6tigen, je nach Art des zu verpackenden Lebensmittels. Keine Verschwendung mehr, alles ist ma\u00dfgeschneidert.  <\/p>\n<p data-start=\"606\" data-end=\"958\">Dank ihrer <strong data-start=\"619\" data-end=\"640\">geriffelten Struktur<\/strong> erfolgt die Luftabsaugung effizient und gleichm\u00e4\u00dfig. Das Vakuum wird optimal erzeugt, wodurch Frische, Geschmack und Textur der Lebensmittel erhalten bleiben. <strong>Fleisch, Fisch, Gem\u00fcse, Fertiggerichte oder K\u00e4se<\/strong>: Alles l\u00e4sst sich besser und l\u00e4nger aufbewahren, ob im K\u00fchlschrank oder im Gefrierschrank. <\/p>\n<p data-start=\"960\" data-end=\"1330\">Mit einer <strong>St\u00e4rke<\/strong> von <strong data-start=\"982\" data-end=\"996\">90 \u00b5<\/strong> bieten diese Rollen eine gute Widerstandsf\u00e4higkeit. Sie halten <strong>K\u00e4lte, Handhabung und regelm\u00e4\u00dfigem Gebrauch<\/strong> stand, ohne leicht zu rei\u00dfen. Zudem sind sie <strong>mit den meisten externen Vakuumierger\u00e4ten kompatibel<\/strong>, was ihre Integration in Ihren Alltag, sowohl zu Hause als auch im professionellen Umfeld, vereinfacht.  <\/p>\n<p data-start=\"1332\" data-end=\"1587\"><strong data-start=\"1339\" data-end=\"1364\">Im 2er-Pack<\/strong> verkauft, erm\u00f6glichen sie den Aufbau eines praktischen Vorrats, der stets einsatzbereit ist. Ob Sie Gastronom, Caterer oder einfach nur darauf bedacht sind, Ihre K\u00fcche besser zu organisieren, diese Rollen werden schnell zu einem unverzichtbaren Helfer. <\/p>\n<p data-start=\"1589\" data-end=\"1731\">Zusammenfassend vereinen diese <strong>Vakuumierfolienrollen<\/strong> Flexibilit\u00e4t, Effizienz und Robustheit f\u00fcr eine optimierte Konservierung, ohne unn\u00f6tigen Aufwand.<\/p>\n<p data-start=\"1589\" data-end=\"1731\">\n<p data-start=\"1589\" data-end=\"1731\"><!--more--><\/p>\n<p data-start=\"1589\" data-end=\"1731\"><strong><span style=\"color: #ff0000;\">BPA-freie Rollen (Bisphenol A) <\/span><\/strong><\/p>\n<p data-start=\"1589\" data-end=\"1731\">\n<p data-start=\"1478\" data-end=\"1604\"><!--more--><\/p>\n<h4 data-start=\"1478\" data-end=\"1604\">Vorteile :<\/h4>\n<ul>\n<li data-start=\"1759\" data-end=\"1805\">Format: <strong>Rolle zum Zuschneiden<\/strong> nach Ihren Bed\u00fcrfnissen.<\/li>\n<li data-start=\"1808\" data-end=\"1857\">Geriffelte Struktur f\u00fcr effizientes Absaugen.<\/li>\n<li data-start=\"1860\" data-end=\"1888\"><strong>90 \u00b5 St\u00e4rke<\/strong>, widerstandsf\u00e4hig.<\/li>\n<li data-start=\"1891\" data-end=\"1943\">Kompatibel mit den meisten Vakuumierger\u00e4ten.<\/li>\n<li data-start=\"1946\" data-end=\"1988\">Ideal f\u00fcr K\u00fchlung und Tiefk\u00fchlung.<\/li>\n<li data-start=\"1991\" data-end=\"2018\">Praktischer <strong>2er-Pack<\/strong>.<\/li>\n<\/ul>\n<p>&nbsp;<\/p>\n<p><!--more--><\/p>\n<h4>Weitere Informationen :<\/h4>\n<ul>\n<li><strong>Verpackung<\/strong>: 2er-Pack Rollen<\/li>\n<li><strong>Abmessungen<\/strong>: 0,20 x 6 m<\/li>\n<li><strong>Typ<\/strong>: Gepr\u00e4gt<\/li>\n<li><strong>St\u00e4rke<\/strong>: 90 \u00b5<\/li>\n<li><strong>Material<\/strong>: PA\/PE (20\/70)<\/li>\n<li><strong>Hei\u00dfsiegelbar<\/strong>: JA<\/li>\n<li><strong>Schrumpfbar<\/strong>: NEIN<\/li>\n<li><strong>Schwei\u00dfen<\/strong>: 3 Seiten<\/li>\n<\/ul>\n<p>&nbsp;<\/p>\n<p><!--more--><\/p>\n<p>Diese Vakuumierfolienrollen in 0,20 x 6 m sind in verschiedenen Gr\u00f6\u00dfen erh\u00e4ltlich: <span style=\"color: #d12727;\"><a style=\"color: #d12727;\" href=\"https:\/\/www.csj-emballages.com\/produit\/2-rouleaux-sacs-sous-vides-conservation-gaufres-0-22-x-6-m-90-%c2%b5\/?_gl=1*yua810*_up*MQ..*_ga*MTY5MTcyOTMzNC4xNzY5NzY0NzQ1*_ga_YNVJLRSSZT*czE3Njk3NjQ3NDQkbzEkZzAkdDE3Njk3NjY1MzgkajQ4JGwwJGg0ODA4MzU3MzQ.\">0,22 x 6 m<\/a><\/span> \/ <span style=\"color: #d12727;\"><a style=\"color: #d12727;\" href=\"https:\/\/www.csj-emballages.com\/produit\/2-rouleaux-sacs-sous-vides-conservation-gaufres-0-28-x-6-m-90-%c2%b5\/?_gl=1*yua810*_up*MQ..*_ga*MTY5MTcyOTMzNC4xNzY5NzY0NzQ1*_ga_YNVJLRSSZT*czE3Njk3NjQ3NDQkbzEkZzAkdDE3Njk3NjY1MzgkajQ4JGwwJGg0ODA4MzU3MzQ.\">0,28 x 6 m<\/a><\/span><\/p>\n<p>&nbsp;<\/p>\n<p><!--more--><\/p>\n<p><a href=\"https:\/\/www.csj-emballages.com\/categorie-produit\/hygiene-et-entretiens\/essuyages\/essuie-mains\/essuies-mains-rouleaux\/?_gl=1*1qf72uz*_up*MQ..*_ga*NzE5OTExNjQuMTc2OTc1OTIwNw..*_ga_YNVJLRSSZT*czE3Njk3NjM1ODMkbzIkZzAkdDE3Njk3NjQ1MzUkajQ2JGwwJGgxMDI3NDM2Mzcx\">Entdecken Sie den Rest unseres Sortiments an Handtuchrollen<\/a><\/p>\n","protected":false},"excerpt":{"rendered":"<p>Vakuumierfolienrolle Entdecken Sie unsere geriffelte Vakuumierfolienrolle zur Aufbewahrung, 0,20 x 6 m, 90 \u00b5, im 2er-Pack<\/p>\n","protected":false},"featured_media":12351,"template":"","meta":{"_acf_changed":false},"product_brand":[],"product_cat":[1137,1170,3962,1235,1577],"product_tag":[],"class_list":{"0":"post-262904","1":"product","2":"type-product","3":"status-publish","4":"has-post-thumbnail","6":"product_cat-lebensmittelverpackungen","7":"product_cat-metzgerei-und-feinkostgeschaft","8":"product_cat-sacke-und-beutel","9":"product_cat-vakuumbeutel","10":"product_cat-gepragte-vakuumbeutel-auf-rollen","12":"first","13":"instock","14":"taxable","15":"shipping-taxable","16":"purchasable","17":"product-type-simple"},"acf":[],"yoast_head":"<!-- This site is optimized with the Yoast SEO Premium plugin v26.6 (Yoast SEO v26.6) - https:\/\/yoast.com\/wordpress\/plugins\/seo\/ -->\n<title>Geriffelte Vakuumierfolienrolle 0,20 x 6 m, 90 \u00b5, 2er-Pack<\/title>\n<meta name=\"description\" content=\"Geriffelte Vakuumierfolienrolle zur Aufbewahrung, 20 cm x 6 m, 90 \u00b5 stark, im 2er-Pack. Ideal, um Lebensmittel l\u00e4nger und ohne Verschwendung aufzubewahren.\" \/>\n<meta name=\"robots\" content=\"index, follow, max-snippet:-1, max-image-preview:large, max-video-preview:-1\" \/>\n<link rel=\"canonical\" href=\"https:\/\/www.csj-emballages.com\/de\/produit\/geriffelte-vakuumierfolienrolle-020-x-6-m-90-%c2%b5-2er-pack\/\" \/>\n<meta property=\"og:locale\" content=\"de_DE\" \/>\n<meta property=\"og:type\" content=\"article\" \/>\n<meta property=\"og:title\" content=\"Geriffelte Vakuumierfolienrolle 0,20 x 6 m, 90 \u00b5, 2er-Pack\" \/>\n<meta property=\"og:description\" content=\"Geriffelte Vakuumierfolienrolle zur Aufbewahrung, 20 cm x 6 m, 90 \u00b5 stark, im 2er-Pack. Ideal, um Lebensmittel l\u00e4nger und ohne Verschwendung aufzubewahren.\" \/>\n<meta property=\"og:url\" content=\"https:\/\/www.csj-emballages.com\/de\/produit\/geriffelte-vakuumierfolienrolle-020-x-6-m-90-%c2%b5-2er-pack\/\" \/>\n<meta property=\"og:site_name\" content=\"CSJ Emballages\" \/>\n<meta property=\"article:publisher\" content=\"https:\/\/www.facebook.com\/csjemballages\" \/>\n<meta property=\"article:modified_time\" content=\"2026-04-29T00:18:53+00:00\" \/>\n<meta property=\"og:image\" content=\"https:\/\/www.csj-emballages.com\/wp-content\/uploads\/2024\/03\/ItemSVIDEGAUF40600.png\" \/>\n\t<meta property=\"og:image:width\" content=\"300\" \/>\n\t<meta property=\"og:image:height\" content=\"300\" \/>\n\t<meta property=\"og:image:type\" content=\"image\/png\" \/>\n<meta name=\"twitter:card\" content=\"summary_large_image\" \/>\n<meta name=\"twitter:label1\" content=\"Gesch\u00e4tzte Lesezeit\" \/>\n\t<meta name=\"twitter:data1\" content=\"2 Minuten\" \/>\n<script type=\"application\/ld+json\" class=\"yoast-schema-graph\">{\"@context\":\"https:\/\/schema.org\",\"@graph\":[{\"@type\":\"WebPage\",\"@id\":\"https:\/\/www.csj-emballages.com\/de\/produit\/geriffelte-vakuumierfolienrolle-020-x-6-m-90-%c2%b5-2er-pack\/\",\"url\":\"https:\/\/www.csj-emballages.com\/de\/produit\/geriffelte-vakuumierfolienrolle-020-x-6-m-90-%c2%b5-2er-pack\/\",\"name\":\"Geriffelte Vakuumierfolienrolle 0,20 x 6 m, 90 \u00b5, 2er-Pack\",\"isPartOf\":{\"@id\":\"https:\/\/www.csj-emballages.com\/de\/#website\"},\"primaryImageOfPage\":{\"@id\":\"https:\/\/www.csj-emballages.com\/de\/produit\/geriffelte-vakuumierfolienrolle-020-x-6-m-90-%c2%b5-2er-pack\/#primaryimage\"},\"image\":{\"@id\":\"https:\/\/www.csj-emballages.com\/de\/produit\/geriffelte-vakuumierfolienrolle-020-x-6-m-90-%c2%b5-2er-pack\/#primaryimage\"},\"thumbnailUrl\":\"https:\/\/www.csj-emballages.com\/wp-content\/uploads\/2024\/03\/ItemSVIDEGAUF40600.png\",\"datePublished\":\"2026-01-19T13:18:16+00:00\",\"dateModified\":\"2026-04-29T00:18:53+00:00\",\"description\":\"Geriffelte Vakuumierfolienrolle zur Aufbewahrung, 20 cm x 6 m, 90 \u00b5 stark, im 2er-Pack. Ideal, um Lebensmittel l\u00e4nger und ohne Verschwendung aufzubewahren.\",\"breadcrumb\":{\"@id\":\"https:\/\/www.csj-emballages.com\/de\/produit\/geriffelte-vakuumierfolienrolle-020-x-6-m-90-%c2%b5-2er-pack\/#breadcrumb\"},\"inLanguage\":\"de\",\"potentialAction\":[{\"@type\":\"ReadAction\",\"target\":[\"https:\/\/www.csj-emballages.com\/de\/produit\/geriffelte-vakuumierfolienrolle-020-x-6-m-90-%c2%b5-2er-pack\/\"]}]},{\"@type\":\"ImageObject\",\"inLanguage\":\"de\",\"@id\":\"https:\/\/www.csj-emballages.com\/de\/produit\/geriffelte-vakuumierfolienrolle-020-x-6-m-90-%c2%b5-2er-pack\/#primaryimage\",\"url\":\"https:\/\/www.csj-emballages.com\/wp-content\/uploads\/2024\/03\/ItemSVIDEGAUF40600.png\",\"contentUrl\":\"https:\/\/www.csj-emballages.com\/wp-content\/uploads\/2024\/03\/ItemSVIDEGAUF40600.png\",\"width\":300,\"height\":300,\"caption\":\"Rouleaux sacs sous vide\"},{\"@type\":\"BreadcrumbList\",\"@id\":\"https:\/\/www.csj-emballages.com\/de\/produit\/geriffelte-vakuumierfolienrolle-020-x-6-m-90-%c2%b5-2er-pack\/#breadcrumb\",\"itemListElement\":[{\"@type\":\"ListItem\",\"position\":1,\"name\":\"Accueil\",\"item\":\"https:\/\/www.csj-emballages.com\/de\/universum-lebensmittelverpackungen\/\"},{\"@type\":\"ListItem\",\"position\":2,\"name\":\"Shop\",\"item\":\"https:\/\/www.csj-emballages.com\/shop\/\"},{\"@type\":\"ListItem\",\"position\":3,\"name\":\"Geriffelte Vakuumierfolienrolle 0,20 x 6 m, 90 \u00b5, 2er-Pack\"}]},{\"@type\":\"WebSite\",\"@id\":\"https:\/\/www.csj-emballages.com\/de\/#website\",\"url\":\"https:\/\/www.csj-emballages.com\/de\/\",\"name\":\"CSJ Emballages\",\"description\":\"\",\"publisher\":{\"@id\":\"https:\/\/www.csj-emballages.com\/de\/#organization\"},\"potentialAction\":[{\"@type\":\"SearchAction\",\"target\":{\"@type\":\"EntryPoint\",\"urlTemplate\":\"https:\/\/www.csj-emballages.com\/de\/?s={search_term_string}\"},\"query-input\":{\"@type\":\"PropertyValueSpecification\",\"valueRequired\":true,\"valueName\":\"search_term_string\"}}],\"inLanguage\":\"de\"},{\"@type\":\"Organization\",\"@id\":\"https:\/\/www.csj-emballages.com\/de\/#Organization\/\",\"name\":\"CSJ Emballages\",\"url\":\"https:\/\/www.csj-emballages.com\/de\/\",\"logo\":{\"@type\":\"ImageObject\",\"inLanguage\":\"de\",\"@id\":\"https:\/\/www.csj-emballages.com\/de\/#\/schema\/logo\/image\/\",\"url\":\"https:\/\/www.csj-emballages.com\/wp-content\/uploads\/2023\/10\/logo_csj.webp\",\"contentUrl\":\"https:\/\/www.csj-emballages.com\/wp-content\/uploads\/2023\/10\/logo_csj.webp\",\"width\":250,\"height\":95,\"caption\":\"CSJ Emballages\"},\"image\":{\"@id\":\"https:\/\/www.csj-emballages.com\/de\/#\/schema\/logo\/image\/\"},\"sameAs\":[\"https:\/\/www.facebook.com\/csjemballages\"],\"address\":{\"@type\":\"PostalAddress\",\"streetAddress\":\"ZI La Lechere\",\"addressLocality\":\"Patornay\",\"postalCode\":\"39130\",\"addressCountry\":\"FR\"},\"contactPoint\":[{\"@type\":\"ContactPoint\",\"contactType\":\"Service client\",\"telephone\":\"0384254272\",\"email\":\"contact@csj-emballages.com\"}]}]}<\/script>\n<!-- \/ Yoast SEO Premium plugin. -->","yoast_head_json":{"title":"Geriffelte Vakuumierfolienrolle 0,20 x 6 m, 90 \u00b5, 2er-Pack","description":"Geriffelte Vakuumierfolienrolle zur Aufbewahrung, 20 cm x 6 m, 90 \u00b5 stark, im 2er-Pack. Ideal, um Lebensmittel l\u00e4nger und ohne Verschwendung aufzubewahren.","robots":{"index":"index","follow":"follow","max-snippet":"max-snippet:-1","max-image-preview":"max-image-preview:large","max-video-preview":"max-video-preview:-1"},"canonical":"https:\/\/www.csj-emballages.com\/de\/produit\/geriffelte-vakuumierfolienrolle-020-x-6-m-90-%c2%b5-2er-pack\/","og_locale":"de_DE","og_type":"article","og_title":"Geriffelte Vakuumierfolienrolle 0,20 x 6 m, 90 \u00b5, 2er-Pack","og_description":"Geriffelte Vakuumierfolienrolle zur Aufbewahrung, 20 cm x 6 m, 90 \u00b5 stark, im 2er-Pack. Ideal, um Lebensmittel l\u00e4nger und ohne Verschwendung aufzubewahren.","og_url":"https:\/\/www.csj-emballages.com\/de\/produit\/geriffelte-vakuumierfolienrolle-020-x-6-m-90-%c2%b5-2er-pack\/","og_site_name":"CSJ Emballages","article_publisher":"https:\/\/www.facebook.com\/csjemballages","article_modified_time":"2026-04-29T00:18:53+00:00","og_image":[{"width":300,"height":300,"url":"https:\/\/www.csj-emballages.com\/wp-content\/uploads\/2024\/03\/ItemSVIDEGAUF40600.png","type":"image\/png"}],"twitter_card":"summary_large_image","twitter_misc":{"Gesch\u00e4tzte Lesezeit":"2 Minuten"},"schema":{"@context":"https:\/\/schema.org","@graph":[{"@type":"WebPage","@id":"https:\/\/www.csj-emballages.com\/de\/produit\/geriffelte-vakuumierfolienrolle-020-x-6-m-90-%c2%b5-2er-pack\/","url":"https:\/\/www.csj-emballages.com\/de\/produit\/geriffelte-vakuumierfolienrolle-020-x-6-m-90-%c2%b5-2er-pack\/","name":"Geriffelte Vakuumierfolienrolle 0,20 x 6 m, 90 \u00b5, 2er-Pack","isPartOf":{"@id":"https:\/\/www.csj-emballages.com\/de\/#website"},"primaryImageOfPage":{"@id":"https:\/\/www.csj-emballages.com\/de\/produit\/geriffelte-vakuumierfolienrolle-020-x-6-m-90-%c2%b5-2er-pack\/#primaryimage"},"image":{"@id":"https:\/\/www.csj-emballages.com\/de\/produit\/geriffelte-vakuumierfolienrolle-020-x-6-m-90-%c2%b5-2er-pack\/#primaryimage"},"thumbnailUrl":"https:\/\/www.csj-emballages.com\/wp-content\/uploads\/2024\/03\/ItemSVIDEGAUF40600.png","datePublished":"2026-01-19T13:18:16+00:00","dateModified":"2026-04-29T00:18:53+00:00","description":"Geriffelte Vakuumierfolienrolle zur Aufbewahrung, 20 cm x 6 m, 90 \u00b5 stark, im 2er-Pack. Ideal, um Lebensmittel l\u00e4nger und ohne Verschwendung aufzubewahren.","breadcrumb":{"@id":"https:\/\/www.csj-emballages.com\/de\/produit\/geriffelte-vakuumierfolienrolle-020-x-6-m-90-%c2%b5-2er-pack\/#breadcrumb"},"inLanguage":"de","potentialAction":[{"@type":"ReadAction","target":["https:\/\/www.csj-emballages.com\/de\/produit\/geriffelte-vakuumierfolienrolle-020-x-6-m-90-%c2%b5-2er-pack\/"]}]},{"@type":"ImageObject","inLanguage":"de","@id":"https:\/\/www.csj-emballages.com\/de\/produit\/geriffelte-vakuumierfolienrolle-020-x-6-m-90-%c2%b5-2er-pack\/#primaryimage","url":"https:\/\/www.csj-emballages.com\/wp-content\/uploads\/2024\/03\/ItemSVIDEGAUF40600.png","contentUrl":"https:\/\/www.csj-emballages.com\/wp-content\/uploads\/2024\/03\/ItemSVIDEGAUF40600.png","width":300,"height":300,"caption":"Rouleaux sacs sous vide"},{"@type":"BreadcrumbList","@id":"https:\/\/www.csj-emballages.com\/de\/produit\/geriffelte-vakuumierfolienrolle-020-x-6-m-90-%c2%b5-2er-pack\/#breadcrumb","itemListElement":[{"@type":"ListItem","position":1,"name":"Accueil","item":"https:\/\/www.csj-emballages.com\/de\/universum-lebensmittelverpackungen\/"},{"@type":"ListItem","position":2,"name":"Shop","item":"https:\/\/www.csj-emballages.com\/shop\/"},{"@type":"ListItem","position":3,"name":"Geriffelte Vakuumierfolienrolle 0,20 x 6 m, 90 \u00b5, 2er-Pack"}]},{"@type":"WebSite","@id":"https:\/\/www.csj-emballages.com\/de\/#website","url":"https:\/\/www.csj-emballages.com\/de\/","name":"CSJ Emballages","description":"","publisher":{"@id":"https:\/\/www.csj-emballages.com\/de\/#organization"},"potentialAction":[{"@type":"SearchAction","target":{"@type":"EntryPoint","urlTemplate":"https:\/\/www.csj-emballages.com\/de\/?s={search_term_string}"},"query-input":{"@type":"PropertyValueSpecification","valueRequired":true,"valueName":"search_term_string"}}],"inLanguage":"de"},{"@type":"Organization","@id":"https:\/\/www.csj-emballages.com\/de\/#Organization\/","name":"CSJ Emballages","url":"https:\/\/www.csj-emballages.com\/de\/","logo":{"@type":"ImageObject","inLanguage":"de","@id":"https:\/\/www.csj-emballages.com\/de\/#\/schema\/logo\/image\/","url":"https:\/\/www.csj-emballages.com\/wp-content\/uploads\/2023\/10\/logo_csj.webp","contentUrl":"https:\/\/www.csj-emballages.com\/wp-content\/uploads\/2023\/10\/logo_csj.webp","width":250,"height":95,"caption":"CSJ Emballages"},"image":{"@id":"https:\/\/www.csj-emballages.com\/de\/#\/schema\/logo\/image\/"},"sameAs":["https:\/\/www.facebook.com\/csjemballages"],"address":{"@type":"PostalAddress","streetAddress":"ZI La Lechere","addressLocality":"Patornay","postalCode":"39130","addressCountry":"FR"},"contactPoint":[{"@type":"ContactPoint","contactType":"Service client","telephone":"0384254272","email":"contact@csj-emballages.com"}]}]}},"df_price":7.52,"df_sale_price":"","df_regular_price":7.52,"df_image_link":"https:\/\/www.csj-emballages.com\/wp-content\/uploads\/2024\/03\/ItemSVIDEGAUF40600.png","tiered_pricing_type":"fixed","tiered_pricing_fixed_rules":[],"tiered_pricing_percentage_rules":[],"tiered_pricing_minimum":1,"tiered_pricing_roles_data":[],"_links":{"self":[{"href":"https:\/\/www.csj-emballages.com\/de\/wp-json\/wp\/v2\/product\/262904","targetHints":{"allow":["GET"]}}],"collection":[{"href":"https:\/\/www.csj-emballages.com\/de\/wp-json\/wp\/v2\/product"}],"about":[{"href":"https:\/\/www.csj-emballages.com\/de\/wp-json\/wp\/v2\/types\/product"}],"wp:featuredmedia":[{"embeddable":true,"href":"https:\/\/www.csj-emballages.com\/de\/wp-json\/wp\/v2\/media\/12351"}],"wp:attachment":[{"href":"https:\/\/www.csj-emballages.com\/de\/wp-json\/wp\/v2\/media?parent=262904"}],"wp:term":[{"taxonomy":"product_brand","embeddable":true,"href":"https:\/\/www.csj-emballages.com\/de\/wp-json\/wp\/v2\/product_brand?post=262904"},{"taxonomy":"product_cat","embeddable":true,"href":"https:\/\/www.csj-emballages.com\/de\/wp-json\/wp\/v2\/product_cat?post=262904"},{"taxonomy":"product_tag","embeddable":true,"href":"https:\/\/www.csj-emballages.com\/de\/wp-json\/wp\/v2\/product_tag?post=262904"}],"curies":[{"name":"wp","href":"https:\/\/api.w.org\/{rel}","templated":true}]}}