{"id":261961,"date":"2026-01-21T15:18:20","date_gmt":"2026-01-21T14:18:20","guid":{"rendered":"https:\/\/www.csj-emballages.com\/produit\/weisser-pappbecher-27-cl-50-stueck\/"},"modified":"2026-04-27T08:00:35","modified_gmt":"2026-04-27T06:00:35","slug":"weisser-pappbecher-27-cl-50-stueck","status":"publish","type":"product","link":"https:\/\/www.csj-emballages.com\/de\/produit\/weisser-pappbecher-27-cl-50-stueck\/","title":{"rendered":"Wei\u00dfer Pappbecher 27 cl, 50 St\u00fcck"},"content":{"rendered":"<h2>Pappbecher<\/h2>\n<hr>\n<h3>Entdecken Sie unseren wei\u00dfen Pappbecher 27 cl im 50er-Pack<\/h3>\n<p><!--more--><\/p>\n<p data-start=\"256\" data-end=\"584\">Wenn man einen zuverl\u00e4ssigen, vielseitigen und einfach zu handhabenden <strong>Becher<\/strong> ben\u00f6tigt, erf\u00fcllt dieser <strong data-start=\"334\" data-end=\"364\">wei\u00dfe Pappbecher 27 cl<\/strong> eindeutig seinen Zweck. Weder zu klein noch zu gro\u00df, eignet er sich gleicherma\u00dfen f\u00fcr einen <strong>Caf\u00e9 Cr\u00e8me, einen Tee, ein Kaltgetr\u00e4nk oder sogar Wasser<\/strong>. Es ist das ideale Format f\u00fcr den t\u00e4glichen Gebrauch, ohne sich Gedanken machen zu m\u00fcssen.  <\/p>\n<p data-start=\"586\" data-end=\"925\">Sein <strong>wei\u00dfes<\/strong>, schlichtes und sauberes Design f\u00fcgt sich \u00fcberall ein. Ob im B\u00fcro, bei einer Veranstaltung, in einem Imbiss, einem Verein oder einem Take-away-Verkaufspunkt, er bleibt diskret und wirkt dabei seri\u00f6s. Diese Einfachheit ist \u00fcbrigens ein echter Vorteil: keine vorgegebenen Grafiken, keine \u00dcberladung, einfach ein <strong>Becher<\/strong>, der sich auf das Wesentliche konzentriert.  <\/p>\n<p data-start=\"927\" data-end=\"1278\">In puncto Handhabung liegt er angenehm in der Hand und ist ausreichend stabil, um unangenehme \u00dcberraschungen zu vermeiden. Sie k\u00f6nnen ihn schnell bef\u00fcllen, abstellen, transportieren\u2026 er bleibt stabil und praktisch. Und da er <strong data-start=\"1141\" data-end=\"1158\">im 50er-Pack<\/strong> verkauft wird, ist er perfekt, um eine kleine Veranstaltung zu organisieren, einen Pausenraum auszustatten oder einen Vorrat aufzuf\u00fcllen, ohne Platz zu beanspruchen.  <\/p>\n<p data-start=\"1280\" data-end=\"1565\">Ein weiterer Pluspunkt: Dieser <strong>wei\u00dfe Pappbecher<\/strong> entspricht den geltenden Normen mit seiner sichtbaren Kennzeichnung, was Ihnen erm\u00f6glicht, ihn bedenkenlos im professionellen Umfeld einzusetzen. Sie gewinnen somit an Sicherheit, w\u00e4hrend Sie Ihren Kunden oder Mitarbeitern eine einfache und effiziente L\u00f6sung bieten. <\/p>\n<p data-start=\"1567\" data-end=\"1753\">Zusammenfassend l\u00e4sst sich sagen, ist dieser <strong>wei\u00dfe Pappbecher 27 cl<\/strong> ein unverzichtbarer Alltagshelfer. Er gibt sich nicht mit \u00dcberfl\u00fcssigem ab, \u00fcberzeugt aber bei jeder Nutzung durch Effizienz und Einfachheit. <\/p>\n<p data-start=\"1567\" data-end=\"1753\"><!--more--><\/p>\n<h4 data-start=\"1567\" data-end=\"1753\">Vorteile :<\/h4>\n<ul>\n<li data-start=\"1782\" data-end=\"1825\">Praktisches Format von <strong>27 cl<\/strong>, sehr vielseitig<\/li>\n<li data-start=\"1828\" data-end=\"1866\">Neutrales wei\u00dfes und vielseitig einsetzbares Design<\/li>\n<li data-start=\"1869\" data-end=\"1890\">Liegt gut in der Hand<\/li>\n<li data-start=\"1893\" data-end=\"1933\">Geeignet f\u00fcr Hei\u00df- und Kaltgetr\u00e4nke<\/li>\n<li data-start=\"1936\" data-end=\"1988\"><strong>50er-Pack<\/strong>, ideal f\u00fcr kleinere Bedarfe oder Veranstaltungen.<\/li>\n<\/ul>\n<p>&nbsp;<\/p>\n<p><!--more--><\/p>\n<h4>Weitere Informationen :<\/h4>\n<ul>\n<li><strong>Verpackung<\/strong>: Packung mit 50 St\u00fcck<\/li>\n<li><strong>Oberer Durchmesser<\/strong>: 78 mm<\/li>\n<li><strong>Unterer Durchmesser<\/strong>: 55 mm<\/li>\n<li><strong>H\u00f6he<\/strong>: 87 mm<\/li>\n<li><strong>Volumen<\/strong>: 27 cl<\/li>\n<li><strong>Material<\/strong>: Karton<\/li>\n<li><strong>Farbe<\/strong>: Wei\u00df<\/li>\n<li>Enth\u00e4lt eine PE-Folie auf der Innenseite<\/li>\n<\/ul>\n<p>&nbsp;<\/p>\n<p><!--more--><\/p>\n<p>Hier finden Sie die Deckel, die f\u00fcr diese Becher entwickelt wurden: <span style=\"color: #d12727;\"><a style=\"color: #d12727;\" href=\"https:\/\/www.csj-emballages.com\/produit\/50-couvercles-papier-pour-gobelets-24-cl-378bla-378geb-378ge-378bio-378k\/\">C378P<\/a><\/span><\/p>\n<p>&nbsp;<\/p>\n<p><!--more--><\/p>\n<p><a href=\"https:\/\/www.csj-emballages.com\/de\/categorie-produit\/lebensmittelverpackungen\/lagerbestande-promotion\/\">Entdecken Sie unser gesamtes Abverkaufs-Sortiment<\/a><\/p>\n","protected":false},"excerpt":{"rendered":"<p>Pappbecher Entdecken Sie unseren wei\u00dfen Pappbecher 27 cl im 50er-Pack<\/p>\n","protected":false},"featured_media":261954,"template":"","meta":{"_acf_changed":false},"product_brand":[],"product_cat":[1137,1265],"product_tag":[],"class_list":{"0":"post-261961","1":"product","2":"type-product","3":"status-publish","4":"has-post-thumbnail","6":"product_cat-lebensmittelverpackungen","7":"product_cat-lagerbestande-promotion","9":"first","10":"instock","11":"sale","12":"taxable","13":"shipping-taxable","14":"purchasable","15":"product-type-simple"},"acf":[],"yoast_head":"<!-- This site is optimized with the Yoast SEO Premium plugin v26.6 (Yoast SEO v26.6) - https:\/\/yoast.com\/wordpress\/plugins\/seo\/ -->\n<title>Wei\u00dfer Pappbecher 27 cl, 50 St\u00fcck<\/title>\n<meta name=\"description\" content=\"Wei\u00dfer Pappbecher 27 cl, im 50er-Pack erh\u00e4ltlich. Praktisches Format, schlichtes Design und einfache Handhabung f\u00fcr Hei\u00df- oder Kaltgetr\u00e4nke im professionellen oder Event-Bereich.\" \/>\n<meta name=\"robots\" content=\"index, follow, max-snippet:-1, max-image-preview:large, max-video-preview:-1\" \/>\n<link rel=\"canonical\" href=\"https:\/\/www.csj-emballages.com\/de\/produit\/weisser-pappbecher-27-cl-50-stueck\/\" \/>\n<meta property=\"og:locale\" content=\"de_DE\" \/>\n<meta property=\"og:type\" content=\"article\" \/>\n<meta property=\"og:title\" content=\"Wei\u00dfer Pappbecher 27 cl, 50 St\u00fcck\" \/>\n<meta property=\"og:description\" content=\"Wei\u00dfer Pappbecher 27 cl, im 50er-Pack erh\u00e4ltlich. Praktisches Format, schlichtes Design und einfache Handhabung f\u00fcr Hei\u00df- oder Kaltgetr\u00e4nke im professionellen oder Event-Bereich.\" \/>\n<meta property=\"og:url\" content=\"https:\/\/www.csj-emballages.com\/de\/produit\/weisser-pappbecher-27-cl-50-stueck\/\" \/>\n<meta property=\"og:site_name\" content=\"CSJ Emballages\" \/>\n<meta property=\"article:publisher\" content=\"https:\/\/www.facebook.com\/csjemballages\" \/>\n<meta property=\"article:modified_time\" content=\"2026-04-27T06:00:35+00:00\" \/>\n<meta property=\"og:image\" content=\"https:\/\/www.csj-emballages.com\/wp-content\/uploads\/2026\/01\/378DES.webp\" \/>\n\t<meta property=\"og:image:width\" content=\"800\" \/>\n\t<meta property=\"og:image:height\" content=\"800\" \/>\n\t<meta property=\"og:image:type\" content=\"image\/webp\" \/>\n<meta name=\"twitter:card\" content=\"summary_large_image\" \/>\n<meta name=\"twitter:label1\" content=\"Gesch\u00e4tzte Lesezeit\" \/>\n\t<meta name=\"twitter:data1\" content=\"2 Minuten\" \/>\n<script type=\"application\/ld+json\" class=\"yoast-schema-graph\">{\"@context\":\"https:\/\/schema.org\",\"@graph\":[{\"@type\":\"WebPage\",\"@id\":\"https:\/\/www.csj-emballages.com\/de\/produit\/weisser-pappbecher-27-cl-50-stueck\/\",\"url\":\"https:\/\/www.csj-emballages.com\/de\/produit\/weisser-pappbecher-27-cl-50-stueck\/\",\"name\":\"Wei\u00dfer Pappbecher 27 cl, 50 St\u00fcck\",\"isPartOf\":{\"@id\":\"https:\/\/www.csj-emballages.com\/de\/#website\"},\"primaryImageOfPage\":{\"@id\":\"https:\/\/www.csj-emballages.com\/de\/produit\/weisser-pappbecher-27-cl-50-stueck\/#primaryimage\"},\"image\":{\"@id\":\"https:\/\/www.csj-emballages.com\/de\/produit\/weisser-pappbecher-27-cl-50-stueck\/#primaryimage\"},\"thumbnailUrl\":\"https:\/\/www.csj-emballages.com\/wp-content\/uploads\/2026\/01\/378DES.webp\",\"datePublished\":\"2026-01-21T14:18:20+00:00\",\"dateModified\":\"2026-04-27T06:00:35+00:00\",\"description\":\"Wei\u00dfer Pappbecher 27 cl, im 50er-Pack erh\u00e4ltlich. Praktisches Format, schlichtes Design und einfache Handhabung f\u00fcr Hei\u00df- oder Kaltgetr\u00e4nke im professionellen oder Event-Bereich.\",\"breadcrumb\":{\"@id\":\"https:\/\/www.csj-emballages.com\/de\/produit\/weisser-pappbecher-27-cl-50-stueck\/#breadcrumb\"},\"inLanguage\":\"de\",\"potentialAction\":[{\"@type\":\"ReadAction\",\"target\":[\"https:\/\/www.csj-emballages.com\/de\/produit\/weisser-pappbecher-27-cl-50-stueck\/\"]}]},{\"@type\":\"ImageObject\",\"inLanguage\":\"de\",\"@id\":\"https:\/\/www.csj-emballages.com\/de\/produit\/weisser-pappbecher-27-cl-50-stueck\/#primaryimage\",\"url\":\"https:\/\/www.csj-emballages.com\/wp-content\/uploads\/2026\/01\/378DES.webp\",\"contentUrl\":\"https:\/\/www.csj-emballages.com\/wp-content\/uploads\/2026\/01\/378DES.webp\",\"width\":800,\"height\":800,\"caption\":\"Gobelet carton\"},{\"@type\":\"BreadcrumbList\",\"@id\":\"https:\/\/www.csj-emballages.com\/de\/produit\/weisser-pappbecher-27-cl-50-stueck\/#breadcrumb\",\"itemListElement\":[{\"@type\":\"ListItem\",\"position\":1,\"name\":\"Accueil\",\"item\":\"https:\/\/www.csj-emballages.com\/de\/universum-lebensmittelverpackungen\/\"},{\"@type\":\"ListItem\",\"position\":2,\"name\":\"Shop\",\"item\":\"https:\/\/www.csj-emballages.com\/shop\/\"},{\"@type\":\"ListItem\",\"position\":3,\"name\":\"Wei\u00dfer Pappbecher 27 cl, 50 St\u00fcck\"}]},{\"@type\":\"WebSite\",\"@id\":\"https:\/\/www.csj-emballages.com\/de\/#website\",\"url\":\"https:\/\/www.csj-emballages.com\/de\/\",\"name\":\"CSJ Emballages\",\"description\":\"\",\"publisher\":{\"@id\":\"https:\/\/www.csj-emballages.com\/de\/#organization\"},\"potentialAction\":[{\"@type\":\"SearchAction\",\"target\":{\"@type\":\"EntryPoint\",\"urlTemplate\":\"https:\/\/www.csj-emballages.com\/de\/?s={search_term_string}\"},\"query-input\":{\"@type\":\"PropertyValueSpecification\",\"valueRequired\":true,\"valueName\":\"search_term_string\"}}],\"inLanguage\":\"de\"},{\"@type\":\"Organization\",\"@id\":\"https:\/\/www.csj-emballages.com\/de\/#Organization\/\",\"name\":\"CSJ Emballages\",\"url\":\"https:\/\/www.csj-emballages.com\/de\/\",\"logo\":{\"@type\":\"ImageObject\",\"inLanguage\":\"de\",\"@id\":\"https:\/\/www.csj-emballages.com\/de\/#\/schema\/logo\/image\/\",\"url\":\"https:\/\/www.csj-emballages.com\/wp-content\/uploads\/2023\/10\/logo_csj.webp\",\"contentUrl\":\"https:\/\/www.csj-emballages.com\/wp-content\/uploads\/2023\/10\/logo_csj.webp\",\"width\":250,\"height\":95,\"caption\":\"CSJ Emballages\"},\"image\":{\"@id\":\"https:\/\/www.csj-emballages.com\/de\/#\/schema\/logo\/image\/\"},\"sameAs\":[\"https:\/\/www.facebook.com\/csjemballages\"],\"address\":{\"@type\":\"PostalAddress\",\"streetAddress\":\"ZI La Lechere\",\"addressLocality\":\"Patornay\",\"postalCode\":\"39130\",\"addressCountry\":\"FR\"},\"contactPoint\":[{\"@type\":\"ContactPoint\",\"contactType\":\"Service client\",\"telephone\":\"0384254272\",\"email\":\"contact@csj-emballages.com\"}]}]}<\/script>\n<!-- \/ Yoast SEO Premium plugin. -->","yoast_head_json":{"title":"Wei\u00dfer Pappbecher 27 cl, 50 St\u00fcck","description":"Wei\u00dfer Pappbecher 27 cl, im 50er-Pack erh\u00e4ltlich. Praktisches Format, schlichtes Design und einfache Handhabung f\u00fcr Hei\u00df- oder Kaltgetr\u00e4nke im professionellen oder Event-Bereich.","robots":{"index":"index","follow":"follow","max-snippet":"max-snippet:-1","max-image-preview":"max-image-preview:large","max-video-preview":"max-video-preview:-1"},"canonical":"https:\/\/www.csj-emballages.com\/de\/produit\/weisser-pappbecher-27-cl-50-stueck\/","og_locale":"de_DE","og_type":"article","og_title":"Wei\u00dfer Pappbecher 27 cl, 50 St\u00fcck","og_description":"Wei\u00dfer Pappbecher 27 cl, im 50er-Pack erh\u00e4ltlich. Praktisches Format, schlichtes Design und einfache Handhabung f\u00fcr Hei\u00df- oder Kaltgetr\u00e4nke im professionellen oder Event-Bereich.","og_url":"https:\/\/www.csj-emballages.com\/de\/produit\/weisser-pappbecher-27-cl-50-stueck\/","og_site_name":"CSJ Emballages","article_publisher":"https:\/\/www.facebook.com\/csjemballages","article_modified_time":"2026-04-27T06:00:35+00:00","og_image":[{"width":800,"height":800,"url":"https:\/\/www.csj-emballages.com\/wp-content\/uploads\/2026\/01\/378DES.webp","type":"image\/webp"}],"twitter_card":"summary_large_image","twitter_misc":{"Gesch\u00e4tzte Lesezeit":"2 Minuten"},"schema":{"@context":"https:\/\/schema.org","@graph":[{"@type":"WebPage","@id":"https:\/\/www.csj-emballages.com\/de\/produit\/weisser-pappbecher-27-cl-50-stueck\/","url":"https:\/\/www.csj-emballages.com\/de\/produit\/weisser-pappbecher-27-cl-50-stueck\/","name":"Wei\u00dfer Pappbecher 27 cl, 50 St\u00fcck","isPartOf":{"@id":"https:\/\/www.csj-emballages.com\/de\/#website"},"primaryImageOfPage":{"@id":"https:\/\/www.csj-emballages.com\/de\/produit\/weisser-pappbecher-27-cl-50-stueck\/#primaryimage"},"image":{"@id":"https:\/\/www.csj-emballages.com\/de\/produit\/weisser-pappbecher-27-cl-50-stueck\/#primaryimage"},"thumbnailUrl":"https:\/\/www.csj-emballages.com\/wp-content\/uploads\/2026\/01\/378DES.webp","datePublished":"2026-01-21T14:18:20+00:00","dateModified":"2026-04-27T06:00:35+00:00","description":"Wei\u00dfer Pappbecher 27 cl, im 50er-Pack erh\u00e4ltlich. Praktisches Format, schlichtes Design und einfache Handhabung f\u00fcr Hei\u00df- oder Kaltgetr\u00e4nke im professionellen oder Event-Bereich.","breadcrumb":{"@id":"https:\/\/www.csj-emballages.com\/de\/produit\/weisser-pappbecher-27-cl-50-stueck\/#breadcrumb"},"inLanguage":"de","potentialAction":[{"@type":"ReadAction","target":["https:\/\/www.csj-emballages.com\/de\/produit\/weisser-pappbecher-27-cl-50-stueck\/"]}]},{"@type":"ImageObject","inLanguage":"de","@id":"https:\/\/www.csj-emballages.com\/de\/produit\/weisser-pappbecher-27-cl-50-stueck\/#primaryimage","url":"https:\/\/www.csj-emballages.com\/wp-content\/uploads\/2026\/01\/378DES.webp","contentUrl":"https:\/\/www.csj-emballages.com\/wp-content\/uploads\/2026\/01\/378DES.webp","width":800,"height":800,"caption":"Gobelet carton"},{"@type":"BreadcrumbList","@id":"https:\/\/www.csj-emballages.com\/de\/produit\/weisser-pappbecher-27-cl-50-stueck\/#breadcrumb","itemListElement":[{"@type":"ListItem","position":1,"name":"Accueil","item":"https:\/\/www.csj-emballages.com\/de\/universum-lebensmittelverpackungen\/"},{"@type":"ListItem","position":2,"name":"Shop","item":"https:\/\/www.csj-emballages.com\/shop\/"},{"@type":"ListItem","position":3,"name":"Wei\u00dfer Pappbecher 27 cl, 50 St\u00fcck"}]},{"@type":"WebSite","@id":"https:\/\/www.csj-emballages.com\/de\/#website","url":"https:\/\/www.csj-emballages.com\/de\/","name":"CSJ Emballages","description":"","publisher":{"@id":"https:\/\/www.csj-emballages.com\/de\/#organization"},"potentialAction":[{"@type":"SearchAction","target":{"@type":"EntryPoint","urlTemplate":"https:\/\/www.csj-emballages.com\/de\/?s={search_term_string}"},"query-input":{"@type":"PropertyValueSpecification","valueRequired":true,"valueName":"search_term_string"}}],"inLanguage":"de"},{"@type":"Organization","@id":"https:\/\/www.csj-emballages.com\/de\/#Organization\/","name":"CSJ Emballages","url":"https:\/\/www.csj-emballages.com\/de\/","logo":{"@type":"ImageObject","inLanguage":"de","@id":"https:\/\/www.csj-emballages.com\/de\/#\/schema\/logo\/image\/","url":"https:\/\/www.csj-emballages.com\/wp-content\/uploads\/2023\/10\/logo_csj.webp","contentUrl":"https:\/\/www.csj-emballages.com\/wp-content\/uploads\/2023\/10\/logo_csj.webp","width":250,"height":95,"caption":"CSJ Emballages"},"image":{"@id":"https:\/\/www.csj-emballages.com\/de\/#\/schema\/logo\/image\/"},"sameAs":["https:\/\/www.facebook.com\/csjemballages"],"address":{"@type":"PostalAddress","streetAddress":"ZI La Lechere","addressLocality":"Patornay","postalCode":"39130","addressCountry":"FR"},"contactPoint":[{"@type":"ContactPoint","contactType":"Service client","telephone":"0384254272","email":"contact@csj-emballages.com"}]}]}},"df_price":1.27,"df_sale_price":1.27,"df_regular_price":1.81,"df_image_link":"https:\/\/www.csj-emballages.com\/wp-content\/uploads\/2026\/01\/378DES-300x300.webp","tiered_pricing_type":"fixed","tiered_pricing_fixed_rules":[],"tiered_pricing_percentage_rules":[],"tiered_pricing_minimum":1,"tiered_pricing_roles_data":[],"_links":{"self":[{"href":"https:\/\/www.csj-emballages.com\/de\/wp-json\/wp\/v2\/product\/261961","targetHints":{"allow":["GET"]}}],"collection":[{"href":"https:\/\/www.csj-emballages.com\/de\/wp-json\/wp\/v2\/product"}],"about":[{"href":"https:\/\/www.csj-emballages.com\/de\/wp-json\/wp\/v2\/types\/product"}],"wp:featuredmedia":[{"embeddable":true,"href":"https:\/\/www.csj-emballages.com\/de\/wp-json\/wp\/v2\/media\/261954"}],"wp:attachment":[{"href":"https:\/\/www.csj-emballages.com\/de\/wp-json\/wp\/v2\/media?parent=261961"}],"wp:term":[{"taxonomy":"product_brand","embeddable":true,"href":"https:\/\/www.csj-emballages.com\/de\/wp-json\/wp\/v2\/product_brand?post=261961"},{"taxonomy":"product_cat","embeddable":true,"href":"https:\/\/www.csj-emballages.com\/de\/wp-json\/wp\/v2\/product_cat?post=261961"},{"taxonomy":"product_tag","embeddable":true,"href":"https:\/\/www.csj-emballages.com\/de\/wp-json\/wp\/v2\/product_tag?post=261961"}],"curies":[{"name":"wp","href":"https:\/\/api.w.org\/{rel}","templated":true}]}}