{"id":259991,"date":"2025-12-15T15:18:20","date_gmt":"2025-12-15T14:18:20","guid":{"rendered":"https:\/\/www.csj-emballages.com\/produit\/longdrinkglas-aus-kunststoff-20-cl-10er-pack\/"},"modified":"2026-03-27T02:18:03","modified_gmt":"2026-03-27T01:18:03","slug":"longdrinkglas-aus-kunststoff-20-cl-10er-pack","status":"publish","type":"product","link":"https:\/\/www.csj-emballages.com\/de\/produit\/longdrinkglas-aus-kunststoff-20-cl-10er-pack\/","title":{"rendered":"Longdrinkglas aus Kunststoff, 20 cl, 10er-Pack"},"content":{"rendered":"<h2>Longdrinkglas<\/h2>\n<hr>\n<h3>Entdecken Sie unser Longdrinkglas aus Kunststoff, 20 cl, im 10er-Pack.<\/h3>\n<p><!--more--><\/p>\n<p data-start=\"240\" data-end=\"613\">Wenn Sie ein <strong>praktisches<\/strong>, vielseitiges und einfach zu handhabendes <strong>Glas<\/strong> ben\u00f6tigen, ist dieses <strong data-start=\"318\" data-end=\"354\">Longdrinkglas aus Kunststoff, 20 cl<\/strong>, genau das Richtige. Sein schlankes Format liegt gut in der Hand und eignet sich f\u00fcr alle allt\u00e4glichen Anwendungen: <strong>Kaltgetr\u00e4nke<\/strong>, <strong>Limonaden<\/strong>, <strong>S\u00e4fte<\/strong>, einfache <strong>Cocktails<\/strong> oder sogar aromatisiertes Wasser. Es passt sowohl in ein professionelles Umfeld als auch zu entspannteren Anl\u00e4ssen.  <\/p>\n<p data-start=\"615\" data-end=\"973\">Sein <strong>transparentes Aussehen<\/strong> sorgt f\u00fcr eine saubere und gepflegte Optik, \u00e4hnlich wie bei klassischem <strong>Glas<\/strong>, jedoch ohne das Risiko von Bruch. Servieren, abstellen, weitergehen\u2026 ganz ohne Stress. Gerade das macht es ideal f\u00fcr Bars, Food-Trucks, Empf\u00e4nge, Partys oder Outdoor-Veranstaltungen. Sie gewinnen an Gelassenheit und bewahren gleichzeitig eine ansprechende Pr\u00e4sentation.   <\/p>\n<p data-start=\"975\" data-end=\"1279\">Mit einem Fassungsverm\u00f6gen von <strong data-start=\"997\" data-end=\"1006\">20 cl<\/strong> erm\u00f6glicht dieses <strong>Cocktailglas<\/strong> ein einfaches Dosieren von Getr\u00e4nken und vermeidet gleichzeitig Verschwendung. Zudem erleichtert seine <strong>gerade Form<\/strong> die Lagerung und das Stapeln: Die <strong>Gl\u00e4ser<\/strong> lassen sich leicht stapeln und nehmen wenig Platz ein. Ein echter Vorteil, wenn der Platz begrenzt ist oder ein schneller Service erforderlich ist.  <\/p>\n<p data-start=\"1281\" data-end=\"1552\"><strong data-start=\"1287\" data-end=\"1304\">Im 10er-Pack<\/strong> verkauft, ist dieses Format perfekt, um den Bestand aufzuf\u00fcllen, eine kleine Feier auszustatten oder einen neuen Bedarf zu testen, ohne die Lager zu \u00fcberlasten. Einfach, effizient und vielseitig passt sich dieses <strong>Longdrinkglas<\/strong> jeder Situation an, ohne die Organisation zu erschweren. <\/p>\n<p data-start=\"1554\" data-end=\"1652\">Zusammenfassend ist dies eine zuverl\u00e4ssige L\u00f6sung, um schnell, sauber und ohne b\u00f6se \u00dcberraschungen zu servieren.<\/p>\n<p data-start=\"1554\" data-end=\"1652\"><!--more--><\/p>\n<h4 data-start=\"1554\" data-end=\"1652\">Vorteile :<\/h4>\n<ul>\n<li data-start=\"1680\" data-end=\"1724\">Modernes und vielseitiges <strong>Longdrink-Format<\/strong>.<\/li>\n<li data-start=\"1727\" data-end=\"1770\">Widerstandsf\u00e4higer Kunststoff, bruchsicher.<\/li>\n<li data-start=\"1773\" data-end=\"1801\">Ideales Fassungsverm\u00f6gen von <strong>20 cl<\/strong>.<\/li>\n<li data-start=\"1804\" data-end=\"1847\">Transparent f\u00fcr eine gepflegte Pr\u00e4sentation.<\/li>\n<li data-start=\"1850\" data-end=\"1881\">Stapelbar und leicht zu lagern.<\/li>\n<li data-start=\"1884\" data-end=\"1911\">Praktische Packung mit <strong>10 St\u00fcck<\/strong>.<\/li>\n<\/ul>\n<p>&nbsp;<\/p>\n<p><!--more--><\/p>\n<h4>Weitere Informationen :<\/h4>\n<ul>\n<li><strong>Verpackung<\/strong>: Packung mit 10 St\u00fcck<\/li>\n<li><strong>Durchmesser<\/strong>: 60 mm<\/li>\n<li><strong>H\u00f6he<\/strong>: 103 mm<\/li>\n<li><strong>Volumen<\/strong>: 20 cl<\/li>\n<li><strong>Farbe<\/strong>: Farblos<\/li>\n<li><strong>Material<\/strong>: PS (Polystyrol)<\/li>\n<\/ul>\n<p>&nbsp;<\/p>\n<p><!--more--><\/p>\n<p>Dieses Longdrinkglas ist auch in 30 cl erh\u00e4ltlich: <span style=\"color: #d12727;\"><a style=\"color: #d12727;\" href=\"https:\/\/www.csj-emballages.com\/es\/produit\/vaso-de-tubo-de-plastico-de-30-cl-pack-de-10\/\">VL30<\/a><\/span><\/p>\n<p>&nbsp;<\/p>\n<p><!--more--><\/p>\n<p><a href=\"https:\/\/www.csj-emballages.com\/de\/categorie-produit\/lebensmittelverpackungen\/wiederverwendbares-geschirr\/\">Sehen Sie sich den Rest unseres Sortiments an wiederverwendbarem Geschirr an.<\/a><\/p>\n","protected":false},"excerpt":{"rendered":"<p>Longdrinkglas Entdecken Sie unser Longdrinkglas aus Kunststoff, 20 cl, im 10er-Pack.<\/p>\n","protected":false},"featured_media":259981,"template":"","meta":{"_acf_changed":false},"product_brand":[],"product_cat":[1137,6726],"product_tag":[],"class_list":{"0":"post-259991","1":"product","2":"type-product","3":"status-publish","4":"has-post-thumbnail","6":"product_cat-lebensmittelverpackungen","7":"product_cat-wiederverwendbares-geschirr","9":"first","10":"instock","11":"taxable","12":"shipping-taxable","13":"purchasable","14":"product-type-simple"},"acf":[],"yoast_head":"<!-- This site is optimized with the Yoast SEO Premium plugin v26.6 (Yoast SEO v26.6) - https:\/\/yoast.com\/wordpress\/plugins\/seo\/ -->\n<title>Longdrinkglas aus Kunststoff, 20 cl, 10er-Pack<\/title>\n<meta name=\"description\" content=\"Longdrinkglas aus Kunststoff, 20 cl, im 10er-Pack. Transparent, widerstandsf\u00e4hig und praktisch, ideal f\u00fcr Kaltgetr\u00e4nke, Veranstaltungen und schnellen Service.\" \/>\n<meta name=\"robots\" content=\"index, follow, max-snippet:-1, max-image-preview:large, max-video-preview:-1\" \/>\n<link rel=\"canonical\" href=\"https:\/\/www.csj-emballages.com\/de\/produit\/longdrinkglas-aus-kunststoff-20-cl-10er-pack\/\" \/>\n<meta property=\"og:locale\" content=\"de_DE\" \/>\n<meta property=\"og:type\" content=\"article\" \/>\n<meta property=\"og:title\" content=\"Longdrinkglas aus Kunststoff, 20 cl, 10er-Pack\" \/>\n<meta property=\"og:description\" content=\"Longdrinkglas aus Kunststoff, 20 cl, im 10er-Pack. Transparent, widerstandsf\u00e4hig und praktisch, ideal f\u00fcr Kaltgetr\u00e4nke, Veranstaltungen und schnellen Service.\" \/>\n<meta property=\"og:url\" content=\"https:\/\/www.csj-emballages.com\/de\/produit\/longdrinkglas-aus-kunststoff-20-cl-10er-pack\/\" \/>\n<meta property=\"og:site_name\" content=\"CSJ Emballages\" \/>\n<meta property=\"article:publisher\" content=\"https:\/\/www.facebook.com\/csjemballages\" \/>\n<meta property=\"article:modified_time\" content=\"2026-03-27T01:18:03+00:00\" \/>\n<meta property=\"og:image\" content=\"https:\/\/www.csj-emballages.com\/wp-content\/uploads\/2025\/12\/VL-20.webp\" \/>\n\t<meta property=\"og:image:width\" content=\"800\" \/>\n\t<meta property=\"og:image:height\" content=\"800\" \/>\n\t<meta property=\"og:image:type\" content=\"image\/webp\" \/>\n<meta name=\"twitter:card\" content=\"summary_large_image\" \/>\n<meta name=\"twitter:label1\" content=\"Gesch\u00e4tzte Lesezeit\" \/>\n\t<meta name=\"twitter:data1\" content=\"2 Minuten\" \/>\n<script type=\"application\/ld+json\" class=\"yoast-schema-graph\">{\"@context\":\"https:\/\/schema.org\",\"@graph\":[{\"@type\":\"WebPage\",\"@id\":\"https:\/\/www.csj-emballages.com\/de\/produit\/longdrinkglas-aus-kunststoff-20-cl-10er-pack\/\",\"url\":\"https:\/\/www.csj-emballages.com\/de\/produit\/longdrinkglas-aus-kunststoff-20-cl-10er-pack\/\",\"name\":\"Longdrinkglas aus Kunststoff, 20 cl, 10er-Pack\",\"isPartOf\":{\"@id\":\"https:\/\/www.csj-emballages.com\/de\/#website\"},\"primaryImageOfPage\":{\"@id\":\"https:\/\/www.csj-emballages.com\/de\/produit\/longdrinkglas-aus-kunststoff-20-cl-10er-pack\/#primaryimage\"},\"image\":{\"@id\":\"https:\/\/www.csj-emballages.com\/de\/produit\/longdrinkglas-aus-kunststoff-20-cl-10er-pack\/#primaryimage\"},\"thumbnailUrl\":\"https:\/\/www.csj-emballages.com\/wp-content\/uploads\/2025\/12\/VL-20.webp\",\"datePublished\":\"2025-12-15T14:18:20+00:00\",\"dateModified\":\"2026-03-27T01:18:03+00:00\",\"description\":\"Longdrinkglas aus Kunststoff, 20 cl, im 10er-Pack. Transparent, widerstandsf\u00e4hig und praktisch, ideal f\u00fcr Kaltgetr\u00e4nke, Veranstaltungen und schnellen Service.\",\"breadcrumb\":{\"@id\":\"https:\/\/www.csj-emballages.com\/de\/produit\/longdrinkglas-aus-kunststoff-20-cl-10er-pack\/#breadcrumb\"},\"inLanguage\":\"de\",\"potentialAction\":[{\"@type\":\"ReadAction\",\"target\":[\"https:\/\/www.csj-emballages.com\/de\/produit\/longdrinkglas-aus-kunststoff-20-cl-10er-pack\/\"]}]},{\"@type\":\"ImageObject\",\"inLanguage\":\"de\",\"@id\":\"https:\/\/www.csj-emballages.com\/de\/produit\/longdrinkglas-aus-kunststoff-20-cl-10er-pack\/#primaryimage\",\"url\":\"https:\/\/www.csj-emballages.com\/wp-content\/uploads\/2025\/12\/VL-20.webp\",\"contentUrl\":\"https:\/\/www.csj-emballages.com\/wp-content\/uploads\/2025\/12\/VL-20.webp\",\"width\":800,\"height\":800,\"caption\":\"Verre long drink\"},{\"@type\":\"BreadcrumbList\",\"@id\":\"https:\/\/www.csj-emballages.com\/de\/produit\/longdrinkglas-aus-kunststoff-20-cl-10er-pack\/#breadcrumb\",\"itemListElement\":[{\"@type\":\"ListItem\",\"position\":1,\"name\":\"Accueil\",\"item\":\"https:\/\/www.csj-emballages.com\/de\/universum-lebensmittelverpackungen\/\"},{\"@type\":\"ListItem\",\"position\":2,\"name\":\"Shop\",\"item\":\"https:\/\/www.csj-emballages.com\/shop\/\"},{\"@type\":\"ListItem\",\"position\":3,\"name\":\"Longdrinkglas aus Kunststoff, 20 cl, 10er-Pack\"}]},{\"@type\":\"WebSite\",\"@id\":\"https:\/\/www.csj-emballages.com\/de\/#website\",\"url\":\"https:\/\/www.csj-emballages.com\/de\/\",\"name\":\"CSJ Emballages\",\"description\":\"\",\"publisher\":{\"@id\":\"https:\/\/www.csj-emballages.com\/de\/#organization\"},\"potentialAction\":[{\"@type\":\"SearchAction\",\"target\":{\"@type\":\"EntryPoint\",\"urlTemplate\":\"https:\/\/www.csj-emballages.com\/de\/?s={search_term_string}\"},\"query-input\":{\"@type\":\"PropertyValueSpecification\",\"valueRequired\":true,\"valueName\":\"search_term_string\"}}],\"inLanguage\":\"de\"},{\"@type\":\"Organization\",\"@id\":\"https:\/\/www.csj-emballages.com\/de\/#Organization\/\",\"name\":\"CSJ Emballages\",\"url\":\"https:\/\/www.csj-emballages.com\/de\/\",\"logo\":{\"@type\":\"ImageObject\",\"inLanguage\":\"de\",\"@id\":\"https:\/\/www.csj-emballages.com\/de\/#\/schema\/logo\/image\/\",\"url\":\"https:\/\/www.csj-emballages.com\/wp-content\/uploads\/2023\/10\/logo_csj.webp\",\"contentUrl\":\"https:\/\/www.csj-emballages.com\/wp-content\/uploads\/2023\/10\/logo_csj.webp\",\"width\":250,\"height\":95,\"caption\":\"CSJ Emballages\"},\"image\":{\"@id\":\"https:\/\/www.csj-emballages.com\/de\/#\/schema\/logo\/image\/\"},\"sameAs\":[\"https:\/\/www.facebook.com\/csjemballages\"],\"address\":{\"@type\":\"PostalAddress\",\"streetAddress\":\"ZI La Lechere\",\"addressLocality\":\"Patornay\",\"postalCode\":\"39130\",\"addressCountry\":\"FR\"},\"contactPoint\":[{\"@type\":\"ContactPoint\",\"contactType\":\"Service client\",\"telephone\":\"0384254272\",\"email\":\"contact@csj-emballages.com\"}]}]}<\/script>\n<!-- \/ Yoast SEO Premium plugin. -->","yoast_head_json":{"title":"Longdrinkglas aus Kunststoff, 20 cl, 10er-Pack","description":"Longdrinkglas aus Kunststoff, 20 cl, im 10er-Pack. Transparent, widerstandsf\u00e4hig und praktisch, ideal f\u00fcr Kaltgetr\u00e4nke, Veranstaltungen und schnellen Service.","robots":{"index":"index","follow":"follow","max-snippet":"max-snippet:-1","max-image-preview":"max-image-preview:large","max-video-preview":"max-video-preview:-1"},"canonical":"https:\/\/www.csj-emballages.com\/de\/produit\/longdrinkglas-aus-kunststoff-20-cl-10er-pack\/","og_locale":"de_DE","og_type":"article","og_title":"Longdrinkglas aus Kunststoff, 20 cl, 10er-Pack","og_description":"Longdrinkglas aus Kunststoff, 20 cl, im 10er-Pack. Transparent, widerstandsf\u00e4hig und praktisch, ideal f\u00fcr Kaltgetr\u00e4nke, Veranstaltungen und schnellen Service.","og_url":"https:\/\/www.csj-emballages.com\/de\/produit\/longdrinkglas-aus-kunststoff-20-cl-10er-pack\/","og_site_name":"CSJ Emballages","article_publisher":"https:\/\/www.facebook.com\/csjemballages","article_modified_time":"2026-03-27T01:18:03+00:00","og_image":[{"width":800,"height":800,"url":"https:\/\/www.csj-emballages.com\/wp-content\/uploads\/2025\/12\/VL-20.webp","type":"image\/webp"}],"twitter_card":"summary_large_image","twitter_misc":{"Gesch\u00e4tzte Lesezeit":"2 Minuten"},"schema":{"@context":"https:\/\/schema.org","@graph":[{"@type":"WebPage","@id":"https:\/\/www.csj-emballages.com\/de\/produit\/longdrinkglas-aus-kunststoff-20-cl-10er-pack\/","url":"https:\/\/www.csj-emballages.com\/de\/produit\/longdrinkglas-aus-kunststoff-20-cl-10er-pack\/","name":"Longdrinkglas aus Kunststoff, 20 cl, 10er-Pack","isPartOf":{"@id":"https:\/\/www.csj-emballages.com\/de\/#website"},"primaryImageOfPage":{"@id":"https:\/\/www.csj-emballages.com\/de\/produit\/longdrinkglas-aus-kunststoff-20-cl-10er-pack\/#primaryimage"},"image":{"@id":"https:\/\/www.csj-emballages.com\/de\/produit\/longdrinkglas-aus-kunststoff-20-cl-10er-pack\/#primaryimage"},"thumbnailUrl":"https:\/\/www.csj-emballages.com\/wp-content\/uploads\/2025\/12\/VL-20.webp","datePublished":"2025-12-15T14:18:20+00:00","dateModified":"2026-03-27T01:18:03+00:00","description":"Longdrinkglas aus Kunststoff, 20 cl, im 10er-Pack. Transparent, widerstandsf\u00e4hig und praktisch, ideal f\u00fcr Kaltgetr\u00e4nke, Veranstaltungen und schnellen Service.","breadcrumb":{"@id":"https:\/\/www.csj-emballages.com\/de\/produit\/longdrinkglas-aus-kunststoff-20-cl-10er-pack\/#breadcrumb"},"inLanguage":"de","potentialAction":[{"@type":"ReadAction","target":["https:\/\/www.csj-emballages.com\/de\/produit\/longdrinkglas-aus-kunststoff-20-cl-10er-pack\/"]}]},{"@type":"ImageObject","inLanguage":"de","@id":"https:\/\/www.csj-emballages.com\/de\/produit\/longdrinkglas-aus-kunststoff-20-cl-10er-pack\/#primaryimage","url":"https:\/\/www.csj-emballages.com\/wp-content\/uploads\/2025\/12\/VL-20.webp","contentUrl":"https:\/\/www.csj-emballages.com\/wp-content\/uploads\/2025\/12\/VL-20.webp","width":800,"height":800,"caption":"Verre long drink"},{"@type":"BreadcrumbList","@id":"https:\/\/www.csj-emballages.com\/de\/produit\/longdrinkglas-aus-kunststoff-20-cl-10er-pack\/#breadcrumb","itemListElement":[{"@type":"ListItem","position":1,"name":"Accueil","item":"https:\/\/www.csj-emballages.com\/de\/universum-lebensmittelverpackungen\/"},{"@type":"ListItem","position":2,"name":"Shop","item":"https:\/\/www.csj-emballages.com\/shop\/"},{"@type":"ListItem","position":3,"name":"Longdrinkglas aus Kunststoff, 20 cl, 10er-Pack"}]},{"@type":"WebSite","@id":"https:\/\/www.csj-emballages.com\/de\/#website","url":"https:\/\/www.csj-emballages.com\/de\/","name":"CSJ Emballages","description":"","publisher":{"@id":"https:\/\/www.csj-emballages.com\/de\/#organization"},"potentialAction":[{"@type":"SearchAction","target":{"@type":"EntryPoint","urlTemplate":"https:\/\/www.csj-emballages.com\/de\/?s={search_term_string}"},"query-input":{"@type":"PropertyValueSpecification","valueRequired":true,"valueName":"search_term_string"}}],"inLanguage":"de"},{"@type":"Organization","@id":"https:\/\/www.csj-emballages.com\/de\/#Organization\/","name":"CSJ Emballages","url":"https:\/\/www.csj-emballages.com\/de\/","logo":{"@type":"ImageObject","inLanguage":"de","@id":"https:\/\/www.csj-emballages.com\/de\/#\/schema\/logo\/image\/","url":"https:\/\/www.csj-emballages.com\/wp-content\/uploads\/2023\/10\/logo_csj.webp","contentUrl":"https:\/\/www.csj-emballages.com\/wp-content\/uploads\/2023\/10\/logo_csj.webp","width":250,"height":95,"caption":"CSJ Emballages"},"image":{"@id":"https:\/\/www.csj-emballages.com\/de\/#\/schema\/logo\/image\/"},"sameAs":["https:\/\/www.facebook.com\/csjemballages"],"address":{"@type":"PostalAddress","streetAddress":"ZI La Lechere","addressLocality":"Patornay","postalCode":"39130","addressCountry":"FR"},"contactPoint":[{"@type":"ContactPoint","contactType":"Service client","telephone":"0384254272","email":"contact@csj-emballages.com"}]}]}},"df_price":1.98,"df_sale_price":"","df_regular_price":1.98,"df_image_link":"https:\/\/www.csj-emballages.com\/wp-content\/uploads\/2025\/12\/VL-20-300x300.webp","tiered_pricing_type":"fixed","tiered_pricing_fixed_rules":[],"tiered_pricing_percentage_rules":[],"tiered_pricing_minimum":1,"tiered_pricing_roles_data":[],"_links":{"self":[{"href":"https:\/\/www.csj-emballages.com\/de\/wp-json\/wp\/v2\/product\/259991","targetHints":{"allow":["GET"]}}],"collection":[{"href":"https:\/\/www.csj-emballages.com\/de\/wp-json\/wp\/v2\/product"}],"about":[{"href":"https:\/\/www.csj-emballages.com\/de\/wp-json\/wp\/v2\/types\/product"}],"wp:featuredmedia":[{"embeddable":true,"href":"https:\/\/www.csj-emballages.com\/de\/wp-json\/wp\/v2\/media\/259981"}],"wp:attachment":[{"href":"https:\/\/www.csj-emballages.com\/de\/wp-json\/wp\/v2\/media?parent=259991"}],"wp:term":[{"taxonomy":"product_brand","embeddable":true,"href":"https:\/\/www.csj-emballages.com\/de\/wp-json\/wp\/v2\/product_brand?post=259991"},{"taxonomy":"product_cat","embeddable":true,"href":"https:\/\/www.csj-emballages.com\/de\/wp-json\/wp\/v2\/product_cat?post=259991"},{"taxonomy":"product_tag","embeddable":true,"href":"https:\/\/www.csj-emballages.com\/de\/wp-json\/wp\/v2\/product_tag?post=259991"}],"curies":[{"name":"wp","href":"https:\/\/api.w.org\/{rel}","templated":true}]}}