{"id":259591,"date":"2025-12-04T16:18:22","date_gmt":"2025-12-04T15:18:22","guid":{"rendered":"https:\/\/www.csj-emballages.com\/produit\/weisse-vlieshaube-mit-visier-100-stueck\/"},"modified":"2026-03-12T16:20:00","modified_gmt":"2026-03-12T15:20:00","slug":"weisse-vlieshaube-mit-visier-100-stueck","status":"publish","type":"product","link":"https:\/\/www.csj-emballages.com\/de\/produit\/weisse-vlieshaube-mit-visier-100-stueck\/","title":{"rendered":"Wei\u00dfe Vlieshaube mit Visier, 100 St\u00fcck"},"content":{"rendered":"<h2>Wei\u00dfe Vlieshaube mit Visier<\/h2>\n<hr>\n<h3>Entdecken Sie unsere wei\u00dfe Vlieshaube mit Visier im 100er-Pack.<\/h3>\n<p><!--more--><\/p>\n<p data-start=\"238\" data-end=\"600\">Einfach, unauff\u00e4llig und effektiv, erf\u00fcllt diese <strong data-start=\"274\" data-end=\"305\">wei\u00dfe Vlieshaube mit Visier<\/strong> perfekt die t\u00e4glichen Hygieneanforderungen. Sie bedeckt das Haar vollst\u00e4ndig und bietet zus\u00e4tzlich ein Stirnvisier, das einen echten Schutzvorteil bietet. Das Ergebnis: weniger Spritzer, weniger unbeabsichtigte Ber\u00fchrungen und eine sauberere Arbeitsumgebung.  <\/p>\n<p data-start=\"602\" data-end=\"947\">Hergestellt aus <strong data-start=\"615\" data-end=\"634\">leichtem Vliesstoff<\/strong>, l\u00e4sst sie sich problemlos stundenlang tragen. Das Material l\u00e4sst die Kopfhaut atmen, was Unbehagen auch bei starker Aktivit\u00e4t vermeidet. Ebenso passt sich ihr weicher Gummizug allen Kopfformen an, ohne zu dr\u00fccken, sodass sie schnell angelegt und fast sofort vergessen werden kann.  <\/p>\n<p data-start=\"1285\" data-end=\"1627\">Dank ihrer <strong>wei\u00dfen Farbe<\/strong> vermittelt diese <strong>Haube mit Visier<\/strong> ein sauberes und professionelles Bild. Sie f\u00fcgt sich leicht in alle Hygienekonzepte ein und erm\u00f6glicht eine schnelle Identifizierung des ausgestatteten Personals. Verkauft <strong data-start=\"1488\" data-end=\"1506\">im 100er-Pack<\/strong>, eignet sie sich perfekt f\u00fcr Einrichtungen, die einen regelm\u00e4\u00dfigen Gebrauch ohne die Notwendigkeit zu h\u00e4ufiger Nachbestellung ben\u00f6tigen.  <\/p>\n<p data-start=\"1629\" data-end=\"1900\">Zusammenfassend l\u00e4sst sich sagen, diese <strong>wei\u00dfe Haube mit Visier<\/strong> ist eine einfache, aber essentielle Ausr\u00fcstung, die darauf ausgelegt ist, die Arbeit zu erleichtern und gleichzeitig hohe Hygienestandards zu erf\u00fcllen. Praktisch, bequem und schnell einsetzbar, erf\u00fcllt sie alle Anforderungen f\u00fcr den t\u00e4glichen professionellen Gebrauch. <\/p>\n<p data-start=\"1529\" data-end=\"1716\"><!--more--><\/p>\n<h4 data-start=\"1529\" data-end=\"1716\">Vorteile :<\/h4>\n<ul>\n<li data-start=\"141\" data-end=\"200\">Bedeckt das Haar vollst\u00e4ndig f\u00fcr optimale Hygiene.<\/li>\n<li data-start=\"274\" data-end=\"316\">Leichtes und atmungsaktives <strong>Vliesmaterial<\/strong>.<\/li>\n<li data-start=\"319\" data-end=\"382\"><strong>Weicher Gummizug<\/strong>, der sich allen K\u00f6pfen anpasst, ohne zu dr\u00fccken.<\/li>\n<li data-start=\"385\" data-end=\"421\">Bequem f\u00fcr l\u00e4ngeres Tragen.<\/li>\n<li data-start=\"482\" data-end=\"539\">Wei\u00dfe Farbe f\u00fcr ein sauberes und professionelles Erscheinungsbild.<\/li>\n<li data-start=\"542\" data-end=\"586\"><strong>100er-Pack<\/strong>, praktisch f\u00fcr den regelm\u00e4\u00dfigen Gebrauch.<\/li>\n<\/ul>\n<p>&nbsp;<\/p>\n<p><!--more--><\/p>\n<h4>Weitere Informationen :<\/h4>\n<ul>\n<li><strong>Verpackung<\/strong>: Packung mit 100 St\u00fcck<\/li>\n<li><strong>Ma\u00dfe<\/strong>: Einheitsgr\u00f6\u00dfe<\/li>\n<li><strong>Farbe<\/strong>: Wei\u00df<\/li>\n<li><strong>Dicke<\/strong>: Haube: 12 g\/m\u00b2 \u2013 Visier: 60 g\/m\u00b2<\/li>\n<\/ul>\n<p>&nbsp;<\/p>\n<p><!--more--><\/p>\n<p>Diese Haube ist auch ohne Visier erh\u00e4ltlich: <span style=\"color: #d12727;\"><a style=\"color: #d12727;\" href=\"https:\/\/www.csj-emballages.com\/es\/produit\/100-charlottes-negros-tipo-acordeon-48-cm-o-no-tejidos\/\">Schwarz<\/a><\/span> \/ <span style=\"color: #d12727;\"><a style=\"color: #d12727;\" href=\"https:\/\/www.csj-emballages.com\/es\/produit\/100-charlottes-blancos-tipo-acordeon-48-cm-o-no-tejidos\/\">Wei\u00df<\/a><\/span><\/p>\n<p>&nbsp;<\/p>\n<p><!--more--><\/p>\n<p><a href=\"https:\/\/www.csj-emballages.com\/de\/categorie-produit\/hygiene-und-pflege\/individuelle-ausstattung\/charlottes-de\/\">Sehen Sie sich den Rest unserer Hauben-Produktpalette an<\/a><\/p>\n","protected":false},"excerpt":{"rendered":"<p>Wei\u00dfe Vlieshaube mit Visier Entdecken Sie unsere wei\u00dfe Vlieshaube mit Visier im 100er-Pack.<\/p>\n","protected":false},"featured_media":259576,"template":"","meta":{"_acf_changed":false},"product_brand":[],"product_cat":[1218,2348,3942],"product_tag":[],"class_list":{"0":"post-259591","1":"product","2":"type-product","3":"status-publish","4":"has-post-thumbnail","6":"product_cat-hygiene-und-pflege","7":"product_cat-individuelle-ausstattung","8":"product_cat-charlottes-de","10":"first","11":"instock","12":"taxable","13":"shipping-taxable","14":"purchasable","15":"product-type-simple"},"acf":[],"yoast_head":"<!-- This site is optimized with the Yoast SEO Premium plugin v26.6 (Yoast SEO v26.6) - https:\/\/yoast.com\/wordpress\/plugins\/seo\/ -->\n<title>Wei\u00dfe Vlieshaube mit Visier, 100 St\u00fcck<\/title>\n<meta name=\"description\" content=\"Wei\u00dfe Vlieshaube mit Visier aus Vliesstoff, 100 St\u00fcck. Leicht, bequem und ideal f\u00fcr Hygiene in Gastronomie und Lebensmittelindustrie.\" \/>\n<meta name=\"robots\" content=\"index, follow, max-snippet:-1, max-image-preview:large, max-video-preview:-1\" \/>\n<link rel=\"canonical\" href=\"https:\/\/www.csj-emballages.com\/de\/produit\/weisse-vlieshaube-mit-visier-100-stueck\/\" \/>\n<meta property=\"og:locale\" content=\"de_DE\" \/>\n<meta property=\"og:type\" content=\"article\" \/>\n<meta property=\"og:title\" content=\"Wei\u00dfe Vlieshaube mit Visier, 100 St\u00fcck\" \/>\n<meta property=\"og:description\" content=\"Wei\u00dfe Vlieshaube mit Visier aus Vliesstoff, 100 St\u00fcck. Leicht, bequem und ideal f\u00fcr Hygiene in Gastronomie und Lebensmittelindustrie.\" \/>\n<meta property=\"og:url\" content=\"https:\/\/www.csj-emballages.com\/de\/produit\/weisse-vlieshaube-mit-visier-100-stueck\/\" \/>\n<meta property=\"og:site_name\" content=\"CSJ Emballages\" \/>\n<meta property=\"article:publisher\" content=\"https:\/\/www.facebook.com\/csjemballages\" \/>\n<meta property=\"article:modified_time\" content=\"2026-03-12T15:20:00+00:00\" \/>\n<meta property=\"og:image\" content=\"https:\/\/www.csj-emballages.com\/wp-content\/uploads\/2025\/12\/CHARLVIS.webp\" \/>\n\t<meta property=\"og:image:width\" content=\"800\" \/>\n\t<meta property=\"og:image:height\" content=\"800\" \/>\n\t<meta property=\"og:image:type\" content=\"image\/webp\" \/>\n<meta name=\"twitter:card\" content=\"summary_large_image\" \/>\n<meta name=\"twitter:label1\" content=\"Gesch\u00e4tzte Lesezeit\" \/>\n\t<meta name=\"twitter:data1\" content=\"2 Minuten\" \/>\n<script type=\"application\/ld+json\" class=\"yoast-schema-graph\">{\"@context\":\"https:\/\/schema.org\",\"@graph\":[{\"@type\":\"WebPage\",\"@id\":\"https:\/\/www.csj-emballages.com\/de\/produit\/weisse-vlieshaube-mit-visier-100-stueck\/\",\"url\":\"https:\/\/www.csj-emballages.com\/de\/produit\/weisse-vlieshaube-mit-visier-100-stueck\/\",\"name\":\"Wei\u00dfe Vlieshaube mit Visier, 100 St\u00fcck\",\"isPartOf\":{\"@id\":\"https:\/\/www.csj-emballages.com\/de\/#website\"},\"primaryImageOfPage\":{\"@id\":\"https:\/\/www.csj-emballages.com\/de\/produit\/weisse-vlieshaube-mit-visier-100-stueck\/#primaryimage\"},\"image\":{\"@id\":\"https:\/\/www.csj-emballages.com\/de\/produit\/weisse-vlieshaube-mit-visier-100-stueck\/#primaryimage\"},\"thumbnailUrl\":\"https:\/\/www.csj-emballages.com\/wp-content\/uploads\/2025\/12\/CHARLVIS.webp\",\"datePublished\":\"2025-12-04T15:18:22+00:00\",\"dateModified\":\"2026-03-12T15:20:00+00:00\",\"description\":\"Wei\u00dfe Vlieshaube mit Visier aus Vliesstoff, 100 St\u00fcck. Leicht, bequem und ideal f\u00fcr Hygiene in Gastronomie und Lebensmittelindustrie.\",\"breadcrumb\":{\"@id\":\"https:\/\/www.csj-emballages.com\/de\/produit\/weisse-vlieshaube-mit-visier-100-stueck\/#breadcrumb\"},\"inLanguage\":\"de\",\"potentialAction\":[{\"@type\":\"ReadAction\",\"target\":[\"https:\/\/www.csj-emballages.com\/de\/produit\/weisse-vlieshaube-mit-visier-100-stueck\/\"]}]},{\"@type\":\"ImageObject\",\"inLanguage\":\"de\",\"@id\":\"https:\/\/www.csj-emballages.com\/de\/produit\/weisse-vlieshaube-mit-visier-100-stueck\/#primaryimage\",\"url\":\"https:\/\/www.csj-emballages.com\/wp-content\/uploads\/2025\/12\/CHARLVIS.webp\",\"contentUrl\":\"https:\/\/www.csj-emballages.com\/wp-content\/uploads\/2025\/12\/CHARLVIS.webp\",\"width\":800,\"height\":800,\"caption\":\"Charlotte blanche \u00e0 visi\u00e8re\"},{\"@type\":\"BreadcrumbList\",\"@id\":\"https:\/\/www.csj-emballages.com\/de\/produit\/weisse-vlieshaube-mit-visier-100-stueck\/#breadcrumb\",\"itemListElement\":[{\"@type\":\"ListItem\",\"position\":1,\"name\":\"Accueil\",\"item\":\"https:\/\/www.csj-emballages.com\/de\/universum-lebensmittelverpackungen\/\"},{\"@type\":\"ListItem\",\"position\":2,\"name\":\"Shop\",\"item\":\"https:\/\/www.csj-emballages.com\/shop\/\"},{\"@type\":\"ListItem\",\"position\":3,\"name\":\"Wei\u00dfe Vlieshaube mit Visier, 100 St\u00fcck\"}]},{\"@type\":\"WebSite\",\"@id\":\"https:\/\/www.csj-emballages.com\/de\/#website\",\"url\":\"https:\/\/www.csj-emballages.com\/de\/\",\"name\":\"CSJ Emballages\",\"description\":\"\",\"publisher\":{\"@id\":\"https:\/\/www.csj-emballages.com\/de\/#organization\"},\"potentialAction\":[{\"@type\":\"SearchAction\",\"target\":{\"@type\":\"EntryPoint\",\"urlTemplate\":\"https:\/\/www.csj-emballages.com\/de\/?s={search_term_string}\"},\"query-input\":{\"@type\":\"PropertyValueSpecification\",\"valueRequired\":true,\"valueName\":\"search_term_string\"}}],\"inLanguage\":\"de\"},{\"@type\":\"Organization\",\"@id\":\"https:\/\/www.csj-emballages.com\/de\/#Organization\/\",\"name\":\"CSJ Emballages\",\"url\":\"https:\/\/www.csj-emballages.com\/de\/\",\"logo\":{\"@type\":\"ImageObject\",\"inLanguage\":\"de\",\"@id\":\"https:\/\/www.csj-emballages.com\/de\/#\/schema\/logo\/image\/\",\"url\":\"https:\/\/www.csj-emballages.com\/wp-content\/uploads\/2023\/10\/logo_csj.webp\",\"contentUrl\":\"https:\/\/www.csj-emballages.com\/wp-content\/uploads\/2023\/10\/logo_csj.webp\",\"width\":250,\"height\":95,\"caption\":\"CSJ Emballages\"},\"image\":{\"@id\":\"https:\/\/www.csj-emballages.com\/de\/#\/schema\/logo\/image\/\"},\"sameAs\":[\"https:\/\/www.facebook.com\/csjemballages\"],\"address\":{\"@type\":\"PostalAddress\",\"streetAddress\":\"ZI La Lechere\",\"addressLocality\":\"Patornay\",\"postalCode\":\"39130\",\"addressCountry\":\"FR\"},\"contactPoint\":[{\"@type\":\"ContactPoint\",\"contactType\":\"Service client\",\"telephone\":\"0384254272\",\"email\":\"contact@csj-emballages.com\"}]}]}<\/script>\n<!-- \/ Yoast SEO Premium plugin. -->","yoast_head_json":{"title":"Wei\u00dfe Vlieshaube mit Visier, 100 St\u00fcck","description":"Wei\u00dfe Vlieshaube mit Visier aus Vliesstoff, 100 St\u00fcck. Leicht, bequem und ideal f\u00fcr Hygiene in Gastronomie und Lebensmittelindustrie.","robots":{"index":"index","follow":"follow","max-snippet":"max-snippet:-1","max-image-preview":"max-image-preview:large","max-video-preview":"max-video-preview:-1"},"canonical":"https:\/\/www.csj-emballages.com\/de\/produit\/weisse-vlieshaube-mit-visier-100-stueck\/","og_locale":"de_DE","og_type":"article","og_title":"Wei\u00dfe Vlieshaube mit Visier, 100 St\u00fcck","og_description":"Wei\u00dfe Vlieshaube mit Visier aus Vliesstoff, 100 St\u00fcck. Leicht, bequem und ideal f\u00fcr Hygiene in Gastronomie und Lebensmittelindustrie.","og_url":"https:\/\/www.csj-emballages.com\/de\/produit\/weisse-vlieshaube-mit-visier-100-stueck\/","og_site_name":"CSJ Emballages","article_publisher":"https:\/\/www.facebook.com\/csjemballages","article_modified_time":"2026-03-12T15:20:00+00:00","og_image":[{"width":800,"height":800,"url":"https:\/\/www.csj-emballages.com\/wp-content\/uploads\/2025\/12\/CHARLVIS.webp","type":"image\/webp"}],"twitter_card":"summary_large_image","twitter_misc":{"Gesch\u00e4tzte Lesezeit":"2 Minuten"},"schema":{"@context":"https:\/\/schema.org","@graph":[{"@type":"WebPage","@id":"https:\/\/www.csj-emballages.com\/de\/produit\/weisse-vlieshaube-mit-visier-100-stueck\/","url":"https:\/\/www.csj-emballages.com\/de\/produit\/weisse-vlieshaube-mit-visier-100-stueck\/","name":"Wei\u00dfe Vlieshaube mit Visier, 100 St\u00fcck","isPartOf":{"@id":"https:\/\/www.csj-emballages.com\/de\/#website"},"primaryImageOfPage":{"@id":"https:\/\/www.csj-emballages.com\/de\/produit\/weisse-vlieshaube-mit-visier-100-stueck\/#primaryimage"},"image":{"@id":"https:\/\/www.csj-emballages.com\/de\/produit\/weisse-vlieshaube-mit-visier-100-stueck\/#primaryimage"},"thumbnailUrl":"https:\/\/www.csj-emballages.com\/wp-content\/uploads\/2025\/12\/CHARLVIS.webp","datePublished":"2025-12-04T15:18:22+00:00","dateModified":"2026-03-12T15:20:00+00:00","description":"Wei\u00dfe Vlieshaube mit Visier aus Vliesstoff, 100 St\u00fcck. Leicht, bequem und ideal f\u00fcr Hygiene in Gastronomie und Lebensmittelindustrie.","breadcrumb":{"@id":"https:\/\/www.csj-emballages.com\/de\/produit\/weisse-vlieshaube-mit-visier-100-stueck\/#breadcrumb"},"inLanguage":"de","potentialAction":[{"@type":"ReadAction","target":["https:\/\/www.csj-emballages.com\/de\/produit\/weisse-vlieshaube-mit-visier-100-stueck\/"]}]},{"@type":"ImageObject","inLanguage":"de","@id":"https:\/\/www.csj-emballages.com\/de\/produit\/weisse-vlieshaube-mit-visier-100-stueck\/#primaryimage","url":"https:\/\/www.csj-emballages.com\/wp-content\/uploads\/2025\/12\/CHARLVIS.webp","contentUrl":"https:\/\/www.csj-emballages.com\/wp-content\/uploads\/2025\/12\/CHARLVIS.webp","width":800,"height":800,"caption":"Charlotte blanche \u00e0 visi\u00e8re"},{"@type":"BreadcrumbList","@id":"https:\/\/www.csj-emballages.com\/de\/produit\/weisse-vlieshaube-mit-visier-100-stueck\/#breadcrumb","itemListElement":[{"@type":"ListItem","position":1,"name":"Accueil","item":"https:\/\/www.csj-emballages.com\/de\/universum-lebensmittelverpackungen\/"},{"@type":"ListItem","position":2,"name":"Shop","item":"https:\/\/www.csj-emballages.com\/shop\/"},{"@type":"ListItem","position":3,"name":"Wei\u00dfe Vlieshaube mit Visier, 100 St\u00fcck"}]},{"@type":"WebSite","@id":"https:\/\/www.csj-emballages.com\/de\/#website","url":"https:\/\/www.csj-emballages.com\/de\/","name":"CSJ Emballages","description":"","publisher":{"@id":"https:\/\/www.csj-emballages.com\/de\/#organization"},"potentialAction":[{"@type":"SearchAction","target":{"@type":"EntryPoint","urlTemplate":"https:\/\/www.csj-emballages.com\/de\/?s={search_term_string}"},"query-input":{"@type":"PropertyValueSpecification","valueRequired":true,"valueName":"search_term_string"}}],"inLanguage":"de"},{"@type":"Organization","@id":"https:\/\/www.csj-emballages.com\/de\/#Organization\/","name":"CSJ Emballages","url":"https:\/\/www.csj-emballages.com\/de\/","logo":{"@type":"ImageObject","inLanguage":"de","@id":"https:\/\/www.csj-emballages.com\/de\/#\/schema\/logo\/image\/","url":"https:\/\/www.csj-emballages.com\/wp-content\/uploads\/2023\/10\/logo_csj.webp","contentUrl":"https:\/\/www.csj-emballages.com\/wp-content\/uploads\/2023\/10\/logo_csj.webp","width":250,"height":95,"caption":"CSJ Emballages"},"image":{"@id":"https:\/\/www.csj-emballages.com\/de\/#\/schema\/logo\/image\/"},"sameAs":["https:\/\/www.facebook.com\/csjemballages"],"address":{"@type":"PostalAddress","streetAddress":"ZI La Lechere","addressLocality":"Patornay","postalCode":"39130","addressCountry":"FR"},"contactPoint":[{"@type":"ContactPoint","contactType":"Service client","telephone":"0384254272","email":"contact@csj-emballages.com"}]}]}},"df_price":6.62,"df_sale_price":"","df_regular_price":6.62,"df_image_link":"https:\/\/www.csj-emballages.com\/wp-content\/uploads\/2025\/12\/CHARLVIS-300x300.webp","tiered_pricing_type":"fixed","tiered_pricing_fixed_rules":[],"tiered_pricing_percentage_rules":[],"tiered_pricing_minimum":1,"tiered_pricing_roles_data":[],"_links":{"self":[{"href":"https:\/\/www.csj-emballages.com\/de\/wp-json\/wp\/v2\/product\/259591","targetHints":{"allow":["GET"]}}],"collection":[{"href":"https:\/\/www.csj-emballages.com\/de\/wp-json\/wp\/v2\/product"}],"about":[{"href":"https:\/\/www.csj-emballages.com\/de\/wp-json\/wp\/v2\/types\/product"}],"wp:featuredmedia":[{"embeddable":true,"href":"https:\/\/www.csj-emballages.com\/de\/wp-json\/wp\/v2\/media\/259576"}],"wp:attachment":[{"href":"https:\/\/www.csj-emballages.com\/de\/wp-json\/wp\/v2\/media?parent=259591"}],"wp:term":[{"taxonomy":"product_brand","embeddable":true,"href":"https:\/\/www.csj-emballages.com\/de\/wp-json\/wp\/v2\/product_brand?post=259591"},{"taxonomy":"product_cat","embeddable":true,"href":"https:\/\/www.csj-emballages.com\/de\/wp-json\/wp\/v2\/product_cat?post=259591"},{"taxonomy":"product_tag","embeddable":true,"href":"https:\/\/www.csj-emballages.com\/de\/wp-json\/wp\/v2\/product_tag?post=259591"}],"curies":[{"name":"wp","href":"https:\/\/api.w.org\/{rel}","templated":true}]}}