{"id":259564,"date":"2025-12-22T14:55:06","date_gmt":"2025-12-22T13:55:06","guid":{"rendered":"https:\/\/www.csj-emballages.com\/produit\/buche-box-tanne-25-x-115-x-105-cm-im-25er-pack\/"},"modified":"2026-03-25T02:11:00","modified_gmt":"2026-03-25T01:11:00","slug":"buche-box-tanne-25-x-115-x-105-cm-im-25er-pack","status":"publish","type":"product","link":"https:\/\/www.csj-emballages.com\/de\/produit\/buche-box-tanne-25-x-115-x-105-cm-im-25er-pack\/","title":{"rendered":"B\u00fbche-Box \u201eTanne\u201c 25 x 11,5 x 10,5 cm im 25er-Pack"},"content":{"rendered":"<h2>Holzscheit-Box<\/h2>\n<hr>\n<h3>Entdecken Sie unsere B\u00fbche-Box \u201eTanne\u201c 25 x 11,5 x 10,5 cm im 25er-Pack<\/h3>\n<p><!--more--><\/p>\n<p data-start=\"231\" data-end=\"647\">Wenn die Feiertage n\u00e4her r\u00fccken, wird die Verpackung fast so wichtig wie das Dessert selbst. Mit der <strong data-start=\"332\" data-end=\"357\">B\u00fbche-Box \u201eTanne\u201c<\/strong> erhalten Ihre Kreationen sofort eine neue Dimension. Ihr grafisches Design, bestehend aus <strong>stilisierten Tannenb\u00e4umen<\/strong> in <strong>roten<\/strong> und <strong>goldenen<\/strong> Farbt\u00f6nen, schafft eine moderne festliche Atmosph\u00e4re, ohne zu klassisch zu wirken. Auf den ersten Blick erinnert sie an <strong>Weihnachten<\/strong>, das Teilen und genussvolle Momente.   <\/p>\n<p data-start=\"649\" data-end=\"964\">Ihr Format <strong>25 x 11,5 x 10,5 cm<\/strong> eignet sich perfekt f\u00fcr <strong>Einzel-B\u00fbches<\/strong> oder <strong>kleine B\u00fbches<\/strong> zum Teilen. Die stabile Kartonstruktur h\u00e4lt das Geb\u00e4ck sicher an Ort und Stelle und minimiert Transportrisiken. So nehmen Ihre Kunden ein gesch\u00fctztes und sorgf\u00e4ltig pr\u00e4sentiertes Dessert beruhigt mit.  <\/p>\n<p data-start=\"966\" data-end=\"1247\">Neben ihrer ansprechenden \u00c4sthetik ist diese <strong data-start=\"332\" data-end=\"357\">B\u00fbche-Box<\/strong> f\u00fcr den praktischen t\u00e4glichen Gebrauch konzipiert. Sie l\u00e4sst sich schnell aufbauen, was in Zeiten hoher Auslastung, insbesondere im Dezember, ein gro\u00dfer Vorteil ist. Sie sparen Zeit und bewahren dabei eine makellose Pr\u00e4sentation.<\/p>\n<p data-start=\"1249\" data-end=\"1527\">Verkauft <strong data-start=\"1256\" data-end=\"1273\">im 25er-Pack<\/strong>, erm\u00f6glicht sie Ihnen, Ihre Mengen einfach zu verwalten, ohne Ihren Lagerplatz zu \u00fcberlasten. Ob Sie Konditor, B\u00e4cker oder Caterer sind, diese Box f\u00fcgt sich nahtlos in Ihr Jahresendangebot ein und wertet Ihre Produkte ohne zus\u00e4tzlichen Aufwand auf.<\/p>\n<p data-start=\"1529\" data-end=\"1716\">Zusammenfassend l\u00e4sst sich sagen, die <strong data-start=\"332\" data-end=\"357\">B\u00fbche-Box<\/strong> <strong>\u201eTanne\u201c<\/strong> ist nicht nur eine einfache Verpackung. Sie verl\u00e4ngert das festliche Erlebnis bis zum Moment des Genusses und verleiht Ihren B\u00fbches den Rahmen, den sie verdienen.<\/p>\n<p data-start=\"1529\" data-end=\"1716\"><!--more--><\/p>\n<h4 data-start=\"1529\" data-end=\"1716\">Vorteile :<\/h4>\n<ul>\n<li data-start=\"1744\" data-end=\"1779\">Modernes und elegantes festliches Design.<\/li>\n<li data-start=\"1782\" data-end=\"1841\">Ideales Format f\u00fcr individuelle B\u00fbches oder kleine B\u00fbches.<\/li>\n<li data-start=\"1844\" data-end=\"1876\">Gute Passform f\u00fcr den Transport.<\/li>\n<li data-start=\"1879\" data-end=\"1906\">Schneller und einfacher Aufbau.<\/li>\n<li data-start=\"1909\" data-end=\"1961\">Praktischer <strong>25er-Pack<\/strong> f\u00fcr die Feiertage.<\/li>\n<\/ul>\n<p>&nbsp;<\/p>\n<p><!--more--><\/p>\n<h4>Weitere Informationen :<\/h4>\n<ul>\n<li><strong>Verpackung<\/strong>: Packung mit 25 St\u00fcck<\/li>\n<li><strong>Ma\u00dfe<\/strong>: 25 x 11,5 x 10,5 cm<\/li>\n<li><strong>Farbe<\/strong>: Wei\u00df \/ Rot \/ Gold<\/li>\n<li><strong>Material<\/strong>: Karton<\/li>\n<\/ul>\n<p>&nbsp;<\/p>\n<p><!--more--><\/p>\n<p>Diese Baumstammbox ist in verschiedenen Gr\u00f6\u00dfen erh\u00e4ltlich: <span style=\"color: #d12727;\"><a style=\"color: #d12727;\" href=\"https:\/\/www.csj-emballages.com\/pt-pt\/produit\/caixa-para-tronco-sapin-20-x-115-x-105-cm-por-25\/\">20 x 11,5 x 10,5 cm<\/a> <\/span>\/ <span style=\"color: #d12727;\"><a style=\"color: #d12727;\" href=\"https:\/\/www.csj-emballages.com\/pt-pt\/produit\/caixa-para-tronco-sapin-40-x-115-x-105-cm-por-25\/\">40 x 11,5 x 10,5 cm<\/a><\/span><\/p>\n<p>&nbsp;<\/p>\n<p><!--more--><\/p>\n<p><a href=\"https:\/\/www.csj-emballages.com\/de\/categorie-produit\/lebensmittelverpackungen\/backerei-und-konditorei\/schachteln-und-etuis\/holzschachteln\/buche-boxen-tanne\/\">Sehen Sie sich den Rest unseres Sortiments an B\u00fbche-Boxen \u201eTanne\u201c an<\/a><\/p>\n","protected":false},"excerpt":{"rendered":"<p>Holzscheit-Box Entdecken Sie unsere B\u00fbche-Box \u201eTanne\u201c 25 x 11,5 x 10,5 cm im 25er-Pack<\/p>\n","protected":false},"featured_media":259554,"template":"","meta":{"_acf_changed":false},"product_brand":[],"product_cat":[1137,1171,3964,2067,10205,1265],"product_tag":[],"class_list":{"0":"post-259564","1":"product","2":"type-product","3":"status-publish","4":"has-post-thumbnail","6":"product_cat-lebensmittelverpackungen","7":"product_cat-backerei-und-konditorei","8":"product_cat-schachteln-und-etuis","9":"product_cat-holzschachteln","10":"product_cat-buche-boxen-tanne","11":"product_cat-lagerbestande-promotion","13":"first","14":"instock","15":"sale","16":"taxable","17":"shipping-taxable","18":"purchasable","19":"product-type-simple"},"acf":[],"yoast_head":"<!-- This site is optimized with the Yoast SEO Premium plugin v26.6 (Yoast SEO v26.6) - https:\/\/yoast.com\/wordpress\/plugins\/seo\/ -->\n<title>B\u00fbche-Box \u201eTanne\u201c 25 x 11,5 x 10,5 cm im 25er-Pack<\/title>\n<meta name=\"description\" content=\"B\u00fbche-Box \u201eTanne\u201c 25x11,5x10,5 cm, im 25er-Pack erh\u00e4ltlich. Modernes festliches Design, stabiler Karton und ideal, um Ihre Weihnachts-Desserts perfekt in Szene zu setzen.\" \/>\n<meta name=\"robots\" content=\"index, follow, max-snippet:-1, max-image-preview:large, max-video-preview:-1\" \/>\n<link rel=\"canonical\" href=\"https:\/\/www.csj-emballages.com\/de\/produit\/buche-box-tanne-25-x-115-x-105-cm-im-25er-pack\/\" \/>\n<meta property=\"og:locale\" content=\"de_DE\" \/>\n<meta property=\"og:type\" content=\"article\" \/>\n<meta property=\"og:title\" content=\"B\u00fbche-Box \u201eTanne\u201c 25 x 11,5 x 10,5 cm im 25er-Pack\" \/>\n<meta property=\"og:description\" content=\"B\u00fbche-Box \u201eTanne\u201c 25x11,5x10,5 cm, im 25er-Pack erh\u00e4ltlich. Modernes festliches Design, stabiler Karton und ideal, um Ihre Weihnachts-Desserts perfekt in Szene zu setzen.\" \/>\n<meta property=\"og:url\" content=\"https:\/\/www.csj-emballages.com\/de\/produit\/buche-box-tanne-25-x-115-x-105-cm-im-25er-pack\/\" \/>\n<meta property=\"og:site_name\" content=\"CSJ Emballages\" \/>\n<meta property=\"article:publisher\" content=\"https:\/\/www.facebook.com\/csjemballages\" \/>\n<meta property=\"article:modified_time\" content=\"2026-03-25T01:11:00+00:00\" \/>\n<meta property=\"og:image\" content=\"https:\/\/www.csj-emballages.com\/wp-content\/uploads\/2025\/12\/Boite-a-buche-Sapin-1.webp\" \/>\n\t<meta property=\"og:image:width\" content=\"800\" \/>\n\t<meta property=\"og:image:height\" content=\"799\" \/>\n\t<meta property=\"og:image:type\" content=\"image\/webp\" \/>\n<meta name=\"twitter:card\" content=\"summary_large_image\" \/>\n<meta name=\"twitter:label1\" content=\"Gesch\u00e4tzte Lesezeit\" \/>\n\t<meta name=\"twitter:data1\" content=\"2 Minuten\" \/>\n<script type=\"application\/ld+json\" class=\"yoast-schema-graph\">{\"@context\":\"https:\/\/schema.org\",\"@graph\":[{\"@type\":\"WebPage\",\"@id\":\"https:\/\/www.csj-emballages.com\/de\/produit\/buche-box-tanne-25-x-115-x-105-cm-im-25er-pack\/\",\"url\":\"https:\/\/www.csj-emballages.com\/de\/produit\/buche-box-tanne-25-x-115-x-105-cm-im-25er-pack\/\",\"name\":\"B\u00fbche-Box \u201eTanne\u201c 25 x 11,5 x 10,5 cm im 25er-Pack\",\"isPartOf\":{\"@id\":\"https:\/\/www.csj-emballages.com\/de\/#website\"},\"primaryImageOfPage\":{\"@id\":\"https:\/\/www.csj-emballages.com\/de\/produit\/buche-box-tanne-25-x-115-x-105-cm-im-25er-pack\/#primaryimage\"},\"image\":{\"@id\":\"https:\/\/www.csj-emballages.com\/de\/produit\/buche-box-tanne-25-x-115-x-105-cm-im-25er-pack\/#primaryimage\"},\"thumbnailUrl\":\"https:\/\/www.csj-emballages.com\/wp-content\/uploads\/2025\/12\/Boite-a-buche-Sapin-1.webp\",\"datePublished\":\"2025-12-22T13:55:06+00:00\",\"dateModified\":\"2026-03-25T01:11:00+00:00\",\"description\":\"B\u00fbche-Box \u201eTanne\u201c 25x11,5x10,5 cm, im 25er-Pack erh\u00e4ltlich. Modernes festliches Design, stabiler Karton und ideal, um Ihre Weihnachts-Desserts perfekt in Szene zu setzen.\",\"breadcrumb\":{\"@id\":\"https:\/\/www.csj-emballages.com\/de\/produit\/buche-box-tanne-25-x-115-x-105-cm-im-25er-pack\/#breadcrumb\"},\"inLanguage\":\"de\",\"potentialAction\":[{\"@type\":\"ReadAction\",\"target\":[\"https:\/\/www.csj-emballages.com\/de\/produit\/buche-box-tanne-25-x-115-x-105-cm-im-25er-pack\/\"]}]},{\"@type\":\"ImageObject\",\"inLanguage\":\"de\",\"@id\":\"https:\/\/www.csj-emballages.com\/de\/produit\/buche-box-tanne-25-x-115-x-105-cm-im-25er-pack\/#primaryimage\",\"url\":\"https:\/\/www.csj-emballages.com\/wp-content\/uploads\/2025\/12\/Boite-a-buche-Sapin-1.webp\",\"contentUrl\":\"https:\/\/www.csj-emballages.com\/wp-content\/uploads\/2025\/12\/Boite-a-buche-Sapin-1.webp\",\"width\":800,\"height\":799,\"caption\":\"Boite \u00e0 b\u00fbche\"},{\"@type\":\"BreadcrumbList\",\"@id\":\"https:\/\/www.csj-emballages.com\/de\/produit\/buche-box-tanne-25-x-115-x-105-cm-im-25er-pack\/#breadcrumb\",\"itemListElement\":[{\"@type\":\"ListItem\",\"position\":1,\"name\":\"Accueil\",\"item\":\"https:\/\/www.csj-emballages.com\/de\/universum-lebensmittelverpackungen\/\"},{\"@type\":\"ListItem\",\"position\":2,\"name\":\"Shop\",\"item\":\"https:\/\/www.csj-emballages.com\/shop\/\"},{\"@type\":\"ListItem\",\"position\":3,\"name\":\"B\u00fbche-Box \u201eTanne\u201c 25 x 11,5 x 10,5 cm im 25er-Pack\"}]},{\"@type\":\"WebSite\",\"@id\":\"https:\/\/www.csj-emballages.com\/de\/#website\",\"url\":\"https:\/\/www.csj-emballages.com\/de\/\",\"name\":\"CSJ Emballages\",\"description\":\"\",\"publisher\":{\"@id\":\"https:\/\/www.csj-emballages.com\/de\/#organization\"},\"potentialAction\":[{\"@type\":\"SearchAction\",\"target\":{\"@type\":\"EntryPoint\",\"urlTemplate\":\"https:\/\/www.csj-emballages.com\/de\/?s={search_term_string}\"},\"query-input\":{\"@type\":\"PropertyValueSpecification\",\"valueRequired\":true,\"valueName\":\"search_term_string\"}}],\"inLanguage\":\"de\"},{\"@type\":\"Organization\",\"@id\":\"https:\/\/www.csj-emballages.com\/de\/#Organization\/\",\"name\":\"CSJ Emballages\",\"url\":\"https:\/\/www.csj-emballages.com\/de\/\",\"logo\":{\"@type\":\"ImageObject\",\"inLanguage\":\"de\",\"@id\":\"https:\/\/www.csj-emballages.com\/de\/#\/schema\/logo\/image\/\",\"url\":\"https:\/\/www.csj-emballages.com\/wp-content\/uploads\/2023\/10\/logo_csj.webp\",\"contentUrl\":\"https:\/\/www.csj-emballages.com\/wp-content\/uploads\/2023\/10\/logo_csj.webp\",\"width\":250,\"height\":95,\"caption\":\"CSJ Emballages\"},\"image\":{\"@id\":\"https:\/\/www.csj-emballages.com\/de\/#\/schema\/logo\/image\/\"},\"sameAs\":[\"https:\/\/www.facebook.com\/csjemballages\"],\"address\":{\"@type\":\"PostalAddress\",\"streetAddress\":\"ZI La Lechere\",\"addressLocality\":\"Patornay\",\"postalCode\":\"39130\",\"addressCountry\":\"FR\"},\"contactPoint\":[{\"@type\":\"ContactPoint\",\"contactType\":\"Service client\",\"telephone\":\"0384254272\",\"email\":\"contact@csj-emballages.com\"}]}]}<\/script>\n<!-- \/ Yoast SEO Premium plugin. -->","yoast_head_json":{"title":"B\u00fbche-Box \u201eTanne\u201c 25 x 11,5 x 10,5 cm im 25er-Pack","description":"B\u00fbche-Box \u201eTanne\u201c 25x11,5x10,5 cm, im 25er-Pack erh\u00e4ltlich. Modernes festliches Design, stabiler Karton und ideal, um Ihre Weihnachts-Desserts perfekt in Szene zu setzen.","robots":{"index":"index","follow":"follow","max-snippet":"max-snippet:-1","max-image-preview":"max-image-preview:large","max-video-preview":"max-video-preview:-1"},"canonical":"https:\/\/www.csj-emballages.com\/de\/produit\/buche-box-tanne-25-x-115-x-105-cm-im-25er-pack\/","og_locale":"de_DE","og_type":"article","og_title":"B\u00fbche-Box \u201eTanne\u201c 25 x 11,5 x 10,5 cm im 25er-Pack","og_description":"B\u00fbche-Box \u201eTanne\u201c 25x11,5x10,5 cm, im 25er-Pack erh\u00e4ltlich. Modernes festliches Design, stabiler Karton und ideal, um Ihre Weihnachts-Desserts perfekt in Szene zu setzen.","og_url":"https:\/\/www.csj-emballages.com\/de\/produit\/buche-box-tanne-25-x-115-x-105-cm-im-25er-pack\/","og_site_name":"CSJ Emballages","article_publisher":"https:\/\/www.facebook.com\/csjemballages","article_modified_time":"2026-03-25T01:11:00+00:00","og_image":[{"width":800,"height":799,"url":"https:\/\/www.csj-emballages.com\/wp-content\/uploads\/2025\/12\/Boite-a-buche-Sapin-1.webp","type":"image\/webp"}],"twitter_card":"summary_large_image","twitter_misc":{"Gesch\u00e4tzte Lesezeit":"2 Minuten"},"schema":{"@context":"https:\/\/schema.org","@graph":[{"@type":"WebPage","@id":"https:\/\/www.csj-emballages.com\/de\/produit\/buche-box-tanne-25-x-115-x-105-cm-im-25er-pack\/","url":"https:\/\/www.csj-emballages.com\/de\/produit\/buche-box-tanne-25-x-115-x-105-cm-im-25er-pack\/","name":"B\u00fbche-Box \u201eTanne\u201c 25 x 11,5 x 10,5 cm im 25er-Pack","isPartOf":{"@id":"https:\/\/www.csj-emballages.com\/de\/#website"},"primaryImageOfPage":{"@id":"https:\/\/www.csj-emballages.com\/de\/produit\/buche-box-tanne-25-x-115-x-105-cm-im-25er-pack\/#primaryimage"},"image":{"@id":"https:\/\/www.csj-emballages.com\/de\/produit\/buche-box-tanne-25-x-115-x-105-cm-im-25er-pack\/#primaryimage"},"thumbnailUrl":"https:\/\/www.csj-emballages.com\/wp-content\/uploads\/2025\/12\/Boite-a-buche-Sapin-1.webp","datePublished":"2025-12-22T13:55:06+00:00","dateModified":"2026-03-25T01:11:00+00:00","description":"B\u00fbche-Box \u201eTanne\u201c 25x11,5x10,5 cm, im 25er-Pack erh\u00e4ltlich. Modernes festliches Design, stabiler Karton und ideal, um Ihre Weihnachts-Desserts perfekt in Szene zu setzen.","breadcrumb":{"@id":"https:\/\/www.csj-emballages.com\/de\/produit\/buche-box-tanne-25-x-115-x-105-cm-im-25er-pack\/#breadcrumb"},"inLanguage":"de","potentialAction":[{"@type":"ReadAction","target":["https:\/\/www.csj-emballages.com\/de\/produit\/buche-box-tanne-25-x-115-x-105-cm-im-25er-pack\/"]}]},{"@type":"ImageObject","inLanguage":"de","@id":"https:\/\/www.csj-emballages.com\/de\/produit\/buche-box-tanne-25-x-115-x-105-cm-im-25er-pack\/#primaryimage","url":"https:\/\/www.csj-emballages.com\/wp-content\/uploads\/2025\/12\/Boite-a-buche-Sapin-1.webp","contentUrl":"https:\/\/www.csj-emballages.com\/wp-content\/uploads\/2025\/12\/Boite-a-buche-Sapin-1.webp","width":800,"height":799,"caption":"Boite \u00e0 b\u00fbche"},{"@type":"BreadcrumbList","@id":"https:\/\/www.csj-emballages.com\/de\/produit\/buche-box-tanne-25-x-115-x-105-cm-im-25er-pack\/#breadcrumb","itemListElement":[{"@type":"ListItem","position":1,"name":"Accueil","item":"https:\/\/www.csj-emballages.com\/de\/universum-lebensmittelverpackungen\/"},{"@type":"ListItem","position":2,"name":"Shop","item":"https:\/\/www.csj-emballages.com\/shop\/"},{"@type":"ListItem","position":3,"name":"B\u00fbche-Box \u201eTanne\u201c 25 x 11,5 x 10,5 cm im 25er-Pack"}]},{"@type":"WebSite","@id":"https:\/\/www.csj-emballages.com\/de\/#website","url":"https:\/\/www.csj-emballages.com\/de\/","name":"CSJ Emballages","description":"","publisher":{"@id":"https:\/\/www.csj-emballages.com\/de\/#organization"},"potentialAction":[{"@type":"SearchAction","target":{"@type":"EntryPoint","urlTemplate":"https:\/\/www.csj-emballages.com\/de\/?s={search_term_string}"},"query-input":{"@type":"PropertyValueSpecification","valueRequired":true,"valueName":"search_term_string"}}],"inLanguage":"de"},{"@type":"Organization","@id":"https:\/\/www.csj-emballages.com\/de\/#Organization\/","name":"CSJ Emballages","url":"https:\/\/www.csj-emballages.com\/de\/","logo":{"@type":"ImageObject","inLanguage":"de","@id":"https:\/\/www.csj-emballages.com\/de\/#\/schema\/logo\/image\/","url":"https:\/\/www.csj-emballages.com\/wp-content\/uploads\/2023\/10\/logo_csj.webp","contentUrl":"https:\/\/www.csj-emballages.com\/wp-content\/uploads\/2023\/10\/logo_csj.webp","width":250,"height":95,"caption":"CSJ Emballages"},"image":{"@id":"https:\/\/www.csj-emballages.com\/de\/#\/schema\/logo\/image\/"},"sameAs":["https:\/\/www.facebook.com\/csjemballages"],"address":{"@type":"PostalAddress","streetAddress":"ZI La Lechere","addressLocality":"Patornay","postalCode":"39130","addressCountry":"FR"},"contactPoint":[{"@type":"ContactPoint","contactType":"Service client","telephone":"0384254272","email":"contact@csj-emballages.com"}]}]}},"df_price":9.1,"df_sale_price":9.1,"df_regular_price":10.12,"df_image_link":"https:\/\/www.csj-emballages.com\/wp-content\/uploads\/2025\/12\/Boite-a-buche-Sapin-1-300x300.webp","tiered_pricing_type":"fixed","tiered_pricing_fixed_rules":[],"tiered_pricing_percentage_rules":[],"tiered_pricing_minimum":1,"tiered_pricing_roles_data":[],"_links":{"self":[{"href":"https:\/\/www.csj-emballages.com\/de\/wp-json\/wp\/v2\/product\/259564","targetHints":{"allow":["GET"]}}],"collection":[{"href":"https:\/\/www.csj-emballages.com\/de\/wp-json\/wp\/v2\/product"}],"about":[{"href":"https:\/\/www.csj-emballages.com\/de\/wp-json\/wp\/v2\/types\/product"}],"wp:featuredmedia":[{"embeddable":true,"href":"https:\/\/www.csj-emballages.com\/de\/wp-json\/wp\/v2\/media\/259554"}],"wp:attachment":[{"href":"https:\/\/www.csj-emballages.com\/de\/wp-json\/wp\/v2\/media?parent=259564"}],"wp:term":[{"taxonomy":"product_brand","embeddable":true,"href":"https:\/\/www.csj-emballages.com\/de\/wp-json\/wp\/v2\/product_brand?post=259564"},{"taxonomy":"product_cat","embeddable":true,"href":"https:\/\/www.csj-emballages.com\/de\/wp-json\/wp\/v2\/product_cat?post=259564"},{"taxonomy":"product_tag","embeddable":true,"href":"https:\/\/www.csj-emballages.com\/de\/wp-json\/wp\/v2\/product_tag?post=259564"}],"curies":[{"name":"wp","href":"https:\/\/api.w.org\/{rel}","templated":true}]}}