{"id":259472,"date":"2025-11-05T15:18:31","date_gmt":"2025-11-05T14:18:31","guid":{"rendered":"https:\/\/www.csj-emballages.com\/produit\/orange-mikro-waffel-serviette-38-x-38-cm-im-40er-pack\/"},"modified":"2026-03-12T16:43:40","modified_gmt":"2026-03-12T15:43:40","slug":"orange-mikro-waffel-serviette-38-x-38-cm-im-40er-pack","status":"publish","type":"product","link":"https:\/\/www.csj-emballages.com\/de\/produit\/orange-mikro-waffel-serviette-38-x-38-cm-im-40er-pack\/","title":{"rendered":"Orange Mikro-Waffel-Serviette 38 x 38 cm im 40er-Pack"},"content":{"rendered":"<h2 class=\"p1\">Orange Serviette<\/h2>\n<hr>\n<h3>Beschreibung unserer Orange Mikro-Waffel-Serviette 38 x 38 cm im 40er-Pack<\/h3>\n<p><!--more--><\/p>\n<p data-start=\"236\" data-end=\"630\">Diese <strong>orange Mikro-Waffel-Serviette<\/strong> <strong data-start=\"272\" data-end=\"286\">38 x 38 cm<\/strong> verleiht Ihren Tischen sofort einen Hauch von Farbe und guter Laune. Ihr <strong>leuchtendes Orange<\/strong> zieht die Blicke auf sich, ohne aufdringlich zu wirken, was sie zu einer ausgezeichneten Wahl f\u00fcr Imbisse, Fast-Food-Restaurants, Veranstaltungen sowie gesellige Mahlzeiten macht. Sie deckt den Tisch auf einfache Weise und schafft dabei eine warme und dynamische Atmosph\u00e4re.  <\/p>\n<p data-start=\"632\" data-end=\"1014\">Dank ihrer <strong>Mikrogaufrier-Textur<\/strong> absorbiert diese <strong>Serviette<\/strong> effizient und f\u00fchlt sich dabei angenehm an. Sie rutscht nicht, liegt gut in der Hand und rei\u00dft nicht beim ersten Gebrauch. Das ist die Art von Detail, die Kunden bemerken, selbst ohne es bewusst wahrzunehmen. Sie begleitet problemlos ein Essen vor Ort, ein Tablett oder einen Au\u00dfer-Haus-Verkauf, ohne den Service zu erschweren.   <\/p>\n<p data-start=\"1016\" data-end=\"1347\">Ihr Format von <strong data-start=\"1027\" data-end=\"1041\">38 x 38 cm<\/strong> bietet eine komfortable Oberfl\u00e4che, die sowohl f\u00fcr komplette Mahlzeiten als auch f\u00fcr schnelle Pausen geeignet ist. Sie sch\u00fctzt effektiv den Tisch oder das Tablett und l\u00e4sst sich dabei leicht falten und anordnen. Ebenso verleiht ihre <strong>gaufrierte<\/strong> Oberfl\u00e4che eine kleine visuelle Struktur, die sich von den zu glatten klassischen Servietten abhebt.  <\/p>\n<p data-start=\"1349\" data-end=\"1606\"><strong data-start=\"1356\" data-end=\"1373\">Im 40er-Pack<\/strong> verkauft, erm\u00f6glicht sie eine abfallfreie Lagerverwaltung, sei es f\u00fcr den t\u00e4glichen oder gelegentlichen Gebrauch. Sie eignet sich sowohl f\u00fcr Profis als auch f\u00fcr Privatpersonen, die eine einfache, praktische und optisch ansprechende L\u00f6sung w\u00fcnschen. <\/p>\n<p data-start=\"1608\" data-end=\"1793\">Zusammenfassend kombiniert diese <strong>orange Mikro-Waffel-Serviette<\/strong> Funktionalit\u00e4t, Komfort und \u00c4sthetik. Sie erf\u00fcllt ihren Zweck auf einfache Weise und verleiht jedem Service eine positive Note. <\/p>\n<p><!--more--><\/p>\n<h4>Vorteile :<\/h4>\n<ul>\n<li data-start=\"1821\" data-end=\"1856\"><strong>Leuchtendes<\/strong> und warmes Orange.<\/li>\n<li data-start=\"1859\" data-end=\"1893\">Saugf\u00e4hige <strong>Mikrogaufrier-Textur<\/strong>.<\/li>\n<li data-start=\"1896\" data-end=\"1927\">Komfortables Format <strong>38 x 38 cm<\/strong>.<\/li>\n<li data-start=\"1930\" data-end=\"1953\">Gute Haltbarkeit im Gebrauch.<\/li>\n<li data-start=\"1956\" data-end=\"1987\">Praktischer <strong>40er-Pack Servietten<\/strong>.<\/li>\n<\/ul>\n<p>&nbsp;<\/p>\n<p><!--more--><\/p>\n<h4>Weitere Informationen :<\/h4>\n<ul>\n<li><strong>Verpackung<\/strong>: Packung mit 40 St\u00fcck<\/li>\n<li><strong>Ma\u00dfe<\/strong>: 38 x 38 cm<\/li>\n<li><strong>Material<\/strong> : Mikro-gepr\u00e4gte Watte<\/li>\n<li><strong>Farbe<\/strong>: Orange<\/li>\n<\/ul>\n<p>&nbsp;<\/p>\n<p><!--more--><\/p>\n<p>Dieses Produkt ist in verschiedenen Farben erh\u00e4ltlich: <span style=\"color: #d12727;\"><a style=\"color: #d12727;\" href=\"https:\/\/www.csj-emballages.com\/es\/produit\/servilleta-azul-pastel-microgofreada-de-38-x-38-cm-en-paquetes-de-40\/\">Pastellblau<\/a><\/span> \/ <span style=\"color: #d12727;\"><a style=\"color: #d12727;\" href=\"https:\/\/www.csj-emballages.com\/es\/produit\/servilleta-lila-microgofre-38-x-38-cm-pack-de-40\/\">Lila<\/a><\/span> \/ <span style=\"color: #d12727;\"><a style=\"color: #d12727;\" href=\"https:\/\/www.csj-emballages.com\/es\/produit\/servilleta-rosa-pastel-microgofre-de-38-x-38-cm-pack-de-40\/\">Pastellrosa<\/a><\/span> \/ <span style=\"color: #d12727;\"><a style=\"color: #d12727;\" href=\"https:\/\/www.csj-emballages.com\/es\/produit\/servilleta-marfil-microgofre-38-x-38-cm-en-paquetes-de-40\/\">Elfenbein<\/a><\/span> \/ <span style=\"color: #d12727;\"><a style=\"color: #d12727;\" href=\"https:\/\/www.csj-emballages.com\/es\/produit\/servilleta-color-champan-micro-gofrada-de-38-x-38-cm-pack-de-40\/\">Champagner<\/a><\/span> \/ <span style=\"color: #d12727;\"><a style=\"color: #d12727;\" href=\"https:\/\/www.csj-emballages.com\/es\/produit\/toalla-amarilla-micro-gofrada-de-38-x-38-cm-pack-de-40\/\">Gelb<\/a><\/span> \/ <span style=\"color: #d12727;\"><a style=\"color: #d12727;\" href=\"https:\/\/www.csj-emballages.com\/es\/produit\/servilleta-azul-marino-microgofre-de-38-x-38-cm-pack-de-40\/\">Marineblau<\/a><\/span><\/p>\n<p>&nbsp;<\/p>\n<p><!--more--><\/p>\n<p><a href=\"\/?product_cat=serviettes-2-plis-micro-gaufrees\">Sehen Sie sich den Rest unseres Sortiments an 2-lagigen gepr\u00e4gten Handt\u00fcchern an<\/a><\/p>\n","protected":false},"excerpt":{"rendered":"<p>Orange Serviette Beschreibung unserer Orange Mikro-Waffel-Serviette 38 x 38 cm im 40er-Pack<\/p>\n","protected":false},"featured_media":259468,"template":"","meta":{"_acf_changed":false},"product_brand":[],"product_cat":[1137,1134,1135,1251,1253],"product_tag":[],"class_list":{"0":"post-259472","1":"product","2":"type-product","3":"status-publish","4":"has-post-thumbnail","6":"product_cat-lebensmittelverpackungen","7":"product_cat-restauration-de","8":"product_cat-servietten-tischsets-tischdecken","9":"product_cat-handtucher","10":"product_cat-2-lagige-servietten-mit-mikropragung","12":"first","13":"instock","14":"taxable","15":"shipping-taxable","16":"purchasable","17":"product-type-simple"},"acf":[],"yoast_head":"<!-- This site is optimized with the Yoast SEO Premium plugin v26.6 (Yoast SEO v26.6) - https:\/\/yoast.com\/wordpress\/plugins\/seo\/ -->\n<title>Serviette Orange Mikro-Waffel 38 x 38 cm im 40er-Pack<\/title>\n<meta name=\"description\" content=\"Orange Mikro-Waffel-Serviette 38 x 38 cm, verkauft im 40er-Pack. Saugf\u00e4hig, strapazierf\u00e4hig und ideal f\u00fcr Restaurants, Imbisse und Veranstaltungen.\" \/>\n<meta name=\"robots\" content=\"index, follow, max-snippet:-1, max-image-preview:large, max-video-preview:-1\" \/>\n<link rel=\"canonical\" href=\"https:\/\/www.csj-emballages.com\/de\/produit\/orange-mikro-waffel-serviette-38-x-38-cm-im-40er-pack\/\" \/>\n<meta property=\"og:locale\" content=\"de_DE\" \/>\n<meta property=\"og:type\" content=\"article\" \/>\n<meta property=\"og:title\" content=\"Orange Mikro-Waffel-Serviette 38 x 38 cm im 40er-Pack\" \/>\n<meta property=\"og:description\" content=\"Orange Mikro-Waffel-Serviette 38 x 38 cm, verkauft im 40er-Pack. Saugf\u00e4hig, strapazierf\u00e4hig und ideal f\u00fcr Restaurants, Imbisse und Veranstaltungen.\" \/>\n<meta property=\"og:url\" content=\"https:\/\/www.csj-emballages.com\/de\/produit\/orange-mikro-waffel-serviette-38-x-38-cm-im-40er-pack\/\" \/>\n<meta property=\"og:site_name\" content=\"CSJ Emballages\" \/>\n<meta property=\"article:publisher\" content=\"https:\/\/www.facebook.com\/csjemballages\" \/>\n<meta property=\"article:modified_time\" content=\"2026-03-12T15:43:40+00:00\" \/>\n<meta property=\"og:image\" content=\"https:\/\/www.csj-emballages.com\/wp-content\/uploads\/2025\/11\/SR40MGORA.webp\" \/>\n\t<meta property=\"og:image:width\" content=\"800\" \/>\n\t<meta property=\"og:image:height\" content=\"800\" \/>\n\t<meta property=\"og:image:type\" content=\"image\/webp\" \/>\n<meta name=\"twitter:card\" content=\"summary_large_image\" \/>\n<meta name=\"twitter:label1\" content=\"Gesch\u00e4tzte Lesezeit\" \/>\n\t<meta name=\"twitter:data1\" content=\"2 Minuten\" \/>\n<script type=\"application\/ld+json\" class=\"yoast-schema-graph\">{\"@context\":\"https:\/\/schema.org\",\"@graph\":[{\"@type\":\"WebPage\",\"@id\":\"https:\/\/www.csj-emballages.com\/de\/produit\/orange-mikro-waffel-serviette-38-x-38-cm-im-40er-pack\/\",\"url\":\"https:\/\/www.csj-emballages.com\/de\/produit\/orange-mikro-waffel-serviette-38-x-38-cm-im-40er-pack\/\",\"name\":\"Serviette Orange Mikro-Waffel 38 x 38 cm im 40er-Pack\",\"isPartOf\":{\"@id\":\"https:\/\/www.csj-emballages.com\/de\/#website\"},\"primaryImageOfPage\":{\"@id\":\"https:\/\/www.csj-emballages.com\/de\/produit\/orange-mikro-waffel-serviette-38-x-38-cm-im-40er-pack\/#primaryimage\"},\"image\":{\"@id\":\"https:\/\/www.csj-emballages.com\/de\/produit\/orange-mikro-waffel-serviette-38-x-38-cm-im-40er-pack\/#primaryimage\"},\"thumbnailUrl\":\"https:\/\/www.csj-emballages.com\/wp-content\/uploads\/2025\/11\/SR40MGORA.webp\",\"datePublished\":\"2025-11-05T14:18:31+00:00\",\"dateModified\":\"2026-03-12T15:43:40+00:00\",\"description\":\"Orange Mikro-Waffel-Serviette 38 x 38 cm, verkauft im 40er-Pack. Saugf\u00e4hig, strapazierf\u00e4hig und ideal f\u00fcr Restaurants, Imbisse und Veranstaltungen.\",\"breadcrumb\":{\"@id\":\"https:\/\/www.csj-emballages.com\/de\/produit\/orange-mikro-waffel-serviette-38-x-38-cm-im-40er-pack\/#breadcrumb\"},\"inLanguage\":\"de\",\"potentialAction\":[{\"@type\":\"ReadAction\",\"target\":[\"https:\/\/www.csj-emballages.com\/de\/produit\/orange-mikro-waffel-serviette-38-x-38-cm-im-40er-pack\/\"]}]},{\"@type\":\"ImageObject\",\"inLanguage\":\"de\",\"@id\":\"https:\/\/www.csj-emballages.com\/de\/produit\/orange-mikro-waffel-serviette-38-x-38-cm-im-40er-pack\/#primaryimage\",\"url\":\"https:\/\/www.csj-emballages.com\/wp-content\/uploads\/2025\/11\/SR40MGORA.webp\",\"contentUrl\":\"https:\/\/www.csj-emballages.com\/wp-content\/uploads\/2025\/11\/SR40MGORA.webp\",\"width\":800,\"height\":800,\"caption\":\"Serviette orange\"},{\"@type\":\"BreadcrumbList\",\"@id\":\"https:\/\/www.csj-emballages.com\/de\/produit\/orange-mikro-waffel-serviette-38-x-38-cm-im-40er-pack\/#breadcrumb\",\"itemListElement\":[{\"@type\":\"ListItem\",\"position\":1,\"name\":\"Accueil\",\"item\":\"https:\/\/www.csj-emballages.com\/de\/universum-lebensmittelverpackungen\/\"},{\"@type\":\"ListItem\",\"position\":2,\"name\":\"Shop\",\"item\":\"https:\/\/www.csj-emballages.com\/shop\/\"},{\"@type\":\"ListItem\",\"position\":3,\"name\":\"Orange Mikro-Waffel-Serviette 38 x 38 cm im 40er-Pack\"}]},{\"@type\":\"WebSite\",\"@id\":\"https:\/\/www.csj-emballages.com\/de\/#website\",\"url\":\"https:\/\/www.csj-emballages.com\/de\/\",\"name\":\"CSJ Emballages\",\"description\":\"\",\"publisher\":{\"@id\":\"https:\/\/www.csj-emballages.com\/de\/#organization\"},\"potentialAction\":[{\"@type\":\"SearchAction\",\"target\":{\"@type\":\"EntryPoint\",\"urlTemplate\":\"https:\/\/www.csj-emballages.com\/de\/?s={search_term_string}\"},\"query-input\":{\"@type\":\"PropertyValueSpecification\",\"valueRequired\":true,\"valueName\":\"search_term_string\"}}],\"inLanguage\":\"de\"},{\"@type\":\"Organization\",\"@id\":\"https:\/\/www.csj-emballages.com\/de\/#Organization\/\",\"name\":\"CSJ Emballages\",\"url\":\"https:\/\/www.csj-emballages.com\/de\/\",\"logo\":{\"@type\":\"ImageObject\",\"inLanguage\":\"de\",\"@id\":\"https:\/\/www.csj-emballages.com\/de\/#\/schema\/logo\/image\/\",\"url\":\"https:\/\/www.csj-emballages.com\/wp-content\/uploads\/2023\/10\/logo_csj.webp\",\"contentUrl\":\"https:\/\/www.csj-emballages.com\/wp-content\/uploads\/2023\/10\/logo_csj.webp\",\"width\":250,\"height\":95,\"caption\":\"CSJ Emballages\"},\"image\":{\"@id\":\"https:\/\/www.csj-emballages.com\/de\/#\/schema\/logo\/image\/\"},\"sameAs\":[\"https:\/\/www.facebook.com\/csjemballages\"],\"address\":{\"@type\":\"PostalAddress\",\"streetAddress\":\"ZI La Lechere\",\"addressLocality\":\"Patornay\",\"postalCode\":\"39130\",\"addressCountry\":\"FR\"},\"contactPoint\":[{\"@type\":\"ContactPoint\",\"contactType\":\"Service client\",\"telephone\":\"0384254272\",\"email\":\"contact@csj-emballages.com\"}]}]}<\/script>\n<!-- \/ Yoast SEO Premium plugin. -->","yoast_head_json":{"title":"Serviette Orange Mikro-Waffel 38 x 38 cm im 40er-Pack","description":"Orange Mikro-Waffel-Serviette 38 x 38 cm, verkauft im 40er-Pack. Saugf\u00e4hig, strapazierf\u00e4hig und ideal f\u00fcr Restaurants, Imbisse und Veranstaltungen.","robots":{"index":"index","follow":"follow","max-snippet":"max-snippet:-1","max-image-preview":"max-image-preview:large","max-video-preview":"max-video-preview:-1"},"canonical":"https:\/\/www.csj-emballages.com\/de\/produit\/orange-mikro-waffel-serviette-38-x-38-cm-im-40er-pack\/","og_locale":"de_DE","og_type":"article","og_title":"Orange Mikro-Waffel-Serviette 38 x 38 cm im 40er-Pack","og_description":"Orange Mikro-Waffel-Serviette 38 x 38 cm, verkauft im 40er-Pack. Saugf\u00e4hig, strapazierf\u00e4hig und ideal f\u00fcr Restaurants, Imbisse und Veranstaltungen.","og_url":"https:\/\/www.csj-emballages.com\/de\/produit\/orange-mikro-waffel-serviette-38-x-38-cm-im-40er-pack\/","og_site_name":"CSJ Emballages","article_publisher":"https:\/\/www.facebook.com\/csjemballages","article_modified_time":"2026-03-12T15:43:40+00:00","og_image":[{"width":800,"height":800,"url":"https:\/\/www.csj-emballages.com\/wp-content\/uploads\/2025\/11\/SR40MGORA.webp","type":"image\/webp"}],"twitter_card":"summary_large_image","twitter_misc":{"Gesch\u00e4tzte Lesezeit":"2 Minuten"},"schema":{"@context":"https:\/\/schema.org","@graph":[{"@type":"WebPage","@id":"https:\/\/www.csj-emballages.com\/de\/produit\/orange-mikro-waffel-serviette-38-x-38-cm-im-40er-pack\/","url":"https:\/\/www.csj-emballages.com\/de\/produit\/orange-mikro-waffel-serviette-38-x-38-cm-im-40er-pack\/","name":"Serviette Orange Mikro-Waffel 38 x 38 cm im 40er-Pack","isPartOf":{"@id":"https:\/\/www.csj-emballages.com\/de\/#website"},"primaryImageOfPage":{"@id":"https:\/\/www.csj-emballages.com\/de\/produit\/orange-mikro-waffel-serviette-38-x-38-cm-im-40er-pack\/#primaryimage"},"image":{"@id":"https:\/\/www.csj-emballages.com\/de\/produit\/orange-mikro-waffel-serviette-38-x-38-cm-im-40er-pack\/#primaryimage"},"thumbnailUrl":"https:\/\/www.csj-emballages.com\/wp-content\/uploads\/2025\/11\/SR40MGORA.webp","datePublished":"2025-11-05T14:18:31+00:00","dateModified":"2026-03-12T15:43:40+00:00","description":"Orange Mikro-Waffel-Serviette 38 x 38 cm, verkauft im 40er-Pack. Saugf\u00e4hig, strapazierf\u00e4hig und ideal f\u00fcr Restaurants, Imbisse und Veranstaltungen.","breadcrumb":{"@id":"https:\/\/www.csj-emballages.com\/de\/produit\/orange-mikro-waffel-serviette-38-x-38-cm-im-40er-pack\/#breadcrumb"},"inLanguage":"de","potentialAction":[{"@type":"ReadAction","target":["https:\/\/www.csj-emballages.com\/de\/produit\/orange-mikro-waffel-serviette-38-x-38-cm-im-40er-pack\/"]}]},{"@type":"ImageObject","inLanguage":"de","@id":"https:\/\/www.csj-emballages.com\/de\/produit\/orange-mikro-waffel-serviette-38-x-38-cm-im-40er-pack\/#primaryimage","url":"https:\/\/www.csj-emballages.com\/wp-content\/uploads\/2025\/11\/SR40MGORA.webp","contentUrl":"https:\/\/www.csj-emballages.com\/wp-content\/uploads\/2025\/11\/SR40MGORA.webp","width":800,"height":800,"caption":"Serviette orange"},{"@type":"BreadcrumbList","@id":"https:\/\/www.csj-emballages.com\/de\/produit\/orange-mikro-waffel-serviette-38-x-38-cm-im-40er-pack\/#breadcrumb","itemListElement":[{"@type":"ListItem","position":1,"name":"Accueil","item":"https:\/\/www.csj-emballages.com\/de\/universum-lebensmittelverpackungen\/"},{"@type":"ListItem","position":2,"name":"Shop","item":"https:\/\/www.csj-emballages.com\/shop\/"},{"@type":"ListItem","position":3,"name":"Orange Mikro-Waffel-Serviette 38 x 38 cm im 40er-Pack"}]},{"@type":"WebSite","@id":"https:\/\/www.csj-emballages.com\/de\/#website","url":"https:\/\/www.csj-emballages.com\/de\/","name":"CSJ Emballages","description":"","publisher":{"@id":"https:\/\/www.csj-emballages.com\/de\/#organization"},"potentialAction":[{"@type":"SearchAction","target":{"@type":"EntryPoint","urlTemplate":"https:\/\/www.csj-emballages.com\/de\/?s={search_term_string}"},"query-input":{"@type":"PropertyValueSpecification","valueRequired":true,"valueName":"search_term_string"}}],"inLanguage":"de"},{"@type":"Organization","@id":"https:\/\/www.csj-emballages.com\/de\/#Organization\/","name":"CSJ Emballages","url":"https:\/\/www.csj-emballages.com\/de\/","logo":{"@type":"ImageObject","inLanguage":"de","@id":"https:\/\/www.csj-emballages.com\/de\/#\/schema\/logo\/image\/","url":"https:\/\/www.csj-emballages.com\/wp-content\/uploads\/2023\/10\/logo_csj.webp","contentUrl":"https:\/\/www.csj-emballages.com\/wp-content\/uploads\/2023\/10\/logo_csj.webp","width":250,"height":95,"caption":"CSJ Emballages"},"image":{"@id":"https:\/\/www.csj-emballages.com\/de\/#\/schema\/logo\/image\/"},"sameAs":["https:\/\/www.facebook.com\/csjemballages"],"address":{"@type":"PostalAddress","streetAddress":"ZI La Lechere","addressLocality":"Patornay","postalCode":"39130","addressCountry":"FR"},"contactPoint":[{"@type":"ContactPoint","contactType":"Service client","telephone":"0384254272","email":"contact@csj-emballages.com"}]}]}},"df_price":1.72,"df_sale_price":"","df_regular_price":1.72,"df_image_link":"https:\/\/www.csj-emballages.com\/wp-content\/uploads\/2025\/11\/SR40MGORA-300x300.webp","tiered_pricing_type":"fixed","tiered_pricing_fixed_rules":[],"tiered_pricing_percentage_rules":[],"tiered_pricing_minimum":1,"tiered_pricing_roles_data":[],"_links":{"self":[{"href":"https:\/\/www.csj-emballages.com\/de\/wp-json\/wp\/v2\/product\/259472","targetHints":{"allow":["GET"]}}],"collection":[{"href":"https:\/\/www.csj-emballages.com\/de\/wp-json\/wp\/v2\/product"}],"about":[{"href":"https:\/\/www.csj-emballages.com\/de\/wp-json\/wp\/v2\/types\/product"}],"wp:featuredmedia":[{"embeddable":true,"href":"https:\/\/www.csj-emballages.com\/de\/wp-json\/wp\/v2\/media\/259468"}],"wp:attachment":[{"href":"https:\/\/www.csj-emballages.com\/de\/wp-json\/wp\/v2\/media?parent=259472"}],"wp:term":[{"taxonomy":"product_brand","embeddable":true,"href":"https:\/\/www.csj-emballages.com\/de\/wp-json\/wp\/v2\/product_brand?post=259472"},{"taxonomy":"product_cat","embeddable":true,"href":"https:\/\/www.csj-emballages.com\/de\/wp-json\/wp\/v2\/product_cat?post=259472"},{"taxonomy":"product_tag","embeddable":true,"href":"https:\/\/www.csj-emballages.com\/de\/wp-json\/wp\/v2\/product_tag?post=259472"}],"curies":[{"name":"wp","href":"https:\/\/api.w.org\/{rel}","templated":true}]}}