{"id":259429,"date":"2025-11-05T15:18:24","date_gmt":"2025-11-05T14:18:24","guid":{"rendered":"https:\/\/www.csj-emballages.com\/produit\/mikro-gepraegte-champagner-serviette-38-x-38-cm-40-stueck\/"},"modified":"2026-03-12T16:43:25","modified_gmt":"2026-03-12T15:43:25","slug":"mikro-gepraegte-champagner-serviette-38-x-38-cm-40-stueck","status":"publish","type":"product","link":"https:\/\/www.csj-emballages.com\/de\/produit\/mikro-gepraegte-champagner-serviette-38-x-38-cm-40-stueck\/","title":{"rendered":"Mikro-gepr\u00e4gte Champagner-Serviette, 38 x 38 cm, 40 St\u00fcck"},"content":{"rendered":"<h2 class=\"p1\">Champagner-Serviette<\/h2>\n<hr>\n<h3>Beschreibung unserer mikro-gepr\u00e4gten Champagner-Serviette, 38 x 38 cm, 40er-Pack.<\/h3>\n<p><!--more--><\/p>\n<p data-start=\"308\" data-end=\"704\">Diskret, elegant und angenehm in der Anwendung, verleiht diese <strong>Champagner-Serviette<\/strong> <strong data-start=\"367\" data-end=\"405\">mikro-gepr\u00e4gt 38 x 38 cm<\/strong> Ihren Tischen eine wahrhaft sanfte Note. Tats\u00e4chlich f\u00fcgt sich ihr <g id=\"gid_2\">heller<\/g> und <g id=\"gid_3\">warmer<\/g> Farbton m\u00fchelos in jedes Ambiente ein, sei es f\u00fcr ein allt\u00e4gliches Essen, eine professionelle Veranstaltung oder einen gehobenen Empfang. Sie ist unaufdringlich, und genau das macht ihre St\u00e4rke aus.  <\/p>\n<p data-start=\"706\" data-end=\"1077\">Dank ihrer <strong>mikro-gepr\u00e4gten<\/strong> Textur liegt sie gut in der Hand und bleibt dabei geschmeidig. Sie absorbiert effektiv, ohne schwer oder rau zu werden, was sie f\u00fcr die G\u00e4ste vom Anfang bis zum Ende des Essens angenehm macht. Ihr <strong>quadratisches<\/strong> Format von <strong>38 x 38 cm<\/strong> erm\u00f6glicht ein sauberes und ordentliches Falten, sei es einfach auf einem Tisch platziert oder in eine aufwendigere Tischdekoration integriert.  <\/p>\n<p data-start=\"1079\" data-end=\"1391\">Dar\u00fcber hinaus erweist sich diese <strong>Serviette<\/strong> als ebenso praktisch wie \u00e4sthetisch. Sie eignet sich sowohl f\u00fcr Restaurants, Caterer, Caf\u00e9s oder private Veranstaltungen als auch f\u00fcr Familienfeiern. Zudem ist der <strong data-start=\"1262\" data-end=\"1275\">40er-Pack<\/strong> ideal, um den Bedarf ohne Verschwendung zu decken und gleichzeitig einen ausreichenden Vorrat f\u00fcr zuk\u00fcnftige Anl\u00e4sse zu haben.  <\/p>\n<p data-start=\"1393\" data-end=\"1658\">Zusammenfassend setzt diese <strong>Champagner-Serviette<\/strong> auf Ausgewogenheit: eine <strong>sanfte<\/strong> Farbe, eine angenehme Textur und ein vielseitiges Format. Sie begleitet Ihre Tische mit Einfachheit und Effizienz und bietet dabei das kleine Detail, das den Unterschied im Kundenerlebnis ausmacht. <\/p>\n<p><!--more--><\/p>\n<h4>Vorteile :<\/h4>\n<ul>\n<li data-start=\"1686\" data-end=\"1721\"><strong>Champagnerfarben<\/strong>, sanft und elegant.<\/li>\n<li data-start=\"1724\" data-end=\"1767\">Angenehm anzufassende <strong>mikro-gepr\u00e4gte<\/strong> Textur.<\/li>\n<li data-start=\"1770\" data-end=\"1799\">Gute Saugf\u00e4higkeit.<\/li>\n<li data-start=\"1802\" data-end=\"1832\">Vielseitiges Format <strong>38 x 38 cm<\/strong>.<\/li>\n<li data-start=\"1835\" data-end=\"1878\">Praktischer <strong>40er-Pack<\/strong> f\u00fcr einen kontrollierten Einsatz.<\/li>\n<\/ul>\n<p>&nbsp;<\/p>\n<p><!--more--><\/p>\n<h4>Weitere Informationen :<\/h4>\n<ul>\n<li><strong>Verpackung<\/strong>: Packung mit 40 St\u00fcck<\/li>\n<li><strong>Ma\u00dfe<\/strong>: 38 x 38 cm<\/li>\n<li><strong>Material<\/strong> : Mikro-gepr\u00e4gte Watte<\/li>\n<li><strong>Farbe<\/strong>: Champagner<\/li>\n<\/ul>\n<p>&nbsp;<\/p>\n<p><!--more--><\/p>\n<p>Dieses Produkt ist in verschiedenen Farben erh\u00e4ltlich: <span style=\"color: #d12727;\"><a style=\"color: #d12727;\" href=\"https:\/\/www.csj-emballages.com\/es\/produit\/servilleta-azul-pastel-microgofreada-de-38-x-38-cm-en-paquetes-de-40\/\">Pastellblau<\/a><\/span> \/ <span style=\"color: #d12727;\"><a style=\"color: #d12727;\" href=\"https:\/\/www.csj-emballages.com\/es\/produit\/servilleta-lila-microgofre-38-x-38-cm-pack-de-40\/\">Lila<\/a><\/span> \/ <span style=\"color: #d12727;\"><a style=\"color: #d12727;\" href=\"https:\/\/www.csj-emballages.com\/es\/produit\/servilleta-rosa-pastel-microgofre-de-38-x-38-cm-pack-de-40\/\">Pastellrosa<\/a><\/span> \/ <span style=\"color: #d12727;\"><a style=\"color: #d12727;\" href=\"https:\/\/www.csj-emballages.com\/es\/produit\/servilleta-marfil-microgofre-38-x-38-cm-en-paquetes-de-40\/\">Elfenbein<\/a><\/span> \/ <span style=\"color: #d12727;\"><a style=\"color: #d12727;\" href=\"https:\/\/www.csj-emballages.com\/es\/produit\/toalla-amarilla-micro-gofrada-de-38-x-38-cm-pack-de-40\/\">Gelb<\/a><\/span> \/ <span style=\"color: #d12727;\"><a style=\"color: #d12727;\" href=\"https:\/\/www.csj-emballages.com\/es\/produit\/servilleta-naranja-microgofre-de-38-x-38-cm-pack-de-40\/\">Orange<\/a><\/span> \/ <span style=\"color: #d12727;\"><a style=\"color: #d12727;\" href=\"https:\/\/www.csj-emballages.com\/es\/produit\/servilleta-azul-marino-microgofre-de-38-x-38-cm-pack-de-40\/\">Marineblau<\/a><\/span><\/p>\n<p>&nbsp;<\/p>\n<p><!--more--><\/p>\n<p><a href=\"\/?product_cat=serviettes-2-plis-micro-gaufrees\">Sehen Sie sich den Rest unseres Sortiments an 2-lagigen gepr\u00e4gten Handt\u00fcchern an<\/a><\/p>\n","protected":false},"excerpt":{"rendered":"<p>Champagner-Serviette Beschreibung unserer mikro-gepr\u00e4gten Champagner-Serviette, 38 x 38 cm, 40er-Pack.<\/p>\n","protected":false},"featured_media":259438,"template":"","meta":{"_acf_changed":false},"product_brand":[],"product_cat":[1137,1134,1135,1251,1253],"product_tag":[],"class_list":{"0":"post-259429","1":"product","2":"type-product","3":"status-publish","4":"has-post-thumbnail","6":"product_cat-lebensmittelverpackungen","7":"product_cat-restauration-de","8":"product_cat-servietten-tischsets-tischdecken","9":"product_cat-handtucher","10":"product_cat-2-lagige-servietten-mit-mikropragung","12":"first","13":"instock","14":"taxable","15":"shipping-taxable","16":"purchasable","17":"product-type-simple"},"acf":[],"yoast_head":"<!-- This site is optimized with the Yoast SEO Premium plugin v26.6 (Yoast SEO v26.6) - https:\/\/yoast.com\/wordpress\/plugins\/seo\/ -->\n<title>Mikro-gepr\u00e4gte Champagner-Serviette, 38 x 38 cm, 40er-Pack<\/title>\n<meta name=\"description\" content=\"Mikro-gepr\u00e4gte Champagner-Serviette, 38x38 cm, im 40er-Pack. Elegant, weich und saugf\u00e4hig, ideal f\u00fcr Restaurants, Veranstaltungen und Empf\u00e4nge.\" \/>\n<meta name=\"robots\" content=\"index, follow, max-snippet:-1, max-image-preview:large, max-video-preview:-1\" \/>\n<link rel=\"canonical\" href=\"https:\/\/www.csj-emballages.com\/de\/produit\/mikro-gepraegte-champagner-serviette-38-x-38-cm-40-stueck\/\" \/>\n<meta property=\"og:locale\" content=\"de_DE\" \/>\n<meta property=\"og:type\" content=\"article\" \/>\n<meta property=\"og:title\" content=\"Mikro-gepr\u00e4gte Champagner-Serviette, 38 x 38 cm, 40 St\u00fcck\" \/>\n<meta property=\"og:description\" content=\"Mikro-gepr\u00e4gte Champagner-Serviette, 38x38 cm, im 40er-Pack. Elegant, weich und saugf\u00e4hig, ideal f\u00fcr Restaurants, Veranstaltungen und Empf\u00e4nge.\" \/>\n<meta property=\"og:url\" content=\"https:\/\/www.csj-emballages.com\/de\/produit\/mikro-gepraegte-champagner-serviette-38-x-38-cm-40-stueck\/\" \/>\n<meta property=\"og:site_name\" content=\"CSJ Emballages\" \/>\n<meta property=\"article:publisher\" content=\"https:\/\/www.facebook.com\/csjemballages\" \/>\n<meta property=\"article:modified_time\" content=\"2026-03-12T15:43:25+00:00\" \/>\n<meta property=\"og:image\" content=\"https:\/\/www.csj-emballages.com\/wp-content\/uploads\/2025\/11\/SR40MGCHAM.webp\" \/>\n\t<meta property=\"og:image:width\" content=\"800\" \/>\n\t<meta property=\"og:image:height\" content=\"800\" \/>\n\t<meta property=\"og:image:type\" content=\"image\/webp\" \/>\n<meta name=\"twitter:card\" content=\"summary_large_image\" \/>\n<meta name=\"twitter:label1\" content=\"Gesch\u00e4tzte Lesezeit\" \/>\n\t<meta name=\"twitter:data1\" content=\"2 Minuten\" \/>\n<script type=\"application\/ld+json\" class=\"yoast-schema-graph\">{\"@context\":\"https:\/\/schema.org\",\"@graph\":[{\"@type\":\"WebPage\",\"@id\":\"https:\/\/www.csj-emballages.com\/de\/produit\/mikro-gepraegte-champagner-serviette-38-x-38-cm-40-stueck\/\",\"url\":\"https:\/\/www.csj-emballages.com\/de\/produit\/mikro-gepraegte-champagner-serviette-38-x-38-cm-40-stueck\/\",\"name\":\"Mikro-gepr\u00e4gte Champagner-Serviette, 38 x 38 cm, 40er-Pack\",\"isPartOf\":{\"@id\":\"https:\/\/www.csj-emballages.com\/de\/#website\"},\"primaryImageOfPage\":{\"@id\":\"https:\/\/www.csj-emballages.com\/de\/produit\/mikro-gepraegte-champagner-serviette-38-x-38-cm-40-stueck\/#primaryimage\"},\"image\":{\"@id\":\"https:\/\/www.csj-emballages.com\/de\/produit\/mikro-gepraegte-champagner-serviette-38-x-38-cm-40-stueck\/#primaryimage\"},\"thumbnailUrl\":\"https:\/\/www.csj-emballages.com\/wp-content\/uploads\/2025\/11\/SR40MGCHAM.webp\",\"datePublished\":\"2025-11-05T14:18:24+00:00\",\"dateModified\":\"2026-03-12T15:43:25+00:00\",\"description\":\"Mikro-gepr\u00e4gte Champagner-Serviette, 38x38 cm, im 40er-Pack. Elegant, weich und saugf\u00e4hig, ideal f\u00fcr Restaurants, Veranstaltungen und Empf\u00e4nge.\",\"breadcrumb\":{\"@id\":\"https:\/\/www.csj-emballages.com\/de\/produit\/mikro-gepraegte-champagner-serviette-38-x-38-cm-40-stueck\/#breadcrumb\"},\"inLanguage\":\"de\",\"potentialAction\":[{\"@type\":\"ReadAction\",\"target\":[\"https:\/\/www.csj-emballages.com\/de\/produit\/mikro-gepraegte-champagner-serviette-38-x-38-cm-40-stueck\/\"]}]},{\"@type\":\"ImageObject\",\"inLanguage\":\"de\",\"@id\":\"https:\/\/www.csj-emballages.com\/de\/produit\/mikro-gepraegte-champagner-serviette-38-x-38-cm-40-stueck\/#primaryimage\",\"url\":\"https:\/\/www.csj-emballages.com\/wp-content\/uploads\/2025\/11\/SR40MGCHAM.webp\",\"contentUrl\":\"https:\/\/www.csj-emballages.com\/wp-content\/uploads\/2025\/11\/SR40MGCHAM.webp\",\"width\":800,\"height\":800,\"caption\":\"Serviette champagne\"},{\"@type\":\"BreadcrumbList\",\"@id\":\"https:\/\/www.csj-emballages.com\/de\/produit\/mikro-gepraegte-champagner-serviette-38-x-38-cm-40-stueck\/#breadcrumb\",\"itemListElement\":[{\"@type\":\"ListItem\",\"position\":1,\"name\":\"Accueil\",\"item\":\"https:\/\/www.csj-emballages.com\/de\/universum-lebensmittelverpackungen\/\"},{\"@type\":\"ListItem\",\"position\":2,\"name\":\"Shop\",\"item\":\"https:\/\/www.csj-emballages.com\/shop\/\"},{\"@type\":\"ListItem\",\"position\":3,\"name\":\"Mikro-gepr\u00e4gte Champagner-Serviette, 38 x 38 cm, 40 St\u00fcck\"}]},{\"@type\":\"WebSite\",\"@id\":\"https:\/\/www.csj-emballages.com\/de\/#website\",\"url\":\"https:\/\/www.csj-emballages.com\/de\/\",\"name\":\"CSJ Emballages\",\"description\":\"\",\"publisher\":{\"@id\":\"https:\/\/www.csj-emballages.com\/de\/#organization\"},\"potentialAction\":[{\"@type\":\"SearchAction\",\"target\":{\"@type\":\"EntryPoint\",\"urlTemplate\":\"https:\/\/www.csj-emballages.com\/de\/?s={search_term_string}\"},\"query-input\":{\"@type\":\"PropertyValueSpecification\",\"valueRequired\":true,\"valueName\":\"search_term_string\"}}],\"inLanguage\":\"de\"},{\"@type\":\"Organization\",\"@id\":\"https:\/\/www.csj-emballages.com\/de\/#Organization\/\",\"name\":\"CSJ Emballages\",\"url\":\"https:\/\/www.csj-emballages.com\/de\/\",\"logo\":{\"@type\":\"ImageObject\",\"inLanguage\":\"de\",\"@id\":\"https:\/\/www.csj-emballages.com\/de\/#\/schema\/logo\/image\/\",\"url\":\"https:\/\/www.csj-emballages.com\/wp-content\/uploads\/2023\/10\/logo_csj.webp\",\"contentUrl\":\"https:\/\/www.csj-emballages.com\/wp-content\/uploads\/2023\/10\/logo_csj.webp\",\"width\":250,\"height\":95,\"caption\":\"CSJ Emballages\"},\"image\":{\"@id\":\"https:\/\/www.csj-emballages.com\/de\/#\/schema\/logo\/image\/\"},\"sameAs\":[\"https:\/\/www.facebook.com\/csjemballages\"],\"address\":{\"@type\":\"PostalAddress\",\"streetAddress\":\"ZI La Lechere\",\"addressLocality\":\"Patornay\",\"postalCode\":\"39130\",\"addressCountry\":\"FR\"},\"contactPoint\":[{\"@type\":\"ContactPoint\",\"contactType\":\"Service client\",\"telephone\":\"0384254272\",\"email\":\"contact@csj-emballages.com\"}]}]}<\/script>\n<!-- \/ Yoast SEO Premium plugin. -->","yoast_head_json":{"title":"Mikro-gepr\u00e4gte Champagner-Serviette, 38 x 38 cm, 40er-Pack","description":"Mikro-gepr\u00e4gte Champagner-Serviette, 38x38 cm, im 40er-Pack. Elegant, weich und saugf\u00e4hig, ideal f\u00fcr Restaurants, Veranstaltungen und Empf\u00e4nge.","robots":{"index":"index","follow":"follow","max-snippet":"max-snippet:-1","max-image-preview":"max-image-preview:large","max-video-preview":"max-video-preview:-1"},"canonical":"https:\/\/www.csj-emballages.com\/de\/produit\/mikro-gepraegte-champagner-serviette-38-x-38-cm-40-stueck\/","og_locale":"de_DE","og_type":"article","og_title":"Mikro-gepr\u00e4gte Champagner-Serviette, 38 x 38 cm, 40 St\u00fcck","og_description":"Mikro-gepr\u00e4gte Champagner-Serviette, 38x38 cm, im 40er-Pack. Elegant, weich und saugf\u00e4hig, ideal f\u00fcr Restaurants, Veranstaltungen und Empf\u00e4nge.","og_url":"https:\/\/www.csj-emballages.com\/de\/produit\/mikro-gepraegte-champagner-serviette-38-x-38-cm-40-stueck\/","og_site_name":"CSJ Emballages","article_publisher":"https:\/\/www.facebook.com\/csjemballages","article_modified_time":"2026-03-12T15:43:25+00:00","og_image":[{"width":800,"height":800,"url":"https:\/\/www.csj-emballages.com\/wp-content\/uploads\/2025\/11\/SR40MGCHAM.webp","type":"image\/webp"}],"twitter_card":"summary_large_image","twitter_misc":{"Gesch\u00e4tzte Lesezeit":"2 Minuten"},"schema":{"@context":"https:\/\/schema.org","@graph":[{"@type":"WebPage","@id":"https:\/\/www.csj-emballages.com\/de\/produit\/mikro-gepraegte-champagner-serviette-38-x-38-cm-40-stueck\/","url":"https:\/\/www.csj-emballages.com\/de\/produit\/mikro-gepraegte-champagner-serviette-38-x-38-cm-40-stueck\/","name":"Mikro-gepr\u00e4gte Champagner-Serviette, 38 x 38 cm, 40er-Pack","isPartOf":{"@id":"https:\/\/www.csj-emballages.com\/de\/#website"},"primaryImageOfPage":{"@id":"https:\/\/www.csj-emballages.com\/de\/produit\/mikro-gepraegte-champagner-serviette-38-x-38-cm-40-stueck\/#primaryimage"},"image":{"@id":"https:\/\/www.csj-emballages.com\/de\/produit\/mikro-gepraegte-champagner-serviette-38-x-38-cm-40-stueck\/#primaryimage"},"thumbnailUrl":"https:\/\/www.csj-emballages.com\/wp-content\/uploads\/2025\/11\/SR40MGCHAM.webp","datePublished":"2025-11-05T14:18:24+00:00","dateModified":"2026-03-12T15:43:25+00:00","description":"Mikro-gepr\u00e4gte Champagner-Serviette, 38x38 cm, im 40er-Pack. Elegant, weich und saugf\u00e4hig, ideal f\u00fcr Restaurants, Veranstaltungen und Empf\u00e4nge.","breadcrumb":{"@id":"https:\/\/www.csj-emballages.com\/de\/produit\/mikro-gepraegte-champagner-serviette-38-x-38-cm-40-stueck\/#breadcrumb"},"inLanguage":"de","potentialAction":[{"@type":"ReadAction","target":["https:\/\/www.csj-emballages.com\/de\/produit\/mikro-gepraegte-champagner-serviette-38-x-38-cm-40-stueck\/"]}]},{"@type":"ImageObject","inLanguage":"de","@id":"https:\/\/www.csj-emballages.com\/de\/produit\/mikro-gepraegte-champagner-serviette-38-x-38-cm-40-stueck\/#primaryimage","url":"https:\/\/www.csj-emballages.com\/wp-content\/uploads\/2025\/11\/SR40MGCHAM.webp","contentUrl":"https:\/\/www.csj-emballages.com\/wp-content\/uploads\/2025\/11\/SR40MGCHAM.webp","width":800,"height":800,"caption":"Serviette champagne"},{"@type":"BreadcrumbList","@id":"https:\/\/www.csj-emballages.com\/de\/produit\/mikro-gepraegte-champagner-serviette-38-x-38-cm-40-stueck\/#breadcrumb","itemListElement":[{"@type":"ListItem","position":1,"name":"Accueil","item":"https:\/\/www.csj-emballages.com\/de\/universum-lebensmittelverpackungen\/"},{"@type":"ListItem","position":2,"name":"Shop","item":"https:\/\/www.csj-emballages.com\/shop\/"},{"@type":"ListItem","position":3,"name":"Mikro-gepr\u00e4gte Champagner-Serviette, 38 x 38 cm, 40 St\u00fcck"}]},{"@type":"WebSite","@id":"https:\/\/www.csj-emballages.com\/de\/#website","url":"https:\/\/www.csj-emballages.com\/de\/","name":"CSJ Emballages","description":"","publisher":{"@id":"https:\/\/www.csj-emballages.com\/de\/#organization"},"potentialAction":[{"@type":"SearchAction","target":{"@type":"EntryPoint","urlTemplate":"https:\/\/www.csj-emballages.com\/de\/?s={search_term_string}"},"query-input":{"@type":"PropertyValueSpecification","valueRequired":true,"valueName":"search_term_string"}}],"inLanguage":"de"},{"@type":"Organization","@id":"https:\/\/www.csj-emballages.com\/de\/#Organization\/","name":"CSJ Emballages","url":"https:\/\/www.csj-emballages.com\/de\/","logo":{"@type":"ImageObject","inLanguage":"de","@id":"https:\/\/www.csj-emballages.com\/de\/#\/schema\/logo\/image\/","url":"https:\/\/www.csj-emballages.com\/wp-content\/uploads\/2023\/10\/logo_csj.webp","contentUrl":"https:\/\/www.csj-emballages.com\/wp-content\/uploads\/2023\/10\/logo_csj.webp","width":250,"height":95,"caption":"CSJ Emballages"},"image":{"@id":"https:\/\/www.csj-emballages.com\/de\/#\/schema\/logo\/image\/"},"sameAs":["https:\/\/www.facebook.com\/csjemballages"],"address":{"@type":"PostalAddress","streetAddress":"ZI La Lechere","addressLocality":"Patornay","postalCode":"39130","addressCountry":"FR"},"contactPoint":[{"@type":"ContactPoint","contactType":"Service client","telephone":"0384254272","email":"contact@csj-emballages.com"}]}]}},"df_price":1.38,"df_sale_price":"","df_regular_price":1.38,"df_image_link":"https:\/\/www.csj-emballages.com\/wp-content\/uploads\/2025\/11\/SR40MGCHAM-300x300.webp","tiered_pricing_type":"fixed","tiered_pricing_fixed_rules":[],"tiered_pricing_percentage_rules":[],"tiered_pricing_minimum":1,"tiered_pricing_roles_data":[],"_links":{"self":[{"href":"https:\/\/www.csj-emballages.com\/de\/wp-json\/wp\/v2\/product\/259429","targetHints":{"allow":["GET"]}}],"collection":[{"href":"https:\/\/www.csj-emballages.com\/de\/wp-json\/wp\/v2\/product"}],"about":[{"href":"https:\/\/www.csj-emballages.com\/de\/wp-json\/wp\/v2\/types\/product"}],"wp:featuredmedia":[{"embeddable":true,"href":"https:\/\/www.csj-emballages.com\/de\/wp-json\/wp\/v2\/media\/259438"}],"wp:attachment":[{"href":"https:\/\/www.csj-emballages.com\/de\/wp-json\/wp\/v2\/media?parent=259429"}],"wp:term":[{"taxonomy":"product_brand","embeddable":true,"href":"https:\/\/www.csj-emballages.com\/de\/wp-json\/wp\/v2\/product_brand?post=259429"},{"taxonomy":"product_cat","embeddable":true,"href":"https:\/\/www.csj-emballages.com\/de\/wp-json\/wp\/v2\/product_cat?post=259429"},{"taxonomy":"product_tag","embeddable":true,"href":"https:\/\/www.csj-emballages.com\/de\/wp-json\/wp\/v2\/product_tag?post=259429"}],"curies":[{"name":"wp","href":"https:\/\/api.w.org\/{rel}","templated":true}]}}