{"id":259413,"date":"2025-11-05T15:18:21","date_gmt":"2025-11-05T14:18:21","guid":{"rendered":"https:\/\/www.csj-emballages.com\/produit\/pastellblaue-mikrowaffel-serviette-38-x-38-cm-40-stueck\/"},"modified":"2026-03-21T02:14:38","modified_gmt":"2026-03-21T01:14:38","slug":"pastellblaue-mikrowaffel-serviette-38-x-38-cm-40-stueck","status":"publish","type":"product","link":"https:\/\/www.csj-emballages.com\/de\/produit\/pastellblaue-mikrowaffel-serviette-38-x-38-cm-40-stueck\/","title":{"rendered":"Pastellblaue Mikrowaffel-Serviette 38 x 38 cm, 40 St\u00fcck"},"content":{"rendered":"<h2 class=\"p1\">Pastellblaue Serviette<\/h2>\n<hr>\n<h3>Beschreibung unserer pastellblauen Mikrowaffel-Serviette 38 x 38 cm, 40 St\u00fcck<\/h3>\n<p><!--more--><\/p>\n<p data-start=\"225\" data-end=\"636\">Sanft f\u00fcr Auge und Hand, verleiht diese <strong data-start=\"263\" data-end=\"302\">pastellblaue Mikrowaffel-Serviette<\/strong> Ihrem Tisch sofort eine elegante und gepflegte Note. Ihre subtile Farbe schafft eine <g id=\"gid_1\">ruhige<\/g> und <g id=\"gid_2\">gelassene<\/g> Atmosph\u00e4re, ideal f\u00fcr alle, die Wert auf Details legen, die den Unterschied machen, ohne dabei aufdringlich zu wirken. Ob f\u00fcr eine Veranstaltung, einen Cateringservice oder den Alltagstisch \u2013 sie findet leicht ihren Platz.  <\/p>\n<p data-start=\"638\" data-end=\"998\">Dank ihres Formats von <strong data-start=\"657\" data-end=\"671\">38 x 38 cm<\/strong> bietet sie einen sehr angenehmen Nutzungskomfort. Sie l\u00e4sst sich leicht entfalten, liegt gut in der Hand und begleitet Mahlzeiten diskret und effizient. Ihre <strong>mikro-gepr\u00e4gte<\/strong> Textur ist nicht nur \u00e4sthetisch: Sie verbessert die <strong>Saugf\u00e4higkeit<\/strong> und verleiht der Serviette einen angenehmen Halt, selbst bei l\u00e4ngerem Gebrauch.  <\/p>\n<p data-start=\"1000\" data-end=\"1308\">Zudem passt ihre Frische zu zahlreichen Anl\u00e4ssen. Sie eignet sich gleicherma\u00dfen f\u00fcr einen Brunch, eine Kaffeetafel, eine Gender-Reveal-Party, einen Geburtstag oder sogar einen professionellen Tisch, der mit zu klassischen Konventionen brechen m\u00f6chte. Das <strong>Pastellblau<\/strong> verleiht eine frische und moderne Note, bleibt dabei aber stets elegant.  <\/p>\n<p data-start=\"1310\" data-end=\"1537\">Verpackt <strong data-start=\"1323\" data-end=\"1340\">im 40er-Pack<\/strong>, erm\u00f6glicht diese Serviette eine einfache Bedarfsdeckung ohne unn\u00f6tigen \u00dcberbestand. Sie ist eine praktische L\u00f6sung f\u00fcr alle, die ein Produkt suchen, das sowohl funktional als auch \u00e4sthetisch ist, ohne Kompromisse einzugehen. <\/p>\n<p data-start=\"1539\" data-end=\"1735\">Kurz gesagt, ist diese <strong>pastellblaue Mikrowaffel-Serviette<\/strong> nicht nur ein einfaches Accessoire. Sie tr\u00e4gt zur Atmosph\u00e4re bei, wertet Ihre Pr\u00e4sentation auf und macht jeden Moment am Tisch ein wenig angenehmer. <\/p>\n<p><!--more--><\/p>\n<h4>Vorteile :<\/h4>\n<ul>\n<li data-start=\"1764\" data-end=\"1803\">Sanftes <strong>Pastellblau<\/strong>.<\/li>\n<li data-start=\"1806\" data-end=\"1838\">Angenehme <strong>mikro-gepr\u00e4gte<\/strong> Textur.<\/li>\n<li data-start=\"1841\" data-end=\"1859\">Gute Saugf\u00e4higkeit.<\/li>\n<li data-start=\"1862\" data-end=\"1893\">Komfortables Format <strong>38 x 38 cm.<\/strong><\/li>\n<li data-start=\"1896\" data-end=\"1927\">Praktischer <strong>40er-Pack Servietten<\/strong>.<\/li>\n<\/ul>\n<p>&nbsp;<\/p>\n<p><!--more--><\/p>\n<h4>Weitere Informationen :<\/h4>\n<ul>\n<li><strong>Verpackung<\/strong>: Packung mit 40 St\u00fcck<\/li>\n<li><strong>Ma\u00dfe<\/strong>: 38 x 38 cm<\/li>\n<li><strong>Material<\/strong> : Mikro-gepr\u00e4gte Watte<\/li>\n<li><strong>Farbe<\/strong>: Pastellblau<\/li>\n<\/ul>\n<p>&nbsp;<\/p>\n<p><!--more--><\/p>\n<p>Dieses Produkt ist in verschiedenen Farben erh\u00e4ltlich: <span style=\"color: #d12727;\"><a style=\"color: #d12727;\" href=\"https:\/\/www.csj-emballages.com\/es\/produit\/servilleta-azul-marino-microgofre-de-38-x-38-cm-pack-de-40\/\">Marineblau<\/a><\/span> \/ <span style=\"color: #d12727;\"><a style=\"color: #d12727;\" href=\"https:\/\/www.csj-emballages.com\/es\/produit\/servilleta-rosa-pastel-microgofre-de-38-x-38-cm-pack-de-40\/\">Pastellrosa<\/a><\/span> \/ <span style=\"color: #d12727;\"><a style=\"color: #d12727;\" href=\"https:\/\/www.csj-emballages.com\/es\/produit\/servilleta-naranja-microgofre-de-38-x-38-cm-pack-de-40\/\">Orange<\/a><\/span> \/ <span style=\"color: #d12727;\"><a style=\"color: #d12727;\" href=\"https:\/\/www.csj-emballages.com\/es\/produit\/servilleta-marfil-microgofre-38-x-38-cm-en-paquetes-de-40\/\">Elfenbein<\/a><\/span> \/ <span style=\"color: #d12727;\"><a style=\"color: #d12727;\" href=\"https:\/\/www.csj-emballages.com\/es\/produit\/servilleta-color-champan-micro-gofrada-de-38-x-38-cm-pack-de-40\/\">Champagner<\/a><\/span> \/ <span style=\"color: #d12727;\"><a style=\"color: #d12727;\" href=\"https:\/\/www.csj-emballages.com\/es\/produit\/toalla-amarilla-micro-gofrada-de-38-x-38-cm-pack-de-40\/\">Gelb<\/a><\/span> \/ <span style=\"color: #d12727;\"><a style=\"color: #d12727;\" href=\"https:\/\/www.csj-emballages.com\/es\/produit\/servilleta-lila-microgofre-38-x-38-cm-pack-de-40\/\">Lila<\/a><\/span><\/p>\n<p>&nbsp;<\/p>\n<p><!--more--><\/p>\n<p><a href=\"\/?product_cat=serviettes-2-plis-micro-gaufrees\">Sehen Sie sich den Rest unseres Sortiments an 2-lagigen gepr\u00e4gten Handt\u00fcchern an<\/a><\/p>\n","protected":false},"excerpt":{"rendered":"<p>Pastellblaue Serviette Beschreibung unserer pastellblauen Mikrowaffel-Serviette 38 x 38 cm, 40 St\u00fcck<\/p>\n","protected":false},"featured_media":259408,"template":"","meta":{"_acf_changed":false},"product_brand":[],"product_cat":[1137,1134,1135,1251,1253],"product_tag":[],"class_list":{"0":"post-259413","1":"product","2":"type-product","3":"status-publish","4":"has-post-thumbnail","6":"product_cat-lebensmittelverpackungen","7":"product_cat-restauration-de","8":"product_cat-servietten-tischsets-tischdecken","9":"product_cat-handtucher","10":"product_cat-2-lagige-servietten-mit-mikropragung","12":"first","13":"instock","14":"taxable","15":"shipping-taxable","16":"purchasable","17":"product-type-simple"},"acf":[],"yoast_head":"<!-- This site is optimized with the Yoast SEO Premium plugin v26.6 (Yoast SEO v26.6) - https:\/\/yoast.com\/wordpress\/plugins\/seo\/ -->\n<title>Pastellblaue Mikrowaffel-Serviette 38 x 38 cm, 40 St\u00fcck<\/title>\n<meta name=\"description\" content=\"Pastellblaue Mikrowaffel-Serviette 38x38 cm, 40 St\u00fcck. Weich und saugf\u00e4hig, perfekt, um Ihre Tische und Veranstaltungen aufzuwerten.\" \/>\n<meta name=\"robots\" content=\"index, follow, max-snippet:-1, max-image-preview:large, max-video-preview:-1\" \/>\n<link rel=\"canonical\" href=\"https:\/\/www.csj-emballages.com\/de\/produit\/pastellblaue-mikrowaffel-serviette-38-x-38-cm-40-stueck\/\" \/>\n<meta property=\"og:locale\" content=\"de_DE\" \/>\n<meta property=\"og:type\" content=\"article\" \/>\n<meta property=\"og:title\" content=\"Pastellblaue Mikrowaffel-Serviette 38 x 38 cm, 40 St\u00fcck\" \/>\n<meta property=\"og:description\" content=\"Pastellblaue Mikrowaffel-Serviette 38x38 cm, 40 St\u00fcck. Weich und saugf\u00e4hig, perfekt, um Ihre Tische und Veranstaltungen aufzuwerten.\" \/>\n<meta property=\"og:url\" content=\"https:\/\/www.csj-emballages.com\/de\/produit\/pastellblaue-mikrowaffel-serviette-38-x-38-cm-40-stueck\/\" \/>\n<meta property=\"og:site_name\" content=\"CSJ Emballages\" \/>\n<meta property=\"article:publisher\" content=\"https:\/\/www.facebook.com\/csjemballages\" \/>\n<meta property=\"article:modified_time\" content=\"2026-03-21T01:14:38+00:00\" \/>\n<meta property=\"og:image\" content=\"https:\/\/www.csj-emballages.com\/wp-content\/uploads\/2025\/11\/SR40MGBP.webp\" \/>\n\t<meta property=\"og:image:width\" content=\"800\" \/>\n\t<meta property=\"og:image:height\" content=\"800\" \/>\n\t<meta property=\"og:image:type\" content=\"image\/webp\" \/>\n<meta name=\"twitter:card\" content=\"summary_large_image\" \/>\n<meta name=\"twitter:label1\" content=\"Gesch\u00e4tzte Lesezeit\" \/>\n\t<meta name=\"twitter:data1\" content=\"2 Minuten\" \/>\n<script type=\"application\/ld+json\" class=\"yoast-schema-graph\">{\"@context\":\"https:\/\/schema.org\",\"@graph\":[{\"@type\":\"WebPage\",\"@id\":\"https:\/\/www.csj-emballages.com\/de\/produit\/pastellblaue-mikrowaffel-serviette-38-x-38-cm-40-stueck\/\",\"url\":\"https:\/\/www.csj-emballages.com\/de\/produit\/pastellblaue-mikrowaffel-serviette-38-x-38-cm-40-stueck\/\",\"name\":\"Pastellblaue Mikrowaffel-Serviette 38 x 38 cm, 40 St\u00fcck\",\"isPartOf\":{\"@id\":\"https:\/\/www.csj-emballages.com\/de\/#website\"},\"primaryImageOfPage\":{\"@id\":\"https:\/\/www.csj-emballages.com\/de\/produit\/pastellblaue-mikrowaffel-serviette-38-x-38-cm-40-stueck\/#primaryimage\"},\"image\":{\"@id\":\"https:\/\/www.csj-emballages.com\/de\/produit\/pastellblaue-mikrowaffel-serviette-38-x-38-cm-40-stueck\/#primaryimage\"},\"thumbnailUrl\":\"https:\/\/www.csj-emballages.com\/wp-content\/uploads\/2025\/11\/SR40MGBP.webp\",\"datePublished\":\"2025-11-05T14:18:21+00:00\",\"dateModified\":\"2026-03-21T01:14:38+00:00\",\"description\":\"Pastellblaue Mikrowaffel-Serviette 38x38 cm, 40 St\u00fcck. Weich und saugf\u00e4hig, perfekt, um Ihre Tische und Veranstaltungen aufzuwerten.\",\"breadcrumb\":{\"@id\":\"https:\/\/www.csj-emballages.com\/de\/produit\/pastellblaue-mikrowaffel-serviette-38-x-38-cm-40-stueck\/#breadcrumb\"},\"inLanguage\":\"de\",\"potentialAction\":[{\"@type\":\"ReadAction\",\"target\":[\"https:\/\/www.csj-emballages.com\/de\/produit\/pastellblaue-mikrowaffel-serviette-38-x-38-cm-40-stueck\/\"]}]},{\"@type\":\"ImageObject\",\"inLanguage\":\"de\",\"@id\":\"https:\/\/www.csj-emballages.com\/de\/produit\/pastellblaue-mikrowaffel-serviette-38-x-38-cm-40-stueck\/#primaryimage\",\"url\":\"https:\/\/www.csj-emballages.com\/wp-content\/uploads\/2025\/11\/SR40MGBP.webp\",\"contentUrl\":\"https:\/\/www.csj-emballages.com\/wp-content\/uploads\/2025\/11\/SR40MGBP.webp\",\"width\":800,\"height\":800,\"caption\":\"Serviette bleu pastel\"},{\"@type\":\"BreadcrumbList\",\"@id\":\"https:\/\/www.csj-emballages.com\/de\/produit\/pastellblaue-mikrowaffel-serviette-38-x-38-cm-40-stueck\/#breadcrumb\",\"itemListElement\":[{\"@type\":\"ListItem\",\"position\":1,\"name\":\"Accueil\",\"item\":\"https:\/\/www.csj-emballages.com\/de\/universum-lebensmittelverpackungen\/\"},{\"@type\":\"ListItem\",\"position\":2,\"name\":\"Shop\",\"item\":\"https:\/\/www.csj-emballages.com\/shop\/\"},{\"@type\":\"ListItem\",\"position\":3,\"name\":\"Pastellblaue Mikrowaffel-Serviette 38 x 38 cm, 40 St\u00fcck\"}]},{\"@type\":\"WebSite\",\"@id\":\"https:\/\/www.csj-emballages.com\/de\/#website\",\"url\":\"https:\/\/www.csj-emballages.com\/de\/\",\"name\":\"CSJ Emballages\",\"description\":\"\",\"publisher\":{\"@id\":\"https:\/\/www.csj-emballages.com\/de\/#organization\"},\"potentialAction\":[{\"@type\":\"SearchAction\",\"target\":{\"@type\":\"EntryPoint\",\"urlTemplate\":\"https:\/\/www.csj-emballages.com\/de\/?s={search_term_string}\"},\"query-input\":{\"@type\":\"PropertyValueSpecification\",\"valueRequired\":true,\"valueName\":\"search_term_string\"}}],\"inLanguage\":\"de\"},{\"@type\":\"Organization\",\"@id\":\"https:\/\/www.csj-emballages.com\/de\/#Organization\/\",\"name\":\"CSJ Emballages\",\"url\":\"https:\/\/www.csj-emballages.com\/de\/\",\"logo\":{\"@type\":\"ImageObject\",\"inLanguage\":\"de\",\"@id\":\"https:\/\/www.csj-emballages.com\/de\/#\/schema\/logo\/image\/\",\"url\":\"https:\/\/www.csj-emballages.com\/wp-content\/uploads\/2023\/10\/logo_csj.webp\",\"contentUrl\":\"https:\/\/www.csj-emballages.com\/wp-content\/uploads\/2023\/10\/logo_csj.webp\",\"width\":250,\"height\":95,\"caption\":\"CSJ Emballages\"},\"image\":{\"@id\":\"https:\/\/www.csj-emballages.com\/de\/#\/schema\/logo\/image\/\"},\"sameAs\":[\"https:\/\/www.facebook.com\/csjemballages\"],\"address\":{\"@type\":\"PostalAddress\",\"streetAddress\":\"ZI La Lechere\",\"addressLocality\":\"Patornay\",\"postalCode\":\"39130\",\"addressCountry\":\"FR\"},\"contactPoint\":[{\"@type\":\"ContactPoint\",\"contactType\":\"Service client\",\"telephone\":\"0384254272\",\"email\":\"contact@csj-emballages.com\"}]}]}<\/script>\n<!-- \/ Yoast SEO Premium plugin. -->","yoast_head_json":{"title":"Pastellblaue Mikrowaffel-Serviette 38 x 38 cm, 40 St\u00fcck","description":"Pastellblaue Mikrowaffel-Serviette 38x38 cm, 40 St\u00fcck. Weich und saugf\u00e4hig, perfekt, um Ihre Tische und Veranstaltungen aufzuwerten.","robots":{"index":"index","follow":"follow","max-snippet":"max-snippet:-1","max-image-preview":"max-image-preview:large","max-video-preview":"max-video-preview:-1"},"canonical":"https:\/\/www.csj-emballages.com\/de\/produit\/pastellblaue-mikrowaffel-serviette-38-x-38-cm-40-stueck\/","og_locale":"de_DE","og_type":"article","og_title":"Pastellblaue Mikrowaffel-Serviette 38 x 38 cm, 40 St\u00fcck","og_description":"Pastellblaue Mikrowaffel-Serviette 38x38 cm, 40 St\u00fcck. Weich und saugf\u00e4hig, perfekt, um Ihre Tische und Veranstaltungen aufzuwerten.","og_url":"https:\/\/www.csj-emballages.com\/de\/produit\/pastellblaue-mikrowaffel-serviette-38-x-38-cm-40-stueck\/","og_site_name":"CSJ Emballages","article_publisher":"https:\/\/www.facebook.com\/csjemballages","article_modified_time":"2026-03-21T01:14:38+00:00","og_image":[{"width":800,"height":800,"url":"https:\/\/www.csj-emballages.com\/wp-content\/uploads\/2025\/11\/SR40MGBP.webp","type":"image\/webp"}],"twitter_card":"summary_large_image","twitter_misc":{"Gesch\u00e4tzte Lesezeit":"2 Minuten"},"schema":{"@context":"https:\/\/schema.org","@graph":[{"@type":"WebPage","@id":"https:\/\/www.csj-emballages.com\/de\/produit\/pastellblaue-mikrowaffel-serviette-38-x-38-cm-40-stueck\/","url":"https:\/\/www.csj-emballages.com\/de\/produit\/pastellblaue-mikrowaffel-serviette-38-x-38-cm-40-stueck\/","name":"Pastellblaue Mikrowaffel-Serviette 38 x 38 cm, 40 St\u00fcck","isPartOf":{"@id":"https:\/\/www.csj-emballages.com\/de\/#website"},"primaryImageOfPage":{"@id":"https:\/\/www.csj-emballages.com\/de\/produit\/pastellblaue-mikrowaffel-serviette-38-x-38-cm-40-stueck\/#primaryimage"},"image":{"@id":"https:\/\/www.csj-emballages.com\/de\/produit\/pastellblaue-mikrowaffel-serviette-38-x-38-cm-40-stueck\/#primaryimage"},"thumbnailUrl":"https:\/\/www.csj-emballages.com\/wp-content\/uploads\/2025\/11\/SR40MGBP.webp","datePublished":"2025-11-05T14:18:21+00:00","dateModified":"2026-03-21T01:14:38+00:00","description":"Pastellblaue Mikrowaffel-Serviette 38x38 cm, 40 St\u00fcck. Weich und saugf\u00e4hig, perfekt, um Ihre Tische und Veranstaltungen aufzuwerten.","breadcrumb":{"@id":"https:\/\/www.csj-emballages.com\/de\/produit\/pastellblaue-mikrowaffel-serviette-38-x-38-cm-40-stueck\/#breadcrumb"},"inLanguage":"de","potentialAction":[{"@type":"ReadAction","target":["https:\/\/www.csj-emballages.com\/de\/produit\/pastellblaue-mikrowaffel-serviette-38-x-38-cm-40-stueck\/"]}]},{"@type":"ImageObject","inLanguage":"de","@id":"https:\/\/www.csj-emballages.com\/de\/produit\/pastellblaue-mikrowaffel-serviette-38-x-38-cm-40-stueck\/#primaryimage","url":"https:\/\/www.csj-emballages.com\/wp-content\/uploads\/2025\/11\/SR40MGBP.webp","contentUrl":"https:\/\/www.csj-emballages.com\/wp-content\/uploads\/2025\/11\/SR40MGBP.webp","width":800,"height":800,"caption":"Serviette bleu pastel"},{"@type":"BreadcrumbList","@id":"https:\/\/www.csj-emballages.com\/de\/produit\/pastellblaue-mikrowaffel-serviette-38-x-38-cm-40-stueck\/#breadcrumb","itemListElement":[{"@type":"ListItem","position":1,"name":"Accueil","item":"https:\/\/www.csj-emballages.com\/de\/universum-lebensmittelverpackungen\/"},{"@type":"ListItem","position":2,"name":"Shop","item":"https:\/\/www.csj-emballages.com\/shop\/"},{"@type":"ListItem","position":3,"name":"Pastellblaue Mikrowaffel-Serviette 38 x 38 cm, 40 St\u00fcck"}]},{"@type":"WebSite","@id":"https:\/\/www.csj-emballages.com\/de\/#website","url":"https:\/\/www.csj-emballages.com\/de\/","name":"CSJ Emballages","description":"","publisher":{"@id":"https:\/\/www.csj-emballages.com\/de\/#organization"},"potentialAction":[{"@type":"SearchAction","target":{"@type":"EntryPoint","urlTemplate":"https:\/\/www.csj-emballages.com\/de\/?s={search_term_string}"},"query-input":{"@type":"PropertyValueSpecification","valueRequired":true,"valueName":"search_term_string"}}],"inLanguage":"de"},{"@type":"Organization","@id":"https:\/\/www.csj-emballages.com\/de\/#Organization\/","name":"CSJ Emballages","url":"https:\/\/www.csj-emballages.com\/de\/","logo":{"@type":"ImageObject","inLanguage":"de","@id":"https:\/\/www.csj-emballages.com\/de\/#\/schema\/logo\/image\/","url":"https:\/\/www.csj-emballages.com\/wp-content\/uploads\/2023\/10\/logo_csj.webp","contentUrl":"https:\/\/www.csj-emballages.com\/wp-content\/uploads\/2023\/10\/logo_csj.webp","width":250,"height":95,"caption":"CSJ Emballages"},"image":{"@id":"https:\/\/www.csj-emballages.com\/de\/#\/schema\/logo\/image\/"},"sameAs":["https:\/\/www.facebook.com\/csjemballages"],"address":{"@type":"PostalAddress","streetAddress":"ZI La Lechere","addressLocality":"Patornay","postalCode":"39130","addressCountry":"FR"},"contactPoint":[{"@type":"ContactPoint","contactType":"Service client","telephone":"0384254272","email":"contact@csj-emballages.com"}]}]}},"df_price":1.38,"df_sale_price":"","df_regular_price":1.38,"df_image_link":"https:\/\/www.csj-emballages.com\/wp-content\/uploads\/2025\/11\/SR40MGBP-300x300.webp","tiered_pricing_type":"fixed","tiered_pricing_fixed_rules":[],"tiered_pricing_percentage_rules":[],"tiered_pricing_minimum":1,"tiered_pricing_roles_data":[],"_links":{"self":[{"href":"https:\/\/www.csj-emballages.com\/de\/wp-json\/wp\/v2\/product\/259413","targetHints":{"allow":["GET"]}}],"collection":[{"href":"https:\/\/www.csj-emballages.com\/de\/wp-json\/wp\/v2\/product"}],"about":[{"href":"https:\/\/www.csj-emballages.com\/de\/wp-json\/wp\/v2\/types\/product"}],"wp:featuredmedia":[{"embeddable":true,"href":"https:\/\/www.csj-emballages.com\/de\/wp-json\/wp\/v2\/media\/259408"}],"wp:attachment":[{"href":"https:\/\/www.csj-emballages.com\/de\/wp-json\/wp\/v2\/media?parent=259413"}],"wp:term":[{"taxonomy":"product_brand","embeddable":true,"href":"https:\/\/www.csj-emballages.com\/de\/wp-json\/wp\/v2\/product_brand?post=259413"},{"taxonomy":"product_cat","embeddable":true,"href":"https:\/\/www.csj-emballages.com\/de\/wp-json\/wp\/v2\/product_cat?post=259413"},{"taxonomy":"product_tag","embeddable":true,"href":"https:\/\/www.csj-emballages.com\/de\/wp-json\/wp\/v2\/product_tag?post=259413"}],"curies":[{"name":"wp","href":"https:\/\/api.w.org\/{rel}","templated":true}]}}