{"id":259287,"date":"2025-09-15T09:55:59","date_gmt":"2025-09-15T07:55:59","guid":{"rendered":"https:\/\/www.csj-emballages.com\/produit\/lila-mikrogepraegte-serviette-38-x-38-cm-40-stueck\/"},"modified":"2026-04-05T02:11:27","modified_gmt":"2026-04-05T00:11:27","slug":"lila-mikrogepraegte-serviette-38-x-38-cm-40-stueck","status":"publish","type":"product","link":"https:\/\/www.csj-emballages.com\/de\/produit\/lila-mikrogepraegte-serviette-38-x-38-cm-40-stueck\/","title":{"rendered":"Lila mikrogepr\u00e4gte Serviette 38 x 38 cm, 40 St\u00fcck"},"content":{"rendered":"<h2 class=\"p1\">Lila Serviette<\/h2>\n<hr>\n<h3>Beschreibung unserer lila mikrogepr\u00e4gten Serviette 38 x 38 cm, 40 St\u00fcck<\/h3>\n<p><!--more--><\/p>\n<p data-start=\"261\" data-end=\"652\">Diese <strong data-start=\"267\" data-end=\"310\">lila mikrogepr\u00e4gte Serviette 38 x 38 cm<\/strong> verleiht Ihren Tischen sofort eine <strong>sanfte<\/strong> und <strong>elegante<\/strong> Note. Ihre zarte Farbe hebt sich von klassischen T\u00f6nen ab und l\u00e4sst sich dennoch leicht kombinieren, sei es f\u00fcr eine Veranstaltung, einen Cateringservice, ein Restaurant oder sogar einen geselligeren Empfang. Sie zieht die Blicke auf sich, ohne aufdringlich zu wirken, und schafft sofort eine gepflegte Atmosph\u00e4re.  <\/p>\n<p data-start=\"654\" data-end=\"1013\">Dank ihrer <strong>mikrogepr\u00e4gten<\/strong> Textur bietet die Serviette einen guten Halt und eine effektive Saugf\u00e4higkeit. Sie ist nicht nur sch\u00f6n, sondern auch angenehm in der Anwendung. Die diskreten Pr\u00e4gungen verleihen eine hochwertigere Haptik und vermeiden den Effekt von \u201ezu glattem Papier\u201c. So genie\u00dfen Ihre Kunden echten Komfort am Tisch, vom Anfang bis zum Ende des Essens.   <\/p>\n<p data-start=\"1015\" data-end=\"1304\">Ihr Format von <strong data-start=\"1026\" data-end=\"1040\">38 x 38 cm<\/strong> eignet sich perfekt f\u00fcr vielf\u00e4ltige Anwendungen. Sie kann auf verschiedene Weisen gefaltet werden, um einen Tisch zu schm\u00fccken, oder einfach f\u00fcr einen schnellen Service hingelegt werden. Ebenso beh\u00e4lt sie ihre gute Rei\u00dffestigkeit w\u00e4hrend der gesamten Mahlzeit, selbst bei lebhafteren Services.  <\/p>\n<p data-start=\"1306\" data-end=\"1526\">Das <strong data-start=\"1309\" data-end=\"1333\">40er-Pack Servietten<\/strong> erm\u00f6glicht eine einfache Deckung des gelegentlichen oder regelm\u00e4\u00dfigen Bedarfs, ohne unn\u00f6tigen \u00dcberschuss. Es ist eine praktische L\u00f6sung f\u00fcr alle, die \u00c4sthetik, Effizienz und Einfachheit im Alltag verbinden m\u00f6chten. <\/p>\n<p data-start=\"1528\" data-end=\"1707\">Zusammenfassend kombiniert diese <strong>lila mikrogepr\u00e4gte Serviette<\/strong> visuelle Sanftheit, Benutzerkomfort und Praktikabilit\u00e4t. Ein kleines Detail, das auf einem gut durchdachten Tisch den entscheidenden Unterschied macht. <\/p>\n<p><!--more--><\/p>\n<h4>Vorteile :<\/h4>\n<ul>\n<li><strong data-start=\"948\" data-end=\"973\">Elegant und modern<\/strong>: Sanfte und elegante lila Farbe, ideal f\u00fcr alle Anl\u00e4sse<\/li>\n<li><strong data-start=\"1041\" data-end=\"1064\">Optimale Absorption<\/strong>: Waffeltextur f\u00fcr eine bessere Wirksamkeit<\/li>\n<li><strong data-start=\"1118\" data-end=\"1147\">Bequem und strapazierf\u00e4hig<\/strong>: Weicher Griff und perfekter Halt w\u00e4hrend des Essens<\/li>\n<li><strong data-start=\"1209\" data-end=\"1228\">Praktisches Format<\/strong>: Gro\u00dfz\u00fcgige Abmessungen f\u00fcr vielseitigen Einsatz<\/li>\n<li><strong data-start=\"1291\" data-end=\"1309\">Sparset<\/strong>: Diese gepr\u00e4gten Servietten werden zu 40 St\u00fcck<span class=\"Apple-converted-space\"> verkauft<\/span>und sind ideal f\u00fcr den professionellen oder privaten Gebrauch.<\/li>\n<\/ul>\n<p>&nbsp;<\/p>\n<p><!--more--><\/p>\n<h4>Weitere Informationen :<\/h4>\n<ul>\n<li><strong>Verpackung<\/strong>: Packung mit 40 St\u00fcck<\/li>\n<li><strong>Ma\u00dfe<\/strong>: 38 x 38 cm<\/li>\n<li><strong>Material<\/strong>: Mikrogepr\u00e4gt<\/li>\n<li><strong>Farbe<\/strong>: Lila<\/li>\n<\/ul>\n<p>&nbsp;<\/p>\n<p><!--more--><\/p>\n<p>Dieses Produkt ist in verschiedenen Farben erh\u00e4ltlich: <span style=\"color: #d12727;\"><a style=\"color: #d12727;\" href=\"https:\/\/www.csj-emballages.com\/es\/produit\/servilleta-azul-pastel-microgofreada-de-38-x-38-cm-en-paquetes-de-40\/\">Pastellblau<\/a><\/span> \/ <span style=\"color: #d12727;\"><a style=\"color: #d12727;\" href=\"https:\/\/www.csj-emballages.com\/es\/produit\/servilleta-rosa-pastel-microgofre-de-38-x-38-cm-pack-de-40\/\">Pastellrosa<\/a><\/span> \/ <span style=\"color: #d12727;\"><a style=\"color: #d12727;\" href=\"https:\/\/www.csj-emballages.com\/es\/produit\/servilleta-naranja-microgofre-de-38-x-38-cm-pack-de-40\/\">Orange<\/a><\/span> \/ <span style=\"color: #d12727;\"><a style=\"color: #d12727;\" href=\"https:\/\/www.csj-emballages.com\/es\/produit\/servilleta-marfil-microgofre-38-x-38-cm-en-paquetes-de-40\/\">Elfenbein<\/a><\/span> \/ <span style=\"color: #d12727;\"><a style=\"color: #d12727;\" href=\"https:\/\/www.csj-emballages.com\/es\/produit\/servilleta-color-champan-micro-gofrada-de-38-x-38-cm-pack-de-40\/\">Champagner<\/a><\/span> \/ <span style=\"color: #d12727;\"><a style=\"color: #d12727;\" href=\"https:\/\/www.csj-emballages.com\/es\/produit\/toalla-amarilla-micro-gofrada-de-38-x-38-cm-pack-de-40\/\">Gelb<\/a><\/span> \/ <span style=\"color: #d12727;\"><a style=\"color: #d12727;\" href=\"https:\/\/www.csj-emballages.com\/es\/produit\/servilleta-azul-marino-microgofre-de-38-x-38-cm-pack-de-40\/\">Marineblau<\/a><\/span><\/p>\n<p>&nbsp;<\/p>\n<p><!--more--><\/p>\n<p><a href=\"\/?product_cat=serviettes-2-plis-micro-gaufrees\">Sehen Sie sich den Rest unseres Sortiments an 2-lagigen gepr\u00e4gten Handt\u00fcchern an<\/a><\/p>\n","protected":false},"excerpt":{"rendered":"<p>Lila Serviette Beschreibung unserer lila mikrogepr\u00e4gten Serviette 38 x 38 cm, 40 St\u00fcck<\/p>\n","protected":false},"featured_media":259281,"template":"","meta":{"_acf_changed":false},"product_brand":[],"product_cat":[1137,1134,1135,1251,1253],"product_tag":[],"class_list":{"0":"post-259287","1":"product","2":"type-product","3":"status-publish","4":"has-post-thumbnail","6":"product_cat-lebensmittelverpackungen","7":"product_cat-restauration-de","8":"product_cat-servietten-tischsets-tischdecken","9":"product_cat-handtucher","10":"product_cat-2-lagige-servietten-mit-mikropragung","12":"first","13":"instock","14":"taxable","15":"shipping-taxable","16":"purchasable","17":"product-type-simple"},"acf":[],"yoast_head":"<!-- This site is optimized with the Yoast SEO Premium plugin v26.6 (Yoast SEO v26.6) - https:\/\/yoast.com\/wordpress\/plugins\/seo\/ -->\n<title>Serviette Lila Micro-Gaufr\u00e9e 38 x 38 cm, 40 St\u00fcck<\/title>\n<meta name=\"description\" content=\"Lila mikrogepr\u00e4gte Serviette 38x38 cm, 40 St\u00fcck. Elegant, saugf\u00e4hig und angenehm im Griff, ideal f\u00fcr Tische, Veranstaltungen und Gastronomie.\" \/>\n<meta name=\"robots\" content=\"index, follow, max-snippet:-1, max-image-preview:large, max-video-preview:-1\" \/>\n<link rel=\"canonical\" href=\"https:\/\/www.csj-emballages.com\/de\/produit\/lila-mikrogepraegte-serviette-38-x-38-cm-40-stueck\/\" \/>\n<meta property=\"og:locale\" content=\"de_DE\" \/>\n<meta property=\"og:type\" content=\"article\" \/>\n<meta property=\"og:title\" content=\"Lila mikrogepr\u00e4gte Serviette 38 x 38 cm, 40 St\u00fcck\" \/>\n<meta property=\"og:description\" content=\"Lila mikrogepr\u00e4gte Serviette 38x38 cm, 40 St\u00fcck. Elegant, saugf\u00e4hig und angenehm im Griff, ideal f\u00fcr Tische, Veranstaltungen und Gastronomie.\" \/>\n<meta property=\"og:url\" content=\"https:\/\/www.csj-emballages.com\/de\/produit\/lila-mikrogepraegte-serviette-38-x-38-cm-40-stueck\/\" \/>\n<meta property=\"og:site_name\" content=\"CSJ Emballages\" \/>\n<meta property=\"article:publisher\" content=\"https:\/\/www.facebook.com\/csjemballages\" \/>\n<meta property=\"article:modified_time\" content=\"2026-04-05T00:11:27+00:00\" \/>\n<meta property=\"og:image\" content=\"https:\/\/www.csj-emballages.com\/wp-content\/uploads\/2025\/09\/SR40MGLILA.webp\" \/>\n\t<meta property=\"og:image:width\" content=\"800\" \/>\n\t<meta property=\"og:image:height\" content=\"800\" \/>\n\t<meta property=\"og:image:type\" content=\"image\/jpeg\" \/>\n<meta name=\"twitter:card\" content=\"summary_large_image\" \/>\n<meta name=\"twitter:label1\" content=\"Gesch\u00e4tzte Lesezeit\" \/>\n\t<meta name=\"twitter:data1\" content=\"2 Minuten\" \/>\n<script type=\"application\/ld+json\" class=\"yoast-schema-graph\">{\"@context\":\"https:\/\/schema.org\",\"@graph\":[{\"@type\":\"WebPage\",\"@id\":\"https:\/\/www.csj-emballages.com\/de\/produit\/lila-mikrogepraegte-serviette-38-x-38-cm-40-stueck\/\",\"url\":\"https:\/\/www.csj-emballages.com\/de\/produit\/lila-mikrogepraegte-serviette-38-x-38-cm-40-stueck\/\",\"name\":\"Serviette Lila Micro-Gaufr\u00e9e 38 x 38 cm, 40 St\u00fcck\",\"isPartOf\":{\"@id\":\"https:\/\/www.csj-emballages.com\/de\/#website\"},\"primaryImageOfPage\":{\"@id\":\"https:\/\/www.csj-emballages.com\/de\/produit\/lila-mikrogepraegte-serviette-38-x-38-cm-40-stueck\/#primaryimage\"},\"image\":{\"@id\":\"https:\/\/www.csj-emballages.com\/de\/produit\/lila-mikrogepraegte-serviette-38-x-38-cm-40-stueck\/#primaryimage\"},\"thumbnailUrl\":\"https:\/\/www.csj-emballages.com\/wp-content\/uploads\/2025\/09\/SR40MGLILA.webp\",\"datePublished\":\"2025-09-15T07:55:59+00:00\",\"dateModified\":\"2026-04-05T00:11:27+00:00\",\"description\":\"Lila mikrogepr\u00e4gte Serviette 38x38 cm, 40 St\u00fcck. Elegant, saugf\u00e4hig und angenehm im Griff, ideal f\u00fcr Tische, Veranstaltungen und Gastronomie.\",\"breadcrumb\":{\"@id\":\"https:\/\/www.csj-emballages.com\/de\/produit\/lila-mikrogepraegte-serviette-38-x-38-cm-40-stueck\/#breadcrumb\"},\"inLanguage\":\"de\",\"potentialAction\":[{\"@type\":\"ReadAction\",\"target\":[\"https:\/\/www.csj-emballages.com\/de\/produit\/lila-mikrogepraegte-serviette-38-x-38-cm-40-stueck\/\"]}]},{\"@type\":\"ImageObject\",\"inLanguage\":\"de\",\"@id\":\"https:\/\/www.csj-emballages.com\/de\/produit\/lila-mikrogepraegte-serviette-38-x-38-cm-40-stueck\/#primaryimage\",\"url\":\"https:\/\/www.csj-emballages.com\/wp-content\/uploads\/2025\/09\/SR40MGLILA.webp\",\"contentUrl\":\"https:\/\/www.csj-emballages.com\/wp-content\/uploads\/2025\/09\/SR40MGLILA.webp\",\"width\":800,\"height\":800,\"caption\":\"Serviette lila\"},{\"@type\":\"BreadcrumbList\",\"@id\":\"https:\/\/www.csj-emballages.com\/de\/produit\/lila-mikrogepraegte-serviette-38-x-38-cm-40-stueck\/#breadcrumb\",\"itemListElement\":[{\"@type\":\"ListItem\",\"position\":1,\"name\":\"Accueil\",\"item\":\"https:\/\/www.csj-emballages.com\/de\/universum-lebensmittelverpackungen\/\"},{\"@type\":\"ListItem\",\"position\":2,\"name\":\"Shop\",\"item\":\"https:\/\/www.csj-emballages.com\/shop\/\"},{\"@type\":\"ListItem\",\"position\":3,\"name\":\"Lila mikrogepr\u00e4gte Serviette 38 x 38 cm, 40 St\u00fcck\"}]},{\"@type\":\"WebSite\",\"@id\":\"https:\/\/www.csj-emballages.com\/de\/#website\",\"url\":\"https:\/\/www.csj-emballages.com\/de\/\",\"name\":\"CSJ Emballages\",\"description\":\"\",\"publisher\":{\"@id\":\"https:\/\/www.csj-emballages.com\/de\/#organization\"},\"potentialAction\":[{\"@type\":\"SearchAction\",\"target\":{\"@type\":\"EntryPoint\",\"urlTemplate\":\"https:\/\/www.csj-emballages.com\/de\/?s={search_term_string}\"},\"query-input\":{\"@type\":\"PropertyValueSpecification\",\"valueRequired\":true,\"valueName\":\"search_term_string\"}}],\"inLanguage\":\"de\"},{\"@type\":\"Organization\",\"@id\":\"https:\/\/www.csj-emballages.com\/de\/#Organization\/\",\"name\":\"CSJ Emballages\",\"url\":\"https:\/\/www.csj-emballages.com\/de\/\",\"logo\":{\"@type\":\"ImageObject\",\"inLanguage\":\"de\",\"@id\":\"https:\/\/www.csj-emballages.com\/de\/#\/schema\/logo\/image\/\",\"url\":\"https:\/\/www.csj-emballages.com\/wp-content\/uploads\/2023\/10\/logo_csj.webp\",\"contentUrl\":\"https:\/\/www.csj-emballages.com\/wp-content\/uploads\/2023\/10\/logo_csj.webp\",\"width\":250,\"height\":95,\"caption\":\"CSJ Emballages\"},\"image\":{\"@id\":\"https:\/\/www.csj-emballages.com\/de\/#\/schema\/logo\/image\/\"},\"sameAs\":[\"https:\/\/www.facebook.com\/csjemballages\"],\"address\":{\"@type\":\"PostalAddress\",\"streetAddress\":\"ZI La Lechere\",\"addressLocality\":\"Patornay\",\"postalCode\":\"39130\",\"addressCountry\":\"FR\"},\"contactPoint\":[{\"@type\":\"ContactPoint\",\"contactType\":\"Service client\",\"telephone\":\"0384254272\",\"email\":\"contact@csj-emballages.com\"}]}]}<\/script>\n<!-- \/ Yoast SEO Premium plugin. -->","yoast_head_json":{"title":"Serviette Lila Micro-Gaufr\u00e9e 38 x 38 cm, 40 St\u00fcck","description":"Lila mikrogepr\u00e4gte Serviette 38x38 cm, 40 St\u00fcck. Elegant, saugf\u00e4hig und angenehm im Griff, ideal f\u00fcr Tische, Veranstaltungen und Gastronomie.","robots":{"index":"index","follow":"follow","max-snippet":"max-snippet:-1","max-image-preview":"max-image-preview:large","max-video-preview":"max-video-preview:-1"},"canonical":"https:\/\/www.csj-emballages.com\/de\/produit\/lila-mikrogepraegte-serviette-38-x-38-cm-40-stueck\/","og_locale":"de_DE","og_type":"article","og_title":"Lila mikrogepr\u00e4gte Serviette 38 x 38 cm, 40 St\u00fcck","og_description":"Lila mikrogepr\u00e4gte Serviette 38x38 cm, 40 St\u00fcck. Elegant, saugf\u00e4hig und angenehm im Griff, ideal f\u00fcr Tische, Veranstaltungen und Gastronomie.","og_url":"https:\/\/www.csj-emballages.com\/de\/produit\/lila-mikrogepraegte-serviette-38-x-38-cm-40-stueck\/","og_site_name":"CSJ Emballages","article_publisher":"https:\/\/www.facebook.com\/csjemballages","article_modified_time":"2026-04-05T00:11:27+00:00","og_image":[{"width":800,"height":800,"url":"https:\/\/www.csj-emballages.com\/wp-content\/uploads\/2025\/09\/SR40MGLILA.webp","type":"image\/jpeg"}],"twitter_card":"summary_large_image","twitter_misc":{"Gesch\u00e4tzte Lesezeit":"2 Minuten"},"schema":{"@context":"https:\/\/schema.org","@graph":[{"@type":"WebPage","@id":"https:\/\/www.csj-emballages.com\/de\/produit\/lila-mikrogepraegte-serviette-38-x-38-cm-40-stueck\/","url":"https:\/\/www.csj-emballages.com\/de\/produit\/lila-mikrogepraegte-serviette-38-x-38-cm-40-stueck\/","name":"Serviette Lila Micro-Gaufr\u00e9e 38 x 38 cm, 40 St\u00fcck","isPartOf":{"@id":"https:\/\/www.csj-emballages.com\/de\/#website"},"primaryImageOfPage":{"@id":"https:\/\/www.csj-emballages.com\/de\/produit\/lila-mikrogepraegte-serviette-38-x-38-cm-40-stueck\/#primaryimage"},"image":{"@id":"https:\/\/www.csj-emballages.com\/de\/produit\/lila-mikrogepraegte-serviette-38-x-38-cm-40-stueck\/#primaryimage"},"thumbnailUrl":"https:\/\/www.csj-emballages.com\/wp-content\/uploads\/2025\/09\/SR40MGLILA.webp","datePublished":"2025-09-15T07:55:59+00:00","dateModified":"2026-04-05T00:11:27+00:00","description":"Lila mikrogepr\u00e4gte Serviette 38x38 cm, 40 St\u00fcck. Elegant, saugf\u00e4hig und angenehm im Griff, ideal f\u00fcr Tische, Veranstaltungen und Gastronomie.","breadcrumb":{"@id":"https:\/\/www.csj-emballages.com\/de\/produit\/lila-mikrogepraegte-serviette-38-x-38-cm-40-stueck\/#breadcrumb"},"inLanguage":"de","potentialAction":[{"@type":"ReadAction","target":["https:\/\/www.csj-emballages.com\/de\/produit\/lila-mikrogepraegte-serviette-38-x-38-cm-40-stueck\/"]}]},{"@type":"ImageObject","inLanguage":"de","@id":"https:\/\/www.csj-emballages.com\/de\/produit\/lila-mikrogepraegte-serviette-38-x-38-cm-40-stueck\/#primaryimage","url":"https:\/\/www.csj-emballages.com\/wp-content\/uploads\/2025\/09\/SR40MGLILA.webp","contentUrl":"https:\/\/www.csj-emballages.com\/wp-content\/uploads\/2025\/09\/SR40MGLILA.webp","width":800,"height":800,"caption":"Serviette lila"},{"@type":"BreadcrumbList","@id":"https:\/\/www.csj-emballages.com\/de\/produit\/lila-mikrogepraegte-serviette-38-x-38-cm-40-stueck\/#breadcrumb","itemListElement":[{"@type":"ListItem","position":1,"name":"Accueil","item":"https:\/\/www.csj-emballages.com\/de\/universum-lebensmittelverpackungen\/"},{"@type":"ListItem","position":2,"name":"Shop","item":"https:\/\/www.csj-emballages.com\/shop\/"},{"@type":"ListItem","position":3,"name":"Lila mikrogepr\u00e4gte Serviette 38 x 38 cm, 40 St\u00fcck"}]},{"@type":"WebSite","@id":"https:\/\/www.csj-emballages.com\/de\/#website","url":"https:\/\/www.csj-emballages.com\/de\/","name":"CSJ Emballages","description":"","publisher":{"@id":"https:\/\/www.csj-emballages.com\/de\/#organization"},"potentialAction":[{"@type":"SearchAction","target":{"@type":"EntryPoint","urlTemplate":"https:\/\/www.csj-emballages.com\/de\/?s={search_term_string}"},"query-input":{"@type":"PropertyValueSpecification","valueRequired":true,"valueName":"search_term_string"}}],"inLanguage":"de"},{"@type":"Organization","@id":"https:\/\/www.csj-emballages.com\/de\/#Organization\/","name":"CSJ Emballages","url":"https:\/\/www.csj-emballages.com\/de\/","logo":{"@type":"ImageObject","inLanguage":"de","@id":"https:\/\/www.csj-emballages.com\/de\/#\/schema\/logo\/image\/","url":"https:\/\/www.csj-emballages.com\/wp-content\/uploads\/2023\/10\/logo_csj.webp","contentUrl":"https:\/\/www.csj-emballages.com\/wp-content\/uploads\/2023\/10\/logo_csj.webp","width":250,"height":95,"caption":"CSJ Emballages"},"image":{"@id":"https:\/\/www.csj-emballages.com\/de\/#\/schema\/logo\/image\/"},"sameAs":["https:\/\/www.facebook.com\/csjemballages"],"address":{"@type":"PostalAddress","streetAddress":"ZI La Lechere","addressLocality":"Patornay","postalCode":"39130","addressCountry":"FR"},"contactPoint":[{"@type":"ContactPoint","contactType":"Service client","telephone":"0384254272","email":"contact@csj-emballages.com"}]}]}},"df_price":1.72,"df_sale_price":"","df_regular_price":1.72,"df_image_link":"https:\/\/www.csj-emballages.com\/wp-content\/uploads\/2025\/09\/SR40MGLILA-300x300.webp","tiered_pricing_type":"fixed","tiered_pricing_fixed_rules":[],"tiered_pricing_percentage_rules":[],"tiered_pricing_minimum":1,"tiered_pricing_roles_data":[],"_links":{"self":[{"href":"https:\/\/www.csj-emballages.com\/de\/wp-json\/wp\/v2\/product\/259287","targetHints":{"allow":["GET"]}}],"collection":[{"href":"https:\/\/www.csj-emballages.com\/de\/wp-json\/wp\/v2\/product"}],"about":[{"href":"https:\/\/www.csj-emballages.com\/de\/wp-json\/wp\/v2\/types\/product"}],"wp:featuredmedia":[{"embeddable":true,"href":"https:\/\/www.csj-emballages.com\/de\/wp-json\/wp\/v2\/media\/259281"}],"wp:attachment":[{"href":"https:\/\/www.csj-emballages.com\/de\/wp-json\/wp\/v2\/media?parent=259287"}],"wp:term":[{"taxonomy":"product_brand","embeddable":true,"href":"https:\/\/www.csj-emballages.com\/de\/wp-json\/wp\/v2\/product_brand?post=259287"},{"taxonomy":"product_cat","embeddable":true,"href":"https:\/\/www.csj-emballages.com\/de\/wp-json\/wp\/v2\/product_cat?post=259287"},{"taxonomy":"product_tag","embeddable":true,"href":"https:\/\/www.csj-emballages.com\/de\/wp-json\/wp\/v2\/product_tag?post=259287"}],"curies":[{"name":"wp","href":"https:\/\/api.w.org\/{rel}","templated":true}]}}