{"id":259005,"date":"2025-12-11T14:18:20","date_gmt":"2025-12-11T13:18:20","guid":{"rendered":"https:\/\/www.csj-emballages.com\/produit\/papierdeckel-fuer-becher-374bla-pro-50\/"},"modified":"2026-05-06T02:12:21","modified_gmt":"2026-05-06T00:12:21","slug":"papierdeckel-fuer-becher-374bla-pro-50","status":"publish","type":"product","link":"https:\/\/www.csj-emballages.com\/de\/produit\/papierdeckel-fuer-becher-374bla-pro-50\/","title":{"rendered":"Papierdeckel f\u00fcr Becher 374BLA pro 50"},"content":{"rendered":"<h2>Papierdeckel<\/h2>\n<hr>\n<h3>Entdecken Sie unseren Papierdeckel f\u00fcr Becher 374BLA pro 50<\/h3>\n<p><!--more--><\/p>\n<p data-start=\"227\" data-end=\"612\">Dieser <strong>Papierdeckel<\/strong> f\u00fcr <strong>Becher<\/strong> <span style=\"color: #d12727;\"><a style=\"color: #d12727;\" href=\"https:\/\/www.csj-emballages.com\/es\/produit\/50-vasos-de-carton-blanco-de-12-cl\/\"><strong data-start=\"263\" data-end=\"273\">374BLA<\/strong><\/a><\/span> ist das kleine Detail, das beim Servieren von Getr\u00e4nken zum Mitnehmen den Unterschied ausmacht. Er ist einfach, diskret und effektiv, sichert den Inhalt des <strong>Bechers<\/strong> und sorgt gleichzeitig f\u00fcr eine saubere und gepflegte Pr\u00e4sentation. Einmal angebracht, h\u00e4lt er gut, rutscht nicht und erm\u00f6glicht es, das Getr\u00e4nk stressfrei zu transportieren, selbst in der Rushhour.  <\/p>\n<p data-start=\"614\" data-end=\"993\">Die <strong data-start=\"618\" data-end=\"635\">wei\u00dfe Farbe<\/strong> verleiht dem Deckel ein neutrales und allt\u00e4gliches Aussehen, das sich perfekt f\u00fcr alle Arten von Einrichtungen eignet. Egal, ob Sie <strong>Kaffee<\/strong>, <strong>Tee<\/strong> oder andere Hei\u00dfgetr\u00e4nke servieren, dieser Deckel f\u00fcgt sich problemlos in Ihr Service ein, ohne Ihr Image zu verf\u00e4lschen. <\/p>\n<p data-start=\"995\" data-end=\"1352\">Da er aus <strong>Papier<\/strong> hergestellt wird, entspricht er auch den heutigen Erwartungen an verantwortungsvollere L\u00f6sungen. Er bietet eine praktische Alternative zu Plastikdeckeln und ist im Alltag angenehm zu verwenden. Die einfache Konstruktion erm\u00f6glicht ein schnelles Aufstellen, sodass Sie bei jedem Service Zeit sparen, vor allem wenn eine Bestellung nach der anderen eingeht.  <\/p>\n<p data-start=\"1354\" data-end=\"1706\">Dieser <strong>Papierdeckel<\/strong> wird <strong data-start=\"1360\" data-end=\"1377\">in Packungen zu 50 St\u00fcck<\/strong> verkauft und ist ideal f\u00fcr Caf\u00e9s, Imbisse, Food-Trucks, B\u00fcros oder einmalige Veranstaltungen. Es ist genau die richtige Gr\u00f6\u00dfe, um Ihre Vorr\u00e4te zu verwalten, ohne Ihren Raum zu \u00fcberf\u00fcllen. Alles in allem ist es ein unauff\u00e4lliges, aber unverzichtbares Accessoire, das dazu gedacht ist, den Verkauf zum Mitnehmen zu erleichtern und das Kundenerlebnis bis zum letzten Schluck zu verbessern.  <\/p>\n<p data-start=\"1573\" data-end=\"1705\"><!--more--><\/p>\n<h4>Vorteile :<\/h4>\n<ul>\n<li data-start=\"1734\" data-end=\"1768\">Effektiver Halt auf dem <strong>Becher<\/strong>.<\/li>\n<li data-start=\"1816\" data-end=\"1841\">Sauberes und neutrales Aussehen.<\/li>\n<li data-start=\"1844\" data-end=\"1866\">Schnelles Einrichten.<\/li>\n<li data-start=\"1869\" data-end=\"1902\"><strong>50er-Set<\/strong> f\u00fcr den professionellen Gebrauch geeignet<\/li>\n<\/ul>\n<p>&nbsp;<\/p>\n<p><!--more--><\/p>\n<h4>Weitere Informationen :<\/h4>\n<ul>\n<li><strong>Verpackung<\/strong>: Packung mit 50 St\u00fcck<\/li>\n<li><strong>Ma\u00dfe<\/strong>: \u00d864 x 11 mm (Durchmesser x H\u00f6he)<\/li>\n<li><strong>Farbe<\/strong>: Wei\u00df<\/li>\n<li><strong>Material<\/strong>: Papier<\/li>\n<\/ul>\n<p>&nbsp;<\/p>\n<p><!--more--><\/p>\n<p>Hier finden Sie die Becher, die mit diesem Papierdeckel kompatibel sind : <span style=\"color: #d12727;\"><a style=\"color: #d12727;\" href=\"https:\/\/www.csj-emballages.com\/es\/produit\/50-vasos-de-carton-blanco-de-12-cl\/\">374BLA<\/a><\/span><\/p>\n<p>&nbsp;<\/p>\n<p><!--more--><\/p>\n<p><a href=\"https:\/\/www.csj-emballages.com\/de\/categorie-produit\/lebensmittelverpackungen\/restauration-de\/becher-glaser-eimer-flaschen\/pappbecher\/weise-becher\/\">Sehen Sie sich den Rest unseres Sortiments an Pappbechern an<\/a><\/p>\n","protected":false},"excerpt":{"rendered":"<p>Papierdeckel Entdecken Sie unseren Papierdeckel f\u00fcr Becher 374BLA pro 50<\/p>\n","protected":false},"featured_media":258996,"template":"","meta":{"_acf_changed":false},"product_brand":[],"product_cat":[1137,1134,1469,9244,9245,3542,1265],"product_tag":[],"class_list":{"0":"post-259005","1":"product","2":"type-product","3":"status-publish","4":"has-post-thumbnail","6":"product_cat-lebensmittelverpackungen","7":"product_cat-restauration-de","8":"product_cat-becher-glaser-eimer-flaschen","9":"product_cat-pappbecher","10":"product_cat-weise-becher","11":"product_cat-zubehor-de","12":"product_cat-lagerbestande-promotion","14":"first","15":"instock","16":"sale","17":"taxable","18":"shipping-taxable","19":"purchasable","20":"product-type-simple"},"acf":[],"yoast_head":"<!-- This site is optimized with the Yoast SEO Premium plugin v26.6 (Yoast SEO v26.6) - https:\/\/yoast.com\/wordpress\/plugins\/seo\/ -->\n<title>Papierdeckel f\u00fcr Becher 374BLA pro 50<\/title>\n<meta name=\"description\" content=\"Wei\u00dfer Papierdeckel f\u00fcr Becher 374BLA, verkauft zu 50 St\u00fcck. Praktisch, stabil und ideal f\u00fcr Hei\u00dfgetr\u00e4nke zum Mitnehmen.\" \/>\n<meta name=\"robots\" content=\"index, follow, max-snippet:-1, max-image-preview:large, max-video-preview:-1\" \/>\n<link rel=\"canonical\" href=\"https:\/\/www.csj-emballages.com\/de\/produit\/papierdeckel-fuer-becher-374bla-pro-50\/\" \/>\n<meta property=\"og:locale\" content=\"de_DE\" \/>\n<meta property=\"og:type\" content=\"article\" \/>\n<meta property=\"og:title\" content=\"Papierdeckel f\u00fcr Becher 374BLA pro 50\" \/>\n<meta property=\"og:description\" content=\"Wei\u00dfer Papierdeckel f\u00fcr Becher 374BLA, verkauft zu 50 St\u00fcck. Praktisch, stabil und ideal f\u00fcr Hei\u00dfgetr\u00e4nke zum Mitnehmen.\" \/>\n<meta property=\"og:url\" content=\"https:\/\/www.csj-emballages.com\/de\/produit\/papierdeckel-fuer-becher-374bla-pro-50\/\" \/>\n<meta property=\"og:site_name\" content=\"CSJ Emballages\" \/>\n<meta property=\"article:publisher\" content=\"https:\/\/www.facebook.com\/csjemballages\" \/>\n<meta property=\"article:modified_time\" content=\"2026-05-06T00:12:21+00:00\" \/>\n<meta property=\"og:image\" content=\"https:\/\/www.csj-emballages.com\/wp-content\/uploads\/2025\/12\/C374PDEST.webp\" \/>\n\t<meta property=\"og:image:width\" content=\"800\" \/>\n\t<meta property=\"og:image:height\" content=\"799\" \/>\n\t<meta property=\"og:image:type\" content=\"image\/webp\" \/>\n<meta name=\"twitter:card\" content=\"summary_large_image\" \/>\n<meta name=\"twitter:label1\" content=\"Gesch\u00e4tzte Lesezeit\" \/>\n\t<meta name=\"twitter:data1\" content=\"2 Minuten\" \/>\n<script type=\"application\/ld+json\" class=\"yoast-schema-graph\">{\"@context\":\"https:\/\/schema.org\",\"@graph\":[{\"@type\":\"WebPage\",\"@id\":\"https:\/\/www.csj-emballages.com\/de\/produit\/papierdeckel-fuer-becher-374bla-pro-50\/\",\"url\":\"https:\/\/www.csj-emballages.com\/de\/produit\/papierdeckel-fuer-becher-374bla-pro-50\/\",\"name\":\"Papierdeckel f\u00fcr Becher 374BLA pro 50\",\"isPartOf\":{\"@id\":\"https:\/\/www.csj-emballages.com\/de\/#website\"},\"primaryImageOfPage\":{\"@id\":\"https:\/\/www.csj-emballages.com\/de\/produit\/papierdeckel-fuer-becher-374bla-pro-50\/#primaryimage\"},\"image\":{\"@id\":\"https:\/\/www.csj-emballages.com\/de\/produit\/papierdeckel-fuer-becher-374bla-pro-50\/#primaryimage\"},\"thumbnailUrl\":\"https:\/\/www.csj-emballages.com\/wp-content\/uploads\/2025\/12\/C374PDEST.webp\",\"datePublished\":\"2025-12-11T13:18:20+00:00\",\"dateModified\":\"2026-05-06T00:12:21+00:00\",\"description\":\"Wei\u00dfer Papierdeckel f\u00fcr Becher 374BLA, verkauft zu 50 St\u00fcck. Praktisch, stabil und ideal f\u00fcr Hei\u00dfgetr\u00e4nke zum Mitnehmen.\",\"breadcrumb\":{\"@id\":\"https:\/\/www.csj-emballages.com\/de\/produit\/papierdeckel-fuer-becher-374bla-pro-50\/#breadcrumb\"},\"inLanguage\":\"de\",\"potentialAction\":[{\"@type\":\"ReadAction\",\"target\":[\"https:\/\/www.csj-emballages.com\/de\/produit\/papierdeckel-fuer-becher-374bla-pro-50\/\"]}]},{\"@type\":\"ImageObject\",\"inLanguage\":\"de\",\"@id\":\"https:\/\/www.csj-emballages.com\/de\/produit\/papierdeckel-fuer-becher-374bla-pro-50\/#primaryimage\",\"url\":\"https:\/\/www.csj-emballages.com\/wp-content\/uploads\/2025\/12\/C374PDEST.webp\",\"contentUrl\":\"https:\/\/www.csj-emballages.com\/wp-content\/uploads\/2025\/12\/C374PDEST.webp\",\"width\":800,\"height\":799,\"caption\":\"Couvercle en papier\"},{\"@type\":\"BreadcrumbList\",\"@id\":\"https:\/\/www.csj-emballages.com\/de\/produit\/papierdeckel-fuer-becher-374bla-pro-50\/#breadcrumb\",\"itemListElement\":[{\"@type\":\"ListItem\",\"position\":1,\"name\":\"Accueil\",\"item\":\"https:\/\/www.csj-emballages.com\/de\/universum-lebensmittelverpackungen\/\"},{\"@type\":\"ListItem\",\"position\":2,\"name\":\"Shop\",\"item\":\"https:\/\/www.csj-emballages.com\/shop\/\"},{\"@type\":\"ListItem\",\"position\":3,\"name\":\"Papierdeckel f\u00fcr Becher 374BLA pro 50\"}]},{\"@type\":\"WebSite\",\"@id\":\"https:\/\/www.csj-emballages.com\/de\/#website\",\"url\":\"https:\/\/www.csj-emballages.com\/de\/\",\"name\":\"CSJ Emballages\",\"description\":\"\",\"publisher\":{\"@id\":\"https:\/\/www.csj-emballages.com\/de\/#organization\"},\"potentialAction\":[{\"@type\":\"SearchAction\",\"target\":{\"@type\":\"EntryPoint\",\"urlTemplate\":\"https:\/\/www.csj-emballages.com\/de\/?s={search_term_string}\"},\"query-input\":{\"@type\":\"PropertyValueSpecification\",\"valueRequired\":true,\"valueName\":\"search_term_string\"}}],\"inLanguage\":\"de\"},{\"@type\":\"Organization\",\"@id\":\"https:\/\/www.csj-emballages.com\/de\/#Organization\/\",\"name\":\"CSJ Emballages\",\"url\":\"https:\/\/www.csj-emballages.com\/de\/\",\"logo\":{\"@type\":\"ImageObject\",\"inLanguage\":\"de\",\"@id\":\"https:\/\/www.csj-emballages.com\/de\/#\/schema\/logo\/image\/\",\"url\":\"https:\/\/www.csj-emballages.com\/wp-content\/uploads\/2023\/10\/logo_csj.webp\",\"contentUrl\":\"https:\/\/www.csj-emballages.com\/wp-content\/uploads\/2023\/10\/logo_csj.webp\",\"width\":250,\"height\":95,\"caption\":\"CSJ Emballages\"},\"image\":{\"@id\":\"https:\/\/www.csj-emballages.com\/de\/#\/schema\/logo\/image\/\"},\"sameAs\":[\"https:\/\/www.facebook.com\/csjemballages\"],\"address\":{\"@type\":\"PostalAddress\",\"streetAddress\":\"ZI La Lechere\",\"addressLocality\":\"Patornay\",\"postalCode\":\"39130\",\"addressCountry\":\"FR\"},\"contactPoint\":[{\"@type\":\"ContactPoint\",\"contactType\":\"Service client\",\"telephone\":\"0384254272\",\"email\":\"contact@csj-emballages.com\"}]}]}<\/script>\n<!-- \/ Yoast SEO Premium plugin. -->","yoast_head_json":{"title":"Papierdeckel f\u00fcr Becher 374BLA pro 50","description":"Wei\u00dfer Papierdeckel f\u00fcr Becher 374BLA, verkauft zu 50 St\u00fcck. Praktisch, stabil und ideal f\u00fcr Hei\u00dfgetr\u00e4nke zum Mitnehmen.","robots":{"index":"index","follow":"follow","max-snippet":"max-snippet:-1","max-image-preview":"max-image-preview:large","max-video-preview":"max-video-preview:-1"},"canonical":"https:\/\/www.csj-emballages.com\/de\/produit\/papierdeckel-fuer-becher-374bla-pro-50\/","og_locale":"de_DE","og_type":"article","og_title":"Papierdeckel f\u00fcr Becher 374BLA pro 50","og_description":"Wei\u00dfer Papierdeckel f\u00fcr Becher 374BLA, verkauft zu 50 St\u00fcck. Praktisch, stabil und ideal f\u00fcr Hei\u00dfgetr\u00e4nke zum Mitnehmen.","og_url":"https:\/\/www.csj-emballages.com\/de\/produit\/papierdeckel-fuer-becher-374bla-pro-50\/","og_site_name":"CSJ Emballages","article_publisher":"https:\/\/www.facebook.com\/csjemballages","article_modified_time":"2026-05-06T00:12:21+00:00","og_image":[{"width":800,"height":799,"url":"https:\/\/www.csj-emballages.com\/wp-content\/uploads\/2025\/12\/C374PDEST.webp","type":"image\/webp"}],"twitter_card":"summary_large_image","twitter_misc":{"Gesch\u00e4tzte Lesezeit":"2 Minuten"},"schema":{"@context":"https:\/\/schema.org","@graph":[{"@type":"WebPage","@id":"https:\/\/www.csj-emballages.com\/de\/produit\/papierdeckel-fuer-becher-374bla-pro-50\/","url":"https:\/\/www.csj-emballages.com\/de\/produit\/papierdeckel-fuer-becher-374bla-pro-50\/","name":"Papierdeckel f\u00fcr Becher 374BLA pro 50","isPartOf":{"@id":"https:\/\/www.csj-emballages.com\/de\/#website"},"primaryImageOfPage":{"@id":"https:\/\/www.csj-emballages.com\/de\/produit\/papierdeckel-fuer-becher-374bla-pro-50\/#primaryimage"},"image":{"@id":"https:\/\/www.csj-emballages.com\/de\/produit\/papierdeckel-fuer-becher-374bla-pro-50\/#primaryimage"},"thumbnailUrl":"https:\/\/www.csj-emballages.com\/wp-content\/uploads\/2025\/12\/C374PDEST.webp","datePublished":"2025-12-11T13:18:20+00:00","dateModified":"2026-05-06T00:12:21+00:00","description":"Wei\u00dfer Papierdeckel f\u00fcr Becher 374BLA, verkauft zu 50 St\u00fcck. Praktisch, stabil und ideal f\u00fcr Hei\u00dfgetr\u00e4nke zum Mitnehmen.","breadcrumb":{"@id":"https:\/\/www.csj-emballages.com\/de\/produit\/papierdeckel-fuer-becher-374bla-pro-50\/#breadcrumb"},"inLanguage":"de","potentialAction":[{"@type":"ReadAction","target":["https:\/\/www.csj-emballages.com\/de\/produit\/papierdeckel-fuer-becher-374bla-pro-50\/"]}]},{"@type":"ImageObject","inLanguage":"de","@id":"https:\/\/www.csj-emballages.com\/de\/produit\/papierdeckel-fuer-becher-374bla-pro-50\/#primaryimage","url":"https:\/\/www.csj-emballages.com\/wp-content\/uploads\/2025\/12\/C374PDEST.webp","contentUrl":"https:\/\/www.csj-emballages.com\/wp-content\/uploads\/2025\/12\/C374PDEST.webp","width":800,"height":799,"caption":"Couvercle en papier"},{"@type":"BreadcrumbList","@id":"https:\/\/www.csj-emballages.com\/de\/produit\/papierdeckel-fuer-becher-374bla-pro-50\/#breadcrumb","itemListElement":[{"@type":"ListItem","position":1,"name":"Accueil","item":"https:\/\/www.csj-emballages.com\/de\/universum-lebensmittelverpackungen\/"},{"@type":"ListItem","position":2,"name":"Shop","item":"https:\/\/www.csj-emballages.com\/shop\/"},{"@type":"ListItem","position":3,"name":"Papierdeckel f\u00fcr Becher 374BLA pro 50"}]},{"@type":"WebSite","@id":"https:\/\/www.csj-emballages.com\/de\/#website","url":"https:\/\/www.csj-emballages.com\/de\/","name":"CSJ Emballages","description":"","publisher":{"@id":"https:\/\/www.csj-emballages.com\/de\/#organization"},"potentialAction":[{"@type":"SearchAction","target":{"@type":"EntryPoint","urlTemplate":"https:\/\/www.csj-emballages.com\/de\/?s={search_term_string}"},"query-input":{"@type":"PropertyValueSpecification","valueRequired":true,"valueName":"search_term_string"}}],"inLanguage":"de"},{"@type":"Organization","@id":"https:\/\/www.csj-emballages.com\/de\/#Organization\/","name":"CSJ Emballages","url":"https:\/\/www.csj-emballages.com\/de\/","logo":{"@type":"ImageObject","inLanguage":"de","@id":"https:\/\/www.csj-emballages.com\/de\/#\/schema\/logo\/image\/","url":"https:\/\/www.csj-emballages.com\/wp-content\/uploads\/2023\/10\/logo_csj.webp","contentUrl":"https:\/\/www.csj-emballages.com\/wp-content\/uploads\/2023\/10\/logo_csj.webp","width":250,"height":95,"caption":"CSJ Emballages"},"image":{"@id":"https:\/\/www.csj-emballages.com\/de\/#\/schema\/logo\/image\/"},"sameAs":["https:\/\/www.facebook.com\/csjemballages"],"address":{"@type":"PostalAddress","streetAddress":"ZI La Lechere","addressLocality":"Patornay","postalCode":"39130","addressCountry":"FR"},"contactPoint":[{"@type":"ContactPoint","contactType":"Service client","telephone":"0384254272","email":"contact@csj-emballages.com"}]}]}},"df_price":1.34,"df_sale_price":1.34,"df_regular_price":1.68,"df_image_link":"https:\/\/www.csj-emballages.com\/wp-content\/uploads\/2025\/12\/C374PDEST-300x300.webp","tiered_pricing_type":"fixed","tiered_pricing_fixed_rules":[],"tiered_pricing_percentage_rules":[],"tiered_pricing_minimum":1,"tiered_pricing_roles_data":[],"_links":{"self":[{"href":"https:\/\/www.csj-emballages.com\/de\/wp-json\/wp\/v2\/product\/259005","targetHints":{"allow":["GET"]}}],"collection":[{"href":"https:\/\/www.csj-emballages.com\/de\/wp-json\/wp\/v2\/product"}],"about":[{"href":"https:\/\/www.csj-emballages.com\/de\/wp-json\/wp\/v2\/types\/product"}],"wp:featuredmedia":[{"embeddable":true,"href":"https:\/\/www.csj-emballages.com\/de\/wp-json\/wp\/v2\/media\/258996"}],"wp:attachment":[{"href":"https:\/\/www.csj-emballages.com\/de\/wp-json\/wp\/v2\/media?parent=259005"}],"wp:term":[{"taxonomy":"product_brand","embeddable":true,"href":"https:\/\/www.csj-emballages.com\/de\/wp-json\/wp\/v2\/product_brand?post=259005"},{"taxonomy":"product_cat","embeddable":true,"href":"https:\/\/www.csj-emballages.com\/de\/wp-json\/wp\/v2\/product_cat?post=259005"},{"taxonomy":"product_tag","embeddable":true,"href":"https:\/\/www.csj-emballages.com\/de\/wp-json\/wp\/v2\/product_tag?post=259005"}],"curies":[{"name":"wp","href":"https:\/\/api.w.org\/{rel}","templated":true}]}}