{"id":258742,"date":"2025-10-28T17:18:17","date_gmt":"2025-10-28T16:18:17","guid":{"rendered":"https:\/\/www.csj-emballages.com\/produit\/ecoline-wc-sitz\/"},"modified":"2026-05-01T02:10:30","modified_gmt":"2026-05-01T00:10:30","slug":"ecoline-wc-sitz","status":"publish","type":"product","link":"https:\/\/www.csj-emballages.com\/de\/produit\/ecoline-wc-sitz\/","title":{"rendered":"Ecoline WC-Sitz"},"content":{"rendered":"<h2>WC-Sitz<\/h2>\n<hr>\n<h3>Beschreibung von unserem Ecoline WC-Sitz<\/h3>\n<p><!--more--><\/p>\n<p data-start=\"195\" data-end=\"579\">Der <strong data-start=\"209\" data-end=\"220\">\u00c9coline-WC-Sitz<\/strong> bringt das Wesentliche auf den Punkt: Er ist praktisch, robust und alltagstauglich. Mit seinem schlichten, zeitlosen <g id=\"gid_2\">wei\u00dfen Design<\/g> passt er problemlos in alle Arten von Toiletten, sowohl zu Hause als auch im professionellen Umfeld. Unauff\u00e4llig und funktional, ist es die Art von Ausstattung, die man einmal installiert und auf die man sich verlassen kann.  <\/p>\n<p data-start=\"581\" data-end=\"906\">Hergestellt aus <strong data-start=\"593\" data-end=\"630\">sehr widerstandsf\u00e4higem Kunststoff<\/strong>, h\u00e4lt er einer regelm\u00e4\u00dfigen Nutzung problemlos stand. Seine Struktur sorgt daf\u00fcr, dass er lange h\u00e4lt, ohne sich zu verformen oder br\u00fcchig zu werden, selbst in h\u00e4ufig benutzten Sanit\u00e4ranlagen. Bei der Benutzung bleibt er stabil und bequem, was eine echte Beruhigung im Alltag bedeutet.  <\/p>\n<p data-start=\"908\" data-end=\"1256\">Der<strong>Ecoline-Sitz<\/strong> ist so konzipiert, dass er Ihnen das Leben leichter macht. Dank des <strong data-start=\"988\" data-end=\"1011\">ausklappbaren Rahmens<\/strong> kann der Sitz leicht entfernt werden, um an die Bereiche zu gelangen, die normalerweise schwer zu reinigen sind. Das Ergebnis: eine schnellere, effizientere und vor allem hygienischere Reinigung. Ein echtes Plus f\u00fcr Privathaushalte und \u00f6ffentliche Einrichtungen.   <\/p>\n<p data-start=\"1258\" data-end=\"1544\">Die Installation ist dank der <strong>mitgelieferten Befestigungen<\/strong> schnell erledigt. Es sind weder komplizierte Werkzeuge noch besondere F\u00e4higkeiten erforderlich: Alles ist f\u00fcr eine einfache und effiziente Installation vorgesehen. Es ist also eine ideale L\u00f6sung, um einen abgenutzten Sitz zu ersetzen oder Sanit\u00e4ranlagen schnell auszustatten.  <\/p>\n<p data-start=\"1546\" data-end=\"1748\">Zusammenfassend l\u00e4sst sich sagen, dass der<strong>\u00c9coline WC-Sitz<\/strong> Solidit\u00e4t, Einfachheit und Pflegeleichtigkeit vereint. Eine clevere Wahl f\u00fcr alle, die ein zuverl\u00e4ssiges Produkt ohne \u00fcberfl\u00fcssigen Schnickschnack wollen, das perfekt f\u00fcr den t\u00e4glichen Gebrauch geeignet ist. <\/p>\n<p data-start=\"1546\" data-end=\"1748\">\n<p><!--more--><\/p>\n<h4>Vorteile :<\/h4>\n<ul>\n<li data-start=\"1776\" data-end=\"1802\">Sehr widerstandsf\u00e4higer Kunststoff.<\/li>\n<li data-start=\"1805\" data-end=\"1851\"><strong>Aufklappbares<\/strong> Dormant f\u00fcr eine einfache Reinigung.<\/li>\n<li data-start=\"1854\" data-end=\"1881\">Schlichtes, universelles Design.<\/li>\n<li data-start=\"1884\" data-end=\"1929\">Schnelle Installation mit <strong>eingeschlossenen Befestigungen<\/strong>.<\/li>\n<li data-start=\"1932\" data-end=\"1959\">Gute Stabilit\u00e4t bei der Verwendung.<\/li>\n<li data-start=\"1962\" data-end=\"1994\">Ausgezeichnetes Preis-Leistungs-Verh\u00e4ltnis.<\/li>\n<\/ul>\n<p>&nbsp;<\/p>\n<p><!--more--><\/p>\n<h4>Weitere Informationen :<\/h4>\n<ul>\n<li><strong>Verpackung<\/strong>: Einzeln<\/li>\n<li><strong>Ma\u00dfe<\/strong>: 440 x 370 x 21 mm<\/li>\n<li><strong>Material<\/strong>: Polypropylen<\/li>\n<li><strong>Farbe<\/strong>: Wei\u00df<\/li>\n<\/ul>\n<p>&nbsp;<\/p>\n<p><!--more--><\/p>\n<p><a href=\"https:\/\/www.csj-emballages.com\/de\/categorie-produit\/lebensmittelverpackungen\/restauration-de\/topfe-schalen-becherhalter\/becherhalter\/\">Sehen Sie sich den Rest unseres Sortiments an Getr\u00e4nkehaltern an<\/a><\/p>\n","protected":false},"excerpt":{"rendered":"<p>WC-Sitz Beschreibung von unserem Ecoline WC-Sitz<\/p>\n","protected":false},"featured_media":258733,"template":"","meta":{"_acf_changed":false},"product_brand":[],"product_cat":[1218,1736],"product_tag":[],"class_list":{"0":"post-258742","1":"product","2":"type-product","3":"status-publish","4":"has-post-thumbnail","6":"product_cat-hygiene-und-pflege","7":"product_cat-zubehor","9":"first","10":"instock","11":"taxable","12":"shipping-taxable","13":"purchasable","14":"product-type-simple"},"acf":[],"yoast_head":"<!-- This site is optimized with the Yoast SEO Premium plugin v26.6 (Yoast SEO v26.6) - https:\/\/yoast.com\/wordpress\/plugins\/seo\/ -->\n<title>\u00c9coline WC-Sitz<\/title>\n<meta name=\"description\" content=\"\u00c9coline WC-Sitz aus robustem Kunststoff mit ausklappbarem Rahmen. Leicht zu installieren, einfach zu reinigen und ideal f\u00fcr den t\u00e4glichen Gebrauch.\" \/>\n<meta name=\"robots\" content=\"index, follow, max-snippet:-1, max-image-preview:large, max-video-preview:-1\" \/>\n<link rel=\"canonical\" href=\"https:\/\/www.csj-emballages.com\/de\/produit\/ecoline-wc-sitz\/\" \/>\n<meta property=\"og:locale\" content=\"de_DE\" \/>\n<meta property=\"og:type\" content=\"article\" \/>\n<meta property=\"og:title\" content=\"Ecoline WC-Sitz\" \/>\n<meta property=\"og:description\" content=\"\u00c9coline WC-Sitz aus robustem Kunststoff mit ausklappbarem Rahmen. Leicht zu installieren, einfach zu reinigen und ideal f\u00fcr den t\u00e4glichen Gebrauch.\" \/>\n<meta property=\"og:url\" content=\"https:\/\/www.csj-emballages.com\/de\/produit\/ecoline-wc-sitz\/\" \/>\n<meta property=\"og:site_name\" content=\"CSJ Emballages\" \/>\n<meta property=\"article:publisher\" content=\"https:\/\/www.facebook.com\/csjemballages\" \/>\n<meta property=\"article:modified_time\" content=\"2026-05-01T00:10:30+00:00\" \/>\n<meta property=\"og:image\" content=\"https:\/\/www.csj-emballages.com\/wp-content\/uploads\/2025\/10\/129639.webp\" \/>\n\t<meta property=\"og:image:width\" content=\"800\" \/>\n\t<meta property=\"og:image:height\" content=\"800\" \/>\n\t<meta property=\"og:image:type\" content=\"image\/webp\" \/>\n<meta name=\"twitter:card\" content=\"summary_large_image\" \/>\n<meta name=\"twitter:label1\" content=\"Gesch\u00e4tzte Lesezeit\" \/>\n\t<meta name=\"twitter:data1\" content=\"2 Minuten\" \/>\n<script type=\"application\/ld+json\" class=\"yoast-schema-graph\">{\"@context\":\"https:\/\/schema.org\",\"@graph\":[{\"@type\":\"WebPage\",\"@id\":\"https:\/\/www.csj-emballages.com\/de\/produit\/ecoline-wc-sitz\/\",\"url\":\"https:\/\/www.csj-emballages.com\/de\/produit\/ecoline-wc-sitz\/\",\"name\":\"\u00c9coline WC-Sitz\",\"isPartOf\":{\"@id\":\"https:\/\/www.csj-emballages.com\/de\/#website\"},\"primaryImageOfPage\":{\"@id\":\"https:\/\/www.csj-emballages.com\/de\/produit\/ecoline-wc-sitz\/#primaryimage\"},\"image\":{\"@id\":\"https:\/\/www.csj-emballages.com\/de\/produit\/ecoline-wc-sitz\/#primaryimage\"},\"thumbnailUrl\":\"https:\/\/www.csj-emballages.com\/wp-content\/uploads\/2025\/10\/129639.webp\",\"datePublished\":\"2025-10-28T16:18:17+00:00\",\"dateModified\":\"2026-05-01T00:10:30+00:00\",\"description\":\"\u00c9coline WC-Sitz aus robustem Kunststoff mit ausklappbarem Rahmen. Leicht zu installieren, einfach zu reinigen und ideal f\u00fcr den t\u00e4glichen Gebrauch.\",\"breadcrumb\":{\"@id\":\"https:\/\/www.csj-emballages.com\/de\/produit\/ecoline-wc-sitz\/#breadcrumb\"},\"inLanguage\":\"de\",\"potentialAction\":[{\"@type\":\"ReadAction\",\"target\":[\"https:\/\/www.csj-emballages.com\/de\/produit\/ecoline-wc-sitz\/\"]}]},{\"@type\":\"ImageObject\",\"inLanguage\":\"de\",\"@id\":\"https:\/\/www.csj-emballages.com\/de\/produit\/ecoline-wc-sitz\/#primaryimage\",\"url\":\"https:\/\/www.csj-emballages.com\/wp-content\/uploads\/2025\/10\/129639.webp\",\"contentUrl\":\"https:\/\/www.csj-emballages.com\/wp-content\/uploads\/2025\/10\/129639.webp\",\"width\":800,\"height\":800,\"caption\":\"Abattant WC \u00e9coline\"},{\"@type\":\"BreadcrumbList\",\"@id\":\"https:\/\/www.csj-emballages.com\/de\/produit\/ecoline-wc-sitz\/#breadcrumb\",\"itemListElement\":[{\"@type\":\"ListItem\",\"position\":1,\"name\":\"Accueil\",\"item\":\"https:\/\/www.csj-emballages.com\/de\/universum-lebensmittelverpackungen\/\"},{\"@type\":\"ListItem\",\"position\":2,\"name\":\"Shop\",\"item\":\"https:\/\/www.csj-emballages.com\/shop\/\"},{\"@type\":\"ListItem\",\"position\":3,\"name\":\"Ecoline WC-Sitz\"}]},{\"@type\":\"WebSite\",\"@id\":\"https:\/\/www.csj-emballages.com\/de\/#website\",\"url\":\"https:\/\/www.csj-emballages.com\/de\/\",\"name\":\"CSJ Emballages\",\"description\":\"\",\"publisher\":{\"@id\":\"https:\/\/www.csj-emballages.com\/de\/#organization\"},\"potentialAction\":[{\"@type\":\"SearchAction\",\"target\":{\"@type\":\"EntryPoint\",\"urlTemplate\":\"https:\/\/www.csj-emballages.com\/de\/?s={search_term_string}\"},\"query-input\":{\"@type\":\"PropertyValueSpecification\",\"valueRequired\":true,\"valueName\":\"search_term_string\"}}],\"inLanguage\":\"de\"},{\"@type\":\"Organization\",\"@id\":\"https:\/\/www.csj-emballages.com\/de\/#Organization\/\",\"name\":\"CSJ Emballages\",\"url\":\"https:\/\/www.csj-emballages.com\/de\/\",\"logo\":{\"@type\":\"ImageObject\",\"inLanguage\":\"de\",\"@id\":\"https:\/\/www.csj-emballages.com\/de\/#\/schema\/logo\/image\/\",\"url\":\"https:\/\/www.csj-emballages.com\/wp-content\/uploads\/2023\/10\/logo_csj.webp\",\"contentUrl\":\"https:\/\/www.csj-emballages.com\/wp-content\/uploads\/2023\/10\/logo_csj.webp\",\"width\":250,\"height\":95,\"caption\":\"CSJ Emballages\"},\"image\":{\"@id\":\"https:\/\/www.csj-emballages.com\/de\/#\/schema\/logo\/image\/\"},\"sameAs\":[\"https:\/\/www.facebook.com\/csjemballages\"],\"address\":{\"@type\":\"PostalAddress\",\"streetAddress\":\"ZI La Lechere\",\"addressLocality\":\"Patornay\",\"postalCode\":\"39130\",\"addressCountry\":\"FR\"},\"contactPoint\":[{\"@type\":\"ContactPoint\",\"contactType\":\"Service client\",\"telephone\":\"0384254272\",\"email\":\"contact@csj-emballages.com\"}]}]}<\/script>\n<!-- \/ Yoast SEO Premium plugin. -->","yoast_head_json":{"title":"\u00c9coline WC-Sitz","description":"\u00c9coline WC-Sitz aus robustem Kunststoff mit ausklappbarem Rahmen. Leicht zu installieren, einfach zu reinigen und ideal f\u00fcr den t\u00e4glichen Gebrauch.","robots":{"index":"index","follow":"follow","max-snippet":"max-snippet:-1","max-image-preview":"max-image-preview:large","max-video-preview":"max-video-preview:-1"},"canonical":"https:\/\/www.csj-emballages.com\/de\/produit\/ecoline-wc-sitz\/","og_locale":"de_DE","og_type":"article","og_title":"Ecoline WC-Sitz","og_description":"\u00c9coline WC-Sitz aus robustem Kunststoff mit ausklappbarem Rahmen. Leicht zu installieren, einfach zu reinigen und ideal f\u00fcr den t\u00e4glichen Gebrauch.","og_url":"https:\/\/www.csj-emballages.com\/de\/produit\/ecoline-wc-sitz\/","og_site_name":"CSJ Emballages","article_publisher":"https:\/\/www.facebook.com\/csjemballages","article_modified_time":"2026-05-01T00:10:30+00:00","og_image":[{"width":800,"height":800,"url":"https:\/\/www.csj-emballages.com\/wp-content\/uploads\/2025\/10\/129639.webp","type":"image\/webp"}],"twitter_card":"summary_large_image","twitter_misc":{"Gesch\u00e4tzte Lesezeit":"2 Minuten"},"schema":{"@context":"https:\/\/schema.org","@graph":[{"@type":"WebPage","@id":"https:\/\/www.csj-emballages.com\/de\/produit\/ecoline-wc-sitz\/","url":"https:\/\/www.csj-emballages.com\/de\/produit\/ecoline-wc-sitz\/","name":"\u00c9coline WC-Sitz","isPartOf":{"@id":"https:\/\/www.csj-emballages.com\/de\/#website"},"primaryImageOfPage":{"@id":"https:\/\/www.csj-emballages.com\/de\/produit\/ecoline-wc-sitz\/#primaryimage"},"image":{"@id":"https:\/\/www.csj-emballages.com\/de\/produit\/ecoline-wc-sitz\/#primaryimage"},"thumbnailUrl":"https:\/\/www.csj-emballages.com\/wp-content\/uploads\/2025\/10\/129639.webp","datePublished":"2025-10-28T16:18:17+00:00","dateModified":"2026-05-01T00:10:30+00:00","description":"\u00c9coline WC-Sitz aus robustem Kunststoff mit ausklappbarem Rahmen. Leicht zu installieren, einfach zu reinigen und ideal f\u00fcr den t\u00e4glichen Gebrauch.","breadcrumb":{"@id":"https:\/\/www.csj-emballages.com\/de\/produit\/ecoline-wc-sitz\/#breadcrumb"},"inLanguage":"de","potentialAction":[{"@type":"ReadAction","target":["https:\/\/www.csj-emballages.com\/de\/produit\/ecoline-wc-sitz\/"]}]},{"@type":"ImageObject","inLanguage":"de","@id":"https:\/\/www.csj-emballages.com\/de\/produit\/ecoline-wc-sitz\/#primaryimage","url":"https:\/\/www.csj-emballages.com\/wp-content\/uploads\/2025\/10\/129639.webp","contentUrl":"https:\/\/www.csj-emballages.com\/wp-content\/uploads\/2025\/10\/129639.webp","width":800,"height":800,"caption":"Abattant WC \u00e9coline"},{"@type":"BreadcrumbList","@id":"https:\/\/www.csj-emballages.com\/de\/produit\/ecoline-wc-sitz\/#breadcrumb","itemListElement":[{"@type":"ListItem","position":1,"name":"Accueil","item":"https:\/\/www.csj-emballages.com\/de\/universum-lebensmittelverpackungen\/"},{"@type":"ListItem","position":2,"name":"Shop","item":"https:\/\/www.csj-emballages.com\/shop\/"},{"@type":"ListItem","position":3,"name":"Ecoline WC-Sitz"}]},{"@type":"WebSite","@id":"https:\/\/www.csj-emballages.com\/de\/#website","url":"https:\/\/www.csj-emballages.com\/de\/","name":"CSJ Emballages","description":"","publisher":{"@id":"https:\/\/www.csj-emballages.com\/de\/#organization"},"potentialAction":[{"@type":"SearchAction","target":{"@type":"EntryPoint","urlTemplate":"https:\/\/www.csj-emballages.com\/de\/?s={search_term_string}"},"query-input":{"@type":"PropertyValueSpecification","valueRequired":true,"valueName":"search_term_string"}}],"inLanguage":"de"},{"@type":"Organization","@id":"https:\/\/www.csj-emballages.com\/de\/#Organization\/","name":"CSJ Emballages","url":"https:\/\/www.csj-emballages.com\/de\/","logo":{"@type":"ImageObject","inLanguage":"de","@id":"https:\/\/www.csj-emballages.com\/de\/#\/schema\/logo\/image\/","url":"https:\/\/www.csj-emballages.com\/wp-content\/uploads\/2023\/10\/logo_csj.webp","contentUrl":"https:\/\/www.csj-emballages.com\/wp-content\/uploads\/2023\/10\/logo_csj.webp","width":250,"height":95,"caption":"CSJ Emballages"},"image":{"@id":"https:\/\/www.csj-emballages.com\/de\/#\/schema\/logo\/image\/"},"sameAs":["https:\/\/www.facebook.com\/csjemballages"],"address":{"@type":"PostalAddress","streetAddress":"ZI La Lechere","addressLocality":"Patornay","postalCode":"39130","addressCountry":"FR"},"contactPoint":[{"@type":"ContactPoint","contactType":"Service client","telephone":"0384254272","email":"contact@csj-emballages.com"}]}]}},"df_price":15.28,"df_sale_price":"","df_regular_price":15.28,"df_image_link":"https:\/\/www.csj-emballages.com\/wp-content\/uploads\/2025\/10\/129639-300x300.webp","tiered_pricing_type":"fixed","tiered_pricing_fixed_rules":[],"tiered_pricing_percentage_rules":[],"tiered_pricing_minimum":1,"tiered_pricing_roles_data":[],"_links":{"self":[{"href":"https:\/\/www.csj-emballages.com\/de\/wp-json\/wp\/v2\/product\/258742","targetHints":{"allow":["GET"]}}],"collection":[{"href":"https:\/\/www.csj-emballages.com\/de\/wp-json\/wp\/v2\/product"}],"about":[{"href":"https:\/\/www.csj-emballages.com\/de\/wp-json\/wp\/v2\/types\/product"}],"wp:featuredmedia":[{"embeddable":true,"href":"https:\/\/www.csj-emballages.com\/de\/wp-json\/wp\/v2\/media\/258733"}],"wp:attachment":[{"href":"https:\/\/www.csj-emballages.com\/de\/wp-json\/wp\/v2\/media?parent=258742"}],"wp:term":[{"taxonomy":"product_brand","embeddable":true,"href":"https:\/\/www.csj-emballages.com\/de\/wp-json\/wp\/v2\/product_brand?post=258742"},{"taxonomy":"product_cat","embeddable":true,"href":"https:\/\/www.csj-emballages.com\/de\/wp-json\/wp\/v2\/product_cat?post=258742"},{"taxonomy":"product_tag","embeddable":true,"href":"https:\/\/www.csj-emballages.com\/de\/wp-json\/wp\/v2\/product_tag?post=258742"}],"curies":[{"name":"wp","href":"https:\/\/api.w.org\/{rel}","templated":true}]}}