{"id":258641,"date":"2025-11-25T16:18:16","date_gmt":"2025-11-25T15:18:16","guid":{"rendered":"https:\/\/www.csj-emballages.com\/produit\/handbuerste-blau-12-cm\/"},"modified":"2026-04-14T02:11:11","modified_gmt":"2026-04-14T00:11:11","slug":"handbuerste-blau-12-cm","status":"publish","type":"product","link":"https:\/\/www.csj-emballages.com\/de\/produit\/handbuerste-blau-12-cm\/","title":{"rendered":"Handb\u00fcrste blau 12 cm"},"content":{"rendered":"<h2>Handb\u00fcrste<\/h2>\n<hr>\n<h3>Entdecken Sie unsere blaue Handb\u00fcrste 12 cm<\/h3>\n<p><!--more--><\/p>\n<p data-start=\"259\" data-end=\"571\">Diese <strong>Handb\u00fcrste<\/strong> ist die Art von einfachem Werkzeug, das man ohne nachzudenken ergreift &#8211; und sofort adoptiert. Dank ihrer kompakten Form und des <g id=\"gid_2\">bequemen<\/g> <g id=\"gid_1\">Griffs<\/g> erm\u00f6glicht sie eine effektive Reinigung ohne Kraftaufwand. Man h\u00e4lt ihn gut fest, er rutscht nicht ab und vor allem erledigt er die Arbeit schnell und sauber.  <\/p>\n<p data-start=\"573\" data-end=\"946\">Seine <strong data-start=\"577\" data-end=\"600\">steifen blauen Borsten<\/strong> l\u00f6sen selbst hartn\u00e4ckigen Schmutz m\u00fchelos. Ob zum Schrubben einer Oberfl\u00e4che, zum Reinigen einer Arbeitsfl\u00e4che, von Ger\u00e4ten, Beh\u00e4ltern oder Berufsausr\u00fcstung, er bietet eine pr\u00e4zise und kontrollierte Reinigung. Gleichzeitig bleibt er flexibel genug, um Oberfl\u00e4chen nicht zu besch\u00e4digen, was ihn f\u00fcr den t\u00e4glichen Gebrauch angenehm macht.  <\/p>\n<p data-start=\"948\" data-end=\"1241\">Auch der <strong data-start=\"961\" data-end=\"983\">ergonomisch geformte Griff<\/strong> entlastet die Hand w\u00e4hrend der Anstrengung. Man beh\u00e4lt eine gute Kontrolle \u00fcber die Bewegung und vermeidet unn\u00f6tigen Kraftaufwand. Dank des <strong>kleinen integrierten Lochs<\/strong> l\u00e4sst er sich nach dem Gebrauch auch leicht <strong>aufh\u00e4ngen<\/strong>, sodass er immer griffbereit ist und das Trocknen erleichtert wird.  <\/p>\n<p data-start=\"1243\" data-end=\"1477\">Diese <strong>B\u00fcrste findet<\/strong> nat\u00fcrlich ihren Platz sowohl in einer professionellen als auch in einer h\u00e4uslichen Umgebung. Sie eignet sich f\u00fcr K\u00fcchen, Werkst\u00e4tten, Vorbereitungsbereiche oder andere Bereiche, die regelm\u00e4\u00dfig und effektiv gereinigt werden m\u00fcssen. <\/p>\n<p data-start=\"1479\" data-end=\"1673\">Zusammenfassend l\u00e4sst sich sagen, dass es sich um eine zuverl\u00e4ssige, praktische und langlebige <strong>Handb\u00fcrste<\/strong> handelt, die darauf ausgelegt ist, das Putzen unkompliziert zu vereinfachen. Ein unauff\u00e4lliges, aber unverzichtbares Werkzeug, das den Alltag effizient begleitet. <\/p>\n<p data-start=\"1479\" data-end=\"1673\"><!--more--><\/p>\n<h4 data-start=\"1479\" data-end=\"1673\">Vorteile :<\/h4>\n<ul>\n<li data-start=\"1701\" data-end=\"1746\">Liegt gut in der Hand und ist bequem zu benutzen.<\/li>\n<li data-start=\"1749\" data-end=\"1794\">Widerstandsf\u00e4hige Borsten f\u00fcr eine effektive Reinigung.<\/li>\n<li data-start=\"1797\" data-end=\"1846\">Geeignet f\u00fcr den professionellen oder h\u00e4uslichen Gebrauch.<\/li>\n<li data-start=\"1849\" data-end=\"1881\">Leicht aufzuh\u00e4ngen und zu verstauen.<\/li>\n<li data-start=\"1884\" data-end=\"1923\">Pr\u00e4zise Reinigung ohne \u00fcberm\u00e4\u00dfigen Aufwand.<\/li>\n<\/ul>\n<p>&nbsp;<\/p>\n<p><!--more--><\/p>\n<h4>Weitere Informationen :<\/h4>\n<ul>\n<li><strong>Verpackung<\/strong>: Einzeln<\/li>\n<li><strong>L\u00e4nge<\/strong>: 12 x 45 mm<\/li>\n<li><strong>Farbe<\/strong>: Wei\u00df \/ Blau<\/li>\n<\/ul>\n<p>&nbsp;<\/p>\n<p><!--more--><\/p>\n<p><a href=\"https:\/\/www.csj-emballages.com\/de\/categorie-produit\/hygiene-und-pflege\/bursten-und-besen\/besen-burste-staubwedel\/besen-kehrblech-staubwedel\/\">Sehen Sie sich den Rest unseres Sortiments an Besen \/ Kehrblech \/ Staubwedel an<\/a><\/p>\n","protected":false},"excerpt":{"rendered":"<p>Handb\u00fcrste Entdecken Sie unsere blaue Handb\u00fcrste 12 cm<\/p>\n","protected":false},"featured_media":258632,"template":"","meta":{"_acf_changed":false},"product_brand":[],"product_cat":[1218,1449,1845,1846],"product_tag":[],"class_list":{"0":"post-258641","1":"product","2":"type-product","3":"status-publish","4":"has-post-thumbnail","6":"product_cat-hygiene-und-pflege","7":"product_cat-bursten-und-besen","8":"product_cat-besen-burste-staubwedel","9":"product_cat-besen-kehrblech-staubwedel","11":"first","12":"instock","13":"taxable","14":"shipping-taxable","15":"purchasable","16":"product-type-simple"},"acf":[],"yoast_head":"<!-- This site is optimized with the Yoast SEO Premium plugin v26.6 (Yoast SEO v26.6) - https:\/\/yoast.com\/wordpress\/plugins\/seo\/ -->\n<title>Handb\u00fcrste Blau 12 cm<\/title>\n<meta name=\"description\" content=\"Ergonomisch geformte Handb\u00fcrste mit steifen blauen Borsten, ideal f\u00fcr die t\u00e4gliche Reinigung. Praktisch, strapazierf\u00e4hig und leicht zu greifen.\" \/>\n<meta name=\"robots\" content=\"index, follow, max-snippet:-1, max-image-preview:large, max-video-preview:-1\" \/>\n<link rel=\"canonical\" href=\"https:\/\/www.csj-emballages.com\/de\/produit\/handbuerste-blau-12-cm\/\" \/>\n<meta property=\"og:locale\" content=\"de_DE\" \/>\n<meta property=\"og:type\" content=\"article\" \/>\n<meta property=\"og:title\" content=\"Handb\u00fcrste blau 12 cm\" \/>\n<meta property=\"og:description\" content=\"Ergonomisch geformte Handb\u00fcrste mit steifen blauen Borsten, ideal f\u00fcr die t\u00e4gliche Reinigung. Praktisch, strapazierf\u00e4hig und leicht zu greifen.\" \/>\n<meta property=\"og:url\" content=\"https:\/\/www.csj-emballages.com\/de\/produit\/handbuerste-blau-12-cm\/\" \/>\n<meta property=\"og:site_name\" content=\"CSJ Emballages\" \/>\n<meta property=\"article:publisher\" content=\"https:\/\/www.facebook.com\/csjemballages\" \/>\n<meta property=\"article:modified_time\" content=\"2026-04-14T00:11:11+00:00\" \/>\n<meta property=\"og:image\" content=\"https:\/\/www.csj-emballages.com\/wp-content\/uploads\/2025\/11\/123637.webp\" \/>\n\t<meta property=\"og:image:width\" content=\"800\" \/>\n\t<meta property=\"og:image:height\" content=\"800\" \/>\n\t<meta property=\"og:image:type\" content=\"image\/webp\" \/>\n<meta name=\"twitter:card\" content=\"summary_large_image\" \/>\n<meta name=\"twitter:label1\" content=\"Gesch\u00e4tzte Lesezeit\" \/>\n\t<meta name=\"twitter:data1\" content=\"2 Minuten\" \/>\n<script type=\"application\/ld+json\" class=\"yoast-schema-graph\">{\"@context\":\"https:\/\/schema.org\",\"@graph\":[{\"@type\":\"WebPage\",\"@id\":\"https:\/\/www.csj-emballages.com\/de\/produit\/handbuerste-blau-12-cm\/\",\"url\":\"https:\/\/www.csj-emballages.com\/de\/produit\/handbuerste-blau-12-cm\/\",\"name\":\"Handb\u00fcrste Blau 12 cm\",\"isPartOf\":{\"@id\":\"https:\/\/www.csj-emballages.com\/de\/#website\"},\"primaryImageOfPage\":{\"@id\":\"https:\/\/www.csj-emballages.com\/de\/produit\/handbuerste-blau-12-cm\/#primaryimage\"},\"image\":{\"@id\":\"https:\/\/www.csj-emballages.com\/de\/produit\/handbuerste-blau-12-cm\/#primaryimage\"},\"thumbnailUrl\":\"https:\/\/www.csj-emballages.com\/wp-content\/uploads\/2025\/11\/123637.webp\",\"datePublished\":\"2025-11-25T15:18:16+00:00\",\"dateModified\":\"2026-04-14T00:11:11+00:00\",\"description\":\"Ergonomisch geformte Handb\u00fcrste mit steifen blauen Borsten, ideal f\u00fcr die t\u00e4gliche Reinigung. Praktisch, strapazierf\u00e4hig und leicht zu greifen.\",\"breadcrumb\":{\"@id\":\"https:\/\/www.csj-emballages.com\/de\/produit\/handbuerste-blau-12-cm\/#breadcrumb\"},\"inLanguage\":\"de\",\"potentialAction\":[{\"@type\":\"ReadAction\",\"target\":[\"https:\/\/www.csj-emballages.com\/de\/produit\/handbuerste-blau-12-cm\/\"]}]},{\"@type\":\"ImageObject\",\"inLanguage\":\"de\",\"@id\":\"https:\/\/www.csj-emballages.com\/de\/produit\/handbuerste-blau-12-cm\/#primaryimage\",\"url\":\"https:\/\/www.csj-emballages.com\/wp-content\/uploads\/2025\/11\/123637.webp\",\"contentUrl\":\"https:\/\/www.csj-emballages.com\/wp-content\/uploads\/2025\/11\/123637.webp\",\"width\":800,\"height\":800,\"caption\":\"Brosse \u00e0 main\"},{\"@type\":\"BreadcrumbList\",\"@id\":\"https:\/\/www.csj-emballages.com\/de\/produit\/handbuerste-blau-12-cm\/#breadcrumb\",\"itemListElement\":[{\"@type\":\"ListItem\",\"position\":1,\"name\":\"Accueil\",\"item\":\"https:\/\/www.csj-emballages.com\/de\/universum-lebensmittelverpackungen\/\"},{\"@type\":\"ListItem\",\"position\":2,\"name\":\"Shop\",\"item\":\"https:\/\/www.csj-emballages.com\/shop\/\"},{\"@type\":\"ListItem\",\"position\":3,\"name\":\"Handb\u00fcrste blau 12 cm\"}]},{\"@type\":\"WebSite\",\"@id\":\"https:\/\/www.csj-emballages.com\/de\/#website\",\"url\":\"https:\/\/www.csj-emballages.com\/de\/\",\"name\":\"CSJ Emballages\",\"description\":\"\",\"publisher\":{\"@id\":\"https:\/\/www.csj-emballages.com\/de\/#organization\"},\"potentialAction\":[{\"@type\":\"SearchAction\",\"target\":{\"@type\":\"EntryPoint\",\"urlTemplate\":\"https:\/\/www.csj-emballages.com\/de\/?s={search_term_string}\"},\"query-input\":{\"@type\":\"PropertyValueSpecification\",\"valueRequired\":true,\"valueName\":\"search_term_string\"}}],\"inLanguage\":\"de\"},{\"@type\":\"Organization\",\"@id\":\"https:\/\/www.csj-emballages.com\/de\/#Organization\/\",\"name\":\"CSJ Emballages\",\"url\":\"https:\/\/www.csj-emballages.com\/de\/\",\"logo\":{\"@type\":\"ImageObject\",\"inLanguage\":\"de\",\"@id\":\"https:\/\/www.csj-emballages.com\/de\/#\/schema\/logo\/image\/\",\"url\":\"https:\/\/www.csj-emballages.com\/wp-content\/uploads\/2023\/10\/logo_csj.webp\",\"contentUrl\":\"https:\/\/www.csj-emballages.com\/wp-content\/uploads\/2023\/10\/logo_csj.webp\",\"width\":250,\"height\":95,\"caption\":\"CSJ Emballages\"},\"image\":{\"@id\":\"https:\/\/www.csj-emballages.com\/de\/#\/schema\/logo\/image\/\"},\"sameAs\":[\"https:\/\/www.facebook.com\/csjemballages\"],\"address\":{\"@type\":\"PostalAddress\",\"streetAddress\":\"ZI La Lechere\",\"addressLocality\":\"Patornay\",\"postalCode\":\"39130\",\"addressCountry\":\"FR\"},\"contactPoint\":[{\"@type\":\"ContactPoint\",\"contactType\":\"Service client\",\"telephone\":\"0384254272\",\"email\":\"contact@csj-emballages.com\"}]}]}<\/script>\n<!-- \/ Yoast SEO Premium plugin. -->","yoast_head_json":{"title":"Handb\u00fcrste Blau 12 cm","description":"Ergonomisch geformte Handb\u00fcrste mit steifen blauen Borsten, ideal f\u00fcr die t\u00e4gliche Reinigung. Praktisch, strapazierf\u00e4hig und leicht zu greifen.","robots":{"index":"index","follow":"follow","max-snippet":"max-snippet:-1","max-image-preview":"max-image-preview:large","max-video-preview":"max-video-preview:-1"},"canonical":"https:\/\/www.csj-emballages.com\/de\/produit\/handbuerste-blau-12-cm\/","og_locale":"de_DE","og_type":"article","og_title":"Handb\u00fcrste blau 12 cm","og_description":"Ergonomisch geformte Handb\u00fcrste mit steifen blauen Borsten, ideal f\u00fcr die t\u00e4gliche Reinigung. Praktisch, strapazierf\u00e4hig und leicht zu greifen.","og_url":"https:\/\/www.csj-emballages.com\/de\/produit\/handbuerste-blau-12-cm\/","og_site_name":"CSJ Emballages","article_publisher":"https:\/\/www.facebook.com\/csjemballages","article_modified_time":"2026-04-14T00:11:11+00:00","og_image":[{"width":800,"height":800,"url":"https:\/\/www.csj-emballages.com\/wp-content\/uploads\/2025\/11\/123637.webp","type":"image\/webp"}],"twitter_card":"summary_large_image","twitter_misc":{"Gesch\u00e4tzte Lesezeit":"2 Minuten"},"schema":{"@context":"https:\/\/schema.org","@graph":[{"@type":"WebPage","@id":"https:\/\/www.csj-emballages.com\/de\/produit\/handbuerste-blau-12-cm\/","url":"https:\/\/www.csj-emballages.com\/de\/produit\/handbuerste-blau-12-cm\/","name":"Handb\u00fcrste Blau 12 cm","isPartOf":{"@id":"https:\/\/www.csj-emballages.com\/de\/#website"},"primaryImageOfPage":{"@id":"https:\/\/www.csj-emballages.com\/de\/produit\/handbuerste-blau-12-cm\/#primaryimage"},"image":{"@id":"https:\/\/www.csj-emballages.com\/de\/produit\/handbuerste-blau-12-cm\/#primaryimage"},"thumbnailUrl":"https:\/\/www.csj-emballages.com\/wp-content\/uploads\/2025\/11\/123637.webp","datePublished":"2025-11-25T15:18:16+00:00","dateModified":"2026-04-14T00:11:11+00:00","description":"Ergonomisch geformte Handb\u00fcrste mit steifen blauen Borsten, ideal f\u00fcr die t\u00e4gliche Reinigung. Praktisch, strapazierf\u00e4hig und leicht zu greifen.","breadcrumb":{"@id":"https:\/\/www.csj-emballages.com\/de\/produit\/handbuerste-blau-12-cm\/#breadcrumb"},"inLanguage":"de","potentialAction":[{"@type":"ReadAction","target":["https:\/\/www.csj-emballages.com\/de\/produit\/handbuerste-blau-12-cm\/"]}]},{"@type":"ImageObject","inLanguage":"de","@id":"https:\/\/www.csj-emballages.com\/de\/produit\/handbuerste-blau-12-cm\/#primaryimage","url":"https:\/\/www.csj-emballages.com\/wp-content\/uploads\/2025\/11\/123637.webp","contentUrl":"https:\/\/www.csj-emballages.com\/wp-content\/uploads\/2025\/11\/123637.webp","width":800,"height":800,"caption":"Brosse \u00e0 main"},{"@type":"BreadcrumbList","@id":"https:\/\/www.csj-emballages.com\/de\/produit\/handbuerste-blau-12-cm\/#breadcrumb","itemListElement":[{"@type":"ListItem","position":1,"name":"Accueil","item":"https:\/\/www.csj-emballages.com\/de\/universum-lebensmittelverpackungen\/"},{"@type":"ListItem","position":2,"name":"Shop","item":"https:\/\/www.csj-emballages.com\/shop\/"},{"@type":"ListItem","position":3,"name":"Handb\u00fcrste blau 12 cm"}]},{"@type":"WebSite","@id":"https:\/\/www.csj-emballages.com\/de\/#website","url":"https:\/\/www.csj-emballages.com\/de\/","name":"CSJ Emballages","description":"","publisher":{"@id":"https:\/\/www.csj-emballages.com\/de\/#organization"},"potentialAction":[{"@type":"SearchAction","target":{"@type":"EntryPoint","urlTemplate":"https:\/\/www.csj-emballages.com\/de\/?s={search_term_string}"},"query-input":{"@type":"PropertyValueSpecification","valueRequired":true,"valueName":"search_term_string"}}],"inLanguage":"de"},{"@type":"Organization","@id":"https:\/\/www.csj-emballages.com\/de\/#Organization\/","name":"CSJ Emballages","url":"https:\/\/www.csj-emballages.com\/de\/","logo":{"@type":"ImageObject","inLanguage":"de","@id":"https:\/\/www.csj-emballages.com\/de\/#\/schema\/logo\/image\/","url":"https:\/\/www.csj-emballages.com\/wp-content\/uploads\/2023\/10\/logo_csj.webp","contentUrl":"https:\/\/www.csj-emballages.com\/wp-content\/uploads\/2023\/10\/logo_csj.webp","width":250,"height":95,"caption":"CSJ Emballages"},"image":{"@id":"https:\/\/www.csj-emballages.com\/de\/#\/schema\/logo\/image\/"},"sameAs":["https:\/\/www.facebook.com\/csjemballages"],"address":{"@type":"PostalAddress","streetAddress":"ZI La Lechere","addressLocality":"Patornay","postalCode":"39130","addressCountry":"FR"},"contactPoint":[{"@type":"ContactPoint","contactType":"Service client","telephone":"0384254272","email":"contact@csj-emballages.com"}]}]}},"df_price":6.37,"df_sale_price":"","df_regular_price":6.37,"df_image_link":"https:\/\/www.csj-emballages.com\/wp-content\/uploads\/2025\/11\/123637-300x300.webp","tiered_pricing_type":"fixed","tiered_pricing_fixed_rules":[],"tiered_pricing_percentage_rules":[],"tiered_pricing_minimum":1,"tiered_pricing_roles_data":[],"_links":{"self":[{"href":"https:\/\/www.csj-emballages.com\/de\/wp-json\/wp\/v2\/product\/258641","targetHints":{"allow":["GET"]}}],"collection":[{"href":"https:\/\/www.csj-emballages.com\/de\/wp-json\/wp\/v2\/product"}],"about":[{"href":"https:\/\/www.csj-emballages.com\/de\/wp-json\/wp\/v2\/types\/product"}],"wp:featuredmedia":[{"embeddable":true,"href":"https:\/\/www.csj-emballages.com\/de\/wp-json\/wp\/v2\/media\/258632"}],"wp:attachment":[{"href":"https:\/\/www.csj-emballages.com\/de\/wp-json\/wp\/v2\/media?parent=258641"}],"wp:term":[{"taxonomy":"product_brand","embeddable":true,"href":"https:\/\/www.csj-emballages.com\/de\/wp-json\/wp\/v2\/product_brand?post=258641"},{"taxonomy":"product_cat","embeddable":true,"href":"https:\/\/www.csj-emballages.com\/de\/wp-json\/wp\/v2\/product_cat?post=258641"},{"taxonomy":"product_tag","embeddable":true,"href":"https:\/\/www.csj-emballages.com\/de\/wp-json\/wp\/v2\/product_tag?post=258641"}],"curies":[{"name":"wp","href":"https:\/\/api.w.org\/{rel}","templated":true}]}}