{"id":258129,"date":"2025-12-11T15:18:20","date_gmt":"2025-12-11T14:18:20","guid":{"rendered":"https:\/\/www.csj-emballages.com\/produit\/goldplatte-vakuumbeutel-abgerundete-kanten-250-x-700-mm-pro-100\/"},"modified":"2026-03-12T16:33:21","modified_gmt":"2026-03-12T15:33:21","slug":"goldplatte-vakuumbeutel-abgerundete-kanten-250-x-700-mm-pro-100","status":"publish","type":"product","link":"https:\/\/www.csj-emballages.com\/de\/produit\/goldplatte-vakuumbeutel-abgerundete-kanten-250-x-700-mm-pro-100\/","title":{"rendered":"Goldplatte Vakuumbeutel abgerundete Kanten 250 x 700 mm pro 100"},"content":{"rendered":"<h2>Goldplatte Vakuumbeutel<\/h2>\n<hr>\n<h3>Entdecken Sie unsere Goldplatte Vakuumbeutel abgerundete Kanten 250 x 700 mm pro 100<\/h3>\n<p><!--more--><\/p>\n<p data-start=\"313\" data-end=\"773\">Wenn die Pr\u00e4sentation genauso wichtig ist wie die Aufbewahrung, macht diese <strong data-start=\"376\" data-end=\"408\">Goldplatte f\u00fcr Vakuumbeutel<\/strong> eindeutig den Unterschied. Mit seinem gro\u00dfen Format von <g id=\"gid_1\">250 x 700 mm<\/g> ist es ideal, um lange Produkte wie <g id=\"gid_2\">Fischfilets<\/g>, <g id=\"gid_3\">ganze Lachse<\/g>, <g id=\"gid_4\">gereiftes Fleisch<\/g> oder bestimmte Feinkostzubereitungen zu pr\u00e4sentieren. Schon auf den ersten Blick verleiht sie einen gepflegten und professionellen Touch, der sowohl im Schaufenster als auch beim \u00d6ffnen des Beutels die Blicke auf sich zieht.  <\/p>\n<p data-start=\"775\" data-end=\"1143\">Seine <strong>goldene Farbe<\/strong> verst\u00e4rkt den Premium-Look des Produkts, ohne \u00fcbertrieben zu wirken. Sie unterstreicht die Lebensmittel, hebt sie hervor und vermittelt sofort einen Eindruck von Qualit\u00e4t. Die <strong data-start=\"945\" data-end=\"963\">abgerundeten Kanten<\/strong> sind nicht zuf\u00e4llig da: Sie erleichtern das Einsetzen in den <strong>Vakuumbeutel<\/strong> und verringern die Gefahr von Einstichen. Das Ergebnis: Sie arbeiten entspannter und schneller.   <\/p>\n<p data-start=\"1145\" data-end=\"1485\">Die <strong>Goldplatte<\/strong> bietet auch eine hervorragende Haltbarkeit. Sie h\u00e4lt das Produkt flach, was die Optik nach dem Vakuumieren verbessert. Die Portionen bleiben sauber, gerade und gut pr\u00e4sentiert, egal ob f\u00fcr den Verkauf im Regal, in der Gastronomie oder in der Lebensmittelverarbeitung. Dies ist ein echtes Plus, um an Regelm\u00e4\u00dfigkeit und Sauberkeit zu gewinnen.   <\/p>\n<p data-start=\"1487\" data-end=\"1762\">Sie wird <strong data-start=\"1496\" data-end=\"1514\">in Packungen zu 100 St\u00fcck<\/strong> angeboten und ist perfekt auf die Bed\u00fcrfnisse von Fachleuten zugeschnitten, die gro\u00dfe Mengen handhaben und gleichzeitig nach einer zuverl\u00e4ssigen und praktischen L\u00f6sung suchen. Sie l\u00e4sst sich leicht in die t\u00e4gliche Organisation integrieren, ohne den Verpackungsprozess zu komplizieren. <\/p>\n<p data-start=\"1764\" data-end=\"1935\">Zusammenfassend l\u00e4sst sich sagen, dass diese <strong>Goldplatte f\u00fcr Vakuumbeutel<\/strong> nicht nur ein einfacher Tr\u00e4ger ist: Sie wertet Ihre Produkte auf, sichert Ihre Verpackungen und verbessert das endg\u00fcltige Bild, das Sie Ihren Kunden bieten.<\/p>\n<p data-start=\"1511\" data-end=\"1801\"><!--more--><\/p>\n<h4 style=\"text-align: left;\"><strong>Vorteile :<\/strong><\/h4>\n<ul>\n<li data-start=\"1963\" data-end=\"2004\"><strong>Gro\u00dfes Format,<\/strong> das f\u00fcr lange Produkte geeignet ist.<\/li>\n<li data-start=\"2007\" data-end=\"2051\">Goldfinish f\u00fcr einen Premium-Auftritt.<\/li>\n<li data-start=\"2054\" data-end=\"2107\"><strong>Abgerundete Kanten<\/strong> f\u00fcr mehr Sicherheit und Komfort.<\/li>\n<li data-start=\"2110\" data-end=\"2150\">H\u00e4lt das Produkt perfekt unter Vakuum.<\/li>\n<li data-start=\"2153\" data-end=\"2198\"><strong>100er-Pack<\/strong> ideal f\u00fcr den professionellen Gebrauch.<\/li>\n<\/ul>\n<p>&nbsp;<\/p>\n<p><!--more--><\/p>\n<h4>Weitere Informationen :<\/h4>\n<ul>\n<li><strong>Verpackung<\/strong>: Packung mit 100 St\u00fcck<\/li>\n<li><strong>Ma\u00dfe<\/strong>: 250 x 700 mm<\/li>\n<li><b>Farbe <\/b>: Gold<\/li>\n<li><strong>Material<\/strong>: Karton<\/li>\n<\/ul>\n<p>&nbsp;<\/p>\n<p><!--more--><\/p>\n<p><a href=\"https:\/\/www.csj-emballages.com\/de\/categorie-produit\/lebensmittelverpackungen\/backerei-und-konditorei\/schachteln-und-etuis\/gebackschachteln\/bunte-gebackschachteln\/moment-gourmand-patisserie-dosen\/\">Sehen Sie sich den Rest unseres Sortiments an Moment Gourmand Konditoreidosen an.<\/a><\/p>\n","protected":false},"excerpt":{"rendered":"<p>Goldplatte Vakuumbeutel Entdecken Sie unsere Goldplatte Vakuumbeutel abgerundete Kanten 250 x 700 mm pro 100<\/p>\n","protected":false},"featured_media":227197,"template":"","meta":{"_acf_changed":false},"product_brand":[],"product_cat":[1137,1170,3962,1235,9259],"product_tag":[],"class_list":{"0":"post-258129","1":"product","2":"type-product","3":"status-publish","4":"has-post-thumbnail","6":"product_cat-lebensmittelverpackungen","7":"product_cat-metzgerei-und-feinkostgeschaft","8":"product_cat-sacke-und-beutel","9":"product_cat-vakuumbeutel","10":"product_cat-goldplatten","12":"first","13":"instock","14":"taxable","15":"shipping-taxable","16":"purchasable","17":"product-type-simple"},"acf":[],"yoast_head":"<!-- This site is optimized with the Yoast SEO Premium plugin v26.6 (Yoast SEO v26.6) - https:\/\/yoast.com\/wordpress\/plugins\/seo\/ -->\n<title>Goldplatte Vakuumbeutel mit abgerundeten Kanten 250 x 700 mm per 100<\/title>\n<meta name=\"description\" content=\"Goldplatte f\u00fcr Vakuumbeutel 250x700 mm mit abgerundeten Kanten, verkauft zu 100 St\u00fcck. Ideal, um Fisch und Fleisch mit einer gepflegten Pr\u00e4sentation aufzuwerten.\" \/>\n<meta name=\"robots\" content=\"index, follow, max-snippet:-1, max-image-preview:large, max-video-preview:-1\" \/>\n<link rel=\"canonical\" href=\"https:\/\/www.csj-emballages.com\/de\/produit\/goldplatte-vakuumbeutel-abgerundete-kanten-250-x-700-mm-pro-100\/\" \/>\n<meta property=\"og:locale\" content=\"de_DE\" \/>\n<meta property=\"og:type\" content=\"article\" \/>\n<meta property=\"og:title\" content=\"Goldplatte Vakuumbeutel abgerundete Kanten 250 x 700 mm pro 100\" \/>\n<meta property=\"og:description\" content=\"Goldplatte f\u00fcr Vakuumbeutel 250x700 mm mit abgerundeten Kanten, verkauft zu 100 St\u00fcck. Ideal, um Fisch und Fleisch mit einer gepflegten Pr\u00e4sentation aufzuwerten.\" \/>\n<meta property=\"og:url\" content=\"https:\/\/www.csj-emballages.com\/de\/produit\/goldplatte-vakuumbeutel-abgerundete-kanten-250-x-700-mm-pro-100\/\" \/>\n<meta property=\"og:site_name\" content=\"CSJ Emballages\" \/>\n<meta property=\"article:publisher\" content=\"https:\/\/www.facebook.com\/csjemballages\" \/>\n<meta property=\"article:modified_time\" content=\"2026-03-12T15:33:21+00:00\" \/>\n<meta property=\"og:image\" content=\"https:\/\/www.csj-emballages.com\/wp-content\/uploads\/2025\/03\/plaque-a-saumon-200-x-300.webp\" \/>\n\t<meta property=\"og:image:width\" content=\"800\" \/>\n\t<meta property=\"og:image:height\" content=\"800\" \/>\n\t<meta property=\"og:image:type\" content=\"image\/webp\" \/>\n<meta name=\"twitter:card\" content=\"summary_large_image\" \/>\n<meta name=\"twitter:label1\" content=\"Gesch\u00e4tzte Lesezeit\" \/>\n\t<meta name=\"twitter:data1\" content=\"2 Minuten\" \/>\n<script type=\"application\/ld+json\" class=\"yoast-schema-graph\">{\"@context\":\"https:\/\/schema.org\",\"@graph\":[{\"@type\":\"WebPage\",\"@id\":\"https:\/\/www.csj-emballages.com\/de\/produit\/goldplatte-vakuumbeutel-abgerundete-kanten-250-x-700-mm-pro-100\/\",\"url\":\"https:\/\/www.csj-emballages.com\/de\/produit\/goldplatte-vakuumbeutel-abgerundete-kanten-250-x-700-mm-pro-100\/\",\"name\":\"Goldplatte Vakuumbeutel mit abgerundeten Kanten 250 x 700 mm per 100\",\"isPartOf\":{\"@id\":\"https:\/\/www.csj-emballages.com\/de\/#website\"},\"primaryImageOfPage\":{\"@id\":\"https:\/\/www.csj-emballages.com\/de\/produit\/goldplatte-vakuumbeutel-abgerundete-kanten-250-x-700-mm-pro-100\/#primaryimage\"},\"image\":{\"@id\":\"https:\/\/www.csj-emballages.com\/de\/produit\/goldplatte-vakuumbeutel-abgerundete-kanten-250-x-700-mm-pro-100\/#primaryimage\"},\"thumbnailUrl\":\"https:\/\/www.csj-emballages.com\/wp-content\/uploads\/2025\/03\/plaque-a-saumon-200-x-300.webp\",\"datePublished\":\"2025-12-11T14:18:20+00:00\",\"dateModified\":\"2026-03-12T15:33:21+00:00\",\"description\":\"Goldplatte f\u00fcr Vakuumbeutel 250x700 mm mit abgerundeten Kanten, verkauft zu 100 St\u00fcck. Ideal, um Fisch und Fleisch mit einer gepflegten Pr\u00e4sentation aufzuwerten.\",\"breadcrumb\":{\"@id\":\"https:\/\/www.csj-emballages.com\/de\/produit\/goldplatte-vakuumbeutel-abgerundete-kanten-250-x-700-mm-pro-100\/#breadcrumb\"},\"inLanguage\":\"de\",\"potentialAction\":[{\"@type\":\"ReadAction\",\"target\":[\"https:\/\/www.csj-emballages.com\/de\/produit\/goldplatte-vakuumbeutel-abgerundete-kanten-250-x-700-mm-pro-100\/\"]}]},{\"@type\":\"ImageObject\",\"inLanguage\":\"de\",\"@id\":\"https:\/\/www.csj-emballages.com\/de\/produit\/goldplatte-vakuumbeutel-abgerundete-kanten-250-x-700-mm-pro-100\/#primaryimage\",\"url\":\"https:\/\/www.csj-emballages.com\/wp-content\/uploads\/2025\/03\/plaque-a-saumon-200-x-300.webp\",\"contentUrl\":\"https:\/\/www.csj-emballages.com\/wp-content\/uploads\/2025\/03\/plaque-a-saumon-200-x-300.webp\",\"width\":800,\"height\":800,\"caption\":\"plaque or sac sous vide\"},{\"@type\":\"BreadcrumbList\",\"@id\":\"https:\/\/www.csj-emballages.com\/de\/produit\/goldplatte-vakuumbeutel-abgerundete-kanten-250-x-700-mm-pro-100\/#breadcrumb\",\"itemListElement\":[{\"@type\":\"ListItem\",\"position\":1,\"name\":\"Accueil\",\"item\":\"https:\/\/www.csj-emballages.com\/de\/universum-lebensmittelverpackungen\/\"},{\"@type\":\"ListItem\",\"position\":2,\"name\":\"Shop\",\"item\":\"https:\/\/www.csj-emballages.com\/shop\/\"},{\"@type\":\"ListItem\",\"position\":3,\"name\":\"Goldplatte Vakuumbeutel abgerundete Kanten 250 x 700 mm pro 100\"}]},{\"@type\":\"WebSite\",\"@id\":\"https:\/\/www.csj-emballages.com\/de\/#website\",\"url\":\"https:\/\/www.csj-emballages.com\/de\/\",\"name\":\"CSJ Emballages\",\"description\":\"\",\"publisher\":{\"@id\":\"https:\/\/www.csj-emballages.com\/de\/#organization\"},\"potentialAction\":[{\"@type\":\"SearchAction\",\"target\":{\"@type\":\"EntryPoint\",\"urlTemplate\":\"https:\/\/www.csj-emballages.com\/de\/?s={search_term_string}\"},\"query-input\":{\"@type\":\"PropertyValueSpecification\",\"valueRequired\":true,\"valueName\":\"search_term_string\"}}],\"inLanguage\":\"de\"},{\"@type\":\"Organization\",\"@id\":\"https:\/\/www.csj-emballages.com\/de\/#Organization\/\",\"name\":\"CSJ Emballages\",\"url\":\"https:\/\/www.csj-emballages.com\/de\/\",\"logo\":{\"@type\":\"ImageObject\",\"inLanguage\":\"de\",\"@id\":\"https:\/\/www.csj-emballages.com\/de\/#\/schema\/logo\/image\/\",\"url\":\"https:\/\/www.csj-emballages.com\/wp-content\/uploads\/2023\/10\/logo_csj.webp\",\"contentUrl\":\"https:\/\/www.csj-emballages.com\/wp-content\/uploads\/2023\/10\/logo_csj.webp\",\"width\":250,\"height\":95,\"caption\":\"CSJ Emballages\"},\"image\":{\"@id\":\"https:\/\/www.csj-emballages.com\/de\/#\/schema\/logo\/image\/\"},\"sameAs\":[\"https:\/\/www.facebook.com\/csjemballages\"],\"address\":{\"@type\":\"PostalAddress\",\"streetAddress\":\"ZI La Lechere\",\"addressLocality\":\"Patornay\",\"postalCode\":\"39130\",\"addressCountry\":\"FR\"},\"contactPoint\":[{\"@type\":\"ContactPoint\",\"contactType\":\"Service client\",\"telephone\":\"0384254272\",\"email\":\"contact@csj-emballages.com\"}]}]}<\/script>\n<!-- \/ Yoast SEO Premium plugin. -->","yoast_head_json":{"title":"Goldplatte Vakuumbeutel mit abgerundeten Kanten 250 x 700 mm per 100","description":"Goldplatte f\u00fcr Vakuumbeutel 250x700 mm mit abgerundeten Kanten, verkauft zu 100 St\u00fcck. Ideal, um Fisch und Fleisch mit einer gepflegten Pr\u00e4sentation aufzuwerten.","robots":{"index":"index","follow":"follow","max-snippet":"max-snippet:-1","max-image-preview":"max-image-preview:large","max-video-preview":"max-video-preview:-1"},"canonical":"https:\/\/www.csj-emballages.com\/de\/produit\/goldplatte-vakuumbeutel-abgerundete-kanten-250-x-700-mm-pro-100\/","og_locale":"de_DE","og_type":"article","og_title":"Goldplatte Vakuumbeutel abgerundete Kanten 250 x 700 mm pro 100","og_description":"Goldplatte f\u00fcr Vakuumbeutel 250x700 mm mit abgerundeten Kanten, verkauft zu 100 St\u00fcck. Ideal, um Fisch und Fleisch mit einer gepflegten Pr\u00e4sentation aufzuwerten.","og_url":"https:\/\/www.csj-emballages.com\/de\/produit\/goldplatte-vakuumbeutel-abgerundete-kanten-250-x-700-mm-pro-100\/","og_site_name":"CSJ Emballages","article_publisher":"https:\/\/www.facebook.com\/csjemballages","article_modified_time":"2026-03-12T15:33:21+00:00","og_image":[{"width":800,"height":800,"url":"https:\/\/www.csj-emballages.com\/wp-content\/uploads\/2025\/03\/plaque-a-saumon-200-x-300.webp","type":"image\/webp"}],"twitter_card":"summary_large_image","twitter_misc":{"Gesch\u00e4tzte Lesezeit":"2 Minuten"},"schema":{"@context":"https:\/\/schema.org","@graph":[{"@type":"WebPage","@id":"https:\/\/www.csj-emballages.com\/de\/produit\/goldplatte-vakuumbeutel-abgerundete-kanten-250-x-700-mm-pro-100\/","url":"https:\/\/www.csj-emballages.com\/de\/produit\/goldplatte-vakuumbeutel-abgerundete-kanten-250-x-700-mm-pro-100\/","name":"Goldplatte Vakuumbeutel mit abgerundeten Kanten 250 x 700 mm per 100","isPartOf":{"@id":"https:\/\/www.csj-emballages.com\/de\/#website"},"primaryImageOfPage":{"@id":"https:\/\/www.csj-emballages.com\/de\/produit\/goldplatte-vakuumbeutel-abgerundete-kanten-250-x-700-mm-pro-100\/#primaryimage"},"image":{"@id":"https:\/\/www.csj-emballages.com\/de\/produit\/goldplatte-vakuumbeutel-abgerundete-kanten-250-x-700-mm-pro-100\/#primaryimage"},"thumbnailUrl":"https:\/\/www.csj-emballages.com\/wp-content\/uploads\/2025\/03\/plaque-a-saumon-200-x-300.webp","datePublished":"2025-12-11T14:18:20+00:00","dateModified":"2026-03-12T15:33:21+00:00","description":"Goldplatte f\u00fcr Vakuumbeutel 250x700 mm mit abgerundeten Kanten, verkauft zu 100 St\u00fcck. Ideal, um Fisch und Fleisch mit einer gepflegten Pr\u00e4sentation aufzuwerten.","breadcrumb":{"@id":"https:\/\/www.csj-emballages.com\/de\/produit\/goldplatte-vakuumbeutel-abgerundete-kanten-250-x-700-mm-pro-100\/#breadcrumb"},"inLanguage":"de","potentialAction":[{"@type":"ReadAction","target":["https:\/\/www.csj-emballages.com\/de\/produit\/goldplatte-vakuumbeutel-abgerundete-kanten-250-x-700-mm-pro-100\/"]}]},{"@type":"ImageObject","inLanguage":"de","@id":"https:\/\/www.csj-emballages.com\/de\/produit\/goldplatte-vakuumbeutel-abgerundete-kanten-250-x-700-mm-pro-100\/#primaryimage","url":"https:\/\/www.csj-emballages.com\/wp-content\/uploads\/2025\/03\/plaque-a-saumon-200-x-300.webp","contentUrl":"https:\/\/www.csj-emballages.com\/wp-content\/uploads\/2025\/03\/plaque-a-saumon-200-x-300.webp","width":800,"height":800,"caption":"plaque or sac sous vide"},{"@type":"BreadcrumbList","@id":"https:\/\/www.csj-emballages.com\/de\/produit\/goldplatte-vakuumbeutel-abgerundete-kanten-250-x-700-mm-pro-100\/#breadcrumb","itemListElement":[{"@type":"ListItem","position":1,"name":"Accueil","item":"https:\/\/www.csj-emballages.com\/de\/universum-lebensmittelverpackungen\/"},{"@type":"ListItem","position":2,"name":"Shop","item":"https:\/\/www.csj-emballages.com\/shop\/"},{"@type":"ListItem","position":3,"name":"Goldplatte Vakuumbeutel abgerundete Kanten 250 x 700 mm pro 100"}]},{"@type":"WebSite","@id":"https:\/\/www.csj-emballages.com\/de\/#website","url":"https:\/\/www.csj-emballages.com\/de\/","name":"CSJ Emballages","description":"","publisher":{"@id":"https:\/\/www.csj-emballages.com\/de\/#organization"},"potentialAction":[{"@type":"SearchAction","target":{"@type":"EntryPoint","urlTemplate":"https:\/\/www.csj-emballages.com\/de\/?s={search_term_string}"},"query-input":{"@type":"PropertyValueSpecification","valueRequired":true,"valueName":"search_term_string"}}],"inLanguage":"de"},{"@type":"Organization","@id":"https:\/\/www.csj-emballages.com\/de\/#Organization\/","name":"CSJ Emballages","url":"https:\/\/www.csj-emballages.com\/de\/","logo":{"@type":"ImageObject","inLanguage":"de","@id":"https:\/\/www.csj-emballages.com\/de\/#\/schema\/logo\/image\/","url":"https:\/\/www.csj-emballages.com\/wp-content\/uploads\/2023\/10\/logo_csj.webp","contentUrl":"https:\/\/www.csj-emballages.com\/wp-content\/uploads\/2023\/10\/logo_csj.webp","width":250,"height":95,"caption":"CSJ Emballages"},"image":{"@id":"https:\/\/www.csj-emballages.com\/de\/#\/schema\/logo\/image\/"},"sameAs":["https:\/\/www.facebook.com\/csjemballages"],"address":{"@type":"PostalAddress","streetAddress":"ZI La Lechere","addressLocality":"Patornay","postalCode":"39130","addressCountry":"FR"},"contactPoint":[{"@type":"ContactPoint","contactType":"Service client","telephone":"0384254272","email":"contact@csj-emballages.com"}]}]}},"df_price":70.52,"df_sale_price":"","df_regular_price":70.52,"df_image_link":"https:\/\/www.csj-emballages.com\/wp-content\/uploads\/2025\/03\/plaque-a-saumon-200-x-300-300x300.webp","tiered_pricing_type":"fixed","tiered_pricing_fixed_rules":[],"tiered_pricing_percentage_rules":[],"tiered_pricing_minimum":1,"tiered_pricing_roles_data":[],"_links":{"self":[{"href":"https:\/\/www.csj-emballages.com\/de\/wp-json\/wp\/v2\/product\/258129","targetHints":{"allow":["GET"]}}],"collection":[{"href":"https:\/\/www.csj-emballages.com\/de\/wp-json\/wp\/v2\/product"}],"about":[{"href":"https:\/\/www.csj-emballages.com\/de\/wp-json\/wp\/v2\/types\/product"}],"wp:featuredmedia":[{"embeddable":true,"href":"https:\/\/www.csj-emballages.com\/de\/wp-json\/wp\/v2\/media\/227197"}],"wp:attachment":[{"href":"https:\/\/www.csj-emballages.com\/de\/wp-json\/wp\/v2\/media?parent=258129"}],"wp:term":[{"taxonomy":"product_brand","embeddable":true,"href":"https:\/\/www.csj-emballages.com\/de\/wp-json\/wp\/v2\/product_brand?post=258129"},{"taxonomy":"product_cat","embeddable":true,"href":"https:\/\/www.csj-emballages.com\/de\/wp-json\/wp\/v2\/product_cat?post=258129"},{"taxonomy":"product_tag","embeddable":true,"href":"https:\/\/www.csj-emballages.com\/de\/wp-json\/wp\/v2\/product_tag?post=258129"}],"curies":[{"name":"wp","href":"https:\/\/api.w.org\/{rel}","templated":true}]}}