{"id":258121,"date":"2025-11-14T14:18:26","date_gmt":"2025-11-14T13:18:26","guid":{"rendered":"https:\/\/www.csj-emballages.com\/produit\/moment-gourmand-konditoreibox-aus-karton-33-x-8-cm-pro-25-stueck\/"},"modified":"2026-05-14T02:12:33","modified_gmt":"2026-05-14T00:12:33","slug":"moment-gourmand-konditoreibox-aus-karton-33-x-8-cm-pro-25-stueck","status":"publish","type":"product","link":"https:\/\/www.csj-emballages.com\/de\/produit\/moment-gourmand-konditoreibox-aus-karton-33-x-8-cm-pro-25-stueck\/","title":{"rendered":"Moment Gourmand Konditoreibox aus Karton 33 x 8 cm pro 25 St\u00fcck"},"content":{"rendered":"<h2>Konditoreischachtel<\/h2>\n<hr>\n<h3>Entdecken Sie unsere Konditoreidose Moment Gourmand aus Karton 33 x 8 cm \u00e0 50 St\u00fcck<\/h3>\n<p><!--more--><\/p>\n<p data-start=\"244\" data-end=\"613\">Wenn die Desserts etwas l\u00e4nger werden, muss auch die Verpackung mithalten k\u00f6nnen. Die <strong>Konditoreischachtel<\/strong> <strong data-start=\"342\" data-end=\"376\">&#8222;Moment Gourmand&#8220; im Format 33 x 8 cm<\/strong> wurde gerade daf\u00fcr entwickelt, gro\u00dfz\u00fcgigere Kreationen aufzunehmen und gleichzeitig eine gepflegte Pr\u00e4sentation beizubehalten. Sie eignet sich perfekt f\u00fcr XL-Eclairs, Mille-feuilles, B\u00fbchettes, individuelle Cakes oder s\u00fc\u00dfe Sortimente zum Mitnehmen.  <\/p>\n<p data-start=\"615\" data-end=\"970\">Ihr <strong>elegantes wei\u00dfes Design<\/strong>, das durch einen <strong>modernen blauen Streifen<\/strong> hervorgehoben wird, vermittelt sofort einen Eindruck von Qualit\u00e4t. Schon bei der \u00dcbergabe an den Kunden wertet die <strong>Konditoreidose<\/strong> die im Schaufenster geleistete Arbeit auf. Sie weckt Vertrauen, macht Lust auf das \u00d6ffnen und verl\u00e4ngert den Genuss schon lange vor der Verkostung. Diese Art von Detail verst\u00e4rkt Ihr Image auf nat\u00fcrliche Weise, ohne es zu \u00fcbertreiben.   <\/p>\n<p data-start=\"972\" data-end=\"1308\">In Bezug auf die Verwendung bleibt sie einfach und effizient. Der <strong>feste<\/strong> <strong>Karton<\/strong> sorgt f\u00fcr Stabilit\u00e4t beim Transport, selbst bei zerbrechlichen oder l\u00e4nglichen Geb\u00e4cken. Der Verschluss erfolgt schnell, sodass Sie auch bei gro\u00dfem Andrang fl\u00fcssig servieren k\u00f6nnen. Sie verpacken sauber und ohne komplizierte Handgriffe.   <\/p>\n<p data-start=\"1310\" data-end=\"1574\">Angeboten <strong data-start=\"1319\" data-end=\"1336\">im 50er-Pack<\/strong>, ist diese <strong>Geb\u00e4ckschachtel<\/strong> ideal f\u00fcr Konditoren, B\u00e4ckereien, Caterer und Teestuben, die Praktikabilit\u00e4t und \u00c4sthetik vereinen m\u00f6chten. Sie bietet ein gutes Gleichgewicht zwischen Kapazit\u00e4t, einfacher Lagerung und gleichm\u00e4\u00dfiger Pr\u00e4sentation.<\/p>\n<p data-start=\"1576\" data-end=\"1791\">Zusammenfassend l\u00e4sst sich sagen, dass die <strong>Konditoreidose<\/strong> <strong>&#8222;Moment Gourmand&#8220; 29 x 8 cm<\/strong> Ihre raffiniertesten Desserts auf elegante Weise begleitet. Sie sch\u00fctzt, sie hebt hervor und sie macht jeden Verkauf zu einem wahren Gourmet-Erlebnis. <\/p>\n<p data-start=\"1511\" data-end=\"1801\"><!--more--><\/p>\n<h4 style=\"text-align: left;\"><strong>Vorteile :<\/strong><\/h4>\n<ul>\n<li data-start=\"1819\" data-end=\"1866\">Langes Format, das f\u00fcr l\u00e4ngliches Geb\u00e4ck geeignet ist.<\/li>\n<li data-start=\"1869\" data-end=\"1900\">Elegantes und wertsch\u00e4tzendes Design.<\/li>\n<li data-start=\"1903\" data-end=\"1946\">Stabiler <strong>Karton<\/strong> f\u00fcr einen sicheren Transport.<\/li>\n<li data-start=\"1949\" data-end=\"1988\">Schneller Aufbau und einfache Nutzung.<\/li>\n<li data-start=\"1991\" data-end=\"2036\">Packung mit <strong>50<\/strong> St\u00fcck, ideal f\u00fcr den professionellen Gebrauch.<\/li>\n<\/ul>\n<p>&nbsp;<\/p>\n<p><!--more--><\/p>\n<h4>Weitere Informationen :<\/h4>\n<ul>\n<li><strong>Verpackung<\/strong>: Packung mit 50 St\u00fcck<\/li>\n<li><strong>Ma\u00dfe<\/strong>: 33 x 8 (L x B x H in cm)<\/li>\n<li><b>Farbe <\/b>: Wei\u00df \/ Blau<\/li>\n<li><strong>Material<\/strong>: Karton<\/li>\n<li><strong>Modell<\/strong>: Moment Gourmand<\/li>\n<\/ul>\n<p>&nbsp;<\/p>\n<p><!--more--><\/p>\n<p>Diese Konditoreidose des Modells &#8218;Moment Gourmand&#8216; ist in verschiedenen Gr\u00f6\u00dfen erh\u00e4ltlich : <span style=\"color: #d12727;\"><a style=\"color: #d12727;\" href=\"https:\/\/www.csj-emballages.com\/en\/produit\/moment-gourmand-pastry-box-cardboard-20-x-8-cm-per-50\/\">20 x 8 cm<\/a><\/span> \/ <span style=\"color: #d12727;\"><a style=\"color: #d12727;\" href=\"https:\/\/www.csj-emballages.com\/en\/produit\/moment-gourmand-pastry-box-cardboard-23-x-8-cm-per-50\/\">23 x 8 cm<\/a><\/span> \/ <span style=\"color: #d12727;\"><a style=\"color: #d12727;\" href=\"https:\/\/www.csj-emballages.com\/de\/produit\/moment-gourmand-patisserie-box-karton-26-x-8-cm-pro-50\/\">26 x 8 cm<\/a><\/span> \/ <span style=\"color: #d12727;\"><a style=\"color: #d12727;\" href=\"https:\/\/www.csj-emballages.com\/en\/produit\/moment-gourmand-pastry-box-cardboard-29-x-8-cm-per-50\/\">29 x 8 cm<\/a><\/span><\/p>\n<p>&nbsp;<\/p>\n<p><!--more--><\/p>\n<p><a href=\"https:\/\/www.csj-emballages.com\/de\/categorie-produit\/lebensmittelverpackungen\/backerei-und-konditorei\/schachteln-und-etuis\/gebackschachteln\/bunte-gebackschachteln\/moment-gourmand-patisserie-dosen\/\">Entdecken Sie den Rest unseres Sortiments an Geb\u00e4ckschachteln \u201eMoment Gourmand\u201c<\/a><\/p>\n","protected":false},"excerpt":{"rendered":"<p>Konditoreischachtel Entdecken Sie unsere Konditoreidose Moment Gourmand aus Karton 33 x 8 cm \u00e0 50 St\u00fcck<\/p>\n","protected":false},"featured_media":258060,"template":"","meta":{"_acf_changed":false},"product_brand":[],"product_cat":[1137,1171,3964,1256,1261,10175],"product_tag":[],"class_list":{"0":"post-258121","1":"product","2":"type-product","3":"status-publish","4":"has-post-thumbnail","6":"product_cat-lebensmittelverpackungen","7":"product_cat-backerei-und-konditorei","8":"product_cat-schachteln-und-etuis","9":"product_cat-gebackschachteln","10":"product_cat-bunte-gebackschachteln","11":"product_cat-moment-gourmand-patisserie-dosen","13":"first","14":"instock","15":"taxable","16":"shipping-taxable","17":"purchasable","18":"product-type-simple"},"acf":[],"yoast_head":"<!-- This site is optimized with the Yoast SEO Premium plugin v26.6 (Yoast SEO v26.6) - https:\/\/yoast.com\/wordpress\/plugins\/seo\/ -->\n<title>Moment Gourmand Patisserie Box Karton 33 x 8 cm pro 25<\/title>\n<meta name=\"description\" content=\"Konditoreibox &quot;Moment Gourmand&quot; 33x8 cm aus Karton, verkauft zu 50 St\u00fcck. Elegant und robust, perfekt f\u00fcr lange Desserts und feine Backwaren.\" \/>\n<meta name=\"robots\" content=\"index, follow, max-snippet:-1, max-image-preview:large, max-video-preview:-1\" \/>\n<link rel=\"canonical\" href=\"https:\/\/www.csj-emballages.com\/de\/produit\/moment-gourmand-konditoreibox-aus-karton-33-x-8-cm-pro-25-stueck\/\" \/>\n<meta property=\"og:locale\" content=\"de_DE\" \/>\n<meta property=\"og:type\" content=\"article\" \/>\n<meta property=\"og:title\" content=\"Moment Gourmand Konditoreibox aus Karton 33 x 8 cm pro 25 St\u00fcck\" \/>\n<meta property=\"og:description\" content=\"Konditoreibox &quot;Moment Gourmand&quot; 33x8 cm aus Karton, verkauft zu 50 St\u00fcck. Elegant und robust, perfekt f\u00fcr lange Desserts und feine Backwaren.\" \/>\n<meta property=\"og:url\" content=\"https:\/\/www.csj-emballages.com\/de\/produit\/moment-gourmand-konditoreibox-aus-karton-33-x-8-cm-pro-25-stueck\/\" \/>\n<meta property=\"og:site_name\" content=\"CSJ Emballages\" \/>\n<meta property=\"article:publisher\" content=\"https:\/\/www.facebook.com\/csjemballages\" \/>\n<meta property=\"article:modified_time\" content=\"2026-05-14T00:12:33+00:00\" \/>\n<meta property=\"og:image\" content=\"https:\/\/www.csj-emballages.com\/wp-content\/uploads\/2025\/11\/BTP208GOUR.webp\" \/>\n\t<meta property=\"og:image:width\" content=\"800\" \/>\n\t<meta property=\"og:image:height\" content=\"800\" \/>\n\t<meta property=\"og:image:type\" content=\"image\/webp\" \/>\n<meta name=\"twitter:card\" content=\"summary_large_image\" \/>\n<meta name=\"twitter:label1\" content=\"Gesch\u00e4tzte Lesezeit\" \/>\n\t<meta name=\"twitter:data1\" content=\"2 Minuten\" \/>\n<script type=\"application\/ld+json\" class=\"yoast-schema-graph\">{\"@context\":\"https:\/\/schema.org\",\"@graph\":[{\"@type\":\"WebPage\",\"@id\":\"https:\/\/www.csj-emballages.com\/de\/produit\/moment-gourmand-konditoreibox-aus-karton-33-x-8-cm-pro-25-stueck\/\",\"url\":\"https:\/\/www.csj-emballages.com\/de\/produit\/moment-gourmand-konditoreibox-aus-karton-33-x-8-cm-pro-25-stueck\/\",\"name\":\"Moment Gourmand Patisserie Box Karton 33 x 8 cm pro 25\",\"isPartOf\":{\"@id\":\"https:\/\/www.csj-emballages.com\/de\/#website\"},\"primaryImageOfPage\":{\"@id\":\"https:\/\/www.csj-emballages.com\/de\/produit\/moment-gourmand-konditoreibox-aus-karton-33-x-8-cm-pro-25-stueck\/#primaryimage\"},\"image\":{\"@id\":\"https:\/\/www.csj-emballages.com\/de\/produit\/moment-gourmand-konditoreibox-aus-karton-33-x-8-cm-pro-25-stueck\/#primaryimage\"},\"thumbnailUrl\":\"https:\/\/www.csj-emballages.com\/wp-content\/uploads\/2025\/11\/BTP208GOUR.webp\",\"datePublished\":\"2025-11-14T13:18:26+00:00\",\"dateModified\":\"2026-05-14T00:12:33+00:00\",\"description\":\"Konditoreibox \\\"Moment Gourmand\\\" 33x8 cm aus Karton, verkauft zu 50 St\u00fcck. Elegant und robust, perfekt f\u00fcr lange Desserts und feine Backwaren.\",\"breadcrumb\":{\"@id\":\"https:\/\/www.csj-emballages.com\/de\/produit\/moment-gourmand-konditoreibox-aus-karton-33-x-8-cm-pro-25-stueck\/#breadcrumb\"},\"inLanguage\":\"de\",\"potentialAction\":[{\"@type\":\"ReadAction\",\"target\":[\"https:\/\/www.csj-emballages.com\/de\/produit\/moment-gourmand-konditoreibox-aus-karton-33-x-8-cm-pro-25-stueck\/\"]}]},{\"@type\":\"ImageObject\",\"inLanguage\":\"de\",\"@id\":\"https:\/\/www.csj-emballages.com\/de\/produit\/moment-gourmand-konditoreibox-aus-karton-33-x-8-cm-pro-25-stueck\/#primaryimage\",\"url\":\"https:\/\/www.csj-emballages.com\/wp-content\/uploads\/2025\/11\/BTP208GOUR.webp\",\"contentUrl\":\"https:\/\/www.csj-emballages.com\/wp-content\/uploads\/2025\/11\/BTP208GOUR.webp\",\"width\":800,\"height\":800,\"caption\":\"Boite p\u00e2tissi\u00e8re\"},{\"@type\":\"BreadcrumbList\",\"@id\":\"https:\/\/www.csj-emballages.com\/de\/produit\/moment-gourmand-konditoreibox-aus-karton-33-x-8-cm-pro-25-stueck\/#breadcrumb\",\"itemListElement\":[{\"@type\":\"ListItem\",\"position\":1,\"name\":\"Accueil\",\"item\":\"https:\/\/www.csj-emballages.com\/de\/universum-lebensmittelverpackungen\/\"},{\"@type\":\"ListItem\",\"position\":2,\"name\":\"Shop\",\"item\":\"https:\/\/www.csj-emballages.com\/shop\/\"},{\"@type\":\"ListItem\",\"position\":3,\"name\":\"Moment Gourmand Konditoreibox aus Karton 33 x 8 cm pro 25 St\u00fcck\"}]},{\"@type\":\"WebSite\",\"@id\":\"https:\/\/www.csj-emballages.com\/de\/#website\",\"url\":\"https:\/\/www.csj-emballages.com\/de\/\",\"name\":\"CSJ Emballages\",\"description\":\"\",\"publisher\":{\"@id\":\"https:\/\/www.csj-emballages.com\/de\/#organization\"},\"potentialAction\":[{\"@type\":\"SearchAction\",\"target\":{\"@type\":\"EntryPoint\",\"urlTemplate\":\"https:\/\/www.csj-emballages.com\/de\/?s={search_term_string}\"},\"query-input\":{\"@type\":\"PropertyValueSpecification\",\"valueRequired\":true,\"valueName\":\"search_term_string\"}}],\"inLanguage\":\"de\"},{\"@type\":\"Organization\",\"@id\":\"https:\/\/www.csj-emballages.com\/de\/#Organization\/\",\"name\":\"CSJ Emballages\",\"url\":\"https:\/\/www.csj-emballages.com\/de\/\",\"logo\":{\"@type\":\"ImageObject\",\"inLanguage\":\"de\",\"@id\":\"https:\/\/www.csj-emballages.com\/de\/#\/schema\/logo\/image\/\",\"url\":\"https:\/\/www.csj-emballages.com\/wp-content\/uploads\/2023\/10\/logo_csj.webp\",\"contentUrl\":\"https:\/\/www.csj-emballages.com\/wp-content\/uploads\/2023\/10\/logo_csj.webp\",\"width\":250,\"height\":95,\"caption\":\"CSJ Emballages\"},\"image\":{\"@id\":\"https:\/\/www.csj-emballages.com\/de\/#\/schema\/logo\/image\/\"},\"sameAs\":[\"https:\/\/www.facebook.com\/csjemballages\"],\"address\":{\"@type\":\"PostalAddress\",\"streetAddress\":\"ZI La Lechere\",\"addressLocality\":\"Patornay\",\"postalCode\":\"39130\",\"addressCountry\":\"FR\"},\"contactPoint\":[{\"@type\":\"ContactPoint\",\"contactType\":\"Service client\",\"telephone\":\"0384254272\",\"email\":\"contact@csj-emballages.com\"}]}]}<\/script>\n<!-- \/ Yoast SEO Premium plugin. -->","yoast_head_json":{"title":"Moment Gourmand Patisserie Box Karton 33 x 8 cm pro 25","description":"Konditoreibox \"Moment Gourmand\" 33x8 cm aus Karton, verkauft zu 50 St\u00fcck. Elegant und robust, perfekt f\u00fcr lange Desserts und feine Backwaren.","robots":{"index":"index","follow":"follow","max-snippet":"max-snippet:-1","max-image-preview":"max-image-preview:large","max-video-preview":"max-video-preview:-1"},"canonical":"https:\/\/www.csj-emballages.com\/de\/produit\/moment-gourmand-konditoreibox-aus-karton-33-x-8-cm-pro-25-stueck\/","og_locale":"de_DE","og_type":"article","og_title":"Moment Gourmand Konditoreibox aus Karton 33 x 8 cm pro 25 St\u00fcck","og_description":"Konditoreibox \"Moment Gourmand\" 33x8 cm aus Karton, verkauft zu 50 St\u00fcck. Elegant und robust, perfekt f\u00fcr lange Desserts und feine Backwaren.","og_url":"https:\/\/www.csj-emballages.com\/de\/produit\/moment-gourmand-konditoreibox-aus-karton-33-x-8-cm-pro-25-stueck\/","og_site_name":"CSJ Emballages","article_publisher":"https:\/\/www.facebook.com\/csjemballages","article_modified_time":"2026-05-14T00:12:33+00:00","og_image":[{"width":800,"height":800,"url":"https:\/\/www.csj-emballages.com\/wp-content\/uploads\/2025\/11\/BTP208GOUR.webp","type":"image\/webp"}],"twitter_card":"summary_large_image","twitter_misc":{"Gesch\u00e4tzte Lesezeit":"2 Minuten"},"schema":{"@context":"https:\/\/schema.org","@graph":[{"@type":"WebPage","@id":"https:\/\/www.csj-emballages.com\/de\/produit\/moment-gourmand-konditoreibox-aus-karton-33-x-8-cm-pro-25-stueck\/","url":"https:\/\/www.csj-emballages.com\/de\/produit\/moment-gourmand-konditoreibox-aus-karton-33-x-8-cm-pro-25-stueck\/","name":"Moment Gourmand Patisserie Box Karton 33 x 8 cm pro 25","isPartOf":{"@id":"https:\/\/www.csj-emballages.com\/de\/#website"},"primaryImageOfPage":{"@id":"https:\/\/www.csj-emballages.com\/de\/produit\/moment-gourmand-konditoreibox-aus-karton-33-x-8-cm-pro-25-stueck\/#primaryimage"},"image":{"@id":"https:\/\/www.csj-emballages.com\/de\/produit\/moment-gourmand-konditoreibox-aus-karton-33-x-8-cm-pro-25-stueck\/#primaryimage"},"thumbnailUrl":"https:\/\/www.csj-emballages.com\/wp-content\/uploads\/2025\/11\/BTP208GOUR.webp","datePublished":"2025-11-14T13:18:26+00:00","dateModified":"2026-05-14T00:12:33+00:00","description":"Konditoreibox \"Moment Gourmand\" 33x8 cm aus Karton, verkauft zu 50 St\u00fcck. Elegant und robust, perfekt f\u00fcr lange Desserts und feine Backwaren.","breadcrumb":{"@id":"https:\/\/www.csj-emballages.com\/de\/produit\/moment-gourmand-konditoreibox-aus-karton-33-x-8-cm-pro-25-stueck\/#breadcrumb"},"inLanguage":"de","potentialAction":[{"@type":"ReadAction","target":["https:\/\/www.csj-emballages.com\/de\/produit\/moment-gourmand-konditoreibox-aus-karton-33-x-8-cm-pro-25-stueck\/"]}]},{"@type":"ImageObject","inLanguage":"de","@id":"https:\/\/www.csj-emballages.com\/de\/produit\/moment-gourmand-konditoreibox-aus-karton-33-x-8-cm-pro-25-stueck\/#primaryimage","url":"https:\/\/www.csj-emballages.com\/wp-content\/uploads\/2025\/11\/BTP208GOUR.webp","contentUrl":"https:\/\/www.csj-emballages.com\/wp-content\/uploads\/2025\/11\/BTP208GOUR.webp","width":800,"height":800,"caption":"Boite p\u00e2tissi\u00e8re"},{"@type":"BreadcrumbList","@id":"https:\/\/www.csj-emballages.com\/de\/produit\/moment-gourmand-konditoreibox-aus-karton-33-x-8-cm-pro-25-stueck\/#breadcrumb","itemListElement":[{"@type":"ListItem","position":1,"name":"Accueil","item":"https:\/\/www.csj-emballages.com\/de\/universum-lebensmittelverpackungen\/"},{"@type":"ListItem","position":2,"name":"Shop","item":"https:\/\/www.csj-emballages.com\/shop\/"},{"@type":"ListItem","position":3,"name":"Moment Gourmand Konditoreibox aus Karton 33 x 8 cm pro 25 St\u00fcck"}]},{"@type":"WebSite","@id":"https:\/\/www.csj-emballages.com\/de\/#website","url":"https:\/\/www.csj-emballages.com\/de\/","name":"CSJ Emballages","description":"","publisher":{"@id":"https:\/\/www.csj-emballages.com\/de\/#organization"},"potentialAction":[{"@type":"SearchAction","target":{"@type":"EntryPoint","urlTemplate":"https:\/\/www.csj-emballages.com\/de\/?s={search_term_string}"},"query-input":{"@type":"PropertyValueSpecification","valueRequired":true,"valueName":"search_term_string"}}],"inLanguage":"de"},{"@type":"Organization","@id":"https:\/\/www.csj-emballages.com\/de\/#Organization\/","name":"CSJ Emballages","url":"https:\/\/www.csj-emballages.com\/de\/","logo":{"@type":"ImageObject","inLanguage":"de","@id":"https:\/\/www.csj-emballages.com\/de\/#\/schema\/logo\/image\/","url":"https:\/\/www.csj-emballages.com\/wp-content\/uploads\/2023\/10\/logo_csj.webp","contentUrl":"https:\/\/www.csj-emballages.com\/wp-content\/uploads\/2023\/10\/logo_csj.webp","width":250,"height":95,"caption":"CSJ Emballages"},"image":{"@id":"https:\/\/www.csj-emballages.com\/de\/#\/schema\/logo\/image\/"},"sameAs":["https:\/\/www.facebook.com\/csjemballages"],"address":{"@type":"PostalAddress","streetAddress":"ZI La Lechere","addressLocality":"Patornay","postalCode":"39130","addressCountry":"FR"},"contactPoint":[{"@type":"ContactPoint","contactType":"Service client","telephone":"0384254272","email":"contact@csj-emballages.com"}]}]}},"df_price":26.96,"df_sale_price":"","df_regular_price":26.96,"df_image_link":"https:\/\/www.csj-emballages.com\/wp-content\/uploads\/2025\/11\/BTP208GOUR-300x300.webp","tiered_pricing_type":"fixed","tiered_pricing_fixed_rules":[],"tiered_pricing_percentage_rules":[],"tiered_pricing_minimum":1,"tiered_pricing_roles_data":[],"_links":{"self":[{"href":"https:\/\/www.csj-emballages.com\/de\/wp-json\/wp\/v2\/product\/258121","targetHints":{"allow":["GET"]}}],"collection":[{"href":"https:\/\/www.csj-emballages.com\/de\/wp-json\/wp\/v2\/product"}],"about":[{"href":"https:\/\/www.csj-emballages.com\/de\/wp-json\/wp\/v2\/types\/product"}],"wp:featuredmedia":[{"embeddable":true,"href":"https:\/\/www.csj-emballages.com\/de\/wp-json\/wp\/v2\/media\/258060"}],"wp:attachment":[{"href":"https:\/\/www.csj-emballages.com\/de\/wp-json\/wp\/v2\/media?parent=258121"}],"wp:term":[{"taxonomy":"product_brand","embeddable":true,"href":"https:\/\/www.csj-emballages.com\/de\/wp-json\/wp\/v2\/product_brand?post=258121"},{"taxonomy":"product_cat","embeddable":true,"href":"https:\/\/www.csj-emballages.com\/de\/wp-json\/wp\/v2\/product_cat?post=258121"},{"taxonomy":"product_tag","embeddable":true,"href":"https:\/\/www.csj-emballages.com\/de\/wp-json\/wp\/v2\/product_tag?post=258121"}],"curies":[{"name":"wp","href":"https:\/\/api.w.org\/{rel}","templated":true}]}}