{"id":258111,"date":"2025-11-14T14:18:24","date_gmt":"2025-11-14T13:18:24","guid":{"rendered":"https:\/\/www.csj-emballages.com\/produit\/moment-gourmand-patisserie-box-karton-26-x-8-cm-pro-50\/"},"modified":"2026-05-14T11:00:31","modified_gmt":"2026-05-14T09:00:31","slug":"moment-gourmand-patisserie-box-karton-26-x-8-cm-pro-50","status":"publish","type":"product","link":"https:\/\/www.csj-emballages.com\/de\/produit\/moment-gourmand-patisserie-box-karton-26-x-8-cm-pro-50\/","title":{"rendered":"Moment Gourmand Patisserie Box Karton 26 x 8 cm pro 50"},"content":{"rendered":"<h2>Konditoreischachtel<\/h2>\n<hr>\n<h3>Entdecken Sie unsere Konditoreidose Moment Gourmand aus Karton 26 x 8 cm \u00e0 50 St\u00fcck<\/h3>\n<p><!--more--><\/p>\n<p data-start=\"225\" data-end=\"569\">Da ein Dessert zuerst mit den Augen genossen wird, wurde die <strong>Geb\u00e4ckschachtel<\/strong> <strong data-start=\"299\" data-end=\"320\">\u201eMoment Gourmand\u201c<\/strong> so konzipiert, dass sie Ihre Kreationen vom ersten Moment an perfekt pr\u00e4sentiert. Mit ihrem Format von <strong data-start=\"411\" data-end=\"424\">26 x 8 cm<\/strong> eignet sie sich perfekt f\u00fcr kleine Tartes, feine S\u00fc\u00dfigkeiten oder kleine s\u00fc\u00dfe Kreationen zum Mitnehmen.<\/p>\n<p data-start=\"571\" data-end=\"922\">Das <strong>schlichte wei\u00dfe Design<\/strong>, das durch einen <strong>eleganten blauen Streifen<\/strong> und eine <strong>dezente Markierung<\/strong> aufgewertet wird, inspiriert sofort zu Qualit\u00e4t und Sorgfalt. Wir sind weit entfernt von einer banalen Verpackung: Hier nimmt die <strong>Schachtel<\/strong> voll und ganz an der Erfahrung teil. Sie macht Lust darauf, sie zu \u00f6ffnen, zu entdecken und dann zu probieren. Es ist genau dieses kleine Detail, das bei den Kunden den Unterschied macht.   <\/p>\n<p data-start=\"924\" data-end=\"1236\">Auch in praktischer Hinsicht hat sie alles richtig gemacht. Der <strong>feste Karton<\/strong> sorgt f\u00fcr einen sicheren Halt w\u00e4hrend des Transports, selbst wenn das Dessert empfindlich ist. Der Verschluss ist einfach und effektiv, was im Laden Zeit spart und den Inhalt gleichzeitig sichert. Sie packen schnell, sauber und stressfrei ein.   <\/p>\n<p data-start=\"1238\" data-end=\"1509\">Erh\u00e4ltlich <strong data-start=\"1245\" data-end=\"1262\">im 50er-Pack<\/strong>, passt diese <strong>Geb\u00e4ckschachtel<\/strong> sowohl f\u00fcr Konditoren als auch f\u00fcr Teestuben, Caterer oder besondere Anl\u00e4sse. Sie erm\u00f6glicht die effiziente Handhabung von Mengen, ohne den Lagerplatz zu belasten, und sichert dabei eine stets professionelle Pr\u00e4sentation.<\/p>\n<p data-start=\"1511\" data-end=\"1801\">Zusammenfassend l\u00e4sst sich sagen, dass die <strong>Konditoreischachtel<\/strong> <strong>&#8222;Moment Gourmand&#8220;<\/strong> Ihre Desserts nicht nur sch\u00fctzt. Sie wertet sie auf, verst\u00e4rkt Ihr Image und verwandelt jeden Verkauf in eine kleine, gepflegte Aufmerksamkeit. Eine einfache, elegante und wirksame Verpackung, die f\u00fcr diejenigen gedacht ist, die gerne bis ins kleinste Detail Freude bereiten.  <\/p>\n<p data-start=\"1511\" data-end=\"1801\"><!--more--><\/p>\n<h4 style=\"text-align: left;\"><strong>Vorteile :<\/strong><\/h4>\n<ul>\n<li data-start=\"1829\" data-end=\"1875\">Elegantes und modernes Design &#8222;<strong>Moment Gourmand<\/strong>&#8222;.<\/li>\n<li data-start=\"1878\" data-end=\"1924\">Ideales Format f\u00fcr individuelles Geb\u00e4ck.<\/li>\n<li data-start=\"1927\" data-end=\"1970\">Hartkarton f\u00fcr einen sicheren Transport.<\/li>\n<li data-start=\"1973\" data-end=\"2004\">Praktischer und schneller Verschluss.<\/li>\n<li data-start=\"2007\" data-end=\"2054\"><strong>50er-Set<\/strong>, perfekt f\u00fcr den professionellen Gebrauch.<\/li>\n<\/ul>\n<p>&nbsp;<\/p>\n<p><!--more--><\/p>\n<h4>Weitere Informationen :<\/h4>\n<ul>\n<li><strong>Verpackung<\/strong>: Packung mit 50 St\u00fcck<\/li>\n<li><strong>Ma\u00dfe<\/strong>: 26 x 8 (L x B x H in cm)<\/li>\n<li><b>Farbe <\/b>: Wei\u00df \/ Blau<\/li>\n<li><strong>Material<\/strong>: Karton<\/li>\n<li><strong>Modell<\/strong>: Moment Gourmand<\/li>\n<\/ul>\n<p>&nbsp;<\/p>\n<p><!--more--><\/p>\n<p>Diese Konditoreidose des Modells &#8218;Moment Gourmand&#8216; ist in verschiedenen Gr\u00f6\u00dfen erh\u00e4ltlich : <span style=\"color: #d12727;\"><a style=\"color: #d12727;\" href=\"https:\/\/www.csj-emballages.com\/pt-pt\/produit\/caixa-para-pastelaria-moment-gourmand-cartao-20-x-8-cm-50-unidades\/\">20 x 8 cm<\/a><\/span> \/ <span style=\"color: #d12727;\"><a style=\"color: #d12727;\" href=\"https:\/\/www.csj-emballages.com\/es\/produit\/estuche-de-pasteleria-moment-gourmand-carton-23-x-8-cm-paquete-de-50\/\">23 x 8 cm<\/a><\/span> \/ <span style=\"color: #d12727;\"><a style=\"color: #d12727;\" href=\"https:\/\/www.csj-emballages.com\/pt-pt\/produit\/caixa-para-pastelaria-moment-gourmand-cartao-29-x-8-cm-50-unidades\/\">29 x 8 cm<\/a><\/span> \/ <span style=\"color: #d12727;\"><a style=\"color: #d12727;\" href=\"https:\/\/www.csj-emballages.com\/pt-pt\/produit\/caixa-para-pastelaria-moment-gourmand-33-x-8-cm-25-por-caixa\/\">33 x 8 cm<\/a><\/span><\/p>\n<p>&nbsp;<\/p>\n<p><!--more--><\/p>\n<p><a href=\"https:\/\/www.csj-emballages.com\/de\/categorie-produit\/lebensmittelverpackungen\/backerei-und-konditorei\/schachteln-und-etuis\/gebackschachteln\/bunte-gebackschachteln\/moment-gourmand-patisserie-dosen\/\">Entdecken Sie den Rest unseres Sortiments an Geb\u00e4ckschachteln \u201eMoment Gourmand\u201c<\/a><\/p>\n","protected":false},"excerpt":{"rendered":"<p>Konditoreischachtel Entdecken Sie unsere Konditoreidose Moment Gourmand aus Karton 26 x 8 cm \u00e0 50 St\u00fcck<\/p>\n","protected":false},"featured_media":258060,"template":"","meta":{"_acf_changed":false},"product_brand":[],"product_cat":[1137,1171,3964,1256,1261,10175],"product_tag":[],"class_list":{"0":"post-258111","1":"product","2":"type-product","3":"status-publish","4":"has-post-thumbnail","6":"product_cat-lebensmittelverpackungen","7":"product_cat-backerei-und-konditorei","8":"product_cat-schachteln-und-etuis","9":"product_cat-gebackschachteln","10":"product_cat-bunte-gebackschachteln","11":"product_cat-moment-gourmand-patisserie-dosen","13":"first","14":"instock","15":"taxable","16":"shipping-taxable","17":"purchasable","18":"product-type-simple"},"acf":[],"yoast_head":"<!-- This site is optimized with the Yoast SEO Premium plugin v26.6 (Yoast SEO v26.6) - https:\/\/yoast.com\/wordpress\/plugins\/seo\/ -->\n<title>Moment Gourmand Patisserie Box Karton 26 x 8 cm pro 50<\/title>\n<meta name=\"description\" content=\"Konditoreibox &quot;Moment Gourmand&quot; 26x8 cm aus Karton, verkauft zu 50 St\u00fcck. Elegant und widerstandsf\u00e4hig, ideal um Ihre Desserts zu veredeln und zu transportieren.\" \/>\n<meta name=\"robots\" content=\"index, follow, max-snippet:-1, max-image-preview:large, max-video-preview:-1\" \/>\n<link rel=\"canonical\" href=\"https:\/\/www.csj-emballages.com\/de\/produit\/moment-gourmand-patisserie-box-karton-26-x-8-cm-pro-50\/\" \/>\n<meta property=\"og:locale\" content=\"de_DE\" \/>\n<meta property=\"og:type\" content=\"article\" \/>\n<meta property=\"og:title\" content=\"Moment Gourmand Patisserie Box Karton 26 x 8 cm pro 50\" \/>\n<meta property=\"og:description\" content=\"Konditoreibox &quot;Moment Gourmand&quot; 26x8 cm aus Karton, verkauft zu 50 St\u00fcck. Elegant und widerstandsf\u00e4hig, ideal um Ihre Desserts zu veredeln und zu transportieren.\" \/>\n<meta property=\"og:url\" content=\"https:\/\/www.csj-emballages.com\/de\/produit\/moment-gourmand-patisserie-box-karton-26-x-8-cm-pro-50\/\" \/>\n<meta property=\"og:site_name\" content=\"CSJ Emballages\" \/>\n<meta property=\"article:publisher\" content=\"https:\/\/www.facebook.com\/csjemballages\" \/>\n<meta property=\"article:modified_time\" content=\"2026-05-14T09:00:31+00:00\" \/>\n<meta property=\"og:image\" content=\"https:\/\/www.csj-emballages.com\/wp-content\/uploads\/2025\/11\/BTP208GOUR.webp\" \/>\n\t<meta property=\"og:image:width\" content=\"800\" \/>\n\t<meta property=\"og:image:height\" content=\"800\" \/>\n\t<meta property=\"og:image:type\" content=\"image\/webp\" \/>\n<meta name=\"twitter:card\" content=\"summary_large_image\" \/>\n<meta name=\"twitter:label1\" content=\"Gesch\u00e4tzte Lesezeit\" \/>\n\t<meta name=\"twitter:data1\" content=\"2 Minuten\" \/>\n<script type=\"application\/ld+json\" class=\"yoast-schema-graph\">{\"@context\":\"https:\/\/schema.org\",\"@graph\":[{\"@type\":\"WebPage\",\"@id\":\"https:\/\/www.csj-emballages.com\/de\/produit\/moment-gourmand-patisserie-box-karton-26-x-8-cm-pro-50\/\",\"url\":\"https:\/\/www.csj-emballages.com\/de\/produit\/moment-gourmand-patisserie-box-karton-26-x-8-cm-pro-50\/\",\"name\":\"Moment Gourmand Patisserie Box Karton 26 x 8 cm pro 50\",\"isPartOf\":{\"@id\":\"https:\/\/www.csj-emballages.com\/de\/#website\"},\"primaryImageOfPage\":{\"@id\":\"https:\/\/www.csj-emballages.com\/de\/produit\/moment-gourmand-patisserie-box-karton-26-x-8-cm-pro-50\/#primaryimage\"},\"image\":{\"@id\":\"https:\/\/www.csj-emballages.com\/de\/produit\/moment-gourmand-patisserie-box-karton-26-x-8-cm-pro-50\/#primaryimage\"},\"thumbnailUrl\":\"https:\/\/www.csj-emballages.com\/wp-content\/uploads\/2025\/11\/BTP208GOUR.webp\",\"datePublished\":\"2025-11-14T13:18:24+00:00\",\"dateModified\":\"2026-05-14T09:00:31+00:00\",\"description\":\"Konditoreibox \\\"Moment Gourmand\\\" 26x8 cm aus Karton, verkauft zu 50 St\u00fcck. Elegant und widerstandsf\u00e4hig, ideal um Ihre Desserts zu veredeln und zu transportieren.\",\"breadcrumb\":{\"@id\":\"https:\/\/www.csj-emballages.com\/de\/produit\/moment-gourmand-patisserie-box-karton-26-x-8-cm-pro-50\/#breadcrumb\"},\"inLanguage\":\"de\",\"potentialAction\":[{\"@type\":\"ReadAction\",\"target\":[\"https:\/\/www.csj-emballages.com\/de\/produit\/moment-gourmand-patisserie-box-karton-26-x-8-cm-pro-50\/\"]}]},{\"@type\":\"ImageObject\",\"inLanguage\":\"de\",\"@id\":\"https:\/\/www.csj-emballages.com\/de\/produit\/moment-gourmand-patisserie-box-karton-26-x-8-cm-pro-50\/#primaryimage\",\"url\":\"https:\/\/www.csj-emballages.com\/wp-content\/uploads\/2025\/11\/BTP208GOUR.webp\",\"contentUrl\":\"https:\/\/www.csj-emballages.com\/wp-content\/uploads\/2025\/11\/BTP208GOUR.webp\",\"width\":800,\"height\":800,\"caption\":\"Boite p\u00e2tissi\u00e8re\"},{\"@type\":\"BreadcrumbList\",\"@id\":\"https:\/\/www.csj-emballages.com\/de\/produit\/moment-gourmand-patisserie-box-karton-26-x-8-cm-pro-50\/#breadcrumb\",\"itemListElement\":[{\"@type\":\"ListItem\",\"position\":1,\"name\":\"Accueil\",\"item\":\"https:\/\/www.csj-emballages.com\/de\/universum-lebensmittelverpackungen\/\"},{\"@type\":\"ListItem\",\"position\":2,\"name\":\"Shop\",\"item\":\"https:\/\/www.csj-emballages.com\/shop\/\"},{\"@type\":\"ListItem\",\"position\":3,\"name\":\"Moment Gourmand Patisserie Box Karton 26 x 8 cm pro 50\"}]},{\"@type\":\"WebSite\",\"@id\":\"https:\/\/www.csj-emballages.com\/de\/#website\",\"url\":\"https:\/\/www.csj-emballages.com\/de\/\",\"name\":\"CSJ Emballages\",\"description\":\"\",\"publisher\":{\"@id\":\"https:\/\/www.csj-emballages.com\/de\/#organization\"},\"potentialAction\":[{\"@type\":\"SearchAction\",\"target\":{\"@type\":\"EntryPoint\",\"urlTemplate\":\"https:\/\/www.csj-emballages.com\/de\/?s={search_term_string}\"},\"query-input\":{\"@type\":\"PropertyValueSpecification\",\"valueRequired\":true,\"valueName\":\"search_term_string\"}}],\"inLanguage\":\"de\"},{\"@type\":\"Organization\",\"@id\":\"https:\/\/www.csj-emballages.com\/de\/#Organization\/\",\"name\":\"CSJ Emballages\",\"url\":\"https:\/\/www.csj-emballages.com\/de\/\",\"logo\":{\"@type\":\"ImageObject\",\"inLanguage\":\"de\",\"@id\":\"https:\/\/www.csj-emballages.com\/de\/#\/schema\/logo\/image\/\",\"url\":\"https:\/\/www.csj-emballages.com\/wp-content\/uploads\/2023\/10\/logo_csj.webp\",\"contentUrl\":\"https:\/\/www.csj-emballages.com\/wp-content\/uploads\/2023\/10\/logo_csj.webp\",\"width\":250,\"height\":95,\"caption\":\"CSJ Emballages\"},\"image\":{\"@id\":\"https:\/\/www.csj-emballages.com\/de\/#\/schema\/logo\/image\/\"},\"sameAs\":[\"https:\/\/www.facebook.com\/csjemballages\"],\"address\":{\"@type\":\"PostalAddress\",\"streetAddress\":\"ZI La Lechere\",\"addressLocality\":\"Patornay\",\"postalCode\":\"39130\",\"addressCountry\":\"FR\"},\"contactPoint\":[{\"@type\":\"ContactPoint\",\"contactType\":\"Service client\",\"telephone\":\"0384254272\",\"email\":\"contact@csj-emballages.com\"}]}]}<\/script>\n<!-- \/ Yoast SEO Premium plugin. -->","yoast_head_json":{"title":"Moment Gourmand Patisserie Box Karton 26 x 8 cm pro 50","description":"Konditoreibox \"Moment Gourmand\" 26x8 cm aus Karton, verkauft zu 50 St\u00fcck. Elegant und widerstandsf\u00e4hig, ideal um Ihre Desserts zu veredeln und zu transportieren.","robots":{"index":"index","follow":"follow","max-snippet":"max-snippet:-1","max-image-preview":"max-image-preview:large","max-video-preview":"max-video-preview:-1"},"canonical":"https:\/\/www.csj-emballages.com\/de\/produit\/moment-gourmand-patisserie-box-karton-26-x-8-cm-pro-50\/","og_locale":"de_DE","og_type":"article","og_title":"Moment Gourmand Patisserie Box Karton 26 x 8 cm pro 50","og_description":"Konditoreibox \"Moment Gourmand\" 26x8 cm aus Karton, verkauft zu 50 St\u00fcck. Elegant und widerstandsf\u00e4hig, ideal um Ihre Desserts zu veredeln und zu transportieren.","og_url":"https:\/\/www.csj-emballages.com\/de\/produit\/moment-gourmand-patisserie-box-karton-26-x-8-cm-pro-50\/","og_site_name":"CSJ Emballages","article_publisher":"https:\/\/www.facebook.com\/csjemballages","article_modified_time":"2026-05-14T09:00:31+00:00","og_image":[{"width":800,"height":800,"url":"https:\/\/www.csj-emballages.com\/wp-content\/uploads\/2025\/11\/BTP208GOUR.webp","type":"image\/webp"}],"twitter_card":"summary_large_image","twitter_misc":{"Gesch\u00e4tzte Lesezeit":"2 Minuten"},"schema":{"@context":"https:\/\/schema.org","@graph":[{"@type":"WebPage","@id":"https:\/\/www.csj-emballages.com\/de\/produit\/moment-gourmand-patisserie-box-karton-26-x-8-cm-pro-50\/","url":"https:\/\/www.csj-emballages.com\/de\/produit\/moment-gourmand-patisserie-box-karton-26-x-8-cm-pro-50\/","name":"Moment Gourmand Patisserie Box Karton 26 x 8 cm pro 50","isPartOf":{"@id":"https:\/\/www.csj-emballages.com\/de\/#website"},"primaryImageOfPage":{"@id":"https:\/\/www.csj-emballages.com\/de\/produit\/moment-gourmand-patisserie-box-karton-26-x-8-cm-pro-50\/#primaryimage"},"image":{"@id":"https:\/\/www.csj-emballages.com\/de\/produit\/moment-gourmand-patisserie-box-karton-26-x-8-cm-pro-50\/#primaryimage"},"thumbnailUrl":"https:\/\/www.csj-emballages.com\/wp-content\/uploads\/2025\/11\/BTP208GOUR.webp","datePublished":"2025-11-14T13:18:24+00:00","dateModified":"2026-05-14T09:00:31+00:00","description":"Konditoreibox \"Moment Gourmand\" 26x8 cm aus Karton, verkauft zu 50 St\u00fcck. Elegant und widerstandsf\u00e4hig, ideal um Ihre Desserts zu veredeln und zu transportieren.","breadcrumb":{"@id":"https:\/\/www.csj-emballages.com\/de\/produit\/moment-gourmand-patisserie-box-karton-26-x-8-cm-pro-50\/#breadcrumb"},"inLanguage":"de","potentialAction":[{"@type":"ReadAction","target":["https:\/\/www.csj-emballages.com\/de\/produit\/moment-gourmand-patisserie-box-karton-26-x-8-cm-pro-50\/"]}]},{"@type":"ImageObject","inLanguage":"de","@id":"https:\/\/www.csj-emballages.com\/de\/produit\/moment-gourmand-patisserie-box-karton-26-x-8-cm-pro-50\/#primaryimage","url":"https:\/\/www.csj-emballages.com\/wp-content\/uploads\/2025\/11\/BTP208GOUR.webp","contentUrl":"https:\/\/www.csj-emballages.com\/wp-content\/uploads\/2025\/11\/BTP208GOUR.webp","width":800,"height":800,"caption":"Boite p\u00e2tissi\u00e8re"},{"@type":"BreadcrumbList","@id":"https:\/\/www.csj-emballages.com\/de\/produit\/moment-gourmand-patisserie-box-karton-26-x-8-cm-pro-50\/#breadcrumb","itemListElement":[{"@type":"ListItem","position":1,"name":"Accueil","item":"https:\/\/www.csj-emballages.com\/de\/universum-lebensmittelverpackungen\/"},{"@type":"ListItem","position":2,"name":"Shop","item":"https:\/\/www.csj-emballages.com\/shop\/"},{"@type":"ListItem","position":3,"name":"Moment Gourmand Patisserie Box Karton 26 x 8 cm pro 50"}]},{"@type":"WebSite","@id":"https:\/\/www.csj-emballages.com\/de\/#website","url":"https:\/\/www.csj-emballages.com\/de\/","name":"CSJ Emballages","description":"","publisher":{"@id":"https:\/\/www.csj-emballages.com\/de\/#organization"},"potentialAction":[{"@type":"SearchAction","target":{"@type":"EntryPoint","urlTemplate":"https:\/\/www.csj-emballages.com\/de\/?s={search_term_string}"},"query-input":{"@type":"PropertyValueSpecification","valueRequired":true,"valueName":"search_term_string"}}],"inLanguage":"de"},{"@type":"Organization","@id":"https:\/\/www.csj-emballages.com\/de\/#Organization\/","name":"CSJ Emballages","url":"https:\/\/www.csj-emballages.com\/de\/","logo":{"@type":"ImageObject","inLanguage":"de","@id":"https:\/\/www.csj-emballages.com\/de\/#\/schema\/logo\/image\/","url":"https:\/\/www.csj-emballages.com\/wp-content\/uploads\/2023\/10\/logo_csj.webp","contentUrl":"https:\/\/www.csj-emballages.com\/wp-content\/uploads\/2023\/10\/logo_csj.webp","width":250,"height":95,"caption":"CSJ Emballages"},"image":{"@id":"https:\/\/www.csj-emballages.com\/de\/#\/schema\/logo\/image\/"},"sameAs":["https:\/\/www.facebook.com\/csjemballages"],"address":{"@type":"PostalAddress","streetAddress":"ZI La Lechere","addressLocality":"Patornay","postalCode":"39130","addressCountry":"FR"},"contactPoint":[{"@type":"ContactPoint","contactType":"Service client","telephone":"0384254272","email":"contact@csj-emballages.com"}]}]}},"df_price":17.62,"df_sale_price":"","df_regular_price":17.62,"df_image_link":"https:\/\/www.csj-emballages.com\/wp-content\/uploads\/2025\/11\/BTP208GOUR-300x300.webp","tiered_pricing_type":"fixed","tiered_pricing_fixed_rules":[],"tiered_pricing_percentage_rules":[],"tiered_pricing_minimum":1,"tiered_pricing_roles_data":[],"_links":{"self":[{"href":"https:\/\/www.csj-emballages.com\/de\/wp-json\/wp\/v2\/product\/258111","targetHints":{"allow":["GET"]}}],"collection":[{"href":"https:\/\/www.csj-emballages.com\/de\/wp-json\/wp\/v2\/product"}],"about":[{"href":"https:\/\/www.csj-emballages.com\/de\/wp-json\/wp\/v2\/types\/product"}],"wp:featuredmedia":[{"embeddable":true,"href":"https:\/\/www.csj-emballages.com\/de\/wp-json\/wp\/v2\/media\/258060"}],"wp:attachment":[{"href":"https:\/\/www.csj-emballages.com\/de\/wp-json\/wp\/v2\/media?parent=258111"}],"wp:term":[{"taxonomy":"product_brand","embeddable":true,"href":"https:\/\/www.csj-emballages.com\/de\/wp-json\/wp\/v2\/product_brand?post=258111"},{"taxonomy":"product_cat","embeddable":true,"href":"https:\/\/www.csj-emballages.com\/de\/wp-json\/wp\/v2\/product_cat?post=258111"},{"taxonomy":"product_tag","embeddable":true,"href":"https:\/\/www.csj-emballages.com\/de\/wp-json\/wp\/v2\/product_tag?post=258111"}],"curies":[{"name":"wp","href":"https:\/\/api.w.org\/{rel}","templated":true}]}}