{"id":257368,"date":"2025-11-19T14:18:16","date_gmt":"2025-11-19T13:18:16","guid":{"rendered":"https:\/\/www.csj-emballages.com\/produit\/sackhuelle-fuer-1100-liter-container-30-%c2%b5-pro-10\/"},"modified":"2026-03-12T16:41:58","modified_gmt":"2026-03-12T15:41:58","slug":"sackhuelle-fuer-1100-liter-container-30-%c2%b5-pro-10","status":"publish","type":"product","link":"https:\/\/www.csj-emballages.com\/de\/produit\/sackhuelle-fuer-1100-liter-container-30-%c2%b5-pro-10\/","title":{"rendered":"Sackh\u00fclle f\u00fcr 1100-Liter-Container 30 \u00b5 pro 10"},"content":{"rendered":"<h2>Tasche Containerh\u00fclle<\/h2>\n<hr>\n<h3>Entdecken Sie unseren 1100-Liter-Container-H\u00fcllenbeutel 30 \u00b5 pro 10<\/h3>\n<p><!--more--><\/p>\n<p data-start=\"212\" data-end=\"666\">Wenn man gro\u00dfe Abfallmengen bew\u00e4ltigen muss, braucht man vor allem eine einfache, zuverl\u00e4ssige und schnell einsetzbare L\u00f6sung. Dieser <strong data-start=\"342\" data-end=\"383\">1100-Liter-Container-H\u00fcllenbeutel<\/strong> wurde genau in diesem Sinne konzipiert. Er l\u00e4sst sich leicht in den Beh\u00e4lter schieben, passt sich gut an die W\u00e4nde an und bleibt auch dann an Ort und Stelle, wenn der Beh\u00e4lter voll wird. Sie brauchen nicht mehr mit einem Sack zu k\u00e4mpfen, der im falschen Moment verrutscht oder rei\u00dft: Hier wurde alles getan, um Ihnen den Alltag zu erleichtern.   <\/p>\n<p data-start=\"668\" data-end=\"1024\">Mit seiner Dicke von <strong data-start=\"690\" data-end=\"704\">30 Mikron<\/strong> bietet er einen guten Kompromiss zwischen Festigkeit und Flexibilit\u00e4t. Er h\u00e4lt problemlos den allt\u00e4glichen Abf\u00e4llen stand, sei es in der Gastronomie, in der Industrie, in \u00f6ffentlichen Einrichtungen oder sogar in Wohnanlagen. Sie arbeiten sauber, ohne Auslaufen, \u00dcberlaufen und vor allem ohne b\u00f6se \u00dcberraschungen bei der Entnahme des Beutels.  <\/p>\n<p data-start=\"1026\" data-end=\"1281\">Au\u00dferdem ist dieses Format <strong data-start=\"1045\" data-end=\"1055\">im 10er-Pack<\/strong> sehr praktisch: Es erm\u00f6glicht einen kompakten Vorrat, der jedoch f\u00fcr mehrere Tage Gebrauch ausreicht. Keine Verschwendung, keine Kartons, die den ganzen Platz einnehmen &#8211; nur die richtige Menge, um effizient zu arbeiten. <\/p>\n<p data-start=\"1283\" data-end=\"1578\">Diese Art der <strong>Abdeckung<\/strong> verbessert auch die Hygiene des Beh\u00e4lters. Da sie die Innenw\u00e4nde vollst\u00e4ndig bedeckt, begrenzt sie den Schmutz, reduziert Ger\u00fcche und vereinfacht die Reinigung erheblich. Das Ergebnis ist ein sauberer, angenehmer Arbeitsbereich und eine viel reibungslosere Abfallentsorgung.  <\/p>\n<p data-start=\"1580\" data-end=\"1779\">Zusammenfassend l\u00e4sst sich sagen, dass diese <strong>1100-L-Containerh\u00fclle<\/strong> ein unauff\u00e4lliger, aber unverzichtbarer Verb\u00fcndeter f\u00fcr alle ist, die Zeit sparen, komplizierte Handgriffe vermeiden und eine makellose Arbeitsumgebung bewahren wollen.<\/p>\n<p data-start=\"1580\" data-end=\"1779\"><!--more--><\/p>\n<h4 data-start=\"1580\" data-end=\"1779\">Vorteile :<\/h4>\n<ul>\n<li data-start=\"1807\" data-end=\"1856\">Perfekt geeignet f\u00fcr 1100-Liter-Container.<\/li>\n<li data-start=\"1859\" data-end=\"1897\">Dicke <strong>30 \u00b5<\/strong>: stabil und handlich.<\/li>\n<li data-start=\"1900\" data-end=\"1948\">Schneller Aufbau, guter Halt in der Wanne.<\/li>\n<li data-start=\"1951\" data-end=\"1981\">Reduziert Schmutz und Ger\u00fcche.<\/li>\n<li data-start=\"1984\" data-end=\"2012\">Praktische Packung mit <strong>10 St\u00fcck<\/strong>.<\/li>\n<\/ul>\n<p>&nbsp;<\/p>\n<p><!--more--><\/p>\n<h4>Weitere Informationen :<\/h4>\n<ul>\n<li><strong>Verpackung<\/strong>: Packung mit 10 St\u00fcck<\/li>\n<li><strong>Volumen<\/strong>: 1100 Liter<\/li>\n<li><strong>Dicke<\/strong>: 30 \u00b5<\/li>\n<li><strong>Farbe<\/strong>: Schwarz<\/li>\n<li><strong>Material<\/strong>: Comic-Plastik<\/li>\n<\/ul>\n<p>&nbsp;<\/p>\n<p><!--more--><\/p>\n<p>Dieser 1100-Liter-Containersack ist in verschiedenen Gr\u00f6\u00dfen erh\u00e4ltlich: <span style=\"color: #d12727;\"><a style=\"color: #d12727;\" href=\"https:\/\/www.csj-emballages.com\/es\/produit\/10-bolsas-de-basura-negras-de-30-%c2%b5-y-240-litros\/\">240 Liter<\/a><\/span> \/ <span style=\"color: #d12727;\"><a style=\"color: #d12727;\" href=\"https:\/\/www.csj-emballages.com\/es\/produit\/10-bolsas-de-basura-340-litros-35-%c2%b5\/\">340 Liter<\/a><\/span><\/p>\n<p>&nbsp;<\/p>\n<p><!--more--><\/p>\n<p><a href=\"https:\/\/www.csj-emballages.com\/de\/categorie-produit\/hygiene-und-pflege\/mullsacke\/\">Sehen Sie sich den Rest unseres Sortiments an M\u00fcllbeuteln an<\/a><\/p>\n","protected":false},"excerpt":{"rendered":"<p>Tasche Containerh\u00fclle Entdecken Sie unseren 1100-Liter-Container-H\u00fcllenbeutel 30 \u00b5 pro 10<\/p>\n","protected":false},"featured_media":257014,"template":"","meta":{"_acf_changed":false},"product_brand":[],"product_cat":[1218,1873],"product_tag":[],"class_list":{"0":"post-257368","1":"product","2":"type-product","3":"status-publish","4":"has-post-thumbnail","6":"product_cat-hygiene-und-pflege","7":"product_cat-mullsacke","9":"first","10":"instock","11":"taxable","12":"shipping-taxable","13":"purchasable","14":"product-type-simple"},"acf":[],"yoast_head":"<!-- This site is optimized with the Yoast SEO Premium plugin v26.6 (Yoast SEO v26.6) - https:\/\/yoast.com\/wordpress\/plugins\/seo\/ -->\n<title>Sack H\u00fclle Container 1100 Liter 30 \u00b5 pro 10<\/title>\n<meta name=\"description\" content=\"1100 L Container-H\u00fclle, 30 \u00b5, verkauft in Packungen zu 10 St\u00fcck. Strapazierf\u00e4hig, einfach zu installieren und ideal, um die Beh\u00e4lter sauber zu halten und die Abfallentsorgung zu erleichtern.\" \/>\n<meta name=\"robots\" content=\"index, follow, max-snippet:-1, max-image-preview:large, max-video-preview:-1\" \/>\n<link rel=\"canonical\" href=\"https:\/\/www.csj-emballages.com\/de\/produit\/sackhuelle-fuer-1100-liter-container-30-%c2%b5-pro-10\/\" \/>\n<meta property=\"og:locale\" content=\"de_DE\" \/>\n<meta property=\"og:type\" content=\"article\" \/>\n<meta property=\"og:title\" content=\"Sackh\u00fclle f\u00fcr 1100-Liter-Container 30 \u00b5 pro 10\" \/>\n<meta property=\"og:description\" content=\"1100 L Container-H\u00fclle, 30 \u00b5, verkauft in Packungen zu 10 St\u00fcck. Strapazierf\u00e4hig, einfach zu installieren und ideal, um die Beh\u00e4lter sauber zu halten und die Abfallentsorgung zu erleichtern.\" \/>\n<meta property=\"og:url\" content=\"https:\/\/www.csj-emballages.com\/de\/produit\/sackhuelle-fuer-1100-liter-container-30-%c2%b5-pro-10\/\" \/>\n<meta property=\"og:site_name\" content=\"CSJ Emballages\" \/>\n<meta property=\"article:publisher\" content=\"https:\/\/www.facebook.com\/csjemballages\" \/>\n<meta property=\"article:modified_time\" content=\"2026-03-12T15:41:58+00:00\" \/>\n<meta property=\"og:image\" content=\"https:\/\/www.csj-emballages.com\/wp-content\/uploads\/2025\/11\/SP110030.webp\" \/>\n\t<meta property=\"og:image:width\" content=\"800\" \/>\n\t<meta property=\"og:image:height\" content=\"800\" \/>\n\t<meta property=\"og:image:type\" content=\"image\/webp\" \/>\n<meta name=\"twitter:card\" content=\"summary_large_image\" \/>\n<meta name=\"twitter:label1\" content=\"Gesch\u00e4tzte Lesezeit\" \/>\n\t<meta name=\"twitter:data1\" content=\"2 Minuten\" \/>\n<script type=\"application\/ld+json\" class=\"yoast-schema-graph\">{\"@context\":\"https:\/\/schema.org\",\"@graph\":[{\"@type\":\"WebPage\",\"@id\":\"https:\/\/www.csj-emballages.com\/de\/produit\/sackhuelle-fuer-1100-liter-container-30-%c2%b5-pro-10\/\",\"url\":\"https:\/\/www.csj-emballages.com\/de\/produit\/sackhuelle-fuer-1100-liter-container-30-%c2%b5-pro-10\/\",\"name\":\"Sack H\u00fclle Container 1100 Liter 30 \u00b5 pro 10\",\"isPartOf\":{\"@id\":\"https:\/\/www.csj-emballages.com\/de\/#website\"},\"primaryImageOfPage\":{\"@id\":\"https:\/\/www.csj-emballages.com\/de\/produit\/sackhuelle-fuer-1100-liter-container-30-%c2%b5-pro-10\/#primaryimage\"},\"image\":{\"@id\":\"https:\/\/www.csj-emballages.com\/de\/produit\/sackhuelle-fuer-1100-liter-container-30-%c2%b5-pro-10\/#primaryimage\"},\"thumbnailUrl\":\"https:\/\/www.csj-emballages.com\/wp-content\/uploads\/2025\/11\/SP110030.webp\",\"datePublished\":\"2025-11-19T13:18:16+00:00\",\"dateModified\":\"2026-03-12T15:41:58+00:00\",\"description\":\"1100 L Container-H\u00fclle, 30 \u00b5, verkauft in Packungen zu 10 St\u00fcck. Strapazierf\u00e4hig, einfach zu installieren und ideal, um die Beh\u00e4lter sauber zu halten und die Abfallentsorgung zu erleichtern.\",\"breadcrumb\":{\"@id\":\"https:\/\/www.csj-emballages.com\/de\/produit\/sackhuelle-fuer-1100-liter-container-30-%c2%b5-pro-10\/#breadcrumb\"},\"inLanguage\":\"de\",\"potentialAction\":[{\"@type\":\"ReadAction\",\"target\":[\"https:\/\/www.csj-emballages.com\/de\/produit\/sackhuelle-fuer-1100-liter-container-30-%c2%b5-pro-10\/\"]}]},{\"@type\":\"ImageObject\",\"inLanguage\":\"de\",\"@id\":\"https:\/\/www.csj-emballages.com\/de\/produit\/sackhuelle-fuer-1100-liter-container-30-%c2%b5-pro-10\/#primaryimage\",\"url\":\"https:\/\/www.csj-emballages.com\/wp-content\/uploads\/2025\/11\/SP110030.webp\",\"contentUrl\":\"https:\/\/www.csj-emballages.com\/wp-content\/uploads\/2025\/11\/SP110030.webp\",\"width\":800,\"height\":800,\"caption\":\"Sac housse conteneur\"},{\"@type\":\"BreadcrumbList\",\"@id\":\"https:\/\/www.csj-emballages.com\/de\/produit\/sackhuelle-fuer-1100-liter-container-30-%c2%b5-pro-10\/#breadcrumb\",\"itemListElement\":[{\"@type\":\"ListItem\",\"position\":1,\"name\":\"Accueil\",\"item\":\"https:\/\/www.csj-emballages.com\/de\/universum-lebensmittelverpackungen\/\"},{\"@type\":\"ListItem\",\"position\":2,\"name\":\"Shop\",\"item\":\"https:\/\/www.csj-emballages.com\/shop\/\"},{\"@type\":\"ListItem\",\"position\":3,\"name\":\"Sackh\u00fclle f\u00fcr 1100-Liter-Container 30 \u00b5 pro 10\"}]},{\"@type\":\"WebSite\",\"@id\":\"https:\/\/www.csj-emballages.com\/de\/#website\",\"url\":\"https:\/\/www.csj-emballages.com\/de\/\",\"name\":\"CSJ Emballages\",\"description\":\"\",\"publisher\":{\"@id\":\"https:\/\/www.csj-emballages.com\/de\/#organization\"},\"potentialAction\":[{\"@type\":\"SearchAction\",\"target\":{\"@type\":\"EntryPoint\",\"urlTemplate\":\"https:\/\/www.csj-emballages.com\/de\/?s={search_term_string}\"},\"query-input\":{\"@type\":\"PropertyValueSpecification\",\"valueRequired\":true,\"valueName\":\"search_term_string\"}}],\"inLanguage\":\"de\"},{\"@type\":\"Organization\",\"@id\":\"https:\/\/www.csj-emballages.com\/de\/#Organization\/\",\"name\":\"CSJ Emballages\",\"url\":\"https:\/\/www.csj-emballages.com\/de\/\",\"logo\":{\"@type\":\"ImageObject\",\"inLanguage\":\"de\",\"@id\":\"https:\/\/www.csj-emballages.com\/de\/#\/schema\/logo\/image\/\",\"url\":\"https:\/\/www.csj-emballages.com\/wp-content\/uploads\/2023\/10\/logo_csj.webp\",\"contentUrl\":\"https:\/\/www.csj-emballages.com\/wp-content\/uploads\/2023\/10\/logo_csj.webp\",\"width\":250,\"height\":95,\"caption\":\"CSJ Emballages\"},\"image\":{\"@id\":\"https:\/\/www.csj-emballages.com\/de\/#\/schema\/logo\/image\/\"},\"sameAs\":[\"https:\/\/www.facebook.com\/csjemballages\"],\"address\":{\"@type\":\"PostalAddress\",\"streetAddress\":\"ZI La Lechere\",\"addressLocality\":\"Patornay\",\"postalCode\":\"39130\",\"addressCountry\":\"FR\"},\"contactPoint\":[{\"@type\":\"ContactPoint\",\"contactType\":\"Service client\",\"telephone\":\"0384254272\",\"email\":\"contact@csj-emballages.com\"}]}]}<\/script>\n<!-- \/ Yoast SEO Premium plugin. -->","yoast_head_json":{"title":"Sack H\u00fclle Container 1100 Liter 30 \u00b5 pro 10","description":"1100 L Container-H\u00fclle, 30 \u00b5, verkauft in Packungen zu 10 St\u00fcck. Strapazierf\u00e4hig, einfach zu installieren und ideal, um die Beh\u00e4lter sauber zu halten und die Abfallentsorgung zu erleichtern.","robots":{"index":"index","follow":"follow","max-snippet":"max-snippet:-1","max-image-preview":"max-image-preview:large","max-video-preview":"max-video-preview:-1"},"canonical":"https:\/\/www.csj-emballages.com\/de\/produit\/sackhuelle-fuer-1100-liter-container-30-%c2%b5-pro-10\/","og_locale":"de_DE","og_type":"article","og_title":"Sackh\u00fclle f\u00fcr 1100-Liter-Container 30 \u00b5 pro 10","og_description":"1100 L Container-H\u00fclle, 30 \u00b5, verkauft in Packungen zu 10 St\u00fcck. Strapazierf\u00e4hig, einfach zu installieren und ideal, um die Beh\u00e4lter sauber zu halten und die Abfallentsorgung zu erleichtern.","og_url":"https:\/\/www.csj-emballages.com\/de\/produit\/sackhuelle-fuer-1100-liter-container-30-%c2%b5-pro-10\/","og_site_name":"CSJ Emballages","article_publisher":"https:\/\/www.facebook.com\/csjemballages","article_modified_time":"2026-03-12T15:41:58+00:00","og_image":[{"width":800,"height":800,"url":"https:\/\/www.csj-emballages.com\/wp-content\/uploads\/2025\/11\/SP110030.webp","type":"image\/webp"}],"twitter_card":"summary_large_image","twitter_misc":{"Gesch\u00e4tzte Lesezeit":"2 Minuten"},"schema":{"@context":"https:\/\/schema.org","@graph":[{"@type":"WebPage","@id":"https:\/\/www.csj-emballages.com\/de\/produit\/sackhuelle-fuer-1100-liter-container-30-%c2%b5-pro-10\/","url":"https:\/\/www.csj-emballages.com\/de\/produit\/sackhuelle-fuer-1100-liter-container-30-%c2%b5-pro-10\/","name":"Sack H\u00fclle Container 1100 Liter 30 \u00b5 pro 10","isPartOf":{"@id":"https:\/\/www.csj-emballages.com\/de\/#website"},"primaryImageOfPage":{"@id":"https:\/\/www.csj-emballages.com\/de\/produit\/sackhuelle-fuer-1100-liter-container-30-%c2%b5-pro-10\/#primaryimage"},"image":{"@id":"https:\/\/www.csj-emballages.com\/de\/produit\/sackhuelle-fuer-1100-liter-container-30-%c2%b5-pro-10\/#primaryimage"},"thumbnailUrl":"https:\/\/www.csj-emballages.com\/wp-content\/uploads\/2025\/11\/SP110030.webp","datePublished":"2025-11-19T13:18:16+00:00","dateModified":"2026-03-12T15:41:58+00:00","description":"1100 L Container-H\u00fclle, 30 \u00b5, verkauft in Packungen zu 10 St\u00fcck. Strapazierf\u00e4hig, einfach zu installieren und ideal, um die Beh\u00e4lter sauber zu halten und die Abfallentsorgung zu erleichtern.","breadcrumb":{"@id":"https:\/\/www.csj-emballages.com\/de\/produit\/sackhuelle-fuer-1100-liter-container-30-%c2%b5-pro-10\/#breadcrumb"},"inLanguage":"de","potentialAction":[{"@type":"ReadAction","target":["https:\/\/www.csj-emballages.com\/de\/produit\/sackhuelle-fuer-1100-liter-container-30-%c2%b5-pro-10\/"]}]},{"@type":"ImageObject","inLanguage":"de","@id":"https:\/\/www.csj-emballages.com\/de\/produit\/sackhuelle-fuer-1100-liter-container-30-%c2%b5-pro-10\/#primaryimage","url":"https:\/\/www.csj-emballages.com\/wp-content\/uploads\/2025\/11\/SP110030.webp","contentUrl":"https:\/\/www.csj-emballages.com\/wp-content\/uploads\/2025\/11\/SP110030.webp","width":800,"height":800,"caption":"Sac housse conteneur"},{"@type":"BreadcrumbList","@id":"https:\/\/www.csj-emballages.com\/de\/produit\/sackhuelle-fuer-1100-liter-container-30-%c2%b5-pro-10\/#breadcrumb","itemListElement":[{"@type":"ListItem","position":1,"name":"Accueil","item":"https:\/\/www.csj-emballages.com\/de\/universum-lebensmittelverpackungen\/"},{"@type":"ListItem","position":2,"name":"Shop","item":"https:\/\/www.csj-emballages.com\/shop\/"},{"@type":"ListItem","position":3,"name":"Sackh\u00fclle f\u00fcr 1100-Liter-Container 30 \u00b5 pro 10"}]},{"@type":"WebSite","@id":"https:\/\/www.csj-emballages.com\/de\/#website","url":"https:\/\/www.csj-emballages.com\/de\/","name":"CSJ Emballages","description":"","publisher":{"@id":"https:\/\/www.csj-emballages.com\/de\/#organization"},"potentialAction":[{"@type":"SearchAction","target":{"@type":"EntryPoint","urlTemplate":"https:\/\/www.csj-emballages.com\/de\/?s={search_term_string}"},"query-input":{"@type":"PropertyValueSpecification","valueRequired":true,"valueName":"search_term_string"}}],"inLanguage":"de"},{"@type":"Organization","@id":"https:\/\/www.csj-emballages.com\/de\/#Organization\/","name":"CSJ Emballages","url":"https:\/\/www.csj-emballages.com\/de\/","logo":{"@type":"ImageObject","inLanguage":"de","@id":"https:\/\/www.csj-emballages.com\/de\/#\/schema\/logo\/image\/","url":"https:\/\/www.csj-emballages.com\/wp-content\/uploads\/2023\/10\/logo_csj.webp","contentUrl":"https:\/\/www.csj-emballages.com\/wp-content\/uploads\/2023\/10\/logo_csj.webp","width":250,"height":95,"caption":"CSJ Emballages"},"image":{"@id":"https:\/\/www.csj-emballages.com\/de\/#\/schema\/logo\/image\/"},"sameAs":["https:\/\/www.facebook.com\/csjemballages"],"address":{"@type":"PostalAddress","streetAddress":"ZI La Lechere","addressLocality":"Patornay","postalCode":"39130","addressCountry":"FR"},"contactPoint":[{"@type":"ContactPoint","contactType":"Service client","telephone":"0384254272","email":"contact@csj-emballages.com"}]}]}},"df_price":7.46,"df_sale_price":"","df_regular_price":7.46,"df_image_link":"https:\/\/www.csj-emballages.com\/wp-content\/uploads\/2025\/11\/SP110030-300x300.webp","tiered_pricing_type":"fixed","tiered_pricing_fixed_rules":[],"tiered_pricing_percentage_rules":[],"tiered_pricing_minimum":1,"tiered_pricing_roles_data":[],"_links":{"self":[{"href":"https:\/\/www.csj-emballages.com\/de\/wp-json\/wp\/v2\/product\/257368","targetHints":{"allow":["GET"]}}],"collection":[{"href":"https:\/\/www.csj-emballages.com\/de\/wp-json\/wp\/v2\/product"}],"about":[{"href":"https:\/\/www.csj-emballages.com\/de\/wp-json\/wp\/v2\/types\/product"}],"wp:featuredmedia":[{"embeddable":true,"href":"https:\/\/www.csj-emballages.com\/de\/wp-json\/wp\/v2\/media\/257014"}],"wp:attachment":[{"href":"https:\/\/www.csj-emballages.com\/de\/wp-json\/wp\/v2\/media?parent=257368"}],"wp:term":[{"taxonomy":"product_brand","embeddable":true,"href":"https:\/\/www.csj-emballages.com\/de\/wp-json\/wp\/v2\/product_brand?post=257368"},{"taxonomy":"product_cat","embeddable":true,"href":"https:\/\/www.csj-emballages.com\/de\/wp-json\/wp\/v2\/product_cat?post=257368"},{"taxonomy":"product_tag","embeddable":true,"href":"https:\/\/www.csj-emballages.com\/de\/wp-json\/wp\/v2\/product_tag?post=257368"}],"curies":[{"name":"wp","href":"https:\/\/api.w.org\/{rel}","templated":true}]}}