{"id":257361,"date":"2025-11-19T15:18:16","date_gmt":"2025-11-19T14:18:16","guid":{"rendered":"https:\/\/www.csj-emballages.com\/produit\/aluminium-tortenform-288-mm-pro-100\/"},"modified":"2026-03-26T02:18:21","modified_gmt":"2026-03-26T01:18:21","slug":"aluminium-tortenform-288-mm-pro-100","status":"publish","type":"product","link":"https:\/\/www.csj-emballages.com\/de\/produit\/aluminium-tortenform-288-mm-pro-100\/","title":{"rendered":"Aluminium-Tortenform 288 mm pro 100"},"content":{"rendered":"<h2>Tortenform<\/h2>\n<hr>\n<h3>Entdecken Sie unsere Tortenform aus Aluminium 288 mm pro 100 St\u00fcck<\/h3>\n<p><!--more--><\/p>\n<p data-start=\"212\" data-end=\"654\">Wenn Sie h\u00e4ufig gro\u00dfz\u00fcgige <strong>Torten<\/strong>, Quiches oder Tartes zubereiten, wird diese <strong data-start=\"302\" data-end=\"312\">288 mm<\/strong> gro\u00dfe <strong>Aluminium-Tortenform<\/strong> schnell zu Ihrem besten Verb\u00fcndeten werden. Ihre Breite bietet genug Platz f\u00fcr <strong>Familienrezepte<\/strong> oder kreativere Zubereitungen und ist dabei einfach zu handhaben. Dank des <strong>Aluminiummaterials<\/strong> wird die Hitze gleichm\u00e4\u00dfig verteilt: Ihr Teig br\u00e4unt, ohne zu verbrennen, und das Backen bleibt von der Mitte bis zum Rand unter Kontrolle.  <\/p>\n<p data-start=\"656\" data-end=\"1102\">In der professionellen K\u00fcche wei\u00df man, wie wichtig es ist, Zeit zu sparen. Aus diesem Grund wurde diese <strong>Tortenform<\/strong> so konzipiert, dass sie ohne \u00fcberm\u00e4\u00dfiges Einfetten direkt verwendet und bei Bedarf nach dem Gebrauch entsorgt werden kann. So verbringen Sie weniger Zeit mit dem Schrubben und mehr Zeit mit dem Backen. Sie eignet sich sowohl f\u00fcr handwerkliche B\u00e4cker als auch f\u00fcr Restaurants, Caterer oder Eventveranstalter, die auf ein zuverl\u00e4ssiges und konstantes Material angewiesen sind.   <\/p>\n<p data-start=\"1104\" data-end=\"1393\">Mit einem <strong data-start=\"1113\" data-end=\"1134\">Posten von 100 St\u00fcck<\/strong> verf\u00fcgen Sie \u00fcber echten Arbeitskomfort: keine Fehlbest\u00e4nde mehr, die mitten im Schuss liegen, und eine bessere Organisation Ihrer Vorbereitungen. Egal, ob Sie t\u00e4glich produzieren oder gro\u00dfe Bestellungen aufgeben, mit diesem Format bleiben Sie gelassen. <\/p>\n<p data-start=\"1395\" data-end=\"1684\">Au\u00dferdem ist die <strong>Tortenform<\/strong> steif genug, um auch gro\u00dfz\u00fcgige F\u00fcllungen aufzunehmen, ohne sich zu verformen, was eine sch\u00f6ne Pr\u00e4sentation garantiert, sobald sie aus dem Ofen kommt. Das leichte, aber stabile Aluminium erleichtert au\u00dferdem den Transport und die Handhabung, selbst wenn die <strong>Form<\/strong> gut gef\u00fcllt ist. <\/p>\n<p data-start=\"1686\" data-end=\"1850\">Zusammenfassend l\u00e4sst sich sagen, dass diese <strong>Aluminium-Tortenform<\/strong> praktisch, effizient und zuverl\u00e4ssig ist &#8211; genau das, was Sie brauchen, um schnell, sauber und mit einem gleichbleibenden Ergebnis zu arbeiten.<\/p>\n<p data-start=\"1686\" data-end=\"1850\">\n<p data-start=\"1686\" data-end=\"1850\"><!--more--><\/p>\n<h4 data-start=\"1686\" data-end=\"1850\">Vorteile :<\/h4>\n<ul>\n<li data-start=\"1878\" data-end=\"1917\">Gleichm\u00e4\u00dfiges Garen dank Aluminium<\/li>\n<li data-start=\"1920\" data-end=\"1973\"><strong>Format 288 mm<\/strong> ideal f\u00fcr Torten und gro\u00dfe Kuchen.<\/li>\n<li data-start=\"1976\" data-end=\"2021\">Praktische Verwendung: keine intensive Reinigung erforderlich.<\/li>\n<li data-start=\"2024\" data-end=\"2055\">Sparset mit <strong>100 St\u00fcck<\/strong>.<\/li>\n<li data-start=\"2058\" data-end=\"2112\">Diese Tortenform ist steif und stabil, auch bei gro\u00dfz\u00fcgigen F\u00fcllungen.<\/li>\n<\/ul>\n<p>&nbsp;<\/p>\n<p><!--more--><\/p>\n<h4>Weitere Informationen :<\/h4>\n<ul>\n<li><strong>Verpackung<\/strong>: Packung mit 100 St\u00fcck<\/li>\n<li><strong>Durchmesser oben<\/strong>: \u00d8288 mm<\/li>\n<li><strong>Unterer Durchmesser <\/strong>: \u00d8250 mm<\/li>\n<li><strong>H\u00f6he<\/strong>: 35 mm<\/li>\n<li><strong>Material<\/strong>: Aluminium<\/li>\n<\/ul>\n<p>&nbsp;<\/p>\n<p><!--more--><\/p>\n<p>Dieses Produkt ist in verschiedenen Gr\u00f6\u00dfen erh\u00e4ltlich :  <span style=\"color: #d12727;\"><a style=\"color: #d12727;\" href=\"https:\/\/www.csj-emballages.com\/de\/produit\/100-einweg-tortenformen-aus-aluminium-109-mm\/\">109 mm<\/a><\/span> \/ <g id=\"gid_2\"><g id=\"gid_3\">138 mm<\/g><\/g> \/ <span style=\"color: #d12727;\"><a style=\"color: #d12727;\" href=\"https:\/\/www.csj-emballages.com\/produit\/100-moules-a-tourtieres-jetables-aluminium-170-mm\/\">174 mm<\/a><\/span> \/ <span style=\"color: #d12727;\"><a style=\"color: #d12727;\" href=\"https:\/\/www.csj-emballages.com\/de\/produit\/100-einweg-tortenformen-aus-aluminium-195-mm\/\">195 mm<\/a><\/span> \/ <span style=\"color: #d12727;\"><a style=\"color: #d12727;\" href=\"https:\/\/www.csj-emballages.com\/de\/produit\/400-einweg-tortenformen-aus-aluminium-200-mm\/\">200 mm<\/a><\/span> \/ <span style=\"color: #d12727;\"><a style=\"color: #d12727;\" href=\"https:\/\/www.csj-emballages.com\/de\/produit\/100-einweg-tortenformen-aus-aluminium-214-mm\/\">214 mm<\/a><\/span> \/ <span style=\"color: #d12727;\"><a style=\"color: #d12727;\" href=\"https:\/\/www.csj-emballages.com\/produit\/100-moules-a-tourtieres-jetables-aluminium-230-mm\/\">230 mm<\/a><\/span> \/        <span style=\"color: #d12727;\"><a style=\"color: #d12727;\" href=\"https:\/\/www.csj-emballages.com\/de\/produit\/100-einweg-tortenformen-aluminium-247-mm\/\">247 mm<\/a> <\/span>\/  <span style=\"color: #d12727;\"><a style=\"color: #d12727;\" href=\"https:\/\/www.csj-emballages.com\/produit\/100-moules-a-tourtieres-jetables-aluminium-270-mm\/\">270 mm<\/a> <span style=\"color: #000000;\">\/<\/span> <a style=\"color: #d12727;\" href=\"https:\/\/www.csj-emballages.com\/de\/produit\/200-einweg-tortenformen-aus-aluminium-327-mm\/\">327 mm<\/a><\/span><\/p>\n<p>&nbsp;<\/p>\n<p><!--more--><\/p>\n<p><a href=\"https:\/\/www.csj-emballages.com\/de\/categorie-produit\/lebensmittelverpackungen\/metzgerei-und-feinkostgeschaft\/schalen-dosen-und-glaser\/aluminiumschalen-schalen-formen-tabletts-becher-auflaufformen-tortenschalen\/tortenformen\/\">Sehen Sie sich den Rest unseres Sortiments an Tortenbackformen an<\/a><\/p>\n","protected":false},"excerpt":{"rendered":"<p>Tortenform Entdecken Sie unsere Tortenform aus Aluminium 288 mm pro 100 St\u00fcck<\/p>\n","protected":false},"featured_media":256950,"template":"","meta":{"_acf_changed":false},"product_brand":[],"product_cat":[1137,1170,2277,1997,3601],"product_tag":[],"class_list":{"0":"post-257361","1":"product","2":"type-product","3":"status-publish","4":"has-post-thumbnail","6":"product_cat-lebensmittelverpackungen","7":"product_cat-metzgerei-und-feinkostgeschaft","8":"product_cat-schalen-dosen-und-glaser","9":"product_cat-aluminiumschalen-schalen-formen-tabletts-becher-auflaufformen-tortenschalen","10":"product_cat-tortenformen","12":"first","13":"instock","14":"taxable","15":"shipping-taxable","16":"purchasable","17":"product-type-simple"},"acf":[],"yoast_head":"<!-- This site is optimized with the Yoast SEO Premium plugin v26.6 (Yoast SEO v26.6) - https:\/\/yoast.com\/wordpress\/plugins\/seo\/ -->\n<title>Aluminium-Tortenform 288 mm pro 100 St\u00fcck<\/title>\n<meta name=\"description\" content=\"Aluminium-Tortenform 288 mm verkauft von 100 St\u00fcck. Perfekt f\u00fcr gleichm\u00e4\u00dfiges Backen, schnelle Verwendung und eine effiziente professionelle Produktion.\" \/>\n<meta name=\"robots\" content=\"index, follow, max-snippet:-1, max-image-preview:large, max-video-preview:-1\" \/>\n<link rel=\"canonical\" href=\"https:\/\/www.csj-emballages.com\/de\/produit\/aluminium-tortenform-288-mm-pro-100\/\" \/>\n<meta property=\"og:locale\" content=\"de_DE\" \/>\n<meta property=\"og:type\" content=\"article\" \/>\n<meta property=\"og:title\" content=\"Aluminium-Tortenform 288 mm pro 100\" \/>\n<meta property=\"og:description\" content=\"Aluminium-Tortenform 288 mm verkauft von 100 St\u00fcck. Perfekt f\u00fcr gleichm\u00e4\u00dfiges Backen, schnelle Verwendung und eine effiziente professionelle Produktion.\" \/>\n<meta property=\"og:url\" content=\"https:\/\/www.csj-emballages.com\/de\/produit\/aluminium-tortenform-288-mm-pro-100\/\" \/>\n<meta property=\"og:site_name\" content=\"CSJ Emballages\" \/>\n<meta property=\"article:publisher\" content=\"https:\/\/www.facebook.com\/csjemballages\" \/>\n<meta property=\"article:modified_time\" content=\"2026-03-26T01:18:21+00:00\" \/>\n<meta property=\"og:image\" content=\"https:\/\/www.csj-emballages.com\/wp-content\/uploads\/2025\/11\/TO-284-H.webp\" \/>\n\t<meta property=\"og:image:width\" content=\"800\" \/>\n\t<meta property=\"og:image:height\" content=\"800\" \/>\n\t<meta property=\"og:image:type\" content=\"image\/webp\" \/>\n<meta name=\"twitter:card\" content=\"summary_large_image\" \/>\n<meta name=\"twitter:label1\" content=\"Gesch\u00e4tzte Lesezeit\" \/>\n\t<meta name=\"twitter:data1\" content=\"2 Minuten\" \/>\n<script type=\"application\/ld+json\" class=\"yoast-schema-graph\">{\"@context\":\"https:\/\/schema.org\",\"@graph\":[{\"@type\":\"WebPage\",\"@id\":\"https:\/\/www.csj-emballages.com\/de\/produit\/aluminium-tortenform-288-mm-pro-100\/\",\"url\":\"https:\/\/www.csj-emballages.com\/de\/produit\/aluminium-tortenform-288-mm-pro-100\/\",\"name\":\"Aluminium-Tortenform 288 mm pro 100 St\u00fcck\",\"isPartOf\":{\"@id\":\"https:\/\/www.csj-emballages.com\/de\/#website\"},\"primaryImageOfPage\":{\"@id\":\"https:\/\/www.csj-emballages.com\/de\/produit\/aluminium-tortenform-288-mm-pro-100\/#primaryimage\"},\"image\":{\"@id\":\"https:\/\/www.csj-emballages.com\/de\/produit\/aluminium-tortenform-288-mm-pro-100\/#primaryimage\"},\"thumbnailUrl\":\"https:\/\/www.csj-emballages.com\/wp-content\/uploads\/2025\/11\/TO-284-H.webp\",\"datePublished\":\"2025-11-19T14:18:16+00:00\",\"dateModified\":\"2026-03-26T01:18:21+00:00\",\"description\":\"Aluminium-Tortenform 288 mm verkauft von 100 St\u00fcck. Perfekt f\u00fcr gleichm\u00e4\u00dfiges Backen, schnelle Verwendung und eine effiziente professionelle Produktion.\",\"breadcrumb\":{\"@id\":\"https:\/\/www.csj-emballages.com\/de\/produit\/aluminium-tortenform-288-mm-pro-100\/#breadcrumb\"},\"inLanguage\":\"de\",\"potentialAction\":[{\"@type\":\"ReadAction\",\"target\":[\"https:\/\/www.csj-emballages.com\/de\/produit\/aluminium-tortenform-288-mm-pro-100\/\"]}]},{\"@type\":\"ImageObject\",\"inLanguage\":\"de\",\"@id\":\"https:\/\/www.csj-emballages.com\/de\/produit\/aluminium-tortenform-288-mm-pro-100\/#primaryimage\",\"url\":\"https:\/\/www.csj-emballages.com\/wp-content\/uploads\/2025\/11\/TO-284-H.webp\",\"contentUrl\":\"https:\/\/www.csj-emballages.com\/wp-content\/uploads\/2025\/11\/TO-284-H.webp\",\"width\":800,\"height\":800,\"caption\":\"Moule \u00e0 tourti\u00e8re\"},{\"@type\":\"BreadcrumbList\",\"@id\":\"https:\/\/www.csj-emballages.com\/de\/produit\/aluminium-tortenform-288-mm-pro-100\/#breadcrumb\",\"itemListElement\":[{\"@type\":\"ListItem\",\"position\":1,\"name\":\"Accueil\",\"item\":\"https:\/\/www.csj-emballages.com\/de\/universum-lebensmittelverpackungen\/\"},{\"@type\":\"ListItem\",\"position\":2,\"name\":\"Shop\",\"item\":\"https:\/\/www.csj-emballages.com\/shop\/\"},{\"@type\":\"ListItem\",\"position\":3,\"name\":\"Aluminium-Tortenform 288 mm pro 100\"}]},{\"@type\":\"WebSite\",\"@id\":\"https:\/\/www.csj-emballages.com\/de\/#website\",\"url\":\"https:\/\/www.csj-emballages.com\/de\/\",\"name\":\"CSJ Emballages\",\"description\":\"\",\"publisher\":{\"@id\":\"https:\/\/www.csj-emballages.com\/de\/#organization\"},\"potentialAction\":[{\"@type\":\"SearchAction\",\"target\":{\"@type\":\"EntryPoint\",\"urlTemplate\":\"https:\/\/www.csj-emballages.com\/de\/?s={search_term_string}\"},\"query-input\":{\"@type\":\"PropertyValueSpecification\",\"valueRequired\":true,\"valueName\":\"search_term_string\"}}],\"inLanguage\":\"de\"},{\"@type\":\"Organization\",\"@id\":\"https:\/\/www.csj-emballages.com\/de\/#Organization\/\",\"name\":\"CSJ Emballages\",\"url\":\"https:\/\/www.csj-emballages.com\/de\/\",\"logo\":{\"@type\":\"ImageObject\",\"inLanguage\":\"de\",\"@id\":\"https:\/\/www.csj-emballages.com\/de\/#\/schema\/logo\/image\/\",\"url\":\"https:\/\/www.csj-emballages.com\/wp-content\/uploads\/2023\/10\/logo_csj.webp\",\"contentUrl\":\"https:\/\/www.csj-emballages.com\/wp-content\/uploads\/2023\/10\/logo_csj.webp\",\"width\":250,\"height\":95,\"caption\":\"CSJ Emballages\"},\"image\":{\"@id\":\"https:\/\/www.csj-emballages.com\/de\/#\/schema\/logo\/image\/\"},\"sameAs\":[\"https:\/\/www.facebook.com\/csjemballages\"],\"address\":{\"@type\":\"PostalAddress\",\"streetAddress\":\"ZI La Lechere\",\"addressLocality\":\"Patornay\",\"postalCode\":\"39130\",\"addressCountry\":\"FR\"},\"contactPoint\":[{\"@type\":\"ContactPoint\",\"contactType\":\"Service client\",\"telephone\":\"0384254272\",\"email\":\"contact@csj-emballages.com\"}]}]}<\/script>\n<!-- \/ Yoast SEO Premium plugin. -->","yoast_head_json":{"title":"Aluminium-Tortenform 288 mm pro 100 St\u00fcck","description":"Aluminium-Tortenform 288 mm verkauft von 100 St\u00fcck. Perfekt f\u00fcr gleichm\u00e4\u00dfiges Backen, schnelle Verwendung und eine effiziente professionelle Produktion.","robots":{"index":"index","follow":"follow","max-snippet":"max-snippet:-1","max-image-preview":"max-image-preview:large","max-video-preview":"max-video-preview:-1"},"canonical":"https:\/\/www.csj-emballages.com\/de\/produit\/aluminium-tortenform-288-mm-pro-100\/","og_locale":"de_DE","og_type":"article","og_title":"Aluminium-Tortenform 288 mm pro 100","og_description":"Aluminium-Tortenform 288 mm verkauft von 100 St\u00fcck. Perfekt f\u00fcr gleichm\u00e4\u00dfiges Backen, schnelle Verwendung und eine effiziente professionelle Produktion.","og_url":"https:\/\/www.csj-emballages.com\/de\/produit\/aluminium-tortenform-288-mm-pro-100\/","og_site_name":"CSJ Emballages","article_publisher":"https:\/\/www.facebook.com\/csjemballages","article_modified_time":"2026-03-26T01:18:21+00:00","og_image":[{"width":800,"height":800,"url":"https:\/\/www.csj-emballages.com\/wp-content\/uploads\/2025\/11\/TO-284-H.webp","type":"image\/webp"}],"twitter_card":"summary_large_image","twitter_misc":{"Gesch\u00e4tzte Lesezeit":"2 Minuten"},"schema":{"@context":"https:\/\/schema.org","@graph":[{"@type":"WebPage","@id":"https:\/\/www.csj-emballages.com\/de\/produit\/aluminium-tortenform-288-mm-pro-100\/","url":"https:\/\/www.csj-emballages.com\/de\/produit\/aluminium-tortenform-288-mm-pro-100\/","name":"Aluminium-Tortenform 288 mm pro 100 St\u00fcck","isPartOf":{"@id":"https:\/\/www.csj-emballages.com\/de\/#website"},"primaryImageOfPage":{"@id":"https:\/\/www.csj-emballages.com\/de\/produit\/aluminium-tortenform-288-mm-pro-100\/#primaryimage"},"image":{"@id":"https:\/\/www.csj-emballages.com\/de\/produit\/aluminium-tortenform-288-mm-pro-100\/#primaryimage"},"thumbnailUrl":"https:\/\/www.csj-emballages.com\/wp-content\/uploads\/2025\/11\/TO-284-H.webp","datePublished":"2025-11-19T14:18:16+00:00","dateModified":"2026-03-26T01:18:21+00:00","description":"Aluminium-Tortenform 288 mm verkauft von 100 St\u00fcck. Perfekt f\u00fcr gleichm\u00e4\u00dfiges Backen, schnelle Verwendung und eine effiziente professionelle Produktion.","breadcrumb":{"@id":"https:\/\/www.csj-emballages.com\/de\/produit\/aluminium-tortenform-288-mm-pro-100\/#breadcrumb"},"inLanguage":"de","potentialAction":[{"@type":"ReadAction","target":["https:\/\/www.csj-emballages.com\/de\/produit\/aluminium-tortenform-288-mm-pro-100\/"]}]},{"@type":"ImageObject","inLanguage":"de","@id":"https:\/\/www.csj-emballages.com\/de\/produit\/aluminium-tortenform-288-mm-pro-100\/#primaryimage","url":"https:\/\/www.csj-emballages.com\/wp-content\/uploads\/2025\/11\/TO-284-H.webp","contentUrl":"https:\/\/www.csj-emballages.com\/wp-content\/uploads\/2025\/11\/TO-284-H.webp","width":800,"height":800,"caption":"Moule \u00e0 tourti\u00e8re"},{"@type":"BreadcrumbList","@id":"https:\/\/www.csj-emballages.com\/de\/produit\/aluminium-tortenform-288-mm-pro-100\/#breadcrumb","itemListElement":[{"@type":"ListItem","position":1,"name":"Accueil","item":"https:\/\/www.csj-emballages.com\/de\/universum-lebensmittelverpackungen\/"},{"@type":"ListItem","position":2,"name":"Shop","item":"https:\/\/www.csj-emballages.com\/shop\/"},{"@type":"ListItem","position":3,"name":"Aluminium-Tortenform 288 mm pro 100"}]},{"@type":"WebSite","@id":"https:\/\/www.csj-emballages.com\/de\/#website","url":"https:\/\/www.csj-emballages.com\/de\/","name":"CSJ Emballages","description":"","publisher":{"@id":"https:\/\/www.csj-emballages.com\/de\/#organization"},"potentialAction":[{"@type":"SearchAction","target":{"@type":"EntryPoint","urlTemplate":"https:\/\/www.csj-emballages.com\/de\/?s={search_term_string}"},"query-input":{"@type":"PropertyValueSpecification","valueRequired":true,"valueName":"search_term_string"}}],"inLanguage":"de"},{"@type":"Organization","@id":"https:\/\/www.csj-emballages.com\/de\/#Organization\/","name":"CSJ Emballages","url":"https:\/\/www.csj-emballages.com\/de\/","logo":{"@type":"ImageObject","inLanguage":"de","@id":"https:\/\/www.csj-emballages.com\/de\/#\/schema\/logo\/image\/","url":"https:\/\/www.csj-emballages.com\/wp-content\/uploads\/2023\/10\/logo_csj.webp","contentUrl":"https:\/\/www.csj-emballages.com\/wp-content\/uploads\/2023\/10\/logo_csj.webp","width":250,"height":95,"caption":"CSJ Emballages"},"image":{"@id":"https:\/\/www.csj-emballages.com\/de\/#\/schema\/logo\/image\/"},"sameAs":["https:\/\/www.facebook.com\/csjemballages"],"address":{"@type":"PostalAddress","streetAddress":"ZI La Lechere","addressLocality":"Patornay","postalCode":"39130","addressCountry":"FR"},"contactPoint":[{"@type":"ContactPoint","contactType":"Service client","telephone":"0384254272","email":"contact@csj-emballages.com"}]}]}},"df_price":48.05,"df_sale_price":"","df_regular_price":48.05,"df_image_link":"https:\/\/www.csj-emballages.com\/wp-content\/uploads\/2025\/11\/TO-284-H-300x300.webp","tiered_pricing_type":"fixed","tiered_pricing_fixed_rules":[],"tiered_pricing_percentage_rules":[],"tiered_pricing_minimum":1,"tiered_pricing_roles_data":[],"_links":{"self":[{"href":"https:\/\/www.csj-emballages.com\/de\/wp-json\/wp\/v2\/product\/257361","targetHints":{"allow":["GET"]}}],"collection":[{"href":"https:\/\/www.csj-emballages.com\/de\/wp-json\/wp\/v2\/product"}],"about":[{"href":"https:\/\/www.csj-emballages.com\/de\/wp-json\/wp\/v2\/types\/product"}],"wp:featuredmedia":[{"embeddable":true,"href":"https:\/\/www.csj-emballages.com\/de\/wp-json\/wp\/v2\/media\/256950"}],"wp:attachment":[{"href":"https:\/\/www.csj-emballages.com\/de\/wp-json\/wp\/v2\/media?parent=257361"}],"wp:term":[{"taxonomy":"product_brand","embeddable":true,"href":"https:\/\/www.csj-emballages.com\/de\/wp-json\/wp\/v2\/product_brand?post=257361"},{"taxonomy":"product_cat","embeddable":true,"href":"https:\/\/www.csj-emballages.com\/de\/wp-json\/wp\/v2\/product_cat?post=257361"},{"taxonomy":"product_tag","embeddable":true,"href":"https:\/\/www.csj-emballages.com\/de\/wp-json\/wp\/v2\/product_tag?post=257361"}],"curies":[{"name":"wp","href":"https:\/\/api.w.org\/{rel}","templated":true}]}}