{"id":255731,"date":"2025-11-04T14:18:22","date_gmt":"2025-11-04T13:18:22","guid":{"rendered":"https:\/\/www.csj-emballages.com\/produit\/tasche-galette-des-rois-26-3-x-32-cm-pro-100\/"},"modified":"2026-03-12T16:37:45","modified_gmt":"2026-03-12T15:37:45","slug":"tasche-galette-des-rois-26-3-x-32-cm-pro-100","status":"publish","type":"product","link":"https:\/\/www.csj-emballages.com\/de\/produit\/tasche-galette-des-rois-26-3-x-32-cm-pro-100\/","title":{"rendered":"Tasche Dreik\u00f6nigskuchen fettdicht 26 + 3 x 32 cm pro 100"},"content":{"rendered":"<h2 class=\"p1\">Tasche &#8222;Galette des rois&#8220; (Dreik\u00f6nigskuchen)<\/h2>\n<hr>\n<h3>Beschreibung unserer Tasche Galette des rois 26 + 3 x 32 cm pro 100<\/h3>\n<p><!--more--><\/p>\n<p data-start=\"203\" data-end=\"643\">Wenn es an der Zeit ist, den<strong>Dreik\u00f6nigstag<\/strong> vorzubereiten, z\u00e4hlt jedes Detail, um einen sch\u00f6n angerichteten Kuchen anzubieten. Diese <g id=\"gid_1\">Dreik\u00f6nigskuchen-Tasche 26 + 3 x 32 cm<\/g> wurde entwickelt, um Ihre Kreationen zu sch\u00fctzen und aufzuwerten, ohne Ihnen das Leben schwer zu machen. Dank der praktischen Breite und des <strong>3 cm<\/strong> breiten Balgs passt eine <strong>kleine<\/strong> <strong>Galette<\/strong> problemlos hinein, wobei genug Platz bleibt, um den Bl\u00e4tterteig nicht zu zerdr\u00fccken.  <\/p>\n<p data-start=\"645\" data-end=\"1089\">Sobald man sie benutzt, wei\u00df man n\u00e4mlich zu sch\u00e4tzen, wie schnell und einfach sie sich \u00f6ffnen l\u00e4sst: Man muss nicht mit Gewalt oder zeitraubend an der Tasche herumhantieren. Sie erm\u00f6glicht es, den <strong>Fladen<\/strong> mit einer einzigen Bewegung hineinzuschieben, was perfekt ist, wenn eine Bestellung nach der anderen eingeht. <\/p>\n<p data-start=\"1091\" data-end=\"1391\">Ebenso garantiert Ihnen das <strong data-start=\"1094\" data-end=\"1113\">Set mit 100 T\u00fcten<\/strong> einen ausreichenden Vorrat f\u00fcr die gesamte Saison, egal ob Sie in einer B\u00e4ckerei, Konditorei, einem Tante-Emma-Laden oder einer kurzlebigen Verkaufsstelle arbeiten. Und da sie kaum Platz ben\u00f6tigen, k\u00f6nnen Sie sie aufbewahren, ohne Ihre Arbeitsfl\u00e4che zu belasten. <\/p>\n<p data-start=\"1393\" data-end=\"1653\">Kurzum, er ist der perfekte Begleiter f\u00fcr die Weihnachtszeit und hilft Ihnen, Ihre Galettes effizient, elegant und ohne Chichi zu servieren.<\/p>\n<p><!--more--><\/p>\n<h4 style=\"text-align: left\"><strong>Vorteile :<\/strong><\/h4>\n<ul>\n<li data-start=\"1681\" data-end=\"1718\">Format f\u00fcr <strong>kleine Fladen<\/strong> geeignet.<\/li>\n<li data-start=\"1721\" data-end=\"1757\">Schnelles und bequemes Eint\u00fcten<\/li>\n<li data-start=\"1760\" data-end=\"1800\">Transparent, um das Produkt aufzuwerten.<\/li>\n<li data-start=\"1803\" data-end=\"1831\">Praktischer<strong> 3-cm-Balg<\/strong>.<\/li>\n<li data-start=\"1834\" data-end=\"1874\"><strong>100 St\u00fcck<\/strong> f\u00fcr die ganze Saison.<\/li>\n<\/ul>\n<p>.<\/p>\n<p><!--more--><\/p>\n<h4>Weitere Informationen :<\/h4>\n<ul>\n<li><strong>Verpackung<\/strong>: Packung mit 100 St\u00fcck<\/li>\n<li><strong>Ma\u00dfe<\/strong>: 26 + 3 x 32 cm<\/li>\n<li><strong>Farbe<\/strong>: Wei\u00df \/ Rot \/ Schwarz<\/li>\n<li><strong>Material<\/strong>: Papier<\/li>\n<\/ul>\n<p>&nbsp;<\/p>\n<p><!--more--><\/p>\n<p>Finden Sie hier unsere Goldkrone : <span style=\"color: #d12727\"><a style=\"color: #d12727\" href=\"https:\/\/www.csj-emballages.com\/pt-pt\/produit\/100-coroas-de-ouro-em-cartao\/\">KORREKTUR<\/a><\/span><\/p>\n<p>&nbsp;<\/p>\n<p><!--more--><\/p>\n<p>Diese Galette-Tasche ist in verschiedenen Gr\u00f6\u00dfen erh\u00e4ltlich: <span style=\"color: #d12727\"><a style=\"color: #d12727\" href=\"https:\/\/www.csj-emballages.com\/pt-pt\/produit\/galette-des-rois-saco-23-3-x-30-cm-por-100\/\">23 + 3 x 30 cm<\/a><\/span> \/ <span style=\"color: #d12727\"><a style=\"color: #d12727\" href=\"https:\/\/www.csj-emballages.com\/pt-pt\/produit\/galette-des-rois-saco-29-3-x-36-cm-por-100\/\">29 + 3 x 36 cm<\/a> <\/span>\/ <span style=\"color: #d12727\"><a style=\"color: #d12727\" href=\"https:\/\/www.csj-emballages.com\/produit\/sac-galette-des-rois-36-3-x-42-cm-par-100\/\">36 + 3 x 42 cm<\/a><\/span><\/p>\n<p>&nbsp;<\/p>\n<p><!--more--><\/p>\n<p><a href=\"https:\/\/www.csj-emballages.com\/de\/categorie-produit\/lebensmittelverpackungen\/backerei-und-konditorei\/sacke-beutel-und-papier\/sacheries-de\/waffeltuten\/\">Sehen Sie sich den Rest unseres Sortiments an Galette-des-Ris-Taschen an<\/a><\/p>\n","protected":false},"excerpt":{"rendered":"<p>Tasche &#8222;Galette des rois&#8220; (Dreik\u00f6nigskuchen) Beschreibung unserer Tasche Galette des rois 26 + 3 x 32 cm pro 100<\/p>\n","protected":false},"featured_media":255889,"template":"","meta":{"_acf_changed":false},"product_brand":[],"product_cat":[1137,1171,3967,1661,2435],"product_tag":[],"class_list":{"0":"post-255731","1":"product","2":"type-product","3":"status-publish","4":"has-post-thumbnail","6":"product_cat-lebensmittelverpackungen","7":"product_cat-backerei-und-konditorei","8":"product_cat-sacke-beutel-und-papier","9":"product_cat-sacheries-de","10":"product_cat-waffeltuten","12":"first","13":"instock","14":"taxable","15":"shipping-taxable","16":"purchasable","17":"product-type-simple"},"acf":[],"yoast_head":"<!-- This site is optimized with the Yoast SEO Premium plugin v26.6 (Yoast SEO v26.6) - https:\/\/yoast.com\/wordpress\/plugins\/seo\/ -->\n<title>Tasche Galette des Rois 26 + 3 x 32 cm pro 100<\/title>\n<meta name=\"description\" content=\"Tasche &quot;Galette des rois&quot; 26 + 3 x 32 cm pro 100 St\u00fcck. Praktisch, transparent und ideal, um Ihre einzelnen Galettes w\u00e4hrend des Dreik\u00f6nigsfestes zu pr\u00e4sentieren.\" \/>\n<meta name=\"robots\" content=\"index, follow, max-snippet:-1, max-image-preview:large, max-video-preview:-1\" \/>\n<link rel=\"canonical\" href=\"https:\/\/www.csj-emballages.com\/de\/produit\/tasche-galette-des-rois-26-3-x-32-cm-pro-100\/\" \/>\n<meta property=\"og:locale\" content=\"de_DE\" \/>\n<meta property=\"og:type\" content=\"article\" \/>\n<meta property=\"og:title\" content=\"Tasche Dreik\u00f6nigskuchen fettdicht 26 + 3 x 32 cm pro 100\" \/>\n<meta property=\"og:description\" content=\"Tasche &quot;Galette des rois&quot; 26 + 3 x 32 cm pro 100 St\u00fcck. Praktisch, transparent und ideal, um Ihre einzelnen Galettes w\u00e4hrend des Dreik\u00f6nigsfestes zu pr\u00e4sentieren.\" \/>\n<meta property=\"og:url\" content=\"https:\/\/www.csj-emballages.com\/de\/produit\/tasche-galette-des-rois-26-3-x-32-cm-pro-100\/\" \/>\n<meta property=\"og:site_name\" content=\"CSJ Emballages\" \/>\n<meta property=\"article:publisher\" content=\"https:\/\/www.facebook.com\/csjemballages\" \/>\n<meta property=\"article:modified_time\" content=\"2026-03-12T15:37:45+00:00\" \/>\n<meta property=\"og:image\" content=\"https:\/\/www.csj-emballages.com\/wp-content\/uploads\/2025\/11\/SACGAL29-1.webp\" \/>\n\t<meta property=\"og:image:width\" content=\"800\" \/>\n\t<meta property=\"og:image:height\" content=\"800\" \/>\n\t<meta property=\"og:image:type\" content=\"image\/webp\" \/>\n<meta name=\"twitter:card\" content=\"summary_large_image\" \/>\n<meta name=\"twitter:label1\" content=\"Gesch\u00e4tzte Lesezeit\" \/>\n\t<meta name=\"twitter:data1\" content=\"1\u00a0Minute\" \/>\n<script type=\"application\/ld+json\" class=\"yoast-schema-graph\">{\"@context\":\"https:\/\/schema.org\",\"@graph\":[{\"@type\":\"WebPage\",\"@id\":\"https:\/\/www.csj-emballages.com\/de\/produit\/tasche-galette-des-rois-26-3-x-32-cm-pro-100\/\",\"url\":\"https:\/\/www.csj-emballages.com\/de\/produit\/tasche-galette-des-rois-26-3-x-32-cm-pro-100\/\",\"name\":\"Tasche Galette des Rois 26 + 3 x 32 cm pro 100\",\"isPartOf\":{\"@id\":\"https:\/\/www.csj-emballages.com\/de\/#website\"},\"primaryImageOfPage\":{\"@id\":\"https:\/\/www.csj-emballages.com\/de\/produit\/tasche-galette-des-rois-26-3-x-32-cm-pro-100\/#primaryimage\"},\"image\":{\"@id\":\"https:\/\/www.csj-emballages.com\/de\/produit\/tasche-galette-des-rois-26-3-x-32-cm-pro-100\/#primaryimage\"},\"thumbnailUrl\":\"https:\/\/www.csj-emballages.com\/wp-content\/uploads\/2025\/11\/SACGAL29-1.webp\",\"datePublished\":\"2025-11-04T13:18:22+00:00\",\"dateModified\":\"2026-03-12T15:37:45+00:00\",\"description\":\"Tasche \\\"Galette des rois\\\" 26 + 3 x 32 cm pro 100 St\u00fcck. Praktisch, transparent und ideal, um Ihre einzelnen Galettes w\u00e4hrend des Dreik\u00f6nigsfestes zu pr\u00e4sentieren.\",\"breadcrumb\":{\"@id\":\"https:\/\/www.csj-emballages.com\/de\/produit\/tasche-galette-des-rois-26-3-x-32-cm-pro-100\/#breadcrumb\"},\"inLanguage\":\"de\",\"potentialAction\":[{\"@type\":\"ReadAction\",\"target\":[\"https:\/\/www.csj-emballages.com\/de\/produit\/tasche-galette-des-rois-26-3-x-32-cm-pro-100\/\"]}]},{\"@type\":\"ImageObject\",\"inLanguage\":\"de\",\"@id\":\"https:\/\/www.csj-emballages.com\/de\/produit\/tasche-galette-des-rois-26-3-x-32-cm-pro-100\/#primaryimage\",\"url\":\"https:\/\/www.csj-emballages.com\/wp-content\/uploads\/2025\/11\/SACGAL29-1.webp\",\"contentUrl\":\"https:\/\/www.csj-emballages.com\/wp-content\/uploads\/2025\/11\/SACGAL29-1.webp\",\"width\":800,\"height\":800,\"caption\":\"Sac galette des rois\"},{\"@type\":\"BreadcrumbList\",\"@id\":\"https:\/\/www.csj-emballages.com\/de\/produit\/tasche-galette-des-rois-26-3-x-32-cm-pro-100\/#breadcrumb\",\"itemListElement\":[{\"@type\":\"ListItem\",\"position\":1,\"name\":\"Accueil\",\"item\":\"https:\/\/www.csj-emballages.com\/de\/universum-lebensmittelverpackungen\/\"},{\"@type\":\"ListItem\",\"position\":2,\"name\":\"Shop\",\"item\":\"https:\/\/www.csj-emballages.com\/shop\/\"},{\"@type\":\"ListItem\",\"position\":3,\"name\":\"Tasche Dreik\u00f6nigskuchen fettdicht 26 + 3 x 32 cm pro 100\"}]},{\"@type\":\"WebSite\",\"@id\":\"https:\/\/www.csj-emballages.com\/de\/#website\",\"url\":\"https:\/\/www.csj-emballages.com\/de\/\",\"name\":\"CSJ Emballages\",\"description\":\"\",\"publisher\":{\"@id\":\"https:\/\/www.csj-emballages.com\/de\/#organization\"},\"potentialAction\":[{\"@type\":\"SearchAction\",\"target\":{\"@type\":\"EntryPoint\",\"urlTemplate\":\"https:\/\/www.csj-emballages.com\/de\/?s={search_term_string}\"},\"query-input\":{\"@type\":\"PropertyValueSpecification\",\"valueRequired\":true,\"valueName\":\"search_term_string\"}}],\"inLanguage\":\"de\"},{\"@type\":\"Organization\",\"@id\":\"https:\/\/www.csj-emballages.com\/de\/#Organization\/\",\"name\":\"CSJ Emballages\",\"url\":\"https:\/\/www.csj-emballages.com\/de\/\",\"logo\":{\"@type\":\"ImageObject\",\"inLanguage\":\"de\",\"@id\":\"https:\/\/www.csj-emballages.com\/de\/#\/schema\/logo\/image\/\",\"url\":\"https:\/\/www.csj-emballages.com\/wp-content\/uploads\/2023\/10\/logo_csj.webp\",\"contentUrl\":\"https:\/\/www.csj-emballages.com\/wp-content\/uploads\/2023\/10\/logo_csj.webp\",\"width\":250,\"height\":95,\"caption\":\"CSJ Emballages\"},\"image\":{\"@id\":\"https:\/\/www.csj-emballages.com\/de\/#\/schema\/logo\/image\/\"},\"sameAs\":[\"https:\/\/www.facebook.com\/csjemballages\"],\"address\":{\"@type\":\"PostalAddress\",\"streetAddress\":\"ZI La Lechere\",\"addressLocality\":\"Patornay\",\"postalCode\":\"39130\",\"addressCountry\":\"FR\"},\"contactPoint\":[{\"@type\":\"ContactPoint\",\"contactType\":\"Service client\",\"telephone\":\"0384254272\",\"email\":\"contact@csj-emballages.com\"}]}]}<\/script>\n<!-- \/ Yoast SEO Premium plugin. -->","yoast_head_json":{"title":"Tasche Galette des Rois 26 + 3 x 32 cm pro 100","description":"Tasche \"Galette des rois\" 26 + 3 x 32 cm pro 100 St\u00fcck. Praktisch, transparent und ideal, um Ihre einzelnen Galettes w\u00e4hrend des Dreik\u00f6nigsfestes zu pr\u00e4sentieren.","robots":{"index":"index","follow":"follow","max-snippet":"max-snippet:-1","max-image-preview":"max-image-preview:large","max-video-preview":"max-video-preview:-1"},"canonical":"https:\/\/www.csj-emballages.com\/de\/produit\/tasche-galette-des-rois-26-3-x-32-cm-pro-100\/","og_locale":"de_DE","og_type":"article","og_title":"Tasche Dreik\u00f6nigskuchen fettdicht 26 + 3 x 32 cm pro 100","og_description":"Tasche \"Galette des rois\" 26 + 3 x 32 cm pro 100 St\u00fcck. Praktisch, transparent und ideal, um Ihre einzelnen Galettes w\u00e4hrend des Dreik\u00f6nigsfestes zu pr\u00e4sentieren.","og_url":"https:\/\/www.csj-emballages.com\/de\/produit\/tasche-galette-des-rois-26-3-x-32-cm-pro-100\/","og_site_name":"CSJ Emballages","article_publisher":"https:\/\/www.facebook.com\/csjemballages","article_modified_time":"2026-03-12T15:37:45+00:00","og_image":[{"width":800,"height":800,"url":"https:\/\/www.csj-emballages.com\/wp-content\/uploads\/2025\/11\/SACGAL29-1.webp","type":"image\/webp"}],"twitter_card":"summary_large_image","twitter_misc":{"Gesch\u00e4tzte Lesezeit":"1\u00a0Minute"},"schema":{"@context":"https:\/\/schema.org","@graph":[{"@type":"WebPage","@id":"https:\/\/www.csj-emballages.com\/de\/produit\/tasche-galette-des-rois-26-3-x-32-cm-pro-100\/","url":"https:\/\/www.csj-emballages.com\/de\/produit\/tasche-galette-des-rois-26-3-x-32-cm-pro-100\/","name":"Tasche Galette des Rois 26 + 3 x 32 cm pro 100","isPartOf":{"@id":"https:\/\/www.csj-emballages.com\/de\/#website"},"primaryImageOfPage":{"@id":"https:\/\/www.csj-emballages.com\/de\/produit\/tasche-galette-des-rois-26-3-x-32-cm-pro-100\/#primaryimage"},"image":{"@id":"https:\/\/www.csj-emballages.com\/de\/produit\/tasche-galette-des-rois-26-3-x-32-cm-pro-100\/#primaryimage"},"thumbnailUrl":"https:\/\/www.csj-emballages.com\/wp-content\/uploads\/2025\/11\/SACGAL29-1.webp","datePublished":"2025-11-04T13:18:22+00:00","dateModified":"2026-03-12T15:37:45+00:00","description":"Tasche \"Galette des rois\" 26 + 3 x 32 cm pro 100 St\u00fcck. Praktisch, transparent und ideal, um Ihre einzelnen Galettes w\u00e4hrend des Dreik\u00f6nigsfestes zu pr\u00e4sentieren.","breadcrumb":{"@id":"https:\/\/www.csj-emballages.com\/de\/produit\/tasche-galette-des-rois-26-3-x-32-cm-pro-100\/#breadcrumb"},"inLanguage":"de","potentialAction":[{"@type":"ReadAction","target":["https:\/\/www.csj-emballages.com\/de\/produit\/tasche-galette-des-rois-26-3-x-32-cm-pro-100\/"]}]},{"@type":"ImageObject","inLanguage":"de","@id":"https:\/\/www.csj-emballages.com\/de\/produit\/tasche-galette-des-rois-26-3-x-32-cm-pro-100\/#primaryimage","url":"https:\/\/www.csj-emballages.com\/wp-content\/uploads\/2025\/11\/SACGAL29-1.webp","contentUrl":"https:\/\/www.csj-emballages.com\/wp-content\/uploads\/2025\/11\/SACGAL29-1.webp","width":800,"height":800,"caption":"Sac galette des rois"},{"@type":"BreadcrumbList","@id":"https:\/\/www.csj-emballages.com\/de\/produit\/tasche-galette-des-rois-26-3-x-32-cm-pro-100\/#breadcrumb","itemListElement":[{"@type":"ListItem","position":1,"name":"Accueil","item":"https:\/\/www.csj-emballages.com\/de\/universum-lebensmittelverpackungen\/"},{"@type":"ListItem","position":2,"name":"Shop","item":"https:\/\/www.csj-emballages.com\/shop\/"},{"@type":"ListItem","position":3,"name":"Tasche Dreik\u00f6nigskuchen fettdicht 26 + 3 x 32 cm pro 100"}]},{"@type":"WebSite","@id":"https:\/\/www.csj-emballages.com\/de\/#website","url":"https:\/\/www.csj-emballages.com\/de\/","name":"CSJ Emballages","description":"","publisher":{"@id":"https:\/\/www.csj-emballages.com\/de\/#organization"},"potentialAction":[{"@type":"SearchAction","target":{"@type":"EntryPoint","urlTemplate":"https:\/\/www.csj-emballages.com\/de\/?s={search_term_string}"},"query-input":{"@type":"PropertyValueSpecification","valueRequired":true,"valueName":"search_term_string"}}],"inLanguage":"de"},{"@type":"Organization","@id":"https:\/\/www.csj-emballages.com\/de\/#Organization\/","name":"CSJ Emballages","url":"https:\/\/www.csj-emballages.com\/de\/","logo":{"@type":"ImageObject","inLanguage":"de","@id":"https:\/\/www.csj-emballages.com\/de\/#\/schema\/logo\/image\/","url":"https:\/\/www.csj-emballages.com\/wp-content\/uploads\/2023\/10\/logo_csj.webp","contentUrl":"https:\/\/www.csj-emballages.com\/wp-content\/uploads\/2023\/10\/logo_csj.webp","width":250,"height":95,"caption":"CSJ Emballages"},"image":{"@id":"https:\/\/www.csj-emballages.com\/de\/#\/schema\/logo\/image\/"},"sameAs":["https:\/\/www.facebook.com\/csjemballages"],"address":{"@type":"PostalAddress","streetAddress":"ZI La Lechere","addressLocality":"Patornay","postalCode":"39130","addressCountry":"FR"},"contactPoint":[{"@type":"ContactPoint","contactType":"Service client","telephone":"0384254272","email":"contact@csj-emballages.com"}]}]}},"df_price":11.9,"df_sale_price":"","df_regular_price":11.9,"df_image_link":"https:\/\/www.csj-emballages.com\/wp-content\/uploads\/2025\/11\/SACGAL29-1-300x300.webp","tiered_pricing_type":"fixed","tiered_pricing_fixed_rules":[],"tiered_pricing_percentage_rules":[],"tiered_pricing_minimum":1,"tiered_pricing_roles_data":[],"_links":{"self":[{"href":"https:\/\/www.csj-emballages.com\/de\/wp-json\/wp\/v2\/product\/255731","targetHints":{"allow":["GET"]}}],"collection":[{"href":"https:\/\/www.csj-emballages.com\/de\/wp-json\/wp\/v2\/product"}],"about":[{"href":"https:\/\/www.csj-emballages.com\/de\/wp-json\/wp\/v2\/types\/product"}],"wp:featuredmedia":[{"embeddable":true,"href":"https:\/\/www.csj-emballages.com\/de\/wp-json\/wp\/v2\/media\/255889"}],"wp:attachment":[{"href":"https:\/\/www.csj-emballages.com\/de\/wp-json\/wp\/v2\/media?parent=255731"}],"wp:term":[{"taxonomy":"product_brand","embeddable":true,"href":"https:\/\/www.csj-emballages.com\/de\/wp-json\/wp\/v2\/product_brand?post=255731"},{"taxonomy":"product_cat","embeddable":true,"href":"https:\/\/www.csj-emballages.com\/de\/wp-json\/wp\/v2\/product_cat?post=255731"},{"taxonomy":"product_tag","embeddable":true,"href":"https:\/\/www.csj-emballages.com\/de\/wp-json\/wp\/v2\/product_tag?post=255731"}],"curies":[{"name":"wp","href":"https:\/\/api.w.org\/{rel}","templated":true}]}}