{"id":255656,"date":"2025-09-24T09:18:19","date_gmt":"2025-09-24T07:18:19","guid":{"rendered":"https:\/\/www.csj-emballages.com\/produit\/vakuumbeutel-aufbewahrung-gepraegt-25-x-70-cm-100-%c2%b5-per-100\/"},"modified":"2026-05-05T02:20:57","modified_gmt":"2026-05-05T00:20:57","slug":"vakuumbeutel-aufbewahrung-gepraegt-25-x-70-cm-100-%c2%b5-per-100","status":"publish","type":"product","link":"https:\/\/www.csj-emballages.com\/de\/produit\/vakuumbeutel-aufbewahrung-gepraegt-25-x-70-cm-100-%c2%b5-per-100\/","title":{"rendered":"Vakuumbeutel Aufbewahrung gepr\u00e4gt 25 x 70 cm 100 \u00b5 per 100"},"content":{"rendered":"<h2 class=\"p1\">Vakuumbeutel<\/h2>\n<hr>\n<h3>Beschreibung von unserem Vakuumbeutel Aufbewahrung gepr\u00e4gt 25 x 70 cm 100 \u00b5 per 100<\/h3>\n<p><!--more--><\/p>\n<p data-start=\"209\" data-end=\"693\">Wenn Sie eine Verpackung suchen, die Ihre Produkte l\u00e4nger frisch h\u00e4lt und einfach zu handhaben ist, sind diese <strong data-start=\"332\" data-end=\"369\">25 x 70 cm gro\u00dfen, goffrierten Vakuumbeutel<\/strong> eine echte Erfolgsgarantie. Dank ihrer gro\u00dfen L\u00e4nge eignen sie sich perfekt f\u00fcr volumin\u00f6se Lebensmittel: <strong>Fleischst\u00fccke<\/strong>, ganze <strong>Fische<\/strong>, lange <strong>Wurstwaren<\/strong>, gro\u00dfe <strong>K\u00e4se<\/strong> oder sogar Familienportionen. So profitieren Sie von einem vielseitigen Format, das sich an alles anpasst, was Sie aufbewahren m\u00f6chten.<\/p>\n<p data-start=\"695\" data-end=\"1108\">Die <strong>Innenpr\u00e4gung<\/strong> ist nicht nur ein Detail: Sie verbessert die Luftansaugung erheblich und sorgt so f\u00fcr ein besseres Vakuumieren. Das Ergebnis: Ihre Produkte sind l\u00e4nger haltbar, behalten ihren urspr\u00fcnglichen Geschmack und bleiben vor Gefrierbrand gesch\u00fctzt. Die Dicke von <strong data-start=\"994\" data-end=\"1009\">100 Mikron<\/strong> verleiht dem Vakuumierger\u00e4t eine hohe Festigkeit und verhindert, dass es bei der Lagerung einrei\u00dft oder ausl\u00e4uft.  <\/p>\n<p data-start=\"1110\" data-end=\"1417\">Sie k\u00f6nnen sie sowohl mit einer Vakuummaschine mit Au\u00dfenansaugung als auch mit einer professionellen Vakuumglocke verwenden. Der Beutel reagiert schnell und l\u00e4sst sich sauber verschwei\u00dfen, sodass Sie Zeit sparen k\u00f6nnen, ohne Kompromisse bei der Qualit\u00e4t eingehen zu m\u00fcssen. F\u00fcr den t\u00e4glichen Gebrauch, ob Profi oder zu Hause, ist dies ein echter Komfort.  <\/p>\n<p data-start=\"1419\" data-end=\"1649\">Das Set mit <strong data-start=\"1429\" data-end=\"1443\">100 St\u00fcck<\/strong> bietet Ihnen ausreichend Vorrat. Sie k\u00f6nnen damit Ihre Vorr\u00e4te organisieren, Zubereitungen planen und Lagerfl\u00e4chen optimieren, sei es in der K\u00fcche, im Verarbeitungsbetrieb oder im Labor.<\/p>\n<p data-start=\"1651\" data-end=\"1828\">Kurz gesagt: Mit diesen <strong>gepr\u00e4gten Vakuumbeuteln<\/strong> k\u00f6nnen Sie Ihre Lebensmittel ganz einfach aufbewahren, sch\u00fctzen und organisieren und gleichzeitig die Qualit\u00e4t Ihrer Zubereitungen langfristig verbessern.<\/p>\n<p><!--more--><\/p>\n<h4 style=\"text-align: left;\"><strong>Ihre Vorteile :<\/strong><\/h4>\n<ul style=\"text-align: left;\">\n<li><strong>Verl\u00e4ngerte Haltbarkeit<\/strong>: Verl\u00e4ngert die Haltbarkeit von Lebensmitteln.<\/li>\n<li><strong>Waffelstruktur<\/strong>: Erleichtert das Entweichen von Luft und garantiert eine optimale Abdichtung.<\/li>\n<li><strong>Vielseitigkeit<\/strong>: Kompatibel mit den meisten <span style=\"color: #d12727;\"><a style=\"color: #d12727;\" href=\"https:\/\/www.csj-emballages.com\/produit\/machine-sous-vide-semi-pro\/\">Vakuumierger\u00e4ten<\/a><\/span> Haushalt und Gewerbe.<\/li>\n<li><strong>Praktisches Format<\/strong>: Ideal f\u00fcr kleine Portionen oder einzelne Lebensmittel.<\/li>\n<li><strong>Sicher f\u00fcr Lebensmittel<\/strong>: BPA-freie Materialien, die den Lebensmittelstandards entsprechen<\/li>\n<\/ul>\n<p>.<\/p>\n<p><!--more--><\/p>\n<h4>Weitere Informationen :<\/h4>\n<ul>\n<li><strong>Verpackung<\/strong>: Packung mit 100 St\u00fcck<\/li>\n<li><strong>Ma\u00dfe<\/strong>: 25 x 70 cm<\/li>\n<li><strong>Hei\u00dfsiegelbar<\/strong>: Ja<\/li>\n<li><strong>Typ<\/strong>: Gepr\u00e4gt<\/li>\n<li><strong>Schrumpfbar<\/strong>: Nein<\/li>\n<li><strong>Widerstand<\/strong>: 100 Mikron<\/li>\n<li><strong>Schwei\u00dfnaht<\/strong>: 3 Seiten \/ \u00d6ffnung \u00fcber die Breite<\/li>\n<li><strong>Verwendungstemperatur<\/strong>: -20\u00b0C bis + 70\u00b0C<\/li>\n<\/ul>\n<p>&nbsp;<\/p>\n<p><!--more--><\/p>\n<h4>Weitere Artikel :<\/h4>\n<p>Die  <span style=\"color: #d12727;\"><a style=\"color: #d12727;\" href=\"https:\/\/www.csj-emballages.com\/produit\/machine-sous-vide-semi-pro\/\">Semiprofessionelle Vakuummaschine (MSV)<\/a><\/span><\/p>\n<p>&nbsp;<\/p>\n<p><!--more--><\/p>\n<p><a href=\"https:\/\/www.csj-emballages.com\/de\/categorie-produit\/lebensmittelverpackungen\/metzgerei-und-feinkostgeschaft\/sacke-und-beutel\/vakuumbeutel\/gepragte-vakuumbeutel\/\">Sehen Sie sich den Rest unseres Sortiments an gepr\u00e4gten Vakuumbeuteln an.<\/a><\/p>\n<p>&nbsp;<\/p>\n","protected":false},"excerpt":{"rendered":"<p>Vakuumbeutel Beschreibung von unserem Vakuumbeutel Aufbewahrung gepr\u00e4gt 25 x 70 cm 100 \u00b5 per 100<\/p>\n","protected":false},"featured_media":227295,"template":"","meta":{"_acf_changed":false},"product_brand":[],"product_cat":[1137,1170,3962,1235,1613],"product_tag":[],"class_list":{"0":"post-255656","1":"product","2":"type-product","3":"status-publish","4":"has-post-thumbnail","6":"product_cat-lebensmittelverpackungen","7":"product_cat-metzgerei-und-feinkostgeschaft","8":"product_cat-sacke-und-beutel","9":"product_cat-vakuumbeutel","10":"product_cat-gepragte-vakuumbeutel","12":"first","13":"instock","14":"taxable","15":"shipping-taxable","16":"purchasable","17":"product-type-simple"},"acf":[],"yoast_head":"<!-- This site is optimized with the Yoast SEO Premium plugin v26.6 (Yoast SEO v26.6) - https:\/\/yoast.com\/wordpress\/plugins\/seo\/ -->\n<title>Vakuumbeutel zur Aufbewahrung gepr\u00e4gt 25 x 70 cm 100 \u00b5 per 100<\/title>\n<meta name=\"description\" content=\"Gepr\u00e4gte Vakuumbeutel zur Aufbewahrung 25 x 70 cm, St\u00e4rke 100 \u00b5. Los von 100. Perfekt f\u00fcr die dauerhafte Aufbewahrung von Fleisch, Fisch und sperrigen Lebensmitteln.\" \/>\n<meta name=\"robots\" content=\"index, follow, max-snippet:-1, max-image-preview:large, max-video-preview:-1\" \/>\n<link rel=\"canonical\" href=\"https:\/\/www.csj-emballages.com\/de\/produit\/vakuumbeutel-aufbewahrung-gepraegt-25-x-70-cm-100-%c2%b5-per-100\/\" \/>\n<meta property=\"og:locale\" content=\"de_DE\" \/>\n<meta property=\"og:type\" content=\"article\" \/>\n<meta property=\"og:title\" content=\"Vakuumbeutel Aufbewahrung gepr\u00e4gt 25 x 70 cm 100 \u00b5 per 100\" \/>\n<meta property=\"og:description\" content=\"Gepr\u00e4gte Vakuumbeutel zur Aufbewahrung 25 x 70 cm, St\u00e4rke 100 \u00b5. Los von 100. Perfekt f\u00fcr die dauerhafte Aufbewahrung von Fleisch, Fisch und sperrigen Lebensmitteln.\" \/>\n<meta property=\"og:url\" content=\"https:\/\/www.csj-emballages.com\/de\/produit\/vakuumbeutel-aufbewahrung-gepraegt-25-x-70-cm-100-%c2%b5-per-100\/\" \/>\n<meta property=\"og:site_name\" content=\"CSJ Emballages\" \/>\n<meta property=\"article:publisher\" content=\"https:\/\/www.facebook.com\/csjemballages\" \/>\n<meta property=\"article:modified_time\" content=\"2026-05-05T00:20:57+00:00\" \/>\n<meta property=\"og:image\" content=\"https:\/\/www.csj-emballages.com\/wp-content\/uploads\/2024\/03\/sac-sous-vide-gaufre.webp\" \/>\n\t<meta property=\"og:image:width\" content=\"800\" \/>\n\t<meta property=\"og:image:height\" content=\"800\" \/>\n\t<meta property=\"og:image:type\" content=\"image\/webp\" \/>\n<meta name=\"twitter:card\" content=\"summary_large_image\" \/>\n<meta name=\"twitter:label1\" content=\"Gesch\u00e4tzte Lesezeit\" \/>\n\t<meta name=\"twitter:data1\" content=\"2 Minuten\" \/>\n<script type=\"application\/ld+json\" class=\"yoast-schema-graph\">{\"@context\":\"https:\/\/schema.org\",\"@graph\":[{\"@type\":\"WebPage\",\"@id\":\"https:\/\/www.csj-emballages.com\/de\/produit\/vakuumbeutel-aufbewahrung-gepraegt-25-x-70-cm-100-%c2%b5-per-100\/\",\"url\":\"https:\/\/www.csj-emballages.com\/de\/produit\/vakuumbeutel-aufbewahrung-gepraegt-25-x-70-cm-100-%c2%b5-per-100\/\",\"name\":\"Vakuumbeutel zur Aufbewahrung gepr\u00e4gt 25 x 70 cm 100 \u00b5 per 100\",\"isPartOf\":{\"@id\":\"https:\/\/www.csj-emballages.com\/de\/#website\"},\"primaryImageOfPage\":{\"@id\":\"https:\/\/www.csj-emballages.com\/de\/produit\/vakuumbeutel-aufbewahrung-gepraegt-25-x-70-cm-100-%c2%b5-per-100\/#primaryimage\"},\"image\":{\"@id\":\"https:\/\/www.csj-emballages.com\/de\/produit\/vakuumbeutel-aufbewahrung-gepraegt-25-x-70-cm-100-%c2%b5-per-100\/#primaryimage\"},\"thumbnailUrl\":\"https:\/\/www.csj-emballages.com\/wp-content\/uploads\/2024\/03\/sac-sous-vide-gaufre.webp\",\"datePublished\":\"2025-09-24T07:18:19+00:00\",\"dateModified\":\"2026-05-05T00:20:57+00:00\",\"description\":\"Gepr\u00e4gte Vakuumbeutel zur Aufbewahrung 25 x 70 cm, St\u00e4rke 100 \u00b5. Los von 100. Perfekt f\u00fcr die dauerhafte Aufbewahrung von Fleisch, Fisch und sperrigen Lebensmitteln.\",\"breadcrumb\":{\"@id\":\"https:\/\/www.csj-emballages.com\/de\/produit\/vakuumbeutel-aufbewahrung-gepraegt-25-x-70-cm-100-%c2%b5-per-100\/#breadcrumb\"},\"inLanguage\":\"de\",\"potentialAction\":[{\"@type\":\"ReadAction\",\"target\":[\"https:\/\/www.csj-emballages.com\/de\/produit\/vakuumbeutel-aufbewahrung-gepraegt-25-x-70-cm-100-%c2%b5-per-100\/\"]}]},{\"@type\":\"ImageObject\",\"inLanguage\":\"de\",\"@id\":\"https:\/\/www.csj-emballages.com\/de\/produit\/vakuumbeutel-aufbewahrung-gepraegt-25-x-70-cm-100-%c2%b5-per-100\/#primaryimage\",\"url\":\"https:\/\/www.csj-emballages.com\/wp-content\/uploads\/2024\/03\/sac-sous-vide-gaufre.webp\",\"contentUrl\":\"https:\/\/www.csj-emballages.com\/wp-content\/uploads\/2024\/03\/sac-sous-vide-gaufre.webp\",\"width\":800,\"height\":800,\"caption\":\"Sac sous vide\"},{\"@type\":\"BreadcrumbList\",\"@id\":\"https:\/\/www.csj-emballages.com\/de\/produit\/vakuumbeutel-aufbewahrung-gepraegt-25-x-70-cm-100-%c2%b5-per-100\/#breadcrumb\",\"itemListElement\":[{\"@type\":\"ListItem\",\"position\":1,\"name\":\"Accueil\",\"item\":\"https:\/\/www.csj-emballages.com\/de\/universum-lebensmittelverpackungen\/\"},{\"@type\":\"ListItem\",\"position\":2,\"name\":\"Shop\",\"item\":\"https:\/\/www.csj-emballages.com\/shop\/\"},{\"@type\":\"ListItem\",\"position\":3,\"name\":\"Vakuumbeutel Aufbewahrung gepr\u00e4gt 25 x 70 cm 100 \u00b5 per 100\"}]},{\"@type\":\"WebSite\",\"@id\":\"https:\/\/www.csj-emballages.com\/de\/#website\",\"url\":\"https:\/\/www.csj-emballages.com\/de\/\",\"name\":\"CSJ Emballages\",\"description\":\"\",\"publisher\":{\"@id\":\"https:\/\/www.csj-emballages.com\/de\/#organization\"},\"potentialAction\":[{\"@type\":\"SearchAction\",\"target\":{\"@type\":\"EntryPoint\",\"urlTemplate\":\"https:\/\/www.csj-emballages.com\/de\/?s={search_term_string}\"},\"query-input\":{\"@type\":\"PropertyValueSpecification\",\"valueRequired\":true,\"valueName\":\"search_term_string\"}}],\"inLanguage\":\"de\"},{\"@type\":\"Organization\",\"@id\":\"https:\/\/www.csj-emballages.com\/de\/#Organization\/\",\"name\":\"CSJ Emballages\",\"url\":\"https:\/\/www.csj-emballages.com\/de\/\",\"logo\":{\"@type\":\"ImageObject\",\"inLanguage\":\"de\",\"@id\":\"https:\/\/www.csj-emballages.com\/de\/#\/schema\/logo\/image\/\",\"url\":\"https:\/\/www.csj-emballages.com\/wp-content\/uploads\/2023\/10\/logo_csj.webp\",\"contentUrl\":\"https:\/\/www.csj-emballages.com\/wp-content\/uploads\/2023\/10\/logo_csj.webp\",\"width\":250,\"height\":95,\"caption\":\"CSJ Emballages\"},\"image\":{\"@id\":\"https:\/\/www.csj-emballages.com\/de\/#\/schema\/logo\/image\/\"},\"sameAs\":[\"https:\/\/www.facebook.com\/csjemballages\"],\"address\":{\"@type\":\"PostalAddress\",\"streetAddress\":\"ZI La Lechere\",\"addressLocality\":\"Patornay\",\"postalCode\":\"39130\",\"addressCountry\":\"FR\"},\"contactPoint\":[{\"@type\":\"ContactPoint\",\"contactType\":\"Service client\",\"telephone\":\"0384254272\",\"email\":\"contact@csj-emballages.com\"}]}]}<\/script>\n<!-- \/ Yoast SEO Premium plugin. -->","yoast_head_json":{"title":"Vakuumbeutel zur Aufbewahrung gepr\u00e4gt 25 x 70 cm 100 \u00b5 per 100","description":"Gepr\u00e4gte Vakuumbeutel zur Aufbewahrung 25 x 70 cm, St\u00e4rke 100 \u00b5. Los von 100. Perfekt f\u00fcr die dauerhafte Aufbewahrung von Fleisch, Fisch und sperrigen Lebensmitteln.","robots":{"index":"index","follow":"follow","max-snippet":"max-snippet:-1","max-image-preview":"max-image-preview:large","max-video-preview":"max-video-preview:-1"},"canonical":"https:\/\/www.csj-emballages.com\/de\/produit\/vakuumbeutel-aufbewahrung-gepraegt-25-x-70-cm-100-%c2%b5-per-100\/","og_locale":"de_DE","og_type":"article","og_title":"Vakuumbeutel Aufbewahrung gepr\u00e4gt 25 x 70 cm 100 \u00b5 per 100","og_description":"Gepr\u00e4gte Vakuumbeutel zur Aufbewahrung 25 x 70 cm, St\u00e4rke 100 \u00b5. Los von 100. Perfekt f\u00fcr die dauerhafte Aufbewahrung von Fleisch, Fisch und sperrigen Lebensmitteln.","og_url":"https:\/\/www.csj-emballages.com\/de\/produit\/vakuumbeutel-aufbewahrung-gepraegt-25-x-70-cm-100-%c2%b5-per-100\/","og_site_name":"CSJ Emballages","article_publisher":"https:\/\/www.facebook.com\/csjemballages","article_modified_time":"2026-05-05T00:20:57+00:00","og_image":[{"width":800,"height":800,"url":"https:\/\/www.csj-emballages.com\/wp-content\/uploads\/2024\/03\/sac-sous-vide-gaufre.webp","type":"image\/webp"}],"twitter_card":"summary_large_image","twitter_misc":{"Gesch\u00e4tzte Lesezeit":"2 Minuten"},"schema":{"@context":"https:\/\/schema.org","@graph":[{"@type":"WebPage","@id":"https:\/\/www.csj-emballages.com\/de\/produit\/vakuumbeutel-aufbewahrung-gepraegt-25-x-70-cm-100-%c2%b5-per-100\/","url":"https:\/\/www.csj-emballages.com\/de\/produit\/vakuumbeutel-aufbewahrung-gepraegt-25-x-70-cm-100-%c2%b5-per-100\/","name":"Vakuumbeutel zur Aufbewahrung gepr\u00e4gt 25 x 70 cm 100 \u00b5 per 100","isPartOf":{"@id":"https:\/\/www.csj-emballages.com\/de\/#website"},"primaryImageOfPage":{"@id":"https:\/\/www.csj-emballages.com\/de\/produit\/vakuumbeutel-aufbewahrung-gepraegt-25-x-70-cm-100-%c2%b5-per-100\/#primaryimage"},"image":{"@id":"https:\/\/www.csj-emballages.com\/de\/produit\/vakuumbeutel-aufbewahrung-gepraegt-25-x-70-cm-100-%c2%b5-per-100\/#primaryimage"},"thumbnailUrl":"https:\/\/www.csj-emballages.com\/wp-content\/uploads\/2024\/03\/sac-sous-vide-gaufre.webp","datePublished":"2025-09-24T07:18:19+00:00","dateModified":"2026-05-05T00:20:57+00:00","description":"Gepr\u00e4gte Vakuumbeutel zur Aufbewahrung 25 x 70 cm, St\u00e4rke 100 \u00b5. Los von 100. Perfekt f\u00fcr die dauerhafte Aufbewahrung von Fleisch, Fisch und sperrigen Lebensmitteln.","breadcrumb":{"@id":"https:\/\/www.csj-emballages.com\/de\/produit\/vakuumbeutel-aufbewahrung-gepraegt-25-x-70-cm-100-%c2%b5-per-100\/#breadcrumb"},"inLanguage":"de","potentialAction":[{"@type":"ReadAction","target":["https:\/\/www.csj-emballages.com\/de\/produit\/vakuumbeutel-aufbewahrung-gepraegt-25-x-70-cm-100-%c2%b5-per-100\/"]}]},{"@type":"ImageObject","inLanguage":"de","@id":"https:\/\/www.csj-emballages.com\/de\/produit\/vakuumbeutel-aufbewahrung-gepraegt-25-x-70-cm-100-%c2%b5-per-100\/#primaryimage","url":"https:\/\/www.csj-emballages.com\/wp-content\/uploads\/2024\/03\/sac-sous-vide-gaufre.webp","contentUrl":"https:\/\/www.csj-emballages.com\/wp-content\/uploads\/2024\/03\/sac-sous-vide-gaufre.webp","width":800,"height":800,"caption":"Sac sous vide"},{"@type":"BreadcrumbList","@id":"https:\/\/www.csj-emballages.com\/de\/produit\/vakuumbeutel-aufbewahrung-gepraegt-25-x-70-cm-100-%c2%b5-per-100\/#breadcrumb","itemListElement":[{"@type":"ListItem","position":1,"name":"Accueil","item":"https:\/\/www.csj-emballages.com\/de\/universum-lebensmittelverpackungen\/"},{"@type":"ListItem","position":2,"name":"Shop","item":"https:\/\/www.csj-emballages.com\/shop\/"},{"@type":"ListItem","position":3,"name":"Vakuumbeutel Aufbewahrung gepr\u00e4gt 25 x 70 cm 100 \u00b5 per 100"}]},{"@type":"WebSite","@id":"https:\/\/www.csj-emballages.com\/de\/#website","url":"https:\/\/www.csj-emballages.com\/de\/","name":"CSJ Emballages","description":"","publisher":{"@id":"https:\/\/www.csj-emballages.com\/de\/#organization"},"potentialAction":[{"@type":"SearchAction","target":{"@type":"EntryPoint","urlTemplate":"https:\/\/www.csj-emballages.com\/de\/?s={search_term_string}"},"query-input":{"@type":"PropertyValueSpecification","valueRequired":true,"valueName":"search_term_string"}}],"inLanguage":"de"},{"@type":"Organization","@id":"https:\/\/www.csj-emballages.com\/de\/#Organization\/","name":"CSJ Emballages","url":"https:\/\/www.csj-emballages.com\/de\/","logo":{"@type":"ImageObject","inLanguage":"de","@id":"https:\/\/www.csj-emballages.com\/de\/#\/schema\/logo\/image\/","url":"https:\/\/www.csj-emballages.com\/wp-content\/uploads\/2023\/10\/logo_csj.webp","contentUrl":"https:\/\/www.csj-emballages.com\/wp-content\/uploads\/2023\/10\/logo_csj.webp","width":250,"height":95,"caption":"CSJ Emballages"},"image":{"@id":"https:\/\/www.csj-emballages.com\/de\/#\/schema\/logo\/image\/"},"sameAs":["https:\/\/www.facebook.com\/csjemballages"],"address":{"@type":"PostalAddress","streetAddress":"ZI La Lechere","addressLocality":"Patornay","postalCode":"39130","addressCountry":"FR"},"contactPoint":[{"@type":"ContactPoint","contactType":"Service client","telephone":"0384254272","email":"contact@csj-emballages.com"}]}]}},"df_price":42.84,"df_sale_price":"","df_regular_price":42.84,"df_image_link":"https:\/\/www.csj-emballages.com\/wp-content\/uploads\/2024\/03\/sac-sous-vide-gaufre-300x300.webp","tiered_pricing_type":"fixed","tiered_pricing_fixed_rules":[],"tiered_pricing_percentage_rules":[],"tiered_pricing_minimum":1,"tiered_pricing_roles_data":[],"_links":{"self":[{"href":"https:\/\/www.csj-emballages.com\/de\/wp-json\/wp\/v2\/product\/255656","targetHints":{"allow":["GET"]}}],"collection":[{"href":"https:\/\/www.csj-emballages.com\/de\/wp-json\/wp\/v2\/product"}],"about":[{"href":"https:\/\/www.csj-emballages.com\/de\/wp-json\/wp\/v2\/types\/product"}],"wp:featuredmedia":[{"embeddable":true,"href":"https:\/\/www.csj-emballages.com\/de\/wp-json\/wp\/v2\/media\/227295"}],"wp:attachment":[{"href":"https:\/\/www.csj-emballages.com\/de\/wp-json\/wp\/v2\/media?parent=255656"}],"wp:term":[{"taxonomy":"product_brand","embeddable":true,"href":"https:\/\/www.csj-emballages.com\/de\/wp-json\/wp\/v2\/product_brand?post=255656"},{"taxonomy":"product_cat","embeddable":true,"href":"https:\/\/www.csj-emballages.com\/de\/wp-json\/wp\/v2\/product_cat?post=255656"},{"taxonomy":"product_tag","embeddable":true,"href":"https:\/\/www.csj-emballages.com\/de\/wp-json\/wp\/v2\/product_tag?post=255656"}],"curies":[{"name":"wp","href":"https:\/\/api.w.org\/{rel}","templated":true}]}}