{"id":255119,"date":"2025-10-22T14:18:17","date_gmt":"2025-10-22T12:18:17","guid":{"rendered":"https:\/\/www.csj-emballages.com\/produit\/kraftpapierfriese-1-kg\/"},"modified":"2026-04-09T02:11:39","modified_gmt":"2026-04-09T00:11:39","slug":"kraftpapierfriese-1-kg","status":"publish","type":"product","link":"https:\/\/www.csj-emballages.com\/de\/produit\/kraftpapierfriese-1-kg\/","title":{"rendered":"Kraftpapierfriese 1 kg"},"content":{"rendered":"<h2 class=\"p1\">Papierkrause<\/h2>\n<hr>\n<h3>Beschreibung unserer Kraftpapierkr\u00e4uselung 1 kg<\/h3>\n<p><!--more--><\/p>\n<p data-start=\"143\" data-end=\"539\">Das <strong data-start=\"146\" data-end=\"178\">Kraftpapier-F\u00fcllmaterial 1 kg<\/strong> ist unverzichtbar, wenn Sie sch\u00f6ne Pakete unkompliziert gestalten m\u00f6chten. Sie sch\u00fctzt, sie keilt aus und vor allem verleiht sie Ihren Verpackungen sofort einen gepflegten und warmen Look. Egal, ob Sie zerbrechliche Waren verschicken, Gourmetk\u00f6rbe f\u00fcllen oder einfach nur eine sch\u00f6ne Pr\u00e4sentation machen wollen, sie macht wirklich den Unterschied.<\/p>\n<p data-start=\"541\" data-end=\"917\">Auch sein <strong>Kraft-Look<\/strong> kommt \u00fcberall an. Er passt sowohl in nat\u00fcrliche als auch in moderne Umgebungen. Sie k\u00f6nnen es f\u00fcr handwerkliche Kreationen, Lebensmittel, Flaschen oder sogar f\u00fcr dekorative Gegenst\u00e4nde verwenden. Dank seines geringen Gewichts und seiner guten Haltbarkeit absorbiert es St\u00f6\u00dfe, ohne zu zerdr\u00fccken, was dazu beitr\u00e4gt, dass Ihre Produkte in perfektem Zustand ankommen.   <\/p>\n<p data-start=\"919\" data-end=\"1304\">Ein weiterer Vorteil ist, dass sie einfach zu benutzen ist: Sie nehmen sie, stellen sie auf, wo Sie wollen, und sie stellt sich von selbst auf. Sie f\u00fcllt den Raum gut aus und bleibt in Schachteln oder K\u00f6rben an Ort und Stelle. Da sie aus <strong>recycelbarem Papier<\/strong> hergestellt wird, ist sie au\u00dferdem Teil eines verantwortungsvolleren Ansatzes, was Ihre Kunden sicherlich bemerken werden.  <\/p>\n<p data-start=\"1306\" data-end=\"1530\">Und da ein Kilo eine ganze Menge ist, k\u00f6nnen Sie eine ganze Reihe von Paketen vorbereiten, bevor Ihnen die Vorr\u00e4te ausgehen. Das ist ideal, wenn Sie eine Boutique oder einen Online-Handel betreiben oder regelm\u00e4\u00dfig Sets zusammenstellen. <\/p>\n<p><!--more--><\/p>\n<p><strong>Vorteile :<\/strong><\/p>\n<ul>\n<li data-start=\"1557\" data-end=\"1594\">Verleiht ein sauberes und warmes Aussehen.<\/li>\n<li data-start=\"1597\" data-end=\"1624\">Sch\u00fctzt die Produkte gut.<\/li>\n<li data-start=\"1627\" data-end=\"1660\">Einfach zu verwenden und zu verteilen.<\/li>\n<li data-start=\"1663\" data-end=\"1692\"><strong>Recycelbar<\/strong>, also umweltfreundlicher.<\/li>\n<\/ul>\n<p>&nbsp;<\/p>\n<p><!--more--><\/p>\n<h4>Weitere Informationen :<\/h4>\n<ul>\n<li><strong>Verpackung<\/strong>: Packung mit 1kg<\/li>\n<li><strong>Farbe<\/strong>: Braun<\/li>\n<li><strong>Material<\/strong>: Papier<\/li>\n<\/ul>\n<p>&nbsp;<\/p>\n<p><!--more--><\/p>\n<p>Entdecken Sie auch unser Friesenholz : <span style=\"color: #d12727;\"><a style=\"color: #d12727;\" href=\"https:\/\/www.csj-emballages.com\/es\/produit\/virutas-de-madera-natural-5-kg\/\">80370<\/a><\/span><\/p>\n<p>&nbsp;<\/p>\n<p><!--more--><\/p>\n<p>Diese Papierkr\u00e4uselung in 1kg ist auch in 5kg erh\u00e4ltlich : <span style=\"color: #d12727;\"><a style=\"color: #d12727;\" href=\"https:\/\/www.csj-emballages.com\/es\/produit\/papel-kraft-rizado-5-kg\/\">80372<\/a><\/span><\/p>\n<p>&nbsp;<\/p>\n<p><!--more--><\/p>\n<p><a href=\"\/?product_cat=frisure\">Entdecken Sie unser gesamtes Sortiment an F\u00fcllmaterial<\/a><\/p>\n","protected":false},"excerpt":{"rendered":"<p>Papierkrause Beschreibung unserer Kraftpapierkr\u00e4uselung 1 kg<\/p>\n","protected":false},"featured_media":255113,"template":"","meta":{"_acf_changed":false},"product_brand":[],"product_cat":[1137,1487,3970,9389],"product_tag":[],"class_list":{"0":"post-255119","1":"product","2":"type-product","3":"status-publish","4":"has-post-thumbnail","6":"product_cat-lebensmittelverpackungen","7":"product_cat-boutique-und-geschaft","8":"product_cat-zubehor-und-ausstattung-de","9":"product_cat-krauselung","11":"first","12":"instock","13":"taxable","14":"shipping-taxable","15":"purchasable","16":"product-type-simple"},"acf":[],"yoast_head":"<!-- This site is optimized with the Yoast SEO Premium plugin v26.6 (Yoast SEO v26.6) - https:\/\/yoast.com\/wordpress\/plugins\/seo\/ -->\n<title>Kraftpapierfriese 1 kg<\/title>\n<meta name=\"description\" content=\"Kraftpapierfriese 1 kg: Perfekt zum Sch\u00fctzen, Verkeilen und Versch\u00f6nern Ihrer Pakete. Einfach, nat\u00fcrlich und ideal f\u00fcr Profis wie f\u00fcr Kreative.\" \/>\n<meta name=\"robots\" content=\"index, follow, max-snippet:-1, max-image-preview:large, max-video-preview:-1\" \/>\n<link rel=\"canonical\" href=\"https:\/\/www.csj-emballages.com\/de\/produit\/kraftpapierfriese-1-kg\/\" \/>\n<meta property=\"og:locale\" content=\"de_DE\" \/>\n<meta property=\"og:type\" content=\"article\" \/>\n<meta property=\"og:title\" content=\"Kraftpapierfriese 1 kg\" \/>\n<meta property=\"og:description\" content=\"Kraftpapierfriese 1 kg: Perfekt zum Sch\u00fctzen, Verkeilen und Versch\u00f6nern Ihrer Pakete. Einfach, nat\u00fcrlich und ideal f\u00fcr Profis wie f\u00fcr Kreative.\" \/>\n<meta property=\"og:url\" content=\"https:\/\/www.csj-emballages.com\/de\/produit\/kraftpapierfriese-1-kg\/\" \/>\n<meta property=\"og:site_name\" content=\"CSJ Emballages\" \/>\n<meta property=\"article:publisher\" content=\"https:\/\/www.facebook.com\/csjemballages\" \/>\n<meta property=\"article:modified_time\" content=\"2026-04-09T00:11:39+00:00\" \/>\n<meta property=\"og:image\" content=\"https:\/\/www.csj-emballages.com\/wp-content\/uploads\/2025\/10\/80371-1.webp\" \/>\n\t<meta property=\"og:image:width\" content=\"800\" \/>\n\t<meta property=\"og:image:height\" content=\"800\" \/>\n\t<meta property=\"og:image:type\" content=\"image\/webp\" \/>\n<meta name=\"twitter:card\" content=\"summary_large_image\" \/>\n<meta name=\"twitter:label1\" content=\"Gesch\u00e4tzte Lesezeit\" \/>\n\t<meta name=\"twitter:data1\" content=\"1\u00a0Minute\" \/>\n<script type=\"application\/ld+json\" class=\"yoast-schema-graph\">{\"@context\":\"https:\/\/schema.org\",\"@graph\":[{\"@type\":\"WebPage\",\"@id\":\"https:\/\/www.csj-emballages.com\/de\/produit\/kraftpapierfriese-1-kg\/\",\"url\":\"https:\/\/www.csj-emballages.com\/de\/produit\/kraftpapierfriese-1-kg\/\",\"name\":\"Kraftpapierfriese 1 kg\",\"isPartOf\":{\"@id\":\"https:\/\/www.csj-emballages.com\/de\/#website\"},\"primaryImageOfPage\":{\"@id\":\"https:\/\/www.csj-emballages.com\/de\/produit\/kraftpapierfriese-1-kg\/#primaryimage\"},\"image\":{\"@id\":\"https:\/\/www.csj-emballages.com\/de\/produit\/kraftpapierfriese-1-kg\/#primaryimage\"},\"thumbnailUrl\":\"https:\/\/www.csj-emballages.com\/wp-content\/uploads\/2025\/10\/80371-1.webp\",\"datePublished\":\"2025-10-22T12:18:17+00:00\",\"dateModified\":\"2026-04-09T00:11:39+00:00\",\"description\":\"Kraftpapierfriese 1 kg: Perfekt zum Sch\u00fctzen, Verkeilen und Versch\u00f6nern Ihrer Pakete. Einfach, nat\u00fcrlich und ideal f\u00fcr Profis wie f\u00fcr Kreative.\",\"breadcrumb\":{\"@id\":\"https:\/\/www.csj-emballages.com\/de\/produit\/kraftpapierfriese-1-kg\/#breadcrumb\"},\"inLanguage\":\"de\",\"potentialAction\":[{\"@type\":\"ReadAction\",\"target\":[\"https:\/\/www.csj-emballages.com\/de\/produit\/kraftpapierfriese-1-kg\/\"]}]},{\"@type\":\"ImageObject\",\"inLanguage\":\"de\",\"@id\":\"https:\/\/www.csj-emballages.com\/de\/produit\/kraftpapierfriese-1-kg\/#primaryimage\",\"url\":\"https:\/\/www.csj-emballages.com\/wp-content\/uploads\/2025\/10\/80371-1.webp\",\"contentUrl\":\"https:\/\/www.csj-emballages.com\/wp-content\/uploads\/2025\/10\/80371-1.webp\",\"width\":800,\"height\":800,\"caption\":\"Frisure de papier\"},{\"@type\":\"BreadcrumbList\",\"@id\":\"https:\/\/www.csj-emballages.com\/de\/produit\/kraftpapierfriese-1-kg\/#breadcrumb\",\"itemListElement\":[{\"@type\":\"ListItem\",\"position\":1,\"name\":\"Accueil\",\"item\":\"https:\/\/www.csj-emballages.com\/de\/universum-lebensmittelverpackungen\/\"},{\"@type\":\"ListItem\",\"position\":2,\"name\":\"Shop\",\"item\":\"https:\/\/www.csj-emballages.com\/shop\/\"},{\"@type\":\"ListItem\",\"position\":3,\"name\":\"Kraftpapierfriese 1 kg\"}]},{\"@type\":\"WebSite\",\"@id\":\"https:\/\/www.csj-emballages.com\/de\/#website\",\"url\":\"https:\/\/www.csj-emballages.com\/de\/\",\"name\":\"CSJ Emballages\",\"description\":\"\",\"publisher\":{\"@id\":\"https:\/\/www.csj-emballages.com\/de\/#organization\"},\"potentialAction\":[{\"@type\":\"SearchAction\",\"target\":{\"@type\":\"EntryPoint\",\"urlTemplate\":\"https:\/\/www.csj-emballages.com\/de\/?s={search_term_string}\"},\"query-input\":{\"@type\":\"PropertyValueSpecification\",\"valueRequired\":true,\"valueName\":\"search_term_string\"}}],\"inLanguage\":\"de\"},{\"@type\":\"Organization\",\"@id\":\"https:\/\/www.csj-emballages.com\/de\/#Organization\/\",\"name\":\"CSJ Emballages\",\"url\":\"https:\/\/www.csj-emballages.com\/de\/\",\"logo\":{\"@type\":\"ImageObject\",\"inLanguage\":\"de\",\"@id\":\"https:\/\/www.csj-emballages.com\/de\/#\/schema\/logo\/image\/\",\"url\":\"https:\/\/www.csj-emballages.com\/wp-content\/uploads\/2023\/10\/logo_csj.webp\",\"contentUrl\":\"https:\/\/www.csj-emballages.com\/wp-content\/uploads\/2023\/10\/logo_csj.webp\",\"width\":250,\"height\":95,\"caption\":\"CSJ Emballages\"},\"image\":{\"@id\":\"https:\/\/www.csj-emballages.com\/de\/#\/schema\/logo\/image\/\"},\"sameAs\":[\"https:\/\/www.facebook.com\/csjemballages\"],\"address\":{\"@type\":\"PostalAddress\",\"streetAddress\":\"ZI La Lechere\",\"addressLocality\":\"Patornay\",\"postalCode\":\"39130\",\"addressCountry\":\"FR\"},\"contactPoint\":[{\"@type\":\"ContactPoint\",\"contactType\":\"Service client\",\"telephone\":\"0384254272\",\"email\":\"contact@csj-emballages.com\"}]}]}<\/script>\n<!-- \/ Yoast SEO Premium plugin. -->","yoast_head_json":{"title":"Kraftpapierfriese 1 kg","description":"Kraftpapierfriese 1 kg: Perfekt zum Sch\u00fctzen, Verkeilen und Versch\u00f6nern Ihrer Pakete. Einfach, nat\u00fcrlich und ideal f\u00fcr Profis wie f\u00fcr Kreative.","robots":{"index":"index","follow":"follow","max-snippet":"max-snippet:-1","max-image-preview":"max-image-preview:large","max-video-preview":"max-video-preview:-1"},"canonical":"https:\/\/www.csj-emballages.com\/de\/produit\/kraftpapierfriese-1-kg\/","og_locale":"de_DE","og_type":"article","og_title":"Kraftpapierfriese 1 kg","og_description":"Kraftpapierfriese 1 kg: Perfekt zum Sch\u00fctzen, Verkeilen und Versch\u00f6nern Ihrer Pakete. Einfach, nat\u00fcrlich und ideal f\u00fcr Profis wie f\u00fcr Kreative.","og_url":"https:\/\/www.csj-emballages.com\/de\/produit\/kraftpapierfriese-1-kg\/","og_site_name":"CSJ Emballages","article_publisher":"https:\/\/www.facebook.com\/csjemballages","article_modified_time":"2026-04-09T00:11:39+00:00","og_image":[{"width":800,"height":800,"url":"https:\/\/www.csj-emballages.com\/wp-content\/uploads\/2025\/10\/80371-1.webp","type":"image\/webp"}],"twitter_card":"summary_large_image","twitter_misc":{"Gesch\u00e4tzte Lesezeit":"1\u00a0Minute"},"schema":{"@context":"https:\/\/schema.org","@graph":[{"@type":"WebPage","@id":"https:\/\/www.csj-emballages.com\/de\/produit\/kraftpapierfriese-1-kg\/","url":"https:\/\/www.csj-emballages.com\/de\/produit\/kraftpapierfriese-1-kg\/","name":"Kraftpapierfriese 1 kg","isPartOf":{"@id":"https:\/\/www.csj-emballages.com\/de\/#website"},"primaryImageOfPage":{"@id":"https:\/\/www.csj-emballages.com\/de\/produit\/kraftpapierfriese-1-kg\/#primaryimage"},"image":{"@id":"https:\/\/www.csj-emballages.com\/de\/produit\/kraftpapierfriese-1-kg\/#primaryimage"},"thumbnailUrl":"https:\/\/www.csj-emballages.com\/wp-content\/uploads\/2025\/10\/80371-1.webp","datePublished":"2025-10-22T12:18:17+00:00","dateModified":"2026-04-09T00:11:39+00:00","description":"Kraftpapierfriese 1 kg: Perfekt zum Sch\u00fctzen, Verkeilen und Versch\u00f6nern Ihrer Pakete. Einfach, nat\u00fcrlich und ideal f\u00fcr Profis wie f\u00fcr Kreative.","breadcrumb":{"@id":"https:\/\/www.csj-emballages.com\/de\/produit\/kraftpapierfriese-1-kg\/#breadcrumb"},"inLanguage":"de","potentialAction":[{"@type":"ReadAction","target":["https:\/\/www.csj-emballages.com\/de\/produit\/kraftpapierfriese-1-kg\/"]}]},{"@type":"ImageObject","inLanguage":"de","@id":"https:\/\/www.csj-emballages.com\/de\/produit\/kraftpapierfriese-1-kg\/#primaryimage","url":"https:\/\/www.csj-emballages.com\/wp-content\/uploads\/2025\/10\/80371-1.webp","contentUrl":"https:\/\/www.csj-emballages.com\/wp-content\/uploads\/2025\/10\/80371-1.webp","width":800,"height":800,"caption":"Frisure de papier"},{"@type":"BreadcrumbList","@id":"https:\/\/www.csj-emballages.com\/de\/produit\/kraftpapierfriese-1-kg\/#breadcrumb","itemListElement":[{"@type":"ListItem","position":1,"name":"Accueil","item":"https:\/\/www.csj-emballages.com\/de\/universum-lebensmittelverpackungen\/"},{"@type":"ListItem","position":2,"name":"Shop","item":"https:\/\/www.csj-emballages.com\/shop\/"},{"@type":"ListItem","position":3,"name":"Kraftpapierfriese 1 kg"}]},{"@type":"WebSite","@id":"https:\/\/www.csj-emballages.com\/de\/#website","url":"https:\/\/www.csj-emballages.com\/de\/","name":"CSJ Emballages","description":"","publisher":{"@id":"https:\/\/www.csj-emballages.com\/de\/#organization"},"potentialAction":[{"@type":"SearchAction","target":{"@type":"EntryPoint","urlTemplate":"https:\/\/www.csj-emballages.com\/de\/?s={search_term_string}"},"query-input":{"@type":"PropertyValueSpecification","valueRequired":true,"valueName":"search_term_string"}}],"inLanguage":"de"},{"@type":"Organization","@id":"https:\/\/www.csj-emballages.com\/de\/#Organization\/","name":"CSJ Emballages","url":"https:\/\/www.csj-emballages.com\/de\/","logo":{"@type":"ImageObject","inLanguage":"de","@id":"https:\/\/www.csj-emballages.com\/de\/#\/schema\/logo\/image\/","url":"https:\/\/www.csj-emballages.com\/wp-content\/uploads\/2023\/10\/logo_csj.webp","contentUrl":"https:\/\/www.csj-emballages.com\/wp-content\/uploads\/2023\/10\/logo_csj.webp","width":250,"height":95,"caption":"CSJ Emballages"},"image":{"@id":"https:\/\/www.csj-emballages.com\/de\/#\/schema\/logo\/image\/"},"sameAs":["https:\/\/www.facebook.com\/csjemballages"],"address":{"@type":"PostalAddress","streetAddress":"ZI La Lechere","addressLocality":"Patornay","postalCode":"39130","addressCountry":"FR"},"contactPoint":[{"@type":"ContactPoint","contactType":"Service client","telephone":"0384254272","email":"contact@csj-emballages.com"}]}]}},"df_price":6.17,"df_sale_price":"","df_regular_price":6.17,"df_image_link":"https:\/\/www.csj-emballages.com\/wp-content\/uploads\/2025\/10\/80371-1-300x300.webp","tiered_pricing_type":"fixed","tiered_pricing_fixed_rules":[],"tiered_pricing_percentage_rules":[],"tiered_pricing_minimum":1,"tiered_pricing_roles_data":[],"_links":{"self":[{"href":"https:\/\/www.csj-emballages.com\/de\/wp-json\/wp\/v2\/product\/255119","targetHints":{"allow":["GET"]}}],"collection":[{"href":"https:\/\/www.csj-emballages.com\/de\/wp-json\/wp\/v2\/product"}],"about":[{"href":"https:\/\/www.csj-emballages.com\/de\/wp-json\/wp\/v2\/types\/product"}],"wp:featuredmedia":[{"embeddable":true,"href":"https:\/\/www.csj-emballages.com\/de\/wp-json\/wp\/v2\/media\/255113"}],"wp:attachment":[{"href":"https:\/\/www.csj-emballages.com\/de\/wp-json\/wp\/v2\/media?parent=255119"}],"wp:term":[{"taxonomy":"product_brand","embeddable":true,"href":"https:\/\/www.csj-emballages.com\/de\/wp-json\/wp\/v2\/product_brand?post=255119"},{"taxonomy":"product_cat","embeddable":true,"href":"https:\/\/www.csj-emballages.com\/de\/wp-json\/wp\/v2\/product_cat?post=255119"},{"taxonomy":"product_tag","embeddable":true,"href":"https:\/\/www.csj-emballages.com\/de\/wp-json\/wp\/v2\/product_tag?post=255119"}],"curies":[{"name":"wp","href":"https:\/\/api.w.org\/{rel}","templated":true}]}}