{"id":254607,"date":"2025-10-20T17:18:20","date_gmt":"2025-10-20T15:18:20","guid":{"rendered":"https:\/\/www.csj-emballages.com\/produit\/kraft-doypack-beutel-130-x-220-70-mm-pro-50\/"},"modified":"2026-04-03T02:15:50","modified_gmt":"2026-04-03T00:15:50","slug":"kraft-doypack-beutel-130-x-220-70-mm-pro-50","status":"publish","type":"product","link":"https:\/\/www.csj-emballages.com\/de\/produit\/kraft-doypack-beutel-130-x-220-70-mm-pro-50\/","title":{"rendered":"Kraft Doypack Beutel 130 x 220 + 70 mm pro 50"},"content":{"rendered":"<h2 class=\"p1\">Doypack-Beutel<\/h2>\n<hr>\n<h3>Beschreibung von unserem Doypack Kraft Beutel 130 x 220 + 70 mm pro 50<\/h3>\n<p><!--more--><\/p>\n<p data-start=\"255\" data-end=\"779\">Der <strong data-start=\"258\" data-end=\"299\">Doypack Kraftbeutel 130 x 220 + 70 mm<\/strong> ist genau die Art von Verpackung, die man im Alltag gerne verwendet: einfach, praktisch und wirklich sch\u00f6n. Dank seines <strong data-start=\"418\" data-end=\"439\">braunen Kraftpapiers<\/strong> verleiht er Ihren Produkten sofort eine nat\u00fcrliche und authentische Note. Da er zudem <strong data-start=\"535\" data-end=\"549\">wiederverschlie\u00dfbar<\/strong> ist, k\u00f6nnen Sie den Beutel so oft \u00f6ffnen und schlie\u00dfen, wie Sie m\u00f6chten, ohne seinen Inhalt zu besch\u00e4digen. Dies erm\u00f6glicht nicht nur, die Frische l\u00e4nger zu bewahren, sondern beruhigt auch Ihre Kunden hinsichtlich der Qualit\u00e4t Ihrer Produkte.<\/p>\n<p data-start=\"781\" data-end=\"1116\">Und dann ist da noch sein <strong data-start=\"800\" data-end=\"831\">gro\u00dfes transparentes Fenster<\/strong>. Es pr\u00e4sentiert das Produkt, ohne dass der Beutel ge\u00f6ffnet werden muss, was besonders n\u00fctzlich ist f\u00fcr Gew\u00fcrze, Tee, Trockenfr\u00fcchte, S\u00fc\u00dfigkeiten oder sogar feste Kosmetika. Da die Optik beim Kauf sehr wichtig ist, macht dieses <strong>kleine Fenster<\/strong> wirklich den Unterschied.<\/p>\n<p data-start=\"1118\" data-end=\"1419\">Zudem ist dieser <strong>Doypack-Beutel<\/strong> ein <strong data-start=\"1157\" data-end=\"1169\">Standbodenbeutel<\/strong>, was bedeutet, dass er von selbst steht. So sparen Sie Platz und Ihre Regale bleiben gut organisiert. Er ist auch eine gro\u00dfartige Alternative zu Glasgef\u00e4\u00dfen oder Metalldosen: leichter, flexibler und vor allem wirtschaftlicher.<\/p>\n<p data-start=\"1421\" data-end=\"1764\">Auf der R\u00fcckseite haben Sie ausreichend Platz, um Ihre <strong data-start=\"1480\" data-end=\"1509\">personalisierten Etiketten<\/strong> anzubringen. Ob Ihr Logo, die Inhaltsstoffe, die N\u00e4hrwerte oder das Verfallsdatum \u2013 alles findet ordentlich seinen Platz. Das ist perfekt f\u00fcr Handwerker, Produzenten oder Gesch\u00e4fte, die eine professionelle Verpackung w\u00fcnschen, ohne sich das Leben schwer zu machen.<\/p>\n<p data-start=\"1766\" data-end=\"1921\">Schlie\u00dflich k\u00f6nnen Sie mit diesem Set von <strong data-start=\"1788\" data-end=\"1802\">50 Beuteln<\/strong> eine Vielzahl von Produkten einfach und schnell verpacken und dabei immer noch professionell aussehen.<\/p>\n<p><!--more--><\/p>\n<p><strong>Vorteile :<\/strong><\/p>\n<ul>\n<li data-start=\"1947\" data-end=\"1974\">Nat\u00fcrliches und modernes Aussehen.<\/li>\n<li data-start=\"1977\" data-end=\"2004\">Praktischer Verschluss.<\/li>\n<li data-start=\"2007\" data-end=\"2036\"><strong>Gro\u00dfes <\/strong>, durchsichtiges <strong>Fenster <\/strong>.<\/li>\n<li data-start=\"2039\" data-end=\"2063\">Steht selbstst\u00e4ndig.<\/li>\n<li data-start=\"2066\" data-end=\"2102\">Ideal f\u00fcr Ihre Etiketten und Logos.<\/li>\n<\/ul>\n<p>&nbsp;<\/p>\n<p><!--more--><\/p>\n<h4>Weitere Informationen :<\/h4>\n<ul>\n<li><strong>Verpackung<\/strong>: Packung mit 50 St\u00fcck<\/li>\n<li><strong>Ma\u00dfe<\/strong>: 130 x 220 + 70 mm<\/li>\n<li><strong>Farbe<\/strong>: Braun<\/li>\n<li><strong>Volumen<\/strong>: 500 ml<\/li>\n<li><strong>Material<\/strong>: Papier \/ PP<\/li>\n<\/ul>\n<p>&nbsp;<\/p>\n<p><!--more--><\/p>\n<p>Diese Doypack-Beutel sind in verschiedenen Gr\u00f6\u00dfen erh\u00e4ltlich : <span style=\"color: #d12727;\"><a style=\"color: #d12727;\" href=\"https:\/\/www.csj-emballages.com\/pt-pt\/produit\/saco-kraft-doypack-80-x-140-50-mm-por-50\/\">80 x 140 + 50 mm<\/a><\/span> \/ <span style=\"color: #d12727;\"><a style=\"color: #d12727;\" href=\"https:\/\/www.csj-emballages.com\/es\/produit\/bolsas-kraft-doypack-110-x-190-70-mm-paquete-de-50\/\">110 x 190 + 70 mm<\/a><\/span> \/ <span style=\"color: #d12727;\"><a style=\"color: #d12727;\" href=\"https:\/\/www.csj-emballages.com\/es\/produit\/bolsas-kraft-doypack-160-x-270-70-mm-paquete-de-50\/\">160 x 270 + 70 mm<\/a><\/span><\/p>\n<p>&nbsp;<\/p>\n<p><!--more--><\/p>\n<p><a href=\"https:\/\/www.csj-emballages.com\/de\/categorie-produit\/lebensmittelverpackungen\/backerei-und-konditorei\/sacke-beutel-und-papier\/beutel-fur-suswaren\/doypack-beutel\/\">Entdecken Sie den Rest unseres Doypack-Beutel-Sortiments<\/a><\/p>\n","protected":false},"excerpt":{"rendered":"<p>Doypack-Beutel Beschreibung von unserem Doypack Kraft Beutel 130 x 220 + 70 mm pro 50<\/p>\n","protected":false},"featured_media":254613,"template":"","meta":{"_acf_changed":false},"product_brand":[],"product_cat":[1137,1171,3967,1678,10112],"product_tag":[],"class_list":{"0":"post-254607","1":"product","2":"type-product","3":"status-publish","4":"has-post-thumbnail","6":"product_cat-lebensmittelverpackungen","7":"product_cat-backerei-und-konditorei","8":"product_cat-sacke-beutel-und-papier","9":"product_cat-beutel-fur-suswaren","10":"product_cat-doypack-beutel","12":"first","13":"instock","14":"featured","15":"taxable","16":"shipping-taxable","17":"purchasable","18":"product-type-simple"},"acf":[],"yoast_head":"<!-- This site is optimized with the Yoast SEO Premium plugin v26.6 (Yoast SEO v26.6) - https:\/\/yoast.com\/wordpress\/plugins\/seo\/ -->\n<title>Doypack Kraft 130 x 220 + 70 mm Beutel pro 50<\/title>\n<meta name=\"description\" content=\"Kraft-Doypack-Beutel 130 x 220 + 70 mm mit Fenster und Rei\u00dfverschluss. Los von 50. Ideal f\u00fcr Lebensmittel und handwerkliche Produkte.\" \/>\n<meta name=\"robots\" content=\"index, follow, max-snippet:-1, max-image-preview:large, max-video-preview:-1\" \/>\n<link rel=\"canonical\" href=\"https:\/\/www.csj-emballages.com\/de\/produit\/kraft-doypack-beutel-130-x-220-70-mm-pro-50\/\" \/>\n<meta property=\"og:locale\" content=\"de_DE\" \/>\n<meta property=\"og:type\" content=\"article\" \/>\n<meta property=\"og:title\" content=\"Kraft Doypack Beutel 130 x 220 + 70 mm pro 50\" \/>\n<meta property=\"og:description\" content=\"Kraft-Doypack-Beutel 130 x 220 + 70 mm mit Fenster und Rei\u00dfverschluss. Los von 50. Ideal f\u00fcr Lebensmittel und handwerkliche Produkte.\" \/>\n<meta property=\"og:url\" content=\"https:\/\/www.csj-emballages.com\/de\/produit\/kraft-doypack-beutel-130-x-220-70-mm-pro-50\/\" \/>\n<meta property=\"og:site_name\" content=\"CSJ Emballages\" \/>\n<meta property=\"article:publisher\" content=\"https:\/\/www.facebook.com\/csjemballages\" \/>\n<meta property=\"article:modified_time\" content=\"2026-04-03T00:15:50+00:00\" \/>\n<meta property=\"og:image\" content=\"https:\/\/www.csj-emballages.com\/wp-content\/uploads\/2025\/10\/DOYPACK3.webp\" \/>\n\t<meta property=\"og:image:width\" content=\"800\" \/>\n\t<meta property=\"og:image:height\" content=\"800\" \/>\n\t<meta property=\"og:image:type\" content=\"image\/webp\" \/>\n<meta name=\"twitter:card\" content=\"summary_large_image\" \/>\n<meta name=\"twitter:label1\" content=\"Gesch\u00e4tzte Lesezeit\" \/>\n\t<meta name=\"twitter:data1\" content=\"2 Minuten\" \/>\n<script type=\"application\/ld+json\" class=\"yoast-schema-graph\">{\"@context\":\"https:\/\/schema.org\",\"@graph\":[{\"@type\":\"WebPage\",\"@id\":\"https:\/\/www.csj-emballages.com\/de\/produit\/kraft-doypack-beutel-130-x-220-70-mm-pro-50\/\",\"url\":\"https:\/\/www.csj-emballages.com\/de\/produit\/kraft-doypack-beutel-130-x-220-70-mm-pro-50\/\",\"name\":\"Doypack Kraft 130 x 220 + 70 mm Beutel pro 50\",\"isPartOf\":{\"@id\":\"https:\/\/www.csj-emballages.com\/de\/#website\"},\"primaryImageOfPage\":{\"@id\":\"https:\/\/www.csj-emballages.com\/de\/produit\/kraft-doypack-beutel-130-x-220-70-mm-pro-50\/#primaryimage\"},\"image\":{\"@id\":\"https:\/\/www.csj-emballages.com\/de\/produit\/kraft-doypack-beutel-130-x-220-70-mm-pro-50\/#primaryimage\"},\"thumbnailUrl\":\"https:\/\/www.csj-emballages.com\/wp-content\/uploads\/2025\/10\/DOYPACK3.webp\",\"datePublished\":\"2025-10-20T15:18:20+00:00\",\"dateModified\":\"2026-04-03T00:15:50+00:00\",\"description\":\"Kraft-Doypack-Beutel 130 x 220 + 70 mm mit Fenster und Rei\u00dfverschluss. Los von 50. Ideal f\u00fcr Lebensmittel und handwerkliche Produkte.\",\"breadcrumb\":{\"@id\":\"https:\/\/www.csj-emballages.com\/de\/produit\/kraft-doypack-beutel-130-x-220-70-mm-pro-50\/#breadcrumb\"},\"inLanguage\":\"de\",\"potentialAction\":[{\"@type\":\"ReadAction\",\"target\":[\"https:\/\/www.csj-emballages.com\/de\/produit\/kraft-doypack-beutel-130-x-220-70-mm-pro-50\/\"]}]},{\"@type\":\"ImageObject\",\"inLanguage\":\"de\",\"@id\":\"https:\/\/www.csj-emballages.com\/de\/produit\/kraft-doypack-beutel-130-x-220-70-mm-pro-50\/#primaryimage\",\"url\":\"https:\/\/www.csj-emballages.com\/wp-content\/uploads\/2025\/10\/DOYPACK3.webp\",\"contentUrl\":\"https:\/\/www.csj-emballages.com\/wp-content\/uploads\/2025\/10\/DOYPACK3.webp\",\"width\":800,\"height\":800,\"caption\":\"Sachet Doypack\"},{\"@type\":\"BreadcrumbList\",\"@id\":\"https:\/\/www.csj-emballages.com\/de\/produit\/kraft-doypack-beutel-130-x-220-70-mm-pro-50\/#breadcrumb\",\"itemListElement\":[{\"@type\":\"ListItem\",\"position\":1,\"name\":\"Accueil\",\"item\":\"https:\/\/www.csj-emballages.com\/de\/universum-lebensmittelverpackungen\/\"},{\"@type\":\"ListItem\",\"position\":2,\"name\":\"Shop\",\"item\":\"https:\/\/www.csj-emballages.com\/shop\/\"},{\"@type\":\"ListItem\",\"position\":3,\"name\":\"Kraft Doypack Beutel 130 x 220 + 70 mm pro 50\"}]},{\"@type\":\"WebSite\",\"@id\":\"https:\/\/www.csj-emballages.com\/de\/#website\",\"url\":\"https:\/\/www.csj-emballages.com\/de\/\",\"name\":\"CSJ Emballages\",\"description\":\"\",\"publisher\":{\"@id\":\"https:\/\/www.csj-emballages.com\/de\/#organization\"},\"potentialAction\":[{\"@type\":\"SearchAction\",\"target\":{\"@type\":\"EntryPoint\",\"urlTemplate\":\"https:\/\/www.csj-emballages.com\/de\/?s={search_term_string}\"},\"query-input\":{\"@type\":\"PropertyValueSpecification\",\"valueRequired\":true,\"valueName\":\"search_term_string\"}}],\"inLanguage\":\"de\"},{\"@type\":\"Organization\",\"@id\":\"https:\/\/www.csj-emballages.com\/de\/#Organization\/\",\"name\":\"CSJ Emballages\",\"url\":\"https:\/\/www.csj-emballages.com\/de\/\",\"logo\":{\"@type\":\"ImageObject\",\"inLanguage\":\"de\",\"@id\":\"https:\/\/www.csj-emballages.com\/de\/#\/schema\/logo\/image\/\",\"url\":\"https:\/\/www.csj-emballages.com\/wp-content\/uploads\/2023\/10\/logo_csj.webp\",\"contentUrl\":\"https:\/\/www.csj-emballages.com\/wp-content\/uploads\/2023\/10\/logo_csj.webp\",\"width\":250,\"height\":95,\"caption\":\"CSJ Emballages\"},\"image\":{\"@id\":\"https:\/\/www.csj-emballages.com\/de\/#\/schema\/logo\/image\/\"},\"sameAs\":[\"https:\/\/www.facebook.com\/csjemballages\"],\"address\":{\"@type\":\"PostalAddress\",\"streetAddress\":\"ZI La Lechere\",\"addressLocality\":\"Patornay\",\"postalCode\":\"39130\",\"addressCountry\":\"FR\"},\"contactPoint\":[{\"@type\":\"ContactPoint\",\"contactType\":\"Service client\",\"telephone\":\"0384254272\",\"email\":\"contact@csj-emballages.com\"}]}]}<\/script>\n<!-- \/ Yoast SEO Premium plugin. -->","yoast_head_json":{"title":"Doypack Kraft 130 x 220 + 70 mm Beutel pro 50","description":"Kraft-Doypack-Beutel 130 x 220 + 70 mm mit Fenster und Rei\u00dfverschluss. Los von 50. Ideal f\u00fcr Lebensmittel und handwerkliche Produkte.","robots":{"index":"index","follow":"follow","max-snippet":"max-snippet:-1","max-image-preview":"max-image-preview:large","max-video-preview":"max-video-preview:-1"},"canonical":"https:\/\/www.csj-emballages.com\/de\/produit\/kraft-doypack-beutel-130-x-220-70-mm-pro-50\/","og_locale":"de_DE","og_type":"article","og_title":"Kraft Doypack Beutel 130 x 220 + 70 mm pro 50","og_description":"Kraft-Doypack-Beutel 130 x 220 + 70 mm mit Fenster und Rei\u00dfverschluss. Los von 50. Ideal f\u00fcr Lebensmittel und handwerkliche Produkte.","og_url":"https:\/\/www.csj-emballages.com\/de\/produit\/kraft-doypack-beutel-130-x-220-70-mm-pro-50\/","og_site_name":"CSJ Emballages","article_publisher":"https:\/\/www.facebook.com\/csjemballages","article_modified_time":"2026-04-03T00:15:50+00:00","og_image":[{"width":800,"height":800,"url":"https:\/\/www.csj-emballages.com\/wp-content\/uploads\/2025\/10\/DOYPACK3.webp","type":"image\/webp"}],"twitter_card":"summary_large_image","twitter_misc":{"Gesch\u00e4tzte Lesezeit":"2 Minuten"},"schema":{"@context":"https:\/\/schema.org","@graph":[{"@type":"WebPage","@id":"https:\/\/www.csj-emballages.com\/de\/produit\/kraft-doypack-beutel-130-x-220-70-mm-pro-50\/","url":"https:\/\/www.csj-emballages.com\/de\/produit\/kraft-doypack-beutel-130-x-220-70-mm-pro-50\/","name":"Doypack Kraft 130 x 220 + 70 mm Beutel pro 50","isPartOf":{"@id":"https:\/\/www.csj-emballages.com\/de\/#website"},"primaryImageOfPage":{"@id":"https:\/\/www.csj-emballages.com\/de\/produit\/kraft-doypack-beutel-130-x-220-70-mm-pro-50\/#primaryimage"},"image":{"@id":"https:\/\/www.csj-emballages.com\/de\/produit\/kraft-doypack-beutel-130-x-220-70-mm-pro-50\/#primaryimage"},"thumbnailUrl":"https:\/\/www.csj-emballages.com\/wp-content\/uploads\/2025\/10\/DOYPACK3.webp","datePublished":"2025-10-20T15:18:20+00:00","dateModified":"2026-04-03T00:15:50+00:00","description":"Kraft-Doypack-Beutel 130 x 220 + 70 mm mit Fenster und Rei\u00dfverschluss. Los von 50. Ideal f\u00fcr Lebensmittel und handwerkliche Produkte.","breadcrumb":{"@id":"https:\/\/www.csj-emballages.com\/de\/produit\/kraft-doypack-beutel-130-x-220-70-mm-pro-50\/#breadcrumb"},"inLanguage":"de","potentialAction":[{"@type":"ReadAction","target":["https:\/\/www.csj-emballages.com\/de\/produit\/kraft-doypack-beutel-130-x-220-70-mm-pro-50\/"]}]},{"@type":"ImageObject","inLanguage":"de","@id":"https:\/\/www.csj-emballages.com\/de\/produit\/kraft-doypack-beutel-130-x-220-70-mm-pro-50\/#primaryimage","url":"https:\/\/www.csj-emballages.com\/wp-content\/uploads\/2025\/10\/DOYPACK3.webp","contentUrl":"https:\/\/www.csj-emballages.com\/wp-content\/uploads\/2025\/10\/DOYPACK3.webp","width":800,"height":800,"caption":"Sachet Doypack"},{"@type":"BreadcrumbList","@id":"https:\/\/www.csj-emballages.com\/de\/produit\/kraft-doypack-beutel-130-x-220-70-mm-pro-50\/#breadcrumb","itemListElement":[{"@type":"ListItem","position":1,"name":"Accueil","item":"https:\/\/www.csj-emballages.com\/de\/universum-lebensmittelverpackungen\/"},{"@type":"ListItem","position":2,"name":"Shop","item":"https:\/\/www.csj-emballages.com\/shop\/"},{"@type":"ListItem","position":3,"name":"Kraft Doypack Beutel 130 x 220 + 70 mm pro 50"}]},{"@type":"WebSite","@id":"https:\/\/www.csj-emballages.com\/de\/#website","url":"https:\/\/www.csj-emballages.com\/de\/","name":"CSJ Emballages","description":"","publisher":{"@id":"https:\/\/www.csj-emballages.com\/de\/#organization"},"potentialAction":[{"@type":"SearchAction","target":{"@type":"EntryPoint","urlTemplate":"https:\/\/www.csj-emballages.com\/de\/?s={search_term_string}"},"query-input":{"@type":"PropertyValueSpecification","valueRequired":true,"valueName":"search_term_string"}}],"inLanguage":"de"},{"@type":"Organization","@id":"https:\/\/www.csj-emballages.com\/de\/#Organization\/","name":"CSJ Emballages","url":"https:\/\/www.csj-emballages.com\/de\/","logo":{"@type":"ImageObject","inLanguage":"de","@id":"https:\/\/www.csj-emballages.com\/de\/#\/schema\/logo\/image\/","url":"https:\/\/www.csj-emballages.com\/wp-content\/uploads\/2023\/10\/logo_csj.webp","contentUrl":"https:\/\/www.csj-emballages.com\/wp-content\/uploads\/2023\/10\/logo_csj.webp","width":250,"height":95,"caption":"CSJ Emballages"},"image":{"@id":"https:\/\/www.csj-emballages.com\/de\/#\/schema\/logo\/image\/"},"sameAs":["https:\/\/www.facebook.com\/csjemballages"],"address":{"@type":"PostalAddress","streetAddress":"ZI La Lechere","addressLocality":"Patornay","postalCode":"39130","addressCountry":"FR"},"contactPoint":[{"@type":"ContactPoint","contactType":"Service client","telephone":"0384254272","email":"contact@csj-emballages.com"}]}]}},"df_price":10.1,"df_sale_price":"","df_regular_price":10.1,"df_image_link":"https:\/\/www.csj-emballages.com\/wp-content\/uploads\/2025\/10\/DOYPACK3-300x300.webp","tiered_pricing_type":"fixed","tiered_pricing_fixed_rules":[],"tiered_pricing_percentage_rules":[],"tiered_pricing_minimum":1,"tiered_pricing_roles_data":[],"_links":{"self":[{"href":"https:\/\/www.csj-emballages.com\/de\/wp-json\/wp\/v2\/product\/254607","targetHints":{"allow":["GET"]}}],"collection":[{"href":"https:\/\/www.csj-emballages.com\/de\/wp-json\/wp\/v2\/product"}],"about":[{"href":"https:\/\/www.csj-emballages.com\/de\/wp-json\/wp\/v2\/types\/product"}],"wp:featuredmedia":[{"embeddable":true,"href":"https:\/\/www.csj-emballages.com\/de\/wp-json\/wp\/v2\/media\/254613"}],"wp:attachment":[{"href":"https:\/\/www.csj-emballages.com\/de\/wp-json\/wp\/v2\/media?parent=254607"}],"wp:term":[{"taxonomy":"product_brand","embeddable":true,"href":"https:\/\/www.csj-emballages.com\/de\/wp-json\/wp\/v2\/product_brand?post=254607"},{"taxonomy":"product_cat","embeddable":true,"href":"https:\/\/www.csj-emballages.com\/de\/wp-json\/wp\/v2\/product_cat?post=254607"},{"taxonomy":"product_tag","embeddable":true,"href":"https:\/\/www.csj-emballages.com\/de\/wp-json\/wp\/v2\/product_tag?post=254607"}],"curies":[{"name":"wp","href":"https:\/\/api.w.org\/{rel}","templated":true}]}}