{"id":254480,"date":"2025-10-27T16:18:28","date_gmt":"2025-10-27T15:18:28","guid":{"rendered":"https:\/\/www.csj-emballages.com\/produit\/schwarze-seife-pae-in-gel-labojal-spray-750ml\/"},"modified":"2026-03-12T16:06:01","modified_gmt":"2026-03-12T15:06:01","slug":"schwarze-seife-pae-in-gel-labojal-spray-750ml","status":"publish","type":"product","link":"https:\/\/www.csj-emballages.com\/de\/produit\/schwarze-seife-pae-in-gel-labojal-spray-750ml\/","title":{"rendered":"Schwarze Seife PAE in Gel LABOJAL spray 750ml"},"content":{"rendered":"<h2 class=\"p1\">Schwarze Seife<\/h2>\n<hr>\n<h3>Beschreibung unserer schwarzen Seife PAE in Gel LABOJAL spray 750ml<\/h3>\n<p><!--more--><\/p>\n<p data-start=\"183\" data-end=\"631\">Die <strong data-start=\"186\" data-end=\"234\">LABOJAL Schwarze Seife PAE Gel in der 750-ml-Spr\u00fchdose<\/strong> ist genau die Art von Produkt, die die t\u00e4gliche Reinigung wirklich vereinfacht. Sobald man sie benutzt, merkt man sofort ihre Wirksamkeit: Sie <g id=\"gid_1\">entfettet schnell<\/g>, <g id=\"gid_2\">bringt Glanz<\/g> und vor allem hinterl\u00e4sst sie m\u00fchelos saubere Oberfl\u00e4chen. Auch dank seines <g id=\"gid_3\">Sprayformats<\/g> spr\u00fcht man einfach dort, wo man es braucht, wischt es ab und schon ist es erledigt. Es ist einfach, schnell und sehr praktisch.   <\/p>\n<p data-start=\"633\" data-end=\"1149\">Was die St\u00e4rke dieser <strong>schwarzen Seife<\/strong> ausmacht, ist ihre <strong data-start=\"681\" data-end=\"696\">Vielseitigkeit<\/strong>. Sie funktioniert auf B\u00f6den wie Fliesen, Sandstein, Kunststoffbel\u00e4gen oder sogar Parkett. Aber nicht nur das: Sie eignet sich auch perfekt f\u00fcr <strong data-start=\"854\" data-end=\"879\">allt\u00e4gliche Oberfl\u00e4chen<\/strong> wie Arbeitsplatten, Tische, T\u00fcren oder auch kleine Ger\u00e4te. Seine <g id=\"gid_3\">Geltextur<\/g> haftet besser, wodurch sich Fett und hartn\u00e4ckige Spuren leichter l\u00f6sen lassen. Das Ergebnis: Alles sieht im Handumdrehen wieder sauber und strahlend aus.    <\/p>\n<p data-start=\"1151\" data-end=\"1477\">Ein weiterer angenehmer Aspekt ist, dass er einen <strong>leichten Duft<\/strong> und eine nat\u00fcrlichere Zusammensetzung als ein herk\u00f6mmlicher Reiniger hat. Man kann ihn also regelm\u00e4\u00dfig verwenden, ohne bef\u00fcrchten zu m\u00fcssen, dass er die Oberfl\u00e4chen besch\u00e4digt. Und da <strong>LABOJAL<\/strong> eine bekannte Marke im Bereich der professionellen Reinigung ist, wei\u00df man, dass man ein zuverl\u00e4ssiges und langfristig wirksames Produkt verwendet.  <\/p>\n<p data-start=\"1479\" data-end=\"1711\">Und schlie\u00dflich bietet die <strong data-start=\"1497\" data-end=\"1507\">750-ml-Gr\u00f6\u00dfe<\/strong> eine gute Gebrauchsdauer und bleibt dabei handlich. Ob zu Hause oder im Beruf, dieses <strong data-start=\"186\" data-end=\"234\">schwarze Seifenspray<\/strong> l\u00e4sst sich problemlos in Ihre Reinigungsroutine integrieren und spart Ihnen Zeit. <\/p>\n<p data-start=\"1479\" data-end=\"1711\">\n<p><!--more--><\/p>\n<p><strong>Vorteile :<\/strong><\/p>\n<ul>\n<li data-start=\"1738\" data-end=\"1760\">Entfettet schnell.<\/li>\n<li data-start=\"1763\" data-end=\"1798\">Geeignet f\u00fcr viele Oberfl\u00e4chen.<\/li>\n<li data-start=\"1801\" data-end=\"1830\"><strong>Gel-Textur<\/strong>, die besser h\u00e4lt.<\/li>\n<li data-start=\"1833\" data-end=\"1868\">Einfache Anwendung dank des <strong>Sprays<\/strong>.<\/li>\n<li data-start=\"1871\" data-end=\"1897\">L\u00e4sst m\u00fchelos gl\u00e4nzen.<\/li>\n<li data-start=\"1900\" data-end=\"1930\">Kosteng\u00fcnstiges und nachhaltiges Format.<\/li>\n<\/ul>\n<p>&nbsp;<\/p>\n<p><!--more--><\/p>\n<h4>Weitere Informationen :<\/h4>\n<ul>\n<li><strong>Verpackung<\/strong>: Einzeln<\/li>\n<li><strong>Volumen<\/strong>: 750 ml<\/li>\n<li><strong>Farbe<\/strong>: Ambra<\/li>\n<li><strong>pH-Wert<\/strong>: 9.5 &#8211; 11.5<\/li>\n<li><strong>Dichte<\/strong>: 1.00 &#8211; 1.05<\/li>\n<\/ul>\n<p>&nbsp;<\/p>\n<p><!--more--><\/p>\n<p><a href=\"https:\/\/www.csj-emballages.com\/de\/categorie-produit\/hygiene-und-pflege\/pflegeprodukte\/kuche\/\">Sehen Sie sich den Rest unseres Sortiments an Hygieneprodukten f\u00fcr die K\u00fcche an<\/a><\/p>\n","protected":false},"excerpt":{"rendered":"<p>Schwarze Seife Beschreibung unserer schwarzen Seife PAE in Gel LABOJAL spray 750ml<\/p>\n","protected":false},"featured_media":254475,"template":"","meta":{"_acf_changed":false},"product_brand":[],"product_cat":[1218,1219,1390],"product_tag":[],"class_list":{"0":"post-254480","1":"product","2":"type-product","3":"status-publish","4":"has-post-thumbnail","6":"product_cat-hygiene-und-pflege","7":"product_cat-pflegeprodukte","8":"product_cat-boden","10":"first","11":"instock","12":"taxable","13":"shipping-taxable","14":"purchasable","15":"product-type-simple"},"acf":[],"yoast_head":"<!-- This site is optimized with the Yoast SEO Premium plugin v26.6 (Yoast SEO v26.6) - https:\/\/yoast.com\/wordpress\/plugins\/seo\/ -->\n<title>Schwarze Seife PAE in Gel LABOJAL spray 750ml<\/title>\n<meta name=\"description\" content=\"Schwarze Seife PAE LABOJAL 750 ml: Spray f\u00fcr mehrere Oberfl\u00e4chen, das leicht entfettet, reinigt und gl\u00e4nzend macht. Ideal f\u00fcr B\u00f6den und Oberfl\u00e4chen.\" \/>\n<meta name=\"robots\" content=\"index, follow, max-snippet:-1, max-image-preview:large, max-video-preview:-1\" \/>\n<link rel=\"canonical\" href=\"https:\/\/www.csj-emballages.com\/de\/produit\/schwarze-seife-pae-in-gel-labojal-spray-750ml\/\" \/>\n<meta property=\"og:locale\" content=\"de_DE\" \/>\n<meta property=\"og:type\" content=\"article\" \/>\n<meta property=\"og:title\" content=\"Schwarze Seife PAE in Gel LABOJAL spray 750ml\" \/>\n<meta property=\"og:description\" content=\"Schwarze Seife PAE LABOJAL 750 ml: Spray f\u00fcr mehrere Oberfl\u00e4chen, das leicht entfettet, reinigt und gl\u00e4nzend macht. Ideal f\u00fcr B\u00f6den und Oberfl\u00e4chen.\" \/>\n<meta property=\"og:url\" content=\"https:\/\/www.csj-emballages.com\/de\/produit\/schwarze-seife-pae-in-gel-labojal-spray-750ml\/\" \/>\n<meta property=\"og:site_name\" content=\"CSJ Emballages\" \/>\n<meta property=\"article:publisher\" content=\"https:\/\/www.facebook.com\/csjemballages\" \/>\n<meta property=\"article:modified_time\" content=\"2026-03-12T15:06:01+00:00\" \/>\n<meta property=\"og:image\" content=\"https:\/\/www.csj-emballages.com\/wp-content\/uploads\/2025\/10\/132039.webp\" \/>\n\t<meta property=\"og:image:width\" content=\"800\" \/>\n\t<meta property=\"og:image:height\" content=\"800\" \/>\n\t<meta property=\"og:image:type\" content=\"image\/webp\" \/>\n<meta name=\"twitter:card\" content=\"summary_large_image\" \/>\n<meta name=\"twitter:label1\" content=\"Gesch\u00e4tzte Lesezeit\" \/>\n\t<meta name=\"twitter:data1\" content=\"2 Minuten\" \/>\n<script type=\"application\/ld+json\" class=\"yoast-schema-graph\">{\"@context\":\"https:\/\/schema.org\",\"@graph\":[{\"@type\":\"WebPage\",\"@id\":\"https:\/\/www.csj-emballages.com\/de\/produit\/schwarze-seife-pae-in-gel-labojal-spray-750ml\/\",\"url\":\"https:\/\/www.csj-emballages.com\/de\/produit\/schwarze-seife-pae-in-gel-labojal-spray-750ml\/\",\"name\":\"Schwarze Seife PAE in Gel LABOJAL spray 750ml\",\"isPartOf\":{\"@id\":\"https:\/\/www.csj-emballages.com\/de\/#website\"},\"primaryImageOfPage\":{\"@id\":\"https:\/\/www.csj-emballages.com\/de\/produit\/schwarze-seife-pae-in-gel-labojal-spray-750ml\/#primaryimage\"},\"image\":{\"@id\":\"https:\/\/www.csj-emballages.com\/de\/produit\/schwarze-seife-pae-in-gel-labojal-spray-750ml\/#primaryimage\"},\"thumbnailUrl\":\"https:\/\/www.csj-emballages.com\/wp-content\/uploads\/2025\/10\/132039.webp\",\"datePublished\":\"2025-10-27T15:18:28+00:00\",\"dateModified\":\"2026-03-12T15:06:01+00:00\",\"description\":\"Schwarze Seife PAE LABOJAL 750 ml: Spray f\u00fcr mehrere Oberfl\u00e4chen, das leicht entfettet, reinigt und gl\u00e4nzend macht. Ideal f\u00fcr B\u00f6den und Oberfl\u00e4chen.\",\"breadcrumb\":{\"@id\":\"https:\/\/www.csj-emballages.com\/de\/produit\/schwarze-seife-pae-in-gel-labojal-spray-750ml\/#breadcrumb\"},\"inLanguage\":\"de\",\"potentialAction\":[{\"@type\":\"ReadAction\",\"target\":[\"https:\/\/www.csj-emballages.com\/de\/produit\/schwarze-seife-pae-in-gel-labojal-spray-750ml\/\"]}]},{\"@type\":\"ImageObject\",\"inLanguage\":\"de\",\"@id\":\"https:\/\/www.csj-emballages.com\/de\/produit\/schwarze-seife-pae-in-gel-labojal-spray-750ml\/#primaryimage\",\"url\":\"https:\/\/www.csj-emballages.com\/wp-content\/uploads\/2025\/10\/132039.webp\",\"contentUrl\":\"https:\/\/www.csj-emballages.com\/wp-content\/uploads\/2025\/10\/132039.webp\",\"width\":800,\"height\":800,\"caption\":\"Savon noir\"},{\"@type\":\"BreadcrumbList\",\"@id\":\"https:\/\/www.csj-emballages.com\/de\/produit\/schwarze-seife-pae-in-gel-labojal-spray-750ml\/#breadcrumb\",\"itemListElement\":[{\"@type\":\"ListItem\",\"position\":1,\"name\":\"Accueil\",\"item\":\"https:\/\/www.csj-emballages.com\/de\/universum-lebensmittelverpackungen\/\"},{\"@type\":\"ListItem\",\"position\":2,\"name\":\"Shop\",\"item\":\"https:\/\/www.csj-emballages.com\/shop\/\"},{\"@type\":\"ListItem\",\"position\":3,\"name\":\"Schwarze Seife PAE in Gel LABOJAL spray 750ml\"}]},{\"@type\":\"WebSite\",\"@id\":\"https:\/\/www.csj-emballages.com\/de\/#website\",\"url\":\"https:\/\/www.csj-emballages.com\/de\/\",\"name\":\"CSJ Emballages\",\"description\":\"\",\"publisher\":{\"@id\":\"https:\/\/www.csj-emballages.com\/de\/#organization\"},\"potentialAction\":[{\"@type\":\"SearchAction\",\"target\":{\"@type\":\"EntryPoint\",\"urlTemplate\":\"https:\/\/www.csj-emballages.com\/de\/?s={search_term_string}\"},\"query-input\":{\"@type\":\"PropertyValueSpecification\",\"valueRequired\":true,\"valueName\":\"search_term_string\"}}],\"inLanguage\":\"de\"},{\"@type\":\"Organization\",\"@id\":\"https:\/\/www.csj-emballages.com\/de\/#Organization\/\",\"name\":\"CSJ Emballages\",\"url\":\"https:\/\/www.csj-emballages.com\/de\/\",\"logo\":{\"@type\":\"ImageObject\",\"inLanguage\":\"de\",\"@id\":\"https:\/\/www.csj-emballages.com\/de\/#\/schema\/logo\/image\/\",\"url\":\"https:\/\/www.csj-emballages.com\/wp-content\/uploads\/2023\/10\/logo_csj.webp\",\"contentUrl\":\"https:\/\/www.csj-emballages.com\/wp-content\/uploads\/2023\/10\/logo_csj.webp\",\"width\":250,\"height\":95,\"caption\":\"CSJ Emballages\"},\"image\":{\"@id\":\"https:\/\/www.csj-emballages.com\/de\/#\/schema\/logo\/image\/\"},\"sameAs\":[\"https:\/\/www.facebook.com\/csjemballages\"],\"address\":{\"@type\":\"PostalAddress\",\"streetAddress\":\"ZI La Lechere\",\"addressLocality\":\"Patornay\",\"postalCode\":\"39130\",\"addressCountry\":\"FR\"},\"contactPoint\":[{\"@type\":\"ContactPoint\",\"contactType\":\"Service client\",\"telephone\":\"0384254272\",\"email\":\"contact@csj-emballages.com\"}]}]}<\/script>\n<!-- \/ Yoast SEO Premium plugin. -->","yoast_head_json":{"title":"Schwarze Seife PAE in Gel LABOJAL spray 750ml","description":"Schwarze Seife PAE LABOJAL 750 ml: Spray f\u00fcr mehrere Oberfl\u00e4chen, das leicht entfettet, reinigt und gl\u00e4nzend macht. Ideal f\u00fcr B\u00f6den und Oberfl\u00e4chen.","robots":{"index":"index","follow":"follow","max-snippet":"max-snippet:-1","max-image-preview":"max-image-preview:large","max-video-preview":"max-video-preview:-1"},"canonical":"https:\/\/www.csj-emballages.com\/de\/produit\/schwarze-seife-pae-in-gel-labojal-spray-750ml\/","og_locale":"de_DE","og_type":"article","og_title":"Schwarze Seife PAE in Gel LABOJAL spray 750ml","og_description":"Schwarze Seife PAE LABOJAL 750 ml: Spray f\u00fcr mehrere Oberfl\u00e4chen, das leicht entfettet, reinigt und gl\u00e4nzend macht. Ideal f\u00fcr B\u00f6den und Oberfl\u00e4chen.","og_url":"https:\/\/www.csj-emballages.com\/de\/produit\/schwarze-seife-pae-in-gel-labojal-spray-750ml\/","og_site_name":"CSJ Emballages","article_publisher":"https:\/\/www.facebook.com\/csjemballages","article_modified_time":"2026-03-12T15:06:01+00:00","og_image":[{"width":800,"height":800,"url":"https:\/\/www.csj-emballages.com\/wp-content\/uploads\/2025\/10\/132039.webp","type":"image\/webp"}],"twitter_card":"summary_large_image","twitter_misc":{"Gesch\u00e4tzte Lesezeit":"2 Minuten"},"schema":{"@context":"https:\/\/schema.org","@graph":[{"@type":"WebPage","@id":"https:\/\/www.csj-emballages.com\/de\/produit\/schwarze-seife-pae-in-gel-labojal-spray-750ml\/","url":"https:\/\/www.csj-emballages.com\/de\/produit\/schwarze-seife-pae-in-gel-labojal-spray-750ml\/","name":"Schwarze Seife PAE in Gel LABOJAL spray 750ml","isPartOf":{"@id":"https:\/\/www.csj-emballages.com\/de\/#website"},"primaryImageOfPage":{"@id":"https:\/\/www.csj-emballages.com\/de\/produit\/schwarze-seife-pae-in-gel-labojal-spray-750ml\/#primaryimage"},"image":{"@id":"https:\/\/www.csj-emballages.com\/de\/produit\/schwarze-seife-pae-in-gel-labojal-spray-750ml\/#primaryimage"},"thumbnailUrl":"https:\/\/www.csj-emballages.com\/wp-content\/uploads\/2025\/10\/132039.webp","datePublished":"2025-10-27T15:18:28+00:00","dateModified":"2026-03-12T15:06:01+00:00","description":"Schwarze Seife PAE LABOJAL 750 ml: Spray f\u00fcr mehrere Oberfl\u00e4chen, das leicht entfettet, reinigt und gl\u00e4nzend macht. Ideal f\u00fcr B\u00f6den und Oberfl\u00e4chen.","breadcrumb":{"@id":"https:\/\/www.csj-emballages.com\/de\/produit\/schwarze-seife-pae-in-gel-labojal-spray-750ml\/#breadcrumb"},"inLanguage":"de","potentialAction":[{"@type":"ReadAction","target":["https:\/\/www.csj-emballages.com\/de\/produit\/schwarze-seife-pae-in-gel-labojal-spray-750ml\/"]}]},{"@type":"ImageObject","inLanguage":"de","@id":"https:\/\/www.csj-emballages.com\/de\/produit\/schwarze-seife-pae-in-gel-labojal-spray-750ml\/#primaryimage","url":"https:\/\/www.csj-emballages.com\/wp-content\/uploads\/2025\/10\/132039.webp","contentUrl":"https:\/\/www.csj-emballages.com\/wp-content\/uploads\/2025\/10\/132039.webp","width":800,"height":800,"caption":"Savon noir"},{"@type":"BreadcrumbList","@id":"https:\/\/www.csj-emballages.com\/de\/produit\/schwarze-seife-pae-in-gel-labojal-spray-750ml\/#breadcrumb","itemListElement":[{"@type":"ListItem","position":1,"name":"Accueil","item":"https:\/\/www.csj-emballages.com\/de\/universum-lebensmittelverpackungen\/"},{"@type":"ListItem","position":2,"name":"Shop","item":"https:\/\/www.csj-emballages.com\/shop\/"},{"@type":"ListItem","position":3,"name":"Schwarze Seife PAE in Gel LABOJAL spray 750ml"}]},{"@type":"WebSite","@id":"https:\/\/www.csj-emballages.com\/de\/#website","url":"https:\/\/www.csj-emballages.com\/de\/","name":"CSJ Emballages","description":"","publisher":{"@id":"https:\/\/www.csj-emballages.com\/de\/#organization"},"potentialAction":[{"@type":"SearchAction","target":{"@type":"EntryPoint","urlTemplate":"https:\/\/www.csj-emballages.com\/de\/?s={search_term_string}"},"query-input":{"@type":"PropertyValueSpecification","valueRequired":true,"valueName":"search_term_string"}}],"inLanguage":"de"},{"@type":"Organization","@id":"https:\/\/www.csj-emballages.com\/de\/#Organization\/","name":"CSJ Emballages","url":"https:\/\/www.csj-emballages.com\/de\/","logo":{"@type":"ImageObject","inLanguage":"de","@id":"https:\/\/www.csj-emballages.com\/de\/#\/schema\/logo\/image\/","url":"https:\/\/www.csj-emballages.com\/wp-content\/uploads\/2023\/10\/logo_csj.webp","contentUrl":"https:\/\/www.csj-emballages.com\/wp-content\/uploads\/2023\/10\/logo_csj.webp","width":250,"height":95,"caption":"CSJ Emballages"},"image":{"@id":"https:\/\/www.csj-emballages.com\/de\/#\/schema\/logo\/image\/"},"sameAs":["https:\/\/www.facebook.com\/csjemballages"],"address":{"@type":"PostalAddress","streetAddress":"ZI La Lechere","addressLocality":"Patornay","postalCode":"39130","addressCountry":"FR"},"contactPoint":[{"@type":"ContactPoint","contactType":"Service client","telephone":"0384254272","email":"contact@csj-emballages.com"}]}]}},"df_price":4.84,"df_sale_price":"","df_regular_price":4.84,"df_image_link":"https:\/\/www.csj-emballages.com\/wp-content\/uploads\/2025\/10\/132039-300x300.webp","tiered_pricing_type":"fixed","tiered_pricing_fixed_rules":[],"tiered_pricing_percentage_rules":[],"tiered_pricing_minimum":1,"tiered_pricing_roles_data":[],"_links":{"self":[{"href":"https:\/\/www.csj-emballages.com\/de\/wp-json\/wp\/v2\/product\/254480","targetHints":{"allow":["GET"]}}],"collection":[{"href":"https:\/\/www.csj-emballages.com\/de\/wp-json\/wp\/v2\/product"}],"about":[{"href":"https:\/\/www.csj-emballages.com\/de\/wp-json\/wp\/v2\/types\/product"}],"wp:featuredmedia":[{"embeddable":true,"href":"https:\/\/www.csj-emballages.com\/de\/wp-json\/wp\/v2\/media\/254475"}],"wp:attachment":[{"href":"https:\/\/www.csj-emballages.com\/de\/wp-json\/wp\/v2\/media?parent=254480"}],"wp:term":[{"taxonomy":"product_brand","embeddable":true,"href":"https:\/\/www.csj-emballages.com\/de\/wp-json\/wp\/v2\/product_brand?post=254480"},{"taxonomy":"product_cat","embeddable":true,"href":"https:\/\/www.csj-emballages.com\/de\/wp-json\/wp\/v2\/product_cat?post=254480"},{"taxonomy":"product_tag","embeddable":true,"href":"https:\/\/www.csj-emballages.com\/de\/wp-json\/wp\/v2\/product_tag?post=254480"}],"curies":[{"name":"wp","href":"https:\/\/api.w.org\/{rel}","templated":true}]}}