{"id":254407,"date":"2025-10-27T16:18:38","date_gmt":"2025-10-27T15:18:38","guid":{"rendered":"https:\/\/www.csj-emballages.com\/produit\/natron-gel-first-clean-spray-750ml\/"},"modified":"2026-03-12T16:06:02","modified_gmt":"2026-03-12T15:06:02","slug":"natron-gel-first-clean-spray-750ml","status":"publish","type":"product","link":"https:\/\/www.csj-emballages.com\/de\/produit\/natron-gel-first-clean-spray-750ml\/","title":{"rendered":"Natron Gel FIRST CLEAN Spray 750ml"},"content":{"rendered":"<h2 class=\"p1\">Natron<\/h2>\n<hr>\n<h3>Beschreibung von unserem Natron Gel FIRST CLEAN spray 750ml<\/h3>\n<p><!--more--><\/p>\n<p data-start=\"370\" data-end=\"774\">Das <strong data-start=\"373\" data-end=\"431\">FIRST CLEAN Natron Gel in der 750 ml Spr\u00fchflasche<\/strong> ist das Produkt, das man gerne zur Hand hat, um den Haushalt zu erledigen, ohne sich das Leben schwer zu machen. Sobald Sie es verwenden, sp\u00fcren Sie sofort, dass es dazu gedacht ist, die t\u00e4gliche Reinigung zu vereinfachen. Da es gebrauchsfertig ist, brauchen Sie nur zu spr\u00fchen, kurz zu warten und zu wischen. Mehr braucht es nicht. Und vor allem: Es funktioniert wirklich.    <\/p>\n<p data-start=\"776\" data-end=\"1252\">Dank seiner <strong>Geltextur<\/strong> h\u00e4lt das Produkt besser auf Oberfl\u00e4chen als herk\u00f6mmliche fl\u00fcssige Reiniger, da das Natron Zeit hat, effizienter zu wirken: Es l\u00f6st den Schmutz, entfettet schwierige Stellen und l\u00f6st das, was sich festgesetzt hat. Ob auf abwaschbaren B\u00f6den, der K\u00fcchenarbeitsplatte, der Sp\u00fcle, dem Kochfeld, den Fliesen oder sogar einigen Plastikm\u00f6beln &#8211; es erledigt den Job, ohne dass man stundenlang schrubben muss. <\/p>\n<p data-start=\"1254\" data-end=\"1660\">Was viele auch sch\u00e4tzen, ist seine Vielseitigkeit. Ein einziges <strong>Spray<\/strong> reicht aus, um mehrere R\u00e4ume im Haus zu pflegen, und man spart Zeit. Und da es eine milde Formulierung hat, schont es die Oberfl\u00e4chen und ist trotzdem wirklich wirksam. Das ist genau das, was wir von einem guten Haushaltsprodukt erwarten: Es soll einfach zu verwenden sein, sauber riechen und schnell ein klares Ergebnis liefern.   <\/p>\n<p data-start=\"1662\" data-end=\"1861\">Mit seiner gro\u00dfz\u00fcgigen Gr\u00f6\u00dfe von <strong>750 ml<\/strong> sind Sie f\u00fcr eine ganze Weile auf der sicheren Seite. Es ist ein Muss f\u00fcr regelm\u00e4\u00dfiges Reinigen, ohne Kopfzerbrechen und mit einem nickelfreien Ergebnis bei jeder Anwendung. <\/p>\n<p><!--more--><\/p>\n<p><strong>Vorteile :<\/strong><\/p>\n<ul>\n<li data-start=\"1888\" data-end=\"1926\">Einfache, schnelle und effektive Reinigung<\/li>\n<li data-start=\"1929\" data-end=\"1961\">Gel-Textur, die an Ort und Stelle bleibt.<\/li>\n<li data-start=\"1964\" data-end=\"2009\">Entfettet und l\u00f6st selbst hartn\u00e4ckige Stellen.<\/li>\n<li data-start=\"2012\" data-end=\"2056\">Kann auf allen abwaschbaren Oberfl\u00e4chen verwendet werden.<\/li>\n<li data-start=\"2059\" data-end=\"2089\">Sanfte und vielseitige Formel.<\/li>\n<li data-start=\"2092\" data-end=\"2118\">Sparformat <strong>750 ml<\/strong>.<\/li>\n<\/ul>\n<p>&nbsp;<\/p>\n<p><!--more--><\/p>\n<h4>Weitere Informationen :<\/h4>\n<ul>\n<li><strong>Verpackung<\/strong>: Einzeln<\/li>\n<li><strong>Volumen<\/strong>: 750 ml<\/li>\n<li><strong>Farbe<\/strong>: Farblos<\/li>\n<li><strong>pH-Wert<\/strong>: 8-9<\/li>\n<\/ul>\n<p>&nbsp;<\/p>\n<p><!--more--><\/p>\n<p><a href=\"https:\/\/www.csj-emballages.com\/de\/categorie-produit\/hygiene-und-pflege\/pflegeprodukte\/kuche\/\">Sehen Sie sich den Rest unseres Sortiments an Hygieneprodukten f\u00fcr die K\u00fcche an<\/a><\/p>\n","protected":false},"excerpt":{"rendered":"<p>Natron Beschreibung von unserem Natron Gel FIRST CLEAN spray 750ml<\/p>\n","protected":false},"featured_media":254400,"template":"","meta":{"_acf_changed":false},"product_brand":[],"product_cat":[1218,1219,1330,1294],"product_tag":[],"class_list":{"0":"post-254407","1":"product","2":"type-product","3":"status-publish","4":"has-post-thumbnail","6":"product_cat-hygiene-und-pflege","7":"product_cat-pflegeprodukte","8":"product_cat-kuche","9":"product_cat-sanitar","11":"first","12":"instock","13":"taxable","14":"shipping-taxable","15":"purchasable","16":"product-type-simple"},"acf":[],"yoast_head":"<!-- This site is optimized with the Yoast SEO Premium plugin v26.6 (Yoast SEO v26.6) - https:\/\/yoast.com\/wordpress\/plugins\/seo\/ -->\n<title>Natron - in Gel FIRST CLEAN Spray 750ml<\/title>\n<meta name=\"description\" content=\"Entdecken Sie das 750 ml Natron-Gel: ein gebrauchsfertiges Spray, das alle Oberfl\u00e4chen im Haus leicht reinigt, entfettet und Flecken entfernt.\" \/>\n<meta name=\"robots\" content=\"index, follow, max-snippet:-1, max-image-preview:large, max-video-preview:-1\" \/>\n<link rel=\"canonical\" href=\"https:\/\/www.csj-emballages.com\/de\/produit\/natron-gel-first-clean-spray-750ml\/\" \/>\n<meta property=\"og:locale\" content=\"de_DE\" \/>\n<meta property=\"og:type\" content=\"article\" \/>\n<meta property=\"og:title\" content=\"Natron Gel FIRST CLEAN Spray 750ml\" \/>\n<meta property=\"og:description\" content=\"Entdecken Sie das 750 ml Natron-Gel: ein gebrauchsfertiges Spray, das alle Oberfl\u00e4chen im Haus leicht reinigt, entfettet und Flecken entfernt.\" \/>\n<meta property=\"og:url\" content=\"https:\/\/www.csj-emballages.com\/de\/produit\/natron-gel-first-clean-spray-750ml\/\" \/>\n<meta property=\"og:site_name\" content=\"CSJ Emballages\" \/>\n<meta property=\"article:publisher\" content=\"https:\/\/www.facebook.com\/csjemballages\" \/>\n<meta property=\"article:modified_time\" content=\"2026-03-12T15:06:02+00:00\" \/>\n<meta property=\"og:image\" content=\"https:\/\/www.csj-emballages.com\/wp-content\/uploads\/2025\/10\/132153.webp\" \/>\n\t<meta property=\"og:image:width\" content=\"800\" \/>\n\t<meta property=\"og:image:height\" content=\"800\" \/>\n\t<meta property=\"og:image:type\" content=\"image\/webp\" \/>\n<meta name=\"twitter:card\" content=\"summary_large_image\" \/>\n<meta name=\"twitter:label1\" content=\"Gesch\u00e4tzte Lesezeit\" \/>\n\t<meta name=\"twitter:data1\" content=\"2 Minuten\" \/>\n<script type=\"application\/ld+json\" class=\"yoast-schema-graph\">{\"@context\":\"https:\/\/schema.org\",\"@graph\":[{\"@type\":\"WebPage\",\"@id\":\"https:\/\/www.csj-emballages.com\/de\/produit\/natron-gel-first-clean-spray-750ml\/\",\"url\":\"https:\/\/www.csj-emballages.com\/de\/produit\/natron-gel-first-clean-spray-750ml\/\",\"name\":\"Natron - in Gel FIRST CLEAN Spray 750ml\",\"isPartOf\":{\"@id\":\"https:\/\/www.csj-emballages.com\/de\/#website\"},\"primaryImageOfPage\":{\"@id\":\"https:\/\/www.csj-emballages.com\/de\/produit\/natron-gel-first-clean-spray-750ml\/#primaryimage\"},\"image\":{\"@id\":\"https:\/\/www.csj-emballages.com\/de\/produit\/natron-gel-first-clean-spray-750ml\/#primaryimage\"},\"thumbnailUrl\":\"https:\/\/www.csj-emballages.com\/wp-content\/uploads\/2025\/10\/132153.webp\",\"datePublished\":\"2025-10-27T15:18:38+00:00\",\"dateModified\":\"2026-03-12T15:06:02+00:00\",\"description\":\"Entdecken Sie das 750 ml Natron-Gel: ein gebrauchsfertiges Spray, das alle Oberfl\u00e4chen im Haus leicht reinigt, entfettet und Flecken entfernt.\",\"breadcrumb\":{\"@id\":\"https:\/\/www.csj-emballages.com\/de\/produit\/natron-gel-first-clean-spray-750ml\/#breadcrumb\"},\"inLanguage\":\"de\",\"potentialAction\":[{\"@type\":\"ReadAction\",\"target\":[\"https:\/\/www.csj-emballages.com\/de\/produit\/natron-gel-first-clean-spray-750ml\/\"]}]},{\"@type\":\"ImageObject\",\"inLanguage\":\"de\",\"@id\":\"https:\/\/www.csj-emballages.com\/de\/produit\/natron-gel-first-clean-spray-750ml\/#primaryimage\",\"url\":\"https:\/\/www.csj-emballages.com\/wp-content\/uploads\/2025\/10\/132153.webp\",\"contentUrl\":\"https:\/\/www.csj-emballages.com\/wp-content\/uploads\/2025\/10\/132153.webp\",\"width\":800,\"height\":800,\"caption\":\"Bicarbonate de soude\"},{\"@type\":\"BreadcrumbList\",\"@id\":\"https:\/\/www.csj-emballages.com\/de\/produit\/natron-gel-first-clean-spray-750ml\/#breadcrumb\",\"itemListElement\":[{\"@type\":\"ListItem\",\"position\":1,\"name\":\"Accueil\",\"item\":\"https:\/\/www.csj-emballages.com\/de\/universum-lebensmittelverpackungen\/\"},{\"@type\":\"ListItem\",\"position\":2,\"name\":\"Shop\",\"item\":\"https:\/\/www.csj-emballages.com\/shop\/\"},{\"@type\":\"ListItem\",\"position\":3,\"name\":\"Natron Gel FIRST CLEAN Spray 750ml\"}]},{\"@type\":\"WebSite\",\"@id\":\"https:\/\/www.csj-emballages.com\/de\/#website\",\"url\":\"https:\/\/www.csj-emballages.com\/de\/\",\"name\":\"CSJ Emballages\",\"description\":\"\",\"publisher\":{\"@id\":\"https:\/\/www.csj-emballages.com\/de\/#organization\"},\"potentialAction\":[{\"@type\":\"SearchAction\",\"target\":{\"@type\":\"EntryPoint\",\"urlTemplate\":\"https:\/\/www.csj-emballages.com\/de\/?s={search_term_string}\"},\"query-input\":{\"@type\":\"PropertyValueSpecification\",\"valueRequired\":true,\"valueName\":\"search_term_string\"}}],\"inLanguage\":\"de\"},{\"@type\":\"Organization\",\"@id\":\"https:\/\/www.csj-emballages.com\/de\/#Organization\/\",\"name\":\"CSJ Emballages\",\"url\":\"https:\/\/www.csj-emballages.com\/de\/\",\"logo\":{\"@type\":\"ImageObject\",\"inLanguage\":\"de\",\"@id\":\"https:\/\/www.csj-emballages.com\/de\/#\/schema\/logo\/image\/\",\"url\":\"https:\/\/www.csj-emballages.com\/wp-content\/uploads\/2023\/10\/logo_csj.webp\",\"contentUrl\":\"https:\/\/www.csj-emballages.com\/wp-content\/uploads\/2023\/10\/logo_csj.webp\",\"width\":250,\"height\":95,\"caption\":\"CSJ Emballages\"},\"image\":{\"@id\":\"https:\/\/www.csj-emballages.com\/de\/#\/schema\/logo\/image\/\"},\"sameAs\":[\"https:\/\/www.facebook.com\/csjemballages\"],\"address\":{\"@type\":\"PostalAddress\",\"streetAddress\":\"ZI La Lechere\",\"addressLocality\":\"Patornay\",\"postalCode\":\"39130\",\"addressCountry\":\"FR\"},\"contactPoint\":[{\"@type\":\"ContactPoint\",\"contactType\":\"Service client\",\"telephone\":\"0384254272\",\"email\":\"contact@csj-emballages.com\"}]}]}<\/script>\n<!-- \/ Yoast SEO Premium plugin. -->","yoast_head_json":{"title":"Natron - in Gel FIRST CLEAN Spray 750ml","description":"Entdecken Sie das 750 ml Natron-Gel: ein gebrauchsfertiges Spray, das alle Oberfl\u00e4chen im Haus leicht reinigt, entfettet und Flecken entfernt.","robots":{"index":"index","follow":"follow","max-snippet":"max-snippet:-1","max-image-preview":"max-image-preview:large","max-video-preview":"max-video-preview:-1"},"canonical":"https:\/\/www.csj-emballages.com\/de\/produit\/natron-gel-first-clean-spray-750ml\/","og_locale":"de_DE","og_type":"article","og_title":"Natron Gel FIRST CLEAN Spray 750ml","og_description":"Entdecken Sie das 750 ml Natron-Gel: ein gebrauchsfertiges Spray, das alle Oberfl\u00e4chen im Haus leicht reinigt, entfettet und Flecken entfernt.","og_url":"https:\/\/www.csj-emballages.com\/de\/produit\/natron-gel-first-clean-spray-750ml\/","og_site_name":"CSJ Emballages","article_publisher":"https:\/\/www.facebook.com\/csjemballages","article_modified_time":"2026-03-12T15:06:02+00:00","og_image":[{"width":800,"height":800,"url":"https:\/\/www.csj-emballages.com\/wp-content\/uploads\/2025\/10\/132153.webp","type":"image\/webp"}],"twitter_card":"summary_large_image","twitter_misc":{"Gesch\u00e4tzte Lesezeit":"2 Minuten"},"schema":{"@context":"https:\/\/schema.org","@graph":[{"@type":"WebPage","@id":"https:\/\/www.csj-emballages.com\/de\/produit\/natron-gel-first-clean-spray-750ml\/","url":"https:\/\/www.csj-emballages.com\/de\/produit\/natron-gel-first-clean-spray-750ml\/","name":"Natron - in Gel FIRST CLEAN Spray 750ml","isPartOf":{"@id":"https:\/\/www.csj-emballages.com\/de\/#website"},"primaryImageOfPage":{"@id":"https:\/\/www.csj-emballages.com\/de\/produit\/natron-gel-first-clean-spray-750ml\/#primaryimage"},"image":{"@id":"https:\/\/www.csj-emballages.com\/de\/produit\/natron-gel-first-clean-spray-750ml\/#primaryimage"},"thumbnailUrl":"https:\/\/www.csj-emballages.com\/wp-content\/uploads\/2025\/10\/132153.webp","datePublished":"2025-10-27T15:18:38+00:00","dateModified":"2026-03-12T15:06:02+00:00","description":"Entdecken Sie das 750 ml Natron-Gel: ein gebrauchsfertiges Spray, das alle Oberfl\u00e4chen im Haus leicht reinigt, entfettet und Flecken entfernt.","breadcrumb":{"@id":"https:\/\/www.csj-emballages.com\/de\/produit\/natron-gel-first-clean-spray-750ml\/#breadcrumb"},"inLanguage":"de","potentialAction":[{"@type":"ReadAction","target":["https:\/\/www.csj-emballages.com\/de\/produit\/natron-gel-first-clean-spray-750ml\/"]}]},{"@type":"ImageObject","inLanguage":"de","@id":"https:\/\/www.csj-emballages.com\/de\/produit\/natron-gel-first-clean-spray-750ml\/#primaryimage","url":"https:\/\/www.csj-emballages.com\/wp-content\/uploads\/2025\/10\/132153.webp","contentUrl":"https:\/\/www.csj-emballages.com\/wp-content\/uploads\/2025\/10\/132153.webp","width":800,"height":800,"caption":"Bicarbonate de soude"},{"@type":"BreadcrumbList","@id":"https:\/\/www.csj-emballages.com\/de\/produit\/natron-gel-first-clean-spray-750ml\/#breadcrumb","itemListElement":[{"@type":"ListItem","position":1,"name":"Accueil","item":"https:\/\/www.csj-emballages.com\/de\/universum-lebensmittelverpackungen\/"},{"@type":"ListItem","position":2,"name":"Shop","item":"https:\/\/www.csj-emballages.com\/shop\/"},{"@type":"ListItem","position":3,"name":"Natron Gel FIRST CLEAN Spray 750ml"}]},{"@type":"WebSite","@id":"https:\/\/www.csj-emballages.com\/de\/#website","url":"https:\/\/www.csj-emballages.com\/de\/","name":"CSJ Emballages","description":"","publisher":{"@id":"https:\/\/www.csj-emballages.com\/de\/#organization"},"potentialAction":[{"@type":"SearchAction","target":{"@type":"EntryPoint","urlTemplate":"https:\/\/www.csj-emballages.com\/de\/?s={search_term_string}"},"query-input":{"@type":"PropertyValueSpecification","valueRequired":true,"valueName":"search_term_string"}}],"inLanguage":"de"},{"@type":"Organization","@id":"https:\/\/www.csj-emballages.com\/de\/#Organization\/","name":"CSJ Emballages","url":"https:\/\/www.csj-emballages.com\/de\/","logo":{"@type":"ImageObject","inLanguage":"de","@id":"https:\/\/www.csj-emballages.com\/de\/#\/schema\/logo\/image\/","url":"https:\/\/www.csj-emballages.com\/wp-content\/uploads\/2023\/10\/logo_csj.webp","contentUrl":"https:\/\/www.csj-emballages.com\/wp-content\/uploads\/2023\/10\/logo_csj.webp","width":250,"height":95,"caption":"CSJ Emballages"},"image":{"@id":"https:\/\/www.csj-emballages.com\/de\/#\/schema\/logo\/image\/"},"sameAs":["https:\/\/www.facebook.com\/csjemballages"],"address":{"@type":"PostalAddress","streetAddress":"ZI La Lechere","addressLocality":"Patornay","postalCode":"39130","addressCountry":"FR"},"contactPoint":[{"@type":"ContactPoint","contactType":"Service client","telephone":"0384254272","email":"contact@csj-emballages.com"}]}]}},"df_price":5.18,"df_sale_price":"","df_regular_price":5.18,"df_image_link":"https:\/\/www.csj-emballages.com\/wp-content\/uploads\/2025\/10\/132153-300x300.webp","tiered_pricing_type":"fixed","tiered_pricing_fixed_rules":[],"tiered_pricing_percentage_rules":[],"tiered_pricing_minimum":1,"tiered_pricing_roles_data":[],"_links":{"self":[{"href":"https:\/\/www.csj-emballages.com\/de\/wp-json\/wp\/v2\/product\/254407","targetHints":{"allow":["GET"]}}],"collection":[{"href":"https:\/\/www.csj-emballages.com\/de\/wp-json\/wp\/v2\/product"}],"about":[{"href":"https:\/\/www.csj-emballages.com\/de\/wp-json\/wp\/v2\/types\/product"}],"wp:featuredmedia":[{"embeddable":true,"href":"https:\/\/www.csj-emballages.com\/de\/wp-json\/wp\/v2\/media\/254400"}],"wp:attachment":[{"href":"https:\/\/www.csj-emballages.com\/de\/wp-json\/wp\/v2\/media?parent=254407"}],"wp:term":[{"taxonomy":"product_brand","embeddable":true,"href":"https:\/\/www.csj-emballages.com\/de\/wp-json\/wp\/v2\/product_brand?post=254407"},{"taxonomy":"product_cat","embeddable":true,"href":"https:\/\/www.csj-emballages.com\/de\/wp-json\/wp\/v2\/product_cat?post=254407"},{"taxonomy":"product_tag","embeddable":true,"href":"https:\/\/www.csj-emballages.com\/de\/wp-json\/wp\/v2\/product_tag?post=254407"}],"curies":[{"name":"wp","href":"https:\/\/api.w.org\/{rel}","templated":true}]}}