{"id":254391,"date":"2025-10-27T16:18:18","date_gmt":"2025-10-27T15:18:18","guid":{"rendered":"https:\/\/www.csj-emballages.com\/produit\/essig-kristall-8-flasche-1l\/"},"modified":"2026-04-18T02:11:15","modified_gmt":"2026-04-18T00:11:15","slug":"essig-kristall-8-flasche-1l","status":"publish","type":"product","link":"https:\/\/www.csj-emballages.com\/de\/produit\/essig-kristall-8-flasche-1l\/","title":{"rendered":"Essig Kristall 8% Flasche 1L"},"content":{"rendered":"<h2 class=\"p1\">Essig<\/h2>\n<hr>\n<h3>Beschreibung unseres Kristall-Essigs 8% Flasche 1L<\/h3>\n<p><!--more--><\/p>\n<p data-start=\"301\" data-end=\"781\">Der <strong>Kristall-Essig 8% in der 1-Liter-Flasche<\/strong> ist ein Muss, wenn Sie Ihr Haus auf einfache, wirksame und nat\u00fcrliche Weise pflegen wollen. Dank seiner idealen Konzentration wirkt er schnell und begleitet Sie bei allen Ihren Haushaltsaufgaben. Er entfettet, entkalkt, reinigt und desodoriert mit gro\u00dfer Einfachheit. Es wird seit Generationen verwendet und besticht nicht nur durch seine nachgewiesene Wirksamkeit, sondern auch durch seine reine Zusammensetzung, die Ihre Umwelt schont.   <\/p>\n<p data-start=\"783\" data-end=\"1208\">Zun\u00e4chst einmal zeichnet sich der <strong>Kristallessig 8%<\/strong> durch seine Vielseitigkeit aus. Egal, ob Sie Ihre K\u00fcchenoberfl\u00e4chen auf Hochglanz bringen, Kalk im Badezimmer entfernen, Ihre Fensterscheiben auffrischen oder Ihre Haushaltsger\u00e4te pflegen wollen, er ist immer zur Stelle. Au\u00dferdem ist er ein guter Ersatz f\u00fcr eine Vielzahl chemischer Produkte, wodurch Sie nicht nur Geld sparen, sondern auch Ihre Umweltbelastung reduzieren k\u00f6nnen.  <\/p>\n<p data-start=\"1210\" data-end=\"1540\">Zweitens garantiert dieser <strong>8%ige Essig<\/strong> eine aktive und schnelle Reinigung. Ein paar Tropfen reichen aus, um Fett zu l\u00f6sen, schlechte Ger\u00fcche zu neutralisieren oder Kalkablagerungen zu verhindern. Au\u00dferdem k\u00f6nnen Sie ihn dank seiner leicht zu handhabenden fl\u00fcssigen Form je nach Verschmutzungsgrad oder der zu behandelnden Oberfl\u00e4che pur oder verd\u00fcnnt verwenden.  <\/p>\n<p data-start=\"1542\" data-end=\"1785\">Schlie\u00dflich bietet die <strong>1L-Flasche<\/strong> ein hervorragendes Preis-Leistungs-Verh\u00e4ltnis und sorgt f\u00fcr eine dauerhafte Nutzung. Sie ist praktisch zu verstauen und passt perfekt in Ihre Reinigungsroutine, sei es zu Hause, im Gesch\u00e4ft oder in der Werkstatt. <\/p>\n<p data-start=\"1787\" data-end=\"1977\">Zusammenfassend l\u00e4sst sich sagen, dass <strong>Kristallessig 8%<\/strong> mehr als nur ein Haushaltsprodukt ist: Er wird zu einem zuverl\u00e4ssigen, nat\u00fcrlichen und kosteng\u00fcnstigen Verb\u00fcndeten im Alltag, der die Pflege all Ihrer Oberfl\u00e4chen erleichtert.<\/p>\n<p><!--more--><\/p>\n<p><strong>Vorteile :<\/strong><\/p>\n<ul>\n<li data-start=\"2008\" data-end=\"2074\"><strong>Mehrzweckprodukt<\/strong>: entfettet, entkalkt, reinigt und desodoriert.<\/li>\n<li data-start=\"2077\" data-end=\"2100\">Nat\u00fcrlich und kosteng\u00fcnstig.<\/li>\n<li data-start=\"2103\" data-end=\"2143\">Essig ersetzt viele Haushaltsprodukte.<\/li>\n<li data-start=\"2146\" data-end=\"2179\">Praktisches Format in der <strong>1L-Flasche<\/strong>.<\/li>\n<li data-start=\"2182\" data-end=\"2244\">Schnelle und effektive Wirkung auf allen Oberfl\u00e4chen des Alltags.<\/li>\n<\/ul>\n<p>&nbsp;<\/p>\n<p><!--more--><\/p>\n<h4>Weitere Informationen :<\/h4>\n<ul>\n<li><strong>Verpackung<\/strong>: Einzeln<\/li>\n<li><strong>Volumen<\/strong>: 1 Liter<\/li>\n<li><strong>Farbe<\/strong>: Farblos<\/li>\n<li><strong>pH-Wert<\/strong>: 2.45<\/li>\n<\/ul>\n<p>&nbsp;<\/p>\n<p><!--more--><\/p>\n<p><a href=\"https:\/\/www.csj-emballages.com\/de\/categorie-produit\/hygiene-und-pflege\/pflegeprodukte\/kuche\/\">Sehen Sie sich den Rest unseres Sortiments an Hygieneprodukten f\u00fcr die K\u00fcche an<\/a><\/p>\n","protected":false},"excerpt":{"rendered":"<p>Essig Beschreibung unseres Kristall-Essigs 8% Flasche 1L<\/p>\n","protected":false},"featured_media":254384,"template":"","meta":{"_acf_changed":false},"product_brand":[],"product_cat":[1218,1219,1330,1294],"product_tag":[],"class_list":{"0":"post-254391","1":"product","2":"type-product","3":"status-publish","4":"has-post-thumbnail","6":"product_cat-hygiene-und-pflege","7":"product_cat-pflegeprodukte","8":"product_cat-kuche","9":"product_cat-sanitar","11":"first","12":"instock","13":"taxable","14":"shipping-taxable","15":"purchasable","16":"product-type-simple"},"acf":[],"yoast_head":"<!-- This site is optimized with the Yoast SEO Premium plugin v26.6 (Yoast SEO v26.6) - https:\/\/yoast.com\/wordpress\/plugins\/seo\/ -->\n<title>Cristal Essig 8% Flasche 1L<\/title>\n<meta name=\"description\" content=\"Entdecken Sie den 8%igen Essig in der 1L-Flasche, ein nat\u00fcrliches Muss, um alle Ihre Oberfl\u00e4chen wirksam zu entfetten, zu entkalken, zu reinigen und zu desodorieren.\" \/>\n<meta name=\"robots\" content=\"index, follow, max-snippet:-1, max-image-preview:large, max-video-preview:-1\" \/>\n<link rel=\"canonical\" href=\"https:\/\/www.csj-emballages.com\/de\/produit\/essig-kristall-8-flasche-1l\/\" \/>\n<meta property=\"og:locale\" content=\"de_DE\" \/>\n<meta property=\"og:type\" content=\"article\" \/>\n<meta property=\"og:title\" content=\"Essig Kristall 8% Flasche 1L\" \/>\n<meta property=\"og:description\" content=\"Entdecken Sie den 8%igen Essig in der 1L-Flasche, ein nat\u00fcrliches Muss, um alle Ihre Oberfl\u00e4chen wirksam zu entfetten, zu entkalken, zu reinigen und zu desodorieren.\" \/>\n<meta property=\"og:url\" content=\"https:\/\/www.csj-emballages.com\/de\/produit\/essig-kristall-8-flasche-1l\/\" \/>\n<meta property=\"og:site_name\" content=\"CSJ Emballages\" \/>\n<meta property=\"article:publisher\" content=\"https:\/\/www.facebook.com\/csjemballages\" \/>\n<meta property=\"article:modified_time\" content=\"2026-04-18T00:11:15+00:00\" \/>\n<meta property=\"og:image\" content=\"https:\/\/www.csj-emballages.com\/wp-content\/uploads\/2025\/10\/127086.webp\" \/>\n\t<meta property=\"og:image:width\" content=\"800\" \/>\n\t<meta property=\"og:image:height\" content=\"800\" \/>\n\t<meta property=\"og:image:type\" content=\"image\/webp\" \/>\n<meta name=\"twitter:card\" content=\"summary_large_image\" \/>\n<meta name=\"twitter:label1\" content=\"Gesch\u00e4tzte Lesezeit\" \/>\n\t<meta name=\"twitter:data1\" content=\"2 Minuten\" \/>\n<script type=\"application\/ld+json\" class=\"yoast-schema-graph\">{\"@context\":\"https:\/\/schema.org\",\"@graph\":[{\"@type\":\"WebPage\",\"@id\":\"https:\/\/www.csj-emballages.com\/de\/produit\/essig-kristall-8-flasche-1l\/\",\"url\":\"https:\/\/www.csj-emballages.com\/de\/produit\/essig-kristall-8-flasche-1l\/\",\"name\":\"Cristal Essig 8% Flasche 1L\",\"isPartOf\":{\"@id\":\"https:\/\/www.csj-emballages.com\/de\/#website\"},\"primaryImageOfPage\":{\"@id\":\"https:\/\/www.csj-emballages.com\/de\/produit\/essig-kristall-8-flasche-1l\/#primaryimage\"},\"image\":{\"@id\":\"https:\/\/www.csj-emballages.com\/de\/produit\/essig-kristall-8-flasche-1l\/#primaryimage\"},\"thumbnailUrl\":\"https:\/\/www.csj-emballages.com\/wp-content\/uploads\/2025\/10\/127086.webp\",\"datePublished\":\"2025-10-27T15:18:18+00:00\",\"dateModified\":\"2026-04-18T00:11:15+00:00\",\"description\":\"Entdecken Sie den 8%igen Essig in der 1L-Flasche, ein nat\u00fcrliches Muss, um alle Ihre Oberfl\u00e4chen wirksam zu entfetten, zu entkalken, zu reinigen und zu desodorieren.\",\"breadcrumb\":{\"@id\":\"https:\/\/www.csj-emballages.com\/de\/produit\/essig-kristall-8-flasche-1l\/#breadcrumb\"},\"inLanguage\":\"de\",\"potentialAction\":[{\"@type\":\"ReadAction\",\"target\":[\"https:\/\/www.csj-emballages.com\/de\/produit\/essig-kristall-8-flasche-1l\/\"]}]},{\"@type\":\"ImageObject\",\"inLanguage\":\"de\",\"@id\":\"https:\/\/www.csj-emballages.com\/de\/produit\/essig-kristall-8-flasche-1l\/#primaryimage\",\"url\":\"https:\/\/www.csj-emballages.com\/wp-content\/uploads\/2025\/10\/127086.webp\",\"contentUrl\":\"https:\/\/www.csj-emballages.com\/wp-content\/uploads\/2025\/10\/127086.webp\",\"width\":800,\"height\":800,\"caption\":\"Vinaigre\"},{\"@type\":\"BreadcrumbList\",\"@id\":\"https:\/\/www.csj-emballages.com\/de\/produit\/essig-kristall-8-flasche-1l\/#breadcrumb\",\"itemListElement\":[{\"@type\":\"ListItem\",\"position\":1,\"name\":\"Accueil\",\"item\":\"https:\/\/www.csj-emballages.com\/de\/universum-lebensmittelverpackungen\/\"},{\"@type\":\"ListItem\",\"position\":2,\"name\":\"Shop\",\"item\":\"https:\/\/www.csj-emballages.com\/shop\/\"},{\"@type\":\"ListItem\",\"position\":3,\"name\":\"Essig Kristall 8% Flasche 1L\"}]},{\"@type\":\"WebSite\",\"@id\":\"https:\/\/www.csj-emballages.com\/de\/#website\",\"url\":\"https:\/\/www.csj-emballages.com\/de\/\",\"name\":\"CSJ Emballages\",\"description\":\"\",\"publisher\":{\"@id\":\"https:\/\/www.csj-emballages.com\/de\/#organization\"},\"potentialAction\":[{\"@type\":\"SearchAction\",\"target\":{\"@type\":\"EntryPoint\",\"urlTemplate\":\"https:\/\/www.csj-emballages.com\/de\/?s={search_term_string}\"},\"query-input\":{\"@type\":\"PropertyValueSpecification\",\"valueRequired\":true,\"valueName\":\"search_term_string\"}}],\"inLanguage\":\"de\"},{\"@type\":\"Organization\",\"@id\":\"https:\/\/www.csj-emballages.com\/de\/#Organization\/\",\"name\":\"CSJ Emballages\",\"url\":\"https:\/\/www.csj-emballages.com\/de\/\",\"logo\":{\"@type\":\"ImageObject\",\"inLanguage\":\"de\",\"@id\":\"https:\/\/www.csj-emballages.com\/de\/#\/schema\/logo\/image\/\",\"url\":\"https:\/\/www.csj-emballages.com\/wp-content\/uploads\/2023\/10\/logo_csj.webp\",\"contentUrl\":\"https:\/\/www.csj-emballages.com\/wp-content\/uploads\/2023\/10\/logo_csj.webp\",\"width\":250,\"height\":95,\"caption\":\"CSJ Emballages\"},\"image\":{\"@id\":\"https:\/\/www.csj-emballages.com\/de\/#\/schema\/logo\/image\/\"},\"sameAs\":[\"https:\/\/www.facebook.com\/csjemballages\"],\"address\":{\"@type\":\"PostalAddress\",\"streetAddress\":\"ZI La Lechere\",\"addressLocality\":\"Patornay\",\"postalCode\":\"39130\",\"addressCountry\":\"FR\"},\"contactPoint\":[{\"@type\":\"ContactPoint\",\"contactType\":\"Service client\",\"telephone\":\"0384254272\",\"email\":\"contact@csj-emballages.com\"}]}]}<\/script>\n<!-- \/ Yoast SEO Premium plugin. -->","yoast_head_json":{"title":"Cristal Essig 8% Flasche 1L","description":"Entdecken Sie den 8%igen Essig in der 1L-Flasche, ein nat\u00fcrliches Muss, um alle Ihre Oberfl\u00e4chen wirksam zu entfetten, zu entkalken, zu reinigen und zu desodorieren.","robots":{"index":"index","follow":"follow","max-snippet":"max-snippet:-1","max-image-preview":"max-image-preview:large","max-video-preview":"max-video-preview:-1"},"canonical":"https:\/\/www.csj-emballages.com\/de\/produit\/essig-kristall-8-flasche-1l\/","og_locale":"de_DE","og_type":"article","og_title":"Essig Kristall 8% Flasche 1L","og_description":"Entdecken Sie den 8%igen Essig in der 1L-Flasche, ein nat\u00fcrliches Muss, um alle Ihre Oberfl\u00e4chen wirksam zu entfetten, zu entkalken, zu reinigen und zu desodorieren.","og_url":"https:\/\/www.csj-emballages.com\/de\/produit\/essig-kristall-8-flasche-1l\/","og_site_name":"CSJ Emballages","article_publisher":"https:\/\/www.facebook.com\/csjemballages","article_modified_time":"2026-04-18T00:11:15+00:00","og_image":[{"width":800,"height":800,"url":"https:\/\/www.csj-emballages.com\/wp-content\/uploads\/2025\/10\/127086.webp","type":"image\/webp"}],"twitter_card":"summary_large_image","twitter_misc":{"Gesch\u00e4tzte Lesezeit":"2 Minuten"},"schema":{"@context":"https:\/\/schema.org","@graph":[{"@type":"WebPage","@id":"https:\/\/www.csj-emballages.com\/de\/produit\/essig-kristall-8-flasche-1l\/","url":"https:\/\/www.csj-emballages.com\/de\/produit\/essig-kristall-8-flasche-1l\/","name":"Cristal Essig 8% Flasche 1L","isPartOf":{"@id":"https:\/\/www.csj-emballages.com\/de\/#website"},"primaryImageOfPage":{"@id":"https:\/\/www.csj-emballages.com\/de\/produit\/essig-kristall-8-flasche-1l\/#primaryimage"},"image":{"@id":"https:\/\/www.csj-emballages.com\/de\/produit\/essig-kristall-8-flasche-1l\/#primaryimage"},"thumbnailUrl":"https:\/\/www.csj-emballages.com\/wp-content\/uploads\/2025\/10\/127086.webp","datePublished":"2025-10-27T15:18:18+00:00","dateModified":"2026-04-18T00:11:15+00:00","description":"Entdecken Sie den 8%igen Essig in der 1L-Flasche, ein nat\u00fcrliches Muss, um alle Ihre Oberfl\u00e4chen wirksam zu entfetten, zu entkalken, zu reinigen und zu desodorieren.","breadcrumb":{"@id":"https:\/\/www.csj-emballages.com\/de\/produit\/essig-kristall-8-flasche-1l\/#breadcrumb"},"inLanguage":"de","potentialAction":[{"@type":"ReadAction","target":["https:\/\/www.csj-emballages.com\/de\/produit\/essig-kristall-8-flasche-1l\/"]}]},{"@type":"ImageObject","inLanguage":"de","@id":"https:\/\/www.csj-emballages.com\/de\/produit\/essig-kristall-8-flasche-1l\/#primaryimage","url":"https:\/\/www.csj-emballages.com\/wp-content\/uploads\/2025\/10\/127086.webp","contentUrl":"https:\/\/www.csj-emballages.com\/wp-content\/uploads\/2025\/10\/127086.webp","width":800,"height":800,"caption":"Vinaigre"},{"@type":"BreadcrumbList","@id":"https:\/\/www.csj-emballages.com\/de\/produit\/essig-kristall-8-flasche-1l\/#breadcrumb","itemListElement":[{"@type":"ListItem","position":1,"name":"Accueil","item":"https:\/\/www.csj-emballages.com\/de\/universum-lebensmittelverpackungen\/"},{"@type":"ListItem","position":2,"name":"Shop","item":"https:\/\/www.csj-emballages.com\/shop\/"},{"@type":"ListItem","position":3,"name":"Essig Kristall 8% Flasche 1L"}]},{"@type":"WebSite","@id":"https:\/\/www.csj-emballages.com\/de\/#website","url":"https:\/\/www.csj-emballages.com\/de\/","name":"CSJ Emballages","description":"","publisher":{"@id":"https:\/\/www.csj-emballages.com\/de\/#organization"},"potentialAction":[{"@type":"SearchAction","target":{"@type":"EntryPoint","urlTemplate":"https:\/\/www.csj-emballages.com\/de\/?s={search_term_string}"},"query-input":{"@type":"PropertyValueSpecification","valueRequired":true,"valueName":"search_term_string"}}],"inLanguage":"de"},{"@type":"Organization","@id":"https:\/\/www.csj-emballages.com\/de\/#Organization\/","name":"CSJ Emballages","url":"https:\/\/www.csj-emballages.com\/de\/","logo":{"@type":"ImageObject","inLanguage":"de","@id":"https:\/\/www.csj-emballages.com\/de\/#\/schema\/logo\/image\/","url":"https:\/\/www.csj-emballages.com\/wp-content\/uploads\/2023\/10\/logo_csj.webp","contentUrl":"https:\/\/www.csj-emballages.com\/wp-content\/uploads\/2023\/10\/logo_csj.webp","width":250,"height":95,"caption":"CSJ Emballages"},"image":{"@id":"https:\/\/www.csj-emballages.com\/de\/#\/schema\/logo\/image\/"},"sameAs":["https:\/\/www.facebook.com\/csjemballages"],"address":{"@type":"PostalAddress","streetAddress":"ZI La Lechere","addressLocality":"Patornay","postalCode":"39130","addressCountry":"FR"},"contactPoint":[{"@type":"ContactPoint","contactType":"Service client","telephone":"0384254272","email":"contact@csj-emballages.com"}]}]}},"df_price":1.61,"df_sale_price":"","df_regular_price":1.61,"df_image_link":"https:\/\/www.csj-emballages.com\/wp-content\/uploads\/2025\/10\/127086-300x300.webp","tiered_pricing_type":"fixed","tiered_pricing_fixed_rules":[],"tiered_pricing_percentage_rules":[],"tiered_pricing_minimum":1,"tiered_pricing_roles_data":[],"_links":{"self":[{"href":"https:\/\/www.csj-emballages.com\/de\/wp-json\/wp\/v2\/product\/254391","targetHints":{"allow":["GET"]}}],"collection":[{"href":"https:\/\/www.csj-emballages.com\/de\/wp-json\/wp\/v2\/product"}],"about":[{"href":"https:\/\/www.csj-emballages.com\/de\/wp-json\/wp\/v2\/types\/product"}],"wp:featuredmedia":[{"embeddable":true,"href":"https:\/\/www.csj-emballages.com\/de\/wp-json\/wp\/v2\/media\/254384"}],"wp:attachment":[{"href":"https:\/\/www.csj-emballages.com\/de\/wp-json\/wp\/v2\/media?parent=254391"}],"wp:term":[{"taxonomy":"product_brand","embeddable":true,"href":"https:\/\/www.csj-emballages.com\/de\/wp-json\/wp\/v2\/product_brand?post=254391"},{"taxonomy":"product_cat","embeddable":true,"href":"https:\/\/www.csj-emballages.com\/de\/wp-json\/wp\/v2\/product_cat?post=254391"},{"taxonomy":"product_tag","embeddable":true,"href":"https:\/\/www.csj-emballages.com\/de\/wp-json\/wp\/v2\/product_tag?post=254391"}],"curies":[{"name":"wp","href":"https:\/\/api.w.org\/{rel}","templated":true}]}}