{"id":254334,"date":"2025-10-21T17:18:17","date_gmt":"2025-10-21T15:18:17","guid":{"rendered":"https:\/\/www.csj-emballages.com\/produit\/beutel-fuer-geschnittenes-brot-violett-50-mikron-23-x-5-5-5-5-x-50-cm-pro-100\/"},"modified":"2026-04-25T02:15:40","modified_gmt":"2026-04-25T00:15:40","slug":"beutel-fuer-geschnittenes-brot-violett-50-mikron-23-x-5-5-5-5-x-50-cm-pro-100","status":"publish","type":"product","link":"https:\/\/www.csj-emballages.com\/de\/produit\/beutel-fuer-geschnittenes-brot-violett-50-mikron-23-x-5-5-5-5-x-50-cm-pro-100\/","title":{"rendered":"Beutel f\u00fcr geschnittenes Brot violett 50 Mikron 23 x 5.5 + 5.5 x 50 cm pro 100"},"content":{"rendered":"<h2 class=\"p1\">Brottasche<\/h2>\n<hr>\n<h3>Beschreibung von unserem Brotbeutel geschnitten violett 50 Mikron 23 x 5.5 + 5.5 x 50 cm pro 100<\/h3>\n<p><!--more--><\/p>\n<p data-start=\"271\" data-end=\"776\">Diese <strong>violette<\/strong> <strong data-start=\"369\" data-end=\"383\">Brottasche<\/strong> <strong>aus LDPE<\/strong> wurde f\u00fcr B\u00e4ckereien, Catering-Unternehmen oder Take-away-Profis entwickelt und ist die ideale Verpackung, um Ihr geschnittenes Brot in Szene zu setzen. Dank seiner Herstellung aus <g id=\"gid_2\">LDPE mit Makroperforation<\/g> sorgt er f\u00fcr eine ausgezeichnete Bel\u00fcftung des Brotes und h\u00e4lt es so l\u00e4nger frisch. Gleichzeitig verhindert diese Konstruktion auch die Kondensation, was bei der Arbeit mit geschnittenem Brot von entscheidender Bedeutung ist.  <\/p>\n<p data-start=\"778\" data-end=\"1287\">Diese <strong data-start=\"781\" data-end=\"803\">T\u00fcte f\u00fcr geschnittenes Brot<\/strong> zeichnet sich durch ihre <strong>moderne<\/strong>, leicht erkennbare <strong>violette Farbe<\/strong> aus, die Ihren Verkaufsst\u00e4nden einen gepflegten optischen Akzent verleiht. Dar\u00fcber hinaus ist sie mit einer Dicke von <g id=\"gid_2\">50 Mikron<\/g> besonders robust: Sie h\u00e4lt wiederholter Handhabung stand und sch\u00fctzt den Inhalt zuverl\u00e4ssig. Die Ma\u00dfe <strong>23 x 5,5 + 5,5 x 50 cm<\/strong> wurden so gew\u00e4hlt, dass die meisten Standard-Schnitten darin Platz finden.  <\/p>\n<p data-start=\"1289\" data-end=\"1715\">Au\u00dferdem erf\u00fcllt sie alle Anforderungen an eine verantwortungsvolle Verpackung. Sie ist <strong data-start=\"1373\" data-end=\"1387\">recycelbar,<\/strong> <strong data-start=\"1389\" data-end=\"1405\">wiederverwendbar<\/strong> und f\u00fcr den <strong data-start=\"1418\" data-end=\"1441\">Kontakt mit Lebensmitteln<\/strong> zertifiziert, was Ihren Kunden Sicherheit gibt und gleichzeitig Ihr Engagement f\u00fcr die Umwelt st\u00e4rkt. So kombinieren Sie Praktikabilit\u00e4t, Qualit\u00e4t und Nachhaltigkeit ohne Kompromisse. Da sie <strong>in Packungen zu 100 St\u00fcck verkauft wird<\/strong>, ist sie eine kosteng\u00fcnstige L\u00f6sung f\u00fcr die t\u00e4gliche Verpackung Ihrer geschnittenen Brote.   <\/p>\n<p data-start=\"1717\" data-end=\"1895\">Mit dieser <strong>Tasche<\/strong> erleichtern Sie Ihre Organisation, werten Ihre Produkte auf und zeigen Ihren Kunden, dass Ihnen die Pr\u00e4sentation genauso wichtig ist wie die Qualit\u00e4t.<\/p>\n<p>&nbsp;<\/p>\n<p><!--more--><\/p>\n<p><strong>Vorteile :<\/strong><\/p>\n<ul>\n<li data-start=\"1934\" data-end=\"2004\">Herstellung aus <strong data-start=\"1949\" data-end=\"1973\">LDPE, perforiertes Makro<\/strong> f\u00fcr eine bessere Bel\u00fcftung.<\/li>\n<li data-start=\"2007\" data-end=\"2072\"><strong data-start=\"2007\" data-end=\"2021\">Recycelbar<\/strong> und <strong data-start=\"2025\" data-end=\"2041\">wiederverwendbar<\/strong>: eine verantwortungsvollere Wahl.<\/li>\n<li data-start=\"2075\" data-end=\"2137\">Zertifiziert f\u00fcr <strong data-start=\"2084\" data-end=\"2107\">Lebensmittelkontakt<\/strong> f\u00fcr optimale Sicherheit.<\/li>\n<li data-start=\"2140\" data-end=\"2192\">Widerstandsf\u00e4hig dank einer Dicke von <strong data-start=\"2175\" data-end=\"2189\">50 Mikron<\/strong>.<\/li>\n<li data-start=\"2195\" data-end=\"2241\">Gr\u00f6\u00dfe passt zu Standard-Schnittenbrot.<\/li>\n<li data-start=\"2244\" data-end=\"2296\">Moderne <strong>violette<\/strong> Farbe f\u00fcr eine bessere Sichtbarkeit.<\/li>\n<\/ul>\n<p>&nbsp;<\/p>\n<p><!--more--><\/p>\n<h4>Weitere Informationen :<\/h4>\n<ul>\n<li><strong>Verpackung<\/strong>: Packung mit 100 St\u00fcck<\/li>\n<li><strong>Ma\u00dfe<\/strong>: 23 x 5.5 + 5.5 x 50 cm<\/li>\n<li><strong>Widerstand<\/strong>: 50 Mikron<\/li>\n<li><strong>Material<\/strong>: LDPE<\/li>\n<li><strong>Farbe<\/strong>: Transparent \/ Violett<\/li>\n<\/ul>\n<p>&nbsp;<\/p>\n<p><!--more--><\/p>\n<p>Diese Brottasche ist in verschiedenen Gr\u00f6\u00dfen erh\u00e4ltlich : <span style=\"color: #d12727;\"><a style=\"color: #d12727;\" href=\"https:\/\/www.csj-emballages.com\/es\/produit\/bolsa-amarilla-para-pan-de-molde-50-micras-12-x-5-5-x-35-cm-por-100\/\">12 x 5 + 5 x 35 cm<\/a><\/span> \/ <span style=\"color: #d12727;\"><a style=\"color: #d12727;\" href=\"https:\/\/www.csj-emballages.com\/es\/produit\/200-bolsas-verdes-para-pan-de-molde-20-micras-16-x-5-5-x-35-cm\/\">16 x 5 + 5 x 35 cm<\/a><\/span> \/ <span style=\"color: #d12727;\"><a style=\"color: #d12727;\" href=\"https:\/\/www.csj-emballages.com\/es\/produit\/bolsa-azul-para-pan-de-molde-50-micras-16-x-5-5-x-45-cm-por-100\/\">16 x 5 + 5 x 45 cm<\/a> <\/span>\/<span style=\"color: #d12727;\"> <a style=\"color: #d12727;\" href=\"https:\/\/www.csj-emballages.com\/es\/produit\/bolsa-para-pan-de-molde-beige-50-micras-23-x-4-4-x-42-cm-por-100\/\">23 x 4 + 4 x 42 cm<\/a> <span style=\"color: #000000;\">\/<\/span> <a style=\"color: #d12727;\" href=\"https:\/\/www.csj-emballages.com\/es\/produit\/bolsa-roja-para-pan-de-molde-50-micras-16-x-5-5-x-60-cm-por-100\/\">16 x 5 +5 x 60 cm<\/a><\/span><\/p>\n<p>&nbsp;<\/p>\n<p><!--more--><\/p>\n<p><a href=\"\/?product_cat=sacs-pain-tranche\">Sehen Sie sich den Rest unseres Sortiments an Brotschneidet\u00fcten an.<\/a><\/p>\n","protected":false},"excerpt":{"rendered":"<p>Brottasche Beschreibung von unserem Brotbeutel geschnitten violett 50 Mikron 23 x 5.5 + 5.5 x 50 cm pro 100<\/p>\n","protected":false},"featured_media":254327,"template":"","meta":{"_acf_changed":false},"product_brand":[],"product_cat":[1137,1171,3967,1661,1668],"product_tag":[],"class_list":{"0":"post-254334","1":"product","2":"type-product","3":"status-publish","4":"has-post-thumbnail","6":"product_cat-lebensmittelverpackungen","7":"product_cat-backerei-und-konditorei","8":"product_cat-sacke-beutel-und-papier","9":"product_cat-sacheries-de","10":"product_cat-beutel-mit-geschnittenem-brot","12":"first","13":"instock","14":"taxable","15":"shipping-taxable","16":"purchasable","17":"product-type-simple"},"acf":[],"yoast_head":"<!-- This site is optimized with the Yoast SEO Premium plugin v26.6 (Yoast SEO v26.6) - https:\/\/yoast.com\/wordpress\/plugins\/seo\/ -->\n<title>Tasche f\u00fcr geschnittenes Brot Violett 50 Mikron 23 x 5.5 + 5.5 x 50 cm<\/title>\n<meta name=\"description\" content=\"Violette 50-Mikron-T\u00fcte f\u00fcr geschnittenes Brot, makroperforiert, recycelbar und mit Lebensmittelkontakt. Ideal zum Aufbewahren und Pr\u00e4sentieren von geschnittenem Brot.\" \/>\n<meta name=\"robots\" content=\"index, follow, max-snippet:-1, max-image-preview:large, max-video-preview:-1\" \/>\n<link rel=\"canonical\" href=\"https:\/\/www.csj-emballages.com\/de\/produit\/beutel-fuer-geschnittenes-brot-violett-50-mikron-23-x-5-5-5-5-x-50-cm-pro-100\/\" \/>\n<meta property=\"og:locale\" content=\"de_DE\" \/>\n<meta property=\"og:type\" content=\"article\" \/>\n<meta property=\"og:title\" content=\"Beutel f\u00fcr geschnittenes Brot violett 50 Mikron 23 x 5.5 + 5.5 x 50 cm pro 100\" \/>\n<meta property=\"og:description\" content=\"Violette 50-Mikron-T\u00fcte f\u00fcr geschnittenes Brot, makroperforiert, recycelbar und mit Lebensmittelkontakt. Ideal zum Aufbewahren und Pr\u00e4sentieren von geschnittenem Brot.\" \/>\n<meta property=\"og:url\" content=\"https:\/\/www.csj-emballages.com\/de\/produit\/beutel-fuer-geschnittenes-brot-violett-50-mikron-23-x-5-5-5-5-x-50-cm-pro-100\/\" \/>\n<meta property=\"og:site_name\" content=\"CSJ Emballages\" \/>\n<meta property=\"article:publisher\" content=\"https:\/\/www.facebook.com\/csjemballages\" \/>\n<meta property=\"article:modified_time\" content=\"2026-04-25T00:15:40+00:00\" \/>\n<meta property=\"og:image\" content=\"https:\/\/www.csj-emballages.com\/wp-content\/uploads\/2025\/10\/SPBEI50-Modifie.webp\" \/>\n\t<meta property=\"og:image:width\" content=\"800\" \/>\n\t<meta property=\"og:image:height\" content=\"800\" \/>\n\t<meta property=\"og:image:type\" content=\"image\/jpeg\" \/>\n<meta name=\"twitter:card\" content=\"summary_large_image\" \/>\n<meta name=\"twitter:label1\" content=\"Gesch\u00e4tzte Lesezeit\" \/>\n\t<meta name=\"twitter:data1\" content=\"2 Minuten\" \/>\n<script type=\"application\/ld+json\" class=\"yoast-schema-graph\">{\"@context\":\"https:\/\/schema.org\",\"@graph\":[{\"@type\":\"WebPage\",\"@id\":\"https:\/\/www.csj-emballages.com\/de\/produit\/beutel-fuer-geschnittenes-brot-violett-50-mikron-23-x-5-5-5-5-x-50-cm-pro-100\/\",\"url\":\"https:\/\/www.csj-emballages.com\/de\/produit\/beutel-fuer-geschnittenes-brot-violett-50-mikron-23-x-5-5-5-5-x-50-cm-pro-100\/\",\"name\":\"Tasche f\u00fcr geschnittenes Brot Violett 50 Mikron 23 x 5.5 + 5.5 x 50 cm\",\"isPartOf\":{\"@id\":\"https:\/\/www.csj-emballages.com\/de\/#website\"},\"primaryImageOfPage\":{\"@id\":\"https:\/\/www.csj-emballages.com\/de\/produit\/beutel-fuer-geschnittenes-brot-violett-50-mikron-23-x-5-5-5-5-x-50-cm-pro-100\/#primaryimage\"},\"image\":{\"@id\":\"https:\/\/www.csj-emballages.com\/de\/produit\/beutel-fuer-geschnittenes-brot-violett-50-mikron-23-x-5-5-5-5-x-50-cm-pro-100\/#primaryimage\"},\"thumbnailUrl\":\"https:\/\/www.csj-emballages.com\/wp-content\/uploads\/2025\/10\/SPBEI50-Modifie.webp\",\"datePublished\":\"2025-10-21T15:18:17+00:00\",\"dateModified\":\"2026-04-25T00:15:40+00:00\",\"description\":\"Violette 50-Mikron-T\u00fcte f\u00fcr geschnittenes Brot, makroperforiert, recycelbar und mit Lebensmittelkontakt. Ideal zum Aufbewahren und Pr\u00e4sentieren von geschnittenem Brot.\",\"breadcrumb\":{\"@id\":\"https:\/\/www.csj-emballages.com\/de\/produit\/beutel-fuer-geschnittenes-brot-violett-50-mikron-23-x-5-5-5-5-x-50-cm-pro-100\/#breadcrumb\"},\"inLanguage\":\"de\",\"potentialAction\":[{\"@type\":\"ReadAction\",\"target\":[\"https:\/\/www.csj-emballages.com\/de\/produit\/beutel-fuer-geschnittenes-brot-violett-50-mikron-23-x-5-5-5-5-x-50-cm-pro-100\/\"]}]},{\"@type\":\"ImageObject\",\"inLanguage\":\"de\",\"@id\":\"https:\/\/www.csj-emballages.com\/de\/produit\/beutel-fuer-geschnittenes-brot-violett-50-mikron-23-x-5-5-5-5-x-50-cm-pro-100\/#primaryimage\",\"url\":\"https:\/\/www.csj-emballages.com\/wp-content\/uploads\/2025\/10\/SPBEI50-Modifie.webp\",\"contentUrl\":\"https:\/\/www.csj-emballages.com\/wp-content\/uploads\/2025\/10\/SPBEI50-Modifie.webp\",\"width\":800,\"height\":800,\"caption\":\"Sac \u00e0 pain\"},{\"@type\":\"BreadcrumbList\",\"@id\":\"https:\/\/www.csj-emballages.com\/de\/produit\/beutel-fuer-geschnittenes-brot-violett-50-mikron-23-x-5-5-5-5-x-50-cm-pro-100\/#breadcrumb\",\"itemListElement\":[{\"@type\":\"ListItem\",\"position\":1,\"name\":\"Accueil\",\"item\":\"https:\/\/www.csj-emballages.com\/de\/universum-lebensmittelverpackungen\/\"},{\"@type\":\"ListItem\",\"position\":2,\"name\":\"Shop\",\"item\":\"https:\/\/www.csj-emballages.com\/shop\/\"},{\"@type\":\"ListItem\",\"position\":3,\"name\":\"Beutel f\u00fcr geschnittenes Brot violett 50 Mikron 23 x 5.5 + 5.5 x 50 cm pro 100\"}]},{\"@type\":\"WebSite\",\"@id\":\"https:\/\/www.csj-emballages.com\/de\/#website\",\"url\":\"https:\/\/www.csj-emballages.com\/de\/\",\"name\":\"CSJ Emballages\",\"description\":\"\",\"publisher\":{\"@id\":\"https:\/\/www.csj-emballages.com\/de\/#organization\"},\"potentialAction\":[{\"@type\":\"SearchAction\",\"target\":{\"@type\":\"EntryPoint\",\"urlTemplate\":\"https:\/\/www.csj-emballages.com\/de\/?s={search_term_string}\"},\"query-input\":{\"@type\":\"PropertyValueSpecification\",\"valueRequired\":true,\"valueName\":\"search_term_string\"}}],\"inLanguage\":\"de\"},{\"@type\":\"Organization\",\"@id\":\"https:\/\/www.csj-emballages.com\/de\/#Organization\/\",\"name\":\"CSJ Emballages\",\"url\":\"https:\/\/www.csj-emballages.com\/de\/\",\"logo\":{\"@type\":\"ImageObject\",\"inLanguage\":\"de\",\"@id\":\"https:\/\/www.csj-emballages.com\/de\/#\/schema\/logo\/image\/\",\"url\":\"https:\/\/www.csj-emballages.com\/wp-content\/uploads\/2023\/10\/logo_csj.webp\",\"contentUrl\":\"https:\/\/www.csj-emballages.com\/wp-content\/uploads\/2023\/10\/logo_csj.webp\",\"width\":250,\"height\":95,\"caption\":\"CSJ Emballages\"},\"image\":{\"@id\":\"https:\/\/www.csj-emballages.com\/de\/#\/schema\/logo\/image\/\"},\"sameAs\":[\"https:\/\/www.facebook.com\/csjemballages\"],\"address\":{\"@type\":\"PostalAddress\",\"streetAddress\":\"ZI La Lechere\",\"addressLocality\":\"Patornay\",\"postalCode\":\"39130\",\"addressCountry\":\"FR\"},\"contactPoint\":[{\"@type\":\"ContactPoint\",\"contactType\":\"Service client\",\"telephone\":\"0384254272\",\"email\":\"contact@csj-emballages.com\"}]}]}<\/script>\n<!-- \/ Yoast SEO Premium plugin. -->","yoast_head_json":{"title":"Tasche f\u00fcr geschnittenes Brot Violett 50 Mikron 23 x 5.5 + 5.5 x 50 cm","description":"Violette 50-Mikron-T\u00fcte f\u00fcr geschnittenes Brot, makroperforiert, recycelbar und mit Lebensmittelkontakt. Ideal zum Aufbewahren und Pr\u00e4sentieren von geschnittenem Brot.","robots":{"index":"index","follow":"follow","max-snippet":"max-snippet:-1","max-image-preview":"max-image-preview:large","max-video-preview":"max-video-preview:-1"},"canonical":"https:\/\/www.csj-emballages.com\/de\/produit\/beutel-fuer-geschnittenes-brot-violett-50-mikron-23-x-5-5-5-5-x-50-cm-pro-100\/","og_locale":"de_DE","og_type":"article","og_title":"Beutel f\u00fcr geschnittenes Brot violett 50 Mikron 23 x 5.5 + 5.5 x 50 cm pro 100","og_description":"Violette 50-Mikron-T\u00fcte f\u00fcr geschnittenes Brot, makroperforiert, recycelbar und mit Lebensmittelkontakt. Ideal zum Aufbewahren und Pr\u00e4sentieren von geschnittenem Brot.","og_url":"https:\/\/www.csj-emballages.com\/de\/produit\/beutel-fuer-geschnittenes-brot-violett-50-mikron-23-x-5-5-5-5-x-50-cm-pro-100\/","og_site_name":"CSJ Emballages","article_publisher":"https:\/\/www.facebook.com\/csjemballages","article_modified_time":"2026-04-25T00:15:40+00:00","og_image":[{"width":800,"height":800,"url":"https:\/\/www.csj-emballages.com\/wp-content\/uploads\/2025\/10\/SPBEI50-Modifie.webp","type":"image\/jpeg"}],"twitter_card":"summary_large_image","twitter_misc":{"Gesch\u00e4tzte Lesezeit":"2 Minuten"},"schema":{"@context":"https:\/\/schema.org","@graph":[{"@type":"WebPage","@id":"https:\/\/www.csj-emballages.com\/de\/produit\/beutel-fuer-geschnittenes-brot-violett-50-mikron-23-x-5-5-5-5-x-50-cm-pro-100\/","url":"https:\/\/www.csj-emballages.com\/de\/produit\/beutel-fuer-geschnittenes-brot-violett-50-mikron-23-x-5-5-5-5-x-50-cm-pro-100\/","name":"Tasche f\u00fcr geschnittenes Brot Violett 50 Mikron 23 x 5.5 + 5.5 x 50 cm","isPartOf":{"@id":"https:\/\/www.csj-emballages.com\/de\/#website"},"primaryImageOfPage":{"@id":"https:\/\/www.csj-emballages.com\/de\/produit\/beutel-fuer-geschnittenes-brot-violett-50-mikron-23-x-5-5-5-5-x-50-cm-pro-100\/#primaryimage"},"image":{"@id":"https:\/\/www.csj-emballages.com\/de\/produit\/beutel-fuer-geschnittenes-brot-violett-50-mikron-23-x-5-5-5-5-x-50-cm-pro-100\/#primaryimage"},"thumbnailUrl":"https:\/\/www.csj-emballages.com\/wp-content\/uploads\/2025\/10\/SPBEI50-Modifie.webp","datePublished":"2025-10-21T15:18:17+00:00","dateModified":"2026-04-25T00:15:40+00:00","description":"Violette 50-Mikron-T\u00fcte f\u00fcr geschnittenes Brot, makroperforiert, recycelbar und mit Lebensmittelkontakt. Ideal zum Aufbewahren und Pr\u00e4sentieren von geschnittenem Brot.","breadcrumb":{"@id":"https:\/\/www.csj-emballages.com\/de\/produit\/beutel-fuer-geschnittenes-brot-violett-50-mikron-23-x-5-5-5-5-x-50-cm-pro-100\/#breadcrumb"},"inLanguage":"de","potentialAction":[{"@type":"ReadAction","target":["https:\/\/www.csj-emballages.com\/de\/produit\/beutel-fuer-geschnittenes-brot-violett-50-mikron-23-x-5-5-5-5-x-50-cm-pro-100\/"]}]},{"@type":"ImageObject","inLanguage":"de","@id":"https:\/\/www.csj-emballages.com\/de\/produit\/beutel-fuer-geschnittenes-brot-violett-50-mikron-23-x-5-5-5-5-x-50-cm-pro-100\/#primaryimage","url":"https:\/\/www.csj-emballages.com\/wp-content\/uploads\/2025\/10\/SPBEI50-Modifie.webp","contentUrl":"https:\/\/www.csj-emballages.com\/wp-content\/uploads\/2025\/10\/SPBEI50-Modifie.webp","width":800,"height":800,"caption":"Sac \u00e0 pain"},{"@type":"BreadcrumbList","@id":"https:\/\/www.csj-emballages.com\/de\/produit\/beutel-fuer-geschnittenes-brot-violett-50-mikron-23-x-5-5-5-5-x-50-cm-pro-100\/#breadcrumb","itemListElement":[{"@type":"ListItem","position":1,"name":"Accueil","item":"https:\/\/www.csj-emballages.com\/de\/universum-lebensmittelverpackungen\/"},{"@type":"ListItem","position":2,"name":"Shop","item":"https:\/\/www.csj-emballages.com\/shop\/"},{"@type":"ListItem","position":3,"name":"Beutel f\u00fcr geschnittenes Brot violett 50 Mikron 23 x 5.5 + 5.5 x 50 cm pro 100"}]},{"@type":"WebSite","@id":"https:\/\/www.csj-emballages.com\/de\/#website","url":"https:\/\/www.csj-emballages.com\/de\/","name":"CSJ Emballages","description":"","publisher":{"@id":"https:\/\/www.csj-emballages.com\/de\/#organization"},"potentialAction":[{"@type":"SearchAction","target":{"@type":"EntryPoint","urlTemplate":"https:\/\/www.csj-emballages.com\/de\/?s={search_term_string}"},"query-input":{"@type":"PropertyValueSpecification","valueRequired":true,"valueName":"search_term_string"}}],"inLanguage":"de"},{"@type":"Organization","@id":"https:\/\/www.csj-emballages.com\/de\/#Organization\/","name":"CSJ Emballages","url":"https:\/\/www.csj-emballages.com\/de\/","logo":{"@type":"ImageObject","inLanguage":"de","@id":"https:\/\/www.csj-emballages.com\/de\/#\/schema\/logo\/image\/","url":"https:\/\/www.csj-emballages.com\/wp-content\/uploads\/2023\/10\/logo_csj.webp","contentUrl":"https:\/\/www.csj-emballages.com\/wp-content\/uploads\/2023\/10\/logo_csj.webp","width":250,"height":95,"caption":"CSJ Emballages"},"image":{"@id":"https:\/\/www.csj-emballages.com\/de\/#\/schema\/logo\/image\/"},"sameAs":["https:\/\/www.facebook.com\/csjemballages"],"address":{"@type":"PostalAddress","streetAddress":"ZI La Lechere","addressLocality":"Patornay","postalCode":"39130","addressCountry":"FR"},"contactPoint":[{"@type":"ContactPoint","contactType":"Service client","telephone":"0384254272","email":"contact@csj-emballages.com"}]}]}},"df_price":6.5,"df_sale_price":"","df_regular_price":6.5,"df_image_link":"https:\/\/www.csj-emballages.com\/wp-content\/uploads\/2025\/10\/SPBEI50-Modifie-300x300.webp","tiered_pricing_type":"fixed","tiered_pricing_fixed_rules":[],"tiered_pricing_percentage_rules":[],"tiered_pricing_minimum":1,"tiered_pricing_roles_data":[],"_links":{"self":[{"href":"https:\/\/www.csj-emballages.com\/de\/wp-json\/wp\/v2\/product\/254334","targetHints":{"allow":["GET"]}}],"collection":[{"href":"https:\/\/www.csj-emballages.com\/de\/wp-json\/wp\/v2\/product"}],"about":[{"href":"https:\/\/www.csj-emballages.com\/de\/wp-json\/wp\/v2\/types\/product"}],"wp:featuredmedia":[{"embeddable":true,"href":"https:\/\/www.csj-emballages.com\/de\/wp-json\/wp\/v2\/media\/254327"}],"wp:attachment":[{"href":"https:\/\/www.csj-emballages.com\/de\/wp-json\/wp\/v2\/media?parent=254334"}],"wp:term":[{"taxonomy":"product_brand","embeddable":true,"href":"https:\/\/www.csj-emballages.com\/de\/wp-json\/wp\/v2\/product_brand?post=254334"},{"taxonomy":"product_cat","embeddable":true,"href":"https:\/\/www.csj-emballages.com\/de\/wp-json\/wp\/v2\/product_cat?post=254334"},{"taxonomy":"product_tag","embeddable":true,"href":"https:\/\/www.csj-emballages.com\/de\/wp-json\/wp\/v2\/product_tag?post=254334"}],"curies":[{"name":"wp","href":"https:\/\/api.w.org\/{rel}","templated":true}]}}