{"id":253245,"date":"2025-10-22T15:18:17","date_gmt":"2025-10-22T13:18:17","guid":{"rendered":"https:\/\/www.csj-emballages.com\/produit\/kuchenstaender-rund-weiss-schwarz-karton-o26-cm-pro-100\/"},"modified":"2026-05-08T02:15:30","modified_gmt":"2026-05-08T00:15:30","slug":"kuchenstaender-rund-weiss-schwarz-karton-o26-cm-pro-100","status":"publish","type":"product","link":"https:\/\/www.csj-emballages.com\/de\/produit\/kuchenstaender-rund-weiss-schwarz-karton-o26-cm-pro-100\/","title":{"rendered":"Kuchenst\u00e4nder rund wei\u00df \/ schwarz Karton \u00f826 cm pro 100"},"content":{"rendered":"<div style=\"font-family: Roboto, sans-serif;\">\n<h2 class=\"p1\">Kuchenhalter<\/h2>\n<hr>\n<h3>Beschreibung von unserem Kuchenst\u00e4nder rund wei\u00df \/ schwarz Karton \u00f826 cm pro 100<\/h3>\n<p><!--more--><\/p>\n<p data-start=\"259\" data-end=\"555\">Der <strong data-start=\"262\" data-end=\"312\">runde Tortenunterleger aus wei\u00dfem\/schwarzem Karton \u00f826 cm<\/strong> ist ein echtes Must-have, um Ihre Torten stilvoll und einfach zu pr\u00e4sentieren. Stabil, elegant und praktisch begleitet er Sie bei all Ihren Zubereitungen, sei es f\u00fcr eine Geb\u00e4ckvitrine, ein Buffet oder ein einfaches hausgemachtes Dessert.<\/p>\n<p data-start=\"557\" data-end=\"982\">Hergestellt aus <strong data-start=\"566\" data-end=\"594\">hochwertigem, stabilem Karton<\/strong>, bietet er <strong data-start=\"609\" data-end=\"633\">hervorragende Stabilit\u00e4t<\/strong> und tr\u00e4gt m\u00fchelos das Gewicht Ihrer Kuchen, Desserts oder Torten. Mit seinem <strong data-start=\"712\" data-end=\"733\">Durchmesser von 26 cm<\/strong> eignet er sich perfekt f\u00fcr <strong data-start=\"764\" data-end=\"786\">Kuchen zum Teilen<\/strong>, <strong data-start=\"792\" data-end=\"817\">gr\u00f6\u00dfere Kreationen<\/strong> oder <strong data-start=\"825\" data-end=\"843\">Etagenkuchen<\/strong>. Dar\u00fcber hinaus m\u00fcssen Sie nicht mehr bef\u00fcrchten, dass sich ein Kuchenboden w\u00e4hrend des Transports verbiegt oder besch\u00e4digt: Dieser Unterleger gew\u00e4hrleistet eine zuverl\u00e4ssige und widerstandsf\u00e4hige Basis.<\/p>\n<p data-start=\"984\" data-end=\"1342\">Was ihn noch praktischer macht, ist seine <strong data-start=\"1036\" data-end=\"1051\">doppelseitige Ausf\u00fchrung<\/strong>. Auf der einen Seite eine <strong data-start=\"1068\" data-end=\"1087\">wei\u00dfe Oberfl\u00e4che<\/strong> f\u00fcr ein schlichtes und helles Erscheinungsbild, perfekt f\u00fcr klassische Pr\u00e4sentationen. Auf der anderen Seite eine <strong data-start=\"1180\" data-end=\"1194\">schwarze Fl\u00e4che<\/strong>, die Ihren Desserts einen modernen und schicken Touch verleiht. Mit einem Handgriff w\u00e4hlen Sie den Stil, der zu Ihrem Event oder Ihrer Vitrine passt.<\/p>\n<p data-start=\"1344\" data-end=\"1611\">Ebenso, im <strong data-start=\"1354\" data-end=\"1368\">100er-Pack<\/strong> erh\u00e4ltlich, ist dieser Unterleger ideal f\u00fcr <strong data-start=\"1400\" data-end=\"1418\">Profis<\/strong> sowie f\u00fcr <strong data-start=\"1434\" data-end=\"1448\">Liebhaber<\/strong>, die <strong data-start=\"1468\" data-end=\"1517\">Zeitgewinn, Sauberkeit und eine ansprechende Pr\u00e4sentation<\/strong> verbinden m\u00f6chten. Leicht, hygienisch und feuchtigkeitsbest\u00e4ndig, ist er ebenso einfach zu handhaben wie zu lagern.<\/p>\n<p data-start=\"1613\" data-end=\"1816\">Kurz gesagt, der <strong data-start=\"1625\" data-end=\"1675\">runde Kuchenst\u00e4nder wei\u00df\/schwarzer Karton \u00f826 cm<\/strong> ist das kleine Detail, das den Unterschied ausmacht: eine solide, saubere und elegante Basis, auf der Ihre sch\u00f6nsten Kreationen zur Geltung kommen.<\/p>\n<p data-start=\"1367\" data-end=\"1669\"><!--more--><\/p>\n<h4 data-start=\"1367\" data-end=\"1669\">Vorteile :<\/h4>\n<ul>\n<li data-start=\"1760\" data-end=\"1823\">Zwei Seiten: <strong data-start=\"1773\" data-end=\"1790\">wei\u00df und schwarz<\/strong>, um die Pr\u00e4sentation zu variieren.<\/li>\n<li data-start=\"1826\" data-end=\"1887\"><strong data-start=\"1826\" data-end=\"1856\">Steife<\/strong>, feuchtigkeits- und <strong data-start=\"1826\" data-end=\"1856\">fettbest\u00e4ndige Pappe<\/strong>.<\/li>\n<li data-start=\"1890\" data-end=\"1955\"><strong data-start=\"1890\" data-end=\"1908\">Durchmesser 26 cm<\/strong>, perfekt f\u00fcr viele Kuchenformate.<\/li>\n<li data-start=\"1958\" data-end=\"2001\"><strong data-start=\"1958\" data-end=\"1977\">Leicht und stabil<\/strong>, bequem zu handhaben.<\/li>\n<li data-start=\"2004\" data-end=\"2063\"><strong data-start=\"2004\" data-end=\"2021\">Wird zu 100 St\u00fcck verkauft<\/strong>, ist sparsam und immer einsatzbereit.<\/li>\n<\/ul>\n<p>&nbsp;<\/p>\n<p><!--more--><\/p>\n<h4>Weitere Informationen :<\/h4>\n<ul>\n<li><strong>Verpackung<\/strong>: Packung mit 100 St\u00fcck<\/li>\n<li><strong>Durchmesser<\/strong>: 26 cm<\/li>\n<li><strong>Farbe<\/strong>: Wei\u00df \/ Schwarz<\/li>\n<li><strong>Material<\/strong>: Karton<\/li>\n<\/ul>\n<\/div>\n<div style=\"font-family: Roboto, sans-serif;\">\n<p>&nbsp;<\/p>\n<p><!--more--><\/p>\n<\/div>\n<p>Dieser Kuchenst\u00e4nder ist in verschiedenen Gr\u00f6\u00dfen erh\u00e4ltlich : <span style=\"color: #d12727;\"><a style=\"color: #d12727;\" href=\"https:\/\/www.csj-emballages.com\/pt-pt\/produit\/suporte-para-bolos-redondo-em-cartao-branco-preto-o16-cm-por-100\/\">\u00d816 cm<\/a><\/span> \/ <span style=\"color: #d12727;\"><a style=\"color: #d12727;\" href=\"https:\/\/www.csj-emballages.com\/pt-pt\/produit\/suporte-para-bolos-redondo-em-cartao-branco-preto-o18-cm-por-100\/\">\u00d818 cm<\/a><\/span> \/ <span style=\"color: #d12727;\"><a style=\"color: #d12727;\" href=\"https:\/\/www.csj-emballages.com\/pt-pt\/produit\/suporte-para-bolos-redondo-em-cartao-branco-preto-o20-cm-por-100\/\">\u00d820 cm<\/a><\/span> \/ <span style=\"color: #d12727;\"><a style=\"color: #d12727;\" href=\"https:\/\/www.csj-emballages.com\/pt-pt\/produit\/suporte-para-bolos-redondo-em-cartao-branco-preto-o22-cm-por-100\/\">\u00d822 cm<\/a><\/span> \/ <span style=\"color: #d12727;\"><a style=\"color: #d12727;\" href=\"https:\/\/www.csj-emballages.com\/pt-pt\/produit\/suporte-para-bolos-redondo-em-cartao-branco-preto-o28-cm-por-100\/\">\u00d828 cm<\/a><\/span><\/p>\n<p>&nbsp;<\/p>\n<div style=\"font-family: Roboto, sans-serif;\">\n<p><!--more--><\/p>\n<p><a href=\"https:\/\/www.csj-emballages.com\/de\/categorie-produit\/lebensmittelverpackungen\/backerei-und-konditorei\/kuchensohlenhalter\/runde-kuchenstander\/kuchenstander-weis-schwarz\/\">Sehen Sie sich den Rest unseres Sortiments an wei\u00dfen \/ schwarzen Kuchenst\u00e4ndern an<\/a><\/p>\n<\/div>\n","protected":false},"excerpt":{"rendered":"<p>Kuchenhalter Beschreibung von unserem Kuchenst\u00e4nder rund wei\u00df \/ schwarz Karton \u00f826 cm pro 100<\/p>\n","protected":false},"featured_media":253238,"template":"","meta":{"_acf_changed":false},"product_brand":[],"product_cat":[1137,1171,1925,10081,10082],"product_tag":[],"class_list":{"0":"post-253245","1":"product","2":"type-product","3":"status-publish","4":"has-post-thumbnail","6":"product_cat-lebensmittelverpackungen","7":"product_cat-backerei-und-konditorei","8":"product_cat-kuchensohlenhalter","9":"product_cat-runde-kuchenstander","10":"product_cat-kuchenstander-weis-schwarz","12":"first","13":"instock","14":"taxable","15":"shipping-taxable","16":"purchasable","17":"product-type-simple"},"acf":[],"yoast_head":"<!-- This site is optimized with the Yoast SEO Premium plugin v26.6 (Yoast SEO v26.6) - https:\/\/yoast.com\/wordpress\/plugins\/seo\/ -->\n<title>Kuchenst\u00e4nder Rund Wei\u00df \/ Schwarz Karton \u00f826 cm pro 100<\/title>\n<meta name=\"description\" content=\"Runder Kuchenst\u00e4nder wei\u00df\/schwarz \u00f826 cm. Stabil, praktisch und elegant: die perfekte Basis, um Ihre Kuchen sicher zu pr\u00e4sentieren oder zu transportieren.\" \/>\n<meta name=\"robots\" content=\"index, follow, max-snippet:-1, max-image-preview:large, max-video-preview:-1\" \/>\n<link rel=\"canonical\" href=\"https:\/\/www.csj-emballages.com\/de\/produit\/kuchenstaender-rund-weiss-schwarz-karton-o26-cm-pro-100\/\" \/>\n<meta property=\"og:locale\" content=\"de_DE\" \/>\n<meta property=\"og:type\" content=\"article\" \/>\n<meta property=\"og:title\" content=\"Kuchenst\u00e4nder rund wei\u00df \/ schwarz Karton \u00f826 cm pro 100\" \/>\n<meta property=\"og:description\" content=\"Runder Kuchenst\u00e4nder wei\u00df\/schwarz \u00f826 cm. Stabil, praktisch und elegant: die perfekte Basis, um Ihre Kuchen sicher zu pr\u00e4sentieren oder zu transportieren.\" \/>\n<meta property=\"og:url\" content=\"https:\/\/www.csj-emballages.com\/de\/produit\/kuchenstaender-rund-weiss-schwarz-karton-o26-cm-pro-100\/\" \/>\n<meta property=\"og:site_name\" content=\"CSJ Emballages\" \/>\n<meta property=\"article:publisher\" content=\"https:\/\/www.facebook.com\/csjemballages\" \/>\n<meta property=\"article:modified_time\" content=\"2026-05-08T00:15:30+00:00\" \/>\n<meta property=\"og:image\" content=\"https:\/\/www.csj-emballages.com\/wp-content\/uploads\/2025\/10\/RBNF26.webp\" \/>\n\t<meta property=\"og:image:width\" content=\"800\" \/>\n\t<meta property=\"og:image:height\" content=\"800\" \/>\n\t<meta property=\"og:image:type\" content=\"image\/webp\" \/>\n<meta name=\"twitter:card\" content=\"summary_large_image\" \/>\n<meta name=\"twitter:label1\" content=\"Gesch\u00e4tzte Lesezeit\" \/>\n\t<meta name=\"twitter:data1\" content=\"2 Minuten\" \/>\n<script type=\"application\/ld+json\" class=\"yoast-schema-graph\">{\"@context\":\"https:\/\/schema.org\",\"@graph\":[{\"@type\":\"WebPage\",\"@id\":\"https:\/\/www.csj-emballages.com\/de\/produit\/kuchenstaender-rund-weiss-schwarz-karton-o26-cm-pro-100\/\",\"url\":\"https:\/\/www.csj-emballages.com\/de\/produit\/kuchenstaender-rund-weiss-schwarz-karton-o26-cm-pro-100\/\",\"name\":\"Kuchenst\u00e4nder Rund Wei\u00df \/ Schwarz Karton \u00f826 cm pro 100\",\"isPartOf\":{\"@id\":\"https:\/\/www.csj-emballages.com\/de\/#website\"},\"primaryImageOfPage\":{\"@id\":\"https:\/\/www.csj-emballages.com\/de\/produit\/kuchenstaender-rund-weiss-schwarz-karton-o26-cm-pro-100\/#primaryimage\"},\"image\":{\"@id\":\"https:\/\/www.csj-emballages.com\/de\/produit\/kuchenstaender-rund-weiss-schwarz-karton-o26-cm-pro-100\/#primaryimage\"},\"thumbnailUrl\":\"https:\/\/www.csj-emballages.com\/wp-content\/uploads\/2025\/10\/RBNF26.webp\",\"datePublished\":\"2025-10-22T13:18:17+00:00\",\"dateModified\":\"2026-05-08T00:15:30+00:00\",\"description\":\"Runder Kuchenst\u00e4nder wei\u00df\/schwarz \u00f826 cm. Stabil, praktisch und elegant: die perfekte Basis, um Ihre Kuchen sicher zu pr\u00e4sentieren oder zu transportieren.\",\"breadcrumb\":{\"@id\":\"https:\/\/www.csj-emballages.com\/de\/produit\/kuchenstaender-rund-weiss-schwarz-karton-o26-cm-pro-100\/#breadcrumb\"},\"inLanguage\":\"de\",\"potentialAction\":[{\"@type\":\"ReadAction\",\"target\":[\"https:\/\/www.csj-emballages.com\/de\/produit\/kuchenstaender-rund-weiss-schwarz-karton-o26-cm-pro-100\/\"]}]},{\"@type\":\"ImageObject\",\"inLanguage\":\"de\",\"@id\":\"https:\/\/www.csj-emballages.com\/de\/produit\/kuchenstaender-rund-weiss-schwarz-karton-o26-cm-pro-100\/#primaryimage\",\"url\":\"https:\/\/www.csj-emballages.com\/wp-content\/uploads\/2025\/10\/RBNF26.webp\",\"contentUrl\":\"https:\/\/www.csj-emballages.com\/wp-content\/uploads\/2025\/10\/RBNF26.webp\",\"width\":800,\"height\":800,\"caption\":\"Support g\u00e2teau\"},{\"@type\":\"BreadcrumbList\",\"@id\":\"https:\/\/www.csj-emballages.com\/de\/produit\/kuchenstaender-rund-weiss-schwarz-karton-o26-cm-pro-100\/#breadcrumb\",\"itemListElement\":[{\"@type\":\"ListItem\",\"position\":1,\"name\":\"Accueil\",\"item\":\"https:\/\/www.csj-emballages.com\/de\/universum-lebensmittelverpackungen\/\"},{\"@type\":\"ListItem\",\"position\":2,\"name\":\"Shop\",\"item\":\"https:\/\/www.csj-emballages.com\/shop\/\"},{\"@type\":\"ListItem\",\"position\":3,\"name\":\"Kuchenst\u00e4nder rund wei\u00df \/ schwarz Karton \u00f826 cm pro 100\"}]},{\"@type\":\"WebSite\",\"@id\":\"https:\/\/www.csj-emballages.com\/de\/#website\",\"url\":\"https:\/\/www.csj-emballages.com\/de\/\",\"name\":\"CSJ Emballages\",\"description\":\"\",\"publisher\":{\"@id\":\"https:\/\/www.csj-emballages.com\/de\/#organization\"},\"potentialAction\":[{\"@type\":\"SearchAction\",\"target\":{\"@type\":\"EntryPoint\",\"urlTemplate\":\"https:\/\/www.csj-emballages.com\/de\/?s={search_term_string}\"},\"query-input\":{\"@type\":\"PropertyValueSpecification\",\"valueRequired\":true,\"valueName\":\"search_term_string\"}}],\"inLanguage\":\"de\"},{\"@type\":\"Organization\",\"@id\":\"https:\/\/www.csj-emballages.com\/de\/#Organization\/\",\"name\":\"CSJ Emballages\",\"url\":\"https:\/\/www.csj-emballages.com\/de\/\",\"logo\":{\"@type\":\"ImageObject\",\"inLanguage\":\"de\",\"@id\":\"https:\/\/www.csj-emballages.com\/de\/#\/schema\/logo\/image\/\",\"url\":\"https:\/\/www.csj-emballages.com\/wp-content\/uploads\/2023\/10\/logo_csj.webp\",\"contentUrl\":\"https:\/\/www.csj-emballages.com\/wp-content\/uploads\/2023\/10\/logo_csj.webp\",\"width\":250,\"height\":95,\"caption\":\"CSJ Emballages\"},\"image\":{\"@id\":\"https:\/\/www.csj-emballages.com\/de\/#\/schema\/logo\/image\/\"},\"sameAs\":[\"https:\/\/www.facebook.com\/csjemballages\"],\"address\":{\"@type\":\"PostalAddress\",\"streetAddress\":\"ZI La Lechere\",\"addressLocality\":\"Patornay\",\"postalCode\":\"39130\",\"addressCountry\":\"FR\"},\"contactPoint\":[{\"@type\":\"ContactPoint\",\"contactType\":\"Service client\",\"telephone\":\"0384254272\",\"email\":\"contact@csj-emballages.com\"}]}]}<\/script>\n<!-- \/ Yoast SEO Premium plugin. -->","yoast_head_json":{"title":"Kuchenst\u00e4nder Rund Wei\u00df \/ Schwarz Karton \u00f826 cm pro 100","description":"Runder Kuchenst\u00e4nder wei\u00df\/schwarz \u00f826 cm. Stabil, praktisch und elegant: die perfekte Basis, um Ihre Kuchen sicher zu pr\u00e4sentieren oder zu transportieren.","robots":{"index":"index","follow":"follow","max-snippet":"max-snippet:-1","max-image-preview":"max-image-preview:large","max-video-preview":"max-video-preview:-1"},"canonical":"https:\/\/www.csj-emballages.com\/de\/produit\/kuchenstaender-rund-weiss-schwarz-karton-o26-cm-pro-100\/","og_locale":"de_DE","og_type":"article","og_title":"Kuchenst\u00e4nder rund wei\u00df \/ schwarz Karton \u00f826 cm pro 100","og_description":"Runder Kuchenst\u00e4nder wei\u00df\/schwarz \u00f826 cm. Stabil, praktisch und elegant: die perfekte Basis, um Ihre Kuchen sicher zu pr\u00e4sentieren oder zu transportieren.","og_url":"https:\/\/www.csj-emballages.com\/de\/produit\/kuchenstaender-rund-weiss-schwarz-karton-o26-cm-pro-100\/","og_site_name":"CSJ Emballages","article_publisher":"https:\/\/www.facebook.com\/csjemballages","article_modified_time":"2026-05-08T00:15:30+00:00","og_image":[{"width":800,"height":800,"url":"https:\/\/www.csj-emballages.com\/wp-content\/uploads\/2025\/10\/RBNF26.webp","type":"image\/webp"}],"twitter_card":"summary_large_image","twitter_misc":{"Gesch\u00e4tzte Lesezeit":"2 Minuten"},"schema":{"@context":"https:\/\/schema.org","@graph":[{"@type":"WebPage","@id":"https:\/\/www.csj-emballages.com\/de\/produit\/kuchenstaender-rund-weiss-schwarz-karton-o26-cm-pro-100\/","url":"https:\/\/www.csj-emballages.com\/de\/produit\/kuchenstaender-rund-weiss-schwarz-karton-o26-cm-pro-100\/","name":"Kuchenst\u00e4nder Rund Wei\u00df \/ Schwarz Karton \u00f826 cm pro 100","isPartOf":{"@id":"https:\/\/www.csj-emballages.com\/de\/#website"},"primaryImageOfPage":{"@id":"https:\/\/www.csj-emballages.com\/de\/produit\/kuchenstaender-rund-weiss-schwarz-karton-o26-cm-pro-100\/#primaryimage"},"image":{"@id":"https:\/\/www.csj-emballages.com\/de\/produit\/kuchenstaender-rund-weiss-schwarz-karton-o26-cm-pro-100\/#primaryimage"},"thumbnailUrl":"https:\/\/www.csj-emballages.com\/wp-content\/uploads\/2025\/10\/RBNF26.webp","datePublished":"2025-10-22T13:18:17+00:00","dateModified":"2026-05-08T00:15:30+00:00","description":"Runder Kuchenst\u00e4nder wei\u00df\/schwarz \u00f826 cm. Stabil, praktisch und elegant: die perfekte Basis, um Ihre Kuchen sicher zu pr\u00e4sentieren oder zu transportieren.","breadcrumb":{"@id":"https:\/\/www.csj-emballages.com\/de\/produit\/kuchenstaender-rund-weiss-schwarz-karton-o26-cm-pro-100\/#breadcrumb"},"inLanguage":"de","potentialAction":[{"@type":"ReadAction","target":["https:\/\/www.csj-emballages.com\/de\/produit\/kuchenstaender-rund-weiss-schwarz-karton-o26-cm-pro-100\/"]}]},{"@type":"ImageObject","inLanguage":"de","@id":"https:\/\/www.csj-emballages.com\/de\/produit\/kuchenstaender-rund-weiss-schwarz-karton-o26-cm-pro-100\/#primaryimage","url":"https:\/\/www.csj-emballages.com\/wp-content\/uploads\/2025\/10\/RBNF26.webp","contentUrl":"https:\/\/www.csj-emballages.com\/wp-content\/uploads\/2025\/10\/RBNF26.webp","width":800,"height":800,"caption":"Support g\u00e2teau"},{"@type":"BreadcrumbList","@id":"https:\/\/www.csj-emballages.com\/de\/produit\/kuchenstaender-rund-weiss-schwarz-karton-o26-cm-pro-100\/#breadcrumb","itemListElement":[{"@type":"ListItem","position":1,"name":"Accueil","item":"https:\/\/www.csj-emballages.com\/de\/universum-lebensmittelverpackungen\/"},{"@type":"ListItem","position":2,"name":"Shop","item":"https:\/\/www.csj-emballages.com\/shop\/"},{"@type":"ListItem","position":3,"name":"Kuchenst\u00e4nder rund wei\u00df \/ schwarz Karton \u00f826 cm pro 100"}]},{"@type":"WebSite","@id":"https:\/\/www.csj-emballages.com\/de\/#website","url":"https:\/\/www.csj-emballages.com\/de\/","name":"CSJ Emballages","description":"","publisher":{"@id":"https:\/\/www.csj-emballages.com\/de\/#organization"},"potentialAction":[{"@type":"SearchAction","target":{"@type":"EntryPoint","urlTemplate":"https:\/\/www.csj-emballages.com\/de\/?s={search_term_string}"},"query-input":{"@type":"PropertyValueSpecification","valueRequired":true,"valueName":"search_term_string"}}],"inLanguage":"de"},{"@type":"Organization","@id":"https:\/\/www.csj-emballages.com\/de\/#Organization\/","name":"CSJ Emballages","url":"https:\/\/www.csj-emballages.com\/de\/","logo":{"@type":"ImageObject","inLanguage":"de","@id":"https:\/\/www.csj-emballages.com\/de\/#\/schema\/logo\/image\/","url":"https:\/\/www.csj-emballages.com\/wp-content\/uploads\/2023\/10\/logo_csj.webp","contentUrl":"https:\/\/www.csj-emballages.com\/wp-content\/uploads\/2023\/10\/logo_csj.webp","width":250,"height":95,"caption":"CSJ Emballages"},"image":{"@id":"https:\/\/www.csj-emballages.com\/de\/#\/schema\/logo\/image\/"},"sameAs":["https:\/\/www.facebook.com\/csjemballages"],"address":{"@type":"PostalAddress","streetAddress":"ZI La Lechere","addressLocality":"Patornay","postalCode":"39130","addressCountry":"FR"},"contactPoint":[{"@type":"ContactPoint","contactType":"Service client","telephone":"0384254272","email":"contact@csj-emballages.com"}]}]}},"df_price":21.26,"df_sale_price":"","df_regular_price":21.26,"df_image_link":"https:\/\/www.csj-emballages.com\/wp-content\/uploads\/2025\/10\/RBNF26-300x300.webp","tiered_pricing_type":"fixed","tiered_pricing_fixed_rules":[],"tiered_pricing_percentage_rules":[],"tiered_pricing_minimum":1,"tiered_pricing_roles_data":[],"_links":{"self":[{"href":"https:\/\/www.csj-emballages.com\/de\/wp-json\/wp\/v2\/product\/253245","targetHints":{"allow":["GET"]}}],"collection":[{"href":"https:\/\/www.csj-emballages.com\/de\/wp-json\/wp\/v2\/product"}],"about":[{"href":"https:\/\/www.csj-emballages.com\/de\/wp-json\/wp\/v2\/types\/product"}],"wp:featuredmedia":[{"embeddable":true,"href":"https:\/\/www.csj-emballages.com\/de\/wp-json\/wp\/v2\/media\/253238"}],"wp:attachment":[{"href":"https:\/\/www.csj-emballages.com\/de\/wp-json\/wp\/v2\/media?parent=253245"}],"wp:term":[{"taxonomy":"product_brand","embeddable":true,"href":"https:\/\/www.csj-emballages.com\/de\/wp-json\/wp\/v2\/product_brand?post=253245"},{"taxonomy":"product_cat","embeddable":true,"href":"https:\/\/www.csj-emballages.com\/de\/wp-json\/wp\/v2\/product_cat?post=253245"},{"taxonomy":"product_tag","embeddable":true,"href":"https:\/\/www.csj-emballages.com\/de\/wp-json\/wp\/v2\/product_tag?post=253245"}],"curies":[{"name":"wp","href":"https:\/\/api.w.org\/{rel}","templated":true}]}}