{"id":253229,"date":"2025-10-22T14:18:31","date_gmt":"2025-10-22T12:18:31","guid":{"rendered":"https:\/\/www.csj-emballages.com\/produit\/kuchenstaender-rund-weiss-schwarz-karton-o24-cm-pro-100\/"},"modified":"2026-03-12T16:35:53","modified_gmt":"2026-03-12T15:35:53","slug":"kuchenstaender-rund-weiss-schwarz-karton-o24-cm-pro-100","status":"publish","type":"product","link":"https:\/\/www.csj-emballages.com\/de\/produit\/kuchenstaender-rund-weiss-schwarz-karton-o24-cm-pro-100\/","title":{"rendered":"Kuchenst\u00e4nder rund wei\u00df \/ schwarz Karton \u00f824 cm pro 100"},"content":{"rendered":"<div style=\"font-family: Roboto, sans-serif;\">\n<h2 class=\"p1\">Kuchenhalter<\/h2>\n<hr>\n<h3>Beschreibung von unserem Kuchenst\u00e4nder rund wei\u00df \/ schwarz Karton \u00f824 cm pro 100<\/h3>\n<p><!--more--><\/p>\n<p data-start=\"253\" data-end=\"607\">Der <strong data-start=\"256\" data-end=\"306\">runde wei\u00dfe \/ schwarze Tortenst\u00e4nder aus Karton \u00f824 cm<\/strong> ist ein Muss f\u00fcr alle, die ihre Torten modern pr\u00e4sentieren m\u00f6chten. Aus festem <strong data-start=\"415\" data-end=\"432\">Karton<\/strong> hergestellt, ist es stabil, praktisch und sch\u00f6n zugleich. Egal, ob Sie Konditor, Traiteur oder Restaurantbesitzer sind, dieses Medium erleichtert Ihnen das Leben und wertet Ihre Kreationen auf. Sein kleines Plus? Er hat <strong data-start=\"633\" data-end=\"648\">zwei Seiten<\/strong>! Auf der einen Seite ein <strong data-start=\"665\" data-end=\"681\">elegantes Schwarz<\/strong> f\u00fcr ein raffiniertes und modernes Aussehen. Auf der anderen Seite ein <strong data-start=\"731\" data-end=\"746\">schlichtes Wei\u00df<\/strong>, das die Reinheit und K\u00f6stlichkeit Ihrer Desserts hervorhebt. Je nach Ihren W\u00fcnschen oder der Art der Veranstaltung w\u00e4hlen Sie die Seite, die am besten passt. Einfach, effektiv und immer stilvoll.<\/p>\n<p data-start=\"937\" data-end=\"1280\">Mit seinem <strong data-start=\"946\" data-end=\"967\">Durchmesser von 24 cm<\/strong> eignet er sich perfekt f\u00fcr <strong data-start=\"998\" data-end=\"1066\">Standardkuchen, Torten, Entremets oder Geb\u00e4ck zum Teilen<\/strong>. Sein dicker, stabiler Karton verhindert Verformungen, selbst bei schweren oder feuchten Zubereitungen. So k\u00f6nnen Sie Ihre Kuchen getrost transportieren, ohne bef\u00fcrchten zu m\u00fcssen, dass sie verrutschen oder besch\u00e4digt werden.<\/p>\n<p data-start=\"1282\" data-end=\"1522\">Er wird im <strong data-start=\"1292\" data-end=\"1306\">100er-Pack<\/strong> verkauft und ist ideal f\u00fcr <strong data-start=\"1338\" data-end=\"1356\">Berufst\u00e4tige<\/strong>, die <strong data-start=\"1380\" data-end=\"1433\">Zeitersparnis, Hygiene und eine makellose Pr\u00e4sentation<\/strong> miteinander verbinden m\u00f6chten. Es ist ein echter Gewinn f\u00fcr Schaufenster, Buffets oder Veranstaltungen, bei denen jedes Detail z\u00e4hlt.<\/p>\n<p data-start=\"1524\" data-end=\"1714\">Zusammenfassend l\u00e4sst sich sagen, dass der <strong data-start=\"1538\" data-end=\"1588\">runde Kuchenst\u00e4nder wei\u00df \/ schwarz aus Pappe \u00f824 cm<\/strong> <strong data-start=\"1595\" data-end=\"1630\">Stabilit\u00e4t, Eleganz und Praktikabilit\u00e4t<\/strong> vereint. Eine einfache, aber effektive L\u00f6sung, um Ihre Desserts ohne Kopfzerbrechen zu verfeinern.<\/p>\n<p data-start=\"1367\" data-end=\"1669\"><!--more--><\/p>\n<h4 data-start=\"1367\" data-end=\"1669\">Vorteile :<\/h4>\n<ul>\n<li data-start=\"1760\" data-end=\"1823\">Zwei Seiten: <strong data-start=\"1773\" data-end=\"1790\">wei\u00df und schwarz<\/strong>, um die Pr\u00e4sentation zu variieren.<\/li>\n<li data-start=\"1826\" data-end=\"1887\"><strong data-start=\"1826\" data-end=\"1856\">Steife<\/strong>, feuchtigkeits- und <strong data-start=\"1826\" data-end=\"1856\">fettbest\u00e4ndige Pappe<\/strong>.<\/li>\n<li data-start=\"1890\" data-end=\"1955\"><strong data-start=\"1890\" data-end=\"1908\">Durchmesser 24 cm<\/strong>, perfekt f\u00fcr viele Kuchenformate.<\/li>\n<li data-start=\"1958\" data-end=\"2001\"><strong data-start=\"1958\" data-end=\"1977\">Leicht und stabil<\/strong>, bequem zu handhaben.<\/li>\n<li data-start=\"2004\" data-end=\"2063\"><strong data-start=\"2004\" data-end=\"2021\">Wird zu 100 St\u00fcck verkauft<\/strong>, ist sparsam und immer einsatzbereit.<\/li>\n<\/ul>\n<p>&nbsp;<\/p>\n<p><!--more--><\/p>\n<h4>Weitere Informationen :<\/h4>\n<ul>\n<li><strong>Verpackung<\/strong>: Packung mit 100 St\u00fcck<\/li>\n<li><strong>Durchmesser<\/strong>: 24 cm<\/li>\n<li><strong>Farbe<\/strong>: Wei\u00df \/ Schwarz<\/li>\n<li><strong>Material<\/strong>: Karton<\/li>\n<\/ul>\n<\/div>\n<div style=\"font-family: Roboto, sans-serif;\">\n<p>&nbsp;<\/p>\n<p><!--more--><\/p>\n<\/div>\n<p>Dieser Kuchenst\u00e4nder ist in verschiedenen Gr\u00f6\u00dfen erh\u00e4ltlich :<\/p>\n<p>&nbsp;<\/p>\n<div style=\"font-family: Roboto, sans-serif;\">\n<p><!--more--><\/p>\n<p><a href=\"https:\/\/www.csj-emballages.com\/de\/categorie-produit\/lebensmittelverpackungen\/backerei-und-konditorei\/kuchensohlenhalter\/runde-kuchenstander\/kuchenstander-weis-schwarz\/\">Sehen Sie sich den Rest unseres Sortiments an wei\u00dfen \/ schwarzen Kuchenst\u00e4ndern an<\/a><\/p>\n<\/div>\n","protected":false},"excerpt":{"rendered":"<p>Kuchenhalter Beschreibung von unserem Kuchenst\u00e4nder rund wei\u00df \/ schwarz Karton \u00f824 cm pro 100<\/p>\n","protected":false},"featured_media":253223,"template":"","meta":{"_acf_changed":false},"product_brand":[],"product_cat":[8614],"product_tag":[],"class_list":{"0":"post-253229","1":"product","2":"type-product","3":"status-publish","4":"has-post-thumbnail","6":"product_cat-non-classe-de","8":"first","9":"instock","10":"taxable","11":"shipping-taxable","12":"purchasable","13":"product-type-simple"},"acf":[],"yoast_head":"<!-- This site is optimized with the Yoast SEO Premium plugin v26.6 (Yoast SEO v26.6) - https:\/\/yoast.com\/wordpress\/plugins\/seo\/ -->\n<title>Kuchenst\u00e4nder Rund Wei\u00df \/ Schwarz Karton \u00f824 cm pro 100<\/title>\n<meta name=\"description\" content=\"Runder Kuchenst\u00e4nder wei\u00df\/schwarz \u00f824 cm aus festem Karton. Elegant, stabil und praktisch, um Ihre Desserts leicht zu pr\u00e4sentieren und zu transportieren.\" \/>\n<meta name=\"robots\" content=\"index, follow, max-snippet:-1, max-image-preview:large, max-video-preview:-1\" \/>\n<link rel=\"canonical\" href=\"https:\/\/www.csj-emballages.com\/de\/produit\/kuchenstaender-rund-weiss-schwarz-karton-o24-cm-pro-100\/\" \/>\n<meta property=\"og:locale\" content=\"de_DE\" \/>\n<meta property=\"og:type\" content=\"article\" \/>\n<meta property=\"og:title\" content=\"Kuchenst\u00e4nder rund wei\u00df \/ schwarz Karton \u00f824 cm pro 100\" \/>\n<meta property=\"og:description\" content=\"Runder Kuchenst\u00e4nder wei\u00df\/schwarz \u00f824 cm aus festem Karton. Elegant, stabil und praktisch, um Ihre Desserts leicht zu pr\u00e4sentieren und zu transportieren.\" \/>\n<meta property=\"og:url\" content=\"https:\/\/www.csj-emballages.com\/de\/produit\/kuchenstaender-rund-weiss-schwarz-karton-o24-cm-pro-100\/\" \/>\n<meta property=\"og:site_name\" content=\"CSJ Emballages\" \/>\n<meta property=\"article:publisher\" content=\"https:\/\/www.facebook.com\/csjemballages\" \/>\n<meta property=\"article:modified_time\" content=\"2026-03-12T15:35:53+00:00\" \/>\n<meta property=\"og:image\" content=\"https:\/\/www.csj-emballages.com\/wp-content\/uploads\/2025\/10\/RBNF24.webp\" \/>\n\t<meta property=\"og:image:width\" content=\"800\" \/>\n\t<meta property=\"og:image:height\" content=\"800\" \/>\n\t<meta property=\"og:image:type\" content=\"image\/webp\" \/>\n<meta name=\"twitter:card\" content=\"summary_large_image\" \/>\n<meta name=\"twitter:label1\" content=\"Gesch\u00e4tzte Lesezeit\" \/>\n\t<meta name=\"twitter:data1\" content=\"2 Minuten\" \/>\n<script type=\"application\/ld+json\" class=\"yoast-schema-graph\">{\"@context\":\"https:\/\/schema.org\",\"@graph\":[{\"@type\":\"WebPage\",\"@id\":\"https:\/\/www.csj-emballages.com\/de\/produit\/kuchenstaender-rund-weiss-schwarz-karton-o24-cm-pro-100\/\",\"url\":\"https:\/\/www.csj-emballages.com\/de\/produit\/kuchenstaender-rund-weiss-schwarz-karton-o24-cm-pro-100\/\",\"name\":\"Kuchenst\u00e4nder Rund Wei\u00df \/ Schwarz Karton \u00f824 cm pro 100\",\"isPartOf\":{\"@id\":\"https:\/\/www.csj-emballages.com\/de\/#website\"},\"primaryImageOfPage\":{\"@id\":\"https:\/\/www.csj-emballages.com\/de\/produit\/kuchenstaender-rund-weiss-schwarz-karton-o24-cm-pro-100\/#primaryimage\"},\"image\":{\"@id\":\"https:\/\/www.csj-emballages.com\/de\/produit\/kuchenstaender-rund-weiss-schwarz-karton-o24-cm-pro-100\/#primaryimage\"},\"thumbnailUrl\":\"https:\/\/www.csj-emballages.com\/wp-content\/uploads\/2025\/10\/RBNF24.webp\",\"datePublished\":\"2025-10-22T12:18:31+00:00\",\"dateModified\":\"2026-03-12T15:35:53+00:00\",\"description\":\"Runder Kuchenst\u00e4nder wei\u00df\/schwarz \u00f824 cm aus festem Karton. Elegant, stabil und praktisch, um Ihre Desserts leicht zu pr\u00e4sentieren und zu transportieren.\",\"breadcrumb\":{\"@id\":\"https:\/\/www.csj-emballages.com\/de\/produit\/kuchenstaender-rund-weiss-schwarz-karton-o24-cm-pro-100\/#breadcrumb\"},\"inLanguage\":\"de\",\"potentialAction\":[{\"@type\":\"ReadAction\",\"target\":[\"https:\/\/www.csj-emballages.com\/de\/produit\/kuchenstaender-rund-weiss-schwarz-karton-o24-cm-pro-100\/\"]}]},{\"@type\":\"ImageObject\",\"inLanguage\":\"de\",\"@id\":\"https:\/\/www.csj-emballages.com\/de\/produit\/kuchenstaender-rund-weiss-schwarz-karton-o24-cm-pro-100\/#primaryimage\",\"url\":\"https:\/\/www.csj-emballages.com\/wp-content\/uploads\/2025\/10\/RBNF24.webp\",\"contentUrl\":\"https:\/\/www.csj-emballages.com\/wp-content\/uploads\/2025\/10\/RBNF24.webp\",\"width\":800,\"height\":800,\"caption\":\"Support g\u00e2teau\"},{\"@type\":\"BreadcrumbList\",\"@id\":\"https:\/\/www.csj-emballages.com\/de\/produit\/kuchenstaender-rund-weiss-schwarz-karton-o24-cm-pro-100\/#breadcrumb\",\"itemListElement\":[{\"@type\":\"ListItem\",\"position\":1,\"name\":\"Accueil\",\"item\":\"https:\/\/www.csj-emballages.com\/de\/universum-lebensmittelverpackungen\/\"},{\"@type\":\"ListItem\",\"position\":2,\"name\":\"Shop\",\"item\":\"https:\/\/www.csj-emballages.com\/shop\/\"},{\"@type\":\"ListItem\",\"position\":3,\"name\":\"Kuchenst\u00e4nder rund wei\u00df \/ schwarz Karton \u00f824 cm pro 100\"}]},{\"@type\":\"WebSite\",\"@id\":\"https:\/\/www.csj-emballages.com\/de\/#website\",\"url\":\"https:\/\/www.csj-emballages.com\/de\/\",\"name\":\"CSJ Emballages\",\"description\":\"\",\"publisher\":{\"@id\":\"https:\/\/www.csj-emballages.com\/de\/#organization\"},\"potentialAction\":[{\"@type\":\"SearchAction\",\"target\":{\"@type\":\"EntryPoint\",\"urlTemplate\":\"https:\/\/www.csj-emballages.com\/de\/?s={search_term_string}\"},\"query-input\":{\"@type\":\"PropertyValueSpecification\",\"valueRequired\":true,\"valueName\":\"search_term_string\"}}],\"inLanguage\":\"de\"},{\"@type\":\"Organization\",\"@id\":\"https:\/\/www.csj-emballages.com\/de\/#Organization\/\",\"name\":\"CSJ Emballages\",\"url\":\"https:\/\/www.csj-emballages.com\/de\/\",\"logo\":{\"@type\":\"ImageObject\",\"inLanguage\":\"de\",\"@id\":\"https:\/\/www.csj-emballages.com\/de\/#\/schema\/logo\/image\/\",\"url\":\"https:\/\/www.csj-emballages.com\/wp-content\/uploads\/2023\/10\/logo_csj.webp\",\"contentUrl\":\"https:\/\/www.csj-emballages.com\/wp-content\/uploads\/2023\/10\/logo_csj.webp\",\"width\":250,\"height\":95,\"caption\":\"CSJ Emballages\"},\"image\":{\"@id\":\"https:\/\/www.csj-emballages.com\/de\/#\/schema\/logo\/image\/\"},\"sameAs\":[\"https:\/\/www.facebook.com\/csjemballages\"],\"address\":{\"@type\":\"PostalAddress\",\"streetAddress\":\"ZI La Lechere\",\"addressLocality\":\"Patornay\",\"postalCode\":\"39130\",\"addressCountry\":\"FR\"},\"contactPoint\":[{\"@type\":\"ContactPoint\",\"contactType\":\"Service client\",\"telephone\":\"0384254272\",\"email\":\"contact@csj-emballages.com\"}]}]}<\/script>\n<!-- \/ Yoast SEO Premium plugin. -->","yoast_head_json":{"title":"Kuchenst\u00e4nder Rund Wei\u00df \/ Schwarz Karton \u00f824 cm pro 100","description":"Runder Kuchenst\u00e4nder wei\u00df\/schwarz \u00f824 cm aus festem Karton. Elegant, stabil und praktisch, um Ihre Desserts leicht zu pr\u00e4sentieren und zu transportieren.","robots":{"index":"index","follow":"follow","max-snippet":"max-snippet:-1","max-image-preview":"max-image-preview:large","max-video-preview":"max-video-preview:-1"},"canonical":"https:\/\/www.csj-emballages.com\/de\/produit\/kuchenstaender-rund-weiss-schwarz-karton-o24-cm-pro-100\/","og_locale":"de_DE","og_type":"article","og_title":"Kuchenst\u00e4nder rund wei\u00df \/ schwarz Karton \u00f824 cm pro 100","og_description":"Runder Kuchenst\u00e4nder wei\u00df\/schwarz \u00f824 cm aus festem Karton. Elegant, stabil und praktisch, um Ihre Desserts leicht zu pr\u00e4sentieren und zu transportieren.","og_url":"https:\/\/www.csj-emballages.com\/de\/produit\/kuchenstaender-rund-weiss-schwarz-karton-o24-cm-pro-100\/","og_site_name":"CSJ Emballages","article_publisher":"https:\/\/www.facebook.com\/csjemballages","article_modified_time":"2026-03-12T15:35:53+00:00","og_image":[{"width":800,"height":800,"url":"https:\/\/www.csj-emballages.com\/wp-content\/uploads\/2025\/10\/RBNF24.webp","type":"image\/webp"}],"twitter_card":"summary_large_image","twitter_misc":{"Gesch\u00e4tzte Lesezeit":"2 Minuten"},"schema":{"@context":"https:\/\/schema.org","@graph":[{"@type":"WebPage","@id":"https:\/\/www.csj-emballages.com\/de\/produit\/kuchenstaender-rund-weiss-schwarz-karton-o24-cm-pro-100\/","url":"https:\/\/www.csj-emballages.com\/de\/produit\/kuchenstaender-rund-weiss-schwarz-karton-o24-cm-pro-100\/","name":"Kuchenst\u00e4nder Rund Wei\u00df \/ Schwarz Karton \u00f824 cm pro 100","isPartOf":{"@id":"https:\/\/www.csj-emballages.com\/de\/#website"},"primaryImageOfPage":{"@id":"https:\/\/www.csj-emballages.com\/de\/produit\/kuchenstaender-rund-weiss-schwarz-karton-o24-cm-pro-100\/#primaryimage"},"image":{"@id":"https:\/\/www.csj-emballages.com\/de\/produit\/kuchenstaender-rund-weiss-schwarz-karton-o24-cm-pro-100\/#primaryimage"},"thumbnailUrl":"https:\/\/www.csj-emballages.com\/wp-content\/uploads\/2025\/10\/RBNF24.webp","datePublished":"2025-10-22T12:18:31+00:00","dateModified":"2026-03-12T15:35:53+00:00","description":"Runder Kuchenst\u00e4nder wei\u00df\/schwarz \u00f824 cm aus festem Karton. Elegant, stabil und praktisch, um Ihre Desserts leicht zu pr\u00e4sentieren und zu transportieren.","breadcrumb":{"@id":"https:\/\/www.csj-emballages.com\/de\/produit\/kuchenstaender-rund-weiss-schwarz-karton-o24-cm-pro-100\/#breadcrumb"},"inLanguage":"de","potentialAction":[{"@type":"ReadAction","target":["https:\/\/www.csj-emballages.com\/de\/produit\/kuchenstaender-rund-weiss-schwarz-karton-o24-cm-pro-100\/"]}]},{"@type":"ImageObject","inLanguage":"de","@id":"https:\/\/www.csj-emballages.com\/de\/produit\/kuchenstaender-rund-weiss-schwarz-karton-o24-cm-pro-100\/#primaryimage","url":"https:\/\/www.csj-emballages.com\/wp-content\/uploads\/2025\/10\/RBNF24.webp","contentUrl":"https:\/\/www.csj-emballages.com\/wp-content\/uploads\/2025\/10\/RBNF24.webp","width":800,"height":800,"caption":"Support g\u00e2teau"},{"@type":"BreadcrumbList","@id":"https:\/\/www.csj-emballages.com\/de\/produit\/kuchenstaender-rund-weiss-schwarz-karton-o24-cm-pro-100\/#breadcrumb","itemListElement":[{"@type":"ListItem","position":1,"name":"Accueil","item":"https:\/\/www.csj-emballages.com\/de\/universum-lebensmittelverpackungen\/"},{"@type":"ListItem","position":2,"name":"Shop","item":"https:\/\/www.csj-emballages.com\/shop\/"},{"@type":"ListItem","position":3,"name":"Kuchenst\u00e4nder rund wei\u00df \/ schwarz Karton \u00f824 cm pro 100"}]},{"@type":"WebSite","@id":"https:\/\/www.csj-emballages.com\/de\/#website","url":"https:\/\/www.csj-emballages.com\/de\/","name":"CSJ Emballages","description":"","publisher":{"@id":"https:\/\/www.csj-emballages.com\/de\/#organization"},"potentialAction":[{"@type":"SearchAction","target":{"@type":"EntryPoint","urlTemplate":"https:\/\/www.csj-emballages.com\/de\/?s={search_term_string}"},"query-input":{"@type":"PropertyValueSpecification","valueRequired":true,"valueName":"search_term_string"}}],"inLanguage":"de"},{"@type":"Organization","@id":"https:\/\/www.csj-emballages.com\/de\/#Organization\/","name":"CSJ Emballages","url":"https:\/\/www.csj-emballages.com\/de\/","logo":{"@type":"ImageObject","inLanguage":"de","@id":"https:\/\/www.csj-emballages.com\/de\/#\/schema\/logo\/image\/","url":"https:\/\/www.csj-emballages.com\/wp-content\/uploads\/2023\/10\/logo_csj.webp","contentUrl":"https:\/\/www.csj-emballages.com\/wp-content\/uploads\/2023\/10\/logo_csj.webp","width":250,"height":95,"caption":"CSJ Emballages"},"image":{"@id":"https:\/\/www.csj-emballages.com\/de\/#\/schema\/logo\/image\/"},"sameAs":["https:\/\/www.facebook.com\/csjemballages"],"address":{"@type":"PostalAddress","streetAddress":"ZI La Lechere","addressLocality":"Patornay","postalCode":"39130","addressCountry":"FR"},"contactPoint":[{"@type":"ContactPoint","contactType":"Service client","telephone":"0384254272","email":"contact@csj-emballages.com"}]}]}},"df_price":19.66,"df_sale_price":"","df_regular_price":19.66,"df_image_link":"https:\/\/www.csj-emballages.com\/wp-content\/uploads\/2025\/10\/RBNF24-300x300.webp","tiered_pricing_type":"fixed","tiered_pricing_fixed_rules":[],"tiered_pricing_percentage_rules":[],"tiered_pricing_minimum":1,"tiered_pricing_roles_data":[],"_links":{"self":[{"href":"https:\/\/www.csj-emballages.com\/de\/wp-json\/wp\/v2\/product\/253229","targetHints":{"allow":["GET"]}}],"collection":[{"href":"https:\/\/www.csj-emballages.com\/de\/wp-json\/wp\/v2\/product"}],"about":[{"href":"https:\/\/www.csj-emballages.com\/de\/wp-json\/wp\/v2\/types\/product"}],"wp:featuredmedia":[{"embeddable":true,"href":"https:\/\/www.csj-emballages.com\/de\/wp-json\/wp\/v2\/media\/253223"}],"wp:attachment":[{"href":"https:\/\/www.csj-emballages.com\/de\/wp-json\/wp\/v2\/media?parent=253229"}],"wp:term":[{"taxonomy":"product_brand","embeddable":true,"href":"https:\/\/www.csj-emballages.com\/de\/wp-json\/wp\/v2\/product_brand?post=253229"},{"taxonomy":"product_cat","embeddable":true,"href":"https:\/\/www.csj-emballages.com\/de\/wp-json\/wp\/v2\/product_cat?post=253229"},{"taxonomy":"product_tag","embeddable":true,"href":"https:\/\/www.csj-emballages.com\/de\/wp-json\/wp\/v2\/product_tag?post=253229"}],"curies":[{"name":"wp","href":"https:\/\/api.w.org\/{rel}","templated":true}]}}