{"id":253192,"date":"2025-10-22T14:18:24","date_gmt":"2025-10-22T12:18:24","guid":{"rendered":"https:\/\/www.csj-emballages.com\/produit\/kuchenstaender-rund-weiss-schwarz-karton-o18-cm-pro-100\/"},"modified":"2026-04-04T02:14:29","modified_gmt":"2026-04-04T00:14:29","slug":"kuchenstaender-rund-weiss-schwarz-karton-o18-cm-pro-100","status":"publish","type":"product","link":"https:\/\/www.csj-emballages.com\/de\/produit\/kuchenstaender-rund-weiss-schwarz-karton-o18-cm-pro-100\/","title":{"rendered":"Kuchenst\u00e4nder rund wei\u00df \/ schwarz Karton \u00f818 cm pro 100"},"content":{"rendered":"<div style=\"font-family: Roboto, sans-serif;\">\n<h2 class=\"p1\">Kuchenhalter<\/h2>\n<hr>\n<h3>Beschreibung von unserem Kuchenst\u00e4nder rund wei\u00df \/ schwarz Karton \u00f818 cm pro 100<\/h3>\n<p><!--more--><\/p>\n<p data-start=\"216\" data-end=\"507\">Wenn Sie einen zugleich <strong data-start=\"254\" data-end=\"266\">praktischen<\/strong>, <strong data-start=\"268\" data-end=\"278\">stabilen<\/strong> und <strong data-start=\"282\" data-end=\"290\">sch\u00f6nen<\/strong> Unterleger suchen, ist dieser <strong data-start=\"295\" data-end=\"348\">runde Tortenunterleger in Wei\u00df\/Schwarz aus Karton \u00f818 cm<\/strong> genau das Richtige f\u00fcr Sie! Er hat alles, was es braucht, um Ihre Backwaren optimal zur Geltung zu bringen, sei es in der Auslage, f\u00fcr den Au\u00dfer-Haus-Verkauf oder bei einer Veranstaltung. Dieser <strong>kleine runde Unterleger<\/strong> aus <strong data-start=\"526\" data-end=\"543\">stabilem Karton<\/strong> wurde entwickelt, um dem Gewicht Ihrer Kreationen standzuhalten, ohne sich zu verformen. Er tr\u00e4gt problemlos Kuchen, Entremets, Torten und andere S\u00fc\u00dfspeisen. Und da er <strong data-start=\"704\" data-end=\"718\">wendbar<\/strong> ist, mit einer <strong data-start=\"734\" data-end=\"745\">wei\u00dfen<\/strong> und einer <strong data-start=\"758\" data-end=\"767\">schwarzen<\/strong> Seite, k\u00f6nnen Sie die Seite w\u00e4hlen, die Ihr Dessert am besten zur Geltung bringt. Wei\u00df f\u00fcr ein klares und klassisches Erscheinungsbild, Schwarz f\u00fcr einen schickeren und moderneren Effekt: Sie haben die Wahl!<\/p>\n<p data-start=\"946\" data-end=\"1267\">Mit seinem <strong data-start=\"955\" data-end=\"976\">Durchmesser von 18 cm<\/strong> ist es das perfekte Format f\u00fcr kleine Einzelkuchen oder zum Teilen. Er ist <strong data-start=\"1060\" data-end=\"1069\">leicht<\/strong>, aber ausreichend <strong data-start=\"1089\" data-end=\"1098\">dick<\/strong>, um nicht nachzugeben, selbst bei einem reichhaltig belegten Dessert. Ebenso l\u00e4sst er weder Feuchtigkeit noch Fett durch, was eine stets makellose Pr\u00e4sentation gew\u00e4hrleistet.<\/p>\n<p data-start=\"1269\" data-end=\"1529\"><strong data-start=\"1275\" data-end=\"1286\">Im 100er-Pack<\/strong> verkauft, ist dieser <strong>runde Unterleger<\/strong> eine echte L\u00f6sung f\u00fcr Gastronomieprofis, Konditoren oder Caterer. Sie sparen Zeit, erleichtern Ihre Lieferungen und bieten Ihren Kunden ein sorgf\u00e4ltig pr\u00e4sentiertes Dessert.<\/p>\n<p data-start=\"1531\" data-end=\"1662\">Kurz gesagt, dieser <strong data-start=\"1543\" data-end=\"1593\">runde Kuchenst\u00e4nder aus wei\u00dfem \/ schwarzem Karton \u00f818 cm<\/strong> ist das kleine Detail, das alles ver\u00e4ndert: einfach, elegant und effektiv.<\/p>\n<p data-start=\"1367\" data-end=\"1669\"><!--more--><\/p>\n<h4 data-start=\"1367\" data-end=\"1669\">Vorteile :<\/h4>\n<ul>\n<li data-start=\"1697\" data-end=\"1789\"><strong data-start=\"1697\" data-end=\"1712\">Doppelseitig<\/strong>: W\u00e4hlen Sie je nach Ihrer Pr\u00e4sentation zwischen der <strong data-start=\"1740\" data-end=\"1749\">wei\u00dfen<\/strong> oder der <strong data-start=\"1753\" data-end=\"1761\">schwarzen<\/strong> Seite.<\/li>\n<li data-start=\"1792\" data-end=\"1864\"><strong data-start=\"1792\" data-end=\"1822\">Starker, fester Karton,<\/strong> perfekt f\u00fcr Kuchen und Desserts.<\/li>\n<li data-start=\"1867\" data-end=\"1919\"><strong data-start=\"1867\" data-end=\"1883\">Format 18 cm<\/strong>, ideal f\u00fcr kleine Leckereien.<\/li>\n<li data-start=\"1922\" data-end=\"1967\"><strong data-start=\"1922\" data-end=\"1939\">Erh\u00e4ltlich in 100 St\u00fcck<\/strong>: praktisch und kosteng\u00fcnstig.<\/li>\n<li data-start=\"1970\" data-end=\"2043\">Perfekt f\u00fcr den <strong data-start=\"1986\" data-end=\"2006\">Verkauf zum Mitnehmen<\/strong> oder zur <strong data-start=\"2013\" data-end=\"2040\">Pr\u00e4sentation im Schaufenster<\/strong>.<\/li>\n<\/ul>\n<p>&nbsp;<\/p>\n<p><!--more--><\/p>\n<h4>Weitere Informationen :<\/h4>\n<ul>\n<li><strong>Verpackung<\/strong>: Packung mit 100 St\u00fcck<\/li>\n<li><strong>Durchmesser<\/strong>: 18 cm<\/li>\n<li><strong>Farbe<\/strong>: Wei\u00df \/ Schwarz<\/li>\n<li><strong>Material<\/strong>: Karton<\/li>\n<\/ul>\n<\/div>\n<div style=\"font-family: Roboto, sans-serif;\">\n<p>&nbsp;<\/p>\n<p><!--more--><\/p>\n<\/div>\n<p>Dieser Kuchenst\u00e4nder ist in verschiedenen Gr\u00f6\u00dfen erh\u00e4ltlich : <span style=\"color: #d12727;\"><a style=\"color: #d12727;\" href=\"https:\/\/www.csj-emballages.com\/es\/produit\/soporte-redondo-para-tartas-de-carton-blanco-negro-o16-cm-por-100\/\">\u00d816 cm<\/a><\/span> \/ <span style=\"color: #d12727;\"><a style=\"color: #d12727;\" href=\"https:\/\/www.csj-emballages.com\/de\/produit\/kuchenstaender-rund-weiss-schwarz-karton-o20-cm-pro-100\/\">\u00d820 cm<\/a><\/span> \/ <span style=\"color: #d12727;\"><a style=\"color: #d12727;\" href=\"https:\/\/www.csj-emballages.com\/de\/produit\/kuchenstaender-rund-weiss-schwarz-karton-o22-cm-pro-100\/\">\u00d822 cm<\/a><\/span> \/ <span style=\"color: #d12727;\"><a style=\"color: #d12727;\" href=\"https:\/\/www.csj-emballages.com\/de\/produit\/kuchenstaender-rund-weiss-schwarz-karton-o26-cm-pro-100\/\">\u00d826 cm<\/a><\/span> \/ <span style=\"color: #d12727;\"><a style=\"color: #d12727;\" href=\"https:\/\/www.csj-emballages.com\/de\/produit\/kuchenstaender-rund-weiss-schwarz-karton-o28-cm-pro-100\/\">\u00d828 cm<\/a><\/span><\/p>\n<p>&nbsp;<\/p>\n<div style=\"font-family: Roboto, sans-serif;\">\n<p><!--more--><\/p>\n<p><a href=\"https:\/\/www.csj-emballages.com\/de\/categorie-produit\/lebensmittelverpackungen\/backerei-und-konditorei\/kuchensohlenhalter\/runde-kuchenstander\/kuchenstander-weis-schwarz\/\">Sehen Sie sich den Rest unseres Sortiments an wei\u00dfen \/ schwarzen Kuchenst\u00e4ndern an<\/a><\/p>\n<\/div>\n","protected":false},"excerpt":{"rendered":"<p>Kuchenhalter Beschreibung von unserem Kuchenst\u00e4nder rund wei\u00df \/ schwarz Karton \u00f818 cm pro 100<\/p>\n","protected":false},"featured_media":253187,"template":"","meta":{"_acf_changed":false},"product_brand":[],"product_cat":[1137,1171,1925,10081,10082],"product_tag":[],"class_list":{"0":"post-253192","1":"product","2":"type-product","3":"status-publish","4":"has-post-thumbnail","6":"product_cat-lebensmittelverpackungen","7":"product_cat-backerei-und-konditorei","8":"product_cat-kuchensohlenhalter","9":"product_cat-runde-kuchenstander","10":"product_cat-kuchenstander-weis-schwarz","12":"first","13":"instock","14":"taxable","15":"shipping-taxable","16":"purchasable","17":"product-type-simple"},"acf":[],"yoast_head":"<!-- This site is optimized with the Yoast SEO Premium plugin v26.6 (Yoast SEO v26.6) - https:\/\/yoast.com\/wordpress\/plugins\/seo\/ -->\n<title>Kuchenst\u00e4nder Rund Wei\u00df \/ Schwarz Karton \u00f818 cm pro 100<\/title>\n<meta name=\"description\" content=\"Runder Kuchenst\u00e4nder wei\u00df \/ schwarz \u00f818 cm aus festem Karton, doppelseitig, praktisch und elegant. Ideal f\u00fcr Geb\u00e4ck, verkauft zu 100 St\u00fcck.\" \/>\n<meta name=\"robots\" content=\"index, follow, max-snippet:-1, max-image-preview:large, max-video-preview:-1\" \/>\n<link rel=\"canonical\" href=\"https:\/\/www.csj-emballages.com\/de\/produit\/kuchenstaender-rund-weiss-schwarz-karton-o18-cm-pro-100\/\" \/>\n<meta property=\"og:locale\" content=\"de_DE\" \/>\n<meta property=\"og:type\" content=\"article\" \/>\n<meta property=\"og:title\" content=\"Kuchenst\u00e4nder rund wei\u00df \/ schwarz Karton \u00f818 cm pro 100\" \/>\n<meta property=\"og:description\" content=\"Runder Kuchenst\u00e4nder wei\u00df \/ schwarz \u00f818 cm aus festem Karton, doppelseitig, praktisch und elegant. Ideal f\u00fcr Geb\u00e4ck, verkauft zu 100 St\u00fcck.\" \/>\n<meta property=\"og:url\" content=\"https:\/\/www.csj-emballages.com\/de\/produit\/kuchenstaender-rund-weiss-schwarz-karton-o18-cm-pro-100\/\" \/>\n<meta property=\"og:site_name\" content=\"CSJ Emballages\" \/>\n<meta property=\"article:publisher\" content=\"https:\/\/www.facebook.com\/csjemballages\" \/>\n<meta property=\"article:modified_time\" content=\"2026-04-04T00:14:29+00:00\" \/>\n<meta property=\"og:image\" content=\"https:\/\/www.csj-emballages.com\/wp-content\/uploads\/2025\/10\/rbnf18.webp\" \/>\n\t<meta property=\"og:image:width\" content=\"800\" \/>\n\t<meta property=\"og:image:height\" content=\"801\" \/>\n\t<meta property=\"og:image:type\" content=\"image\/webp\" \/>\n<meta name=\"twitter:card\" content=\"summary_large_image\" \/>\n<meta name=\"twitter:label1\" content=\"Gesch\u00e4tzte Lesezeit\" \/>\n\t<meta name=\"twitter:data1\" content=\"2 Minuten\" \/>\n<script type=\"application\/ld+json\" class=\"yoast-schema-graph\">{\"@context\":\"https:\/\/schema.org\",\"@graph\":[{\"@type\":\"WebPage\",\"@id\":\"https:\/\/www.csj-emballages.com\/de\/produit\/kuchenstaender-rund-weiss-schwarz-karton-o18-cm-pro-100\/\",\"url\":\"https:\/\/www.csj-emballages.com\/de\/produit\/kuchenstaender-rund-weiss-schwarz-karton-o18-cm-pro-100\/\",\"name\":\"Kuchenst\u00e4nder Rund Wei\u00df \/ Schwarz Karton \u00f818 cm pro 100\",\"isPartOf\":{\"@id\":\"https:\/\/www.csj-emballages.com\/de\/#website\"},\"primaryImageOfPage\":{\"@id\":\"https:\/\/www.csj-emballages.com\/de\/produit\/kuchenstaender-rund-weiss-schwarz-karton-o18-cm-pro-100\/#primaryimage\"},\"image\":{\"@id\":\"https:\/\/www.csj-emballages.com\/de\/produit\/kuchenstaender-rund-weiss-schwarz-karton-o18-cm-pro-100\/#primaryimage\"},\"thumbnailUrl\":\"https:\/\/www.csj-emballages.com\/wp-content\/uploads\/2025\/10\/rbnf18.webp\",\"datePublished\":\"2025-10-22T12:18:24+00:00\",\"dateModified\":\"2026-04-04T00:14:29+00:00\",\"description\":\"Runder Kuchenst\u00e4nder wei\u00df \/ schwarz \u00f818 cm aus festem Karton, doppelseitig, praktisch und elegant. Ideal f\u00fcr Geb\u00e4ck, verkauft zu 100 St\u00fcck.\",\"breadcrumb\":{\"@id\":\"https:\/\/www.csj-emballages.com\/de\/produit\/kuchenstaender-rund-weiss-schwarz-karton-o18-cm-pro-100\/#breadcrumb\"},\"inLanguage\":\"de\",\"potentialAction\":[{\"@type\":\"ReadAction\",\"target\":[\"https:\/\/www.csj-emballages.com\/de\/produit\/kuchenstaender-rund-weiss-schwarz-karton-o18-cm-pro-100\/\"]}]},{\"@type\":\"ImageObject\",\"inLanguage\":\"de\",\"@id\":\"https:\/\/www.csj-emballages.com\/de\/produit\/kuchenstaender-rund-weiss-schwarz-karton-o18-cm-pro-100\/#primaryimage\",\"url\":\"https:\/\/www.csj-emballages.com\/wp-content\/uploads\/2025\/10\/rbnf18.webp\",\"contentUrl\":\"https:\/\/www.csj-emballages.com\/wp-content\/uploads\/2025\/10\/rbnf18.webp\",\"width\":800,\"height\":801,\"caption\":\"Support g\u00e2teau\"},{\"@type\":\"BreadcrumbList\",\"@id\":\"https:\/\/www.csj-emballages.com\/de\/produit\/kuchenstaender-rund-weiss-schwarz-karton-o18-cm-pro-100\/#breadcrumb\",\"itemListElement\":[{\"@type\":\"ListItem\",\"position\":1,\"name\":\"Accueil\",\"item\":\"https:\/\/www.csj-emballages.com\/de\/universum-lebensmittelverpackungen\/\"},{\"@type\":\"ListItem\",\"position\":2,\"name\":\"Shop\",\"item\":\"https:\/\/www.csj-emballages.com\/shop\/\"},{\"@type\":\"ListItem\",\"position\":3,\"name\":\"Kuchenst\u00e4nder rund wei\u00df \/ schwarz Karton \u00f818 cm pro 100\"}]},{\"@type\":\"WebSite\",\"@id\":\"https:\/\/www.csj-emballages.com\/de\/#website\",\"url\":\"https:\/\/www.csj-emballages.com\/de\/\",\"name\":\"CSJ Emballages\",\"description\":\"\",\"publisher\":{\"@id\":\"https:\/\/www.csj-emballages.com\/de\/#organization\"},\"potentialAction\":[{\"@type\":\"SearchAction\",\"target\":{\"@type\":\"EntryPoint\",\"urlTemplate\":\"https:\/\/www.csj-emballages.com\/de\/?s={search_term_string}\"},\"query-input\":{\"@type\":\"PropertyValueSpecification\",\"valueRequired\":true,\"valueName\":\"search_term_string\"}}],\"inLanguage\":\"de\"},{\"@type\":\"Organization\",\"@id\":\"https:\/\/www.csj-emballages.com\/de\/#Organization\/\",\"name\":\"CSJ Emballages\",\"url\":\"https:\/\/www.csj-emballages.com\/de\/\",\"logo\":{\"@type\":\"ImageObject\",\"inLanguage\":\"de\",\"@id\":\"https:\/\/www.csj-emballages.com\/de\/#\/schema\/logo\/image\/\",\"url\":\"https:\/\/www.csj-emballages.com\/wp-content\/uploads\/2023\/10\/logo_csj.webp\",\"contentUrl\":\"https:\/\/www.csj-emballages.com\/wp-content\/uploads\/2023\/10\/logo_csj.webp\",\"width\":250,\"height\":95,\"caption\":\"CSJ Emballages\"},\"image\":{\"@id\":\"https:\/\/www.csj-emballages.com\/de\/#\/schema\/logo\/image\/\"},\"sameAs\":[\"https:\/\/www.facebook.com\/csjemballages\"],\"address\":{\"@type\":\"PostalAddress\",\"streetAddress\":\"ZI La Lechere\",\"addressLocality\":\"Patornay\",\"postalCode\":\"39130\",\"addressCountry\":\"FR\"},\"contactPoint\":[{\"@type\":\"ContactPoint\",\"contactType\":\"Service client\",\"telephone\":\"0384254272\",\"email\":\"contact@csj-emballages.com\"}]}]}<\/script>\n<!-- \/ Yoast SEO Premium plugin. -->","yoast_head_json":{"title":"Kuchenst\u00e4nder Rund Wei\u00df \/ Schwarz Karton \u00f818 cm pro 100","description":"Runder Kuchenst\u00e4nder wei\u00df \/ schwarz \u00f818 cm aus festem Karton, doppelseitig, praktisch und elegant. Ideal f\u00fcr Geb\u00e4ck, verkauft zu 100 St\u00fcck.","robots":{"index":"index","follow":"follow","max-snippet":"max-snippet:-1","max-image-preview":"max-image-preview:large","max-video-preview":"max-video-preview:-1"},"canonical":"https:\/\/www.csj-emballages.com\/de\/produit\/kuchenstaender-rund-weiss-schwarz-karton-o18-cm-pro-100\/","og_locale":"de_DE","og_type":"article","og_title":"Kuchenst\u00e4nder rund wei\u00df \/ schwarz Karton \u00f818 cm pro 100","og_description":"Runder Kuchenst\u00e4nder wei\u00df \/ schwarz \u00f818 cm aus festem Karton, doppelseitig, praktisch und elegant. Ideal f\u00fcr Geb\u00e4ck, verkauft zu 100 St\u00fcck.","og_url":"https:\/\/www.csj-emballages.com\/de\/produit\/kuchenstaender-rund-weiss-schwarz-karton-o18-cm-pro-100\/","og_site_name":"CSJ Emballages","article_publisher":"https:\/\/www.facebook.com\/csjemballages","article_modified_time":"2026-04-04T00:14:29+00:00","og_image":[{"width":800,"height":801,"url":"https:\/\/www.csj-emballages.com\/wp-content\/uploads\/2025\/10\/rbnf18.webp","type":"image\/webp"}],"twitter_card":"summary_large_image","twitter_misc":{"Gesch\u00e4tzte Lesezeit":"2 Minuten"},"schema":{"@context":"https:\/\/schema.org","@graph":[{"@type":"WebPage","@id":"https:\/\/www.csj-emballages.com\/de\/produit\/kuchenstaender-rund-weiss-schwarz-karton-o18-cm-pro-100\/","url":"https:\/\/www.csj-emballages.com\/de\/produit\/kuchenstaender-rund-weiss-schwarz-karton-o18-cm-pro-100\/","name":"Kuchenst\u00e4nder Rund Wei\u00df \/ Schwarz Karton \u00f818 cm pro 100","isPartOf":{"@id":"https:\/\/www.csj-emballages.com\/de\/#website"},"primaryImageOfPage":{"@id":"https:\/\/www.csj-emballages.com\/de\/produit\/kuchenstaender-rund-weiss-schwarz-karton-o18-cm-pro-100\/#primaryimage"},"image":{"@id":"https:\/\/www.csj-emballages.com\/de\/produit\/kuchenstaender-rund-weiss-schwarz-karton-o18-cm-pro-100\/#primaryimage"},"thumbnailUrl":"https:\/\/www.csj-emballages.com\/wp-content\/uploads\/2025\/10\/rbnf18.webp","datePublished":"2025-10-22T12:18:24+00:00","dateModified":"2026-04-04T00:14:29+00:00","description":"Runder Kuchenst\u00e4nder wei\u00df \/ schwarz \u00f818 cm aus festem Karton, doppelseitig, praktisch und elegant. Ideal f\u00fcr Geb\u00e4ck, verkauft zu 100 St\u00fcck.","breadcrumb":{"@id":"https:\/\/www.csj-emballages.com\/de\/produit\/kuchenstaender-rund-weiss-schwarz-karton-o18-cm-pro-100\/#breadcrumb"},"inLanguage":"de","potentialAction":[{"@type":"ReadAction","target":["https:\/\/www.csj-emballages.com\/de\/produit\/kuchenstaender-rund-weiss-schwarz-karton-o18-cm-pro-100\/"]}]},{"@type":"ImageObject","inLanguage":"de","@id":"https:\/\/www.csj-emballages.com\/de\/produit\/kuchenstaender-rund-weiss-schwarz-karton-o18-cm-pro-100\/#primaryimage","url":"https:\/\/www.csj-emballages.com\/wp-content\/uploads\/2025\/10\/rbnf18.webp","contentUrl":"https:\/\/www.csj-emballages.com\/wp-content\/uploads\/2025\/10\/rbnf18.webp","width":800,"height":801,"caption":"Support g\u00e2teau"},{"@type":"BreadcrumbList","@id":"https:\/\/www.csj-emballages.com\/de\/produit\/kuchenstaender-rund-weiss-schwarz-karton-o18-cm-pro-100\/#breadcrumb","itemListElement":[{"@type":"ListItem","position":1,"name":"Accueil","item":"https:\/\/www.csj-emballages.com\/de\/universum-lebensmittelverpackungen\/"},{"@type":"ListItem","position":2,"name":"Shop","item":"https:\/\/www.csj-emballages.com\/shop\/"},{"@type":"ListItem","position":3,"name":"Kuchenst\u00e4nder rund wei\u00df \/ schwarz Karton \u00f818 cm pro 100"}]},{"@type":"WebSite","@id":"https:\/\/www.csj-emballages.com\/de\/#website","url":"https:\/\/www.csj-emballages.com\/de\/","name":"CSJ Emballages","description":"","publisher":{"@id":"https:\/\/www.csj-emballages.com\/de\/#organization"},"potentialAction":[{"@type":"SearchAction","target":{"@type":"EntryPoint","urlTemplate":"https:\/\/www.csj-emballages.com\/de\/?s={search_term_string}"},"query-input":{"@type":"PropertyValueSpecification","valueRequired":true,"valueName":"search_term_string"}}],"inLanguage":"de"},{"@type":"Organization","@id":"https:\/\/www.csj-emballages.com\/de\/#Organization\/","name":"CSJ Emballages","url":"https:\/\/www.csj-emballages.com\/de\/","logo":{"@type":"ImageObject","inLanguage":"de","@id":"https:\/\/www.csj-emballages.com\/de\/#\/schema\/logo\/image\/","url":"https:\/\/www.csj-emballages.com\/wp-content\/uploads\/2023\/10\/logo_csj.webp","contentUrl":"https:\/\/www.csj-emballages.com\/wp-content\/uploads\/2023\/10\/logo_csj.webp","width":250,"height":95,"caption":"CSJ Emballages"},"image":{"@id":"https:\/\/www.csj-emballages.com\/de\/#\/schema\/logo\/image\/"},"sameAs":["https:\/\/www.facebook.com\/csjemballages"],"address":{"@type":"PostalAddress","streetAddress":"ZI La Lechere","addressLocality":"Patornay","postalCode":"39130","addressCountry":"FR"},"contactPoint":[{"@type":"ContactPoint","contactType":"Service client","telephone":"0384254272","email":"contact@csj-emballages.com"}]}]}},"df_price":11.59,"df_sale_price":"","df_regular_price":11.59,"df_image_link":"https:\/\/www.csj-emballages.com\/wp-content\/uploads\/2025\/10\/rbnf18-300x300.webp","tiered_pricing_type":"fixed","tiered_pricing_fixed_rules":[],"tiered_pricing_percentage_rules":[],"tiered_pricing_minimum":1,"tiered_pricing_roles_data":[],"_links":{"self":[{"href":"https:\/\/www.csj-emballages.com\/de\/wp-json\/wp\/v2\/product\/253192","targetHints":{"allow":["GET"]}}],"collection":[{"href":"https:\/\/www.csj-emballages.com\/de\/wp-json\/wp\/v2\/product"}],"about":[{"href":"https:\/\/www.csj-emballages.com\/de\/wp-json\/wp\/v2\/types\/product"}],"wp:featuredmedia":[{"embeddable":true,"href":"https:\/\/www.csj-emballages.com\/de\/wp-json\/wp\/v2\/media\/253187"}],"wp:attachment":[{"href":"https:\/\/www.csj-emballages.com\/de\/wp-json\/wp\/v2\/media?parent=253192"}],"wp:term":[{"taxonomy":"product_brand","embeddable":true,"href":"https:\/\/www.csj-emballages.com\/de\/wp-json\/wp\/v2\/product_brand?post=253192"},{"taxonomy":"product_cat","embeddable":true,"href":"https:\/\/www.csj-emballages.com\/de\/wp-json\/wp\/v2\/product_cat?post=253192"},{"taxonomy":"product_tag","embeddable":true,"href":"https:\/\/www.csj-emballages.com\/de\/wp-json\/wp\/v2\/product_tag?post=253192"}],"curies":[{"name":"wp","href":"https:\/\/api.w.org\/{rel}","templated":true}]}}