{"id":252785,"date":"2025-11-07T11:18:21","date_gmt":"2025-11-07T10:18:21","guid":{"rendered":"https:\/\/www.csj-emballages.com\/produit\/suesswarenbeutel-weihnachten-kraft-tanne-100-x-220-mm-pro-100\/"},"modified":"2026-03-12T16:38:20","modified_gmt":"2026-03-12T15:38:20","slug":"suesswarenbeutel-weihnachten-kraft-tanne-100-x-220-mm-pro-100","status":"publish","type":"product","link":"https:\/\/www.csj-emballages.com\/de\/produit\/suesswarenbeutel-weihnachten-kraft-tanne-100-x-220-mm-pro-100\/","title":{"rendered":"S\u00fc\u00dfwarenbeutel Weihnachten Kraft Tanne 100 x 220 mm pro 100"},"content":{"rendered":"<div style=\"font-family: Roboto, sans-serif;\">\n<h2 class=\"p1\">Beutel mit S\u00fc\u00dfigkeiten Weihnachten<\/h2>\n<hr>\n<h3>Beschreibung von unserem S\u00fc\u00dfigkeitenbeutel Weihnachten Kraft Tannenbaum 100 x 220 mm pro 100<\/h3>\n<p><!--more--><\/p>\n<p data-start=\"0\" data-end=\"550\">Schenken Sie Ihren S\u00fc\u00dfigkeiten eine festliche H\u00fclle mit unserem <strong data-start=\"86\" data-end=\"138\">S\u00fc\u00dfwarenbeutel Weihnachten Kraft Tanne 100 x 220 mm<\/strong> verkauft von <strong>100<\/strong>. Dieser <strong data-start=\"190\" data-end=\"207\">feste Beutel<\/strong> wurde f\u00fcr Geschmacksk\u00fcnstler entworfen und vereint authentischen Charme mit praktischer Handhabung. Dank des elegant gerippten, <strong data-start=\"266\" data-end=\"288\">naturbraunen<\/strong> 40 g <strong data-start=\"266\" data-end=\"288\">Kraftpapiers<\/strong>, das <strong data-start=\"316\" data-end=\"340\">mit 15 \u00b5 OPP laminiert<\/strong> ist, sch\u00fctzt es Ihre S\u00fc\u00dfigkeiten perfekt und unterstreicht gleichzeitig einen warmen, umweltfreundlichen Stil. Au\u00dferdem sorgt der <strong data-start=\"455\" data-end=\"480\">integrierte Pappboden<\/strong> f\u00fcr einen tadellosen Halt, selbst wenn er mit Schokolade oder Keksen gef\u00fcllt ist.<\/p>\n<p data-start=\"552\" data-end=\"930\">Dieser speziell f\u00fcr <strong data-start=\"580\" data-end=\"594\">Konditoren<\/strong> und <strong data-start=\"598\" data-end=\"614\">Chocolatiers<\/strong> entworfene <strong data-start=\"619\" data-end=\"643\">Beutel mit Tannenbaum-Print<\/strong> erinnert sofort an den Zauber von Weihnachten. Sein schlichtes und raffiniertes Design passt sowohl zu handwerklichen Werkst\u00e4tten als auch zu hochwertigen Feinschmeckerl\u00e4den. So werden Ihre Kreationen &#8211; Tr\u00fcffel, Karamell, glasierte Maronen oder kleine Sabl\u00e9s &#8211; zu echten Geschenken, die zum Verschenken bereitstehen.<\/p>\n<p data-start=\"932\" data-end=\"1247\">Dar\u00fcber hinaus erm\u00f6glicht das praktische Format von <strong>100 x 220 mm<\/strong> ein schnelles und effizientes Verpacken, sei es f\u00fcr den Verkauf im Schaufenster oder zum Zusammenstellen von Schlemmerk\u00f6rben. Dank ihrer stabilen Basis bleibt sie aufrecht auf Regalen oder in T\u00fcten stehen, wertet Ihre Produkte auf und erleichtert gleichzeitig die Pr\u00e4sentation. <\/p>\n<p data-start=\"1249\" data-end=\"1613\">Dieser langlebige und \u00e4sthetische <strong data-start=\"1275\" data-end=\"1299\">Kraftsack zu Weihnachten<\/strong> verk\u00f6rpert die perfekte Kombination aus <strong data-start=\"1334\" data-end=\"1346\">Festigkeit<\/strong>, <strong data-start=\"1348\" data-end=\"1370\">\u00f6kologischer Verantwortung<\/strong> und <strong data-start=\"1374\" data-end=\"1398\">saisonaler Eleganz<\/strong>. Wenn Sie sich f\u00fcr diese <strong>Weihnachtst\u00fcte<\/strong> entscheiden, reduzieren Sie auch Ihre Umweltbelastung, denn Kraftpapier ist f\u00fcr seine Recyclingf\u00e4higkeit und sein nat\u00fcrliches Aussehen bekannt, das immer mehr Verbraucher anspricht, die sich um unseren Planeten sorgen.<\/p>\n<p data-start=\"1615\" data-end=\"1906\">Alles in allem ist dieser <strong data-start=\"1628\" data-end=\"1662\">Kraft-S\u00fc\u00dfwarenbeutel Tanne<\/strong> der letzte Schliff, der Ihre s\u00fc\u00dfen Zubereitungen veredelt, die Blicke auf sich zieht und Ihren Kunden ein einzigartiges Erlebnis bietet &#8211; vom Laden bis zum Genuss. Schenken Sie ihnen ein Gourmet-Weihnachtsfest voller Raffinesse und Geselligkeit.<\/p>\n<p data-start=\"1615\" data-end=\"1906\">\n<p data-start=\"1367\" data-end=\"1669\"><!--more--><\/p>\n<h4 data-start=\"1367\" data-end=\"1669\">Vorteile :<\/h4>\n<ul>\n<li data-start=\"1367\" data-end=\"1669\"><strong data-start=\"2112\" data-end=\"2135\">Festliches Tannenbaumdesign<\/strong>, das in der Weihnachtszeit ein Blickfang ist.<\/li>\n<li data-start=\"1367\" data-end=\"1669\"><strong data-start=\"2181\" data-end=\"2206\">Integrierter Pappboden<\/strong> sorgt f\u00fcr ausgezeichnete Stabilit\u00e4t<\/li>\n<li data-start=\"1367\" data-end=\"1669\"><strong data-start=\"2246\" data-end=\"2274\">Laminiertes Naturkraft OPP<\/strong>: Schutz, St\u00e4rke und Wiederverwertbarkeit.<\/li>\n<li data-start=\"1367\" data-end=\"1669\">Ideal f\u00fcr <strong data-start=\"2333\" data-end=\"2383\">Konditoren, Chocolatiers und Feinschmeckerhandwerker.<\/strong><\/li>\n<li data-start=\"1367\" data-end=\"1669\">Praktisches Format <strong>100 x 220 mm<\/strong> f\u00fcr eine schnelle Verpackung.<\/li>\n<\/ul>\n<p>&nbsp;<\/p>\n<p><!--more--><\/p>\n<h4>Weitere Informationen :<\/h4>\n<ul>\n<li><strong>Verpackung<\/strong>: Packung mit 100 St\u00fcck<\/li>\n<li><strong>Ma\u00dfe<\/strong>: 100 x 220 mm<\/li>\n<li><strong>Farbe<\/strong>: Bunt<\/li>\n<li><strong>Material<\/strong>: OPP<\/li>\n<li><strong>Dicke<\/strong>: 35 Mikron<\/li>\n<\/ul>\n<\/div>\n<div style=\"font-family: Roboto, sans-serif;\">\n<p>&nbsp;<\/p>\n<p><!--more--><\/p>\n<\/div>\n<p>Dieses Produkt ist auch in einer gr\u00f6\u00dferen Gr\u00f6\u00dfe erh\u00e4ltlich : <span style=\"color: #d12727;\"><a style=\"color: #d12727;\" href=\"https:\/\/www.csj-emballages.com\/es\/produit\/100-bolsas-kraft-con-ventana-de-abeto-120-x-260-mm\/\">120 x 260 mm<\/a><\/span><\/p>\n<p>&nbsp;<\/p>\n<div style=\"font-family: Roboto, sans-serif;\">\n<p><!--more--><\/p>\n<p><a href=\"https:\/\/www.csj-emballages.com\/de\/categorie-produit\/lebensmittelverpackungen\/backerei-und-konditorei\/sacke-beutel-und-papier\/beutel-fur-suswaren\/themenbeutel\/weihnachtsbeutel\/\">Sehen Sie sich den Rest unseres Sortiments an Weihnachtst\u00fcten an<\/a><\/p>\n<\/div>\n","protected":false},"excerpt":{"rendered":"<p>Beutel mit S\u00fc\u00dfigkeiten Weihnachten Beschreibung von unserem S\u00fc\u00dfigkeitenbeutel Weihnachten Kraft Tannenbaum 100 x 220 mm pro 100<\/p>\n","protected":false},"featured_media":243558,"template":"","meta":{"_acf_changed":false},"product_brand":[],"product_cat":[1137,1171,3967,1678,1693,3413,1265],"product_tag":[],"class_list":{"0":"post-252785","1":"product","2":"type-product","3":"status-publish","4":"has-post-thumbnail","6":"product_cat-lebensmittelverpackungen","7":"product_cat-backerei-und-konditorei","8":"product_cat-sacke-beutel-und-papier","9":"product_cat-beutel-fur-suswaren","10":"product_cat-themenbeutel","11":"product_cat-weihnachtsbeutel","12":"product_cat-lagerbestande-promotion","14":"first","15":"instock","16":"sale","17":"taxable","18":"shipping-taxable","19":"purchasable","20":"product-type-simple"},"acf":[],"yoast_head":"<!-- This site is optimized with the Yoast SEO Premium plugin v26.6 (Yoast SEO v26.6) - https:\/\/yoast.com\/wordpress\/plugins\/seo\/ -->\n<title>S\u00fc\u00dfigkeitent\u00fcte Weihnachten Kraft Tanne 100 x 220 mm pro 100<\/title>\n<meta name=\"description\" content=\"S\u00fc\u00dfwarenbeutel Weihnachten Kraft Tanne 100 x 220 mm pro 100: elegant, stabil und umweltfreundlich f\u00fcr Chocolatiers und Konditoren.\" \/>\n<meta name=\"robots\" content=\"index, follow, max-snippet:-1, max-image-preview:large, max-video-preview:-1\" \/>\n<link rel=\"canonical\" href=\"https:\/\/www.csj-emballages.com\/de\/produit\/suesswarenbeutel-weihnachten-kraft-tanne-100-x-220-mm-pro-100\/\" \/>\n<meta property=\"og:locale\" content=\"de_DE\" \/>\n<meta property=\"og:type\" content=\"article\" \/>\n<meta property=\"og:title\" content=\"S\u00fc\u00dfwarenbeutel Weihnachten Kraft Tanne 100 x 220 mm pro 100\" \/>\n<meta property=\"og:description\" content=\"S\u00fc\u00dfwarenbeutel Weihnachten Kraft Tanne 100 x 220 mm pro 100: elegant, stabil und umweltfreundlich f\u00fcr Chocolatiers und Konditoren.\" \/>\n<meta property=\"og:url\" content=\"https:\/\/www.csj-emballages.com\/de\/produit\/suesswarenbeutel-weihnachten-kraft-tanne-100-x-220-mm-pro-100\/\" \/>\n<meta property=\"og:site_name\" content=\"CSJ Emballages\" \/>\n<meta property=\"article:publisher\" content=\"https:\/\/www.facebook.com\/csjemballages\" \/>\n<meta property=\"article:modified_time\" content=\"2026-03-12T15:38:20+00:00\" \/>\n<meta property=\"og:image\" content=\"https:\/\/www.csj-emballages.com\/wp-content\/uploads\/2024\/03\/SAPINT1.webp\" \/>\n\t<meta property=\"og:image:width\" content=\"800\" \/>\n\t<meta property=\"og:image:height\" content=\"800\" \/>\n\t<meta property=\"og:image:type\" content=\"image\/webp\" \/>\n<meta name=\"twitter:card\" content=\"summary_large_image\" \/>\n<meta name=\"twitter:label1\" content=\"Gesch\u00e4tzte Lesezeit\" \/>\n\t<meta name=\"twitter:data1\" content=\"2 Minuten\" \/>\n<script type=\"application\/ld+json\" class=\"yoast-schema-graph\">{\"@context\":\"https:\/\/schema.org\",\"@graph\":[{\"@type\":\"WebPage\",\"@id\":\"https:\/\/www.csj-emballages.com\/de\/produit\/suesswarenbeutel-weihnachten-kraft-tanne-100-x-220-mm-pro-100\/\",\"url\":\"https:\/\/www.csj-emballages.com\/de\/produit\/suesswarenbeutel-weihnachten-kraft-tanne-100-x-220-mm-pro-100\/\",\"name\":\"S\u00fc\u00dfigkeitent\u00fcte Weihnachten Kraft Tanne 100 x 220 mm pro 100\",\"isPartOf\":{\"@id\":\"https:\/\/www.csj-emballages.com\/de\/#website\"},\"primaryImageOfPage\":{\"@id\":\"https:\/\/www.csj-emballages.com\/de\/produit\/suesswarenbeutel-weihnachten-kraft-tanne-100-x-220-mm-pro-100\/#primaryimage\"},\"image\":{\"@id\":\"https:\/\/www.csj-emballages.com\/de\/produit\/suesswarenbeutel-weihnachten-kraft-tanne-100-x-220-mm-pro-100\/#primaryimage\"},\"thumbnailUrl\":\"https:\/\/www.csj-emballages.com\/wp-content\/uploads\/2024\/03\/SAPINT1.webp\",\"datePublished\":\"2025-11-07T10:18:21+00:00\",\"dateModified\":\"2026-03-12T15:38:20+00:00\",\"description\":\"S\u00fc\u00dfwarenbeutel Weihnachten Kraft Tanne 100 x 220 mm pro 100: elegant, stabil und umweltfreundlich f\u00fcr Chocolatiers und Konditoren.\",\"breadcrumb\":{\"@id\":\"https:\/\/www.csj-emballages.com\/de\/produit\/suesswarenbeutel-weihnachten-kraft-tanne-100-x-220-mm-pro-100\/#breadcrumb\"},\"inLanguage\":\"de\",\"potentialAction\":[{\"@type\":\"ReadAction\",\"target\":[\"https:\/\/www.csj-emballages.com\/de\/produit\/suesswarenbeutel-weihnachten-kraft-tanne-100-x-220-mm-pro-100\/\"]}]},{\"@type\":\"ImageObject\",\"inLanguage\":\"de\",\"@id\":\"https:\/\/www.csj-emballages.com\/de\/produit\/suesswarenbeutel-weihnachten-kraft-tanne-100-x-220-mm-pro-100\/#primaryimage\",\"url\":\"https:\/\/www.csj-emballages.com\/wp-content\/uploads\/2024\/03\/SAPINT1.webp\",\"contentUrl\":\"https:\/\/www.csj-emballages.com\/wp-content\/uploads\/2024\/03\/SAPINT1.webp\",\"width\":800,\"height\":800,\"caption\":\"Sachet confiseries\"},{\"@type\":\"BreadcrumbList\",\"@id\":\"https:\/\/www.csj-emballages.com\/de\/produit\/suesswarenbeutel-weihnachten-kraft-tanne-100-x-220-mm-pro-100\/#breadcrumb\",\"itemListElement\":[{\"@type\":\"ListItem\",\"position\":1,\"name\":\"Accueil\",\"item\":\"https:\/\/www.csj-emballages.com\/de\/universum-lebensmittelverpackungen\/\"},{\"@type\":\"ListItem\",\"position\":2,\"name\":\"Shop\",\"item\":\"https:\/\/www.csj-emballages.com\/shop\/\"},{\"@type\":\"ListItem\",\"position\":3,\"name\":\"S\u00fc\u00dfwarenbeutel Weihnachten Kraft Tanne 100 x 220 mm pro 100\"}]},{\"@type\":\"WebSite\",\"@id\":\"https:\/\/www.csj-emballages.com\/de\/#website\",\"url\":\"https:\/\/www.csj-emballages.com\/de\/\",\"name\":\"CSJ Emballages\",\"description\":\"\",\"publisher\":{\"@id\":\"https:\/\/www.csj-emballages.com\/de\/#organization\"},\"potentialAction\":[{\"@type\":\"SearchAction\",\"target\":{\"@type\":\"EntryPoint\",\"urlTemplate\":\"https:\/\/www.csj-emballages.com\/de\/?s={search_term_string}\"},\"query-input\":{\"@type\":\"PropertyValueSpecification\",\"valueRequired\":true,\"valueName\":\"search_term_string\"}}],\"inLanguage\":\"de\"},{\"@type\":\"Organization\",\"@id\":\"https:\/\/www.csj-emballages.com\/de\/#Organization\/\",\"name\":\"CSJ Emballages\",\"url\":\"https:\/\/www.csj-emballages.com\/de\/\",\"logo\":{\"@type\":\"ImageObject\",\"inLanguage\":\"de\",\"@id\":\"https:\/\/www.csj-emballages.com\/de\/#\/schema\/logo\/image\/\",\"url\":\"https:\/\/www.csj-emballages.com\/wp-content\/uploads\/2023\/10\/logo_csj.webp\",\"contentUrl\":\"https:\/\/www.csj-emballages.com\/wp-content\/uploads\/2023\/10\/logo_csj.webp\",\"width\":250,\"height\":95,\"caption\":\"CSJ Emballages\"},\"image\":{\"@id\":\"https:\/\/www.csj-emballages.com\/de\/#\/schema\/logo\/image\/\"},\"sameAs\":[\"https:\/\/www.facebook.com\/csjemballages\"],\"address\":{\"@type\":\"PostalAddress\",\"streetAddress\":\"ZI La Lechere\",\"addressLocality\":\"Patornay\",\"postalCode\":\"39130\",\"addressCountry\":\"FR\"},\"contactPoint\":[{\"@type\":\"ContactPoint\",\"contactType\":\"Service client\",\"telephone\":\"0384254272\",\"email\":\"contact@csj-emballages.com\"}]}]}<\/script>\n<!-- \/ Yoast SEO Premium plugin. -->","yoast_head_json":{"title":"S\u00fc\u00dfigkeitent\u00fcte Weihnachten Kraft Tanne 100 x 220 mm pro 100","description":"S\u00fc\u00dfwarenbeutel Weihnachten Kraft Tanne 100 x 220 mm pro 100: elegant, stabil und umweltfreundlich f\u00fcr Chocolatiers und Konditoren.","robots":{"index":"index","follow":"follow","max-snippet":"max-snippet:-1","max-image-preview":"max-image-preview:large","max-video-preview":"max-video-preview:-1"},"canonical":"https:\/\/www.csj-emballages.com\/de\/produit\/suesswarenbeutel-weihnachten-kraft-tanne-100-x-220-mm-pro-100\/","og_locale":"de_DE","og_type":"article","og_title":"S\u00fc\u00dfwarenbeutel Weihnachten Kraft Tanne 100 x 220 mm pro 100","og_description":"S\u00fc\u00dfwarenbeutel Weihnachten Kraft Tanne 100 x 220 mm pro 100: elegant, stabil und umweltfreundlich f\u00fcr Chocolatiers und Konditoren.","og_url":"https:\/\/www.csj-emballages.com\/de\/produit\/suesswarenbeutel-weihnachten-kraft-tanne-100-x-220-mm-pro-100\/","og_site_name":"CSJ Emballages","article_publisher":"https:\/\/www.facebook.com\/csjemballages","article_modified_time":"2026-03-12T15:38:20+00:00","og_image":[{"width":800,"height":800,"url":"https:\/\/www.csj-emballages.com\/wp-content\/uploads\/2024\/03\/SAPINT1.webp","type":"image\/webp"}],"twitter_card":"summary_large_image","twitter_misc":{"Gesch\u00e4tzte Lesezeit":"2 Minuten"},"schema":{"@context":"https:\/\/schema.org","@graph":[{"@type":"WebPage","@id":"https:\/\/www.csj-emballages.com\/de\/produit\/suesswarenbeutel-weihnachten-kraft-tanne-100-x-220-mm-pro-100\/","url":"https:\/\/www.csj-emballages.com\/de\/produit\/suesswarenbeutel-weihnachten-kraft-tanne-100-x-220-mm-pro-100\/","name":"S\u00fc\u00dfigkeitent\u00fcte Weihnachten Kraft Tanne 100 x 220 mm pro 100","isPartOf":{"@id":"https:\/\/www.csj-emballages.com\/de\/#website"},"primaryImageOfPage":{"@id":"https:\/\/www.csj-emballages.com\/de\/produit\/suesswarenbeutel-weihnachten-kraft-tanne-100-x-220-mm-pro-100\/#primaryimage"},"image":{"@id":"https:\/\/www.csj-emballages.com\/de\/produit\/suesswarenbeutel-weihnachten-kraft-tanne-100-x-220-mm-pro-100\/#primaryimage"},"thumbnailUrl":"https:\/\/www.csj-emballages.com\/wp-content\/uploads\/2024\/03\/SAPINT1.webp","datePublished":"2025-11-07T10:18:21+00:00","dateModified":"2026-03-12T15:38:20+00:00","description":"S\u00fc\u00dfwarenbeutel Weihnachten Kraft Tanne 100 x 220 mm pro 100: elegant, stabil und umweltfreundlich f\u00fcr Chocolatiers und Konditoren.","breadcrumb":{"@id":"https:\/\/www.csj-emballages.com\/de\/produit\/suesswarenbeutel-weihnachten-kraft-tanne-100-x-220-mm-pro-100\/#breadcrumb"},"inLanguage":"de","potentialAction":[{"@type":"ReadAction","target":["https:\/\/www.csj-emballages.com\/de\/produit\/suesswarenbeutel-weihnachten-kraft-tanne-100-x-220-mm-pro-100\/"]}]},{"@type":"ImageObject","inLanguage":"de","@id":"https:\/\/www.csj-emballages.com\/de\/produit\/suesswarenbeutel-weihnachten-kraft-tanne-100-x-220-mm-pro-100\/#primaryimage","url":"https:\/\/www.csj-emballages.com\/wp-content\/uploads\/2024\/03\/SAPINT1.webp","contentUrl":"https:\/\/www.csj-emballages.com\/wp-content\/uploads\/2024\/03\/SAPINT1.webp","width":800,"height":800,"caption":"Sachet confiseries"},{"@type":"BreadcrumbList","@id":"https:\/\/www.csj-emballages.com\/de\/produit\/suesswarenbeutel-weihnachten-kraft-tanne-100-x-220-mm-pro-100\/#breadcrumb","itemListElement":[{"@type":"ListItem","position":1,"name":"Accueil","item":"https:\/\/www.csj-emballages.com\/de\/universum-lebensmittelverpackungen\/"},{"@type":"ListItem","position":2,"name":"Shop","item":"https:\/\/www.csj-emballages.com\/shop\/"},{"@type":"ListItem","position":3,"name":"S\u00fc\u00dfwarenbeutel Weihnachten Kraft Tanne 100 x 220 mm pro 100"}]},{"@type":"WebSite","@id":"https:\/\/www.csj-emballages.com\/de\/#website","url":"https:\/\/www.csj-emballages.com\/de\/","name":"CSJ Emballages","description":"","publisher":{"@id":"https:\/\/www.csj-emballages.com\/de\/#organization"},"potentialAction":[{"@type":"SearchAction","target":{"@type":"EntryPoint","urlTemplate":"https:\/\/www.csj-emballages.com\/de\/?s={search_term_string}"},"query-input":{"@type":"PropertyValueSpecification","valueRequired":true,"valueName":"search_term_string"}}],"inLanguage":"de"},{"@type":"Organization","@id":"https:\/\/www.csj-emballages.com\/de\/#Organization\/","name":"CSJ Emballages","url":"https:\/\/www.csj-emballages.com\/de\/","logo":{"@type":"ImageObject","inLanguage":"de","@id":"https:\/\/www.csj-emballages.com\/de\/#\/schema\/logo\/image\/","url":"https:\/\/www.csj-emballages.com\/wp-content\/uploads\/2023\/10\/logo_csj.webp","contentUrl":"https:\/\/www.csj-emballages.com\/wp-content\/uploads\/2023\/10\/logo_csj.webp","width":250,"height":95,"caption":"CSJ Emballages"},"image":{"@id":"https:\/\/www.csj-emballages.com\/de\/#\/schema\/logo\/image\/"},"sameAs":["https:\/\/www.facebook.com\/csjemballages"],"address":{"@type":"PostalAddress","streetAddress":"ZI La Lechere","addressLocality":"Patornay","postalCode":"39130","addressCountry":"FR"},"contactPoint":[{"@type":"ContactPoint","contactType":"Service client","telephone":"0384254272","email":"contact@csj-emballages.com"}]}]}},"df_price":16.67,"df_sale_price":16.67,"df_regular_price":19.61,"df_image_link":"https:\/\/www.csj-emballages.com\/wp-content\/uploads\/2024\/03\/SAPINT1-300x300.webp","tiered_pricing_type":"fixed","tiered_pricing_fixed_rules":[],"tiered_pricing_percentage_rules":[],"tiered_pricing_minimum":1,"tiered_pricing_roles_data":[],"_links":{"self":[{"href":"https:\/\/www.csj-emballages.com\/de\/wp-json\/wp\/v2\/product\/252785","targetHints":{"allow":["GET"]}}],"collection":[{"href":"https:\/\/www.csj-emballages.com\/de\/wp-json\/wp\/v2\/product"}],"about":[{"href":"https:\/\/www.csj-emballages.com\/de\/wp-json\/wp\/v2\/types\/product"}],"wp:featuredmedia":[{"embeddable":true,"href":"https:\/\/www.csj-emballages.com\/de\/wp-json\/wp\/v2\/media\/243558"}],"wp:attachment":[{"href":"https:\/\/www.csj-emballages.com\/de\/wp-json\/wp\/v2\/media?parent=252785"}],"wp:term":[{"taxonomy":"product_brand","embeddable":true,"href":"https:\/\/www.csj-emballages.com\/de\/wp-json\/wp\/v2\/product_brand?post=252785"},{"taxonomy":"product_cat","embeddable":true,"href":"https:\/\/www.csj-emballages.com\/de\/wp-json\/wp\/v2\/product_cat?post=252785"},{"taxonomy":"product_tag","embeddable":true,"href":"https:\/\/www.csj-emballages.com\/de\/wp-json\/wp\/v2\/product_tag?post=252785"}],"curies":[{"name":"wp","href":"https:\/\/api.w.org\/{rel}","templated":true}]}}