{"id":251879,"date":"2025-09-15T09:50:57","date_gmt":"2025-09-15T07:50:57","guid":{"rendered":"https:\/\/www.csj-emballages.com\/produit\/quadratische-sohle-lasche-gold-schwarz-4-x-4-cm-pro-200\/"},"modified":"2026-04-15T02:16:08","modified_gmt":"2026-04-15T00:16:08","slug":"quadratische-sohle-lasche-gold-schwarz-4-x-4-cm-pro-200","status":"publish","type":"product","link":"https:\/\/www.csj-emballages.com\/de\/produit\/quadratische-sohle-lasche-gold-schwarz-4-x-4-cm-pro-200\/","title":{"rendered":"Quadratische Unterlage mit Lasche gold\/schwarz 4 x 4 cm, 200 St\u00fcck"},"content":{"rendered":"<h2>Quadratische Sohle<\/h2>\n<hr>\n<h3>Beschreibung unserer quadratischen Sohle Lasche Gold \/ Schwarz 4 x 4 cm pro 200<\/h3>\n<p><!--more--><\/p>\n<p data-start=\"158\" data-end=\"488\">Veredeln Sie Ihre Kreationen mit der <strong data-start=\"189\" data-end=\"236\">quadratischen Unterlage mit Lasche gold\/schwarz 4 x 4 cm<\/strong>! Elegant und praktisch, diese <strong>kleine quadratische Unterlage<\/strong> setzt Ihre Mignardises, Mini-Geb\u00e4ck und andere k\u00f6stliche Leckereien perfekt in Szene. Dank der <strong data-start=\"376\" data-end=\"405\">Doppelfarbe Gold und Schwarz<\/strong> passt sie in jede Welt: vom raffinierten Teesalon bis zum modernen Cateringunternehmen.<\/p>\n<p data-start=\"490\" data-end=\"966\">Diese Sohle wird aus <strong data-start=\"514\" data-end=\"554\">lebensmittelechtem, festem Karton<\/strong> hergestellt und ist sowohl <strong data-start=\"584\" data-end=\"594\">stabil<\/strong> als auch <strong data-start=\"598\" data-end=\"612\">\u00e4sthetisch an<\/strong>sprechend. Sie h\u00e4lt Ihre Desserts, auch die mit viel Sahne oder Zuckerguss, perfekt aus, ohne sich zu verformen. Ihr Format von <strong data-start=\"731\" data-end=\"743\">4 x 4 cm<\/strong> ist ideal, um Ihre Mini-Portionen sorgf\u00e4ltig und sauber zu pr\u00e4sentieren. Au\u00dferdem erm\u00f6glicht die <strong data-start=\"822\" data-end=\"844\">praktische Lasche<\/strong> eine einfache und hygienische Handhabung, sei es im Schaufenster, beim Servieren oder f\u00fcr ein Eventbuffet.<\/p>\n<p data-start=\"968\" data-end=\"1328\">Abgesehen von ihrer praktischen Seite verleiht diese <strong data-start=\"1004\" data-end=\"1032\">quadratische gold\/schwarze Sohle<\/strong> Ihren Pr\u00e4sentationen einen <strong data-start=\"1045\" data-end=\"1079\">schicken und professionellen Touch<\/strong>. Die goldene Vorderseite reflektiert das Licht f\u00fcr einen luxuri\u00f6sen Look, w\u00e4hrend die mattschwarze R\u00fcckseite eine schlichtere und modernere Alternative bietet. So l\u00e4sst sich die Sohle problemlos in Ihr Corporate Design integrieren, ganz gleich, wie Ihre kulinarische Identit\u00e4t aussieht.  <\/p>\n<p data-start=\"1330\" data-end=\"1562\">Schlie\u00dflich ist diese Verpackung zu <strong data-start=\"1360\" data-end=\"1374\">200 St\u00fcck<\/strong> perfekt geeignet f\u00fcr Fachleute aus der Gastronomie, Konditoreien, Feinkostl\u00e4den oder B\u00e4ckereien, die <strong data-start=\"1495\" data-end=\"1512\">Zeitersparnis<\/strong>, <strong data-start=\"1514\" data-end=\"1528\">\u00c4sthetik<\/strong> und <strong data-start=\"1532\" data-end=\"1546\">Effizienz<\/strong> im Alltag miteinander verbinden m\u00f6chten.<\/p>\n<p data-start=\"1330\" data-end=\"1562\">\n<p><!--more--><\/p>\n<h4><strong>Vorteile :<\/strong><\/h4>\n<ul>\n<li data-start=\"1667\" data-end=\"1732\">Elegante Aufmachung dank des <strong data-start=\"1701\" data-end=\"1730\">umkehrbaren Gold\/Schwarz-Designs.<\/strong><\/li>\n<li data-start=\"1735\" data-end=\"1802\"><strong data-start=\"1735\" data-end=\"1757\">Integrierte Lasche<\/strong> f\u00fcr eine einfache und hygienische Handhabung.<\/li>\n<li data-start=\"1805\" data-end=\"1850\"><strong data-start=\"1805\" data-end=\"1848\">Steifer, fettbest\u00e4ndiger Karton.<\/strong><\/li>\n<li data-start=\"1853\" data-end=\"1913\">Ideale Gr\u00f6\u00dfe f\u00fcr <strong data-start=\"1872\" data-end=\"1911\">individuelle Mignardises und Desserts.<\/strong><\/li>\n<li data-start=\"1916\" data-end=\"1993\"><strong data-start=\"1916\" data-end=\"1948\">Sparset mit 200 St\u00fcck<\/strong>, perfekt f\u00fcr Profis und Privatpersonen.<\/li>\n<\/ul>\n<p>&nbsp;<\/p>\n<p><!--more--><\/p>\n<h4>Weitere Informationen :<\/h4>\n<ul>\n<li><strong>Verpackung<\/strong>: Packung mit 200 St\u00fcck<\/li>\n<li><strong>Ma\u00dfe<\/strong>: 4 x 4 cm<\/li>\n<li><strong>Material<\/strong>: Karton<\/li>\n<li><strong>Form<\/strong>: Quadratisch<\/li>\n<li><strong>Farbe<\/strong>: Gold \/ Schwarz<\/li>\n<\/ul>\n<p>&nbsp;<\/p>\n<p><!--more--><\/p>\n<p>Diese quadratischen Zungensohlen sind in verschiedenen Gr\u00f6\u00dfen erh\u00e4ltlich : <span style=\"color: #d12727\"><a style=\"color: #d12727\" href=\"https:\/\/www.csj-emballages.com\/de\/produit\/quadratische-sohle-lasche-gold-schwarz-5-x-5-cm-pro-200\/\">5 x 5 cm<\/a><\/span> \/ <span style=\"color: #d12727\"><a style=\"color: #d12727\" href=\"https:\/\/www.csj-emballages.com\/de\/produit\/quadratische-sohle-lasche-gold-schwarz-6-x-6-cm-pro-200\/\">6 x 6 cm<\/a><\/span> \/ <span style=\"color: #d12727\"><a style=\"color: #d12727\" href=\"https:\/\/www.csj-emballages.com\/de\/produit\/quadratische-sohle-lasche-gold-schwarz-7-x-7-cm-pro-200\/\">7 x 7 cm<\/a><\/span> \/ <span style=\"color: #d12727\"><a style=\"color: #d12727\" href=\"https:\/\/www.csj-emballages.com\/de\/produit\/quadratische-sohle-lasche-gold-schwarz-8-x-8-cm-pro-200\/\">8 x 8 cm<\/a><\/span><\/p>\n<p>&nbsp;<\/p>\n<p><!--more--><\/p>\n<p><a href=\"https:\/\/www.csj-emballages.com\/de\/categorie-produit\/lebensmittelverpackungen\/backerei-und-konditorei\/kuchensohlenhalter\/einlegesohlen-mit-laschen\/\">Sehen Sie hier den Rest unseres Sortiments an Unterlagen mit Lasche<\/a><\/p>\n","protected":false},"excerpt":{"rendered":"<p>Quadratische Sohle Beschreibung unserer quadratischen Sohle Lasche Gold \/ Schwarz 4 x 4 cm pro 200<\/p>\n","protected":false},"featured_media":251875,"template":"","meta":{"_acf_changed":false},"product_brand":[],"product_cat":[1137,1171,1925,3273],"product_tag":[],"class_list":{"0":"post-251879","1":"product","2":"type-product","3":"status-publish","4":"has-post-thumbnail","6":"product_cat-lebensmittelverpackungen","7":"product_cat-backerei-und-konditorei","8":"product_cat-kuchensohlenhalter","9":"product_cat-einlegesohlen-mit-laschen","11":"first","12":"instock","13":"taxable","14":"shipping-taxable","15":"purchasable","16":"product-type-simple"},"acf":[],"yoast_head":"<!-- This site is optimized with the Yoast SEO Premium plugin v26.6 (Yoast SEO v26.6) - https:\/\/yoast.com\/wordpress\/plugins\/seo\/ -->\n<title>Quadratische Sohle Lasche Gold \/ Schwarz 4 x 4 cm pro 200<\/title>\n<meta name=\"description\" content=\"Verleihen Sie Ihren Desserts einen Hauch von Eleganz mit der quadratischen Sohle mit gold\/schwarzer Zunge (4 x 4 cm). Sie veredelt Ihre Patisserie-Kreationen.\" \/>\n<meta name=\"robots\" content=\"index, follow, max-snippet:-1, max-image-preview:large, max-video-preview:-1\" \/>\n<link rel=\"canonical\" href=\"https:\/\/www.csj-emballages.com\/de\/produit\/quadratische-sohle-lasche-gold-schwarz-4-x-4-cm-pro-200\/\" \/>\n<meta property=\"og:locale\" content=\"de_DE\" \/>\n<meta property=\"og:type\" content=\"article\" \/>\n<meta property=\"og:title\" content=\"Quadratische Unterlage mit Lasche gold\/schwarz 4 x 4 cm, 200 St\u00fcck\" \/>\n<meta property=\"og:description\" content=\"Verleihen Sie Ihren Desserts einen Hauch von Eleganz mit der quadratischen Sohle mit gold\/schwarzer Zunge (4 x 4 cm). Sie veredelt Ihre Patisserie-Kreationen.\" \/>\n<meta property=\"og:url\" content=\"https:\/\/www.csj-emballages.com\/de\/produit\/quadratische-sohle-lasche-gold-schwarz-4-x-4-cm-pro-200\/\" \/>\n<meta property=\"og:site_name\" content=\"CSJ Emballages\" \/>\n<meta property=\"article:publisher\" content=\"https:\/\/www.facebook.com\/csjemballages\" \/>\n<meta property=\"article:modified_time\" content=\"2026-04-15T00:16:08+00:00\" \/>\n<meta property=\"og:image\" content=\"https:\/\/www.csj-emballages.com\/wp-content\/uploads\/2025\/09\/RC4LANG.webp\" \/>\n\t<meta property=\"og:image:width\" content=\"800\" \/>\n\t<meta property=\"og:image:height\" content=\"801\" \/>\n\t<meta property=\"og:image:type\" content=\"image\/webp\" \/>\n<meta name=\"twitter:card\" content=\"summary_large_image\" \/>\n<meta name=\"twitter:label1\" content=\"Gesch\u00e4tzte Lesezeit\" \/>\n\t<meta name=\"twitter:data1\" content=\"2 Minuten\" \/>\n<script type=\"application\/ld+json\" class=\"yoast-schema-graph\">{\"@context\":\"https:\/\/schema.org\",\"@graph\":[{\"@type\":\"WebPage\",\"@id\":\"https:\/\/www.csj-emballages.com\/de\/produit\/quadratische-sohle-lasche-gold-schwarz-4-x-4-cm-pro-200\/\",\"url\":\"https:\/\/www.csj-emballages.com\/de\/produit\/quadratische-sohle-lasche-gold-schwarz-4-x-4-cm-pro-200\/\",\"name\":\"Quadratische Sohle Lasche Gold \/ Schwarz 4 x 4 cm pro 200\",\"isPartOf\":{\"@id\":\"https:\/\/www.csj-emballages.com\/de\/#website\"},\"primaryImageOfPage\":{\"@id\":\"https:\/\/www.csj-emballages.com\/de\/produit\/quadratische-sohle-lasche-gold-schwarz-4-x-4-cm-pro-200\/#primaryimage\"},\"image\":{\"@id\":\"https:\/\/www.csj-emballages.com\/de\/produit\/quadratische-sohle-lasche-gold-schwarz-4-x-4-cm-pro-200\/#primaryimage\"},\"thumbnailUrl\":\"https:\/\/www.csj-emballages.com\/wp-content\/uploads\/2025\/09\/RC4LANG.webp\",\"datePublished\":\"2025-09-15T07:50:57+00:00\",\"dateModified\":\"2026-04-15T00:16:08+00:00\",\"description\":\"Verleihen Sie Ihren Desserts einen Hauch von Eleganz mit der quadratischen Sohle mit gold\/schwarzer Zunge (4 x 4 cm). Sie veredelt Ihre Patisserie-Kreationen.\",\"breadcrumb\":{\"@id\":\"https:\/\/www.csj-emballages.com\/de\/produit\/quadratische-sohle-lasche-gold-schwarz-4-x-4-cm-pro-200\/#breadcrumb\"},\"inLanguage\":\"de\",\"potentialAction\":[{\"@type\":\"ReadAction\",\"target\":[\"https:\/\/www.csj-emballages.com\/de\/produit\/quadratische-sohle-lasche-gold-schwarz-4-x-4-cm-pro-200\/\"]}]},{\"@type\":\"ImageObject\",\"inLanguage\":\"de\",\"@id\":\"https:\/\/www.csj-emballages.com\/de\/produit\/quadratische-sohle-lasche-gold-schwarz-4-x-4-cm-pro-200\/#primaryimage\",\"url\":\"https:\/\/www.csj-emballages.com\/wp-content\/uploads\/2025\/09\/RC4LANG.webp\",\"contentUrl\":\"https:\/\/www.csj-emballages.com\/wp-content\/uploads\/2025\/09\/RC4LANG.webp\",\"width\":800,\"height\":801,\"caption\":\"Semelle carr\u00e9e\"},{\"@type\":\"BreadcrumbList\",\"@id\":\"https:\/\/www.csj-emballages.com\/de\/produit\/quadratische-sohle-lasche-gold-schwarz-4-x-4-cm-pro-200\/#breadcrumb\",\"itemListElement\":[{\"@type\":\"ListItem\",\"position\":1,\"name\":\"Accueil\",\"item\":\"https:\/\/www.csj-emballages.com\/de\/universum-lebensmittelverpackungen\/\"},{\"@type\":\"ListItem\",\"position\":2,\"name\":\"Shop\",\"item\":\"https:\/\/www.csj-emballages.com\/shop\/\"},{\"@type\":\"ListItem\",\"position\":3,\"name\":\"Quadratische Unterlage mit Lasche gold\/schwarz 4 x 4 cm, 200 St\u00fcck\"}]},{\"@type\":\"WebSite\",\"@id\":\"https:\/\/www.csj-emballages.com\/de\/#website\",\"url\":\"https:\/\/www.csj-emballages.com\/de\/\",\"name\":\"CSJ Emballages\",\"description\":\"\",\"publisher\":{\"@id\":\"https:\/\/www.csj-emballages.com\/de\/#organization\"},\"potentialAction\":[{\"@type\":\"SearchAction\",\"target\":{\"@type\":\"EntryPoint\",\"urlTemplate\":\"https:\/\/www.csj-emballages.com\/de\/?s={search_term_string}\"},\"query-input\":{\"@type\":\"PropertyValueSpecification\",\"valueRequired\":true,\"valueName\":\"search_term_string\"}}],\"inLanguage\":\"de\"},{\"@type\":\"Organization\",\"@id\":\"https:\/\/www.csj-emballages.com\/de\/#Organization\/\",\"name\":\"CSJ Emballages\",\"url\":\"https:\/\/www.csj-emballages.com\/de\/\",\"logo\":{\"@type\":\"ImageObject\",\"inLanguage\":\"de\",\"@id\":\"https:\/\/www.csj-emballages.com\/de\/#\/schema\/logo\/image\/\",\"url\":\"https:\/\/www.csj-emballages.com\/wp-content\/uploads\/2023\/10\/logo_csj.webp\",\"contentUrl\":\"https:\/\/www.csj-emballages.com\/wp-content\/uploads\/2023\/10\/logo_csj.webp\",\"width\":250,\"height\":95,\"caption\":\"CSJ Emballages\"},\"image\":{\"@id\":\"https:\/\/www.csj-emballages.com\/de\/#\/schema\/logo\/image\/\"},\"sameAs\":[\"https:\/\/www.facebook.com\/csjemballages\"],\"address\":{\"@type\":\"PostalAddress\",\"streetAddress\":\"ZI La Lechere\",\"addressLocality\":\"Patornay\",\"postalCode\":\"39130\",\"addressCountry\":\"FR\"},\"contactPoint\":[{\"@type\":\"ContactPoint\",\"contactType\":\"Service client\",\"telephone\":\"0384254272\",\"email\":\"contact@csj-emballages.com\"}]}]}<\/script>\n<!-- \/ Yoast SEO Premium plugin. -->","yoast_head_json":{"title":"Quadratische Sohle Lasche Gold \/ Schwarz 4 x 4 cm pro 200","description":"Verleihen Sie Ihren Desserts einen Hauch von Eleganz mit der quadratischen Sohle mit gold\/schwarzer Zunge (4 x 4 cm). Sie veredelt Ihre Patisserie-Kreationen.","robots":{"index":"index","follow":"follow","max-snippet":"max-snippet:-1","max-image-preview":"max-image-preview:large","max-video-preview":"max-video-preview:-1"},"canonical":"https:\/\/www.csj-emballages.com\/de\/produit\/quadratische-sohle-lasche-gold-schwarz-4-x-4-cm-pro-200\/","og_locale":"de_DE","og_type":"article","og_title":"Quadratische Unterlage mit Lasche gold\/schwarz 4 x 4 cm, 200 St\u00fcck","og_description":"Verleihen Sie Ihren Desserts einen Hauch von Eleganz mit der quadratischen Sohle mit gold\/schwarzer Zunge (4 x 4 cm). Sie veredelt Ihre Patisserie-Kreationen.","og_url":"https:\/\/www.csj-emballages.com\/de\/produit\/quadratische-sohle-lasche-gold-schwarz-4-x-4-cm-pro-200\/","og_site_name":"CSJ Emballages","article_publisher":"https:\/\/www.facebook.com\/csjemballages","article_modified_time":"2026-04-15T00:16:08+00:00","og_image":[{"width":800,"height":801,"url":"https:\/\/www.csj-emballages.com\/wp-content\/uploads\/2025\/09\/RC4LANG.webp","type":"image\/webp"}],"twitter_card":"summary_large_image","twitter_misc":{"Gesch\u00e4tzte Lesezeit":"2 Minuten"},"schema":{"@context":"https:\/\/schema.org","@graph":[{"@type":"WebPage","@id":"https:\/\/www.csj-emballages.com\/de\/produit\/quadratische-sohle-lasche-gold-schwarz-4-x-4-cm-pro-200\/","url":"https:\/\/www.csj-emballages.com\/de\/produit\/quadratische-sohle-lasche-gold-schwarz-4-x-4-cm-pro-200\/","name":"Quadratische Sohle Lasche Gold \/ Schwarz 4 x 4 cm pro 200","isPartOf":{"@id":"https:\/\/www.csj-emballages.com\/de\/#website"},"primaryImageOfPage":{"@id":"https:\/\/www.csj-emballages.com\/de\/produit\/quadratische-sohle-lasche-gold-schwarz-4-x-4-cm-pro-200\/#primaryimage"},"image":{"@id":"https:\/\/www.csj-emballages.com\/de\/produit\/quadratische-sohle-lasche-gold-schwarz-4-x-4-cm-pro-200\/#primaryimage"},"thumbnailUrl":"https:\/\/www.csj-emballages.com\/wp-content\/uploads\/2025\/09\/RC4LANG.webp","datePublished":"2025-09-15T07:50:57+00:00","dateModified":"2026-04-15T00:16:08+00:00","description":"Verleihen Sie Ihren Desserts einen Hauch von Eleganz mit der quadratischen Sohle mit gold\/schwarzer Zunge (4 x 4 cm). Sie veredelt Ihre Patisserie-Kreationen.","breadcrumb":{"@id":"https:\/\/www.csj-emballages.com\/de\/produit\/quadratische-sohle-lasche-gold-schwarz-4-x-4-cm-pro-200\/#breadcrumb"},"inLanguage":"de","potentialAction":[{"@type":"ReadAction","target":["https:\/\/www.csj-emballages.com\/de\/produit\/quadratische-sohle-lasche-gold-schwarz-4-x-4-cm-pro-200\/"]}]},{"@type":"ImageObject","inLanguage":"de","@id":"https:\/\/www.csj-emballages.com\/de\/produit\/quadratische-sohle-lasche-gold-schwarz-4-x-4-cm-pro-200\/#primaryimage","url":"https:\/\/www.csj-emballages.com\/wp-content\/uploads\/2025\/09\/RC4LANG.webp","contentUrl":"https:\/\/www.csj-emballages.com\/wp-content\/uploads\/2025\/09\/RC4LANG.webp","width":800,"height":801,"caption":"Semelle carr\u00e9e"},{"@type":"BreadcrumbList","@id":"https:\/\/www.csj-emballages.com\/de\/produit\/quadratische-sohle-lasche-gold-schwarz-4-x-4-cm-pro-200\/#breadcrumb","itemListElement":[{"@type":"ListItem","position":1,"name":"Accueil","item":"https:\/\/www.csj-emballages.com\/de\/universum-lebensmittelverpackungen\/"},{"@type":"ListItem","position":2,"name":"Shop","item":"https:\/\/www.csj-emballages.com\/shop\/"},{"@type":"ListItem","position":3,"name":"Quadratische Unterlage mit Lasche gold\/schwarz 4 x 4 cm, 200 St\u00fcck"}]},{"@type":"WebSite","@id":"https:\/\/www.csj-emballages.com\/de\/#website","url":"https:\/\/www.csj-emballages.com\/de\/","name":"CSJ Emballages","description":"","publisher":{"@id":"https:\/\/www.csj-emballages.com\/de\/#organization"},"potentialAction":[{"@type":"SearchAction","target":{"@type":"EntryPoint","urlTemplate":"https:\/\/www.csj-emballages.com\/de\/?s={search_term_string}"},"query-input":{"@type":"PropertyValueSpecification","valueRequired":true,"valueName":"search_term_string"}}],"inLanguage":"de"},{"@type":"Organization","@id":"https:\/\/www.csj-emballages.com\/de\/#Organization\/","name":"CSJ Emballages","url":"https:\/\/www.csj-emballages.com\/de\/","logo":{"@type":"ImageObject","inLanguage":"de","@id":"https:\/\/www.csj-emballages.com\/de\/#\/schema\/logo\/image\/","url":"https:\/\/www.csj-emballages.com\/wp-content\/uploads\/2023\/10\/logo_csj.webp","contentUrl":"https:\/\/www.csj-emballages.com\/wp-content\/uploads\/2023\/10\/logo_csj.webp","width":250,"height":95,"caption":"CSJ Emballages"},"image":{"@id":"https:\/\/www.csj-emballages.com\/de\/#\/schema\/logo\/image\/"},"sameAs":["https:\/\/www.facebook.com\/csjemballages"],"address":{"@type":"PostalAddress","streetAddress":"ZI La Lechere","addressLocality":"Patornay","postalCode":"39130","addressCountry":"FR"},"contactPoint":[{"@type":"ContactPoint","contactType":"Service client","telephone":"0384254272","email":"contact@csj-emballages.com"}]}]}},"df_price":5.69,"df_sale_price":"","df_regular_price":5.69,"df_image_link":"https:\/\/www.csj-emballages.com\/wp-content\/uploads\/2025\/09\/RC4LANG-300x300.webp","tiered_pricing_type":"fixed","tiered_pricing_fixed_rules":[],"tiered_pricing_percentage_rules":[],"tiered_pricing_minimum":1,"tiered_pricing_roles_data":[],"_links":{"self":[{"href":"https:\/\/www.csj-emballages.com\/de\/wp-json\/wp\/v2\/product\/251879","targetHints":{"allow":["GET"]}}],"collection":[{"href":"https:\/\/www.csj-emballages.com\/de\/wp-json\/wp\/v2\/product"}],"about":[{"href":"https:\/\/www.csj-emballages.com\/de\/wp-json\/wp\/v2\/types\/product"}],"wp:featuredmedia":[{"embeddable":true,"href":"https:\/\/www.csj-emballages.com\/de\/wp-json\/wp\/v2\/media\/251875"}],"wp:attachment":[{"href":"https:\/\/www.csj-emballages.com\/de\/wp-json\/wp\/v2\/media?parent=251879"}],"wp:term":[{"taxonomy":"product_brand","embeddable":true,"href":"https:\/\/www.csj-emballages.com\/de\/wp-json\/wp\/v2\/product_brand?post=251879"},{"taxonomy":"product_cat","embeddable":true,"href":"https:\/\/www.csj-emballages.com\/de\/wp-json\/wp\/v2\/product_cat?post=251879"},{"taxonomy":"product_tag","embeddable":true,"href":"https:\/\/www.csj-emballages.com\/de\/wp-json\/wp\/v2\/product_tag?post=251879"}],"curies":[{"name":"wp","href":"https:\/\/api.w.org\/{rel}","templated":true}]}}