{"id":251805,"date":"2025-09-15T09:51:50","date_gmt":"2025-09-15T07:51:50","guid":{"rendered":"https:\/\/www.csj-emballages.com\/produit\/sohle-mini-holzscheit-gerade-kanten-gold-schwarz-5-x-10-cm-pro-200\/"},"modified":"2026-04-03T02:19:30","modified_gmt":"2026-04-03T00:19:30","slug":"sohle-mini-holzscheit-gerade-kanten-gold-schwarz-5-x-10-cm-pro-200","status":"publish","type":"product","link":"https:\/\/www.csj-emballages.com\/de\/produit\/sohle-mini-holzscheit-gerade-kanten-gold-schwarz-5-x-10-cm-pro-200\/","title":{"rendered":"Sohle Mini-Holzscheit gerade Kanten gold \/ schwarz 5 x 10 cm pro 200"},"content":{"rendered":"<h2>Sohle Mini-Holzscheit<\/h2>\n<hr>\n<h3>Beschreibung unserer Sohle Mini-Holzscheit mit geraden Kanten gold \/ schwarz 5 x 10 cm pro 200<\/h3>\n<p><!--more--><\/p>\n<p data-start=\"101\" data-end=\"582\">Pr\u00e4sentieren Sie Ihre <strong>Patisserie-Kreationen<\/strong> mit Raffinesse dank der Sohle <strong>Mini-B\u00fbche mit geradem Rand in Gold\/Schwarz 5 x 10 cm pro 200 St\u00fcck<\/strong>. Diese <strong>Sohle aus Karton<\/strong> wurde speziell f\u00fcr Gastronomieprofis und passionierte Patissiers entwickelt und hebt Ihre St\u00e4mme, Entremets oder gerollten Kuchen mit einem starken visuellen Kontrast hervor. Die <strong data-start=\"437\" data-end=\"451\">goldene Vorderseite<\/strong> zieht sofort die Blicke auf sich und veredelt die Pr\u00e4sentation, w\u00e4hrend die <strong data-start=\"526\" data-end=\"540\">schwarze R\u00fcckseite<\/strong> eine schlichte und moderne Alternative bietet.  <\/p>\n<p data-start=\"584\" data-end=\"1019\">Die robuste und widerstandsf\u00e4hige Sohle <strong data-start=\"610\" data-end=\"640\">aus Lebensmittelkarton<\/strong> sorgt f\u00fcr einen ausgezeichneten Halt, selbst bei den gro\u00dfz\u00fcgigsten Desserts. Mit ihren <strong data-start=\"722\" data-end=\"743\">klaren geraden Kanten<\/strong> sorgt sie f\u00fcr ein gepflegtes Finish und eine einwandfreie Pr\u00e4sentation auf Ihren Buffets, Vitrinen oder Festtagstabletts. Das Format <strong data-start=\"870\" data-end=\"884\">5 x 10 cm<\/strong> eignet sich perfekt f\u00fcr <strong>kleine<\/strong> <strong>St\u00e4mme<\/strong> und garantiert einen zuverl\u00e4ssigen Halt beim Transport und beim Servieren.  <\/p>\n<p data-start=\"1021\" data-end=\"1304\">Auch diese <strong>Sohle<\/strong>, die in <strong data-start=\"1038\" data-end=\"1051\">Packungen zu 200 St\u00fcck<\/strong> verpackt ist, entspricht den Bed\u00fcrfnissen von Profis. Sie ist einfach zu handhaben und zu verteilen, spart Zeit und verleiht Ihren Produkten ein qualitativ hochwertiges Image. <\/p>\n<p data-start=\"1306\" data-end=\"1563\">Entscheiden Sie sich f\u00fcr die <strong>Sohle Mini-B\u00fbche<\/strong><strong data-start=\"1317\" data-end=\"1344\"> gold\/schwarz<\/strong>, um Solidit\u00e4t und \u00c4sthetik zu vereinen und Ihre Desserts erfolgreich in Szene zu setzen. Ein unverzichtbares Accessoire f\u00fcr Konditoren, Caterer und Gastronomen, die ihr K\u00f6nnen mit Sorgfalt und Authentizit\u00e4t zur Geltung bringen m\u00f6chten. <\/p>\n<p>&nbsp;<\/p>\n<p><!--more--><\/p>\n<h4><strong>Vorteile :<\/strong><\/h4>\n<ul>\n<li><strong data-start=\"1588\" data-end=\"1611\">Vorder- und R\u00fcckseite in Gold\/Schwarz<\/strong>: zwei Ausf\u00fchrungen, die sich an Ihre Pr\u00e4sentationen anpassen.<\/li>\n<li><strong data-start=\"1668\" data-end=\"1689\">Format 5 x 10 cm<\/strong>: ideal f\u00fcr Stollen und gerollte Kuchen.<\/li>\n<li>Scharfe <strong data-start=\"1732\" data-end=\"1753\">gerade Kanten<\/strong>: Pr\u00e4zise und gepflegte visuelle Wiedergabe.<\/li>\n<li><strong data-start=\"1790\" data-end=\"1822\">Widerstandsf\u00e4higer Lebensmittelkarton<\/strong>: sehr guter Halt des Desserts.<\/li>\n<li><strong data-start=\"1857\" data-end=\"1883\">Packung mit 200 St\u00fcck<\/strong>: Perfekt f\u00fcr den professionellen Gebrauch.<\/li>\n<\/ul>\n<p>&nbsp;<\/p>\n<p><!--more--><\/p>\n<h4>Weitere Informationen :<\/h4>\n<ul>\n<li><strong>Verpackung<\/strong>: Packung mit 200 St\u00fcck<\/li>\n<li><strong>Ma\u00dfe<\/strong>: 5 x 10 cm<\/li>\n<li><strong>Material<\/strong>: Karton<\/li>\n<li><strong>Farbe<\/strong>: Gold \/ Schwarz<\/li>\n<\/ul>\n<p>&nbsp;<\/p>\n<p><!--more--><\/p>\n<p>Diese Holzscheitsohlen sind in verschiedenen Gr\u00f6\u00dfen erh\u00e4ltlich : <span style=\"color: #d12727;\"><a style=\"color: #d12727;\" href=\"https:\/\/www.csj-emballages.com\/produit\/50-semelles-bords-droits-or-noir-25-x-10-cm\/\">25&#215;10 cm<\/a><\/span> \/ <span style=\"color: #d12727;\"><a style=\"color: #d12727;\" href=\"https:\/\/www.csj-emballages.com\/produit\/50-semelles-bords-droits-or-noir-30-x-10-cm\/\">30&#215;10 cm<\/a><\/span> \/ <span style=\"color: #d12727;\"><a style=\"color: #d12727;\" href=\"https:\/\/www.csj-emballages.com\/produit\/50-semelles-bords-droits-or-noir-35-x-10-cm\/\">35&#215;10 cm<\/a><\/span> \/ <span style=\"color: #d12727;\"><a style=\"color: #d12727;\" href=\"https:\/\/www.csj-emballages.com\/es\/produit\/25-cajas-de-carton-blanco-para-pasteleria-de-40-x-10-cm\/\">40&#215;10 cm<\/a><\/span> \/ <span style=\"color: #d12727;\"><a style=\"color: #d12727;\" href=\"https:\/\/www.csj-emballages.com\/produit\/50-semelles-bords-droits-or-noir-44-x-10-cm\/\">44&#215;10 cm<\/a><\/span> \/ <span style=\"color: #d12727;\"><a style=\"color: #d12727;\" href=\"https:\/\/www.csj-emballages.com\/produit\/50-semelles-bords-droits-or-noir-49-x-10-cm\/\">50&#215;10 cm<\/a><\/span> \/ <span style=\"color: #d12727;\"><a style=\"color: #d12727;\" href=\"https:\/\/www.csj-emballages.com\/produit\/50-semelles-bords-droits-or-noir-60-x-10-cm\/\">60&#215;10 cm<\/a><\/span><\/p>\n<p>&nbsp;<\/p>\n<p><!--more--><\/p>\n<p><a href=\"https:\/\/www.csj-emballages.com\/de\/categorie-produit\/lebensmittelverpackungen\/backerei-und-konditorei\/kuchensohlenhalter\/holzsohlen\/\">Sehen Sie sich hier den Rest unseres Sortiments an Holzsohlen an<\/a><\/p>\n","protected":false},"excerpt":{"rendered":"<p>Sohle Mini-Holzscheit Beschreibung unserer Sohle Mini-Holzscheit mit geraden Kanten gold \/ schwarz 5 x 10 cm pro 200<\/p>\n","protected":false},"featured_media":242493,"template":"","meta":{"_acf_changed":false},"product_brand":[],"product_cat":[1137,1171,1925,3272],"product_tag":[],"class_list":{"0":"post-251805","1":"product","2":"type-product","3":"status-publish","4":"has-post-thumbnail","6":"product_cat-lebensmittelverpackungen","7":"product_cat-backerei-und-konditorei","8":"product_cat-kuchensohlenhalter","9":"product_cat-holzsohlen","11":"first","12":"instock","13":"taxable","14":"shipping-taxable","15":"purchasable","16":"product-type-simple"},"acf":[],"yoast_head":"<!-- This site is optimized with the Yoast SEO Premium plugin v26.6 (Yoast SEO v26.6) - https:\/\/yoast.com\/wordpress\/plugins\/seo\/ -->\n<title>Sohle Mini Holzscheit mit geraden Kanten Gold \/ Schwarz 5 x 10 cm pro 200<\/title>\n<meta name=\"description\" content=\"Bringen Sie Ihre Desserts mit der Sohle Mini-B\u00fbche gold\/schwarz 5 x 10 cm zur Geltung. Set mit 50 St\u00fcck, widerstandsf\u00e4hig und ideal f\u00fcr eine gepflegte Pr\u00e4sentation.\" \/>\n<meta name=\"robots\" content=\"index, follow, max-snippet:-1, max-image-preview:large, max-video-preview:-1\" \/>\n<link rel=\"canonical\" href=\"https:\/\/www.csj-emballages.com\/de\/produit\/sohle-mini-holzscheit-gerade-kanten-gold-schwarz-5-x-10-cm-pro-200\/\" \/>\n<meta property=\"og:locale\" content=\"de_DE\" \/>\n<meta property=\"og:type\" content=\"article\" \/>\n<meta property=\"og:title\" content=\"Sohle Mini-Holzscheit gerade Kanten gold \/ schwarz 5 x 10 cm pro 200\" \/>\n<meta property=\"og:description\" content=\"Bringen Sie Ihre Desserts mit der Sohle Mini-B\u00fbche gold\/schwarz 5 x 10 cm zur Geltung. Set mit 50 St\u00fcck, widerstandsf\u00e4hig und ideal f\u00fcr eine gepflegte Pr\u00e4sentation.\" \/>\n<meta property=\"og:url\" content=\"https:\/\/www.csj-emballages.com\/de\/produit\/sohle-mini-holzscheit-gerade-kanten-gold-schwarz-5-x-10-cm-pro-200\/\" \/>\n<meta property=\"og:site_name\" content=\"CSJ Emballages\" \/>\n<meta property=\"article:publisher\" content=\"https:\/\/www.facebook.com\/csjemballages\" \/>\n<meta property=\"article:modified_time\" content=\"2026-04-03T00:19:30+00:00\" \/>\n<meta property=\"og:image\" content=\"https:\/\/www.csj-emballages.com\/wp-content\/uploads\/2024\/03\/Semelle-buche.webp\" \/>\n\t<meta property=\"og:image:width\" content=\"800\" \/>\n\t<meta property=\"og:image:height\" content=\"800\" \/>\n\t<meta property=\"og:image:type\" content=\"image\/webp\" \/>\n<meta name=\"twitter:card\" content=\"summary_large_image\" \/>\n<meta name=\"twitter:label1\" content=\"Gesch\u00e4tzte Lesezeit\" \/>\n\t<meta name=\"twitter:data1\" content=\"2 Minuten\" \/>\n<script type=\"application\/ld+json\" class=\"yoast-schema-graph\">{\"@context\":\"https:\/\/schema.org\",\"@graph\":[{\"@type\":\"WebPage\",\"@id\":\"https:\/\/www.csj-emballages.com\/de\/produit\/sohle-mini-holzscheit-gerade-kanten-gold-schwarz-5-x-10-cm-pro-200\/\",\"url\":\"https:\/\/www.csj-emballages.com\/de\/produit\/sohle-mini-holzscheit-gerade-kanten-gold-schwarz-5-x-10-cm-pro-200\/\",\"name\":\"Sohle Mini Holzscheit mit geraden Kanten Gold \/ Schwarz 5 x 10 cm pro 200\",\"isPartOf\":{\"@id\":\"https:\/\/www.csj-emballages.com\/de\/#website\"},\"primaryImageOfPage\":{\"@id\":\"https:\/\/www.csj-emballages.com\/de\/produit\/sohle-mini-holzscheit-gerade-kanten-gold-schwarz-5-x-10-cm-pro-200\/#primaryimage\"},\"image\":{\"@id\":\"https:\/\/www.csj-emballages.com\/de\/produit\/sohle-mini-holzscheit-gerade-kanten-gold-schwarz-5-x-10-cm-pro-200\/#primaryimage\"},\"thumbnailUrl\":\"https:\/\/www.csj-emballages.com\/wp-content\/uploads\/2024\/03\/Semelle-buche.webp\",\"datePublished\":\"2025-09-15T07:51:50+00:00\",\"dateModified\":\"2026-04-03T00:19:30+00:00\",\"description\":\"Bringen Sie Ihre Desserts mit der Sohle Mini-B\u00fbche gold\/schwarz 5 x 10 cm zur Geltung. Set mit 50 St\u00fcck, widerstandsf\u00e4hig und ideal f\u00fcr eine gepflegte Pr\u00e4sentation.\",\"breadcrumb\":{\"@id\":\"https:\/\/www.csj-emballages.com\/de\/produit\/sohle-mini-holzscheit-gerade-kanten-gold-schwarz-5-x-10-cm-pro-200\/#breadcrumb\"},\"inLanguage\":\"de\",\"potentialAction\":[{\"@type\":\"ReadAction\",\"target\":[\"https:\/\/www.csj-emballages.com\/de\/produit\/sohle-mini-holzscheit-gerade-kanten-gold-schwarz-5-x-10-cm-pro-200\/\"]}]},{\"@type\":\"ImageObject\",\"inLanguage\":\"de\",\"@id\":\"https:\/\/www.csj-emballages.com\/de\/produit\/sohle-mini-holzscheit-gerade-kanten-gold-schwarz-5-x-10-cm-pro-200\/#primaryimage\",\"url\":\"https:\/\/www.csj-emballages.com\/wp-content\/uploads\/2024\/03\/Semelle-buche.webp\",\"contentUrl\":\"https:\/\/www.csj-emballages.com\/wp-content\/uploads\/2024\/03\/Semelle-buche.webp\",\"width\":800,\"height\":800,\"caption\":\"Semelle b\u00fbche\"},{\"@type\":\"BreadcrumbList\",\"@id\":\"https:\/\/www.csj-emballages.com\/de\/produit\/sohle-mini-holzscheit-gerade-kanten-gold-schwarz-5-x-10-cm-pro-200\/#breadcrumb\",\"itemListElement\":[{\"@type\":\"ListItem\",\"position\":1,\"name\":\"Accueil\",\"item\":\"https:\/\/www.csj-emballages.com\/de\/universum-lebensmittelverpackungen\/\"},{\"@type\":\"ListItem\",\"position\":2,\"name\":\"Shop\",\"item\":\"https:\/\/www.csj-emballages.com\/shop\/\"},{\"@type\":\"ListItem\",\"position\":3,\"name\":\"Sohle Mini-Holzscheit gerade Kanten gold \/ schwarz 5 x 10 cm pro 200\"}]},{\"@type\":\"WebSite\",\"@id\":\"https:\/\/www.csj-emballages.com\/de\/#website\",\"url\":\"https:\/\/www.csj-emballages.com\/de\/\",\"name\":\"CSJ Emballages\",\"description\":\"\",\"publisher\":{\"@id\":\"https:\/\/www.csj-emballages.com\/de\/#organization\"},\"potentialAction\":[{\"@type\":\"SearchAction\",\"target\":{\"@type\":\"EntryPoint\",\"urlTemplate\":\"https:\/\/www.csj-emballages.com\/de\/?s={search_term_string}\"},\"query-input\":{\"@type\":\"PropertyValueSpecification\",\"valueRequired\":true,\"valueName\":\"search_term_string\"}}],\"inLanguage\":\"de\"},{\"@type\":\"Organization\",\"@id\":\"https:\/\/www.csj-emballages.com\/de\/#Organization\/\",\"name\":\"CSJ Emballages\",\"url\":\"https:\/\/www.csj-emballages.com\/de\/\",\"logo\":{\"@type\":\"ImageObject\",\"inLanguage\":\"de\",\"@id\":\"https:\/\/www.csj-emballages.com\/de\/#\/schema\/logo\/image\/\",\"url\":\"https:\/\/www.csj-emballages.com\/wp-content\/uploads\/2023\/10\/logo_csj.webp\",\"contentUrl\":\"https:\/\/www.csj-emballages.com\/wp-content\/uploads\/2023\/10\/logo_csj.webp\",\"width\":250,\"height\":95,\"caption\":\"CSJ Emballages\"},\"image\":{\"@id\":\"https:\/\/www.csj-emballages.com\/de\/#\/schema\/logo\/image\/\"},\"sameAs\":[\"https:\/\/www.facebook.com\/csjemballages\"],\"address\":{\"@type\":\"PostalAddress\",\"streetAddress\":\"ZI La Lechere\",\"addressLocality\":\"Patornay\",\"postalCode\":\"39130\",\"addressCountry\":\"FR\"},\"contactPoint\":[{\"@type\":\"ContactPoint\",\"contactType\":\"Service client\",\"telephone\":\"0384254272\",\"email\":\"contact@csj-emballages.com\"}]}]}<\/script>\n<!-- \/ Yoast SEO Premium plugin. -->","yoast_head_json":{"title":"Sohle Mini Holzscheit mit geraden Kanten Gold \/ Schwarz 5 x 10 cm pro 200","description":"Bringen Sie Ihre Desserts mit der Sohle Mini-B\u00fbche gold\/schwarz 5 x 10 cm zur Geltung. Set mit 50 St\u00fcck, widerstandsf\u00e4hig und ideal f\u00fcr eine gepflegte Pr\u00e4sentation.","robots":{"index":"index","follow":"follow","max-snippet":"max-snippet:-1","max-image-preview":"max-image-preview:large","max-video-preview":"max-video-preview:-1"},"canonical":"https:\/\/www.csj-emballages.com\/de\/produit\/sohle-mini-holzscheit-gerade-kanten-gold-schwarz-5-x-10-cm-pro-200\/","og_locale":"de_DE","og_type":"article","og_title":"Sohle Mini-Holzscheit gerade Kanten gold \/ schwarz 5 x 10 cm pro 200","og_description":"Bringen Sie Ihre Desserts mit der Sohle Mini-B\u00fbche gold\/schwarz 5 x 10 cm zur Geltung. Set mit 50 St\u00fcck, widerstandsf\u00e4hig und ideal f\u00fcr eine gepflegte Pr\u00e4sentation.","og_url":"https:\/\/www.csj-emballages.com\/de\/produit\/sohle-mini-holzscheit-gerade-kanten-gold-schwarz-5-x-10-cm-pro-200\/","og_site_name":"CSJ Emballages","article_publisher":"https:\/\/www.facebook.com\/csjemballages","article_modified_time":"2026-04-03T00:19:30+00:00","og_image":[{"width":800,"height":800,"url":"https:\/\/www.csj-emballages.com\/wp-content\/uploads\/2024\/03\/Semelle-buche.webp","type":"image\/webp"}],"twitter_card":"summary_large_image","twitter_misc":{"Gesch\u00e4tzte Lesezeit":"2 Minuten"},"schema":{"@context":"https:\/\/schema.org","@graph":[{"@type":"WebPage","@id":"https:\/\/www.csj-emballages.com\/de\/produit\/sohle-mini-holzscheit-gerade-kanten-gold-schwarz-5-x-10-cm-pro-200\/","url":"https:\/\/www.csj-emballages.com\/de\/produit\/sohle-mini-holzscheit-gerade-kanten-gold-schwarz-5-x-10-cm-pro-200\/","name":"Sohle Mini Holzscheit mit geraden Kanten Gold \/ Schwarz 5 x 10 cm pro 200","isPartOf":{"@id":"https:\/\/www.csj-emballages.com\/de\/#website"},"primaryImageOfPage":{"@id":"https:\/\/www.csj-emballages.com\/de\/produit\/sohle-mini-holzscheit-gerade-kanten-gold-schwarz-5-x-10-cm-pro-200\/#primaryimage"},"image":{"@id":"https:\/\/www.csj-emballages.com\/de\/produit\/sohle-mini-holzscheit-gerade-kanten-gold-schwarz-5-x-10-cm-pro-200\/#primaryimage"},"thumbnailUrl":"https:\/\/www.csj-emballages.com\/wp-content\/uploads\/2024\/03\/Semelle-buche.webp","datePublished":"2025-09-15T07:51:50+00:00","dateModified":"2026-04-03T00:19:30+00:00","description":"Bringen Sie Ihre Desserts mit der Sohle Mini-B\u00fbche gold\/schwarz 5 x 10 cm zur Geltung. Set mit 50 St\u00fcck, widerstandsf\u00e4hig und ideal f\u00fcr eine gepflegte Pr\u00e4sentation.","breadcrumb":{"@id":"https:\/\/www.csj-emballages.com\/de\/produit\/sohle-mini-holzscheit-gerade-kanten-gold-schwarz-5-x-10-cm-pro-200\/#breadcrumb"},"inLanguage":"de","potentialAction":[{"@type":"ReadAction","target":["https:\/\/www.csj-emballages.com\/de\/produit\/sohle-mini-holzscheit-gerade-kanten-gold-schwarz-5-x-10-cm-pro-200\/"]}]},{"@type":"ImageObject","inLanguage":"de","@id":"https:\/\/www.csj-emballages.com\/de\/produit\/sohle-mini-holzscheit-gerade-kanten-gold-schwarz-5-x-10-cm-pro-200\/#primaryimage","url":"https:\/\/www.csj-emballages.com\/wp-content\/uploads\/2024\/03\/Semelle-buche.webp","contentUrl":"https:\/\/www.csj-emballages.com\/wp-content\/uploads\/2024\/03\/Semelle-buche.webp","width":800,"height":800,"caption":"Semelle b\u00fbche"},{"@type":"BreadcrumbList","@id":"https:\/\/www.csj-emballages.com\/de\/produit\/sohle-mini-holzscheit-gerade-kanten-gold-schwarz-5-x-10-cm-pro-200\/#breadcrumb","itemListElement":[{"@type":"ListItem","position":1,"name":"Accueil","item":"https:\/\/www.csj-emballages.com\/de\/universum-lebensmittelverpackungen\/"},{"@type":"ListItem","position":2,"name":"Shop","item":"https:\/\/www.csj-emballages.com\/shop\/"},{"@type":"ListItem","position":3,"name":"Sohle Mini-Holzscheit gerade Kanten gold \/ schwarz 5 x 10 cm pro 200"}]},{"@type":"WebSite","@id":"https:\/\/www.csj-emballages.com\/de\/#website","url":"https:\/\/www.csj-emballages.com\/de\/","name":"CSJ Emballages","description":"","publisher":{"@id":"https:\/\/www.csj-emballages.com\/de\/#organization"},"potentialAction":[{"@type":"SearchAction","target":{"@type":"EntryPoint","urlTemplate":"https:\/\/www.csj-emballages.com\/de\/?s={search_term_string}"},"query-input":{"@type":"PropertyValueSpecification","valueRequired":true,"valueName":"search_term_string"}}],"inLanguage":"de"},{"@type":"Organization","@id":"https:\/\/www.csj-emballages.com\/de\/#Organization\/","name":"CSJ Emballages","url":"https:\/\/www.csj-emballages.com\/de\/","logo":{"@type":"ImageObject","inLanguage":"de","@id":"https:\/\/www.csj-emballages.com\/de\/#\/schema\/logo\/image\/","url":"https:\/\/www.csj-emballages.com\/wp-content\/uploads\/2023\/10\/logo_csj.webp","contentUrl":"https:\/\/www.csj-emballages.com\/wp-content\/uploads\/2023\/10\/logo_csj.webp","width":250,"height":95,"caption":"CSJ Emballages"},"image":{"@id":"https:\/\/www.csj-emballages.com\/de\/#\/schema\/logo\/image\/"},"sameAs":["https:\/\/www.facebook.com\/csjemballages"],"address":{"@type":"PostalAddress","streetAddress":"ZI La Lechere","addressLocality":"Patornay","postalCode":"39130","addressCountry":"FR"},"contactPoint":[{"@type":"ContactPoint","contactType":"Service client","telephone":"0384254272","email":"contact@csj-emballages.com"}]}]}},"df_price":6.34,"df_sale_price":"","df_regular_price":6.34,"df_image_link":"https:\/\/www.csj-emballages.com\/wp-content\/uploads\/2024\/03\/Semelle-buche-300x300.webp","tiered_pricing_type":"fixed","tiered_pricing_fixed_rules":[],"tiered_pricing_percentage_rules":[],"tiered_pricing_minimum":1,"tiered_pricing_roles_data":[],"_links":{"self":[{"href":"https:\/\/www.csj-emballages.com\/de\/wp-json\/wp\/v2\/product\/251805","targetHints":{"allow":["GET"]}}],"collection":[{"href":"https:\/\/www.csj-emballages.com\/de\/wp-json\/wp\/v2\/product"}],"about":[{"href":"https:\/\/www.csj-emballages.com\/de\/wp-json\/wp\/v2\/types\/product"}],"wp:featuredmedia":[{"embeddable":true,"href":"https:\/\/www.csj-emballages.com\/de\/wp-json\/wp\/v2\/media\/242493"}],"wp:attachment":[{"href":"https:\/\/www.csj-emballages.com\/de\/wp-json\/wp\/v2\/media?parent=251805"}],"wp:term":[{"taxonomy":"product_brand","embeddable":true,"href":"https:\/\/www.csj-emballages.com\/de\/wp-json\/wp\/v2\/product_brand?post=251805"},{"taxonomy":"product_cat","embeddable":true,"href":"https:\/\/www.csj-emballages.com\/de\/wp-json\/wp\/v2\/product_cat?post=251805"},{"taxonomy":"product_tag","embeddable":true,"href":"https:\/\/www.csj-emballages.com\/de\/wp-json\/wp\/v2\/product_tag?post=251805"}],"curies":[{"name":"wp","href":"https:\/\/api.w.org\/{rel}","templated":true}]}}