{"id":251354,"date":"2025-10-16T16:18:16","date_gmt":"2025-10-16T14:18:16","guid":{"rendered":"https:\/\/www.csj-emballages.com\/produit\/einkaufstasche-aus-braunem-papier-mit-flachen-griffen-32-x-21-x-37-cm-pro-250\/"},"modified":"2026-03-25T02:14:20","modified_gmt":"2026-03-25T01:14:20","slug":"einkaufstasche-aus-braunem-papier-mit-flachen-griffen-32-x-21-x-37-cm-pro-250","status":"publish","type":"product","link":"https:\/\/www.csj-emballages.com\/de\/produit\/einkaufstasche-aus-braunem-papier-mit-flachen-griffen-32-x-21-x-37-cm-pro-250\/","title":{"rendered":"Einkaufstasche aus braunem Papier mit flachen Griffen 32 x 21 x 37 cm pro 250"},"content":{"rendered":"<h2 class=\"p1\">Papiertragetasche<\/h2>\n<hr>\n<h3>Beschreibung unserer Einkaufstasche aus braunem Papier mit flachen Griffen 32 x 21 x 37 cm pro 250<\/h3>\n<p><!--more--><\/p>\n<p data-start=\"343\" data-end=\"743\">Entdecken Sie unsere <strong data-start=\"356\" data-end=\"415\">braune Papiertragetasche mit flachen Griffen 32 x 21 x 37 cm<\/strong>, ein Muss f\u00fcr alle, die in der Gastronomie, im Einzelhandel und im Handwerk t\u00e4tig sind. Die <strong>Tasche<\/strong> ist aus <strong data-start=\"599\" data-end=\"621\">Kraftpapier<\/strong> gefertigt und somit <strong data-start=\"636\" data-end=\"650\">strapazierf\u00e4hig<\/strong>, w\u00e4hrend sie gleichzeitig Ihr Engagement f\u00fcr einen <strong data-start=\"723\" data-end=\"742\">umweltfreundlichen<\/strong> Ansatz bekr\u00e4ftigt.<\/p>\n<p data-start=\"745\" data-end=\"1159\">Mit seinen <strong data-start=\"757\" data-end=\"787\">flachen Griffen<\/strong> bietet er einen bequemen und sicheren Halt, auch wenn die Tasche gut gef\u00fcllt ist. Dank des <strong data-start=\"882\" data-end=\"903\">gro\u00dfen Fassungsverm\u00f6gens<\/strong> k\u00f6nnen <strong data-start=\"936\" data-end=\"952\">Essensdosen<\/strong>, <strong data-start=\"958\" data-end=\"972\">Schalen<\/strong> oder auch <strong data-start=\"988\" data-end=\"1011\">sperrige Artikel<\/strong> problemlos darin verstaut werden, ohne dass die Gefahr besteht, dass sie rei\u00dfen. Sie ist die ideale Tasche f\u00fcr den <strong data-start=\"1066\" data-end=\"1099\">Transport von Essen zum Mitnehmen<\/strong>, <strong data-start=\"1104\" data-end=\"1131\">Backwaren<\/strong> oder \u00c4hnlichem.<\/p>\n<p data-start=\"1161\" data-end=\"1472\">Seine <strong data-start=\"1165\" data-end=\"1189\">nat\u00fcrliche braune Farbe<\/strong> verleiht einen authentischen und warmen Touch und ist perfekt f\u00fcr Gesch\u00e4fte, die ein handwerkliches und umweltfreundliches Image aufwerten m\u00f6chten. Au\u00dferdem ist diese <strong>Papiert\u00fcte<\/strong> <strong data-start=\"1363\" data-end=\"1383\">zu 100 % recycelbar<\/strong> und biologisch abbaubar, was sie zu einer praktischen und nachhaltigen Verpackungsl\u00f6sung macht.<\/p>\n<p data-start=\"1474\" data-end=\"1683\">Au\u00dferdem wird es in einem <strong data-start=\"1484\" data-end=\"1508\">Karton mit 250 St\u00fcck<\/strong> geliefert und garantiert ein hervorragendes <strong data-start=\"1535\" data-end=\"1559\">Preis-Leistungs-Verh\u00e4ltnis<\/strong> und eine <strong data-start=\"1567\" data-end=\"1600\">hohe Alltagstauglichkeit<\/strong>. Er ist leicht zu lagern, schnell aufzufalten und eignet sich f\u00fcr alle beruflichen Zwecke.<\/p>\n<p data-start=\"1685\" data-end=\"1924\">Alles in allem ist die <strong data-start=\"1698\" data-end=\"1722\">braune Tragetasche aus Kraftpapier<\/strong> viel mehr als nur ein Beh\u00e4lter: Sie ist ein <strong data-start=\"1771\" data-end=\"1787\">zuverl\u00e4ssiger Verb\u00fcndeter<\/strong> f\u00fcr Ihren Take-away-Verkauf und Ihre umweltbewussten Verpackungen.<\/p>\n<p data-start=\"1378\" data-end=\"1605\"><!--more--><\/p>\n<h4 data-start=\"1378\" data-end=\"1605\">Vorteile :<\/h4>\n<ul>\n<li data-start=\"2179\" data-end=\"2226\"><strong data-start=\"2179\" data-end=\"2192\">Widerstandsf\u00e4hig<\/strong> dank des dicken Kraftpapiers.<\/li>\n<li data-start=\"2229\" data-end=\"2286\"><strong data-start=\"2229\" data-end=\"2256\">Stabile flache Griffe<\/strong> f\u00fcr einen sicheren Transport.<\/li>\n<li data-start=\"2289\" data-end=\"2362\"><strong data-start=\"2289\" data-end=\"2310\">Gro\u00dfes Fassungsverm\u00f6gen<\/strong>, geeignet f\u00fcr Gerichte, Dosen und sperrige Produkte.<\/li>\n<li data-start=\"2365\" data-end=\"2412\"><strong data-start=\"2365\" data-end=\"2379\">Umweltfreundlich<\/strong>: Diese Papiertragetasche ist recycelbar und biologisch abbaubar.<\/li>\n<li data-start=\"2415\" data-end=\"2472\"><strong data-start=\"2415\" data-end=\"2439\">Nat\u00fcrliche \u00c4sthetik<\/strong> f\u00fcr eine h\u00fcbsche Pr\u00e4sentation.<\/li>\n<li data-start=\"2475\" data-end=\"2541\"><strong data-start=\"2475\" data-end=\"2499\">Wird in 250 Einheiten geliefert<\/strong>: kosteng\u00fcnstig und praktisch f\u00fcr Profis.<\/li>\n<\/ul>\n<p>&nbsp;<\/p>\n<p><!--more--><\/p>\n<h4>Weitere Informationen :<\/h4>\n<ul>\n<li><strong>Verpackung<\/strong>: Karton mit 250 St\u00fcck<\/li>\n<li><strong>Ma\u00dfe<\/strong>: 32 x 21 x 37 (L x B x H in cm)<\/li>\n<li><strong>Material<\/strong>: Papier<\/li>\n<li><strong>Inhalt<\/strong>: 25 L<\/li>\n<li><strong>Gewicht<\/strong>: 80 g\/m\u00b2<\/li>\n<li><strong>Farbe<\/strong>: Kraft<\/li>\n<\/ul>\n<p>&nbsp;<\/p>\n<p><!--more--><\/p>\n<p>Diese Papiertragetasche ist in verschiedenen Gr\u00f6\u00dfen erh\u00e4ltlich: <span style=\"color: #d12727;\"><a style=\"color: #d12727;\" href=\"https:\/\/www.csj-emballages.com\/es\/produit\/250-bolsas-de-la-compra-krafts-marrones-con-asas-planas-18-x-8-x-22-cm\/\">18 x 8 x 22 cm<\/a><\/span> \/ <span style=\"color: #d12727;\"><a style=\"color: #d12727;\" href=\"https:\/\/www.csj-emballages.com\/de\/produit\/250-braune-krafts-tragetaschen-mit-flachen-griffen-22-x-10-x-29-cm\/\">22 x 10 x 29 cm<\/a> <\/span>\/ <span style=\"color: #d12727;\"><a style=\"color: #d12727;\" href=\"https:\/\/www.csj-emballages.com\/de\/produit\/250-braune-krafts-tragetaschen-mit-flachen-griffen-26-x-14-x-30-cm\/\">26 x 14 x 30 cm<\/a><\/span> \/ <span style=\"color: #d12727;\"><a style=\"color: #d12727;\" href=\"https:\/\/www.csj-emballages.com\/de\/produit\/250-braune-krafts-tragetaschen-mit-flachen-griffen-26-x-20-x-28-cm\/\">26 x 20 x 28 cm<\/a><\/span> \/ <span style=\"color: #d12727;\"><a style=\"color: #d12727;\" href=\"https:\/\/www.csj-emballages.com\/de\/produit\/250-kraftsaecke-mit-flachen-griffen-32-x-21-x-26-cm\/\">32 x 22 x 24 cm<\/a> <\/span>\/ <span style=\"color: #d12727;\"><a style=\"color: #d12727;\" href=\"https:\/\/www.csj-emballages.com\/de\/produit\/250-einkaufstaschen-krafts-braun-mit-flachen-griffen-32-x-17-x-38-cm\/\">32 x 16 x 35 cm<\/a> <\/span>\/ <span style=\"color: #d12727;\"><a style=\"color: #d12727;\" href=\"https:\/\/www.csj-emballages.com\/de\/produit\/einkaufstasche-aus-braunem-papier-mit-flachen-griffen-32-x-14-x-44-cm-pro-250\/\">32 x 14 x 44 cm<\/a><\/span><\/p>\n<p>&nbsp;<\/p>\n<p><!--more--><\/p>\n<p><a href=\"https:\/\/www.csj-emballages.com\/de\/categorie-produit\/lebensmittelverpackungen\/boutique-und-geschaft\/sacke-beutel\/schultertaschen-krafts\/einkaufstaschen-krafts\/\">Sehen Sie sich den Rest unseres Sortiments an Kraft-Tragetaschen an<\/a><\/p>\n","protected":false},"excerpt":{"rendered":"<p>Papiertragetasche Beschreibung unserer Einkaufstasche aus braunem Papier mit flachen Griffen 32 x 21 x 37 cm pro 250<\/p>\n","protected":false},"featured_media":251348,"template":"","meta":{"_acf_changed":false},"product_brand":[],"product_cat":[1137,1487,3969,1882,2798],"product_tag":[],"class_list":{"0":"post-251354","1":"product","2":"type-product","3":"status-publish","4":"has-post-thumbnail","6":"product_cat-lebensmittelverpackungen","7":"product_cat-boutique-und-geschaft","8":"product_cat-sacke-beutel","9":"product_cat-schultertaschen-krafts","10":"product_cat-einkaufstaschen-krafts","12":"first","13":"instock","14":"taxable","15":"shipping-taxable","16":"purchasable","17":"product-type-simple"},"acf":[],"yoast_head":"<!-- This site is optimized with the Yoast SEO Premium plugin v26.6 (Yoast SEO v26.6) - https:\/\/yoast.com\/wordpress\/plugins\/seo\/ -->\n<title>Papierkabinentasche Braun mit flachen Griffen 32 x 21 x 37 cm pro 250<\/title>\n<meta name=\"description\" content=\"Braune Papiertragetasche 32 x 21 x 37 cm mit flachen Griffen - Packung zu 250. Strapazierf\u00e4hig und recycelbar, ideal f\u00fcr den Verkauf zum Mitnehmen.\" \/>\n<meta name=\"robots\" content=\"index, follow, max-snippet:-1, max-image-preview:large, max-video-preview:-1\" \/>\n<link rel=\"canonical\" href=\"https:\/\/www.csj-emballages.com\/de\/produit\/einkaufstasche-aus-braunem-papier-mit-flachen-griffen-32-x-21-x-37-cm-pro-250\/\" \/>\n<meta property=\"og:locale\" content=\"de_DE\" \/>\n<meta property=\"og:type\" content=\"article\" \/>\n<meta property=\"og:title\" content=\"Einkaufstasche aus braunem Papier mit flachen Griffen 32 x 21 x 37 cm pro 250\" \/>\n<meta property=\"og:description\" content=\"Braune Papiertragetasche 32 x 21 x 37 cm mit flachen Griffen - Packung zu 250. Strapazierf\u00e4hig und recycelbar, ideal f\u00fcr den Verkauf zum Mitnehmen.\" \/>\n<meta property=\"og:url\" content=\"https:\/\/www.csj-emballages.com\/de\/produit\/einkaufstasche-aus-braunem-papier-mit-flachen-griffen-32-x-21-x-37-cm-pro-250\/\" \/>\n<meta property=\"og:site_name\" content=\"CSJ Emballages\" \/>\n<meta property=\"article:publisher\" content=\"https:\/\/www.facebook.com\/csjemballages\" \/>\n<meta property=\"article:modified_time\" content=\"2026-03-25T01:14:20+00:00\" \/>\n<meta property=\"og:image\" content=\"https:\/\/www.csj-emballages.com\/wp-content\/uploads\/2025\/10\/KF3237.webp\" \/>\n\t<meta property=\"og:image:width\" content=\"800\" \/>\n\t<meta property=\"og:image:height\" content=\"800\" \/>\n\t<meta property=\"og:image:type\" content=\"image\/webp\" \/>\n<meta name=\"twitter:card\" content=\"summary_large_image\" \/>\n<meta name=\"twitter:label1\" content=\"Gesch\u00e4tzte Lesezeit\" \/>\n\t<meta name=\"twitter:data1\" content=\"2 Minuten\" \/>\n<script type=\"application\/ld+json\" class=\"yoast-schema-graph\">{\"@context\":\"https:\/\/schema.org\",\"@graph\":[{\"@type\":\"WebPage\",\"@id\":\"https:\/\/www.csj-emballages.com\/de\/produit\/einkaufstasche-aus-braunem-papier-mit-flachen-griffen-32-x-21-x-37-cm-pro-250\/\",\"url\":\"https:\/\/www.csj-emballages.com\/de\/produit\/einkaufstasche-aus-braunem-papier-mit-flachen-griffen-32-x-21-x-37-cm-pro-250\/\",\"name\":\"Papierkabinentasche Braun mit flachen Griffen 32 x 21 x 37 cm pro 250\",\"isPartOf\":{\"@id\":\"https:\/\/www.csj-emballages.com\/de\/#website\"},\"primaryImageOfPage\":{\"@id\":\"https:\/\/www.csj-emballages.com\/de\/produit\/einkaufstasche-aus-braunem-papier-mit-flachen-griffen-32-x-21-x-37-cm-pro-250\/#primaryimage\"},\"image\":{\"@id\":\"https:\/\/www.csj-emballages.com\/de\/produit\/einkaufstasche-aus-braunem-papier-mit-flachen-griffen-32-x-21-x-37-cm-pro-250\/#primaryimage\"},\"thumbnailUrl\":\"https:\/\/www.csj-emballages.com\/wp-content\/uploads\/2025\/10\/KF3237.webp\",\"datePublished\":\"2025-10-16T14:18:16+00:00\",\"dateModified\":\"2026-03-25T01:14:20+00:00\",\"description\":\"Braune Papiertragetasche 32 x 21 x 37 cm mit flachen Griffen - Packung zu 250. Strapazierf\u00e4hig und recycelbar, ideal f\u00fcr den Verkauf zum Mitnehmen.\",\"breadcrumb\":{\"@id\":\"https:\/\/www.csj-emballages.com\/de\/produit\/einkaufstasche-aus-braunem-papier-mit-flachen-griffen-32-x-21-x-37-cm-pro-250\/#breadcrumb\"},\"inLanguage\":\"de\",\"potentialAction\":[{\"@type\":\"ReadAction\",\"target\":[\"https:\/\/www.csj-emballages.com\/de\/produit\/einkaufstasche-aus-braunem-papier-mit-flachen-griffen-32-x-21-x-37-cm-pro-250\/\"]}]},{\"@type\":\"ImageObject\",\"inLanguage\":\"de\",\"@id\":\"https:\/\/www.csj-emballages.com\/de\/produit\/einkaufstasche-aus-braunem-papier-mit-flachen-griffen-32-x-21-x-37-cm-pro-250\/#primaryimage\",\"url\":\"https:\/\/www.csj-emballages.com\/wp-content\/uploads\/2025\/10\/KF3237.webp\",\"contentUrl\":\"https:\/\/www.csj-emballages.com\/wp-content\/uploads\/2025\/10\/KF3237.webp\",\"width\":800,\"height\":800,\"caption\":\"Sac cabas papier\"},{\"@type\":\"BreadcrumbList\",\"@id\":\"https:\/\/www.csj-emballages.com\/de\/produit\/einkaufstasche-aus-braunem-papier-mit-flachen-griffen-32-x-21-x-37-cm-pro-250\/#breadcrumb\",\"itemListElement\":[{\"@type\":\"ListItem\",\"position\":1,\"name\":\"Accueil\",\"item\":\"https:\/\/www.csj-emballages.com\/de\/universum-lebensmittelverpackungen\/\"},{\"@type\":\"ListItem\",\"position\":2,\"name\":\"Shop\",\"item\":\"https:\/\/www.csj-emballages.com\/shop\/\"},{\"@type\":\"ListItem\",\"position\":3,\"name\":\"Einkaufstasche aus braunem Papier mit flachen Griffen 32 x 21 x 37 cm pro 250\"}]},{\"@type\":\"WebSite\",\"@id\":\"https:\/\/www.csj-emballages.com\/de\/#website\",\"url\":\"https:\/\/www.csj-emballages.com\/de\/\",\"name\":\"CSJ Emballages\",\"description\":\"\",\"publisher\":{\"@id\":\"https:\/\/www.csj-emballages.com\/de\/#organization\"},\"potentialAction\":[{\"@type\":\"SearchAction\",\"target\":{\"@type\":\"EntryPoint\",\"urlTemplate\":\"https:\/\/www.csj-emballages.com\/de\/?s={search_term_string}\"},\"query-input\":{\"@type\":\"PropertyValueSpecification\",\"valueRequired\":true,\"valueName\":\"search_term_string\"}}],\"inLanguage\":\"de\"},{\"@type\":\"Organization\",\"@id\":\"https:\/\/www.csj-emballages.com\/de\/#Organization\/\",\"name\":\"CSJ Emballages\",\"url\":\"https:\/\/www.csj-emballages.com\/de\/\",\"logo\":{\"@type\":\"ImageObject\",\"inLanguage\":\"de\",\"@id\":\"https:\/\/www.csj-emballages.com\/de\/#\/schema\/logo\/image\/\",\"url\":\"https:\/\/www.csj-emballages.com\/wp-content\/uploads\/2023\/10\/logo_csj.webp\",\"contentUrl\":\"https:\/\/www.csj-emballages.com\/wp-content\/uploads\/2023\/10\/logo_csj.webp\",\"width\":250,\"height\":95,\"caption\":\"CSJ Emballages\"},\"image\":{\"@id\":\"https:\/\/www.csj-emballages.com\/de\/#\/schema\/logo\/image\/\"},\"sameAs\":[\"https:\/\/www.facebook.com\/csjemballages\"],\"address\":{\"@type\":\"PostalAddress\",\"streetAddress\":\"ZI La Lechere\",\"addressLocality\":\"Patornay\",\"postalCode\":\"39130\",\"addressCountry\":\"FR\"},\"contactPoint\":[{\"@type\":\"ContactPoint\",\"contactType\":\"Service client\",\"telephone\":\"0384254272\",\"email\":\"contact@csj-emballages.com\"}]}]}<\/script>\n<!-- \/ Yoast SEO Premium plugin. -->","yoast_head_json":{"title":"Papierkabinentasche Braun mit flachen Griffen 32 x 21 x 37 cm pro 250","description":"Braune Papiertragetasche 32 x 21 x 37 cm mit flachen Griffen - Packung zu 250. Strapazierf\u00e4hig und recycelbar, ideal f\u00fcr den Verkauf zum Mitnehmen.","robots":{"index":"index","follow":"follow","max-snippet":"max-snippet:-1","max-image-preview":"max-image-preview:large","max-video-preview":"max-video-preview:-1"},"canonical":"https:\/\/www.csj-emballages.com\/de\/produit\/einkaufstasche-aus-braunem-papier-mit-flachen-griffen-32-x-21-x-37-cm-pro-250\/","og_locale":"de_DE","og_type":"article","og_title":"Einkaufstasche aus braunem Papier mit flachen Griffen 32 x 21 x 37 cm pro 250","og_description":"Braune Papiertragetasche 32 x 21 x 37 cm mit flachen Griffen - Packung zu 250. Strapazierf\u00e4hig und recycelbar, ideal f\u00fcr den Verkauf zum Mitnehmen.","og_url":"https:\/\/www.csj-emballages.com\/de\/produit\/einkaufstasche-aus-braunem-papier-mit-flachen-griffen-32-x-21-x-37-cm-pro-250\/","og_site_name":"CSJ Emballages","article_publisher":"https:\/\/www.facebook.com\/csjemballages","article_modified_time":"2026-03-25T01:14:20+00:00","og_image":[{"width":800,"height":800,"url":"https:\/\/www.csj-emballages.com\/wp-content\/uploads\/2025\/10\/KF3237.webp","type":"image\/webp"}],"twitter_card":"summary_large_image","twitter_misc":{"Gesch\u00e4tzte Lesezeit":"2 Minuten"},"schema":{"@context":"https:\/\/schema.org","@graph":[{"@type":"WebPage","@id":"https:\/\/www.csj-emballages.com\/de\/produit\/einkaufstasche-aus-braunem-papier-mit-flachen-griffen-32-x-21-x-37-cm-pro-250\/","url":"https:\/\/www.csj-emballages.com\/de\/produit\/einkaufstasche-aus-braunem-papier-mit-flachen-griffen-32-x-21-x-37-cm-pro-250\/","name":"Papierkabinentasche Braun mit flachen Griffen 32 x 21 x 37 cm pro 250","isPartOf":{"@id":"https:\/\/www.csj-emballages.com\/de\/#website"},"primaryImageOfPage":{"@id":"https:\/\/www.csj-emballages.com\/de\/produit\/einkaufstasche-aus-braunem-papier-mit-flachen-griffen-32-x-21-x-37-cm-pro-250\/#primaryimage"},"image":{"@id":"https:\/\/www.csj-emballages.com\/de\/produit\/einkaufstasche-aus-braunem-papier-mit-flachen-griffen-32-x-21-x-37-cm-pro-250\/#primaryimage"},"thumbnailUrl":"https:\/\/www.csj-emballages.com\/wp-content\/uploads\/2025\/10\/KF3237.webp","datePublished":"2025-10-16T14:18:16+00:00","dateModified":"2026-03-25T01:14:20+00:00","description":"Braune Papiertragetasche 32 x 21 x 37 cm mit flachen Griffen - Packung zu 250. Strapazierf\u00e4hig und recycelbar, ideal f\u00fcr den Verkauf zum Mitnehmen.","breadcrumb":{"@id":"https:\/\/www.csj-emballages.com\/de\/produit\/einkaufstasche-aus-braunem-papier-mit-flachen-griffen-32-x-21-x-37-cm-pro-250\/#breadcrumb"},"inLanguage":"de","potentialAction":[{"@type":"ReadAction","target":["https:\/\/www.csj-emballages.com\/de\/produit\/einkaufstasche-aus-braunem-papier-mit-flachen-griffen-32-x-21-x-37-cm-pro-250\/"]}]},{"@type":"ImageObject","inLanguage":"de","@id":"https:\/\/www.csj-emballages.com\/de\/produit\/einkaufstasche-aus-braunem-papier-mit-flachen-griffen-32-x-21-x-37-cm-pro-250\/#primaryimage","url":"https:\/\/www.csj-emballages.com\/wp-content\/uploads\/2025\/10\/KF3237.webp","contentUrl":"https:\/\/www.csj-emballages.com\/wp-content\/uploads\/2025\/10\/KF3237.webp","width":800,"height":800,"caption":"Sac cabas papier"},{"@type":"BreadcrumbList","@id":"https:\/\/www.csj-emballages.com\/de\/produit\/einkaufstasche-aus-braunem-papier-mit-flachen-griffen-32-x-21-x-37-cm-pro-250\/#breadcrumb","itemListElement":[{"@type":"ListItem","position":1,"name":"Accueil","item":"https:\/\/www.csj-emballages.com\/de\/universum-lebensmittelverpackungen\/"},{"@type":"ListItem","position":2,"name":"Shop","item":"https:\/\/www.csj-emballages.com\/shop\/"},{"@type":"ListItem","position":3,"name":"Einkaufstasche aus braunem Papier mit flachen Griffen 32 x 21 x 37 cm pro 250"}]},{"@type":"WebSite","@id":"https:\/\/www.csj-emballages.com\/de\/#website","url":"https:\/\/www.csj-emballages.com\/de\/","name":"CSJ Emballages","description":"","publisher":{"@id":"https:\/\/www.csj-emballages.com\/de\/#organization"},"potentialAction":[{"@type":"SearchAction","target":{"@type":"EntryPoint","urlTemplate":"https:\/\/www.csj-emballages.com\/de\/?s={search_term_string}"},"query-input":{"@type":"PropertyValueSpecification","valueRequired":true,"valueName":"search_term_string"}}],"inLanguage":"de"},{"@type":"Organization","@id":"https:\/\/www.csj-emballages.com\/de\/#Organization\/","name":"CSJ Emballages","url":"https:\/\/www.csj-emballages.com\/de\/","logo":{"@type":"ImageObject","inLanguage":"de","@id":"https:\/\/www.csj-emballages.com\/de\/#\/schema\/logo\/image\/","url":"https:\/\/www.csj-emballages.com\/wp-content\/uploads\/2023\/10\/logo_csj.webp","contentUrl":"https:\/\/www.csj-emballages.com\/wp-content\/uploads\/2023\/10\/logo_csj.webp","width":250,"height":95,"caption":"CSJ Emballages"},"image":{"@id":"https:\/\/www.csj-emballages.com\/de\/#\/schema\/logo\/image\/"},"sameAs":["https:\/\/www.facebook.com\/csjemballages"],"address":{"@type":"PostalAddress","streetAddress":"ZI La Lechere","addressLocality":"Patornay","postalCode":"39130","addressCountry":"FR"},"contactPoint":[{"@type":"ContactPoint","contactType":"Service client","telephone":"0384254272","email":"contact@csj-emballages.com"}]}]}},"df_price":61.4,"df_sale_price":"","df_regular_price":61.4,"df_image_link":"https:\/\/www.csj-emballages.com\/wp-content\/uploads\/2025\/10\/KF3237-300x300.webp","tiered_pricing_type":"fixed","tiered_pricing_fixed_rules":[],"tiered_pricing_percentage_rules":[],"tiered_pricing_minimum":1,"tiered_pricing_roles_data":[],"_links":{"self":[{"href":"https:\/\/www.csj-emballages.com\/de\/wp-json\/wp\/v2\/product\/251354","targetHints":{"allow":["GET"]}}],"collection":[{"href":"https:\/\/www.csj-emballages.com\/de\/wp-json\/wp\/v2\/product"}],"about":[{"href":"https:\/\/www.csj-emballages.com\/de\/wp-json\/wp\/v2\/types\/product"}],"wp:featuredmedia":[{"embeddable":true,"href":"https:\/\/www.csj-emballages.com\/de\/wp-json\/wp\/v2\/media\/251348"}],"wp:attachment":[{"href":"https:\/\/www.csj-emballages.com\/de\/wp-json\/wp\/v2\/media?parent=251354"}],"wp:term":[{"taxonomy":"product_brand","embeddable":true,"href":"https:\/\/www.csj-emballages.com\/de\/wp-json\/wp\/v2\/product_brand?post=251354"},{"taxonomy":"product_cat","embeddable":true,"href":"https:\/\/www.csj-emballages.com\/de\/wp-json\/wp\/v2\/product_cat?post=251354"},{"taxonomy":"product_tag","embeddable":true,"href":"https:\/\/www.csj-emballages.com\/de\/wp-json\/wp\/v2\/product_tag?post=251354"}],"curies":[{"name":"wp","href":"https:\/\/api.w.org\/{rel}","templated":true}]}}