{"id":251271,"date":"2025-09-15T09:50:03","date_gmt":"2025-09-15T07:50:03","guid":{"rendered":"https:\/\/www.csj-emballages.com\/produit\/schokoladendose-aus-weissem-karton-145-x-75-x-35-cm-pro-50\/"},"modified":"2026-04-03T02:13:14","modified_gmt":"2026-04-03T00:13:14","slug":"schokoladendose-aus-weissem-karton-145-x-75-x-35-cm-pro-50","status":"publish","type":"product","link":"https:\/\/www.csj-emballages.com\/de\/produit\/schokoladendose-aus-weissem-karton-145-x-75-x-35-cm-pro-50\/","title":{"rendered":"Schokoladendose aus wei\u00dfem Karton 14,5 x 7,5 x 3,5 cm pro 50"},"content":{"rendered":"<h2>Schachtel Schokolade<\/h2>\n<hr>\n<h3>Entdecken Sie unsere Schokoladenschachtel aus wei\u00dfem Karton 14,5 x 7,5 x 3,5 cm \u00e0 50 St\u00fcck<\/h3>\n<p><!--more--><\/p>\n<p data-start=\"389\" data-end=\"701\">Erliegen Sie dem Charme unserer <strong data-start=\"418\" data-end=\"454\">Schokoladenschachtel aus wei\u00dfem Karton<\/strong>. Sie ist die ideale Verpackung, um Ihre kleinen Gourmetkreationen zu veredeln. Diese <strong>Schokoladenschachtel<\/strong> wurde f\u00fcr <strong data-start=\"579\" data-end=\"604\">Chocolatiers<\/strong>, <strong data-start=\"606\" data-end=\"620\">Konditoren<\/strong> oder <strong data-start=\"624\" data-end=\"643\">Feinkostl\u00e4den<\/strong> entworfen. Sie ist elegant, praktisch und stabil.<\/p>\n<p data-start=\"703\" data-end=\"1104\">Mit ihren Ma\u00dfen von <strong data-start=\"726\" data-end=\"749\">14,5 x 7,5 x 3,5 cm<\/strong> bietet sie das perfekte Format f\u00fcr Ihre <strong data-start=\"800\" data-end=\"832\">Pralinen, Pralinen, Tr\u00fcffel<\/strong> oder kleine <strong data-start=\"844\" data-end=\"859\">s\u00fc\u00dfe Lecker<\/strong>eien. Sein <strong data-start=\"872\" data-end=\"892\">schlichtes und raffiniertes<\/strong> Design hebt Ihre Produkte hervor, ohne die Aufmerksamkeit von ihnen abzulenken. Dank der <strong data-start=\"962\" data-end=\"991\">leuchtend wei\u00dfen Farbe<\/strong> hebt sich jede S\u00fc\u00dfe kontrastreich ab und bietet eine moderne und zugleich professionelle Pr\u00e4sentation.<\/p>\n<p data-start=\"1106\" data-end=\"1448\">Diese aus <strong>Karton<\/strong> hergestellte Schachtel ist ein Trumpf, denn sie bietet <strong>Ihren Pralinen einen guten Schutz<\/strong> w\u00e4hrend des Transports und bringt sie dank ihres h\u00fcbschen Designs gleichzeitig zur Geltung. Sie ist au\u00dferdem leicht zu handhaben, was sie zu einem gro\u00dfen Vorteil f\u00fcr <b>Gesch\u00e4ftsleute<\/b> macht, die Zeit sparen und gleichzeitig ein gepflegtes Erscheinungsbild bewahren m\u00f6chten. <\/p>\n<p data-start=\"1705\" data-end=\"1973\">Alles in allem ist diese <strong data-start=\"1721\" data-end=\"1745\">Schokoladenschachtel<\/strong> die perfekte Kombination aus <strong data-start=\"1776\" data-end=\"1812\">\u00c4sthetik und Qualit\u00e4t<\/strong>. Ob f\u00fcr eine Pralinenkollektion, eine Geschenkschachtel oder eine Festtagsvitrine &#8211; sie wertet Ihre Kreationen auf.<\/p>\n<p>&nbsp;<\/p>\n<p><!--more--><\/p>\n<h4>Vorteile :<\/h4>\n<ul>\n<li data-start=\"2017\" data-end=\"2056\">Praktisches Format von <strong>14,5 x 7,5 x 3,5 cm.<\/strong><\/li>\n<li data-start=\"2059\" data-end=\"2085\">Elegantes Design, das Ihre Kreationen hervorhebt.<\/li>\n<li data-start=\"2088\" data-end=\"2116\">Starker, fester Karton.<\/li>\n<li data-start=\"2140\" data-end=\"2184\">Ideal f\u00fcr Pralinen, Tr\u00fcffel und S\u00fc\u00dfigkeiten.<\/li>\n<li data-start=\"2140\" data-end=\"2184\">Deckel mit Lineal f\u00fcr eine bessere Nutzung<\/li>\n<\/ul>\n<p>&nbsp;<\/p>\n<p><!--more--><\/p>\n<h4>Weitere Informationen :<\/h4>\n<ul>\n<li><strong>Verpackung<\/strong>: Packung mit 50 St\u00fcck<\/li>\n<li><strong>Ma\u00dfe<\/strong>: 14,5 x 7,5 x 3,5 cm<\/li>\n<li><strong>Material<\/strong>: Karton \/ PET<\/li>\n<li><strong>Farbe<\/strong>: Wei\u00df \/ Gold<\/li>\n<\/ul>\n<p>&nbsp;<\/p>\n<p><!--more--><\/p>\n<p><a href=\"https:\/\/www.csj-emballages.com\/de\/categorie-produit\/lebensmittelverpackungen\/backerei-und-konditorei\/schachteln-und-etuis\/macarons-schachteln-etuis\/boxen-kasten\/\"><span style=\"text-decoration: underline;\">Sehen Sie sich den Rest unseres Sortiments an Boxen an<\/span><\/a><\/p>\n","protected":false},"excerpt":{"rendered":"<p>Schachtel Schokolade Entdecken Sie unsere Schokoladenschachtel aus wei\u00dfem Karton 14,5 x 7,5 x 3,5 cm \u00e0 50 St\u00fcck<\/p>\n","protected":false},"featured_media":251263,"template":"","meta":{"_acf_changed":false},"product_brand":[],"product_cat":[1137,1171,3964,1728,9899,1265],"product_tag":[],"class_list":{"0":"post-251271","1":"product","2":"type-product","3":"status-publish","4":"has-post-thumbnail","6":"product_cat-lebensmittelverpackungen","7":"product_cat-backerei-und-konditorei","8":"product_cat-schachteln-und-etuis","9":"product_cat-macarons-schachteln-etuis","10":"product_cat-boxen-kasten","11":"product_cat-lagerbestande-promotion","13":"first","14":"instock","15":"sale","16":"taxable","17":"shipping-taxable","18":"purchasable","19":"product-type-simple"},"acf":[],"yoast_head":"<!-- This site is optimized with the Yoast SEO Premium plugin v26.6 (Yoast SEO v26.6) - https:\/\/yoast.com\/wordpress\/plugins\/seo\/ -->\n<title>Schachtel Schokolade Karton Wei\u00df 14,5 x 7,5 x 3,5 cm pro 50<\/title>\n<meta name=\"description\" content=\"Schokoladenschachtel aus wei\u00dfem Karton 14,5 x 7,5 x 3,5 cm - elegant, stabil und recycelbar. Perfekt, um Ihre k\u00f6stlichen Kreationen zu pr\u00e4sentieren und zu sch\u00fctzen.\" \/>\n<meta name=\"robots\" content=\"index, follow, max-snippet:-1, max-image-preview:large, max-video-preview:-1\" \/>\n<link rel=\"canonical\" href=\"https:\/\/www.csj-emballages.com\/de\/produit\/schokoladendose-aus-weissem-karton-145-x-75-x-35-cm-pro-50\/\" \/>\n<meta property=\"og:locale\" content=\"de_DE\" \/>\n<meta property=\"og:type\" content=\"article\" \/>\n<meta property=\"og:title\" content=\"Schokoladendose aus wei\u00dfem Karton 14,5 x 7,5 x 3,5 cm pro 50\" \/>\n<meta property=\"og:description\" content=\"Schokoladenschachtel aus wei\u00dfem Karton 14,5 x 7,5 x 3,5 cm - elegant, stabil und recycelbar. Perfekt, um Ihre k\u00f6stlichen Kreationen zu pr\u00e4sentieren und zu sch\u00fctzen.\" \/>\n<meta property=\"og:url\" content=\"https:\/\/www.csj-emballages.com\/de\/produit\/schokoladendose-aus-weissem-karton-145-x-75-x-35-cm-pro-50\/\" \/>\n<meta property=\"og:site_name\" content=\"CSJ Emballages\" \/>\n<meta property=\"article:publisher\" content=\"https:\/\/www.facebook.com\/csjemballages\" \/>\n<meta property=\"article:modified_time\" content=\"2026-04-03T00:13:14+00:00\" \/>\n<meta property=\"og:image\" content=\"https:\/\/www.csj-emballages.com\/wp-content\/uploads\/2025\/09\/BCHOL-2.webp\" \/>\n\t<meta property=\"og:image:width\" content=\"800\" \/>\n\t<meta property=\"og:image:height\" content=\"800\" \/>\n\t<meta property=\"og:image:type\" content=\"image\/webp\" \/>\n<meta name=\"twitter:card\" content=\"summary_large_image\" \/>\n<meta name=\"twitter:label1\" content=\"Gesch\u00e4tzte Lesezeit\" \/>\n\t<meta name=\"twitter:data1\" content=\"1\u00a0Minute\" \/>\n<script type=\"application\/ld+json\" class=\"yoast-schema-graph\">{\"@context\":\"https:\/\/schema.org\",\"@graph\":[{\"@type\":\"WebPage\",\"@id\":\"https:\/\/www.csj-emballages.com\/de\/produit\/schokoladendose-aus-weissem-karton-145-x-75-x-35-cm-pro-50\/\",\"url\":\"https:\/\/www.csj-emballages.com\/de\/produit\/schokoladendose-aus-weissem-karton-145-x-75-x-35-cm-pro-50\/\",\"name\":\"Schachtel Schokolade Karton Wei\u00df 14,5 x 7,5 x 3,5 cm pro 50\",\"isPartOf\":{\"@id\":\"https:\/\/www.csj-emballages.com\/de\/#website\"},\"primaryImageOfPage\":{\"@id\":\"https:\/\/www.csj-emballages.com\/de\/produit\/schokoladendose-aus-weissem-karton-145-x-75-x-35-cm-pro-50\/#primaryimage\"},\"image\":{\"@id\":\"https:\/\/www.csj-emballages.com\/de\/produit\/schokoladendose-aus-weissem-karton-145-x-75-x-35-cm-pro-50\/#primaryimage\"},\"thumbnailUrl\":\"https:\/\/www.csj-emballages.com\/wp-content\/uploads\/2025\/09\/BCHOL-2.webp\",\"datePublished\":\"2025-09-15T07:50:03+00:00\",\"dateModified\":\"2026-04-03T00:13:14+00:00\",\"description\":\"Schokoladenschachtel aus wei\u00dfem Karton 14,5 x 7,5 x 3,5 cm - elegant, stabil und recycelbar. Perfekt, um Ihre k\u00f6stlichen Kreationen zu pr\u00e4sentieren und zu sch\u00fctzen.\",\"breadcrumb\":{\"@id\":\"https:\/\/www.csj-emballages.com\/de\/produit\/schokoladendose-aus-weissem-karton-145-x-75-x-35-cm-pro-50\/#breadcrumb\"},\"inLanguage\":\"de\",\"potentialAction\":[{\"@type\":\"ReadAction\",\"target\":[\"https:\/\/www.csj-emballages.com\/de\/produit\/schokoladendose-aus-weissem-karton-145-x-75-x-35-cm-pro-50\/\"]}]},{\"@type\":\"ImageObject\",\"inLanguage\":\"de\",\"@id\":\"https:\/\/www.csj-emballages.com\/de\/produit\/schokoladendose-aus-weissem-karton-145-x-75-x-35-cm-pro-50\/#primaryimage\",\"url\":\"https:\/\/www.csj-emballages.com\/wp-content\/uploads\/2025\/09\/BCHOL-2.webp\",\"contentUrl\":\"https:\/\/www.csj-emballages.com\/wp-content\/uploads\/2025\/09\/BCHOL-2.webp\",\"width\":800,\"height\":800,\"caption\":\"Boite chocolat\"},{\"@type\":\"BreadcrumbList\",\"@id\":\"https:\/\/www.csj-emballages.com\/de\/produit\/schokoladendose-aus-weissem-karton-145-x-75-x-35-cm-pro-50\/#breadcrumb\",\"itemListElement\":[{\"@type\":\"ListItem\",\"position\":1,\"name\":\"Accueil\",\"item\":\"https:\/\/www.csj-emballages.com\/de\/universum-lebensmittelverpackungen\/\"},{\"@type\":\"ListItem\",\"position\":2,\"name\":\"Shop\",\"item\":\"https:\/\/www.csj-emballages.com\/shop\/\"},{\"@type\":\"ListItem\",\"position\":3,\"name\":\"Schokoladendose aus wei\u00dfem Karton 14,5 x 7,5 x 3,5 cm pro 50\"}]},{\"@type\":\"WebSite\",\"@id\":\"https:\/\/www.csj-emballages.com\/de\/#website\",\"url\":\"https:\/\/www.csj-emballages.com\/de\/\",\"name\":\"CSJ Emballages\",\"description\":\"\",\"publisher\":{\"@id\":\"https:\/\/www.csj-emballages.com\/de\/#organization\"},\"potentialAction\":[{\"@type\":\"SearchAction\",\"target\":{\"@type\":\"EntryPoint\",\"urlTemplate\":\"https:\/\/www.csj-emballages.com\/de\/?s={search_term_string}\"},\"query-input\":{\"@type\":\"PropertyValueSpecification\",\"valueRequired\":true,\"valueName\":\"search_term_string\"}}],\"inLanguage\":\"de\"},{\"@type\":\"Organization\",\"@id\":\"https:\/\/www.csj-emballages.com\/de\/#Organization\/\",\"name\":\"CSJ Emballages\",\"url\":\"https:\/\/www.csj-emballages.com\/de\/\",\"logo\":{\"@type\":\"ImageObject\",\"inLanguage\":\"de\",\"@id\":\"https:\/\/www.csj-emballages.com\/de\/#\/schema\/logo\/image\/\",\"url\":\"https:\/\/www.csj-emballages.com\/wp-content\/uploads\/2023\/10\/logo_csj.webp\",\"contentUrl\":\"https:\/\/www.csj-emballages.com\/wp-content\/uploads\/2023\/10\/logo_csj.webp\",\"width\":250,\"height\":95,\"caption\":\"CSJ Emballages\"},\"image\":{\"@id\":\"https:\/\/www.csj-emballages.com\/de\/#\/schema\/logo\/image\/\"},\"sameAs\":[\"https:\/\/www.facebook.com\/csjemballages\"],\"address\":{\"@type\":\"PostalAddress\",\"streetAddress\":\"ZI La Lechere\",\"addressLocality\":\"Patornay\",\"postalCode\":\"39130\",\"addressCountry\":\"FR\"},\"contactPoint\":[{\"@type\":\"ContactPoint\",\"contactType\":\"Service client\",\"telephone\":\"0384254272\",\"email\":\"contact@csj-emballages.com\"}]}]}<\/script>\n<!-- \/ Yoast SEO Premium plugin. -->","yoast_head_json":{"title":"Schachtel Schokolade Karton Wei\u00df 14,5 x 7,5 x 3,5 cm pro 50","description":"Schokoladenschachtel aus wei\u00dfem Karton 14,5 x 7,5 x 3,5 cm - elegant, stabil und recycelbar. Perfekt, um Ihre k\u00f6stlichen Kreationen zu pr\u00e4sentieren und zu sch\u00fctzen.","robots":{"index":"index","follow":"follow","max-snippet":"max-snippet:-1","max-image-preview":"max-image-preview:large","max-video-preview":"max-video-preview:-1"},"canonical":"https:\/\/www.csj-emballages.com\/de\/produit\/schokoladendose-aus-weissem-karton-145-x-75-x-35-cm-pro-50\/","og_locale":"de_DE","og_type":"article","og_title":"Schokoladendose aus wei\u00dfem Karton 14,5 x 7,5 x 3,5 cm pro 50","og_description":"Schokoladenschachtel aus wei\u00dfem Karton 14,5 x 7,5 x 3,5 cm - elegant, stabil und recycelbar. Perfekt, um Ihre k\u00f6stlichen Kreationen zu pr\u00e4sentieren und zu sch\u00fctzen.","og_url":"https:\/\/www.csj-emballages.com\/de\/produit\/schokoladendose-aus-weissem-karton-145-x-75-x-35-cm-pro-50\/","og_site_name":"CSJ Emballages","article_publisher":"https:\/\/www.facebook.com\/csjemballages","article_modified_time":"2026-04-03T00:13:14+00:00","og_image":[{"width":800,"height":800,"url":"https:\/\/www.csj-emballages.com\/wp-content\/uploads\/2025\/09\/BCHOL-2.webp","type":"image\/webp"}],"twitter_card":"summary_large_image","twitter_misc":{"Gesch\u00e4tzte Lesezeit":"1\u00a0Minute"},"schema":{"@context":"https:\/\/schema.org","@graph":[{"@type":"WebPage","@id":"https:\/\/www.csj-emballages.com\/de\/produit\/schokoladendose-aus-weissem-karton-145-x-75-x-35-cm-pro-50\/","url":"https:\/\/www.csj-emballages.com\/de\/produit\/schokoladendose-aus-weissem-karton-145-x-75-x-35-cm-pro-50\/","name":"Schachtel Schokolade Karton Wei\u00df 14,5 x 7,5 x 3,5 cm pro 50","isPartOf":{"@id":"https:\/\/www.csj-emballages.com\/de\/#website"},"primaryImageOfPage":{"@id":"https:\/\/www.csj-emballages.com\/de\/produit\/schokoladendose-aus-weissem-karton-145-x-75-x-35-cm-pro-50\/#primaryimage"},"image":{"@id":"https:\/\/www.csj-emballages.com\/de\/produit\/schokoladendose-aus-weissem-karton-145-x-75-x-35-cm-pro-50\/#primaryimage"},"thumbnailUrl":"https:\/\/www.csj-emballages.com\/wp-content\/uploads\/2025\/09\/BCHOL-2.webp","datePublished":"2025-09-15T07:50:03+00:00","dateModified":"2026-04-03T00:13:14+00:00","description":"Schokoladenschachtel aus wei\u00dfem Karton 14,5 x 7,5 x 3,5 cm - elegant, stabil und recycelbar. Perfekt, um Ihre k\u00f6stlichen Kreationen zu pr\u00e4sentieren und zu sch\u00fctzen.","breadcrumb":{"@id":"https:\/\/www.csj-emballages.com\/de\/produit\/schokoladendose-aus-weissem-karton-145-x-75-x-35-cm-pro-50\/#breadcrumb"},"inLanguage":"de","potentialAction":[{"@type":"ReadAction","target":["https:\/\/www.csj-emballages.com\/de\/produit\/schokoladendose-aus-weissem-karton-145-x-75-x-35-cm-pro-50\/"]}]},{"@type":"ImageObject","inLanguage":"de","@id":"https:\/\/www.csj-emballages.com\/de\/produit\/schokoladendose-aus-weissem-karton-145-x-75-x-35-cm-pro-50\/#primaryimage","url":"https:\/\/www.csj-emballages.com\/wp-content\/uploads\/2025\/09\/BCHOL-2.webp","contentUrl":"https:\/\/www.csj-emballages.com\/wp-content\/uploads\/2025\/09\/BCHOL-2.webp","width":800,"height":800,"caption":"Boite chocolat"},{"@type":"BreadcrumbList","@id":"https:\/\/www.csj-emballages.com\/de\/produit\/schokoladendose-aus-weissem-karton-145-x-75-x-35-cm-pro-50\/#breadcrumb","itemListElement":[{"@type":"ListItem","position":1,"name":"Accueil","item":"https:\/\/www.csj-emballages.com\/de\/universum-lebensmittelverpackungen\/"},{"@type":"ListItem","position":2,"name":"Shop","item":"https:\/\/www.csj-emballages.com\/shop\/"},{"@type":"ListItem","position":3,"name":"Schokoladendose aus wei\u00dfem Karton 14,5 x 7,5 x 3,5 cm pro 50"}]},{"@type":"WebSite","@id":"https:\/\/www.csj-emballages.com\/de\/#website","url":"https:\/\/www.csj-emballages.com\/de\/","name":"CSJ Emballages","description":"","publisher":{"@id":"https:\/\/www.csj-emballages.com\/de\/#organization"},"potentialAction":[{"@type":"SearchAction","target":{"@type":"EntryPoint","urlTemplate":"https:\/\/www.csj-emballages.com\/de\/?s={search_term_string}"},"query-input":{"@type":"PropertyValueSpecification","valueRequired":true,"valueName":"search_term_string"}}],"inLanguage":"de"},{"@type":"Organization","@id":"https:\/\/www.csj-emballages.com\/de\/#Organization\/","name":"CSJ Emballages","url":"https:\/\/www.csj-emballages.com\/de\/","logo":{"@type":"ImageObject","inLanguage":"de","@id":"https:\/\/www.csj-emballages.com\/de\/#\/schema\/logo\/image\/","url":"https:\/\/www.csj-emballages.com\/wp-content\/uploads\/2023\/10\/logo_csj.webp","contentUrl":"https:\/\/www.csj-emballages.com\/wp-content\/uploads\/2023\/10\/logo_csj.webp","width":250,"height":95,"caption":"CSJ Emballages"},"image":{"@id":"https:\/\/www.csj-emballages.com\/de\/#\/schema\/logo\/image\/"},"sameAs":["https:\/\/www.facebook.com\/csjemballages"],"address":{"@type":"PostalAddress","streetAddress":"ZI La Lechere","addressLocality":"Patornay","postalCode":"39130","addressCountry":"FR"},"contactPoint":[{"@type":"ContactPoint","contactType":"Service client","telephone":"0384254272","email":"contact@csj-emballages.com"}]}]}},"df_price":84.25,"df_sale_price":84.25,"df_regular_price":108.31,"df_image_link":"https:\/\/www.csj-emballages.com\/wp-content\/uploads\/2025\/09\/BCHOL-2-300x300.webp","tiered_pricing_type":"fixed","tiered_pricing_fixed_rules":[],"tiered_pricing_percentage_rules":[],"tiered_pricing_minimum":1,"tiered_pricing_roles_data":[],"_links":{"self":[{"href":"https:\/\/www.csj-emballages.com\/de\/wp-json\/wp\/v2\/product\/251271","targetHints":{"allow":["GET"]}}],"collection":[{"href":"https:\/\/www.csj-emballages.com\/de\/wp-json\/wp\/v2\/product"}],"about":[{"href":"https:\/\/www.csj-emballages.com\/de\/wp-json\/wp\/v2\/types\/product"}],"wp:featuredmedia":[{"embeddable":true,"href":"https:\/\/www.csj-emballages.com\/de\/wp-json\/wp\/v2\/media\/251263"}],"wp:attachment":[{"href":"https:\/\/www.csj-emballages.com\/de\/wp-json\/wp\/v2\/media?parent=251271"}],"wp:term":[{"taxonomy":"product_brand","embeddable":true,"href":"https:\/\/www.csj-emballages.com\/de\/wp-json\/wp\/v2\/product_brand?post=251271"},{"taxonomy":"product_cat","embeddable":true,"href":"https:\/\/www.csj-emballages.com\/de\/wp-json\/wp\/v2\/product_cat?post=251271"},{"taxonomy":"product_tag","embeddable":true,"href":"https:\/\/www.csj-emballages.com\/de\/wp-json\/wp\/v2\/product_tag?post=251271"}],"curies":[{"name":"wp","href":"https:\/\/api.w.org\/{rel}","templated":true}]}}